{"id":18831,"date":"2019-09-05T16:54:08","date_gmt":"2019-09-05T14:54:08","guid":{"rendered":"https:\/\/www.ferrovial.com\/?page_id=18831"},"modified":"2023-02-02T13:50:14","modified_gmt":"2023-02-02T12:50:14","slug":"huella-carbono","status":"publish","type":"page","link":"https:\/\/www.ferrovial.com\/es\/recursos\/huella-carbono\/","title":{"rendered":"\u00bfQu\u00e9 es la huella de carbono?"},"content":{"rendered":"    <m-final-content-header bgimage='https:\/\/static.ferrovial.com\/wp-content\/uploads\/2019\/11\/13133045\/edar_bens_ferrovial_huella_carbono-e1573034686858-971x720.jpg'>\n            <c-breadcrumb label-text=\"Breadcrumb\" slot=\"breadcrumbs\" type='2' align='left' wrap='wrapped wrapped' aria-label='Vienes de Recursos'>\n                        <ol>\n\n                                                            <li><a href=\"https:\/\/www.ferrovial.com\/es\/\" title=\"Ferrovial\">Ferrovial<\/a><\/li>\n                                                                        <li><a href=\"https:\/\/www.ferrovial.com\/es\/recursos\/\" title=\"Recursos\">Recursos<\/a><\/li>\n                                    \n                <\/ol>\n\n                <\/c-breadcrumb>\n    \n        <div slot=\"header\">\n            <h1>\n                La huella de carbono            <\/h1>\n                    <\/div>\n    <\/m-final-content-header>\n\n    \n\n\n<p><script type=\"application\/ld+json\">\n{\n  \"@context\": \"https:\/\/schema.org\",\n  \"@type\": \"FAQPage\",\n  \"mainEntity\": [{\n    \"@type\": \"Question\",\n    \"name\": \"\u00bfQu\u00e9 es la huella de carbono?\",\n    \"acceptedAnswer\": {\n      \"@type\": \"Answer\",\n      \"text\": \"Es el indicador ambiental que refleja la cantidad de gases de efecto invernadero que genera una actividad. Recoge, a trav\u00e9s de tablas de conversi\u00f3n, las emisiones de CO2 y aquellos impactos actualizables a CO2eq. Ocurre de forma directa con otros GEI: el mon\u00f3xido de carbono (CO), los \u00f3xidos de nitr\u00f3geno (NOx), o los compuestos org\u00e1nicos vol\u00e1tiles (COVNM) derivados del metano (CH4).\"\n    }\n  },{\n    \"@type\": \"Question\",\n    \"name\": \"\u00bfPara qu\u00e9 sirve?\",\n    \"acceptedAnswer\": {\n      \"@type\": \"Answer\",\n      \"text\": \"La unidad de medici\u00f3n m\u00e1s usada es la tonelada equivalente de di\u00f3xido de carbono, o tCO2eq, que refleja el impacto atmosf\u00e9rico en el aire de actividades que no tienen por qu\u00e9 liberar esta mol\u00e9cula a la atm\u00f3sfera. El objetivo conjunto de la industria, orientado hacia el Plan 2030 y una econom\u00eda circular descarbonizada, es la reducci\u00f3n del CO2 y, por lo tanto, la reducci\u00f3n de la huella de carbono.\"\n    }\n  }]\n}\n<\/script><\/p>\n\n\n\n<m-wysiwig class=\"wp-block-components-wysiwyg\"><div slot=\"maincontent\">\n<h2 class=\"wp-block-heading\">\u00bfQu\u00e9 es la huella de carbono?<\/h2>\n\n\n\n<p>Es el indicador ambiental que refleja la cantidad de gases de efecto invernadero que genera una actividad. Recoge, a trav\u00e9s de tablas de conversi\u00f3n, las emisiones de CO<sub>2<\/sub> y aquellos impactos actualizables a CO<sub>2eq<\/sub>. Ocurre de forma directa con otros GEI: el mon\u00f3xido de carbono (CO), los \u00f3xidos de nitr\u00f3geno (NO<sub>x<\/sub>), o los compuestos org\u00e1nicos vol\u00e1tiles (COVNM) derivados del metano (CH<sub>4<\/sub>).<\/p>\n\n\n\n<h2 class=\"wp-block-heading\">\u00bfPara qu\u00e9 sirve?<\/h2>\n\n\n\n<p>La unidad de medici\u00f3n m\u00e1s usada es la <strong>tonelada equivalente de di\u00f3xido de carbono<\/strong>, o tCO<sub>2eq<\/sub>, que refleja el impacto atmosf\u00e9rico en el aire de actividades que no tienen por qu\u00e9 liberar esta mol\u00e9cula a la atm\u00f3sfera. El objetivo conjunto de la industria, orientado hacia el Plan 2030 y una econom\u00eda circular descarbonizada, es la <a href=\"https:\/\/www.ferrovial.com\/es\/sostenibilidad\/medio-ambiente\/huella-carbono\/reduccion-emisiones\/\">reducci\u00f3n del CO<sub>2<\/sub><\/a> y, por lo tanto, la reducci\u00f3n de la huella de carbono.<\/p>\n\n\n\n<p>Desde 2009 auditamos la totalidad de emisiones de gases de efecto invernadero, transform\u00e1ndolas a tCO<sub>2eq<\/sub>, a trav\u00e9s de diferentes marcadores seg\u00fan la actividad en los que se mida el GEI: <a href=\"https:\/\/www.ferrovial.com\/es\/sostenibilidad\/medio-ambiente\/huella-carbono\/reduccion-emisiones\/gei-1-2\/\">Scope 1 y 2<\/a> para nuestra actividad directa y <a href=\"https:\/\/www.ferrovial.com\/es-es\/sostenibilidad\/medio-ambiente\/huella-carbono\/reduccion-emisiones\/gei-3\/\">Scope 3<\/a> para aquellas derivadas de la cadena de valor:<\/p>\n\n\n\n<ul class=\"wp-block-list\"><li><strong>Scope 1. Emisiones directas<\/strong>: son aquellas emisiones de fuentes controladas por la empresa. Proceden de la combusti\u00f3n de combustibles en equipos estacionarios, las emisiones difusas como el biog\u00e1s de vertedero, las emisiones canalizadas o las fugitivas (refrigerantes).<\/li><li><strong>Scope 2. Emisiones indirectas<\/strong>: son consecuencia del consumo de electricidad comprada a otras empresas que la producen o controlan. Cada a\u00f1o aumentamos la cuota de energ\u00eda de origen 100% renovable para disminuir esta variable.<\/li><li><strong>Scope 3. Cadena de valor<\/strong>: son las emisiones derivadas del transporte y la distribuci\u00f3n o del proceso de venta. Para calcularlas se siguen las pautas recogidas en el Corporate Value Chain Accounting and Reporting Standard, publicado por GHG Protocol.<\/li><\/ul>\n\n\n\n<p>La suma de los diferentes Scope 1&amp;2&amp;3 da lugar a la huella de carbono total de la compa\u00f1\u00eda.<\/p>\n<\/div><\/m-wysiwig>\n","protected":false},"excerpt":{"rendered":"","protected":false},"featured_media":0,"parent":25267,"menu_order":0,"comment_status":"closed","ping_status":"closed","template":"","meta":{"_acf_changed":false,"footnotes":""},"class_list":["post-18831","page","type-page","status-publish","hentry"],"acf":[],"yoast_head":"<!-- This site is optimized with the Yoast SEO plugin v27.2 - https:\/\/yoast.com\/product\/yoast-seo-wordpress\/ -->\n<title>Qu\u00e9 es la huella de carbono y para qu\u00e9 sirve - Ferrovial<\/title>\n<meta name=\"description\" content=\"La huella de carbono es una medida del impacto que provocan nuestras actividades en el medioambiente y se calcula seg\u00fan la cantidad de emisiones de gases que ...\" \/>\n<meta name=\"robots\" content=\"index, follow, max-snippet:-1, max-image-preview:large, max-video-preview:-1\" \/>\n<link rel=\"canonical\" href=\"https:\/\/www.ferrovial.com\/es\/recursos\/huella-carbono\/\" \/>\n<meta property=\"og:locale\" content=\"es_ES\" \/>\n<meta property=\"og:type\" content=\"article\" \/>\n<meta property=\"og:title\" content=\"Qu\u00e9 es la huella de carbono y para qu\u00e9 sirve - Ferrovial\" \/>\n<meta property=\"og:description\" content=\"La huella de carbono es una medida del impacto que provocan nuestras actividades en el medioambiente y se calcula seg\u00fan la cantidad de emisiones de gases que ...\" \/>\n<meta property=\"og:url\" content=\"https:\/\/www.ferrovial.com\/es\/recursos\/huella-carbono\/\" \/>\n<meta property=\"og:site_name\" content=\"Ferrovial\" \/>\n<meta property=\"article:publisher\" content=\"https:\/\/www.facebook.com\/ferrovial\" \/>\n<meta property=\"article:modified_time\" content=\"2023-02-02T12:50:14+00:00\" \/>\n<meta name=\"twitter:card\" content=\"summary_large_image\" \/>\n<meta name=\"twitter:site\" content=\"@ferrovial\" \/>\n<meta name=\"twitter:label1\" content=\"Est. reading time\" \/>\n\t<meta name=\"twitter:data1\" content=\"3 minutos\" \/>\n<!-- \/ Yoast SEO plugin. -->","yoast_head_json":{"title":"Qu\u00e9 es la huella de carbono y para qu\u00e9 sirve - Ferrovial","description":"La huella de carbono es una medida del impacto que provocan nuestras actividades en el medioambiente y se calcula seg\u00fan la cantidad de emisiones de gases que ...","robots":{"index":"index","follow":"follow","max-snippet":"max-snippet:-1","max-image-preview":"max-image-preview:large","max-video-preview":"max-video-preview:-1"},"canonical":"https:\/\/www.ferrovial.com\/es\/recursos\/huella-carbono\/","og_locale":"es_ES","og_type":"article","og_title":"Qu\u00e9 es la huella de carbono y para qu\u00e9 sirve - Ferrovial","og_description":"La huella de carbono es una medida del impacto que provocan nuestras actividades en el medioambiente y se calcula seg\u00fan la cantidad de emisiones de gases que ...","og_url":"https:\/\/www.ferrovial.com\/es\/recursos\/huella-carbono\/","og_site_name":"Ferrovial","article_publisher":"https:\/\/www.facebook.com\/ferrovial","article_modified_time":"2023-02-02T12:50:14+00:00","twitter_card":"summary_large_image","twitter_site":"@ferrovial","twitter_misc":{"Est. reading time":"3 minutos"},"schema":{"@context":"https:\/\/schema.org","@graph":[{"@type":"WebPage","@id":"https:\/\/www.ferrovial.com\/es\/recursos\/huella-carbono\/","url":"https:\/\/www.ferrovial.com\/es\/recursos\/huella-carbono\/","name":"Qu\u00e9 es la huella de carbono y para qu\u00e9 sirve - Ferrovial","isPartOf":{"@id":"https:\/\/www.ferrovial.com\/es\/#website"},"datePublished":"2019-09-05T14:54:08+00:00","dateModified":"2023-02-02T12:50:14+00:00","description":"La huella de carbono es una medida del impacto que provocan nuestras actividades en el medioambiente y se calcula seg\u00fan la cantidad de emisiones de gases que ...","breadcrumb":{"@id":"https:\/\/www.ferrovial.com\/es\/recursos\/huella-carbono\/#breadcrumb"},"inLanguage":"es","potentialAction":[{"@type":"ReadAction","target":["https:\/\/www.ferrovial.com\/es\/recursos\/huella-carbono\/"]}]},{"@type":"BreadcrumbList","@id":"https:\/\/www.ferrovial.com\/es\/recursos\/huella-carbono\/#breadcrumb","itemListElement":[{"@type":"ListItem","position":1,"name":"Portada","item":"https:\/\/www.ferrovial.com\/es\/"},{"@type":"ListItem","position":2,"name":"Recursos","item":"https:\/\/www.ferrovial.com\/es\/recursos\/"},{"@type":"ListItem","position":3,"name":"\u00bfQu\u00e9 es la huella de carbono?"}]},{"@type":"WebSite","@id":"https:\/\/www.ferrovial.com\/es\/#website","url":"https:\/\/www.ferrovial.com\/es\/","name":"Ferrovial","description":"Welcome to the Ferrovial&#039;s website, global operator of sustainable infrastructure. Here you can find all the information about the company and subsidiaries.","publisher":{"@id":"https:\/\/www.ferrovial.com\/es\/#organization"},"potentialAction":[{"@type":"SearchAction","target":{"@type":"EntryPoint","urlTemplate":"https:\/\/www.ferrovial.com\/es\/?s={search_term_string}"},"query-input":{"@type":"PropertyValueSpecification","valueRequired":true,"valueName":"search_term_string"}}],"inLanguage":"es"},{"@type":"Organization","@id":"https:\/\/www.ferrovial.com\/es\/#organization","name":"Ferrovial S.A.","url":"https:\/\/www.ferrovial.com\/es\/","logo":{"@type":"ImageObject","inLanguage":"es","@id":"https:\/\/www.ferrovial.com\/es\/#\/schema\/logo\/image\/","url":"https:\/\/static.ferrovial.com\/wp-content\/uploads\/2020\/01\/13124948\/logo-ferrovial-cf7.png","contentUrl":"https:\/\/static.ferrovial.com\/wp-content\/uploads\/2020\/01\/13124948\/logo-ferrovial-cf7.png","width":144,"height":32,"caption":"Ferrovial S.A."},"image":{"@id":"https:\/\/www.ferrovial.com\/es\/#\/schema\/logo\/image\/"},"sameAs":["https:\/\/www.facebook.com\/ferrovial","https:\/\/x.com\/ferrovial","https:\/\/www.instagram.com\/ferrovial\/","https:\/\/www.linkedin.com\/company\/ferrovial","https:\/\/www.pinterest.es\/ferrovial\/","https:\/\/www.youtube.com\/ferrovial","https:\/\/en.wikipedia.org\/wiki\/Ferrovial"]}]}},"_links":{"self":[{"href":"https:\/\/www.ferrovial.com\/es\/wp-json\/wp\/v2\/pages\/18831","targetHints":{"allow":["GET"]}}],"collection":[{"href":"https:\/\/www.ferrovial.com\/es\/wp-json\/wp\/v2\/pages"}],"about":[{"href":"https:\/\/www.ferrovial.com\/es\/wp-json\/wp\/v2\/types\/page"}],"replies":[{"embeddable":true,"href":"https:\/\/www.ferrovial.com\/es\/wp-json\/wp\/v2\/comments?post=18831"}],"version-history":[{"count":3,"href":"https:\/\/www.ferrovial.com\/es\/wp-json\/wp\/v2\/pages\/18831\/revisions"}],"predecessor-version":[{"id":253988,"href":"https:\/\/www.ferrovial.com\/es\/wp-json\/wp\/v2\/pages\/18831\/revisions\/253988"}],"up":[{"embeddable":true,"href":"https:\/\/www.ferrovial.com\/es\/wp-json\/wp\/v2\/pages\/25267"}],"wp:attachment":[{"href":"https:\/\/www.ferrovial.com\/es\/wp-json\/wp\/v2\/media?parent=18831"}],"curies":[{"name":"wp","href":"https:\/\/api.w.org\/{rel}","templated":true}]}}