{"id":188357,"date":"2021-03-03T10:55:49","date_gmt":"2021-03-03T09:55:49","guid":{"rendered":"https:\/\/www.ferrovial.com\/?page_id=188357"},"modified":"2023-01-03T11:59:18","modified_gmt":"2023-01-03T10:59:18","slug":"vehiculos-autonomos","status":"publish","type":"page","link":"https:\/\/www.ferrovial.com\/es\/foresight\/escenarios\/vehiculos-autonomos\/","title":{"rendered":"Veh\u00edculos Aut\u00f3nomos &#8211; Foresight"},"content":{"rendered":"\n    <m-hero-form bg='https:\/\/static.ferrovial.com\/wp-content\/uploads\/2021\/10\/15112240\/aivia-renders-orchestrated-connected-corridors.jpg' type='bgYellowImg'>\n                    <h2 slot=\"title\">\n                Rellena el formulario para descubrir el futuro de los veh\u00edculos            <\/h2>\n        \n        \n                    <div slot=\"inputs\">\n                \n<div class=\"wpcf7 no-js\" id=\"wpcf7-f245048-o1\" lang=\"es-ES\" dir=\"ltr\" data-wpcf7-id=\"245048\">\n<div class=\"screen-reader-response\"><p role=\"status\" aria-live=\"polite\" aria-atomic=\"true\"><\/p> <ul><\/ul><\/div>\n<form action=\"\/es\/wp-json\/wp\/v2\/pages\/188357#wpcf7-f245048-o1\" method=\"post\" class=\"wpcf7-form init\" aria-label=\"Formulario de contacto\" novalidate=\"novalidate\" data-status=\"init\">\n<fieldset class=\"hidden-fields-container\"><input type=\"hidden\" name=\"_wpcf7\" value=\"245048\" \/><input type=\"hidden\" name=\"_wpcf7_version\" value=\"6.1.3\" \/><input type=\"hidden\" name=\"_wpcf7_locale\" value=\"es_ES\" \/><input type=\"hidden\" name=\"_wpcf7_unit_tag\" value=\"wpcf7-f245048-o1\" \/><input type=\"hidden\" name=\"_wpcf7_container_post\" value=\"0\" \/><input type=\"hidden\" name=\"_wpcf7_posted_data_hash\" value=\"\" \/><input type=\"hidden\" name=\"_wpcf7_recaptcha_response\" value=\"\" \/>\n<\/fieldset>\n<p>Los datos obligatorios est\u00e1n marcados con asterisco (*)\n<\/p>\n<p><label>Nombre y apellidos*<br \/>\n<span class=\"wpcf7-form-control-wrap\" data-name=\"sm-name\"><input size=\"40\" maxlength=\"400\" class=\"wpcf7-form-control wpcf7-text wpcf7-validates-as-required input-long\" aria-required=\"true\" aria-invalid=\"false\" placeholder=\"\" value=\"\" type=\"text\" name=\"sm-name\" \/><\/span><\/label>\n<\/p>\n<p><label>Cargo *<br \/>\n<span class=\"wpcf7-form-control-wrap\" data-name=\"sm-properties1\"><input size=\"40\" maxlength=\"400\" class=\"wpcf7-form-control wpcf7-text wpcf7-validates-as-required input-long\" aria-required=\"true\" aria-invalid=\"false\" placeholder=\"\" value=\"\" type=\"text\" name=\"sm-properties1\" \/><\/span><\/label>\n<\/p>\n<p><label>Empresa *<br \/>\n<span class=\"wpcf7-form-control-wrap\" data-name=\"sm-company\"><input size=\"40\" maxlength=\"400\" class=\"wpcf7-form-control wpcf7-text wpcf7-validates-as-required input-long\" aria-required=\"true\" aria-invalid=\"false\" placeholder=\"\" value=\"\" type=\"text\" name=\"sm-company\" \/><\/span><\/label>\n<\/p>\n<p><label>E-mail *<br \/>\n<span class=\"wpcf7-form-control-wrap\" data-name=\"sm-email\"><input size=\"40\" maxlength=\"400\" class=\"wpcf7-form-control wpcf7-email wpcf7-validates-as-required wpcf7-text wpcf7-validates-as-email input-long\" aria-required=\"true\" aria-invalid=\"false\" placeholder=\"\" value=\"\" type=\"email\" name=\"sm-email\" \/><\/span><\/label>\n<\/p>\n<p>Este sitio est\u00e1 protegido por reCAPTCHA y se aplican la Pol\u00edtica de privacidad y las Condiciones de servicio de Google.\n<\/p>\n<p class=\"m-form-checkbox\"><span class=\"wpcf7-form-control-wrap\" data-name=\"sm-optin\"><span class=\"wpcf7-form-control wpcf7-acceptance\"><span class=\"wpcf7-list-item\"><label><input type=\"checkbox\" name=\"sm-optin\" value=\"1\" aria-invalid=\"false\" \/><span class=\"wpcf7-list-item-label\">Autorizo a Ferrovial Corporaci\u00f3n, S.A.U para que procese mis datos personales con el fin de recibir comunicaciones comerciales relacionadas con la innovaci\u00f3n. Puedes retirar tu consentimiento en cualquier momento. Encontrar\u00e1s m\u00e1s detalles sobre c\u00f3mo se procesan tus datos personales y c\u00f3mo ejercer tus derechos de protecci\u00f3n de datos en la <a href=\"https:\/\/www.ferrovial.com\/es\/politica-de-privacidad\/\">Pol\u00edtica de privacidad de Ferrovial<\/a>.<\/span><\/label><\/span><\/span><\/span>\n<\/p>\n<p><input class=\"wpcf7-form-control wpcf7-submit has-spinner\" type=\"submit\" value=\"Enviar\" \/>\n<\/p><div class=\"wpcf7-response-output\" aria-hidden=\"true\"><\/div>\n<\/form>\n<\/div>\n            <\/div>\n            <\/m-hero-form>\n\n    \n\n\n<m-wysiwig class=\"wp-block-components-wysiwyg\"><div slot=\"maincontent\">\n<p><\/p>\n\n\n\n<p><\/p>\n\n\n\n<p><\/p>\n\n\n\n<h2 class=\"wp-block-heading\"><strong><strong>\u00bfC\u00f3mo ser\u00e1 la llegada de los veh\u00edculos aut\u00f3nomos?<\/strong><\/strong><\/h2>\n\n\n\n<ul class=\"wp-block-list\"><li>La llegada de los CAVs abre un mercado de billones de d\u00f3lares por explotar<\/li><li>Estamos buscando compa\u00f1eros con los que explorar este panorama de negocio. A nosotros nos encanta anticiparnos al futuro, \u00bfy a ti?<\/li><\/ul>\n\n\n\n<p>La industria de la automoci\u00f3n, dentro del ecosistema de la movilidad, est\u00e1 experimentando una extraordinaria transformaci\u00f3n para adaptarse a un nuevo modelo de conectividad, autonom\u00eda, electrificaci\u00f3n y uso compartido. Una combinaci\u00f3n de tendencias tecnol\u00f3gicas, de mercado y de consumo que est\u00e1n transformando el sector y acelerando el cambio.<\/p>\n\n\n\n<p>La aparici\u00f3n del veh\u00edculo aut\u00f3nomo y conectado tiene el potencial de revolucionar la forma en la que nos moveremos y se realice el transporte de mercanc\u00edas. Los propios veh\u00edculos tendr\u00e1n un aspecto completamente distinto a como los conocemos hoy.<\/p>\n\n\n\n<p>Para responder a estas preguntas hemos trabajado con diferentes colaboradores este reporte que os invitamos a descargar.<\/p>\n<\/div><\/m-wysiwig>\n\n\n\n<m-wysiwig class=\"wp-block-components-wysiwyg\"><div slot=\"maincontent\">\n<figure class=\"wp-block-image size-full\"><img v-lazy=\"'https:\/\/static.ferrovial.com\/wp-content\/uploads\/2021\/09\/01124128\/portada-cavs-what-if-report.png'\" alt=\"Portada_CAVs_What_If_Report\" class=\"wp-image-203406\"\/><\/figure>\n\n\n\n<h2 class=\"wp-block-heading\"><strong><strong>La conectividad, autonom\u00eda y su uso en veh\u00edculos<\/strong><\/strong><\/h2>\n\n\n\n<p>La conectividad es la capacidad de los veh\u00edculos para comunicarse e intercambiar informaci\u00f3n con otros sistemas externos al coche, incluidos los otros veh\u00edculos, la infraestructura, la nube e incluso los peatones. La autonom\u00eda se refiere a aquellos veh\u00edculos (incluidos coches, camiones, lanzaderas u otros medios de transporte) que son capaces de conducir desde un punto inicial hasta un destino predeterminado en modo &#171;piloto autom\u00e1tico&#187; utilizando diversas tecnolog\u00edas y sensores a bordo del veh\u00edculo con diferentes grados de independencia.En los \u00faltimos a\u00f1os, hemos asistido a un importante progreso tecnol\u00f3gico y a una inversi\u00f3n sin precedentes en el desarrollo de los CAV (Connected Autonomous Vehicles), y algunos veh\u00edculos con funcionalidades aut\u00f3nomas de nivel 3 ya est\u00e1n empezando a aparecer en el mercado.<\/p>\n\n\n\n<h2 class=\"wp-block-heading\"><strong><strong>Retos y oportunidades a los que se enfrenta el ecosistema de los veh\u00edculos conectados<\/strong><\/strong><\/h2>\n\n\n\n<ul class=\"wp-block-list\"><li>Desarrollo de la tecnolog\u00eda aut\u00f3noma<\/li><li>Nuevas necesidades de las infraestructuras<\/li><li>Electrificaci\u00f3n de los coches<\/li><li>Crecimiento de la movilidad y la econom\u00eda compartida<\/li><li>Cambio en las preferencias de movilidad<\/li><li>Complejo panorama competitivo<\/li><li>Evoluci\u00f3n din\u00e1mica del mercado<\/li><\/ul>\n<\/div><\/m-wysiwig>\n","protected":false},"excerpt":{"rendered":"","protected":false},"featured_media":0,"parent":174390,"menu_order":0,"comment_status":"closed","ping_status":"closed","template":"","meta":{"_acf_changed":false,"footnotes":""},"class_list":["post-188357","page","type-page","status-publish","hentry"],"acf":[],"yoast_head":"<!-- This site is optimized with the Yoast SEO plugin v27.2 - https:\/\/yoast.com\/product\/yoast-seo-wordpress\/ -->\n<title>Veh\u00edculos Aut\u00f3nomos - Foresight - Ferrovial<\/title>\n<meta name=\"description\" content=\"Welcome to the Ferrovial&#039;s website, global operator of sustainable infrastructure. Here you can find all the information about the company and subsidiaries.\" \/>\n<meta name=\"robots\" content=\"index, follow, max-snippet:-1, max-image-preview:large, max-video-preview:-1\" \/>\n<link rel=\"canonical\" href=\"https:\/\/www.ferrovial.com\/es\/foresight\/escenarios\/vehiculos-autonomos\/\" \/>\n<meta property=\"og:locale\" content=\"es_ES\" \/>\n<meta property=\"og:type\" content=\"article\" \/>\n<meta property=\"og:title\" content=\"Veh\u00edculos Aut\u00f3nomos - Foresight - Ferrovial\" \/>\n<meta property=\"og:description\" content=\"Welcome to the Ferrovial&#039;s website, global operator of sustainable infrastructure. Here you can find all the information about the company and subsidiaries.\" \/>\n<meta property=\"og:url\" content=\"https:\/\/www.ferrovial.com\/es\/foresight\/escenarios\/vehiculos-autonomos\/\" \/>\n<meta property=\"og:site_name\" content=\"Ferrovial\" \/>\n<meta property=\"article:publisher\" content=\"https:\/\/www.facebook.com\/ferrovial\" \/>\n<meta property=\"article:modified_time\" content=\"2023-01-03T10:59:18+00:00\" \/>\n<meta property=\"og:image\" content=\"https:\/\/www.ferrovial.com\/wp-content\/uploads\/2021\/09\/portada-cavs-what-if-report.png\" \/>\n<meta name=\"twitter:card\" content=\"summary_large_image\" \/>\n<meta name=\"twitter:site\" content=\"@ferrovial\" \/>\n<meta name=\"twitter:label1\" content=\"Est. reading time\" \/>\n\t<meta name=\"twitter:data1\" content=\"2 minutos\" \/>\n<!-- \/ Yoast SEO plugin. -->","yoast_head_json":{"title":"Veh\u00edculos Aut\u00f3nomos - Foresight - Ferrovial","description":"Welcome to the Ferrovial's website, global operator of sustainable infrastructure. Here you can find all the information about the company and subsidiaries.","robots":{"index":"index","follow":"follow","max-snippet":"max-snippet:-1","max-image-preview":"max-image-preview:large","max-video-preview":"max-video-preview:-1"},"canonical":"https:\/\/www.ferrovial.com\/es\/foresight\/escenarios\/vehiculos-autonomos\/","og_locale":"es_ES","og_type":"article","og_title":"Veh\u00edculos Aut\u00f3nomos - Foresight - Ferrovial","og_description":"Welcome to the Ferrovial's website, global operator of sustainable infrastructure. Here you can find all the information about the company and subsidiaries.","og_url":"https:\/\/www.ferrovial.com\/es\/foresight\/escenarios\/vehiculos-autonomos\/","og_site_name":"Ferrovial","article_publisher":"https:\/\/www.facebook.com\/ferrovial","article_modified_time":"2023-01-03T10:59:18+00:00","og_image":[{"url":"https:\/\/www.ferrovial.com\/wp-content\/uploads\/2021\/09\/portada-cavs-what-if-report.png","type":"","width":"","height":""}],"twitter_card":"summary_large_image","twitter_site":"@ferrovial","twitter_misc":{"Est. reading time":"2 minutos"},"schema":{"@context":"https:\/\/schema.org","@graph":[{"@type":"WebPage","@id":"https:\/\/www.ferrovial.com\/es\/foresight\/escenarios\/vehiculos-autonomos\/","url":"https:\/\/www.ferrovial.com\/es\/foresight\/escenarios\/vehiculos-autonomos\/","name":"Veh\u00edculos Aut\u00f3nomos - Foresight - Ferrovial","isPartOf":{"@id":"https:\/\/www.ferrovial.com\/es\/#website"},"primaryImageOfPage":{"@id":"https:\/\/www.ferrovial.com\/es\/foresight\/escenarios\/vehiculos-autonomos\/#primaryimage"},"image":{"@id":"https:\/\/www.ferrovial.com\/es\/foresight\/escenarios\/vehiculos-autonomos\/#primaryimage"},"thumbnailUrl":"https:\/\/www.ferrovial.com\/wp-content\/uploads\/2021\/09\/portada-cavs-what-if-report.png","datePublished":"2021-03-03T09:55:49+00:00","dateModified":"2023-01-03T10:59:18+00:00","description":"Welcome to the Ferrovial's website, global operator of sustainable infrastructure. Here you can find all the information about the company and subsidiaries.","breadcrumb":{"@id":"https:\/\/www.ferrovial.com\/es\/foresight\/escenarios\/vehiculos-autonomos\/#breadcrumb"},"inLanguage":"es","potentialAction":[{"@type":"ReadAction","target":["https:\/\/www.ferrovial.com\/es\/foresight\/escenarios\/vehiculos-autonomos\/"]}]},{"@type":"ImageObject","inLanguage":"es","@id":"https:\/\/www.ferrovial.com\/es\/foresight\/escenarios\/vehiculos-autonomos\/#primaryimage","url":"https:\/\/www.ferrovial.com\/wp-content\/uploads\/2021\/09\/portada-cavs-what-if-report.png","contentUrl":"https:\/\/www.ferrovial.com\/wp-content\/uploads\/2021\/09\/portada-cavs-what-if-report.png"},{"@type":"BreadcrumbList","@id":"https:\/\/www.ferrovial.com\/es\/foresight\/escenarios\/vehiculos-autonomos\/#breadcrumb","itemListElement":[{"@type":"ListItem","position":1,"name":"Portada","item":"https:\/\/www.ferrovial.com\/es\/"},{"@type":"ListItem","position":2,"name":"Foresight","item":"https:\/\/www.ferrovial.com\/es\/foresight\/"},{"@type":"ListItem","position":3,"name":"Escenarios","item":"https:\/\/www.ferrovial.com\/es\/foresight\/escenarios\/"},{"@type":"ListItem","position":4,"name":"Veh\u00edculos Aut\u00f3nomos &#8211; Foresight"}]},{"@type":"WebSite","@id":"https:\/\/www.ferrovial.com\/es\/#website","url":"https:\/\/www.ferrovial.com\/es\/","name":"Ferrovial","description":"Welcome to the Ferrovial&#039;s website, global operator of sustainable infrastructure. Here you can find all the information about the company and subsidiaries.","publisher":{"@id":"https:\/\/www.ferrovial.com\/es\/#organization"},"potentialAction":[{"@type":"SearchAction","target":{"@type":"EntryPoint","urlTemplate":"https:\/\/www.ferrovial.com\/es\/?s={search_term_string}"},"query-input":{"@type":"PropertyValueSpecification","valueRequired":true,"valueName":"search_term_string"}}],"inLanguage":"es"},{"@type":"Organization","@id":"https:\/\/www.ferrovial.com\/es\/#organization","name":"Ferrovial S.A.","url":"https:\/\/www.ferrovial.com\/es\/","logo":{"@type":"ImageObject","inLanguage":"es","@id":"https:\/\/www.ferrovial.com\/es\/#\/schema\/logo\/image\/","url":"https:\/\/static.ferrovial.com\/wp-content\/uploads\/2020\/01\/13124948\/logo-ferrovial-cf7.png","contentUrl":"https:\/\/static.ferrovial.com\/wp-content\/uploads\/2020\/01\/13124948\/logo-ferrovial-cf7.png","width":144,"height":32,"caption":"Ferrovial S.A."},"image":{"@id":"https:\/\/www.ferrovial.com\/es\/#\/schema\/logo\/image\/"},"sameAs":["https:\/\/www.facebook.com\/ferrovial","https:\/\/x.com\/ferrovial","https:\/\/www.instagram.com\/ferrovial\/","https:\/\/www.linkedin.com\/company\/ferrovial","https:\/\/www.pinterest.es\/ferrovial\/","https:\/\/www.youtube.com\/ferrovial","https:\/\/en.wikipedia.org\/wiki\/Ferrovial"]}]}},"_links":{"self":[{"href":"https:\/\/www.ferrovial.com\/es\/wp-json\/wp\/v2\/pages\/188357","targetHints":{"allow":["GET"]}}],"collection":[{"href":"https:\/\/www.ferrovial.com\/es\/wp-json\/wp\/v2\/pages"}],"about":[{"href":"https:\/\/www.ferrovial.com\/es\/wp-json\/wp\/v2\/types\/page"}],"replies":[{"embeddable":true,"href":"https:\/\/www.ferrovial.com\/es\/wp-json\/wp\/v2\/comments?post=188357"}],"version-history":[{"count":4,"href":"https:\/\/www.ferrovial.com\/es\/wp-json\/wp\/v2\/pages\/188357\/revisions"}],"predecessor-version":[{"id":320723,"href":"https:\/\/www.ferrovial.com\/es\/wp-json\/wp\/v2\/pages\/188357\/revisions\/320723"}],"up":[{"embeddable":true,"href":"https:\/\/www.ferrovial.com\/es\/wp-json\/wp\/v2\/pages\/174390"}],"wp:attachment":[{"href":"https:\/\/www.ferrovial.com\/es\/wp-json\/wp\/v2\/media?parent=188357"}],"curies":[{"name":"wp","href":"https:\/\/api.w.org\/{rel}","templated":true}]}}