{"id":18849,"date":"2019-09-05T17:00:09","date_gmt":"2019-09-05T15:00:09","guid":{"rendered":"https:\/\/www.ferrovial.com\/?page_id=18849"},"modified":"2024-06-16T22:43:06","modified_gmt":"2024-06-16T20:43:06","slug":"iso-9001","status":"publish","type":"page","link":"https:\/\/www.ferrovial.com\/es\/sostenibilidad\/social\/usuarios-clientes\/certificaciones\/iso-9001\/","title":{"rendered":"ISO 9001"},"content":{"rendered":"    <m-final-content-header >\n            <c-breadcrumb label-text=\"Breadcrumb\" slot=\"breadcrumbs\" type='2' align='left' wrap='wrapped wrapped' aria-label='Vienes de Certificaciones'>\n                        <ol>\n\n                                                            <li><a href=\"https:\/\/www.ferrovial.com\/es\/\" title=\"Ferrovial\">Ferrovial<\/a><\/li>\n                                                                        <li><a href=\"https:\/\/www.ferrovial.com\/es\/sostenibilidad\/\" title=\"Sostenibilidad\">Sostenibilidad<\/a><\/li>\n                                                                        <li><a href=\"https:\/\/www.ferrovial.com\/es\/sostenibilidad\/social\/\" title=\"Compromiso con la sociedad\">Compromiso con la sociedad<\/a><\/li>\n                                                                        <li><a href=\"https:\/\/www.ferrovial.com\/es\/sostenibilidad\/social\/usuarios-clientes\/\" title=\"Experiencia del usuario y clientes\">Experiencia del usuario y clientes<\/a><\/li>\n                                                                        <li><a href=\"https:\/\/www.ferrovial.com\/es\/sostenibilidad\/social\/usuarios-clientes\/certificaciones\/\" title=\"Certificaciones\">Certificaciones<\/a><\/li>\n                                    \n                <\/ol>\n\n                <\/c-breadcrumb>\n    \n        <div slot=\"header\">\n            <h1>\n                ISO 9001            <\/h1>\n                    <\/div>\n    <\/m-final-content-header>\n\n    \n\n\n<m-wysiwig class=\"wp-block-components-wysiwyg\"><div slot=\"maincontent\">    <p class=\"intro\"><\/p>\n    \n\n    <p class=\"intro\">Se trata de un marco normativo que facilita estandarizar todos los elementos de la gesti\u00f3n de la calidad con los que una empresa deber\u00eda contar. <\/p>\n    \n\n\n<h2 class=\"wp-block-heading\"><br>Qu\u00e9 es la norma ISO 9001<\/h2>\n\n\n\n<p>La norma <a href=\"https:\/\/www.une.org\/encuentra-tu-norma\/busca-tu-norma\/norma?c=N0055469\" target=\"_blank\" rel=\"noreferrer noopener\">ISO 9001<\/a> es una de las normas que fija los requisitos m\u00ednimos para un Sistema de Gesti\u00f3n de Calidad (SGC) empleado en una organizaci\u00f3n. Bien sea con fines lucrativos, o no, y sin importar si est\u00e1 enfocada a productos o servicios.<\/p>\n\n\n\n<figure class=\"wp-block-image\"><img v-lazy=\"'https:\/\/static.ferrovial.com\/wp-content\/uploads\/2019\/09\/13140711\/ferrovial-calidad-actividades-certificadas-1024x683.jpg'\" alt=\"Carretera donde se aplic\u00f3 la ISO 9001\" class=\"wp-image-27624\"\/><\/figure>\n\n\n\n<p><br>Esta norma ISO tiene diez cap\u00edtulos: generalidades como el (1) objeto y campo de aplicaci\u00f3n, las (2) referencias normativas, los (3) t\u00e9rminos y definiciones. Los siguientes cap\u00edtulos consolidan los elementos imprescindibles de un sistema de gesti\u00f3n: (4) contexto de la organizaci\u00f3n, (5) liderazgo, (6) planificaci\u00f3n, (7) soporte, (8) operaci\u00f3n, (9) evaluaci\u00f3n del desempe\u00f1o y (10) mejora.<\/p>\n\n\n\n<h2 class=\"wp-block-heading\">\u00bfPor qu\u00e9 invertir en una auditor\u00eda?<\/h2>\n\n\n\n<p>Esta certificaci\u00f3n no es obligatoria y es por ello que denota un importante compromiso empresarial. Que una organizaci\u00f3n o compa\u00f1\u00eda disponga de la certificaci\u00f3n ISO 9001 implica que ha cumplido con los objetivos de la norma. Es decir, que ha superado con \u00e9xito una evaluaci\u00f3n que demuestra que tiene la capacidad de proveer productos y servicios que cumplen con las exigencias internacionales en referencia a la calidad SGC.<\/p>\n\n\n\n<p>La norma ISO 9001 busca mejorar la confianza y satisfacci\u00f3n del cliente as\u00ed como de las partes interesadas; establecer <strong>una cultura proactiva de prevenci\u00f3n, mejora y protecci\u00f3n medioambiental<\/strong> y asegurar la consistencia de calidad de productos y servicios. De ah\u00ed que sea muy demandada y se fomente su uso.<\/p>\n\n\n\n<h2 class=\"wp-block-heading\">\u00bfQui\u00e9n dise\u00f1\u00f3 la ISO 9001 ? \u00bfQui\u00e9n la certifica?<\/h2>\n\n\n\n<p>La norma es una actualizaci\u00f3n de la ISO 9001:2008 consolidada en 2015 por la ISO (Organizaci\u00f3n Internacional de Estandarizaci\u00f3n). Esta organizaci\u00f3n busca estandarizar las normas de productos y seguridad para las empresas y las organizaciones. Sin embargo, no es esta entidad no gubernamental la que realiza las evaluaciones o expide los certificados.<\/p>\n\n\n\n<p>Las encargadas de llevar a cabo las diferentes inspecciones son empresas evaluadoras acreditadas como <a href=\"https:\/\/www.aenor.com\/\" title=\"AENOR - Confianza en la marca m\u00e1s valorada\" target=\"_blank\" rel=\"nofollow noreferrer noopener\" aria-label=\" (opens in a new tab)\">AENOR<\/a> (Asociaci\u00f3n Espa\u00f1ola de Normalizaci\u00f3n y Certificaci\u00f3n), <a rel=\"nofollow noreferrer noopener\" aria-label=\" (opens in a new tab)\" href=\"https:\/\/www.sgs.es\/\" title=\"SGS Espa\u00f1a | When You Need To Be Sure\" target=\"_blank\">SGS<\/a>, <a rel=\"nofollow noreferrer noopener\" aria-label=\" (opens in a new tab)\" href=\"https:\/\/www.bureauveritas.es\/\" title=\"Bureau Veritas | L\u00edder mundial en inspecci\u00f3n, certificaci\u00f3n y formaci\u00f3n\" target=\"_blank\">BVQi<\/a> (Bureau Veritas Quality International), <a rel=\"nofollow noreferrer noopener\" aria-label=\" (opens in a new tab)\" href=\"https:\/\/www.bsigroup.com\/es-ES\/\" title=\"Normas, formaci\u00f3n, ensayos, auditor\u00eda y certificaci\u00f3n | BSI Group\" target=\"_blank\">BSI Group<\/a> o <a rel=\"nofollow noreferrer noopener\" aria-label=\" (opens in a new tab)\" href=\"https:\/\/www.dnvgl.com\/\" title=\"DNVGL.com - Safer Smarter Greener - DNV GL\" target=\"_blank\">DNV<\/a> . Estas empresas son independientes de la compa\u00f1\u00eda que se somete, de forma voluntaria, al escudri\u00f1o de la ISO 9001.<\/p>\n\n\n\n<p>Para certificar la actividad de una organizaci\u00f3n es ella misma la que tiene que contratar a estas empresas para que analicen su sistema de gesti\u00f3n. Este intercambio econ\u00f3mico no garantiza en ning\u00fan caso lograr la certificaci\u00f3n ISO, solo el examen.<\/p>\n\n\n\n<p>Cada a\u00f1o la compa\u00f1\u00eda presenta, en su <a href=\"https:\/\/www.ferrovial.com\/es\/accionistas-e-inversores\/informacion-financiera\/informe-anual\/\" target=\"_blank\" rel=\"noreferrer noopener\">Informe Anual Integrado para los accionistas<\/a>, el porcentaje de actividad certificada por las normas ISO 9001 e <a href=\"\/es\/sostenibilidad\/social\/usuarios-clientes\/certificaciones\/iso-14001\/\">ISO 14001<\/a>. <\/p>\n<\/div><\/m-wysiwig>\n","protected":false},"excerpt":{"rendered":"","protected":false},"featured_media":0,"parent":18846,"menu_order":0,"comment_status":"closed","ping_status":"closed","template":"","meta":{"_acf_changed":false,"footnotes":""},"class_list":["post-18849","page","type-page","status-publish","hentry"],"acf":[],"yoast_head":"<!-- This site is optimized with the Yoast SEO plugin v27.2 - https:\/\/yoast.com\/product\/yoast-seo-wordpress\/ -->\n<title>ISO 9001: qu\u00e9 es y qui\u00e9n la certifica - Ferrovial<\/title>\n<meta name=\"description\" content=\"La norma ISO 9001 tiene diez cap\u00edtulos: generalidades como el (1) objeto y campo de aplicaci\u00f3n, las (2) referencias normativas, los (3) t\u00e9rminos y ...\" \/>\n<meta name=\"robots\" content=\"index, follow, max-snippet:-1, max-image-preview:large, max-video-preview:-1\" \/>\n<link rel=\"canonical\" href=\"https:\/\/www.ferrovial.com\/es\/sostenibilidad\/social\/usuarios-clientes\/certificaciones\/iso-9001\/\" \/>\n<meta property=\"og:locale\" content=\"es_ES\" \/>\n<meta property=\"og:type\" content=\"article\" \/>\n<meta property=\"og:title\" content=\"ISO 9001: qu\u00e9 es y qui\u00e9n la certifica - Ferrovial\" \/>\n<meta property=\"og:description\" content=\"La norma ISO 9001 tiene diez cap\u00edtulos: generalidades como el (1) objeto y campo de aplicaci\u00f3n, las (2) referencias normativas, los (3) t\u00e9rminos y ...\" \/>\n<meta property=\"og:url\" content=\"https:\/\/www.ferrovial.com\/es\/sostenibilidad\/social\/usuarios-clientes\/certificaciones\/iso-9001\/\" \/>\n<meta property=\"og:site_name\" content=\"Ferrovial\" \/>\n<meta property=\"article:publisher\" content=\"https:\/\/www.facebook.com\/ferrovial\" \/>\n<meta property=\"article:modified_time\" content=\"2024-06-16T20:43:06+00:00\" \/>\n<meta property=\"og:image\" content=\"https:\/\/www.ferrovial.com\/wp-content\/uploads\/2019\/09\/ferrovial-calidad-actividades-certificadas-1024x683.jpg\" \/>\n<meta name=\"twitter:card\" content=\"summary_large_image\" \/>\n<meta name=\"twitter:site\" content=\"@ferrovial\" \/>\n<meta name=\"twitter:label1\" content=\"Est. reading time\" \/>\n\t<meta name=\"twitter:data1\" content=\"3 minutos\" \/>\n<!-- \/ Yoast SEO plugin. -->","yoast_head_json":{"title":"ISO 9001: qu\u00e9 es y qui\u00e9n la certifica - Ferrovial","description":"La norma ISO 9001 tiene diez cap\u00edtulos: generalidades como el (1) objeto y campo de aplicaci\u00f3n, las (2) referencias normativas, los (3) t\u00e9rminos y ...","robots":{"index":"index","follow":"follow","max-snippet":"max-snippet:-1","max-image-preview":"max-image-preview:large","max-video-preview":"max-video-preview:-1"},"canonical":"https:\/\/www.ferrovial.com\/es\/sostenibilidad\/social\/usuarios-clientes\/certificaciones\/iso-9001\/","og_locale":"es_ES","og_type":"article","og_title":"ISO 9001: qu\u00e9 es y qui\u00e9n la certifica - Ferrovial","og_description":"La norma ISO 9001 tiene diez cap\u00edtulos: generalidades como el (1) objeto y campo de aplicaci\u00f3n, las (2) referencias normativas, los (3) t\u00e9rminos y ...","og_url":"https:\/\/www.ferrovial.com\/es\/sostenibilidad\/social\/usuarios-clientes\/certificaciones\/iso-9001\/","og_site_name":"Ferrovial","article_publisher":"https:\/\/www.facebook.com\/ferrovial","article_modified_time":"2024-06-16T20:43:06+00:00","og_image":[{"url":"https:\/\/www.ferrovial.com\/wp-content\/uploads\/2019\/09\/ferrovial-calidad-actividades-certificadas-1024x683.jpg","type":"","width":"","height":""}],"twitter_card":"summary_large_image","twitter_site":"@ferrovial","twitter_misc":{"Est. reading time":"3 minutos"},"schema":{"@context":"https:\/\/schema.org","@graph":[{"@type":"WebPage","@id":"https:\/\/www.ferrovial.com\/es\/sostenibilidad\/social\/usuarios-clientes\/certificaciones\/iso-9001\/","url":"https:\/\/www.ferrovial.com\/es\/sostenibilidad\/social\/usuarios-clientes\/certificaciones\/iso-9001\/","name":"ISO 9001: qu\u00e9 es y qui\u00e9n la certifica - Ferrovial","isPartOf":{"@id":"https:\/\/www.ferrovial.com\/es\/#website"},"primaryImageOfPage":{"@id":"https:\/\/www.ferrovial.com\/es\/sostenibilidad\/social\/usuarios-clientes\/certificaciones\/iso-9001\/#primaryimage"},"image":{"@id":"https:\/\/www.ferrovial.com\/es\/sostenibilidad\/social\/usuarios-clientes\/certificaciones\/iso-9001\/#primaryimage"},"thumbnailUrl":"https:\/\/www.ferrovial.com\/wp-content\/uploads\/2019\/09\/ferrovial-calidad-actividades-certificadas-1024x683.jpg","datePublished":"2019-09-05T15:00:09+00:00","dateModified":"2024-06-16T20:43:06+00:00","description":"La norma ISO 9001 tiene diez cap\u00edtulos: generalidades como el (1) objeto y campo de aplicaci\u00f3n, las (2) referencias normativas, los (3) t\u00e9rminos y ...","breadcrumb":{"@id":"https:\/\/www.ferrovial.com\/es\/sostenibilidad\/social\/usuarios-clientes\/certificaciones\/iso-9001\/#breadcrumb"},"inLanguage":"es","potentialAction":[{"@type":"ReadAction","target":["https:\/\/www.ferrovial.com\/es\/sostenibilidad\/social\/usuarios-clientes\/certificaciones\/iso-9001\/"]}]},{"@type":"ImageObject","inLanguage":"es","@id":"https:\/\/www.ferrovial.com\/es\/sostenibilidad\/social\/usuarios-clientes\/certificaciones\/iso-9001\/#primaryimage","url":"https:\/\/www.ferrovial.com\/wp-content\/uploads\/2019\/09\/ferrovial-calidad-actividades-certificadas-1024x683.jpg","contentUrl":"https:\/\/www.ferrovial.com\/wp-content\/uploads\/2019\/09\/ferrovial-calidad-actividades-certificadas-1024x683.jpg"},{"@type":"BreadcrumbList","@id":"https:\/\/www.ferrovial.com\/es\/sostenibilidad\/social\/usuarios-clientes\/certificaciones\/iso-9001\/#breadcrumb","itemListElement":[{"@type":"ListItem","position":1,"name":"Portada","item":"https:\/\/www.ferrovial.com\/es\/"},{"@type":"ListItem","position":2,"name":"Sostenibilidad","item":"https:\/\/www.ferrovial.com\/es\/sostenibilidad\/"},{"@type":"ListItem","position":3,"name":"Compromiso con la sociedad","item":"https:\/\/www.ferrovial.com\/es\/sostenibilidad\/social\/"},{"@type":"ListItem","position":4,"name":"Experiencia del usuario y clientes","item":"https:\/\/www.ferrovial.com\/es\/sostenibilidad\/social\/usuarios-clientes\/"},{"@type":"ListItem","position":5,"name":"Certificaciones","item":"https:\/\/www.ferrovial.com\/es\/sostenibilidad\/social\/usuarios-clientes\/certificaciones\/"},{"@type":"ListItem","position":6,"name":"ISO 9001"}]},{"@type":"WebSite","@id":"https:\/\/www.ferrovial.com\/es\/#website","url":"https:\/\/www.ferrovial.com\/es\/","name":"Ferrovial","description":"Welcome to the Ferrovial&#039;s website, global operator of sustainable infrastructure. Here you can find all the information about the company and subsidiaries.","publisher":{"@id":"https:\/\/www.ferrovial.com\/es\/#organization"},"potentialAction":[{"@type":"SearchAction","target":{"@type":"EntryPoint","urlTemplate":"https:\/\/www.ferrovial.com\/es\/?s={search_term_string}"},"query-input":{"@type":"PropertyValueSpecification","valueRequired":true,"valueName":"search_term_string"}}],"inLanguage":"es"},{"@type":"Organization","@id":"https:\/\/www.ferrovial.com\/es\/#organization","name":"Ferrovial S.A.","url":"https:\/\/www.ferrovial.com\/es\/","logo":{"@type":"ImageObject","inLanguage":"es","@id":"https:\/\/www.ferrovial.com\/es\/#\/schema\/logo\/image\/","url":"https:\/\/static.ferrovial.com\/wp-content\/uploads\/2020\/01\/13124948\/logo-ferrovial-cf7.png","contentUrl":"https:\/\/static.ferrovial.com\/wp-content\/uploads\/2020\/01\/13124948\/logo-ferrovial-cf7.png","width":144,"height":32,"caption":"Ferrovial S.A."},"image":{"@id":"https:\/\/www.ferrovial.com\/es\/#\/schema\/logo\/image\/"},"sameAs":["https:\/\/www.facebook.com\/ferrovial","https:\/\/x.com\/ferrovial","https:\/\/www.instagram.com\/ferrovial\/","https:\/\/www.linkedin.com\/company\/ferrovial","https:\/\/www.pinterest.es\/ferrovial\/","https:\/\/www.youtube.com\/ferrovial","https:\/\/en.wikipedia.org\/wiki\/Ferrovial"]}]}},"_links":{"self":[{"href":"https:\/\/www.ferrovial.com\/es\/wp-json\/wp\/v2\/pages\/18849","targetHints":{"allow":["GET"]}}],"collection":[{"href":"https:\/\/www.ferrovial.com\/es\/wp-json\/wp\/v2\/pages"}],"about":[{"href":"https:\/\/www.ferrovial.com\/es\/wp-json\/wp\/v2\/types\/page"}],"replies":[{"embeddable":true,"href":"https:\/\/www.ferrovial.com\/es\/wp-json\/wp\/v2\/comments?post=18849"}],"version-history":[{"count":3,"href":"https:\/\/www.ferrovial.com\/es\/wp-json\/wp\/v2\/pages\/18849\/revisions"}],"predecessor-version":[{"id":283978,"href":"https:\/\/www.ferrovial.com\/es\/wp-json\/wp\/v2\/pages\/18849\/revisions\/283978"}],"up":[{"embeddable":true,"href":"https:\/\/www.ferrovial.com\/es\/wp-json\/wp\/v2\/pages\/18846"}],"wp:attachment":[{"href":"https:\/\/www.ferrovial.com\/es\/wp-json\/wp\/v2\/media?parent=18849"}],"curies":[{"name":"wp","href":"https:\/\/api.w.org\/{rel}","templated":true}]}}