{"id":18855,"date":"2019-09-05T17:03:32","date_gmt":"2019-09-05T15:03:32","guid":{"rendered":"https:\/\/www.ferrovial.com\/?page_id=18855"},"modified":"2020-04-21T23:32:26","modified_gmt":"2020-04-21T21:32:26","slug":"otras","status":"publish","type":"page","link":"https:\/\/www.ferrovial.com\/es\/sostenibilidad\/social\/usuarios-clientes\/certificaciones\/otras\/","title":{"rendered":"Otras certificaciones"},"content":{"rendered":"    <m-final-content-header bgimage='https:\/\/static.ferrovial.com\/wp-content\/uploads\/2019\/10\/13134030\/metro-de-londres-farringdon-1280x720.jpg'>\n            <c-breadcrumb label-text=\"Breadcrumb\" slot=\"breadcrumbs\" type='2' align='left' wrap='wrapped wrapped' aria-label='Vienes de Certificaciones'>\n                        <ol>\n\n                                                            <li><a href=\"https:\/\/www.ferrovial.com\/es\/\" title=\"Ferrovial\">Ferrovial<\/a><\/li>\n                                                                        <li><a href=\"https:\/\/www.ferrovial.com\/es\/sostenibilidad\/\" title=\"Sostenibilidad\">Sostenibilidad<\/a><\/li>\n                                                                        <li><a href=\"https:\/\/www.ferrovial.com\/es\/sostenibilidad\/social\/\" title=\"Compromiso con la sociedad\">Compromiso con la sociedad<\/a><\/li>\n                                                                        <li><a href=\"https:\/\/www.ferrovial.com\/es\/sostenibilidad\/social\/usuarios-clientes\/\" title=\"Experiencia del usuario y clientes\">Experiencia del usuario y clientes<\/a><\/li>\n                                                                        <li><a href=\"https:\/\/www.ferrovial.com\/es\/sostenibilidad\/social\/usuarios-clientes\/certificaciones\/\" title=\"Certificaciones\">Certificaciones<\/a><\/li>\n                                    \n                <\/ol>\n\n                <\/c-breadcrumb>\n    \n        <div slot=\"header\">\n            <h1>\n                Otras certificaciones            <\/h1>\n                    <\/div>\n    <\/m-final-content-header>\n\n    \n\n\n<m-wysiwig class=\"wp-block-components-wysiwyg\"><div slot=\"maincontent\">\n<h2 class=\"wp-block-heading\"><strong>Otras certificaciones de calidad<\/strong><\/h2>\n\n\n    <p class=\"intro\">Conoce otras certificaciones que verifican la calidad de la compa\u00f1\u00eda.<\/p>\n    \n\n\n<p>Llevamos a cabo la verificaci\u00f3n externa de nuestras emisiones de gases de efecto invernadero de acuerdo con la <strong>Norma ISAE 3410<\/strong>. Esta verificaci\u00f3n incluye todas nuestras divisiones y tanto las emisiones directas como indirectas correspondientes a los <strong>alcances 1, 2 y 3<\/strong>. Igualmente verifica que el procedimiento interno de c\u00e1lculo y reporte de la huella de carbono cumple con lo se\u00f1alado en el est\u00e1ndar internacional ISO 14064-1.<\/p>\n\n\n\n<h2 class=\"wp-block-heading\"><strong>Adem\u00e1s, tenemos las siguientes certificaciones<\/strong><\/h2>\n\n\n\n<ul class=\"wp-block-list\"><li>Integrated Management System PAS 99\u201d y \u201cSpecification PAS for composted materials and Quality Compost\u201d.<\/li><li>UNE-EN 12899-1:2009; UNE 135332:2005; UNE 166002; UNE 179002; ISO 50001:2011; ISO 22000, ISO 39001, BS 1100, EMAS y Madrid Excelente.<\/li><\/ul>\n<\/div><\/m-wysiwig>\n\n\n\n    <m-distributor-basic bgimg='https:\/\/static.ferrovial.com\/wp-content\/uploads\/2019\/09\/13124653\/m4_01.jpg'>\n                        <h2 slot=\"label\">\n                    Medio ambiente                <\/h2>\n                                <h3 slot=\"title\">\n                    Conoce nuestros objetivos de reducci\u00f3n de emisiones                <\/h3>\n                                    <c-button slot='cta' type='primary' disabled='false'>\n                        <span>Saber m\u00e1s<\/span>\n                                        <\/c-button>\n                    \n        \n\n    <\/m-distributor-basic>\n    ","protected":false},"excerpt":{"rendered":"","protected":false},"featured_media":0,"parent":18846,"menu_order":0,"comment_status":"closed","ping_status":"closed","template":"","meta":{"_acf_changed":false,"footnotes":""},"class_list":["post-18855","page","type-page","status-publish","hentry"],"acf":[],"yoast_head":"<!-- This site is optimized with the Yoast SEO plugin v27.2 - https:\/\/yoast.com\/product\/yoast-seo-wordpress\/ -->\n<title>Otras certificaciones de calidad - Ferrovial<\/title>\n<meta name=\"description\" content=\"Welcome to the Ferrovial&#039;s website, global operator of sustainable infrastructure. Here you can find all the information about the company and subsidiaries.\" \/>\n<meta name=\"robots\" content=\"index, follow, max-snippet:-1, max-image-preview:large, max-video-preview:-1\" \/>\n<link rel=\"canonical\" href=\"https:\/\/www.ferrovial.com\/es\/sostenibilidad\/social\/usuarios-clientes\/certificaciones\/otras\/\" \/>\n<meta property=\"og:locale\" content=\"es_ES\" \/>\n<meta property=\"og:type\" content=\"article\" \/>\n<meta property=\"og:title\" content=\"Otras certificaciones de calidad - Ferrovial\" \/>\n<meta property=\"og:description\" content=\"Welcome to the Ferrovial&#039;s website, global operator of sustainable infrastructure. Here you can find all the information about the company and subsidiaries.\" \/>\n<meta property=\"og:url\" content=\"https:\/\/www.ferrovial.com\/es\/sostenibilidad\/social\/usuarios-clientes\/certificaciones\/otras\/\" \/>\n<meta property=\"og:site_name\" content=\"Ferrovial\" \/>\n<meta property=\"article:publisher\" content=\"https:\/\/www.facebook.com\/ferrovial\" \/>\n<meta property=\"article:modified_time\" content=\"2020-04-21T21:32:26+00:00\" \/>\n<meta name=\"twitter:card\" content=\"summary_large_image\" \/>\n<meta name=\"twitter:site\" content=\"@ferrovial\" \/>\n<meta name=\"twitter:label1\" content=\"Est. reading time\" \/>\n\t<meta name=\"twitter:data1\" content=\"1 minuto\" \/>\n<!-- \/ Yoast SEO plugin. -->","yoast_head_json":{"title":"Otras certificaciones de calidad - Ferrovial","description":"Welcome to the Ferrovial's website, global operator of sustainable infrastructure. Here you can find all the information about the company and subsidiaries.","robots":{"index":"index","follow":"follow","max-snippet":"max-snippet:-1","max-image-preview":"max-image-preview:large","max-video-preview":"max-video-preview:-1"},"canonical":"https:\/\/www.ferrovial.com\/es\/sostenibilidad\/social\/usuarios-clientes\/certificaciones\/otras\/","og_locale":"es_ES","og_type":"article","og_title":"Otras certificaciones de calidad - Ferrovial","og_description":"Welcome to the Ferrovial's website, global operator of sustainable infrastructure. Here you can find all the information about the company and subsidiaries.","og_url":"https:\/\/www.ferrovial.com\/es\/sostenibilidad\/social\/usuarios-clientes\/certificaciones\/otras\/","og_site_name":"Ferrovial","article_publisher":"https:\/\/www.facebook.com\/ferrovial","article_modified_time":"2020-04-21T21:32:26+00:00","twitter_card":"summary_large_image","twitter_site":"@ferrovial","twitter_misc":{"Est. reading time":"1 minuto"},"schema":{"@context":"https:\/\/schema.org","@graph":[{"@type":"WebPage","@id":"https:\/\/www.ferrovial.com\/es\/sostenibilidad\/social\/usuarios-clientes\/certificaciones\/otras\/","url":"https:\/\/www.ferrovial.com\/es\/sostenibilidad\/social\/usuarios-clientes\/certificaciones\/otras\/","name":"Otras certificaciones de calidad - Ferrovial","isPartOf":{"@id":"https:\/\/www.ferrovial.com\/es\/#website"},"datePublished":"2019-09-05T15:03:32+00:00","dateModified":"2020-04-21T21:32:26+00:00","description":"Welcome to the Ferrovial's website, global operator of sustainable infrastructure. Here you can find all the information about the company and subsidiaries.","breadcrumb":{"@id":"https:\/\/www.ferrovial.com\/es\/sostenibilidad\/social\/usuarios-clientes\/certificaciones\/otras\/#breadcrumb"},"inLanguage":"es","potentialAction":[{"@type":"ReadAction","target":["https:\/\/www.ferrovial.com\/es\/sostenibilidad\/social\/usuarios-clientes\/certificaciones\/otras\/"]}]},{"@type":"BreadcrumbList","@id":"https:\/\/www.ferrovial.com\/es\/sostenibilidad\/social\/usuarios-clientes\/certificaciones\/otras\/#breadcrumb","itemListElement":[{"@type":"ListItem","position":1,"name":"Portada","item":"https:\/\/www.ferrovial.com\/es\/"},{"@type":"ListItem","position":2,"name":"Sostenibilidad","item":"https:\/\/www.ferrovial.com\/es\/sostenibilidad\/"},{"@type":"ListItem","position":3,"name":"Compromiso con la sociedad","item":"https:\/\/www.ferrovial.com\/es\/sostenibilidad\/social\/"},{"@type":"ListItem","position":4,"name":"Experiencia del usuario y clientes","item":"https:\/\/www.ferrovial.com\/es\/sostenibilidad\/social\/usuarios-clientes\/"},{"@type":"ListItem","position":5,"name":"Certificaciones","item":"https:\/\/www.ferrovial.com\/es\/sostenibilidad\/social\/usuarios-clientes\/certificaciones\/"},{"@type":"ListItem","position":6,"name":"Otras certificaciones"}]},{"@type":"WebSite","@id":"https:\/\/www.ferrovial.com\/es\/#website","url":"https:\/\/www.ferrovial.com\/es\/","name":"Ferrovial","description":"Welcome to the Ferrovial&#039;s website, global operator of sustainable infrastructure. Here you can find all the information about the company and subsidiaries.","publisher":{"@id":"https:\/\/www.ferrovial.com\/es\/#organization"},"potentialAction":[{"@type":"SearchAction","target":{"@type":"EntryPoint","urlTemplate":"https:\/\/www.ferrovial.com\/es\/?s={search_term_string}"},"query-input":{"@type":"PropertyValueSpecification","valueRequired":true,"valueName":"search_term_string"}}],"inLanguage":"es"},{"@type":"Organization","@id":"https:\/\/www.ferrovial.com\/es\/#organization","name":"Ferrovial S.A.","url":"https:\/\/www.ferrovial.com\/es\/","logo":{"@type":"ImageObject","inLanguage":"es","@id":"https:\/\/www.ferrovial.com\/es\/#\/schema\/logo\/image\/","url":"https:\/\/static.ferrovial.com\/wp-content\/uploads\/2020\/01\/13124948\/logo-ferrovial-cf7.png","contentUrl":"https:\/\/static.ferrovial.com\/wp-content\/uploads\/2020\/01\/13124948\/logo-ferrovial-cf7.png","width":144,"height":32,"caption":"Ferrovial S.A."},"image":{"@id":"https:\/\/www.ferrovial.com\/es\/#\/schema\/logo\/image\/"},"sameAs":["https:\/\/www.facebook.com\/ferrovial","https:\/\/x.com\/ferrovial","https:\/\/www.instagram.com\/ferrovial\/","https:\/\/www.linkedin.com\/company\/ferrovial","https:\/\/www.pinterest.es\/ferrovial\/","https:\/\/www.youtube.com\/ferrovial","https:\/\/en.wikipedia.org\/wiki\/Ferrovial"]}]}},"_links":{"self":[{"href":"https:\/\/www.ferrovial.com\/es\/wp-json\/wp\/v2\/pages\/18855","targetHints":{"allow":["GET"]}}],"collection":[{"href":"https:\/\/www.ferrovial.com\/es\/wp-json\/wp\/v2\/pages"}],"about":[{"href":"https:\/\/www.ferrovial.com\/es\/wp-json\/wp\/v2\/types\/page"}],"replies":[{"embeddable":true,"href":"https:\/\/www.ferrovial.com\/es\/wp-json\/wp\/v2\/comments?post=18855"}],"version-history":[{"count":3,"href":"https:\/\/www.ferrovial.com\/es\/wp-json\/wp\/v2\/pages\/18855\/revisions"}],"predecessor-version":[{"id":164020,"href":"https:\/\/www.ferrovial.com\/es\/wp-json\/wp\/v2\/pages\/18855\/revisions\/164020"}],"up":[{"embeddable":true,"href":"https:\/\/www.ferrovial.com\/es\/wp-json\/wp\/v2\/pages\/18846"}],"wp:attachment":[{"href":"https:\/\/www.ferrovial.com\/es\/wp-json\/wp\/v2\/media?parent=18855"}],"curies":[{"name":"wp","href":"https:\/\/api.w.org\/{rel}","templated":true}]}}