{"id":18885,"date":"2019-09-05T17:13:48","date_gmt":"2019-09-05T15:13:48","guid":{"rendered":"https:\/\/www.ferrovial.com\/?page_id=18885"},"modified":"2024-01-09T09:09:44","modified_gmt":"2024-01-09T08:09:44","slug":"ofertas","status":"publish","type":"page","link":"https:\/\/www.ferrovial.com\/es\/empleo\/ofertas\/","title":{"rendered":"Ofertas de empleo"},"content":{"rendered":"    <m-final-content-header >\n            <c-breadcrumb label-text=\"Breadcrumb\" slot=\"breadcrumbs\" type='2' align='left' wrap='wrapped wrapped' aria-label='Vienes de Empleo'>\n                        <ol>\n\n                                                            <li><a href=\"https:\/\/www.ferrovial.com\/es\/\" title=\"Ferrovial\">Ferrovial<\/a><\/li>\n                                                                        <li><a href=\"https:\/\/www.ferrovial.com\/es\/empleo\/\" title=\"Empleo\">Empleo<\/a><\/li>\n                                    \n                <\/ol>\n\n                <\/c-breadcrumb>\n    \n        <div slot=\"header\">\n            <h1>\n                Ofertas de empleo            <\/h1>\n                    <\/div>\n    <\/m-final-content-header>\n\n    \n\n    <m-list-offers-workday type='job_posting' page='1' lang='es' search-key='search-s4ki7n15knp5544mv57akrsk' search-endpoint='https:\/\/www.ferrovial.com\/wp-json\/search-service\/search' domain-identifier='1' :filters-selected='{}' :translations='{\n        &quot;allOur&quot;:&quot;Todos nuestros&quot;,\n        &quot;autocompleteInitialNotice&quot;:&quot;Aviso inicial de autocompletar&quot;,\n        &quot;autocompleteResultsNotice&quot;:&quot;Aviso inicial de resultados&quot;,\n        &quot;projects&quot;:&quot;Proyectos&quot;,\n        &quot;offers&quot;: &quot;Ofertas&quot;,\n        &quot;awards&quot;:&quot;Premios&quot;,\n        &quot;filters&quot;:&quot;FIltros&quot;,\n        &quot;filterBy&quot;:&quot;Filtrar por&quot;,\n        &quot;filteredBy&quot;:&quot;Filtrado por&quot;,\n        &quot;applyFilters&quot;:&quot;Aplicar filtros&quot;,\n        &quot;deleteFilter&quot;:&quot;Eliminar filtro&quot;,\n        &quot;closeFilters&quot;:&quot;Cerrar filtros&quot;,\n        &quot;search&quot;:&quot;Buscar&quot;,\n        &quot;noSearchResults&quot;: &quot;No hay resultados de b\u00fasqueda&quot;,\n        &quot;searchResults&quot;:&quot;Resultados de b\u00fasqueda&quot;,\n        &quot;clear&quot;:&quot;Limpiar todo&quot;,\n        &quot;opportunities&quot;: &quot;Oportunidades en &quot;,\n        &quot;results&quot;: &quot;resultados&quot;,\n        &quot;postedToday&quot;: &quot;Publicado hoy&quot;,\n        &quot;postedOn&quot;: &quot;Publicado el&quot;,\n        &quot;createAlert&quot;: &quot;crear alerta&quot;,\n        &quot;noResults&quot;: &quot;No hay resultados para esta combinaci\u00f3n. Prueba limpiar los filtros para cambiar los criterios de b\u00fasqueda.&quot;,\n        &quot;post_tax_time_type_reference_job_posting&quot;: &quot;Tiempo completo\/parcial&quot;,\n        &quot;post_tax_type_reference_job_posting&quot;: &quot;Tipo de puesto&quot;,\n        &quot;post_tax_family_reference_job_posting&quot;: &quot;Departamento&quot;,\n        &quot;post_tax_business_job_posting&quot;: &quot;Compa\u00f1\u00eda&quot;,\n        &quot;post_tax_country_job_posting&quot;: &quot;Pa\u00eds&quot;,\n        &quot;post_tax_region_job_posting&quot;: &quot;Regi\u00f3n&quot;,\n        &quot;post_tax_location_job_posting&quot;: &quot;Ubicaci\u00f3n&quot;,\n        &quot;post_tax_candidate_profile_job_posting&quot;: &quot;Candidate Profile&quot;,\n        &quot;newTab&quot;: &quot;Abrir una nueva ventana&quot;\n    }' :additional-filters='{}' :filter-to-exclude='{}'>\n    <\/m-list-offers-workday>\n    \n\n\n    <m-link-list>\n                    <h3 slot=\"maintitle\">\n                Otras oportunidades de empleo            <\/h3>\n                    <p slot=\"text\">Descripci\u00f3n por defecto<\/p>\n                    <ul slot=\"links\">\n                                    <li>\n                        <c-link external='true' sr-only='Abrir en una nueva pesta\u00f1a' icon='arrow'>\n                            <a href=\"https:\/\/www.budimex.pl\/en\/career\" title=\"Budimex\">\n                                Budimex                            <\/a>\n                        <\/c-link>\n                    <\/li>\n                                    <li>\n                        <c-link external='true' sr-only='Abrir en una nueva pesta\u00f1a' icon='arrow'>\n                            <a href=\"https:\/\/wwebber.applicantpro.com\/jobsearch\/?classification=Corporate_Opportunities\" title=\"Webber\">\n                                Webber                            <\/a>\n                        <\/c-link>\n                    <\/li>\n                            <\/ul>\n            <\/m-link-list>\n    \n\n\n    <m-link-list>\n                    <h3 slot=\"maintitle\">\n                Ofertas de empleo en todas las \u00e1reas funcionales            <\/h3>\n                    <p slot=\"text\">Descripci\u00f3n por defecto<\/p>\n                    <ul slot=\"links\">\n                                    <li>\n                        <c-link external='false' icon='arrow'>\n                            <a href=\"\" title=\"Administraci\u00f3n\">\n                                Administraci\u00f3n                            <\/a>\n                        <\/c-link>\n                    <\/li>\n                                    <li>\n                        <c-link external='false' icon='arrow'>\n                            <a href=\"\" title=\"Aprovisionamiento\">\n                                Aprovisionamiento                            <\/a>\n                        <\/c-link>\n                    <\/li>\n                                    <li>\n                        <c-link external='false' icon='arrow'>\n                            <a href=\"\" title=\"Calidad\">\n                                Calidad                            <\/a>\n                        <\/c-link>\n                    <\/li>\n                                    <li>\n                        <c-link external='false' icon='arrow'>\n                            <a href=\"\" title=\"Compras\">\n                                Compras                            <\/a>\n                        <\/c-link>\n                    <\/li>\n                                    <li>\n                        <c-link external='false' icon='arrow'>\n                            <a href=\"\" title=\"Consultor\u00eda\">\n                                Consultor\u00eda                            <\/a>\n                        <\/c-link>\n                    <\/li>\n                                    <li>\n                        <c-link external='false' icon='arrow'>\n                            <a href=\"\" title=\"Contabilidad \/ Auditor\u00eda\">\n                                Contabilidad \/ Auditor\u00eda                            <\/a>\n                        <\/c-link>\n                    <\/li>\n                                    <li>\n                        <c-link external='false' icon='arrow'>\n                            <a href=\"\" title=\"Control de proyecto \/ gesti\u00f3n de costes\">\n                                Control de proyecto \/ gesti\u00f3n de costes                            <\/a>\n                        <\/c-link>\n                    <\/li>\n                                    <li>\n                        <c-link external='false' icon='arrow'>\n                            <a href=\"\" title=\"Gesti\u00f3n\">\n                                Gesti\u00f3n                            <\/a>\n                        <\/c-link>\n                    <\/li>\n                                    <li>\n                        <c-link external='false' icon='arrow'>\n                            <a href=\"\" title=\"Gesti\u00f3n de proyectos\">\n                                Gesti\u00f3n de proyectos                            <\/a>\n                        <\/c-link>\n                    <\/li>\n                                    <li>\n                        <c-link external='false' icon='arrow'>\n                            <a href=\"\" title=\"Desarrollo de negocio\">\n                                Desarrollo de negocio                            <\/a>\n                        <\/c-link>\n                    <\/li>\n                                    <li>\n                        <c-link external='false' icon='arrow'>\n                            <a href=\"\" title=\"Dise\u00f1o\">\n                                Dise\u00f1o                            <\/a>\n                        <\/c-link>\n                    <\/li>\n                                    <li>\n                        <c-link external='false' icon='arrow'>\n                            <a href=\"\" title=\"Finanzas\">\n                                Finanzas                            <\/a>\n                        <\/c-link>\n                    <\/li>\n                                    <li>\n                        <c-link external='false' icon='arrow'>\n                            <a href=\"\" title=\"Ingenier\u00eda\">\n                                Ingenier\u00eda                            <\/a>\n                        <\/c-link>\n                    <\/li>\n                                    <li>\n                        <c-link external='false' icon='arrow'>\n                            <a href=\"\" title=\"Innovaci\u00f3n\">\n                                Innovaci\u00f3n                            <\/a>\n                        <\/c-link>\n                    <\/li>\n                                    <li>\n                        <c-link external='false' icon='arrow'>\n                            <a href=\"\" title=\"Legal\">\n                                Legal                            <\/a>\n                        <\/c-link>\n                    <\/li>\n                                    <li>\n                        <c-link external='false' icon='arrow'>\n                            <a href=\"\" title=\"Log\u00edstica\">\n                                Log\u00edstica                            <\/a>\n                        <\/c-link>\n                    <\/li>\n                                    <li>\n                        <c-link external='false' icon='arrow'>\n                            <a href=\"\" title=\"Marketing y Comunicaci\u00f3n\">\n                                Marketing y Comunicaci\u00f3n                            <\/a>\n                        <\/c-link>\n                    <\/li>\n                                    <li>\n                        <c-link external='false' icon='arrow'>\n                            <a href=\"\" title=\"Medio ambiente\">\n                                Medio ambiente                            <\/a>\n                        <\/c-link>\n                    <\/li>\n                                    <li>\n                        <c-link external='false' icon='arrow'>\n                            <a href=\"\" title=\"Operaciones \/ Producci\u00f3n\">\n                                Operaciones \/ Producci\u00f3n                            <\/a>\n                        <\/c-link>\n                    <\/li>\n                                    <li>\n                        <c-link external='false' icon='arrow'>\n                            <a href=\"\" title=\"Recursos Humanos\">\n                                Recursos Humanos                            <\/a>\n                        <\/c-link>\n                    <\/li>\n                                    <li>\n                        <c-link external='false' icon='arrow'>\n                            <a href=\"\" title=\"Seguridad y Salud\">\n                                Seguridad y Salud                            <\/a>\n                        <\/c-link>\n                    <\/li>\n                                    <li>\n                        <c-link external='false' icon='arrow'>\n                            <a href=\"\" title=\"Sistemas inform\u00e1ticos\">\n                                Sistemas inform\u00e1ticos                            <\/a>\n                        <\/c-link>\n                    <\/li>\n                                    <li>\n                        <c-link external='false' icon='arrow'>\n                            <a href=\"\" title=\"Skilled Trade \/Field\">\n                                Skilled Trade \/Field                            <\/a>\n                        <\/c-link>\n                    <\/li>\n                                    <li>\n                        <c-link external='false' icon='arrow'>\n                            <a href=\"\" title=\"Ventas\">\n                                Ventas                            <\/a>\n                        <\/c-link>\n                    <\/li>\n                            <\/ul>\n            <\/m-link-list>\n    ","protected":false},"excerpt":{"rendered":"","protected":false},"featured_media":0,"parent":18881,"menu_order":0,"comment_status":"closed","ping_status":"closed","template":"template-job-postings.php","meta":{"_acf_changed":false,"footnotes":""},"class_list":["post-18885","page","type-page","status-publish","hentry"],"acf":[],"yoast_head":"<!-- This site is optimized with the Yoast SEO plugin v27.2 - https:\/\/yoast.com\/product\/yoast-seo-wordpress\/ -->\n<title>Ofertas de empleo en EEUU, UK, Espa\u00f1a, Australia... - Ferrovial<\/title>\n<meta name=\"description\" content=\"Descubre ofertas de empleo en el extranjero en una multinacional l\u00edder en su sector. Ofrecemos trabajo en EEUU, UK, Espa\u00f1a, Australia, Canada, Chile, Portugal ...\" \/>\n<meta name=\"robots\" content=\"index, follow, max-snippet:-1, max-image-preview:large, max-video-preview:-1\" \/>\n<link rel=\"canonical\" href=\"https:\/\/www.ferrovial.com\/es\/empleo\/ofertas\/\" \/>\n<meta property=\"og:locale\" content=\"es_ES\" \/>\n<meta property=\"og:type\" content=\"article\" \/>\n<meta property=\"og:title\" content=\"Ofertas de empleo en EEUU, UK, Espa\u00f1a, Australia... - Ferrovial\" \/>\n<meta property=\"og:description\" content=\"Descubre ofertas de empleo en el extranjero en una multinacional l\u00edder en su sector. Ofrecemos trabajo en EEUU, UK, Espa\u00f1a, Australia, Canada, Chile, Portugal ...\" \/>\n<meta property=\"og:url\" content=\"https:\/\/www.ferrovial.com\/es\/empleo\/ofertas\/\" \/>\n<meta property=\"og:site_name\" content=\"Ferrovial\" \/>\n<meta property=\"article:publisher\" content=\"https:\/\/www.facebook.com\/ferrovial\" \/>\n<meta property=\"article:modified_time\" content=\"2024-01-09T08:09:44+00:00\" \/>\n<meta name=\"twitter:card\" content=\"summary_large_image\" \/>\n<meta name=\"twitter:site\" content=\"@ferrovial\" \/>\n<!-- \/ Yoast SEO plugin. -->","yoast_head_json":{"title":"Ofertas de empleo en EEUU, UK, Espa\u00f1a, Australia... - Ferrovial","description":"Descubre ofertas de empleo en el extranjero en una multinacional l\u00edder en su sector. Ofrecemos trabajo en EEUU, UK, Espa\u00f1a, Australia, Canada, Chile, Portugal ...","robots":{"index":"index","follow":"follow","max-snippet":"max-snippet:-1","max-image-preview":"max-image-preview:large","max-video-preview":"max-video-preview:-1"},"canonical":"https:\/\/www.ferrovial.com\/es\/empleo\/ofertas\/","og_locale":"es_ES","og_type":"article","og_title":"Ofertas de empleo en EEUU, UK, Espa\u00f1a, Australia... - Ferrovial","og_description":"Descubre ofertas de empleo en el extranjero en una multinacional l\u00edder en su sector. Ofrecemos trabajo en EEUU, UK, Espa\u00f1a, Australia, Canada, Chile, Portugal ...","og_url":"https:\/\/www.ferrovial.com\/es\/empleo\/ofertas\/","og_site_name":"Ferrovial","article_publisher":"https:\/\/www.facebook.com\/ferrovial","article_modified_time":"2024-01-09T08:09:44+00:00","twitter_card":"summary_large_image","twitter_site":"@ferrovial","schema":{"@context":"https:\/\/schema.org","@graph":[{"@type":"WebPage","@id":"https:\/\/www.ferrovial.com\/es\/empleo\/ofertas\/","url":"https:\/\/www.ferrovial.com\/es\/empleo\/ofertas\/","name":"Ofertas de empleo en EEUU, UK, Espa\u00f1a, Australia... - Ferrovial","isPartOf":{"@id":"https:\/\/www.ferrovial.com\/es\/#website"},"datePublished":"2019-09-05T15:13:48+00:00","dateModified":"2024-01-09T08:09:44+00:00","description":"Descubre ofertas de empleo en el extranjero en una multinacional l\u00edder en su sector. Ofrecemos trabajo en EEUU, UK, Espa\u00f1a, Australia, Canada, Chile, Portugal ...","breadcrumb":{"@id":"https:\/\/www.ferrovial.com\/es\/empleo\/ofertas\/#breadcrumb"},"inLanguage":"es","potentialAction":[{"@type":"ReadAction","target":["https:\/\/www.ferrovial.com\/es\/empleo\/ofertas\/"]}]},{"@type":"BreadcrumbList","@id":"https:\/\/www.ferrovial.com\/es\/empleo\/ofertas\/#breadcrumb","itemListElement":[{"@type":"ListItem","position":1,"name":"Portada","item":"https:\/\/www.ferrovial.com\/es\/"},{"@type":"ListItem","position":2,"name":"Empleo","item":"https:\/\/www.ferrovial.com\/es\/empleo\/"},{"@type":"ListItem","position":3,"name":"Ofertas de empleo"}]},{"@type":"WebSite","@id":"https:\/\/www.ferrovial.com\/es\/#website","url":"https:\/\/www.ferrovial.com\/es\/","name":"Ferrovial","description":"Welcome to the Ferrovial&#039;s website, global operator of sustainable infrastructure. Here you can find all the information about the company and subsidiaries.","publisher":{"@id":"https:\/\/www.ferrovial.com\/es\/#organization"},"potentialAction":[{"@type":"SearchAction","target":{"@type":"EntryPoint","urlTemplate":"https:\/\/www.ferrovial.com\/es\/?s={search_term_string}"},"query-input":{"@type":"PropertyValueSpecification","valueRequired":true,"valueName":"search_term_string"}}],"inLanguage":"es"},{"@type":"Organization","@id":"https:\/\/www.ferrovial.com\/es\/#organization","name":"Ferrovial S.A.","url":"https:\/\/www.ferrovial.com\/es\/","logo":{"@type":"ImageObject","inLanguage":"es","@id":"https:\/\/www.ferrovial.com\/es\/#\/schema\/logo\/image\/","url":"https:\/\/static.ferrovial.com\/wp-content\/uploads\/2020\/01\/13124948\/logo-ferrovial-cf7.png","contentUrl":"https:\/\/static.ferrovial.com\/wp-content\/uploads\/2020\/01\/13124948\/logo-ferrovial-cf7.png","width":144,"height":32,"caption":"Ferrovial S.A."},"image":{"@id":"https:\/\/www.ferrovial.com\/es\/#\/schema\/logo\/image\/"},"sameAs":["https:\/\/www.facebook.com\/ferrovial","https:\/\/x.com\/ferrovial","https:\/\/www.instagram.com\/ferrovial\/","https:\/\/www.linkedin.com\/company\/ferrovial","https:\/\/www.pinterest.es\/ferrovial\/","https:\/\/www.youtube.com\/ferrovial","https:\/\/en.wikipedia.org\/wiki\/Ferrovial"]}]}},"_links":{"self":[{"href":"https:\/\/www.ferrovial.com\/es\/wp-json\/wp\/v2\/pages\/18885","targetHints":{"allow":["GET"]}}],"collection":[{"href":"https:\/\/www.ferrovial.com\/es\/wp-json\/wp\/v2\/pages"}],"about":[{"href":"https:\/\/www.ferrovial.com\/es\/wp-json\/wp\/v2\/types\/page"}],"replies":[{"embeddable":true,"href":"https:\/\/www.ferrovial.com\/es\/wp-json\/wp\/v2\/comments?post=18885"}],"version-history":[{"count":3,"href":"https:\/\/www.ferrovial.com\/es\/wp-json\/wp\/v2\/pages\/18885\/revisions"}],"predecessor-version":[{"id":273632,"href":"https:\/\/www.ferrovial.com\/es\/wp-json\/wp\/v2\/pages\/18885\/revisions\/273632"}],"up":[{"embeddable":true,"href":"https:\/\/www.ferrovial.com\/es\/wp-json\/wp\/v2\/pages\/18881"}],"wp:attachment":[{"href":"https:\/\/www.ferrovial.com\/es\/wp-json\/wp\/v2\/media?parent=18885"}],"curies":[{"name":"wp","href":"https:\/\/api.w.org\/{rel}","templated":true}]}}