{"id":192801,"date":"2021-04-26T10:06:02","date_gmt":"2021-04-26T08:06:02","guid":{"rendered":"https:\/\/www.ferrovial.com\/?page_id=192801"},"modified":"2021-04-26T10:38:30","modified_gmt":"2021-04-26T08:38:30","slug":"fichas-de-sostenibilidad","status":"publish","type":"page","link":"https:\/\/www.ferrovial.com\/es\/sostenibilidad\/medio-ambiente\/fichas-de-sostenibilidad\/","title":{"rendered":"Fichas de sostenibilidad"},"content":{"rendered":"    <m-final-content-header bgimage='https:\/\/static.ferrovial.com\/wp-content\/uploads\/2019\/11\/13133047\/elnincc83ocostero-quintalagloria-marzo2017-1-e1573034365614-868x720.jpg'>\n            <c-breadcrumb label-text=\"Breadcrumb\" slot=\"breadcrumbs\" type='2' align='left' wrap='wrapped wrapped' aria-label='Vienes de Medio Ambiente'>\n                        <ol>\n\n                                                            <li><a href=\"https:\/\/www.ferrovial.com\/es\/\" title=\"Ferrovial\">Ferrovial<\/a><\/li>\n                                                                        <li><a href=\"https:\/\/www.ferrovial.com\/es\/sostenibilidad\/\" title=\"Sostenibilidad\">Sostenibilidad<\/a><\/li>\n                                                                        <li><a href=\"https:\/\/www.ferrovial.com\/es\/sostenibilidad\/medio-ambiente\/\" title=\"Medio Ambiente\">Medio Ambiente<\/a><\/li>\n                                    \n                <\/ol>\n\n                <\/c-breadcrumb>\n    \n        <div slot=\"header\">\n            <h1>\n                Fichas de sostenibilidad            <\/h1>\n                    <\/div>\n    <\/m-final-content-header>\n\n    \n\n\n<m-wysiwig class=\"wp-block-components-wysiwyg\"><div slot=\"maincontent\">\n<h2 class=\"wp-block-heading\">Consulta las fichas t\u00e9cnicas<\/h2>\n\n\n\n<p>A continuaci\u00f3n ponemos a tu disposici\u00f3n los proyectos en los que tomamos medidas medioambientales espec\u00edficas para reducir el impacto del cambio clim\u00e1tico.<\/p>\n<\/div><\/m-wysiwig>\n\n\n\n    <m-link-list>\n                    <h3 slot=\"maintitle\">\n                Construcci\u00f3n sostenible            <\/h3>\n                    <p slot=\"text\">Descripci\u00f3n por defecto<\/p>\n                    <ul slot=\"links\">\n                                    <li>\n                        <c-link external='_blank' sr-only='Abrir en una nueva pesta\u00f1a' icon='download'>\n                            <a href=\"https:\/\/static.ferrovial.com\/wp-content\/uploads\/2019\/09\/13134243\/El-Hospital-mas-sostenible-de-europa_Agroman_ES.pdf\" title=\"El hospital m\u00e1s sostenible de Europa\">\n                                El hospital m\u00e1s sostenible de Europa (PDF 982 KB)                            <\/a>\n                        <\/c-link>\n                    <\/li>\n                                    <li>\n                        <c-link external='_blank' sr-only='Abrir en una nueva pesta\u00f1a' icon='download'>\n                            <a href=\"https:\/\/static.ferrovial.com\/wp-content\/uploads\/2019\/09\/13134242\/Fichas_Edificios-bioclimaticos-autosuficientes_Agroman_ES.pdf\" title=\"Edificios bioclim\u00e1ticos autosuficientes\">\n                                Edificios bioclim\u00e1ticos autosuficientes (PDF 848 KB)                            <\/a>\n                        <\/c-link>\n                    <\/li>\n                                    <li>\n                        <c-link external='_blank' sr-only='Abrir en una nueva pesta\u00f1a' icon='download'>\n                            <a href=\"https:\/\/static.ferrovial.com\/wp-content\/uploads\/2019\/09\/13135545\/Espa%C3%B1a-Ficha-80-Viviendas-LEED-Platinum.pdf\" title=\"Medidas de construcci\u00f3n sostenible en un edificio de viviendas\">\n                                Medidas de construcci\u00f3n sostenible en un edificio de viviendas (PDF 107 KB)                            <\/a>\n                        <\/c-link>\n                    <\/li>\n                                    <li>\n                        <c-link external='_blank' sr-only='Abrir en una nueva pesta\u00f1a' icon='download'>\n                            <a href=\"https:\/\/static.ferrovial.com\/wp-content\/uploads\/2019\/09\/13135500\/Chile-Ficha-Paneles-fotocatal%C3%ADticos-purificadores.pdf\" title=\"Paneles fotocatal\u00edticos purificadores, Metro Santiago de Chile\">\n                                Paneles fotocatal\u00edticos purificadores, Metro Santiago de Chile (PDF 215 KB)                            <\/a>\n                        <\/c-link>\n                    <\/li>\n                                    <li>\n                        <c-link external='_blank' sr-only='Abrir en una nueva pesta\u00f1a' icon='download'>\n                            <a href=\"https:\/\/static.ferrovial.com\/wp-content\/uploads\/2019\/09\/13134243\/EDIFICACION-SOSTENIBLE-Intercambiador-de-calor-Merida-III-Milenio.pdf\" title=\"Intercambiador de calor de la Consejer\u00eda de la Junta de Extremadura \">\n                                Intercambiador de calor de la Consejer\u00eda de la Junta de Extremadura  (PDF 310 KB)                            <\/a>\n                        <\/c-link>\n                    <\/li>\n                                    <li>\n                        <c-link external='_blank' sr-only='Abrir en una nueva pesta\u00f1a' icon='download'>\n                            <a href=\"https:\/\/static.ferrovial.com\/wp-content\/uploads\/2019\/09\/13134242\/Ficha-CPD-Alcala.pdf\" title=\"Criterios de eficiencia en la construcci\u00f3n de un centro de procesamiento de datos\">\n                                Criterios de eficiencia en la construcci\u00f3n de un centro de procesamiento de datos (PDF 309 KB)                            <\/a>\n                        <\/c-link>\n                    <\/li>\n                            <\/ul>\n            <\/m-link-list>\n    \n\n\n    <m-link-list>\n                    <h3 slot=\"maintitle\">\n                Restauraci\u00f3n ecol\u00f3gica            <\/h3>\n                    <p slot=\"text\">Descripci\u00f3n por defecto<\/p>\n                    <ul slot=\"links\">\n                                    <li>\n                        <c-link external='_blank' sr-only='Abrir en una nueva pesta\u00f1a' icon='download'>\n                            <a href=\"https:\/\/static.ferrovial.com\/wp-content\/uploads\/2019\/11\/13132601\/ficha-polopos.pdf\" title=\"Restauraci\u00f3n ecol\u00f3gica de taludes y recuperaci\u00f3n de poblaciones de Maytenus senegalensis\">\n                                Restauraci\u00f3n ecol\u00f3gica de taludes y recuperaci\u00f3n de poblaciones de Maytenus senegalensis (PDF 189 KB)                            <\/a>\n                        <\/c-link>\n                    <\/li>\n                                    <li>\n                        <c-link external='_blank' sr-only='Abrir en una nueva pesta\u00f1a' icon='download'>\n                            <a href=\"https:\/\/static.ferrovial.com\/wp-content\/uploads\/2019\/09\/13134911\/Fichas-MA-Ferrovial-Agroman_Conama_espino.pdf\" title=\"Gesti\u00f3n de material pir\u00edtico en vertederos de grandes obras de construcci\u00f3n. Tunel del Espi\u00f1o. Orense. Galicia\">\n                                Gesti\u00f3n de material pir\u00edtico en vertederos de grandes obras de construcci\u00f3n. Tunel del Espi\u00f1o. Orense. Galicia (PDF 337 KB)                            <\/a>\n                        <\/c-link>\n                    <\/li>\n                                    <li>\n                        <c-link external='_blank' sr-only='Abrir en una nueva pesta\u00f1a' icon='download'>\n                            <a href=\"https:\/\/static.ferrovial.com\/wp-content\/uploads\/2019\/11\/13132601\/ficha-legutiano.pdf\" title=\"Dep\u00f3sito de sobrantes de excavaci\u00f3n en el T\u00fanel de Albertia\">\n                                Dep\u00f3sito de sobrantes de excavaci\u00f3n en el T\u00fanel de Albertia (PDF 334 KB)                            <\/a>\n                        <\/c-link>\n                    <\/li>\n                            <\/ul>\n            <\/m-link-list>\n    \n\n\n    <m-link-list>\n                    <h3 slot=\"maintitle\">\n                Eficiencia energ\u00e9tica            <\/h3>\n                    <p slot=\"text\">Descripci\u00f3n por defecto<\/p>\n                    <ul slot=\"links\">\n                                    <li>\n                        <c-link external='_blank' sr-only='Abrir en una nueva pesta\u00f1a' icon='download'>\n                            <a href=\"https:\/\/static.ferrovial.com\/wp-content\/uploads\/2019\/09\/13134911\/EFICIENCIA-ENERGETICA-Eficiencia-Energ%C3%A9tica-en-Instalaciones-de-Obra-....pdf\" title=\"Medidas de eficiencia energ\u00e9tica aplicadas en instalaciones de obra y t\u00fanel\">\n                                Medidas de eficiencia energ\u00e9tica aplicadas en instalaciones de obra y t\u00fanel (PDF 904 KB)                            <\/a>\n                        <\/c-link>\n                    <\/li>\n                                    <li>\n                        <c-link external='_blank' sr-only='Abrir en una nueva pesta\u00f1a' icon='download'>\n                            <a href=\"https:\/\/static.ferrovial.com\/wp-content\/uploads\/2019\/11\/13132557\/birmingham-led.pdf\" title=\"Gesti\u00f3n y mantenimiento de la iluminaci\u00f3n led de Birmingham\">\n                                Gesti\u00f3n y mantenimiento de la iluminaci\u00f3n led de Birmingham (PDF 240 KB)                            <\/a>\n                        <\/c-link>\n                    <\/li>\n                            <\/ul>\n            <\/m-link-list>\n    \n\n\n    <m-link-list>\n                    <h3 slot=\"maintitle\">\n                Infraestructuras            <\/h3>\n                    <p slot=\"text\">Descripci\u00f3n por defecto<\/p>\n                    <ul slot=\"links\">\n                                    <li>\n                        <c-link external='false' icon='arrow'>\n                            <a href=\"\" title=\"Acera\">\n                                Acera                            <\/a>\n                        <\/c-link>\n                    <\/li>\n                                    <li>\n                        <c-link external='false' icon='arrow'>\n                            <a href=\"\" title=\"Aparcamiento\">\n                                Aparcamiento                            <\/a>\n                        <\/c-link>\n                    <\/li>\n                                    <li>\n                        <c-link external='false' icon='arrow'>\n                            <a href=\"\" title=\"Hoteles\">\n                                Hoteles                            <\/a>\n                        <\/c-link>\n                    <\/li>\n                                    <li>\n                        <c-link external='false' icon='arrow'>\n                            <a href=\"\" title=\"Infraestructuras\">\n                                Infraestructuras                            <\/a>\n                        <\/c-link>\n                    <\/li>\n                                    <li>\n                        <c-link external='false' icon='arrow'>\n                            <a href=\"\" title=\"Infraestructuras Ferroviarias\">\n                                Infraestructuras Ferroviarias                            <\/a>\n                        <\/c-link>\n                    <\/li>\n                                    <li>\n                        <c-link external='false' icon='arrow'>\n                            <a href=\"\" title=\"Museos\">\n                                Museos                            <\/a>\n                        <\/c-link>\n                    <\/li>\n                                    <li>\n                        <c-link external='false' icon='arrow'>\n                            <a href=\"\" title=\"Teatros\">\n                                Teatros                            <\/a>\n                        <\/c-link>\n                    <\/li>\n                            <\/ul>\n            <\/m-link-list>\n    \n\n\n    <m-link-list>\n                    <h3 slot=\"maintitle\">\n                Eficiencia operacional             <\/h3>\n                    <p slot=\"text\">Descripci\u00f3n por defecto<\/p>\n                    <ul slot=\"links\">\n                                    <li>\n                        <c-link external='_blank' sr-only='Abrir en una nueva pesta\u00f1a' icon='download'>\n                            <a href=\"https:\/\/static.ferrovial.com\/wp-content\/uploads\/2019\/09\/13135314\/Australia-Pacific-Soil-Binder.pdf\" title=\"P47 polvo en suspensi\u00f3n, Pacific Highway en Australia\">\n                                P47 polvo en suspensi\u00f3n, Pacific Highway en Australia (PDF 790 KB)                            <\/a>\n                        <\/c-link>\n                    <\/li>\n                            <\/ul>\n            <\/m-link-list>\n    \n\n\n    <m-link-list>\n                    <h3 slot=\"maintitle\">\n                Biodiversidad             <\/h3>\n                    <p slot=\"text\">Descripci\u00f3n por defecto<\/p>\n                    <ul slot=\"links\">\n                                    <li>\n                        <c-link external='_blank' sr-only='Abrir en una nueva pesta\u00f1a' icon='download'>\n                            <a href=\"https:\/\/static.ferrovial.com\/wp-content\/uploads\/2019\/11\/13132557\/living-highways.pdf\" title=\"Living Highways\">\n                                Living Highways (PDF 295 KB)                            <\/a>\n                        <\/c-link>\n                    <\/li>\n                            <\/ul>\n            <\/m-link-list>\n    \n\n\n    <m-link-list>\n                    <h3 slot=\"maintitle\">\n                Residuos            <\/h3>\n                    <p slot=\"text\">Descripci\u00f3n por defecto<\/p>\n                    <ul slot=\"links\">\n                                    <li>\n                        <c-link external='_blank' sr-only='Abrir en una nueva pesta\u00f1a' icon='download'>\n                            <a href=\"https:\/\/static.ferrovial.com\/wp-content\/uploads\/2019\/11\/13132556\/milton-keynes-waste-recovery-park.pdf\" title=\"Planta de tratamiento de residuos\">\n                                Planta de tratamiento de residuos (PDF 431 KB)                            <\/a>\n                        <\/c-link>\n                    <\/li>\n                                    <li>\n                        <c-link external='_blank' sr-only='Abrir en una nueva pesta\u00f1a' icon='download'>\n                            <a href=\"https:\/\/static.ferrovial.com\/wp-content\/uploads\/2019\/11\/13132556\/materials-recovery-facility.pdf\" title=\"Recuperaci\u00f3n de materiales \">\n                                Recuperaci\u00f3n de materiales  (PDF 373 KB)                            <\/a>\n                        <\/c-link>\n                    <\/li>\n                                    <li>\n                        <c-link external='_blank' sr-only='Abrir en una nueva pesta\u00f1a' icon='download'>\n                            <a href=\"https:\/\/static.ferrovial.com\/wp-content\/uploads\/2019\/11\/13132556\/design-of-a-table-based-solution-to-replace-paper.pdf\" title=\"Dise\u00f1o de soluci\u00f3n para reemplazar las encuestas en papel\">\n                                Dise\u00f1o de soluci\u00f3n para reemplazar las encuestas en papel (PDF 176 KB)                            <\/a>\n                        <\/c-link>\n                    <\/li>\n                                    <li>\n                        <c-link external='_blank' sr-only='Abrir en una nueva pesta\u00f1a' icon='download'>\n                            <a href=\"https:\/\/static.ferrovial.com\/wp-content\/uploads\/2019\/09\/13135041\/VALORIZACION-DE-RESIDUOS-Reutilizacion-de-materiales-de-demolici%C3%B3n-UK.pdf\" title=\"Reutilizaci\u00f3n de materiales procedentes de la demolici\u00f3n en obras de UK\">\n                                Reutilizaci\u00f3n de materiales procedentes de la demolici\u00f3n en obras de UK (PDF 1 MB)                            <\/a>\n                        <\/c-link>\n                    <\/li>\n                            <\/ul>\n            <\/m-link-list>\n    \n\n\n    <m-link-list>\n                    <h3 slot=\"maintitle\">\n                Flotas limpias             <\/h3>\n                    <p slot=\"text\">Descripci\u00f3n por defecto<\/p>\n                    <ul slot=\"links\">\n                                    <li>\n                        <c-link external='_blank' sr-only='Abrir en una nueva pesta\u00f1a' icon='download'>\n                            <a href=\"https:\/\/static.ferrovial.com\/wp-content\/uploads\/2019\/11\/13132555\/flotas-limpias_entregable.pdf\" title=\"Recogida selectiva puerta a puerta en Portugal\">\n                                Recogida selectiva puerta a puerta en Portugal (PDF 284 KB)                            <\/a>\n                        <\/c-link>\n                    <\/li>\n                            <\/ul>\n            <\/m-link-list>\n    ","protected":false},"excerpt":{"rendered":"","protected":false},"featured_media":0,"parent":18807,"menu_order":0,"comment_status":"closed","ping_status":"closed","template":"","meta":{"_acf_changed":false,"footnotes":""},"class_list":["post-192801","page","type-page","status-publish","hentry"],"acf":[],"yoast_head":"<!-- This site is optimized with the Yoast SEO plugin v27.2 - https:\/\/yoast.com\/product\/yoast-seo-wordpress\/ -->\n<title>Fichas de sostenibilidad - Ferrovial<\/title>\n<meta name=\"description\" content=\"El cambio clim\u00e1tico es la gran amenaza de nuestro tiempo. Sus consecuencias se est\u00e1n haciendo notar cada vez m\u00e1s. Las soluciones que desde Ferrovial estamos ...\" \/>\n<meta name=\"robots\" content=\"index, follow, max-snippet:-1, max-image-preview:large, max-video-preview:-1\" \/>\n<link rel=\"canonical\" href=\"https:\/\/www.ferrovial.com\/es\/sostenibilidad\/medio-ambiente\/fichas-de-sostenibilidad\/\" \/>\n<meta property=\"og:locale\" content=\"es_ES\" \/>\n<meta property=\"og:type\" content=\"article\" \/>\n<meta property=\"og:title\" content=\"Fichas de sostenibilidad - Ferrovial\" \/>\n<meta property=\"og:description\" content=\"El cambio clim\u00e1tico es la gran amenaza de nuestro tiempo. Sus consecuencias se est\u00e1n haciendo notar cada vez m\u00e1s. Las soluciones que desde Ferrovial estamos ...\" \/>\n<meta property=\"og:url\" content=\"https:\/\/www.ferrovial.com\/es\/sostenibilidad\/medio-ambiente\/fichas-de-sostenibilidad\/\" \/>\n<meta property=\"og:site_name\" content=\"Ferrovial\" \/>\n<meta property=\"article:publisher\" content=\"https:\/\/www.facebook.com\/ferrovial\" \/>\n<meta property=\"article:modified_time\" content=\"2021-04-26T08:38:30+00:00\" \/>\n<meta name=\"twitter:card\" content=\"summary_large_image\" \/>\n<meta name=\"twitter:site\" content=\"@ferrovial\" \/>\n<meta name=\"twitter:label1\" content=\"Est. reading time\" \/>\n\t<meta name=\"twitter:data1\" content=\"1 minuto\" \/>\n<!-- \/ Yoast SEO plugin. -->","yoast_head_json":{"title":"Fichas de sostenibilidad - Ferrovial","description":"El cambio clim\u00e1tico es la gran amenaza de nuestro tiempo. Sus consecuencias se est\u00e1n haciendo notar cada vez m\u00e1s. Las soluciones que desde Ferrovial estamos ...","robots":{"index":"index","follow":"follow","max-snippet":"max-snippet:-1","max-image-preview":"max-image-preview:large","max-video-preview":"max-video-preview:-1"},"canonical":"https:\/\/www.ferrovial.com\/es\/sostenibilidad\/medio-ambiente\/fichas-de-sostenibilidad\/","og_locale":"es_ES","og_type":"article","og_title":"Fichas de sostenibilidad - Ferrovial","og_description":"El cambio clim\u00e1tico es la gran amenaza de nuestro tiempo. Sus consecuencias se est\u00e1n haciendo notar cada vez m\u00e1s. Las soluciones que desde Ferrovial estamos ...","og_url":"https:\/\/www.ferrovial.com\/es\/sostenibilidad\/medio-ambiente\/fichas-de-sostenibilidad\/","og_site_name":"Ferrovial","article_publisher":"https:\/\/www.facebook.com\/ferrovial","article_modified_time":"2021-04-26T08:38:30+00:00","twitter_card":"summary_large_image","twitter_site":"@ferrovial","twitter_misc":{"Est. reading time":"1 minuto"},"schema":{"@context":"https:\/\/schema.org","@graph":[{"@type":"WebPage","@id":"https:\/\/www.ferrovial.com\/es\/sostenibilidad\/medio-ambiente\/fichas-de-sostenibilidad\/","url":"https:\/\/www.ferrovial.com\/es\/sostenibilidad\/medio-ambiente\/fichas-de-sostenibilidad\/","name":"Fichas de sostenibilidad - Ferrovial","isPartOf":{"@id":"https:\/\/www.ferrovial.com\/es\/#website"},"datePublished":"2021-04-26T08:06:02+00:00","dateModified":"2021-04-26T08:38:30+00:00","description":"El cambio clim\u00e1tico es la gran amenaza de nuestro tiempo. Sus consecuencias se est\u00e1n haciendo notar cada vez m\u00e1s. Las soluciones que desde Ferrovial estamos ...","breadcrumb":{"@id":"https:\/\/www.ferrovial.com\/es\/sostenibilidad\/medio-ambiente\/fichas-de-sostenibilidad\/#breadcrumb"},"inLanguage":"es","potentialAction":[{"@type":"ReadAction","target":["https:\/\/www.ferrovial.com\/es\/sostenibilidad\/medio-ambiente\/fichas-de-sostenibilidad\/"]}]},{"@type":"BreadcrumbList","@id":"https:\/\/www.ferrovial.com\/es\/sostenibilidad\/medio-ambiente\/fichas-de-sostenibilidad\/#breadcrumb","itemListElement":[{"@type":"ListItem","position":1,"name":"Portada","item":"https:\/\/www.ferrovial.com\/es\/"},{"@type":"ListItem","position":2,"name":"Sostenibilidad","item":"https:\/\/www.ferrovial.com\/es\/sostenibilidad\/"},{"@type":"ListItem","position":3,"name":"Medio Ambiente","item":"https:\/\/www.ferrovial.com\/es\/sostenibilidad\/medio-ambiente\/"},{"@type":"ListItem","position":4,"name":"Fichas de sostenibilidad"}]},{"@type":"WebSite","@id":"https:\/\/www.ferrovial.com\/es\/#website","url":"https:\/\/www.ferrovial.com\/es\/","name":"Ferrovial","description":"Welcome to the Ferrovial&#039;s website, global operator of sustainable infrastructure. Here you can find all the information about the company and subsidiaries.","publisher":{"@id":"https:\/\/www.ferrovial.com\/es\/#organization"},"potentialAction":[{"@type":"SearchAction","target":{"@type":"EntryPoint","urlTemplate":"https:\/\/www.ferrovial.com\/es\/?s={search_term_string}"},"query-input":{"@type":"PropertyValueSpecification","valueRequired":true,"valueName":"search_term_string"}}],"inLanguage":"es"},{"@type":"Organization","@id":"https:\/\/www.ferrovial.com\/es\/#organization","name":"Ferrovial S.A.","url":"https:\/\/www.ferrovial.com\/es\/","logo":{"@type":"ImageObject","inLanguage":"es","@id":"https:\/\/www.ferrovial.com\/es\/#\/schema\/logo\/image\/","url":"https:\/\/static.ferrovial.com\/wp-content\/uploads\/2020\/01\/13124948\/logo-ferrovial-cf7.png","contentUrl":"https:\/\/static.ferrovial.com\/wp-content\/uploads\/2020\/01\/13124948\/logo-ferrovial-cf7.png","width":144,"height":32,"caption":"Ferrovial S.A."},"image":{"@id":"https:\/\/www.ferrovial.com\/es\/#\/schema\/logo\/image\/"},"sameAs":["https:\/\/www.facebook.com\/ferrovial","https:\/\/x.com\/ferrovial","https:\/\/www.instagram.com\/ferrovial\/","https:\/\/www.linkedin.com\/company\/ferrovial","https:\/\/www.pinterest.es\/ferrovial\/","https:\/\/www.youtube.com\/ferrovial","https:\/\/en.wikipedia.org\/wiki\/Ferrovial"]}]}},"_links":{"self":[{"href":"https:\/\/www.ferrovial.com\/es\/wp-json\/wp\/v2\/pages\/192801","targetHints":{"allow":["GET"]}}],"collection":[{"href":"https:\/\/www.ferrovial.com\/es\/wp-json\/wp\/v2\/pages"}],"about":[{"href":"https:\/\/www.ferrovial.com\/es\/wp-json\/wp\/v2\/types\/page"}],"replies":[{"embeddable":true,"href":"https:\/\/www.ferrovial.com\/es\/wp-json\/wp\/v2\/comments?post=192801"}],"version-history":[{"count":2,"href":"https:\/\/www.ferrovial.com\/es\/wp-json\/wp\/v2\/pages\/192801\/revisions"}],"predecessor-version":[{"id":192813,"href":"https:\/\/www.ferrovial.com\/es\/wp-json\/wp\/v2\/pages\/192801\/revisions\/192813"}],"up":[{"embeddable":true,"href":"https:\/\/www.ferrovial.com\/es\/wp-json\/wp\/v2\/pages\/18807"}],"wp:attachment":[{"href":"https:\/\/www.ferrovial.com\/es\/wp-json\/wp\/v2\/media?parent=192801"}],"curies":[{"name":"wp","href":"https:\/\/api.w.org\/{rel}","templated":true}]}}