{"id":195257,"date":"2021-05-26T15:14:15","date_gmt":"2021-05-26T13:14:15","guid":{"rendered":"https:\/\/www.ferrovial.com\/?page_id=195257"},"modified":"2025-11-09T16:23:18","modified_gmt":"2025-11-09T15:23:18","slug":"ley-de-cambio-climatico-y-transicion-energetica","status":"publish","type":"page","link":"https:\/\/www.ferrovial.com\/es\/recursos\/ley-de-cambio-climatico-y-transicion-energetica\/","title":{"rendered":"Ley de Cambio Clim\u00e1tico y Transici\u00f3n Energ\u00e9tica"},"content":{"rendered":"    <m-final-content-header >\n            <c-breadcrumb label-text=\"Breadcrumb\" slot=\"breadcrumbs\" type='2' align='left' wrap='wrapped wrapped' aria-label='Vienes de Recursos'>\n                        <ol>\n\n                                                            <li><a href=\"https:\/\/www.ferrovial.com\/es\/\" title=\"Ferrovial\">Ferrovial<\/a><\/li>\n                                                                        <li><a href=\"https:\/\/www.ferrovial.com\/es\/recursos\/\" title=\"Recursos\">Recursos<\/a><\/li>\n                                    \n                <\/ol>\n\n                <\/c-breadcrumb>\n    \n        <div slot=\"header\">\n            <h1>\n                Ley de Cambio Clim\u00e1tico y Transici\u00f3n Energ\u00e9tica            <\/h1>\n                    <\/div>\n    <\/m-final-content-header>\n\n    \n\n\n<p><script type=\"application\/ld+json\">\n{\n  \"@context\": \"https:\/\/schema.org\",\n  \"@type\": \"FAQPage\",\n  \"mainEntity\": [{\n    \"@type\": \"Question\",\n    \"name\": \"\u00bfQu\u00e9 es el cambio clim\u00e1tico actual?\",\n    \"acceptedAnswer\": {\n      \"@type\": \"Answer\",\n      \"text\": \"Un cambio clim\u00e1tico no es otra cosa que un cambio de clima. El actual es un cambio clim\u00e1tico antropog\u00e9nico, lo que significa que el origen del calentamiento global son las actividades humanas. En concreto, la liberaci\u00f3n de gases de efecto invernadero (GEI) durante varios siglos est\u00e1 aumentando la temperatura de la atm\u00f3sfera y el oc\u00e9ano\"\n    }\n  },{\n    \"@type\": \"Question\",\n    \"name\": \"\u00bfEn qu\u00e9 consiste la Transici\u00f3n Energ\u00e9tica?\",\n    \"acceptedAnswer\": {\n      \"@type\": \"Answer\",\n      \"text\": \"La transici\u00f3n energ\u00e9tica es un paso necesario para descarbonizar la econom\u00eda. Incluye tanto la generaci\u00f3n de energ\u00eda como su consumo. Se suele centrar en el cambio de centrales y movilidades t\u00e9rmicas por soluciones como fuentes renovables o de bajas emisiones y electrificaci\u00f3n, aunque es mucho m\u00e1s\"\n    }\n  },{\n    \"@type\": \"Question\",\n    \"name\": \"As\u00ed ser\u00e1 la Ley de Cambio Clim\u00e1tico y Transici\u00f3n Energ\u00e9tica en Espa\u00f1a\",\n    \"acceptedAnswer\": {\n      \"@type\": \"Answer\",\n      \"text\": \"La nueva Ley de Cambio Clim\u00e1tico y Transici\u00f3n Energ\u00e9tica persigue como principal objetivo la descarbonizaci\u00f3n, pero tambi\u00e9n la sostenibilidad ambiental en otros campos y a largo plazo.\"\n    }\n  }]\n}\n<\/script><\/p>\n\n\n\n<m-wysiwig class=\"wp-block-components-wysiwyg\"><div slot=\"maincontent\">\n<p>Tras a\u00f1os de esfuerzos la <a href=\"https:\/\/www.miteco.gob.es\/es\/ministerio\/proyecto-de-ley-de-cambio-climatico-y-transicion-energetica.aspx\" target=\"_blank\" aria-label=\" (opens in a new tab)\" rel=\"noreferrer noopener\" class=\"ek-link\">Ley de Cambio Clim\u00e1tico y Transici\u00f3n Energ\u00e9tica<\/a> ser\u00e1 aprobada en 2021. Entre algunos de sus objetivos se encuentran <strong>reducir las emisiones de gases de efecto invernadero<\/strong> (GEI) un 23% en 2030 respecto a los niveles de 1990. Tambi\u00e9n impulsar\u00e1 energ\u00edas renovables, la movilidad sin emisiones, el fin de la explotaci\u00f3n de hidrocarburos, la educaci\u00f3n ambiental o la protecci\u00f3n de la biodiversidad. \u00bfPor qu\u00e9 es importante esta ley?<\/p>\n\n\n\n<h2 class=\"wp-block-heading\">\u00bfQu\u00e9 es el cambio clim\u00e1tico actual?<\/h2>\n\n\n\n<p>Un cambio clim\u00e1tico no es otra cosa que un <a href=\"http:\/\/unfccc.int\/portal_espanol\/informacion_basica\/la_convencion\/items\/6196.php\" class=\"ek-link\">cambio de clima<\/a>. El actual es un cambio clim\u00e1tico antropog\u00e9nico, lo que significa que <strong>el origen del calentamiento global son las actividades humanas<\/strong>. En concreto, la liberaci\u00f3n de gases de efecto invernadero (GEI) durante varios siglos est\u00e1 aumentando la temperatura de la atm\u00f3sfera y el oc\u00e9ano.<\/p>\n\n\n\n<p>Esta acumulaci\u00f3n de contaminantes y aumento de temperaturas, m\u00e1s all\u00e1 de resultar perjudiciales para la salud, tiene impactos sobre la biosfera, su ecolog\u00eda y la biodiversidad. Entre otros, acidifica el oc\u00e9ano, hace que los biomas se desplacen y reduce de forma importante la complejidad ecosist\u00e9mica, haciendo la biosfera m\u00e1s vulnerable a eventos futuros.<\/p>\n\n\n\n<h2 class=\"wp-block-heading\">\u00bfEn qu\u00e9 consiste la Transici\u00f3n Energ\u00e9tica?<\/h2>\n\n\n\n<p>La <strong>transici\u00f3n energ\u00e9tica<\/strong> es un paso necesario para descarbonizar la econom\u00eda. Incluye tanto la generaci\u00f3n de energ\u00eda como su consumo. Se suele centrar en el cambio de centrales y movilidades t\u00e9rmicas por soluciones como fuentes renovables o de bajas emisiones y electrificaci\u00f3n, aunque es mucho m\u00e1s.<\/p>\n\n\n\n<p>Esta transici\u00f3n es un <strong>periodo de adaptaci\u00f3n<\/strong> desde una econom\u00eda dependiente de los combustibles f\u00f3siles a una sin huella de carbono. Y tambi\u00e9n incluye mejoras en eficiencia con redes inteligentes, un uso m\u00e1s sostenible de recursos renovables o cambios en los h\u00e1bitos de las personas.<\/p>\n\n\n\n<h2 class=\"wp-block-heading\">As\u00ed ser\u00e1 la Ley de Cambio Clim\u00e1tico y Transici\u00f3n Energ\u00e9tica en Espa\u00f1a<\/h2>\n\n\n\n<p>La nueva Ley de Cambio Clim\u00e1tico y Transici\u00f3n Energ\u00e9tica persigue como principal objetivo la descarbonizaci\u00f3n, pero tambi\u00e9n la sostenibilidad ambiental en otros campos y a largo plazo. Estas son algunas de sus ideas clave:<\/p>\n\n\n\n<ul class=\"wp-block-list\">\n<li><strong>El fin de los hidrocarburos y el uranio<\/strong>. Pronto no se podr\u00e1 abrir nuevas explotaciones de extracci\u00f3n de hidrocarburos en Espa\u00f1a, en tierra o mar. Esto incluye el <em>fracking <\/em>o fractura h\u00eddrica. Tampoco se podr\u00e1n abrir nuevas exploraciones de uranio. Adem\u00e1s, se pone fecha a las existentes: 31 de diciembre de 2042.<\/li>\n\n\n\n<li><strong>M\u00e1s renovables y menos generaci\u00f3n t\u00e9rmica<\/strong>. Con el objetivo de una generaci\u00f3n de energ\u00eda 100% renovable en 2050, para 2030 deber\u00e1 ser del 74%. A finales de 2020 el 43,6% de toda la energ\u00eda generada ya era renovable seg\u00fan REE, no as\u00ed la consumida. Cada 1% alcanzado es ligeramente m\u00e1s complicado que el previo, por lo que es un reto a largo plazo.<\/li>\n\n\n\n<li><strong>Movilidad: menos gases a la atm\u00f3sfera<\/strong>. Las ciudades de 50.000 habitantes deber\u00e1n establecer Zonas de Bajas Emisiones en 2023. Tambi\u00e9n fomentar la movilidad compartida, el transporte p\u00fablico masivo, apostar por la electrificaci\u00f3n de las flotas y alejar el tr\u00e1fico de escuelas y centros de salud.<\/li>\n\n\n\n<li><strong>Proteger la biodiversidad<\/strong>. Hace tiempo que se sabe que la salud de las personas depende de la biosfera y su biodiversidad. Proteger la ecolog\u00eda es imprescindible en una ley clim\u00e1tica. Es por ello que se fomentar\u00e1 la conservaci\u00f3n y restauraci\u00f3n de ecosistemas y especies particularmente sensibles al cambio clim\u00e1tico o a la antropizaci\u00f3n.<\/li>\n\n\n\n<li><strong>El papel de las empresas y sociedades<\/strong>. Medir los impactos ambientales ser\u00e1 ahora obligatorio para grandes empresas. Estas deber\u00e1n presentar informes anuales sobre los riesgos que su actividad pueda presentar para el cumplimiento de la ley de transici\u00f3n. De esta forma se podr\u00e1 adelantar a los retos a medida que se vayan sucediendo.<\/li>\n\n\n\n<li><strong>Educaci\u00f3n sobre el clima<\/strong>. La ley tambi\u00e9n recoge incluir educaci\u00f3n sobre el clima dentro del curr\u00edculo escolar del sistema educativo. La educaci\u00f3n ambiental es uno de los pilares b\u00e1sicos que han ayudado a alcanzar hitos hist\u00f3ricos como estas propuestas, por lo que resulta imprescindible que futuras generaciones est\u00e9n mejor informadas.<\/li>\n<\/ul>\n<\/div><\/m-wysiwig>\n\n\n    <m-projects-distributor2 :translations='{\n        &quot;prev&quot;:&quot;Anterior&quot;,\n        &quot;next&quot;:&quot;Siguiente&quot;,\n        &quot;paginationseparator&quot;:&quot;de&quot;\n    }'>\n                        <h2 slot=\"title\">\n                Nuestros proyectos destacados                <\/h2>\n                        <a slot='button' title='Conoce nuestros proyectos ' href='https:\/\/www.ferrovial.com\/es\/cintra\/proyectos\/'>\n            Conoce nuestros proyectos         <\/a>\n\n            <\/m-projects-distributor2>\n\n    ","protected":false},"excerpt":{"rendered":"","protected":false},"featured_media":0,"parent":25267,"menu_order":0,"comment_status":"closed","ping_status":"closed","template":"","meta":{"_acf_changed":false,"footnotes":""},"class_list":["post-195257","page","type-page","status-publish","hentry"],"acf":[],"yoast_head":"<!-- This site is optimized with the Yoast SEO plugin v27.2 - https:\/\/yoast.com\/product\/yoast-seo-wordpress\/ -->\n<title>Ley de Cambio Clim\u00e1tico y Transici\u00f3n Energ\u00e9tica - Ferrovial<\/title>\n<meta name=\"description\" content=\"La nueva Ley de Cambio Clim\u00e1tico y Transici\u00f3n Energ\u00e9tica persigue como principal objetivo la descarbonizaci\u00f3n, pero tambi\u00e9n la sostenibilidad ambiental en otros campos y a largo plazo.\" \/>\n<meta name=\"robots\" content=\"index, follow, max-snippet:-1, max-image-preview:large, max-video-preview:-1\" \/>\n<link rel=\"canonical\" href=\"https:\/\/www.ferrovial.com\/es\/recursos\/ley-de-cambio-climatico-y-transicion-energetica\/\" \/>\n<meta property=\"og:locale\" content=\"es_ES\" \/>\n<meta property=\"og:type\" content=\"article\" \/>\n<meta property=\"og:title\" content=\"Ley de Cambio Clim\u00e1tico y Transici\u00f3n Energ\u00e9tica - Ferrovial\" \/>\n<meta property=\"og:description\" content=\"La nueva Ley de Cambio Clim\u00e1tico y Transici\u00f3n Energ\u00e9tica persigue como principal objetivo la descarbonizaci\u00f3n, pero tambi\u00e9n la sostenibilidad ambiental en otros campos y a largo plazo.\" \/>\n<meta property=\"og:url\" content=\"https:\/\/www.ferrovial.com\/es\/recursos\/ley-de-cambio-climatico-y-transicion-energetica\/\" \/>\n<meta property=\"og:site_name\" content=\"Ferrovial\" \/>\n<meta property=\"article:publisher\" content=\"https:\/\/www.facebook.com\/ferrovial\" \/>\n<meta property=\"article:modified_time\" content=\"2025-11-09T15:23:18+00:00\" \/>\n<meta name=\"twitter:card\" content=\"summary_large_image\" \/>\n<meta name=\"twitter:site\" content=\"@ferrovial\" \/>\n<meta name=\"twitter:label1\" content=\"Est. reading time\" \/>\n\t<meta name=\"twitter:data1\" content=\"3 minutos\" \/>\n<!-- \/ Yoast SEO plugin. -->","yoast_head_json":{"title":"Ley de Cambio Clim\u00e1tico y Transici\u00f3n Energ\u00e9tica - Ferrovial","description":"La nueva Ley de Cambio Clim\u00e1tico y Transici\u00f3n Energ\u00e9tica persigue como principal objetivo la descarbonizaci\u00f3n, pero tambi\u00e9n la sostenibilidad ambiental en otros campos y a largo plazo.","robots":{"index":"index","follow":"follow","max-snippet":"max-snippet:-1","max-image-preview":"max-image-preview:large","max-video-preview":"max-video-preview:-1"},"canonical":"https:\/\/www.ferrovial.com\/es\/recursos\/ley-de-cambio-climatico-y-transicion-energetica\/","og_locale":"es_ES","og_type":"article","og_title":"Ley de Cambio Clim\u00e1tico y Transici\u00f3n Energ\u00e9tica - Ferrovial","og_description":"La nueva Ley de Cambio Clim\u00e1tico y Transici\u00f3n Energ\u00e9tica persigue como principal objetivo la descarbonizaci\u00f3n, pero tambi\u00e9n la sostenibilidad ambiental en otros campos y a largo plazo.","og_url":"https:\/\/www.ferrovial.com\/es\/recursos\/ley-de-cambio-climatico-y-transicion-energetica\/","og_site_name":"Ferrovial","article_publisher":"https:\/\/www.facebook.com\/ferrovial","article_modified_time":"2025-11-09T15:23:18+00:00","twitter_card":"summary_large_image","twitter_site":"@ferrovial","twitter_misc":{"Est. reading time":"3 minutos"},"schema":{"@context":"https:\/\/schema.org","@graph":[{"@type":"WebPage","@id":"https:\/\/www.ferrovial.com\/es\/recursos\/ley-de-cambio-climatico-y-transicion-energetica\/","url":"https:\/\/www.ferrovial.com\/es\/recursos\/ley-de-cambio-climatico-y-transicion-energetica\/","name":"Ley de Cambio Clim\u00e1tico y Transici\u00f3n Energ\u00e9tica - Ferrovial","isPartOf":{"@id":"https:\/\/www.ferrovial.com\/es\/#website"},"datePublished":"2021-05-26T13:14:15+00:00","dateModified":"2025-11-09T15:23:18+00:00","description":"La nueva Ley de Cambio Clim\u00e1tico y Transici\u00f3n Energ\u00e9tica persigue como principal objetivo la descarbonizaci\u00f3n, pero tambi\u00e9n la sostenibilidad ambiental en otros campos y a largo plazo.","breadcrumb":{"@id":"https:\/\/www.ferrovial.com\/es\/recursos\/ley-de-cambio-climatico-y-transicion-energetica\/#breadcrumb"},"inLanguage":"es","potentialAction":[{"@type":"ReadAction","target":["https:\/\/www.ferrovial.com\/es\/recursos\/ley-de-cambio-climatico-y-transicion-energetica\/"]}]},{"@type":"BreadcrumbList","@id":"https:\/\/www.ferrovial.com\/es\/recursos\/ley-de-cambio-climatico-y-transicion-energetica\/#breadcrumb","itemListElement":[{"@type":"ListItem","position":1,"name":"Portada","item":"https:\/\/www.ferrovial.com\/es\/"},{"@type":"ListItem","position":2,"name":"Recursos","item":"https:\/\/www.ferrovial.com\/es\/recursos\/"},{"@type":"ListItem","position":3,"name":"Ley de Cambio Clim\u00e1tico y Transici\u00f3n Energ\u00e9tica"}]},{"@type":"WebSite","@id":"https:\/\/www.ferrovial.com\/es\/#website","url":"https:\/\/www.ferrovial.com\/es\/","name":"Ferrovial","description":"Welcome to the Ferrovial&#039;s website, global operator of sustainable infrastructure. Here you can find all the information about the company and subsidiaries.","publisher":{"@id":"https:\/\/www.ferrovial.com\/es\/#organization"},"potentialAction":[{"@type":"SearchAction","target":{"@type":"EntryPoint","urlTemplate":"https:\/\/www.ferrovial.com\/es\/?s={search_term_string}"},"query-input":{"@type":"PropertyValueSpecification","valueRequired":true,"valueName":"search_term_string"}}],"inLanguage":"es"},{"@type":"Organization","@id":"https:\/\/www.ferrovial.com\/es\/#organization","name":"Ferrovial S.A.","url":"https:\/\/www.ferrovial.com\/es\/","logo":{"@type":"ImageObject","inLanguage":"es","@id":"https:\/\/www.ferrovial.com\/es\/#\/schema\/logo\/image\/","url":"https:\/\/static.ferrovial.com\/wp-content\/uploads\/2020\/01\/13124948\/logo-ferrovial-cf7.png","contentUrl":"https:\/\/static.ferrovial.com\/wp-content\/uploads\/2020\/01\/13124948\/logo-ferrovial-cf7.png","width":144,"height":32,"caption":"Ferrovial S.A."},"image":{"@id":"https:\/\/www.ferrovial.com\/es\/#\/schema\/logo\/image\/"},"sameAs":["https:\/\/www.facebook.com\/ferrovial","https:\/\/x.com\/ferrovial","https:\/\/www.instagram.com\/ferrovial\/","https:\/\/www.linkedin.com\/company\/ferrovial","https:\/\/www.pinterest.es\/ferrovial\/","https:\/\/www.youtube.com\/ferrovial","https:\/\/en.wikipedia.org\/wiki\/Ferrovial"]}]}},"_links":{"self":[{"href":"https:\/\/www.ferrovial.com\/es\/wp-json\/wp\/v2\/pages\/195257","targetHints":{"allow":["GET"]}}],"collection":[{"href":"https:\/\/www.ferrovial.com\/es\/wp-json\/wp\/v2\/pages"}],"about":[{"href":"https:\/\/www.ferrovial.com\/es\/wp-json\/wp\/v2\/types\/page"}],"replies":[{"embeddable":true,"href":"https:\/\/www.ferrovial.com\/es\/wp-json\/wp\/v2\/comments?post=195257"}],"version-history":[{"count":3,"href":"https:\/\/www.ferrovial.com\/es\/wp-json\/wp\/v2\/pages\/195257\/revisions"}],"predecessor-version":[{"id":317148,"href":"https:\/\/www.ferrovial.com\/es\/wp-json\/wp\/v2\/pages\/195257\/revisions\/317148"}],"up":[{"embeddable":true,"href":"https:\/\/www.ferrovial.com\/es\/wp-json\/wp\/v2\/pages\/25267"}],"wp:attachment":[{"href":"https:\/\/www.ferrovial.com\/es\/wp-json\/wp\/v2\/media?parent=195257"}],"curies":[{"name":"wp","href":"https:\/\/api.w.org\/{rel}","templated":true}]}}