{"id":195267,"date":"2021-05-26T15:20:56","date_gmt":"2021-05-26T13:20:56","guid":{"rendered":"https:\/\/www.ferrovial.com\/?page_id=195267"},"modified":"2025-09-06T15:37:28","modified_gmt":"2025-09-06T13:37:28","slug":"biodiversidad","status":"publish","type":"page","link":"https:\/\/www.ferrovial.com\/es\/recursos\/biodiversidad\/","title":{"rendered":"Biodiversidad"},"content":{"rendered":"    <m-final-content-header >\n            <c-breadcrumb label-text=\"Breadcrumb\" slot=\"breadcrumbs\" type='2' align='left' wrap='wrapped wrapped' aria-label='Vienes de Recursos'>\n                        <ol>\n\n                                                            <li><a href=\"https:\/\/www.ferrovial.com\/es\/\" title=\"Ferrovial\">Ferrovial<\/a><\/li>\n                                                                        <li><a href=\"https:\/\/www.ferrovial.com\/es\/recursos\/\" title=\"Recursos\">Recursos<\/a><\/li>\n                                    \n                <\/ol>\n\n                <\/c-breadcrumb>\n    \n        <div slot=\"header\">\n            <h1>\n                Biodiversidad            <\/h1>\n                    <\/div>\n    <\/m-final-content-header>\n\n    \n\n\n<p><script type=\"application\/ld+json\">\n{\n  \"@context\": \"https:\/\/schema.org\",\n  \"@type\": \"FAQPage\",\n  \"mainEntity\": [{\n    \"@type\": \"Question\",\n    \"name\": \"\u00bfQu\u00e9 es la biodiversidad?\",\n    \"acceptedAnswer\": {\n      \"@type\": \"Answer\",\n      \"text\": \"La biodiversidad es la variedad de especies de un h\u00e1bitat. En biolog\u00eda, el t\u00e9rmino de diversidad biol\u00f3gica se refiere al n\u00famero de poblaciones de organismos y especies distintas; mientras que los ec\u00f3logos prefieren hablar de diversidad de interacciones entre especies y su ambiente. Lo cierto es que son definiciones que se complementan entre s\u00ed.\"\n    }\n  },{\n    \"@type\": \"Question\",\n    \"name\": \"\u00bfPor qu\u00e9 es importante la biodiversidad?\",\n    \"acceptedAnswer\": {\n      \"@type\": \"Answer\",\n      \"text\": \"Desde un punto de vista puramente antropol\u00f3gico y \u2018ego\u00edsta\u2019, los seres humanos dependemos de la biodiversidad de los ecosistemas en multitud de frentes:\nAmbientales. La biosfera ayuda a que el planeta sea habitable, regulando la temperatura de la superficie y limpiando la atm\u00f3sfera.\nDe recursos. Obtenemos todo tipo de materias primas indispensables.\nDe conocimientos. La diversidad biol\u00f3gica es la fuente de buena parte de los f\u00e1rmacos, y otras especies nos ayudan a entendernos a nosotros.\nEcon\u00f3micos. Buena parte de la actividad humana descansa sobre entornos naturales o naturalizados, ciudades incluidas.\nDe protecci\u00f3n. Preservar los ecosistemas minimiza el riesgo de zoonosis y pandemias.\nSanitarias. Se ha demostrado c\u00f3mo entornos con menor biodiversidad afectan de forma negativa a la salud.\"\n    }\n  },{\n    \"@type\": \"Question\",\n    \"name\": \"Causas de la p\u00e9rdida de biodiversidad\",\n    \"acceptedAnswer\": {\n      \"@type\": \"Answer\",\n      \"text\": \"Estudios recientes han demostrado que, aunque la actual p\u00e9rdida de biodiversidad es cr\u00edtica, casi todas las cadenas ecol\u00f3gicas actuales han sido previamente modificadas por el ser humano durante los \u00faltimos 12.000 a\u00f1os. Es decir, se est\u00e1 protegiendo una biodiversidad ya muy diezmada y vulnerable. Entre los motivos pasados y actuales se encuentran:\nSobreexplotaci\u00f3n de los recursos naturales. Cada a\u00f1o la fecha del Earth Overshoot Day, d\u00eda simb\u00f3lico que representa el d\u00eda en que consumimos los recursos que se renuevan en un a\u00f1o natural, llega antes.\nP\u00e9rdida de los h\u00e1bitats de las especies. La destrucci\u00f3n de h\u00e1bitats para satisfacer la creciente demanda de alimento, energ\u00eda y espacio urbano distribuido se acelera d\u00e9cada tras d\u00e9cada.\nContaminaci\u00f3n del medio ambiente. La biodiversidad es muy vulnerable a cambios ambientales, desde la contaminaci\u00f3n qu\u00edmica a la ac\u00fastica, pasando por el cambio clim\u00e1tico o los vertidos.\nIntroducci\u00f3n de especies invasoras. La ecolog\u00eda de algunas regiones es tan vulnerable que la introducci\u00f3n de especies invasoras tiene un papel fundamental en la destrucci\u00f3n de su biodiversidad.\"\n    }\n  }]\n}\n<\/script><\/p>\n\n\n\n<m-wysiwig class=\"wp-block-components-wysiwyg\"><div slot=\"maincontent\">\n<h2 class=\"wp-block-heading\">\u00bfQu\u00e9 es la biodiversidad?<\/h2>\n\n\n\n<p>La <strong>biodiversidad<\/strong>, llamada tambi\u00e9n <strong>diversidad biol\u00f3gica<\/strong>, es la variedad de especies de un h\u00e1bitat. En biolog\u00eda, el t\u00e9rmino de diversidad biol\u00f3gica se refiere al n\u00famero de poblaciones de organismos y especies distintas; mientras que los ec\u00f3logos prefieren hablar de diversidad de interacciones entre especies y su ambiente. Lo cierto es que son definiciones que se complementan entre s\u00ed.<\/p>\n\n\n\n<h2 class=\"wp-block-heading\">\u00bfPor qu\u00e9 es importante la biodiversidad?<\/h2>\n\n\n\n<p>Desde un punto de vista puramente antropol\u00f3gico y \u2018ego\u00edsta\u2019, los seres humanos dependemos de la biodiversidad de los ecosistemas en multitud de frentes:<\/p>\n\n\n\n<ul class=\"wp-block-list\">\n<li><strong>Ambientales<\/strong>. La biosfera ayuda a que el planeta sea habitable, regulando la temperatura de la superficie y limpiando la atm\u00f3sfera.<\/li>\n\n\n\n<li><strong>De recursos<\/strong>. Obtenemos todo tipo de materias primas indispensables.<\/li>\n\n\n\n<li><strong>De conocimientos<\/strong>. La diversidad biol\u00f3gica es la fuente de buena parte de los f\u00e1rmacos, y otras especies nos ayudan a entendernos a nosotros.<\/li>\n\n\n\n<li><strong>Econ\u00f3micos<\/strong>. Buena parte de la actividad humana descansa sobre entornos naturales o naturalizados, ciudades incluidas.<\/li>\n\n\n\n<li><strong>De protecci\u00f3n<\/strong>. Preservar los ecosistemas minimiza el riesgo de zoonosis y pandemias.<\/li>\n\n\n\n<li><strong>Sanitarias<\/strong>. Se ha demostrado c\u00f3mo entornos con menor biodiversidad afectan de forma negativa a la salud.<\/li>\n<\/ul>\n\n\n\n<p>El planeta seguir\u00e1 \u2018aqu\u00ed\u2019 aunque la biodiversidad llegue a cero, pero nosotros no.<\/p>\n\n\n\n<h2 class=\"wp-block-heading\">Causas de la p\u00e9rdida de biodiversidad<\/h2>\n\n\n\n<p><a href=\"https:\/\/www.pnas.org\/content\/118\/17\/e2023483118\" target=\"_blank\" aria-label=\" (opens in a new tab)\" rel=\"noreferrer noopener\" class=\"ek-link\">Estudios recientes<\/a> han demostrado que, aunque la actual p\u00e9rdida de biodiversidad es cr\u00edtica, casi todas las cadenas ecol\u00f3gicas actuales han sido previamente modificadas por el ser humano durante los \u00faltimos 12.000 a\u00f1os. Es decir, se est\u00e1 protegiendo una biodiversidad ya muy diezmada y vulnerable. Entre los motivos pasados y actuales se encuentran:<\/p>\n\n\n\n<ul class=\"wp-block-list\">\n<li><strong>Sobreexplotaci\u00f3n de los recursos naturales<\/strong>. Cada a\u00f1o la fecha del <a aria-label=\" (opens in a new tab)\" class=\"ek-link\" href=\"https:\/\/www.overshootday.org\/about-earth-overshoot-day\/\" target=\"_blank\" rel=\"noreferrer noopener\">Earth Overshoot Day<\/a>, d\u00eda simb\u00f3lico que representa el d\u00eda en que consumimos los recursos que se renuevan en un a\u00f1o natural, llega antes.<\/li>\n\n\n\n<li><strong>P\u00e9rdida de los h\u00e1bitats de las especies<\/strong>. La destrucci\u00f3n de h\u00e1bitats para satisfacer la creciente demanda de alimento, energ\u00eda y espacio urbano distribuido se acelera d\u00e9cada tras d\u00e9cada.<\/li>\n\n\n\n<li><strong>Contaminaci\u00f3n del medio ambiente<\/strong>. La biodiversidad es muy vulnerable a cambios ambientales, desde la contaminaci\u00f3n qu\u00edmica a la ac\u00fastica, pasando por el cambio clim\u00e1tico o los vertidos.<\/li>\n\n\n\n<li><strong>Introducci\u00f3n de especies invasoras<\/strong>. La ecolog\u00eda de algunas regiones es tan vulnerable que la introducci\u00f3n de especies invasoras tiene un papel fundamental en la destrucci\u00f3n de su biodiversidad.<\/li>\n<\/ul>\n\n\n\n<p>Cada vez que un ecosistema pierde biodiversidad se hace m\u00e1s vulnerable. En cadenas tr\u00f3ficas ricas y complejas la p\u00e9rdida de una \u00fanica especie no suele implicar graves alteraciones porque otra ocupa su nicho. Pero en ecosistemas simples se pueden dar lugar a <a href=\"https:\/\/www.pnas.org\/content\/115\/10\/2419.short\" target=\"_blank\" aria-label=\" (opens in a new tab)\" rel=\"noreferrer noopener\" class=\"ek-link\">\u2018extinciones en cascada\u2019<\/a>: un efecto domin\u00f3 en el que la biodiversidad es tan fr\u00e1gil que las especies se ven incapaces de sobrevivir.<\/p>\n<\/div><\/m-wysiwig>\n\n\n    <m-projects-distributor2 :translations='{\n        &quot;prev&quot;:&quot;Anterior&quot;,\n        &quot;next&quot;:&quot;Siguiente&quot;,\n        &quot;paginationseparator&quot;:&quot;de&quot;\n    }'>\n                        <h2 slot=\"title\">\n                Nuestros proyectos destacados                <\/h2>\n                        <a slot='button' title='Conoce nuestros proyectos ' href='https:\/\/www.ferrovial.com\/es\/cintra\/proyectos\/'>\n            Conoce nuestros proyectos         <\/a>\n\n            <\/m-projects-distributor2>\n\n    ","protected":false},"excerpt":{"rendered":"","protected":false},"featured_media":0,"parent":25267,"menu_order":0,"comment_status":"closed","ping_status":"closed","template":"","meta":{"_acf_changed":false,"footnotes":""},"class_list":["post-195267","page","type-page","status-publish","hentry"],"acf":[],"yoast_head":"<!-- This site is optimized with the Yoast SEO plugin v27.2 - https:\/\/yoast.com\/product\/yoast-seo-wordpress\/ -->\n<title>Qu\u00e9 es la biodiversidad, por qu\u00e9 las estamos perdiendo - Ferrovial<\/title>\n<meta name=\"description\" content=\"La diversidad biol\u00f3gica es el n\u00famero de poblaciones de organismos y especies distintas; los ec\u00f3logos prefieren hablar de diversidad de interacciones entre especies y su ambiente.\" \/>\n<meta name=\"robots\" content=\"index, follow, max-snippet:-1, max-image-preview:large, max-video-preview:-1\" \/>\n<link rel=\"canonical\" href=\"https:\/\/www.ferrovial.com\/es\/recursos\/biodiversidad\/\" \/>\n<meta property=\"og:locale\" content=\"es_ES\" \/>\n<meta property=\"og:type\" content=\"article\" \/>\n<meta property=\"og:title\" content=\"Qu\u00e9 es la biodiversidad, por qu\u00e9 las estamos perdiendo - Ferrovial\" \/>\n<meta property=\"og:description\" content=\"La diversidad biol\u00f3gica es el n\u00famero de poblaciones de organismos y especies distintas; los ec\u00f3logos prefieren hablar de diversidad de interacciones entre especies y su ambiente.\" \/>\n<meta property=\"og:url\" content=\"https:\/\/www.ferrovial.com\/es\/recursos\/biodiversidad\/\" \/>\n<meta property=\"og:site_name\" content=\"Ferrovial\" \/>\n<meta property=\"article:publisher\" content=\"https:\/\/www.facebook.com\/ferrovial\" \/>\n<meta property=\"article:modified_time\" content=\"2025-09-06T13:37:28+00:00\" \/>\n<meta name=\"twitter:card\" content=\"summary_large_image\" \/>\n<meta name=\"twitter:site\" content=\"@ferrovial\" \/>\n<meta name=\"twitter:label1\" content=\"Est. reading time\" \/>\n\t<meta name=\"twitter:data1\" content=\"3 minutos\" \/>\n<!-- \/ Yoast SEO plugin. -->","yoast_head_json":{"title":"Qu\u00e9 es la biodiversidad, por qu\u00e9 las estamos perdiendo - Ferrovial","description":"La diversidad biol\u00f3gica es el n\u00famero de poblaciones de organismos y especies distintas; los ec\u00f3logos prefieren hablar de diversidad de interacciones entre especies y su ambiente.","robots":{"index":"index","follow":"follow","max-snippet":"max-snippet:-1","max-image-preview":"max-image-preview:large","max-video-preview":"max-video-preview:-1"},"canonical":"https:\/\/www.ferrovial.com\/es\/recursos\/biodiversidad\/","og_locale":"es_ES","og_type":"article","og_title":"Qu\u00e9 es la biodiversidad, por qu\u00e9 las estamos perdiendo - Ferrovial","og_description":"La diversidad biol\u00f3gica es el n\u00famero de poblaciones de organismos y especies distintas; los ec\u00f3logos prefieren hablar de diversidad de interacciones entre especies y su ambiente.","og_url":"https:\/\/www.ferrovial.com\/es\/recursos\/biodiversidad\/","og_site_name":"Ferrovial","article_publisher":"https:\/\/www.facebook.com\/ferrovial","article_modified_time":"2025-09-06T13:37:28+00:00","twitter_card":"summary_large_image","twitter_site":"@ferrovial","twitter_misc":{"Est. reading time":"3 minutos"},"schema":{"@context":"https:\/\/schema.org","@graph":[{"@type":"WebPage","@id":"https:\/\/www.ferrovial.com\/es\/recursos\/biodiversidad\/","url":"https:\/\/www.ferrovial.com\/es\/recursos\/biodiversidad\/","name":"Qu\u00e9 es la biodiversidad, por qu\u00e9 las estamos perdiendo - Ferrovial","isPartOf":{"@id":"https:\/\/www.ferrovial.com\/es\/#website"},"datePublished":"2021-05-26T13:20:56+00:00","dateModified":"2025-09-06T13:37:28+00:00","description":"La diversidad biol\u00f3gica es el n\u00famero de poblaciones de organismos y especies distintas; los ec\u00f3logos prefieren hablar de diversidad de interacciones entre especies y su ambiente.","breadcrumb":{"@id":"https:\/\/www.ferrovial.com\/es\/recursos\/biodiversidad\/#breadcrumb"},"inLanguage":"es","potentialAction":[{"@type":"ReadAction","target":["https:\/\/www.ferrovial.com\/es\/recursos\/biodiversidad\/"]}]},{"@type":"BreadcrumbList","@id":"https:\/\/www.ferrovial.com\/es\/recursos\/biodiversidad\/#breadcrumb","itemListElement":[{"@type":"ListItem","position":1,"name":"Portada","item":"https:\/\/www.ferrovial.com\/es\/"},{"@type":"ListItem","position":2,"name":"Recursos","item":"https:\/\/www.ferrovial.com\/es\/recursos\/"},{"@type":"ListItem","position":3,"name":"Biodiversidad"}]},{"@type":"WebSite","@id":"https:\/\/www.ferrovial.com\/es\/#website","url":"https:\/\/www.ferrovial.com\/es\/","name":"Ferrovial","description":"Welcome to the Ferrovial&#039;s website, global operator of sustainable infrastructure. Here you can find all the information about the company and subsidiaries.","publisher":{"@id":"https:\/\/www.ferrovial.com\/es\/#organization"},"potentialAction":[{"@type":"SearchAction","target":{"@type":"EntryPoint","urlTemplate":"https:\/\/www.ferrovial.com\/es\/?s={search_term_string}"},"query-input":{"@type":"PropertyValueSpecification","valueRequired":true,"valueName":"search_term_string"}}],"inLanguage":"es"},{"@type":"Organization","@id":"https:\/\/www.ferrovial.com\/es\/#organization","name":"Ferrovial S.A.","url":"https:\/\/www.ferrovial.com\/es\/","logo":{"@type":"ImageObject","inLanguage":"es","@id":"https:\/\/www.ferrovial.com\/es\/#\/schema\/logo\/image\/","url":"https:\/\/static.ferrovial.com\/wp-content\/uploads\/2020\/01\/13124948\/logo-ferrovial-cf7.png","contentUrl":"https:\/\/static.ferrovial.com\/wp-content\/uploads\/2020\/01\/13124948\/logo-ferrovial-cf7.png","width":144,"height":32,"caption":"Ferrovial S.A."},"image":{"@id":"https:\/\/www.ferrovial.com\/es\/#\/schema\/logo\/image\/"},"sameAs":["https:\/\/www.facebook.com\/ferrovial","https:\/\/x.com\/ferrovial","https:\/\/www.instagram.com\/ferrovial\/","https:\/\/www.linkedin.com\/company\/ferrovial","https:\/\/www.pinterest.es\/ferrovial\/","https:\/\/www.youtube.com\/ferrovial","https:\/\/en.wikipedia.org\/wiki\/Ferrovial"]}]}},"_links":{"self":[{"href":"https:\/\/www.ferrovial.com\/es\/wp-json\/wp\/v2\/pages\/195267","targetHints":{"allow":["GET"]}}],"collection":[{"href":"https:\/\/www.ferrovial.com\/es\/wp-json\/wp\/v2\/pages"}],"about":[{"href":"https:\/\/www.ferrovial.com\/es\/wp-json\/wp\/v2\/types\/page"}],"replies":[{"embeddable":true,"href":"https:\/\/www.ferrovial.com\/es\/wp-json\/wp\/v2\/comments?post=195267"}],"version-history":[{"count":3,"href":"https:\/\/www.ferrovial.com\/es\/wp-json\/wp\/v2\/pages\/195267\/revisions"}],"predecessor-version":[{"id":312737,"href":"https:\/\/www.ferrovial.com\/es\/wp-json\/wp\/v2\/pages\/195267\/revisions\/312737"}],"up":[{"embeddable":true,"href":"https:\/\/www.ferrovial.com\/es\/wp-json\/wp\/v2\/pages\/25267"}],"wp:attachment":[{"href":"https:\/\/www.ferrovial.com\/es\/wp-json\/wp\/v2\/media?parent=195267"}],"curies":[{"name":"wp","href":"https:\/\/api.w.org\/{rel}","templated":true}]}}