{"id":195276,"date":"2021-05-26T15:28:32","date_gmt":"2021-05-26T13:28:32","guid":{"rendered":"https:\/\/www.ferrovial.com\/?page_id=195276"},"modified":"2025-06-25T18:40:53","modified_gmt":"2025-06-25T16:40:53","slug":"sostenibilidad","status":"publish","type":"page","link":"https:\/\/www.ferrovial.com\/es\/recursos\/sostenibilidad\/","title":{"rendered":"Sostenibilidad"},"content":{"rendered":"    <m-final-content-header >\n            <c-breadcrumb label-text=\"Breadcrumb\" slot=\"breadcrumbs\" type='2' align='left' wrap='wrapped wrapped' aria-label='Vienes de Recursos'>\n                        <ol>\n\n                                                            <li><a href=\"https:\/\/www.ferrovial.com\/es\/\" title=\"Ferrovial\">Ferrovial<\/a><\/li>\n                                                                        <li><a href=\"https:\/\/www.ferrovial.com\/es\/recursos\/\" title=\"Recursos\">Recursos<\/a><\/li>\n                                    \n                <\/ol>\n\n                <\/c-breadcrumb>\n    \n        <div slot=\"header\">\n            <h1>\n                Sostenibilidad            <\/h1>\n                    <\/div>\n    <\/m-final-content-header>\n\n    \n\n\n<p><script type=\"application\/ld+json\">\n{\n  \"@context\": \"https:\/\/schema.org\",\n  \"@type\": \"FAQPage\",\n  \"mainEntity\": [{\n    \"@type\": \"Question\",\n    \"name\": \"\u00bfQu\u00e9 es la sostenibilidad?\",\n    \"acceptedAnswer\": {\n      \"@type\": \"Answer\",\n      \"text\": \"Para la ONU y otros organismos internacionales, la sostenibilidad son una serie de caracter\u00edsticas del desarrollo que asegura las necesidades del presente sin comprometer las necesidades de futuras generaciones.\"\n    }\n  },{\n    \"@type\": \"Question\",\n    \"name\": \"\u00bfCu\u00e1ntos tipos de sostenibilidad hay?\",\n    \"acceptedAnswer\": {\n      \"@type\": \"Answer\",\n      \"text\": \"Lo cierto es que existen muchos tipos de sostenibilidad, recogidos en los 17 Objetivos de Desarrollo Sostenible y sus metas. Grosso modo, estos se engloban en: sostenibilidad social, sostenibilidad econ\u00f3mica y sostenibilidad ambiental.\"\n    }\n  }]\n}\n<\/script><\/p>\n\n\n\n<m-wysiwig class=\"wp-block-components-wysiwyg\"><div slot=\"maincontent\">\n<p>La <strong>sostenibilidad<\/strong> es un concepto con cada vez m\u00e1s seguidores. Tanto a t\u00edtulo personal, empresarial o de gobierno, la sociedad busca valores que se alineen con el concepto de <em>sostenibilidad<\/em>. Solo as\u00ed se podr\u00e1 construir una sociedad basada en una econom\u00eda viable a largo plazo. Lo que se llama sociedad y econom\u00eda circulares.<\/p>\n\n\n\n<h2 class=\"wp-block-heading\">\u00bfQu\u00e9 es la sostenibilidad?<\/h2>\n\n\n\n<p>Para la ONU y otros organismos internacionales, la sostenibilidad son una serie de caracter\u00edsticas del desarrollo que <strong>asegura las necesidades del presente sin comprometer las necesidades de futuras generaciones<\/strong>. Esta definici\u00f3n se propuso en el Informe Brundtland de 1987. Hoy se conoce como <strong>desarrollo sostenible<\/strong> o sustentable de la econom\u00eda, el medio ambiente y la sociedad.<\/p>\n\n\n\n<h2 class=\"wp-block-heading\">\u00bfCu\u00e1ntos tipos de sostenibilidad hay?<\/h2>\n\n\n\n<p>La sostenibilidad ambiental, quiz\u00e1 la m\u00e1s conocida, no tiene por qu\u00e9 estar ligada a la laboral, a la econ\u00f3mica o a la urbana. Aunque sin duda tiene muchos puntos en com\u00fan y se ha demostrado que son valores alineables.<\/p>\n\n\n\n<p>Lo cierto es que <strong>existen muchos tipos de sostenibilidad<\/strong>, recogidos en los 17 Objetivos de Desarrollo Sostenible y sus metas. Grosso modo, estos se engloban en: sostenibilidad social, sostenibilidad econ\u00f3mica y sostenibilidad ambiental.<\/p>\n<\/div><\/m-wysiwig>\n\n\n    <m-projects-distributor2 :translations='{\n        &quot;prev&quot;:&quot;Anterior&quot;,\n        &quot;next&quot;:&quot;Siguiente&quot;,\n        &quot;paginationseparator&quot;:&quot;de&quot;\n    }'>\n                        <h2 slot=\"title\">\n                Nuestros proyectos destacados                <\/h2>\n                        <a slot='button' title='Conoce nuestros proyectos ' href='https:\/\/www.ferrovial.com\/es\/cintra\/proyectos\/'>\n            Conoce nuestros proyectos         <\/a>\n\n            <\/m-projects-distributor2>\n\n    ","protected":false},"excerpt":{"rendered":"","protected":false},"featured_media":0,"parent":25267,"menu_order":0,"comment_status":"closed","ping_status":"closed","template":"","meta":{"_acf_changed":false,"footnotes":""},"class_list":["post-195276","page","type-page","status-publish","hentry"],"acf":[],"yoast_head":"<!-- This site is optimized with the Yoast SEO plugin v27.2 - https:\/\/yoast.com\/product\/yoast-seo-wordpress\/ -->\n<title>Sostenibilidad: definici\u00f3n, tipos y ODS - Ferrovial<\/title>\n<meta name=\"description\" content=\"La sostenibilidad son una serie de caracter\u00edsticas del desarrollo que asegura las necesidades del presente sin comprometer las necesidades de futuras generaciones.\" \/>\n<meta name=\"robots\" content=\"index, follow, max-snippet:-1, max-image-preview:large, max-video-preview:-1\" \/>\n<link rel=\"canonical\" href=\"https:\/\/www.ferrovial.com\/es\/recursos\/sostenibilidad\/\" \/>\n<meta property=\"og:locale\" content=\"es_ES\" \/>\n<meta property=\"og:type\" content=\"article\" \/>\n<meta property=\"og:title\" content=\"Sostenibilidad: definici\u00f3n, tipos y ODS - Ferrovial\" \/>\n<meta property=\"og:description\" content=\"La sostenibilidad son una serie de caracter\u00edsticas del desarrollo que asegura las necesidades del presente sin comprometer las necesidades de futuras generaciones.\" \/>\n<meta property=\"og:url\" content=\"https:\/\/www.ferrovial.com\/es\/recursos\/sostenibilidad\/\" \/>\n<meta property=\"og:site_name\" content=\"Ferrovial\" \/>\n<meta property=\"article:publisher\" content=\"https:\/\/www.facebook.com\/ferrovial\" \/>\n<meta property=\"article:modified_time\" content=\"2025-06-25T16:40:53+00:00\" \/>\n<meta name=\"twitter:card\" content=\"summary_large_image\" \/>\n<meta name=\"twitter:site\" content=\"@ferrovial\" \/>\n<meta name=\"twitter:label1\" content=\"Est. reading time\" \/>\n\t<meta name=\"twitter:data1\" content=\"1 minuto\" \/>\n<!-- \/ Yoast SEO plugin. -->","yoast_head_json":{"title":"Sostenibilidad: definici\u00f3n, tipos y ODS - Ferrovial","description":"La sostenibilidad son una serie de caracter\u00edsticas del desarrollo que asegura las necesidades del presente sin comprometer las necesidades de futuras generaciones.","robots":{"index":"index","follow":"follow","max-snippet":"max-snippet:-1","max-image-preview":"max-image-preview:large","max-video-preview":"max-video-preview:-1"},"canonical":"https:\/\/www.ferrovial.com\/es\/recursos\/sostenibilidad\/","og_locale":"es_ES","og_type":"article","og_title":"Sostenibilidad: definici\u00f3n, tipos y ODS - Ferrovial","og_description":"La sostenibilidad son una serie de caracter\u00edsticas del desarrollo que asegura las necesidades del presente sin comprometer las necesidades de futuras generaciones.","og_url":"https:\/\/www.ferrovial.com\/es\/recursos\/sostenibilidad\/","og_site_name":"Ferrovial","article_publisher":"https:\/\/www.facebook.com\/ferrovial","article_modified_time":"2025-06-25T16:40:53+00:00","twitter_card":"summary_large_image","twitter_site":"@ferrovial","twitter_misc":{"Est. reading time":"1 minuto"},"schema":{"@context":"https:\/\/schema.org","@graph":[{"@type":"WebPage","@id":"https:\/\/www.ferrovial.com\/es\/recursos\/sostenibilidad\/","url":"https:\/\/www.ferrovial.com\/es\/recursos\/sostenibilidad\/","name":"Sostenibilidad: definici\u00f3n, tipos y ODS - Ferrovial","isPartOf":{"@id":"https:\/\/www.ferrovial.com\/es\/#website"},"datePublished":"2021-05-26T13:28:32+00:00","dateModified":"2025-06-25T16:40:53+00:00","description":"La sostenibilidad son una serie de caracter\u00edsticas del desarrollo que asegura las necesidades del presente sin comprometer las necesidades de futuras generaciones.","breadcrumb":{"@id":"https:\/\/www.ferrovial.com\/es\/recursos\/sostenibilidad\/#breadcrumb"},"inLanguage":"es","potentialAction":[{"@type":"ReadAction","target":["https:\/\/www.ferrovial.com\/es\/recursos\/sostenibilidad\/"]}]},{"@type":"BreadcrumbList","@id":"https:\/\/www.ferrovial.com\/es\/recursos\/sostenibilidad\/#breadcrumb","itemListElement":[{"@type":"ListItem","position":1,"name":"Portada","item":"https:\/\/www.ferrovial.com\/es\/"},{"@type":"ListItem","position":2,"name":"Recursos","item":"https:\/\/www.ferrovial.com\/es\/recursos\/"},{"@type":"ListItem","position":3,"name":"Sostenibilidad"}]},{"@type":"WebSite","@id":"https:\/\/www.ferrovial.com\/es\/#website","url":"https:\/\/www.ferrovial.com\/es\/","name":"Ferrovial","description":"Welcome to the Ferrovial&#039;s website, global operator of sustainable infrastructure. Here you can find all the information about the company and subsidiaries.","publisher":{"@id":"https:\/\/www.ferrovial.com\/es\/#organization"},"potentialAction":[{"@type":"SearchAction","target":{"@type":"EntryPoint","urlTemplate":"https:\/\/www.ferrovial.com\/es\/?s={search_term_string}"},"query-input":{"@type":"PropertyValueSpecification","valueRequired":true,"valueName":"search_term_string"}}],"inLanguage":"es"},{"@type":"Organization","@id":"https:\/\/www.ferrovial.com\/es\/#organization","name":"Ferrovial S.A.","url":"https:\/\/www.ferrovial.com\/es\/","logo":{"@type":"ImageObject","inLanguage":"es","@id":"https:\/\/www.ferrovial.com\/es\/#\/schema\/logo\/image\/","url":"https:\/\/static.ferrovial.com\/wp-content\/uploads\/2020\/01\/13124948\/logo-ferrovial-cf7.png","contentUrl":"https:\/\/static.ferrovial.com\/wp-content\/uploads\/2020\/01\/13124948\/logo-ferrovial-cf7.png","width":144,"height":32,"caption":"Ferrovial S.A."},"image":{"@id":"https:\/\/www.ferrovial.com\/es\/#\/schema\/logo\/image\/"},"sameAs":["https:\/\/www.facebook.com\/ferrovial","https:\/\/x.com\/ferrovial","https:\/\/www.instagram.com\/ferrovial\/","https:\/\/www.linkedin.com\/company\/ferrovial","https:\/\/www.pinterest.es\/ferrovial\/","https:\/\/www.youtube.com\/ferrovial","https:\/\/en.wikipedia.org\/wiki\/Ferrovial"]}]}},"_links":{"self":[{"href":"https:\/\/www.ferrovial.com\/es\/wp-json\/wp\/v2\/pages\/195276","targetHints":{"allow":["GET"]}}],"collection":[{"href":"https:\/\/www.ferrovial.com\/es\/wp-json\/wp\/v2\/pages"}],"about":[{"href":"https:\/\/www.ferrovial.com\/es\/wp-json\/wp\/v2\/types\/page"}],"replies":[{"embeddable":true,"href":"https:\/\/www.ferrovial.com\/es\/wp-json\/wp\/v2\/comments?post=195276"}],"version-history":[{"count":3,"href":"https:\/\/www.ferrovial.com\/es\/wp-json\/wp\/v2\/pages\/195276\/revisions"}],"predecessor-version":[{"id":308217,"href":"https:\/\/www.ferrovial.com\/es\/wp-json\/wp\/v2\/pages\/195276\/revisions\/308217"}],"up":[{"embeddable":true,"href":"https:\/\/www.ferrovial.com\/es\/wp-json\/wp\/v2\/pages\/25267"}],"wp:attachment":[{"href":"https:\/\/www.ferrovial.com\/es\/wp-json\/wp\/v2\/media?parent=195276"}],"curies":[{"name":"wp","href":"https:\/\/api.w.org\/{rel}","templated":true}]}}