{"id":195436,"date":"2021-05-28T09:31:22","date_gmt":"2021-05-28T07:31:22","guid":{"rendered":"https:\/\/www.ferrovial.com\/?page_id=195436"},"modified":"2025-07-08T19:21:10","modified_gmt":"2025-07-08T17:21:10","slug":"camiones","status":"publish","type":"page","link":"https:\/\/www.ferrovial.com\/es\/recursos\/camiones\/","title":{"rendered":"Camiones"},"content":{"rendered":"    <m-final-content-header >\n            <c-breadcrumb label-text=\"Breadcrumb\" slot=\"breadcrumbs\" type='2' align='left' wrap='wrapped wrapped' aria-label='Vienes de Recursos'>\n                        <ol>\n\n                                                            <li><a href=\"https:\/\/www.ferrovial.com\/es\/\" title=\"Ferrovial\">Ferrovial<\/a><\/li>\n                                                                        <li><a href=\"https:\/\/www.ferrovial.com\/es\/recursos\/\" title=\"Recursos\">Recursos<\/a><\/li>\n                                    \n                <\/ol>\n\n                <\/c-breadcrumb>\n    \n        <div slot=\"header\">\n            <h1>\n                Camiones            <\/h1>\n                    <\/div>\n    <\/m-final-content-header>\n\n    \n\n\n<p><script type=\"application\/ld+json\">\n{\n  \"@context\": \"https:\/\/schema.org\",\n  \"@type\": \"FAQPage\",\n  \"mainEntity\": [{\n    \"@type\": \"Question\",\n    \"name\": \"\u00bfQu\u00e9 son los camiones?\",\n    \"acceptedAnswer\": {\n      \"@type\": \"Answer\",\n      \"text\": \"Los camiones son grandes veh\u00edculos motorizados que se usan en transporte y log\u00edstica. Se trata de una respuesta t\u00e9cnica al problema de enviar grandes cargas de un punto a otro del mapa cuando el resto de medios se ven incapaces.\"\n    }\n  },{\n    \"@type\": \"Question\",\n    \"name\": \"\u00bfQu\u00e9 tipos de camiones hay?\",\n    \"acceptedAnswer\": {\n      \"@type\": \"Answer\",\n      \"text\": \"C\u00f3mo de grandes sean depende de la normativa de cada pa\u00eds. Algunos consideran \u2018cami\u00f3n\u2019 a los veh\u00edculos de carga por encima de los 3.500 kg. Otros llegan a aceptar como \u2018mega-camiones\u2019 a veh\u00edculos de 25,25 metros de longitud y hasta 60 toneladas; e incluso duotr\u00e1ilers de 13,6 metros cada uno y 70 toneladas.\"\n    }\n  },{\n    \"@type\": \"Question\",\n    \"name\": \"\u00bfC\u00f3mo de eficientes son los camiones?\",\n    \"acceptedAnswer\": {\n      \"@type\": \"Answer\",\n      \"text\": \"El transporte en cami\u00f3n es mucho m\u00e1s eficiente que el a\u00e9reo, pero menos que el tren el\u00e9ctrico o el barco de gran tama\u00f1o. La gran ventaja de esta modalidad es el env\u00edo de cantidades \u2018peque\u00f1as\u2019 (un contenedor) y poder alcanzar n\u00facleos urbanos dispersos que no tengan acceso mar\u00edtimo o ferroviario.\"\n    }\n  }]\n}\n<\/script><\/p>\n\n\n\n<m-wysiwig class=\"wp-block-components-wysiwyg\"><div slot=\"maincontent\">\n<p>El <strong>tr\u00e1fico de camiones<\/strong> aumenta debido a una mayor demanda log\u00edstica. El comercio electr\u00f3nico ha acompa\u00f1ado al crecimiento del sector, tanto en larga y media distancia, especialmente en pa\u00edses con poca infraestructura ferroviaria.<\/p>\n\n\n\n<p>Tras la pandemia de 2020 hubo un importante repunte de esta modalidad de transporte. Sin embargo, se hace necesario que esta motorizaci\u00f3n se electrifique para cumplir con marcos internacionales ambientales. Adem\u00e1s, la infraestructura es un elemento imprescindible para este transporte.<\/p>\n\n\n\n<h2 class=\"wp-block-heading\">\u00bfQu\u00e9 son los camiones y qu\u00e9 tipos hay?<\/h2>\n\n\n\n<p>Los <strong>camiones<\/strong> son grandes veh\u00edculos motorizados que se usan en transporte y log\u00edstica. Se trata de una respuesta t\u00e9cnica al problema de enviar grandes cargas de un punto a otro del mapa cuando el resto de medios se ven incapaces.<\/p>\n\n\n\n<p>C\u00f3mo de grandes sean depende de la normativa de cada pa\u00eds. Algunos consideran \u2018cami\u00f3n\u2019 a los veh\u00edculos de carga por encima de los 3.500 kg. Otros llegan a aceptar como \u2018mega-camiones\u2019 a veh\u00edculos de 25,25 metros de longitud y hasta 60 toneladas; e incluso duotr\u00e1ilers de 13,6 metros cada uno y 70 toneladas.<\/p>\n\n\n\n<p>La mayor\u00eda de los camiones a\u00fan <strong>dependen de combustibles f\u00f3siles<\/strong> para su desplazamiento. Sin embargo, la densidad energ\u00e9tica de las bater\u00edas ya ha logrado la comercializaci\u00f3n de camiones el\u00e9ctricos. Y, durante el periodo de transici\u00f3n y abaratamiento, es posible que surjan alternativas de hidr\u00f3geno.<\/p>\n\n\n\n<h2 class=\"wp-block-heading\">\u00bfC\u00f3mo de eficientes son los camiones?<\/h2>\n\n\n\n<p>Para medir la eficiencia se miden tanto las emisiones como el consumo de energ\u00eda de un veh\u00edculo al <strong>transportar un kilogramo a lo largo de un kil\u00f3metro<\/strong>.<\/p>\n\n\n\n<p>El transporte en cami\u00f3n es mucho m\u00e1s eficiente que el a\u00e9reo, pero menos que el tren el\u00e9ctrico o el barco de gran tama\u00f1o. La gran ventaja de esta modalidad es el env\u00edo de cantidades \u2018peque\u00f1as\u2019 (un contenedor) y poder alcanzar n\u00facleos urbanos dispersos que no tengan acceso mar\u00edtimo o ferroviario.<\/p>\n\n\n\n<h2 class=\"wp-block-heading\">La infraestructura vial que necesitan los camiones<\/h2>\n\n\n\n<p>Al igual que el tren necesita v\u00edas y el avi\u00f3n aeropuertos, el tr\u00e1fico de camiones para satisfacer las necesidades log\u00edsticas requiere de <strong>carreteras asfaltadas<\/strong>. Especialmente cuando tienen determinado tama\u00f1o.<\/p>\n\n\n\n<p>Con camiones de 3,5 toneladas, pr\u00e1cticamente cualquier infraestructura vial es adecuada. Para camiones de gran tonelaje, la v\u00eda ha de estar adaptada a las tensiones que surgen cuando estos veh\u00edculos aceleran o frenan.<\/p>\n<\/div><\/m-wysiwig>\n\n\n    <m-projects-distributor2 :translations='{\n        &quot;prev&quot;:&quot;Anterior&quot;,\n        &quot;next&quot;:&quot;Siguiente&quot;,\n        &quot;paginationseparator&quot;:&quot;de&quot;\n    }'>\n                        <h2 slot=\"title\">\n                Nuestros proyectos destacados                <\/h2>\n                        <a slot='button' title='Conoce nuestros proyectos ' href='https:\/\/www.ferrovial.com\/es\/cintra\/proyectos\/'>\n            Conoce nuestros proyectos         <\/a>\n\n            <\/m-projects-distributor2>\n\n    ","protected":false},"excerpt":{"rendered":"","protected":false},"featured_media":0,"parent":25267,"menu_order":0,"comment_status":"closed","ping_status":"closed","template":"","meta":{"_acf_changed":false,"footnotes":""},"class_list":["post-195436","page","type-page","status-publish","hentry"],"acf":[],"yoast_head":"<!-- This site is optimized with the Yoast SEO plugin v27.2 - https:\/\/yoast.com\/product\/yoast-seo-wordpress\/ -->\n<title>Qu\u00e9 son los camiones y qu\u00e9 tipos hay - Ferrovial<\/title>\n<meta name=\"description\" content=\"Los camiones son grandes veh\u00edculos motorizados que se usan en transporte y log\u00edstica. Es una respuesta t\u00e9cnica al problema de enviar grandes cargas de un punto a otro del mapa...\" \/>\n<meta name=\"robots\" content=\"index, follow, max-snippet:-1, max-image-preview:large, max-video-preview:-1\" \/>\n<link rel=\"canonical\" href=\"https:\/\/www.ferrovial.com\/es\/recursos\/camiones\/\" \/>\n<meta property=\"og:locale\" content=\"es_ES\" \/>\n<meta property=\"og:type\" content=\"article\" \/>\n<meta property=\"og:title\" content=\"Qu\u00e9 son los camiones y qu\u00e9 tipos hay - Ferrovial\" \/>\n<meta property=\"og:description\" content=\"Los camiones son grandes veh\u00edculos motorizados que se usan en transporte y log\u00edstica. Es una respuesta t\u00e9cnica al problema de enviar grandes cargas de un punto a otro del mapa...\" \/>\n<meta property=\"og:url\" content=\"https:\/\/www.ferrovial.com\/es\/recursos\/camiones\/\" \/>\n<meta property=\"og:site_name\" content=\"Ferrovial\" \/>\n<meta property=\"article:publisher\" content=\"https:\/\/www.facebook.com\/ferrovial\" \/>\n<meta property=\"article:modified_time\" content=\"2025-07-08T17:21:10+00:00\" \/>\n<meta name=\"twitter:card\" content=\"summary_large_image\" \/>\n<meta name=\"twitter:site\" content=\"@ferrovial\" \/>\n<meta name=\"twitter:label1\" content=\"Est. reading time\" \/>\n\t<meta name=\"twitter:data1\" content=\"2 minutos\" \/>\n<!-- \/ Yoast SEO plugin. -->","yoast_head_json":{"title":"Qu\u00e9 son los camiones y qu\u00e9 tipos hay - Ferrovial","description":"Los camiones son grandes veh\u00edculos motorizados que se usan en transporte y log\u00edstica. Es una respuesta t\u00e9cnica al problema de enviar grandes cargas de un punto a otro del mapa...","robots":{"index":"index","follow":"follow","max-snippet":"max-snippet:-1","max-image-preview":"max-image-preview:large","max-video-preview":"max-video-preview:-1"},"canonical":"https:\/\/www.ferrovial.com\/es\/recursos\/camiones\/","og_locale":"es_ES","og_type":"article","og_title":"Qu\u00e9 son los camiones y qu\u00e9 tipos hay - Ferrovial","og_description":"Los camiones son grandes veh\u00edculos motorizados que se usan en transporte y log\u00edstica. Es una respuesta t\u00e9cnica al problema de enviar grandes cargas de un punto a otro del mapa...","og_url":"https:\/\/www.ferrovial.com\/es\/recursos\/camiones\/","og_site_name":"Ferrovial","article_publisher":"https:\/\/www.facebook.com\/ferrovial","article_modified_time":"2025-07-08T17:21:10+00:00","twitter_card":"summary_large_image","twitter_site":"@ferrovial","twitter_misc":{"Est. reading time":"2 minutos"},"schema":{"@context":"https:\/\/schema.org","@graph":[{"@type":"WebPage","@id":"https:\/\/www.ferrovial.com\/es\/recursos\/camiones\/","url":"https:\/\/www.ferrovial.com\/es\/recursos\/camiones\/","name":"Qu\u00e9 son los camiones y qu\u00e9 tipos hay - Ferrovial","isPartOf":{"@id":"https:\/\/www.ferrovial.com\/es\/#website"},"datePublished":"2021-05-28T07:31:22+00:00","dateModified":"2025-07-08T17:21:10+00:00","description":"Los camiones son grandes veh\u00edculos motorizados que se usan en transporte y log\u00edstica. Es una respuesta t\u00e9cnica al problema de enviar grandes cargas de un punto a otro del mapa...","breadcrumb":{"@id":"https:\/\/www.ferrovial.com\/es\/recursos\/camiones\/#breadcrumb"},"inLanguage":"es","potentialAction":[{"@type":"ReadAction","target":["https:\/\/www.ferrovial.com\/es\/recursos\/camiones\/"]}]},{"@type":"BreadcrumbList","@id":"https:\/\/www.ferrovial.com\/es\/recursos\/camiones\/#breadcrumb","itemListElement":[{"@type":"ListItem","position":1,"name":"Portada","item":"https:\/\/www.ferrovial.com\/es\/"},{"@type":"ListItem","position":2,"name":"Recursos","item":"https:\/\/www.ferrovial.com\/es\/recursos\/"},{"@type":"ListItem","position":3,"name":"Camiones"}]},{"@type":"WebSite","@id":"https:\/\/www.ferrovial.com\/es\/#website","url":"https:\/\/www.ferrovial.com\/es\/","name":"Ferrovial","description":"Welcome to the Ferrovial&#039;s website, global operator of sustainable infrastructure. Here you can find all the information about the company and subsidiaries.","publisher":{"@id":"https:\/\/www.ferrovial.com\/es\/#organization"},"potentialAction":[{"@type":"SearchAction","target":{"@type":"EntryPoint","urlTemplate":"https:\/\/www.ferrovial.com\/es\/?s={search_term_string}"},"query-input":{"@type":"PropertyValueSpecification","valueRequired":true,"valueName":"search_term_string"}}],"inLanguage":"es"},{"@type":"Organization","@id":"https:\/\/www.ferrovial.com\/es\/#organization","name":"Ferrovial S.A.","url":"https:\/\/www.ferrovial.com\/es\/","logo":{"@type":"ImageObject","inLanguage":"es","@id":"https:\/\/www.ferrovial.com\/es\/#\/schema\/logo\/image\/","url":"https:\/\/static.ferrovial.com\/wp-content\/uploads\/2020\/01\/13124948\/logo-ferrovial-cf7.png","contentUrl":"https:\/\/static.ferrovial.com\/wp-content\/uploads\/2020\/01\/13124948\/logo-ferrovial-cf7.png","width":144,"height":32,"caption":"Ferrovial S.A."},"image":{"@id":"https:\/\/www.ferrovial.com\/es\/#\/schema\/logo\/image\/"},"sameAs":["https:\/\/www.facebook.com\/ferrovial","https:\/\/x.com\/ferrovial","https:\/\/www.instagram.com\/ferrovial\/","https:\/\/www.linkedin.com\/company\/ferrovial","https:\/\/www.pinterest.es\/ferrovial\/","https:\/\/www.youtube.com\/ferrovial","https:\/\/en.wikipedia.org\/wiki\/Ferrovial"]}]}},"_links":{"self":[{"href":"https:\/\/www.ferrovial.com\/es\/wp-json\/wp\/v2\/pages\/195436","targetHints":{"allow":["GET"]}}],"collection":[{"href":"https:\/\/www.ferrovial.com\/es\/wp-json\/wp\/v2\/pages"}],"about":[{"href":"https:\/\/www.ferrovial.com\/es\/wp-json\/wp\/v2\/types\/page"}],"replies":[{"embeddable":true,"href":"https:\/\/www.ferrovial.com\/es\/wp-json\/wp\/v2\/comments?post=195436"}],"version-history":[{"count":3,"href":"https:\/\/www.ferrovial.com\/es\/wp-json\/wp\/v2\/pages\/195436\/revisions"}],"predecessor-version":[{"id":309165,"href":"https:\/\/www.ferrovial.com\/es\/wp-json\/wp\/v2\/pages\/195436\/revisions\/309165"}],"up":[{"embeddable":true,"href":"https:\/\/www.ferrovial.com\/es\/wp-json\/wp\/v2\/pages\/25267"}],"wp:attachment":[{"href":"https:\/\/www.ferrovial.com\/es\/wp-json\/wp\/v2\/media?parent=195436"}],"curies":[{"name":"wp","href":"https:\/\/api.w.org\/{rel}","templated":true}]}}