{"id":195444,"date":"2021-05-28T09:41:04","date_gmt":"2021-05-28T07:41:04","guid":{"rendered":"https:\/\/www.ferrovial.com\/?page_id=195444"},"modified":"2022-09-23T07:46:51","modified_gmt":"2022-09-23T05:46:51","slug":"trenes","status":"publish","type":"page","link":"https:\/\/www.ferrovial.com\/es\/recursos\/trenes\/","title":{"rendered":"Trenes"},"content":{"rendered":"    <m-final-content-header >\n            <c-breadcrumb label-text=\"Breadcrumb\" slot=\"breadcrumbs\" type='2' align='left' wrap='wrapped wrapped' aria-label='Vienes de Recursos'>\n                        <ol>\n\n                                                            <li><a href=\"https:\/\/www.ferrovial.com\/es\/\" title=\"Ferrovial\">Ferrovial<\/a><\/li>\n                                                                        <li><a href=\"https:\/\/www.ferrovial.com\/es\/recursos\/\" title=\"Recursos\">Recursos<\/a><\/li>\n                                    \n                <\/ol>\n\n                <\/c-breadcrumb>\n    \n        <div slot=\"header\">\n            <h1>\n                Trenes            <\/h1>\n                    <\/div>\n    <\/m-final-content-header>\n\n    \n\n\n<p><script type=\"application\/ld+json\">\n{\n  \"@context\": \"https:\/\/schema.org\",\n  \"@type\": \"FAQPage\",\n  \"mainEntity\": [{\n    \"@type\": \"Question\",\n    \"name\": \"\u00bfQu\u00e9 son los trenes?\",\n    \"acceptedAnswer\": {\n      \"@type\": \"Answer\",\n      \"text\": \"Los trenes son un tipo de veh\u00edculo ferroviario que cuenta con vagones y una locomotora, Tambi\u00e9n los hay que est\u00e1n formados por coches autopropulsados, aunque son menos frecuentes. El tren se utiliza tanto para el transporte de mercanc\u00edas como de pasajeros y, en l\u00edneas generales, contamina muy poco.\"\n    }\n  },{\n    \"@type\": \"Question\",\n    \"name\": \"\u00bfD\u00f3nde se usa el transporte ferroviario?\",\n    \"acceptedAnswer\": {\n      \"@type\": \"Answer\",\n      \"text\": \"Dentro de las ciudades, especialmente las densas, est\u00e1 muy extendido el uso del \u2018ferrocarril urbano\u2019 o \u2018ferrocarril metropolitano\u2019, tambi\u00e9n conocido como metro, subway, underground o tube. Entre las urbes es com\u00fan encontrar servicios de \u2018cercan\u00edas\u2019, trenes de media distancia que conectan municipios. Y entre pa\u00edses o dentro de los mismos es frecuente ver trenes de larga distancia.\"\n    }\n  },{\n    \"@type\": \"Question\",\n    \"name\": \"\u00bfQu\u00e9 infraestructura necesitan los trenes?\",\n    \"acceptedAnswer\": {\n      \"@type\": \"Answer\",\n      \"text\": \"Para circular, los trenes requieren de una v\u00eda f\u00e9rrea. De forma tradicional, esta consiste en una subestructura de f\u00e1brica y tierra que soporta la superestructura de la v\u00eda, consistente rieles. Sin embargo, tambi\u00e9n hay trenes que circulan sobre neum\u00e1ticos, como es el caso del suburbano de Londres, o trenes que levitan sobre la superestructura, como ocurre en Jap\u00f3n.\"\n    }\n  }]\n}\n<\/script><\/p>\n\n\n\n<m-wysiwig class=\"wp-block-components-wysiwyg\"><div slot=\"maincontent\">\n<p>Los <strong>trenes<\/strong> son una pieza b\u00e1sica en la movilidad de las personas o en el transporte de mercanc\u00edas. Desde el redescubrimiento del ferrocarril durante la Segunda Guerra Mundial (el Imperio Romano ya usaba vagonetas), su uso no ha hecho sino crecer. Ahora est\u00e1 presente en ciudades, conecta pa\u00edses o atraviesa continentes enteros, a menudo sobre grandes enormes infraestructuras.<\/p>\n\n\n\n<h2 class=\"wp-block-heading\">\u00bfQu\u00e9 son los trenes?<\/h2>\n\n\n\n<p>Los trenes son <strong>un tipo de veh\u00edculo ferroviario<\/strong> que cuenta con vagones y una locomotora, Tambi\u00e9n los hay que est\u00e1n formados por coches autopropulsados, aunque son menos frecuentes. El tren se utiliza tanto para el transporte de mercanc\u00edas como de pasajeros y, en l\u00edneas generales, contamina muy poco.<\/p>\n\n\n\n<h2 class=\"wp-block-heading\">El tren, entre los sistemas m\u00e1s eficientes<\/h2>\n\n\n\n<p>El tren es <strong>uno de los sistemas m\u00e1s eficientes de movilidad<\/strong>, muy por debajo de otras como el avi\u00f3n y bastante alejado del turismo. Aunque su impacto ambiental depende del tipo de locomotora o el mix el\u00e9ctrico de la regi\u00f3n. As\u00ed, las locomotoras di\u00e9sel, a\u00fan muy extendidas, son menos eficientes que las el\u00e9ctricas y contaminan aunque en regiones fr\u00edas son m\u00e1s fiables.<\/p>\n\n\n\n<p>Uno de los menores impactos de gases de efecto invernadero por kilogramo transportado y kil\u00f3metro recorrido lo tiene Francia, con locomotoras el\u00e9ctricas y una alta presencia de energ\u00eda nuclear. Esta tiene impactos elevados, pero no emite part\u00edculas a la atm\u00f3sfera.<\/p>\n\n\n\n<h2 class=\"wp-block-heading\">\u00bfD\u00f3nde se usa el transporte ferroviario?<\/h2>\n\n\n\n<p>Dentro de las ciudades, especialmente las densas, est\u00e1 muy extendido el uso del \u2018ferrocarril urbano\u2019 o \u2018ferrocarril metropolitano\u2019, tambi\u00e9n conocido como metro, <em>subway<\/em>, <em>underground<\/em> o <em>tube<\/em>. Entre las urbes es com\u00fan encontrar servicios de \u2018cercan\u00edas\u2019, trenes de media distancia que conectan municipios. Y entre pa\u00edses o dentro de los mismos es frecuente ver trenes de larga distancia.<\/p>\n\n\n\n<h2 class=\"wp-block-heading\">\u00bfQu\u00e9 infraestructura necesitan los trenes?<\/h2>\n\n\n\n<p>Para circular, <strong>los trenes requieren de una v\u00eda f\u00e9rrea<\/strong>. De forma tradicional, esta consiste en una subestructura de f\u00e1brica y tierra que soporta la superestructura de la v\u00eda, consistente rieles. Sin embargo, tambi\u00e9n hay trenes que circulan sobre neum\u00e1ticos, como es el caso del suburbano de Londres, o trenes que levitan sobre la superestructura, como ocurre en Jap\u00f3n.<\/p>\n<\/div><\/m-wysiwig>\n\n\n    <m-projects-distributor2 :translations='{\n        &quot;prev&quot;:&quot;Anterior&quot;,\n        &quot;next&quot;:&quot;Siguiente&quot;,\n        &quot;paginationseparator&quot;:&quot;de&quot;\n    }'>\n                        <h2 slot=\"title\">\n                Nuestros proyectos destacados                <\/h2>\n                        <a slot='button' title='Conoce nuestros proyectos ' href='https:\/\/www.ferrovial.com\/es\/cintra\/proyectos\/'>\n            Conoce nuestros proyectos         <\/a>\n\n            <\/m-projects-distributor2>\n\n    ","protected":false},"excerpt":{"rendered":"","protected":false},"featured_media":0,"parent":25267,"menu_order":0,"comment_status":"closed","ping_status":"closed","template":"","meta":{"_acf_changed":false,"footnotes":""},"class_list":["post-195444","page","type-page","status-publish","hentry"],"acf":[],"yoast_head":"<!-- This site is optimized with the Yoast SEO plugin v27.2 - https:\/\/yoast.com\/product\/yoast-seo-wordpress\/ -->\n<title>Trenes: qu\u00e9 son, eficiencia e infraestructuras - Ferrovial<\/title>\n<meta name=\"description\" content=\"El tren es uno de los sistemas m\u00e1s eficientes de movilidad, muy por debajo de otras como el avi\u00f3n y bastante alejado del turismo.\" \/>\n<meta name=\"robots\" content=\"index, follow, max-snippet:-1, max-image-preview:large, max-video-preview:-1\" \/>\n<link rel=\"canonical\" href=\"https:\/\/www.ferrovial.com\/es\/recursos\/trenes\/\" \/>\n<meta property=\"og:locale\" content=\"es_ES\" \/>\n<meta property=\"og:type\" content=\"article\" \/>\n<meta property=\"og:title\" content=\"Trenes: qu\u00e9 son, eficiencia e infraestructuras - Ferrovial\" \/>\n<meta property=\"og:description\" content=\"El tren es uno de los sistemas m\u00e1s eficientes de movilidad, muy por debajo de otras como el avi\u00f3n y bastante alejado del turismo.\" \/>\n<meta property=\"og:url\" content=\"https:\/\/www.ferrovial.com\/es\/recursos\/trenes\/\" \/>\n<meta property=\"og:site_name\" content=\"Ferrovial\" \/>\n<meta property=\"article:publisher\" content=\"https:\/\/www.facebook.com\/ferrovial\" \/>\n<meta property=\"article:modified_time\" content=\"2022-09-23T05:46:51+00:00\" \/>\n<meta name=\"twitter:card\" content=\"summary_large_image\" \/>\n<meta name=\"twitter:site\" content=\"@ferrovial\" \/>\n<meta name=\"twitter:label1\" content=\"Est. reading time\" \/>\n\t<meta name=\"twitter:data1\" content=\"3 minutos\" \/>\n<!-- \/ Yoast SEO plugin. -->","yoast_head_json":{"title":"Trenes: qu\u00e9 son, eficiencia e infraestructuras - Ferrovial","description":"El tren es uno de los sistemas m\u00e1s eficientes de movilidad, muy por debajo de otras como el avi\u00f3n y bastante alejado del turismo.","robots":{"index":"index","follow":"follow","max-snippet":"max-snippet:-1","max-image-preview":"max-image-preview:large","max-video-preview":"max-video-preview:-1"},"canonical":"https:\/\/www.ferrovial.com\/es\/recursos\/trenes\/","og_locale":"es_ES","og_type":"article","og_title":"Trenes: qu\u00e9 son, eficiencia e infraestructuras - Ferrovial","og_description":"El tren es uno de los sistemas m\u00e1s eficientes de movilidad, muy por debajo de otras como el avi\u00f3n y bastante alejado del turismo.","og_url":"https:\/\/www.ferrovial.com\/es\/recursos\/trenes\/","og_site_name":"Ferrovial","article_publisher":"https:\/\/www.facebook.com\/ferrovial","article_modified_time":"2022-09-23T05:46:51+00:00","twitter_card":"summary_large_image","twitter_site":"@ferrovial","twitter_misc":{"Est. reading time":"3 minutos"},"schema":{"@context":"https:\/\/schema.org","@graph":[{"@type":"WebPage","@id":"https:\/\/www.ferrovial.com\/es\/recursos\/trenes\/","url":"https:\/\/www.ferrovial.com\/es\/recursos\/trenes\/","name":"Trenes: qu\u00e9 son, eficiencia e infraestructuras - Ferrovial","isPartOf":{"@id":"https:\/\/www.ferrovial.com\/es\/#website"},"datePublished":"2021-05-28T07:41:04+00:00","dateModified":"2022-09-23T05:46:51+00:00","description":"El tren es uno de los sistemas m\u00e1s eficientes de movilidad, muy por debajo de otras como el avi\u00f3n y bastante alejado del turismo.","breadcrumb":{"@id":"https:\/\/www.ferrovial.com\/es\/recursos\/trenes\/#breadcrumb"},"inLanguage":"es","potentialAction":[{"@type":"ReadAction","target":["https:\/\/www.ferrovial.com\/es\/recursos\/trenes\/"]}]},{"@type":"BreadcrumbList","@id":"https:\/\/www.ferrovial.com\/es\/recursos\/trenes\/#breadcrumb","itemListElement":[{"@type":"ListItem","position":1,"name":"Portada","item":"https:\/\/www.ferrovial.com\/es\/"},{"@type":"ListItem","position":2,"name":"Recursos","item":"https:\/\/www.ferrovial.com\/es\/recursos\/"},{"@type":"ListItem","position":3,"name":"Trenes"}]},{"@type":"WebSite","@id":"https:\/\/www.ferrovial.com\/es\/#website","url":"https:\/\/www.ferrovial.com\/es\/","name":"Ferrovial","description":"Welcome to the Ferrovial&#039;s website, global operator of sustainable infrastructure. Here you can find all the information about the company and subsidiaries.","publisher":{"@id":"https:\/\/www.ferrovial.com\/es\/#organization"},"potentialAction":[{"@type":"SearchAction","target":{"@type":"EntryPoint","urlTemplate":"https:\/\/www.ferrovial.com\/es\/?s={search_term_string}"},"query-input":{"@type":"PropertyValueSpecification","valueRequired":true,"valueName":"search_term_string"}}],"inLanguage":"es"},{"@type":"Organization","@id":"https:\/\/www.ferrovial.com\/es\/#organization","name":"Ferrovial S.A.","url":"https:\/\/www.ferrovial.com\/es\/","logo":{"@type":"ImageObject","inLanguage":"es","@id":"https:\/\/www.ferrovial.com\/es\/#\/schema\/logo\/image\/","url":"https:\/\/static.ferrovial.com\/wp-content\/uploads\/2020\/01\/13124948\/logo-ferrovial-cf7.png","contentUrl":"https:\/\/static.ferrovial.com\/wp-content\/uploads\/2020\/01\/13124948\/logo-ferrovial-cf7.png","width":144,"height":32,"caption":"Ferrovial S.A."},"image":{"@id":"https:\/\/www.ferrovial.com\/es\/#\/schema\/logo\/image\/"},"sameAs":["https:\/\/www.facebook.com\/ferrovial","https:\/\/x.com\/ferrovial","https:\/\/www.instagram.com\/ferrovial\/","https:\/\/www.linkedin.com\/company\/ferrovial","https:\/\/www.pinterest.es\/ferrovial\/","https:\/\/www.youtube.com\/ferrovial","https:\/\/en.wikipedia.org\/wiki\/Ferrovial"]}]}},"_links":{"self":[{"href":"https:\/\/www.ferrovial.com\/es\/wp-json\/wp\/v2\/pages\/195444","targetHints":{"allow":["GET"]}}],"collection":[{"href":"https:\/\/www.ferrovial.com\/es\/wp-json\/wp\/v2\/pages"}],"about":[{"href":"https:\/\/www.ferrovial.com\/es\/wp-json\/wp\/v2\/types\/page"}],"replies":[{"embeddable":true,"href":"https:\/\/www.ferrovial.com\/es\/wp-json\/wp\/v2\/comments?post=195444"}],"version-history":[{"count":3,"href":"https:\/\/www.ferrovial.com\/es\/wp-json\/wp\/v2\/pages\/195444\/revisions"}],"predecessor-version":[{"id":200331,"href":"https:\/\/www.ferrovial.com\/es\/wp-json\/wp\/v2\/pages\/195444\/revisions\/200331"}],"up":[{"embeddable":true,"href":"https:\/\/www.ferrovial.com\/es\/wp-json\/wp\/v2\/pages\/25267"}],"wp:attachment":[{"href":"https:\/\/www.ferrovial.com\/es\/wp-json\/wp\/v2\/media?parent=195444"}],"curies":[{"name":"wp","href":"https:\/\/api.w.org\/{rel}","templated":true}]}}