{"id":195452,"date":"2021-05-28T09:48:27","date_gmt":"2021-05-28T07:48:27","guid":{"rendered":"https:\/\/www.ferrovial.com\/?page_id=195452"},"modified":"2025-06-27T09:47:42","modified_gmt":"2025-06-27T07:47:42","slug":"responsabilidad-social-corporativa","status":"publish","type":"page","link":"https:\/\/www.ferrovial.com\/es\/recursos\/responsabilidad-social-corporativa\/","title":{"rendered":"Responsabilidad Social Corporativa"},"content":{"rendered":"    <m-final-content-header >\n            <c-breadcrumb label-text=\"Breadcrumb\" slot=\"breadcrumbs\" type='2' align='left' wrap='wrapped wrapped' aria-label='Vienes de Recursos'>\n                        <ol>\n\n                                                            <li><a href=\"https:\/\/www.ferrovial.com\/es\/\" title=\"Ferrovial\">Ferrovial<\/a><\/li>\n                                                                        <li><a href=\"https:\/\/www.ferrovial.com\/es\/recursos\/\" title=\"Recursos\">Recursos<\/a><\/li>\n                                    \n                <\/ol>\n\n                <\/c-breadcrumb>\n    \n        <div slot=\"header\">\n            <h1>\n                Responsabilidad Social Corporativa            <\/h1>\n                    <\/div>\n    <\/m-final-content-header>\n\n    \n\n\n<p><script type=\"application\/ld+json\">\n{\n  \"@context\": \"https:\/\/schema.org\",\n  \"@type\": \"FAQPage\",\n  \"mainEntity\": [{\n    \"@type\": \"Question\",\n    \"name\": \"\u00bfQu\u00e9 es la Responsabilidad Social Corporativa?\",\n    \"acceptedAnswer\": {\n      \"@type\": \"Answer\",\n      \"text\": \"La Responsabilidad Social Corporativa (RSC) es la forma que tienen las empresas de involucrarse en aspectos que preocupan a la sociedad. Son todas aquellas actividades que favorecen su interacci\u00f3n con el entorno en el que operan.\"\n    }\n  },{\n    \"@type\": \"Question\",\n    \"name\": \"\u00bfC\u00f3mo se fomenta la RSC en la empresa?\",\n    \"acceptedAnswer\": {\n      \"@type\": \"Answer\",\n      \"text\": \"A trav\u00e9s de un Plan Estrat\u00e9gico de Responsabilidad Corporativa, las empresas alinean su actividad \u00e9tica con asuntos trascendentales como medio ambiente, empleo o integraci\u00f3n.\"\n    }\n  },{\n    \"@type\": \"Question\",\n    \"name\": \"\u00bfA qu\u00e9 RSC se orienta cada empresa\",\n    \"acceptedAnswer\": {\n      \"@type\": \"Answer\",\n      \"text\": \"Cada empresa suele abordar en su pol\u00edtica RSC m\u00e1s de un sector, meta u objetivo. Generalmente, las marcas ponen foco en aquellos aspectos m\u00e1s cercanos a su actividad.\"\n    }\n  }]\n}\n<\/script><\/p>\n\n\n\n<m-wysiwig class=\"wp-block-components-wysiwyg\"><div slot=\"maincontent\">\n<p>Las empresas juegan un importante rol no solo econ\u00f3mico, sino tambi\u00e9n social y ambiental. Cada vez es m\u00e1s frecuente encontrar <strong>marcas que se involucran en definir y mantener los valores de la sociedad en la que se encuentran<\/strong>, m\u00e1s all\u00e1 de su actividad comercial. A esto se lo conoce como la Responsabilidad Social Corporativa, y est\u00e1 cambiando las relaciones entre empresas y sociedad.<\/p>\n\n\n\n<h2 class=\"wp-block-heading\">\u00bfQu\u00e9 es la Responsabilidad Social Corporativa?<\/h2>\n\n\n\n<p>La <strong>Responsabilidad Social Corporativa<\/strong> (RSC) es la forma que tienen las empresas de involucrarse en aspectos que preocupan a la sociedad. Son todas aquellas actividades que favorecen su interacci\u00f3n con el entorno en el que operan.<\/p>\n\n\n\n<p>Por ejemplo, en materia social se encuentran el comercio justo, los contratos estables para sus trabajadores o la ruptura de los techos de cristal; mientras que en el ambiental est\u00e1 un uso m\u00e1s responsable de la energ\u00eda, reducir la huella de carbono o fomentar la movilidad sostenible de empleados.<\/p>\n\n\n\n<h2 class=\"wp-block-heading\">\u00bfC\u00f3mo se fomenta la RSC en la empresa?<\/h2>\n\n\n\n<p>A trav\u00e9s de un <strong>Plan Estrat\u00e9gico de Responsabilidad Corporativa<\/strong>, las empresas alinean su actividad \u00e9tica con asuntos trascendentales como medio ambiente, empleo o integraci\u00f3n.<\/p>\n\n\n\n<h2 class=\"wp-block-heading\">\u00bfA qu\u00e9 RSC se orienta cada empresa?<\/h2>\n\n\n\n<p>Cada empresa suele abordar en su pol\u00edtica RSC m\u00e1s de un sector, meta u objetivo. Generalmente, las marcas ponen foco en <strong>aquellos aspectos m\u00e1s cercanos a su actividad<\/strong>. As\u00ed, desde Ferrovial es frecuente encontrar dentro de los proyectos RSC tem\u00e1ticas como las relacionadas con llevar <a href=\"https:\/\/www.ferrovial.com\/es\/sostenibilidad\/social\/comunidad\/infraestructuras-sociales\/\">infraestructura de agua<\/a> a lugares sin ella. Pero tambi\u00e9n se persiguen otros como:<\/p>\n\n\n\n<ul class=\"wp-block-list\">\n<li>apostar por la descarbonizaci\u00f3n de la actividad;<\/li>\n\n\n\n<li>promover la econom\u00eda circular;<\/li>\n\n\n\n<li>proteger la biodiversidad;<\/li>\n\n\n\n<li>innovar en sostenibilidad y proyectos sociales;<\/li>\n\n\n\n<li>fomentar la oportunidad de oportunidades;<\/li>\n\n\n\n<li>garantizar entornos de trabajo saludables;<\/li>\n\n\n\n<li>dar espacio al talento local;<\/li>\n\n\n\n<li>mejorar la \u00e9tica empresarial, etc.<\/li>\n<\/ul>\n<\/div><\/m-wysiwig>\n\n\n    <m-projects-distributor2 :translations='{\n        &quot;prev&quot;:&quot;Anterior&quot;,\n        &quot;next&quot;:&quot;Siguiente&quot;,\n        &quot;paginationseparator&quot;:&quot;de&quot;\n    }'>\n                        <h2 slot=\"title\">\n                Nuestros proyectos destacados                <\/h2>\n                        <a slot='button' title='Conoce nuestros proyectos ' href='https:\/\/www.ferrovial.com\/es\/cintra\/proyectos\/'>\n            Conoce nuestros proyectos         <\/a>\n\n            <\/m-projects-distributor2>\n\n    ","protected":false},"excerpt":{"rendered":"","protected":false},"featured_media":0,"parent":25267,"menu_order":0,"comment_status":"closed","ping_status":"closed","template":"","meta":{"_acf_changed":false,"footnotes":""},"class_list":["post-195452","page","type-page","status-publish","hentry"],"acf":[],"yoast_head":"<!-- This site is optimized with the Yoast SEO plugin v27.2 - https:\/\/yoast.com\/product\/yoast-seo-wordpress\/ -->\n<title>Responsabilidad Social Corporativa - Ferrovial<\/title>\n<meta name=\"description\" content=\"La Responsabilidad Social Corporativa (RSC) es la forma que tienen las empresas de involucrarse en aspectos que preocupan a la sociedad.\" \/>\n<meta name=\"robots\" content=\"index, follow, max-snippet:-1, max-image-preview:large, max-video-preview:-1\" \/>\n<link rel=\"canonical\" href=\"https:\/\/www.ferrovial.com\/es\/recursos\/responsabilidad-social-corporativa\/\" \/>\n<meta property=\"og:locale\" content=\"es_ES\" \/>\n<meta property=\"og:type\" content=\"article\" \/>\n<meta property=\"og:title\" content=\"Responsabilidad Social Corporativa - Ferrovial\" \/>\n<meta property=\"og:description\" content=\"La Responsabilidad Social Corporativa (RSC) es la forma que tienen las empresas de involucrarse en aspectos que preocupan a la sociedad.\" \/>\n<meta property=\"og:url\" content=\"https:\/\/www.ferrovial.com\/es\/recursos\/responsabilidad-social-corporativa\/\" \/>\n<meta property=\"og:site_name\" content=\"Ferrovial\" \/>\n<meta property=\"article:publisher\" content=\"https:\/\/www.facebook.com\/ferrovial\" \/>\n<meta property=\"article:modified_time\" content=\"2025-06-27T07:47:42+00:00\" \/>\n<meta name=\"twitter:card\" content=\"summary_large_image\" \/>\n<meta name=\"twitter:site\" content=\"@ferrovial\" \/>\n<meta name=\"twitter:label1\" content=\"Est. reading time\" \/>\n\t<meta name=\"twitter:data1\" content=\"2 minutos\" \/>\n<!-- \/ Yoast SEO plugin. -->","yoast_head_json":{"title":"Responsabilidad Social Corporativa - Ferrovial","description":"La Responsabilidad Social Corporativa (RSC) es la forma que tienen las empresas de involucrarse en aspectos que preocupan a la sociedad.","robots":{"index":"index","follow":"follow","max-snippet":"max-snippet:-1","max-image-preview":"max-image-preview:large","max-video-preview":"max-video-preview:-1"},"canonical":"https:\/\/www.ferrovial.com\/es\/recursos\/responsabilidad-social-corporativa\/","og_locale":"es_ES","og_type":"article","og_title":"Responsabilidad Social Corporativa - Ferrovial","og_description":"La Responsabilidad Social Corporativa (RSC) es la forma que tienen las empresas de involucrarse en aspectos que preocupan a la sociedad.","og_url":"https:\/\/www.ferrovial.com\/es\/recursos\/responsabilidad-social-corporativa\/","og_site_name":"Ferrovial","article_publisher":"https:\/\/www.facebook.com\/ferrovial","article_modified_time":"2025-06-27T07:47:42+00:00","twitter_card":"summary_large_image","twitter_site":"@ferrovial","twitter_misc":{"Est. reading time":"2 minutos"},"schema":{"@context":"https:\/\/schema.org","@graph":[{"@type":"WebPage","@id":"https:\/\/www.ferrovial.com\/es\/recursos\/responsabilidad-social-corporativa\/","url":"https:\/\/www.ferrovial.com\/es\/recursos\/responsabilidad-social-corporativa\/","name":"Responsabilidad Social Corporativa - Ferrovial","isPartOf":{"@id":"https:\/\/www.ferrovial.com\/es\/#website"},"datePublished":"2021-05-28T07:48:27+00:00","dateModified":"2025-06-27T07:47:42+00:00","description":"La Responsabilidad Social Corporativa (RSC) es la forma que tienen las empresas de involucrarse en aspectos que preocupan a la sociedad.","breadcrumb":{"@id":"https:\/\/www.ferrovial.com\/es\/recursos\/responsabilidad-social-corporativa\/#breadcrumb"},"inLanguage":"es","potentialAction":[{"@type":"ReadAction","target":["https:\/\/www.ferrovial.com\/es\/recursos\/responsabilidad-social-corporativa\/"]}]},{"@type":"BreadcrumbList","@id":"https:\/\/www.ferrovial.com\/es\/recursos\/responsabilidad-social-corporativa\/#breadcrumb","itemListElement":[{"@type":"ListItem","position":1,"name":"Portada","item":"https:\/\/www.ferrovial.com\/es\/"},{"@type":"ListItem","position":2,"name":"Recursos","item":"https:\/\/www.ferrovial.com\/es\/recursos\/"},{"@type":"ListItem","position":3,"name":"Responsabilidad Social Corporativa"}]},{"@type":"WebSite","@id":"https:\/\/www.ferrovial.com\/es\/#website","url":"https:\/\/www.ferrovial.com\/es\/","name":"Ferrovial","description":"Welcome to the Ferrovial&#039;s website, global operator of sustainable infrastructure. Here you can find all the information about the company and subsidiaries.","publisher":{"@id":"https:\/\/www.ferrovial.com\/es\/#organization"},"potentialAction":[{"@type":"SearchAction","target":{"@type":"EntryPoint","urlTemplate":"https:\/\/www.ferrovial.com\/es\/?s={search_term_string}"},"query-input":{"@type":"PropertyValueSpecification","valueRequired":true,"valueName":"search_term_string"}}],"inLanguage":"es"},{"@type":"Organization","@id":"https:\/\/www.ferrovial.com\/es\/#organization","name":"Ferrovial S.A.","url":"https:\/\/www.ferrovial.com\/es\/","logo":{"@type":"ImageObject","inLanguage":"es","@id":"https:\/\/www.ferrovial.com\/es\/#\/schema\/logo\/image\/","url":"https:\/\/static.ferrovial.com\/wp-content\/uploads\/2020\/01\/13124948\/logo-ferrovial-cf7.png","contentUrl":"https:\/\/static.ferrovial.com\/wp-content\/uploads\/2020\/01\/13124948\/logo-ferrovial-cf7.png","width":144,"height":32,"caption":"Ferrovial S.A."},"image":{"@id":"https:\/\/www.ferrovial.com\/es\/#\/schema\/logo\/image\/"},"sameAs":["https:\/\/www.facebook.com\/ferrovial","https:\/\/x.com\/ferrovial","https:\/\/www.instagram.com\/ferrovial\/","https:\/\/www.linkedin.com\/company\/ferrovial","https:\/\/www.pinterest.es\/ferrovial\/","https:\/\/www.youtube.com\/ferrovial","https:\/\/en.wikipedia.org\/wiki\/Ferrovial"]}]}},"_links":{"self":[{"href":"https:\/\/www.ferrovial.com\/es\/wp-json\/wp\/v2\/pages\/195452","targetHints":{"allow":["GET"]}}],"collection":[{"href":"https:\/\/www.ferrovial.com\/es\/wp-json\/wp\/v2\/pages"}],"about":[{"href":"https:\/\/www.ferrovial.com\/es\/wp-json\/wp\/v2\/types\/page"}],"replies":[{"embeddable":true,"href":"https:\/\/www.ferrovial.com\/es\/wp-json\/wp\/v2\/comments?post=195452"}],"version-history":[{"count":3,"href":"https:\/\/www.ferrovial.com\/es\/wp-json\/wp\/v2\/pages\/195452\/revisions"}],"predecessor-version":[{"id":308410,"href":"https:\/\/www.ferrovial.com\/es\/wp-json\/wp\/v2\/pages\/195452\/revisions\/308410"}],"up":[{"embeddable":true,"href":"https:\/\/www.ferrovial.com\/es\/wp-json\/wp\/v2\/pages\/25267"}],"wp:attachment":[{"href":"https:\/\/www.ferrovial.com\/es\/wp-json\/wp\/v2\/media?parent=195452"}],"curies":[{"name":"wp","href":"https:\/\/api.w.org\/{rel}","templated":true}]}}