{"id":195461,"date":"2021-05-28T09:58:39","date_gmt":"2021-05-28T07:58:39","guid":{"rendered":"https:\/\/www.ferrovial.com\/?page_id=195461"},"modified":"2025-04-07T16:06:51","modified_gmt":"2025-04-07T14:06:51","slug":"voluntariado-vnu","status":"publish","type":"page","link":"https:\/\/www.ferrovial.com\/es\/recursos\/voluntariado-vnu\/","title":{"rendered":"Voluntariado"},"content":{"rendered":"    <m-final-content-header >\n            <c-breadcrumb label-text=\"Breadcrumb\" slot=\"breadcrumbs\" type='2' align='left' wrap='wrapped wrapped' aria-label='Vienes de Recursos'>\n                        <ol>\n\n                                                            <li><a href=\"https:\/\/www.ferrovial.com\/es\/\" title=\"Ferrovial\">Ferrovial<\/a><\/li>\n                                                                        <li><a href=\"https:\/\/www.ferrovial.com\/es\/recursos\/\" title=\"Recursos\">Recursos<\/a><\/li>\n                                    \n                <\/ol>\n\n                <\/c-breadcrumb>\n    \n        <div slot=\"header\">\n            <h1>\n                Voluntariado: \u00bfqu\u00e9 es?, VNU, tipos y curiosidades            <\/h1>\n                    <\/div>\n    <\/m-final-content-header>\n\n    \n\n\n<p><script type=\"application\/ld+json\">\n{\n  \"@context\": \"https:\/\/schema.org\",\n  \"@type\": \"FAQPage\",\n  \"mainEntity\": [{\n    \"@type\": \"Question\",\n    \"name\": \"\u00bfQu\u00e9 significa la palabra voluntariado?\",\n    \"acceptedAnswer\": {\n      \"@type\": \"Answer\",\n      \"text\": \"Conjunto de actividades de inter\u00e9s general desarrolladas con car\u00e1cter libre y solidario por personas f\u00edsicas, sin contraprestaci\u00f3n econ\u00f3mica o material, a trav\u00e9s de ciertas entidades conforme a programas concretos. Ley 45\/2015, de 14 de octubre, de Voluntariado, art.3.\"\n    }\n  },{\n    \"@type\": \"Question\",\n    \"name\": \"\u00bfQu\u00e9 es el Programa de Voluntarios de las Naciones Unidas (VNU)?\",\n    \"acceptedAnswer\": {\n      \"@type\": \"Answer\",\n      \"text\": \"El Programa de Voluntarios de las Naciones Unidas (VNU) fue creado para desarrollar tareas de cooperaci\u00f3n para el desarrollo, principalmente t\u00e9cnicas, econ\u00f3micas o sociales, a petici\u00f3n de los estados miembros. Iniciado en 1970 a solicitud de la Asamblea General de las Naciones Unidas, tiene caracter\u00edsticas \u00fanicas por funcionar dentro del sistema de Naciones Unidas\"\n    }\n  },{\n    \"@type\": \"Question\",\n    \"name\": \"\u00bfQu\u00e9 es el voluntariado empresarial o corporativo?\",\n    \"acceptedAnswer\": {\n      \"@type\": \"Answer\",\n      \"text\": \"La participaci\u00f3n social llevada a cabo por empresas u organizaciones est\u00e1 adquiriendo mucha relevancia en los \u00faltimos tiempos. Esta forma de voluntariado la prestan empresas que forman grupos de trabajo para una causa determinada. Esta tambi\u00e9n es una manera de desarrollar la responsabilidad social corporativa, por lo que tambi\u00e9n tiene beneficios para el propio negocio. \nEn este sentido, '<a href=\\\"https:\/\/www.ferrovial.com\/es-es\/sostenibilidad\/social\/comunidad\/\\\"> ' Ferrovial '<\/a>' es un claro ejemplo de esta forma de participaci\u00f3n social a trav\u00e9s de sus programas sociales, concibiendo la inversi\u00f3n en la comunidad como un instrumento estrat\u00e9gico para el desarrollo de la sociedad y del entorno donde ejerce su actividad.\"\n    }\n  },{\n    \"@type\": \"Question\",\n    \"name\": \"\u00bfCu\u00e1ntos tipos de voluntariados existen?\",\n    \"acceptedAnswer\": {\n      \"@type\": \"Answer\",\n      \"text\": \"Voluntariado en el terreno, o tradicional: Los voluntarios in situ se encuentran f\u00edsicamente en el lugar que recibe la ayuda para colaborar en distintas actividades. Voluntariado en l\u00ednea: Los voluntarios en l\u00ednea contribuyen con sus habilidades a trav\u00e9s de Internet para ayudar a alcanzar sus objetivos a las organizaciones con las que colaboran.\"\n    }\n  },{\n    \"@type\": \"Question\",\n    \"name\": \"\u00bfCu\u00e1les son los tipos m\u00e1s comunes de voluntariado?\",\n    \"acceptedAnswer\": {\n      \"@type\": \"Answer\",\n      \"text\": \"Voluntariado comunitario. Voluntariado de exclusi\u00f3n social. Voluntariado en cooperaci\u00f3n al desarrollo. Voluntariado medioambiental. Voluntariado en protecci\u00f3n civil. Voluntariado puntual.\"\n    }\n  },{\n    \"@type\": \"Question\",\n    \"name\": \"\u00bfD\u00f3nde encontrar oportunidades de voluntariado?\",\n    \"acceptedAnswer\": {\n      \"@type\": \"Answer\",\n      \"text\": \"Si se desea emprender un voluntariado, una buena opci\u00f3n es informarse en organizaciones locales, hacer una b\u00fasqueda en webs especializadas o investigar sobre las pol\u00edticas sociales de grandes empresas. Lo fundamental para ser voluntario es encontrar una causa con la que el voluntario se sienta identificado y en la que se sienta c\u00f3modo y capacitado para aportar ayuda.\"\n    }\n  }]\n}\n<\/script><\/p>\n\n\n\n<m-wysiwig class=\"wp-block-components-wysiwyg\"><div slot=\"maincontent\">\n<h2 class=\"wp-block-heading\">\u00bfQu\u00e9 significa la palabra <em>voluntariado<\/em>?&nbsp;<\/h2>\n\n\n\n<p>Seg\u00fan la Real Academia Espa\u00f1ola (RAE) la palabra voluntariado se define como: <em>Conjunto de personas que se ofrecen voluntarias para realizar algo.<\/em> Sin embargo, esta definici\u00f3n general brindada por la RAE no se acerca mucho a su car\u00e1cter altruista, y tampoco la ofrecida por el Diccionario Panhisp\u00e1nico del Espa\u00f1ol Jur\u00eddico (DPEJ): <em>Conjunto de actividades de inter\u00e9s general desarrolladas con car\u00e1cter libre y solidario por personas f\u00edsicas, sin contraprestaci\u00f3n econ\u00f3mica o material, a trav\u00e9s de ciertas entidades conforme a programas concretos. Ley 45\/2015, de 14 de octubre, de Voluntariado, art.3.<\/em><\/p>\n\n\n\n<p>En la Organizaci\u00f3n de Naciones Unidas (ONU) se habla de voluntariado para referirse a una forma de ayuda social que consiste en ofrecer recursos humanos y materiales para un fin determinado. A diferencia de otras formas de aportaci\u00f3n, como las donaciones econ\u00f3micas, el voluntariado consiste en realizar de forma altruista un trabajo que es necesario para una causa concreta.<\/p>\n\n\n\n<h2 class=\"wp-block-heading\">\u00bfQu\u00e9 es el Programa de Voluntarios de las Naciones Unidas (VNU)?&nbsp;<\/h2>\n\n\n\n<p>Entre los grupos de voluntariado, uno de los m\u00e1s importantes es el de las Naciones Unidas, que al igual que otras organizaciones presta sus servicios, capacidades f\u00edsicas y conocimientos en favor de todas aquellas personas y lugares del mundo que lo est\u00e9n necesitando.<\/p>\n\n\n\n<p>El Programa de Voluntarios de las Naciones Unidas (VNU) fue creado para desarrollar tareas de cooperaci\u00f3n para el desarrollo, principalmente t\u00e9cnicas, econ\u00f3micas o sociales, a petici\u00f3n de los estados miembros. Iniciado en 1970 a solicitud de la Asamblea General de las Naciones Unidas, tiene caracter\u00edsticas \u00fanicas por funcionar dentro del sistema de Naciones Unidas. El VNU es administrado por el Programa de las Naciones Unidas para el Desarrollo (PNUD), que tambi\u00e9n es su principal contribuyente financiero.<\/p>\n\n\n\n<p>Para impulsar la paz y el desarrollo, el programa VNU promueve el reconocimiento de la contribuci\u00f3n de los voluntarios, trabaja con sus asociados para integrar el voluntariado en los programas de desarrollo y moviliza en todo el mundo a un n\u00famero cada vez mayor y m\u00e1s diverso de voluntarios, incluidos Voluntarios de las Naciones Unidas. El programa VNU entiende el voluntariado como universal e incluyente, y reconoce el voluntariado en toda su diversidad, as\u00ed como los valores que lo sustentan: libre albedr\u00edo, entrega, compromiso y solidaridad.<\/p>\n\n\n\n<h2 class=\"wp-block-heading\">\u00bfQu\u00e9 es el voluntariado empresarial o corporativo?&nbsp;<\/h2>\n\n\n\n<p>La participaci\u00f3n social llevada a cabo por empresas u organizaciones est\u00e1 adquiriendo mucha relevancia en los \u00faltimos tiempos. Esta forma de voluntariado la prestan empresas que forman grupos de trabajo para una causa determinada. Esta tambi\u00e9n es una manera de desarrollar la responsabilidad social corporativa, por lo que tambi\u00e9n tiene beneficios para el propio negocio.&nbsp;<\/p>\n\n\n\n<p>En este sentido, <a href=\"https:\/\/www.ferrovial.com\/es-es\/sostenibilidad\/social\/comunidad\/\" target=\"_blank\" aria-label=\" (opens in a new tab)\" rel=\"noreferrer noopener\" class=\"ek-link\">Ferrovial es un claro ejemplo de esta forma de participaci\u00f3n social<\/a> a trav\u00e9s de sus programas sociales, concibiendo la inversi\u00f3n en la comunidad como un instrumento estrat\u00e9gico para el desarrollo de la sociedad y del entorno donde ejerce su actividad.<\/p>\n\n\n\n<p>Actualmente, el 67% de las empresas espa\u00f1olas cuenta con programas de voluntariado empresarial, una cifra por debajo de la media europea, que se ubica en 79%. Mientras tanto, el 87% de las empresas latinoamericanas y el 85% de las estadounidenses hacen voluntariado corporativo.<\/p>\n\n\n\n<h2 class=\"wp-block-heading\">\u00bfCu\u00e1ntos tipos de voluntariados existen?<\/h2>\n\n\n\n<p>Hoy en d\u00eda existe una amplia gama de formas en las que se puede ejercer el voluntariado; todo depende del objetivo mundial al que da respuesta. Por la manera en que se realiza la actividad, se pueden distinguir dos formas de voluntariado:<\/p>\n\n\n\n<p><strong>Voluntariado en el terreno, o tradicional<\/strong><\/p>\n\n\n\n<p>Los voluntarios <em>in situ <\/em>se encuentran f\u00edsicamente en el lugar que recibe la ayuda para colaborar en distintas actividades, por ejemplo: colaborando en la organizaci\u00f3n de procesos electorales; promoviendo la gobernanza o los derechos humanos; ayudando en emergencias humanitarias, con poblaciones de refugiados, en programas de mejora del medio ambiente o reducci\u00f3n de la pobreza; entre otros.\u200b<\/p>\n\n\n\n<p>Los individuos pueden ser voluntarios en su propio pa\u00eds (voluntarios nacionales); a esto se le suele denominar <strong><em>voluntariado local<\/em><\/strong>.&nbsp; En las ciudades o peque\u00f1as localidades, se articulan organizaciones que se dedican precisamente a ofrecer ayuda a grupos sociales desfavorecidos. Estas cuentan con recursos humanos que, de forma voluntaria, realizan acciones administrativas, reparten comida o acompa\u00f1an a ancianos o personas dependientes.<\/p>\n\n\n\n<p>Por otra parte, existe el denominado <strong><em>voluntariado internacional<\/em><\/strong>, que apuesta por el trabajo de campo en lugares que se encuentran en situaciones de necesidad o emergencia a trav\u00e9s de programas espec\u00edficos. Para estos casos, m\u00e1s que en otros, los voluntarios deben reunir ciertos requisitos que garanticen su verdadera utilidad. Generalmente es necesario hablar el idioma local o un idioma espec\u00edfico para comunicarse con el equipo, disponer de la documentaci\u00f3n apropiada o visados, etc.<\/p>\n\n\n\n<p><strong>Voluntariado en l\u00ednea<\/strong><\/p>\n\n\n\n<p>Los voluntarios en l\u00ednea contribuyen con sus habilidades a trav\u00e9s de Internet para ayudar a alcanzar sus objetivos a las organizaciones con las que colaboran. Se trata de una modalidad que es cada vez m\u00e1s frecuente, gracias a los avances tecnol\u00f3gicos que van, poco a poco, democratizando los dispositivos electr\u00f3nicos y la conexi\u00f3n a Internet en el mundo.<\/p>\n\n\n\n<p>El voluntariado en l\u00ednea permite optimizar los presupuestos, reduciendo gastos de traslado y estad\u00eda de los voluntarios. As\u00ed mismo, gracias a la modalidad en l\u00ednea, un voluntario con competencias espec\u00edficas puede estar prestando su ayuda en diferentes latitudes a la vez.<\/p>\n\n\n\n<p>Actualmente el voluntariado en l\u00ednea est\u00e1 en auge debido a la crisis sanitaria mundial.<\/p>\n\n\n\n<h2 class=\"wp-block-heading\">\u00bfCu\u00e1les son los tipos m\u00e1s comunes de voluntariado?<\/h2>\n\n\n\n<p><strong>Voluntariado comunitario:<\/strong> es el que busca sumarse a diferentes movimientos c\u00edvicos para resguardar la cultura del lugar, mejorar la educaci\u00f3n, crear actividades de ocio que sean enriquecedoras y difundir las costumbres de un sitio espec\u00edfico para que el resto del mundo las conozca.<\/p>\n\n\n\n<p><strong>Voluntariado de exclusi\u00f3n social:<\/strong> defiende y promueve los derechos de colectivos que son marginados o discriminados de alg\u00fan modo. <\/p>\n\n\n\n<p><strong>Voluntariado en cooperaci\u00f3n al desarrollo:<\/strong> es uno de los tipos de voluntariado m\u00e1s importantes, porque busca fomentar las capacidades de los individuos permiti\u00e9ndoles insertarse en el mercado de trabajo, cuidar el medio ambiente e incluso formar a otros para lograr que en cada regi\u00f3n del mundo la econom\u00eda sea sostenible.<\/p>\n\n\n\n<p><strong>Voluntariado medioambiental:<\/strong> est\u00e1 enfocado en la prevenci\u00f3n, recuperaci\u00f3n del medio ambiente, la denuncia de acciones da\u00f1inas para este, y la promoci\u00f3n del uso inteligente de los recursos y los residuos.<\/p>\n\n\n\n<p><strong>Voluntariado en protecci\u00f3n civil:<\/strong> en aquel lugar del mundo donde se presente una emergencia grave por acontecimientos naturales como terremotos, tornados, inundaciones o sequ\u00edas, all\u00ed estar\u00e1 este tipo de voluntarios reconstruyendo las zonas afectadas o prestando atenci\u00f3n de diversa \u00edndole (m\u00e9dica, psicol\u00f3gica, social, etc.) a las personas afectadas.<\/p>\n\n\n\n<p><strong>Voluntariado puntual:<\/strong> existen organizaciones que realizan actividades ocasionales por una causa concreta en las que se puede participar tanto en la organizaci\u00f3n como en el propio evento.&nbsp;<\/p>\n\n\n\n<h2 class=\"wp-block-heading\">\u00bfD\u00f3nde encontrar oportunidades de voluntariado?<\/h2>\n\n\n\n<p>Si se desea emprender un voluntariado, una buena opci\u00f3n es informarse en organizaciones locales, hacer una b\u00fasqueda en webs especializadas o investigar sobre las pol\u00edticas sociales de grandes empresas. Lo fundamental para ser voluntario es encontrar una causa con la que el voluntario se sienta identificado y en la que se sienta c\u00f3modo y capacitado para aportar ayuda.<\/p>\n\n\n\n<h2 class=\"wp-block-heading\">Datos curiosos sobre el voluntariado<\/h2>\n\n\n\n<ul class=\"wp-block-list\">\n<li>El 5 de diciembre es D\u00eda Internacional de los Voluntarios.<\/li>\n\n\n\n<li>Hay m\u00e1s de 1 mill\u00f3n de voluntarios al a\u00f1o en el mundo, seg\u00fan un estudio realizado por Tourism and Research Marketing.<\/li>\n\n\n\n<li>La mayor motivaci\u00f3n del voluntariado es la inmersi\u00f3n cultural.<\/li>\n\n\n\n<li>45% de los voluntarios est\u00e1n vinculados a organizaciones religiosas.<\/li>\n\n\n\n<li>Estados Unidos es el pa\u00eds que tiene m\u00e1s voluntarios alrededor del mundo. Suelen ser personas que han finalizado la universidad y, en la mayor\u00eda de los casos, son mujeres.<\/li>\n\n\n\n<li>El pa\u00eds que recibe m\u00e1s voluntarios es la India, seg\u00fan un informe reciente de GoOverseas.org. El segundo lugar lo ocupa \u00c1frica.<\/li>\n\n\n\n<li>El 84% de los voluntarios internacionales est\u00e1 interesado en la causa de la pobreza.<\/li>\n<\/ul>\n<\/div><\/m-wysiwig>\n\n\n    <m-projects-distributor2 :translations='{\n        &quot;prev&quot;:&quot;Anterior&quot;,\n        &quot;next&quot;:&quot;Siguiente&quot;,\n        &quot;paginationseparator&quot;:&quot;de&quot;\n    }'>\n                        <h2 slot=\"title\">\n                Nuestros proyectos destacados                <\/h2>\n                        <a slot='button' title='Conoce nuestros proyectos ' href='https:\/\/www.ferrovial.com\/es\/cintra\/proyectos\/'>\n            Conoce nuestros proyectos         <\/a>\n\n            <\/m-projects-distributor2>\n\n    ","protected":false},"excerpt":{"rendered":"","protected":false},"featured_media":0,"parent":25267,"menu_order":0,"comment_status":"closed","ping_status":"closed","template":"","meta":{"_acf_changed":false,"footnotes":""},"class_list":["post-195461","page","type-page","status-publish","hentry"],"acf":[],"yoast_head":"<!-- This site is optimized with the Yoast SEO plugin v27.2 - https:\/\/yoast.com\/product\/yoast-seo-wordpress\/ -->\n<title>Voluntariado: definici\u00f3n, VNU, tipos, oportunidades - Ferrovial<\/title>\n<meta name=\"description\" content=\"En la ONU se habla de voluntariado para referirse a una forma de ayuda social que consiste en ofrecer recursos humanos y materiales para un fin determinado.\" \/>\n<meta name=\"robots\" content=\"index, follow, max-snippet:-1, max-image-preview:large, max-video-preview:-1\" \/>\n<link rel=\"canonical\" href=\"https:\/\/www.ferrovial.com\/es\/recursos\/voluntariado-vnu\/\" \/>\n<meta property=\"og:locale\" content=\"es_ES\" \/>\n<meta property=\"og:type\" content=\"article\" \/>\n<meta property=\"og:title\" content=\"Voluntariado: definici\u00f3n, VNU, tipos, oportunidades - Ferrovial\" \/>\n<meta property=\"og:description\" content=\"En la ONU se habla de voluntariado para referirse a una forma de ayuda social que consiste en ofrecer recursos humanos y materiales para un fin determinado.\" \/>\n<meta property=\"og:url\" content=\"https:\/\/www.ferrovial.com\/es\/recursos\/voluntariado-vnu\/\" \/>\n<meta property=\"og:site_name\" content=\"Ferrovial\" \/>\n<meta property=\"article:publisher\" content=\"https:\/\/www.facebook.com\/ferrovial\" \/>\n<meta property=\"article:modified_time\" content=\"2025-04-07T14:06:51+00:00\" \/>\n<meta name=\"twitter:card\" content=\"summary_large_image\" \/>\n<meta name=\"twitter:site\" content=\"@ferrovial\" \/>\n<meta name=\"twitter:label1\" content=\"Est. reading time\" \/>\n\t<meta name=\"twitter:data1\" content=\"6 minutos\" \/>\n<!-- \/ Yoast SEO plugin. -->","yoast_head_json":{"title":"Voluntariado: definici\u00f3n, VNU, tipos, oportunidades - Ferrovial","description":"En la ONU se habla de voluntariado para referirse a una forma de ayuda social que consiste en ofrecer recursos humanos y materiales para un fin determinado.","robots":{"index":"index","follow":"follow","max-snippet":"max-snippet:-1","max-image-preview":"max-image-preview:large","max-video-preview":"max-video-preview:-1"},"canonical":"https:\/\/www.ferrovial.com\/es\/recursos\/voluntariado-vnu\/","og_locale":"es_ES","og_type":"article","og_title":"Voluntariado: definici\u00f3n, VNU, tipos, oportunidades - Ferrovial","og_description":"En la ONU se habla de voluntariado para referirse a una forma de ayuda social que consiste en ofrecer recursos humanos y materiales para un fin determinado.","og_url":"https:\/\/www.ferrovial.com\/es\/recursos\/voluntariado-vnu\/","og_site_name":"Ferrovial","article_publisher":"https:\/\/www.facebook.com\/ferrovial","article_modified_time":"2025-04-07T14:06:51+00:00","twitter_card":"summary_large_image","twitter_site":"@ferrovial","twitter_misc":{"Est. reading time":"6 minutos"},"schema":{"@context":"https:\/\/schema.org","@graph":[{"@type":"WebPage","@id":"https:\/\/www.ferrovial.com\/es\/recursos\/voluntariado-vnu\/","url":"https:\/\/www.ferrovial.com\/es\/recursos\/voluntariado-vnu\/","name":"Voluntariado: definici\u00f3n, VNU, tipos, oportunidades - Ferrovial","isPartOf":{"@id":"https:\/\/www.ferrovial.com\/es\/#website"},"datePublished":"2021-05-28T07:58:39+00:00","dateModified":"2025-04-07T14:06:51+00:00","description":"En la ONU se habla de voluntariado para referirse a una forma de ayuda social que consiste en ofrecer recursos humanos y materiales para un fin determinado.","breadcrumb":{"@id":"https:\/\/www.ferrovial.com\/es\/recursos\/voluntariado-vnu\/#breadcrumb"},"inLanguage":"es","potentialAction":[{"@type":"ReadAction","target":["https:\/\/www.ferrovial.com\/es\/recursos\/voluntariado-vnu\/"]}]},{"@type":"BreadcrumbList","@id":"https:\/\/www.ferrovial.com\/es\/recursos\/voluntariado-vnu\/#breadcrumb","itemListElement":[{"@type":"ListItem","position":1,"name":"Portada","item":"https:\/\/www.ferrovial.com\/es\/"},{"@type":"ListItem","position":2,"name":"Recursos","item":"https:\/\/www.ferrovial.com\/es\/recursos\/"},{"@type":"ListItem","position":3,"name":"Voluntariado"}]},{"@type":"WebSite","@id":"https:\/\/www.ferrovial.com\/es\/#website","url":"https:\/\/www.ferrovial.com\/es\/","name":"Ferrovial","description":"Welcome to the Ferrovial&#039;s website, global operator of sustainable infrastructure. Here you can find all the information about the company and subsidiaries.","publisher":{"@id":"https:\/\/www.ferrovial.com\/es\/#organization"},"potentialAction":[{"@type":"SearchAction","target":{"@type":"EntryPoint","urlTemplate":"https:\/\/www.ferrovial.com\/es\/?s={search_term_string}"},"query-input":{"@type":"PropertyValueSpecification","valueRequired":true,"valueName":"search_term_string"}}],"inLanguage":"es"},{"@type":"Organization","@id":"https:\/\/www.ferrovial.com\/es\/#organization","name":"Ferrovial S.A.","url":"https:\/\/www.ferrovial.com\/es\/","logo":{"@type":"ImageObject","inLanguage":"es","@id":"https:\/\/www.ferrovial.com\/es\/#\/schema\/logo\/image\/","url":"https:\/\/static.ferrovial.com\/wp-content\/uploads\/2020\/01\/13124948\/logo-ferrovial-cf7.png","contentUrl":"https:\/\/static.ferrovial.com\/wp-content\/uploads\/2020\/01\/13124948\/logo-ferrovial-cf7.png","width":144,"height":32,"caption":"Ferrovial S.A."},"image":{"@id":"https:\/\/www.ferrovial.com\/es\/#\/schema\/logo\/image\/"},"sameAs":["https:\/\/www.facebook.com\/ferrovial","https:\/\/x.com\/ferrovial","https:\/\/www.instagram.com\/ferrovial\/","https:\/\/www.linkedin.com\/company\/ferrovial","https:\/\/www.pinterest.es\/ferrovial\/","https:\/\/www.youtube.com\/ferrovial","https:\/\/en.wikipedia.org\/wiki\/Ferrovial"]}]}},"_links":{"self":[{"href":"https:\/\/www.ferrovial.com\/es\/wp-json\/wp\/v2\/pages\/195461","targetHints":{"allow":["GET"]}}],"collection":[{"href":"https:\/\/www.ferrovial.com\/es\/wp-json\/wp\/v2\/pages"}],"about":[{"href":"https:\/\/www.ferrovial.com\/es\/wp-json\/wp\/v2\/types\/page"}],"replies":[{"embeddable":true,"href":"https:\/\/www.ferrovial.com\/es\/wp-json\/wp\/v2\/comments?post=195461"}],"version-history":[{"count":3,"href":"https:\/\/www.ferrovial.com\/es\/wp-json\/wp\/v2\/pages\/195461\/revisions"}],"predecessor-version":[{"id":303067,"href":"https:\/\/www.ferrovial.com\/es\/wp-json\/wp\/v2\/pages\/195461\/revisions\/303067"}],"up":[{"embeddable":true,"href":"https:\/\/www.ferrovial.com\/es\/wp-json\/wp\/v2\/pages\/25267"}],"wp:attachment":[{"href":"https:\/\/www.ferrovial.com\/es\/wp-json\/wp\/v2\/media?parent=195461"}],"curies":[{"name":"wp","href":"https:\/\/api.w.org\/{rel}","templated":true}]}}