{"id":195498,"date":"2021-05-28T12:34:31","date_gmt":"2021-05-28T10:34:31","guid":{"rendered":"https:\/\/www.ferrovial.com\/?page_id=195498"},"modified":"2022-09-22T19:12:18","modified_gmt":"2022-09-22T17:12:18","slug":"logistica","status":"publish","type":"page","link":"https:\/\/www.ferrovial.com\/es\/recursos\/logistica\/","title":{"rendered":"Log\u00edstica"},"content":{"rendered":"    <m-final-content-header >\n            <c-breadcrumb label-text=\"Breadcrumb\" slot=\"breadcrumbs\" type='2' align='left' wrap='wrapped wrapped' aria-label='Vienes de Recursos'>\n                        <ol>\n\n                                                            <li><a href=\"https:\/\/www.ferrovial.com\/es\/\" title=\"Ferrovial\">Ferrovial<\/a><\/li>\n                                                                        <li><a href=\"https:\/\/www.ferrovial.com\/es\/recursos\/\" title=\"Recursos\">Recursos<\/a><\/li>\n                                    \n                <\/ol>\n\n                <\/c-breadcrumb>\n    \n        <div slot=\"header\">\n            <h1>\n                Log\u00edstica            <\/h1>\n                    <\/div>\n    <\/m-final-content-header>\n\n    \n\n\n<p><script type=\"application\/ld+json\">\n{\n  \"@context\": \"https:\/\/schema.org\",\n  \"@type\": \"FAQPage\",\n  \"mainEntity\": [{\n    \"@type\": \"Question\",\n    \"name\": \"\u00bfQu\u00e9 es la log\u00edstica y para qu\u00e9 sirve?\",\n    \"acceptedAnswer\": {\n      \"@type\": \"Answer\",\n      \"text\": \"La log\u00edstica es la actividad que planifica, gestiona, controla el almacenamiento y env\u00edo de bienes en una cadena de suministro. Su objetivo principal es gestionar todas las operaciones relacionadas con el movimiento de materias primas o productos de la forma m\u00e1s eficiente posible.\n\nCuando el proceso log\u00edstico se produce hacia un almac\u00e9n recibe el nombre de canal de aprovisionamiento, por ejemplo cuando una tienda ecommerce se aprovisiona de productos que espera vender; mientras que cuando sale del almac\u00e9n, por ejemplo hacia los domicilios, se llama canal de distribuci\u00f3n.\"\n    }\n  },{\n    \"@type\": \"Question\",\n    \"name\": \"\u00bfC\u00f3mo funciona la log\u00edstica?\",\n    \"acceptedAnswer\": {\n      \"@type\": \"Answer\",\n      \"text\": \"Como actividad clave, la log\u00edstica persigue que estos objetos se encuentren en cierta fecha, en determinado lugar, y en ciertas condiciones de calidad. Para ello, hace uso de todo tipo de instrumentos:\n\nla infraestructura vial de las rutas de comercio, como carreteras, v\u00edas ferroviarias, puentes, puertos, canales, etc;\nlas herramientas de seguimiento como c\u00f3digos de barras, RFID, GPS, etc;\nlos procesos digitales de an\u00e1lisis de informaci\u00f3n para optimizar rutas, como big data, machine learning e inteligencia artificial.\"\n    }\n  },{\n    \"@type\": \"Question\",\n    \"name\": \"\u00bfCu\u00e1l es el reto final de la log\u00edstica?\",\n    \"acceptedAnswer\": {\n      \"@type\": \"Answer\",\n      \"text\": \"La entrega de bienes en \u00faltima milla, tanto para particulares como empresas, es el eslab\u00f3n m\u00e1s complejo y costoso de los operadores log\u00edsticos\"\n    }\n  }]\n}\n<\/script><\/p>\n\n\n\n<m-wysiwig class=\"wp-block-components-wysiwyg\"><div slot=\"maincontent\">\n<p>La <strong>log\u00edstica<\/strong> es una soluci\u00f3n t\u00e9cnica para satisfacer la demanda de bienes a un precio asequible. En un mundo cada vez m\u00e1s conectado, la log\u00edstica es una pieza clave en la cadena de valor sin la cual no ser\u00eda posible el intercambio de productos a nivel global.<\/p>\n\n\n\n<h2 class=\"wp-block-heading\">\u00bfQu\u00e9 es la log\u00edstica y para qu\u00e9 sirve?<\/h2>\n\n\n\n<p>La log\u00edstica es la actividad que planifica, gestiona, controla el almacenamiento y env\u00edo de bienes en una cadena de suministro. Su objetivo principal es gestionar todas las operaciones relacionadas con el movimiento de materias primas o productos de la forma m\u00e1s eficiente posible.<\/p>\n\n\n\n<p>Cuando el proceso log\u00edstico se produce hacia un almac\u00e9n recibe el nombre de <strong>canal de aprovisionamiento<\/strong>, por ejemplo cuando una tienda ecommerce se aprovisiona de productos que espera vender; mientras que cuando sale del almac\u00e9n, por ejemplo hacia los domicilios, se llama <strong>canal de distribuci\u00f3n<\/strong>.<\/p>\n\n\n\n<h2 class=\"wp-block-heading\">\u00bfC\u00f3mo funciona la log\u00edstica?<\/h2>\n\n\n\n<p>Como actividad clave, la log\u00edstica persigue que estos objetos se encuentren en cierta fecha, en determinado lugar, y en ciertas condiciones de calidad. Para ello, hace uso de todo tipo de instrumentos:<\/p>\n\n\n\n<ul class=\"wp-block-list\"><li>la <strong>infraestructura vial<\/strong> de las rutas de comercio, como carreteras, v\u00edas ferroviarias, puentes, puertos, canales, etc;<\/li><li>las <strong>herramientas <\/strong>de seguimiento como c\u00f3digos de barras, RFID, GPS, etc;<\/li><li>los <strong>procesos digitales<\/strong> de an\u00e1lisis de informaci\u00f3n para optimizar rutas, como <em>big data<\/em>, <em>machine learning<\/em> e inteligencia artificial.<\/li><\/ul>\n\n\n\n<p>Con una adecuada combinaci\u00f3n de todos estos elementos, la log\u00edstica busca las rutas m\u00e1s r\u00e1pidas y\/o eficientes.<\/p>\n\n\n\n<h2 class=\"wp-block-heading\">\u00bfCu\u00e1l es el reto final de la log\u00edstica? La \u00faltima milla: <\/h2>\n\n\n\n<p>La entrega de bienes en \u00faltima milla, tanto para particulares como empresas, es el eslab\u00f3n m\u00e1s complejo y costoso de los operadores log\u00edsticos. Adem\u00e1s, tiene un impacto elevado respecto al resto de la log\u00edstica. Concertar horas de entrega, hacer uso de armarios <em>locker <\/em>o puntos de entrega alternativos est\u00e1 ayudando.<\/p>\n<\/div><\/m-wysiwig>\n\n\n    <m-projects-distributor2 :translations='{\n        &quot;prev&quot;:&quot;Anterior&quot;,\n        &quot;next&quot;:&quot;Siguiente&quot;,\n        &quot;paginationseparator&quot;:&quot;de&quot;\n    }'>\n                        <h2 slot=\"title\">\n                Nuestros proyectos destacados                <\/h2>\n                        <a slot='button' title='Conoce nuestros proyectos ' href='https:\/\/www.ferrovial.com\/es\/cintra\/proyectos\/'>\n            Conoce nuestros proyectos         <\/a>\n\n            <\/m-projects-distributor2>\n\n    ","protected":false},"excerpt":{"rendered":"","protected":false},"featured_media":0,"parent":25267,"menu_order":0,"comment_status":"closed","ping_status":"closed","template":"","meta":{"_acf_changed":false,"footnotes":""},"class_list":["post-195498","page","type-page","status-publish","hentry"],"acf":[],"yoast_head":"<!-- This site is optimized with the Yoast SEO plugin v27.2 - https:\/\/yoast.com\/product\/yoast-seo-wordpress\/ -->\n<title>Qu\u00e9 es la log\u00edstica y para qu\u00e9 sirve - Ferrovial<\/title>\n<meta name=\"description\" content=\"La log\u00edstica es la actividad que planifica, gestiona, controla el almacenamiento y env\u00edo de bienes en una cadena de suministro. Su objetivo principal es gestionar...\" \/>\n<meta name=\"robots\" content=\"index, follow, max-snippet:-1, max-image-preview:large, max-video-preview:-1\" \/>\n<link rel=\"canonical\" href=\"https:\/\/www.ferrovial.com\/es\/recursos\/logistica\/\" \/>\n<meta property=\"og:locale\" content=\"es_ES\" \/>\n<meta property=\"og:type\" content=\"article\" \/>\n<meta property=\"og:title\" content=\"Qu\u00e9 es la log\u00edstica y para qu\u00e9 sirve - Ferrovial\" \/>\n<meta property=\"og:description\" content=\"La log\u00edstica es la actividad que planifica, gestiona, controla el almacenamiento y env\u00edo de bienes en una cadena de suministro. Su objetivo principal es gestionar...\" \/>\n<meta property=\"og:url\" content=\"https:\/\/www.ferrovial.com\/es\/recursos\/logistica\/\" \/>\n<meta property=\"og:site_name\" content=\"Ferrovial\" \/>\n<meta property=\"article:publisher\" content=\"https:\/\/www.facebook.com\/ferrovial\" \/>\n<meta property=\"article:modified_time\" content=\"2022-09-22T17:12:18+00:00\" \/>\n<meta name=\"twitter:card\" content=\"summary_large_image\" \/>\n<meta name=\"twitter:site\" content=\"@ferrovial\" \/>\n<meta name=\"twitter:label1\" content=\"Est. reading time\" \/>\n\t<meta name=\"twitter:data1\" content=\"3 minutos\" \/>\n<!-- \/ Yoast SEO plugin. -->","yoast_head_json":{"title":"Qu\u00e9 es la log\u00edstica y para qu\u00e9 sirve - Ferrovial","description":"La log\u00edstica es la actividad que planifica, gestiona, controla el almacenamiento y env\u00edo de bienes en una cadena de suministro. Su objetivo principal es gestionar...","robots":{"index":"index","follow":"follow","max-snippet":"max-snippet:-1","max-image-preview":"max-image-preview:large","max-video-preview":"max-video-preview:-1"},"canonical":"https:\/\/www.ferrovial.com\/es\/recursos\/logistica\/","og_locale":"es_ES","og_type":"article","og_title":"Qu\u00e9 es la log\u00edstica y para qu\u00e9 sirve - Ferrovial","og_description":"La log\u00edstica es la actividad que planifica, gestiona, controla el almacenamiento y env\u00edo de bienes en una cadena de suministro. Su objetivo principal es gestionar...","og_url":"https:\/\/www.ferrovial.com\/es\/recursos\/logistica\/","og_site_name":"Ferrovial","article_publisher":"https:\/\/www.facebook.com\/ferrovial","article_modified_time":"2022-09-22T17:12:18+00:00","twitter_card":"summary_large_image","twitter_site":"@ferrovial","twitter_misc":{"Est. reading time":"3 minutos"},"schema":{"@context":"https:\/\/schema.org","@graph":[{"@type":"WebPage","@id":"https:\/\/www.ferrovial.com\/es\/recursos\/logistica\/","url":"https:\/\/www.ferrovial.com\/es\/recursos\/logistica\/","name":"Qu\u00e9 es la log\u00edstica y para qu\u00e9 sirve - Ferrovial","isPartOf":{"@id":"https:\/\/www.ferrovial.com\/es\/#website"},"datePublished":"2021-05-28T10:34:31+00:00","dateModified":"2022-09-22T17:12:18+00:00","description":"La log\u00edstica es la actividad que planifica, gestiona, controla el almacenamiento y env\u00edo de bienes en una cadena de suministro. Su objetivo principal es gestionar...","breadcrumb":{"@id":"https:\/\/www.ferrovial.com\/es\/recursos\/logistica\/#breadcrumb"},"inLanguage":"es","potentialAction":[{"@type":"ReadAction","target":["https:\/\/www.ferrovial.com\/es\/recursos\/logistica\/"]}]},{"@type":"BreadcrumbList","@id":"https:\/\/www.ferrovial.com\/es\/recursos\/logistica\/#breadcrumb","itemListElement":[{"@type":"ListItem","position":1,"name":"Portada","item":"https:\/\/www.ferrovial.com\/es\/"},{"@type":"ListItem","position":2,"name":"Recursos","item":"https:\/\/www.ferrovial.com\/es\/recursos\/"},{"@type":"ListItem","position":3,"name":"Log\u00edstica"}]},{"@type":"WebSite","@id":"https:\/\/www.ferrovial.com\/es\/#website","url":"https:\/\/www.ferrovial.com\/es\/","name":"Ferrovial","description":"Welcome to the Ferrovial&#039;s website, global operator of sustainable infrastructure. Here you can find all the information about the company and subsidiaries.","publisher":{"@id":"https:\/\/www.ferrovial.com\/es\/#organization"},"potentialAction":[{"@type":"SearchAction","target":{"@type":"EntryPoint","urlTemplate":"https:\/\/www.ferrovial.com\/es\/?s={search_term_string}"},"query-input":{"@type":"PropertyValueSpecification","valueRequired":true,"valueName":"search_term_string"}}],"inLanguage":"es"},{"@type":"Organization","@id":"https:\/\/www.ferrovial.com\/es\/#organization","name":"Ferrovial S.A.","url":"https:\/\/www.ferrovial.com\/es\/","logo":{"@type":"ImageObject","inLanguage":"es","@id":"https:\/\/www.ferrovial.com\/es\/#\/schema\/logo\/image\/","url":"https:\/\/static.ferrovial.com\/wp-content\/uploads\/2020\/01\/13124948\/logo-ferrovial-cf7.png","contentUrl":"https:\/\/static.ferrovial.com\/wp-content\/uploads\/2020\/01\/13124948\/logo-ferrovial-cf7.png","width":144,"height":32,"caption":"Ferrovial S.A."},"image":{"@id":"https:\/\/www.ferrovial.com\/es\/#\/schema\/logo\/image\/"},"sameAs":["https:\/\/www.facebook.com\/ferrovial","https:\/\/x.com\/ferrovial","https:\/\/www.instagram.com\/ferrovial\/","https:\/\/www.linkedin.com\/company\/ferrovial","https:\/\/www.pinterest.es\/ferrovial\/","https:\/\/www.youtube.com\/ferrovial","https:\/\/en.wikipedia.org\/wiki\/Ferrovial"]}]}},"_links":{"self":[{"href":"https:\/\/www.ferrovial.com\/es\/wp-json\/wp\/v2\/pages\/195498","targetHints":{"allow":["GET"]}}],"collection":[{"href":"https:\/\/www.ferrovial.com\/es\/wp-json\/wp\/v2\/pages"}],"about":[{"href":"https:\/\/www.ferrovial.com\/es\/wp-json\/wp\/v2\/types\/page"}],"replies":[{"embeddable":true,"href":"https:\/\/www.ferrovial.com\/es\/wp-json\/wp\/v2\/comments?post=195498"}],"version-history":[{"count":2,"href":"https:\/\/www.ferrovial.com\/es\/wp-json\/wp\/v2\/pages\/195498\/revisions"}],"predecessor-version":[{"id":204639,"href":"https:\/\/www.ferrovial.com\/es\/wp-json\/wp\/v2\/pages\/195498\/revisions\/204639"}],"up":[{"embeddable":true,"href":"https:\/\/www.ferrovial.com\/es\/wp-json\/wp\/v2\/pages\/25267"}],"wp:attachment":[{"href":"https:\/\/www.ferrovial.com\/es\/wp-json\/wp\/v2\/media?parent=195498"}],"curies":[{"name":"wp","href":"https:\/\/api.w.org\/{rel}","templated":true}]}}