{"id":196153,"date":"2021-06-09T15:40:39","date_gmt":"2021-06-09T13:40:39","guid":{"rendered":"https:\/\/www.ferrovial.com\/?page_id=196153"},"modified":"2022-09-23T07:36:02","modified_gmt":"2022-09-23T05:36:02","slug":"hoteles","status":"publish","type":"page","link":"https:\/\/www.ferrovial.com\/es\/recursos\/hoteles\/","title":{"rendered":"Hoteles"},"content":{"rendered":"    <m-final-content-header >\n            <c-breadcrumb label-text=\"Breadcrumb\" slot=\"breadcrumbs\" type='2' align='left' wrap='wrapped wrapped' aria-label='Vienes de Recursos'>\n                        <ol>\n\n                                                            <li><a href=\"https:\/\/www.ferrovial.com\/es\/\" title=\"Ferrovial\">Ferrovial<\/a><\/li>\n                                                                        <li><a href=\"https:\/\/www.ferrovial.com\/es\/recursos\/\" title=\"Recursos\">Recursos<\/a><\/li>\n                                    \n                <\/ol>\n\n                <\/c-breadcrumb>\n    \n        <div slot=\"header\">\n            <h1>\n                Hoteles            <\/h1>\n                    <\/div>\n    <\/m-final-content-header>\n\n    \n\n\n<p><script type=\"application\/ld+json\">\n{\n  \"@context\": \"https:\/\/schema.org\",\n  \"@type\": \"FAQPage\",\n  \"mainEntity\": [{\n    \"@type\": \"Question\",\n    \"name\": \"\u00bfQu\u00e9 es un hotel?\",\n    \"acceptedAnswer\": {\n      \"@type\": \"Answer\",\n      \"text\": \"Un hotel es un establecimiento que ofrece alojamientos de pago para estancias cortas. Los edificios que albergan los hoteles est\u00e1n condicionados para dar determinados servicios a los hu\u00e9spedes.\"\n    }\n  },{\n    \"@type\": \"Question\",\n    \"name\": \"\u00bfQu\u00e9 tipos de hoteles hay?\",\n    \"acceptedAnswer\": {\n      \"@type\": \"Answer\",\n      \"text\": \"podemos hablar por ejemplo de hoteles de lujo, familiares, vacacionales o resorts.\"\n    }\n  }]\n}\n<\/script><\/p>\n\n\n\n<m-wysiwig class=\"wp-block-components-wysiwyg\"><div slot=\"maincontent\">\n<h2 class=\"wp-block-heading\">\u00bfQu\u00e9 es un hotel?&nbsp;<\/h2>\n\n\n\n<p>Un hotel es un establecimiento que ofrece alojamientos de pago para estancias cortas. Los edificios que albergan los hoteles est\u00e1n condicionados para dar determinados servicios a los hu\u00e9spedes. Normalmente cuentan con habitaciones y restaurantes, y en ocasiones ofrecen tambi\u00e9n servicios adicionales como piscinas, bares, salas de conferencias o instalaciones deportivas.&nbsp;&nbsp;<\/p>\n\n\n\n<h2 class=\"wp-block-heading\">\u00bfQu\u00e9 tipos de hoteles hay?&nbsp;<\/h2>\n\n\n\n<p>Existen numerosos tipos de hoteles, clasificados por el nivel y la calidad de los servicios que ofrecen o su tipolog\u00eda. As\u00ed, podemos hablar por ejemplo de hoteles de lujo, familiares, vacacionales o resorts.&nbsp;&nbsp;<\/p>\n\n\n\n<p>La tem\u00e1tica de algunos hoteles gira alrededor de actividades o conceptos concretos. Podemos encontrar hoteles de naturaleza, hoteles-monumento (ubicados en un edificio de inter\u00e9s hist\u00f3rico o cultural), hoteles-balneario u hoteles-bodega, por ejemplo.&nbsp;&nbsp;<\/p>\n\n\n\n<p>Aunque suelen basarse en la misma idea y perseguir los mismos objetivos, la tipolog\u00eda de los hoteles cambia en las diferentes partes del mundo. En Jap\u00f3n, por ejemplo, es com\u00fan encontrar hoteles c\u00e1psula: se trata de establecimientos en los que los hu\u00e9spedes pueden dormir en peque\u00f1as cabinas.&nbsp;<\/p>\n\n\n\n<h2 class=\"wp-block-heading\">Historia de los hoteles&nbsp;&nbsp;<\/h2>\n\n\n\n<p>Existe constancia de instalaciones dedicadas a hospedar viajeros desde civilizaciones antiguas. En la Antigua Roma, las v\u00edas que conectaban las diferentes partes del imperio contaban con lugares de hospedaje y asilo tanto para viajeros como para los oficiales del estado, que las recorr\u00edan continuamente. Albergues (<em>stationes<\/em>) o posadas (<em>cauponae<\/em>) se suced\u00edan&nbsp;cada pocos kil\u00f3metros,&nbsp;para garantizar espacios de reposo en todas las jornadas de los viajes.&nbsp;&nbsp;<\/p>\n\n\n\n<p>En la Edad Media, las \u00f3rdenes religiosas ofrec\u00edan tambi\u00e9n servicios para alojar viajeros en monasterios y abad\u00edas. Al mismo tiempo, los albergues y las posadas&nbsp;se adaptaban a las necesidades de los hu\u00e9spedes,&nbsp;sobre todo&nbsp;peregrinos y viajeros. Con el posterior desarrollo del comercio&nbsp;y el aumento de los viajes y la movilidad, estos&nbsp;establecimientos comenzaron a tomar diferentes formas hasta llegar a la variedad que conocemos hoy.&nbsp;&nbsp;<\/p>\n\n\n\n<p>El hotel m\u00e1s antiguo todav\u00eda en funcionamiento en la actualidad es el&nbsp;Nishiyama&nbsp;Onsen&nbsp;Keiunkan. Se trata de un hotel de aguas termales fundado en el a\u00f1o 705 d.C. en&nbsp;Hayakawa, Jap\u00f3n. En 2011, fue reconocido con el r\u00e9cord Guinness como el hotel m\u00e1s antiguo del mundo.&nbsp;&nbsp;<\/p>\n<\/div><\/m-wysiwig>\n\n\n    <m-projects-distributor2 :translations='{\n        &quot;prev&quot;:&quot;Anterior&quot;,\n        &quot;next&quot;:&quot;Siguiente&quot;,\n        &quot;paginationseparator&quot;:&quot;de&quot;\n    }'>\n                        <h2 slot=\"title\">\n                Nuestros proyectos destacados                <\/h2>\n                        <a slot='button' title='Conoce nuestros proyectos ' href='https:\/\/www.ferrovial.com\/es\/cintra\/proyectos\/'>\n            Conoce nuestros proyectos         <\/a>\n\n            <\/m-projects-distributor2>\n\n    ","protected":false},"excerpt":{"rendered":"","protected":false},"featured_media":0,"parent":25267,"menu_order":0,"comment_status":"closed","ping_status":"closed","template":"","meta":{"_acf_changed":false,"footnotes":""},"class_list":["post-196153","page","type-page","status-publish","hentry"],"acf":[],"yoast_head":"<!-- This site is optimized with the Yoast SEO plugin v27.2 - https:\/\/yoast.com\/product\/yoast-seo-wordpress\/ -->\n<title>Hoteles: qu\u00e9 son, qu\u00e9 tipos hay e historia - Ferrovial<\/title>\n<meta name=\"description\" content=\"El hotel m\u00e1s antiguo todav\u00eda en funcionamiento en la actualidad es el Nishiyama Onsen Keiunkan. Se trata de un hotel de aguas termales fundado en el a\u00f1o 705 d.C. en Hayakawa, Jap\u00f3n.\" \/>\n<meta name=\"robots\" content=\"index, follow, max-snippet:-1, max-image-preview:large, max-video-preview:-1\" \/>\n<link rel=\"canonical\" href=\"https:\/\/www.ferrovial.com\/es\/recursos\/hoteles\/\" \/>\n<meta property=\"og:locale\" content=\"es_ES\" \/>\n<meta property=\"og:type\" content=\"article\" \/>\n<meta property=\"og:title\" content=\"Hoteles: qu\u00e9 son, qu\u00e9 tipos hay e historia - Ferrovial\" \/>\n<meta property=\"og:description\" content=\"El hotel m\u00e1s antiguo todav\u00eda en funcionamiento en la actualidad es el Nishiyama Onsen Keiunkan. Se trata de un hotel de aguas termales fundado en el a\u00f1o 705 d.C. en Hayakawa, Jap\u00f3n.\" \/>\n<meta property=\"og:url\" content=\"https:\/\/www.ferrovial.com\/es\/recursos\/hoteles\/\" \/>\n<meta property=\"og:site_name\" content=\"Ferrovial\" \/>\n<meta property=\"article:publisher\" content=\"https:\/\/www.facebook.com\/ferrovial\" \/>\n<meta property=\"article:modified_time\" content=\"2022-09-23T05:36:02+00:00\" \/>\n<meta name=\"twitter:card\" content=\"summary_large_image\" \/>\n<meta name=\"twitter:site\" content=\"@ferrovial\" \/>\n<meta name=\"twitter:label1\" content=\"Est. reading time\" \/>\n\t<meta name=\"twitter:data1\" content=\"2 minutos\" \/>\n<!-- \/ Yoast SEO plugin. -->","yoast_head_json":{"title":"Hoteles: qu\u00e9 son, qu\u00e9 tipos hay e historia - Ferrovial","description":"El hotel m\u00e1s antiguo todav\u00eda en funcionamiento en la actualidad es el Nishiyama Onsen Keiunkan. Se trata de un hotel de aguas termales fundado en el a\u00f1o 705 d.C. en Hayakawa, Jap\u00f3n.","robots":{"index":"index","follow":"follow","max-snippet":"max-snippet:-1","max-image-preview":"max-image-preview:large","max-video-preview":"max-video-preview:-1"},"canonical":"https:\/\/www.ferrovial.com\/es\/recursos\/hoteles\/","og_locale":"es_ES","og_type":"article","og_title":"Hoteles: qu\u00e9 son, qu\u00e9 tipos hay e historia - Ferrovial","og_description":"El hotel m\u00e1s antiguo todav\u00eda en funcionamiento en la actualidad es el Nishiyama Onsen Keiunkan. Se trata de un hotel de aguas termales fundado en el a\u00f1o 705 d.C. en Hayakawa, Jap\u00f3n.","og_url":"https:\/\/www.ferrovial.com\/es\/recursos\/hoteles\/","og_site_name":"Ferrovial","article_publisher":"https:\/\/www.facebook.com\/ferrovial","article_modified_time":"2022-09-23T05:36:02+00:00","twitter_card":"summary_large_image","twitter_site":"@ferrovial","twitter_misc":{"Est. reading time":"2 minutos"},"schema":{"@context":"https:\/\/schema.org","@graph":[{"@type":"WebPage","@id":"https:\/\/www.ferrovial.com\/es\/recursos\/hoteles\/","url":"https:\/\/www.ferrovial.com\/es\/recursos\/hoteles\/","name":"Hoteles: qu\u00e9 son, qu\u00e9 tipos hay e historia - Ferrovial","isPartOf":{"@id":"https:\/\/www.ferrovial.com\/es\/#website"},"datePublished":"2021-06-09T13:40:39+00:00","dateModified":"2022-09-23T05:36:02+00:00","description":"El hotel m\u00e1s antiguo todav\u00eda en funcionamiento en la actualidad es el Nishiyama Onsen Keiunkan. Se trata de un hotel de aguas termales fundado en el a\u00f1o 705 d.C. en Hayakawa, Jap\u00f3n.","breadcrumb":{"@id":"https:\/\/www.ferrovial.com\/es\/recursos\/hoteles\/#breadcrumb"},"inLanguage":"es","potentialAction":[{"@type":"ReadAction","target":["https:\/\/www.ferrovial.com\/es\/recursos\/hoteles\/"]}]},{"@type":"BreadcrumbList","@id":"https:\/\/www.ferrovial.com\/es\/recursos\/hoteles\/#breadcrumb","itemListElement":[{"@type":"ListItem","position":1,"name":"Portada","item":"https:\/\/www.ferrovial.com\/es\/"},{"@type":"ListItem","position":2,"name":"Recursos","item":"https:\/\/www.ferrovial.com\/es\/recursos\/"},{"@type":"ListItem","position":3,"name":"Hoteles"}]},{"@type":"WebSite","@id":"https:\/\/www.ferrovial.com\/es\/#website","url":"https:\/\/www.ferrovial.com\/es\/","name":"Ferrovial","description":"Welcome to the Ferrovial&#039;s website, global operator of sustainable infrastructure. Here you can find all the information about the company and subsidiaries.","publisher":{"@id":"https:\/\/www.ferrovial.com\/es\/#organization"},"potentialAction":[{"@type":"SearchAction","target":{"@type":"EntryPoint","urlTemplate":"https:\/\/www.ferrovial.com\/es\/?s={search_term_string}"},"query-input":{"@type":"PropertyValueSpecification","valueRequired":true,"valueName":"search_term_string"}}],"inLanguage":"es"},{"@type":"Organization","@id":"https:\/\/www.ferrovial.com\/es\/#organization","name":"Ferrovial S.A.","url":"https:\/\/www.ferrovial.com\/es\/","logo":{"@type":"ImageObject","inLanguage":"es","@id":"https:\/\/www.ferrovial.com\/es\/#\/schema\/logo\/image\/","url":"https:\/\/static.ferrovial.com\/wp-content\/uploads\/2020\/01\/13124948\/logo-ferrovial-cf7.png","contentUrl":"https:\/\/static.ferrovial.com\/wp-content\/uploads\/2020\/01\/13124948\/logo-ferrovial-cf7.png","width":144,"height":32,"caption":"Ferrovial S.A."},"image":{"@id":"https:\/\/www.ferrovial.com\/es\/#\/schema\/logo\/image\/"},"sameAs":["https:\/\/www.facebook.com\/ferrovial","https:\/\/x.com\/ferrovial","https:\/\/www.instagram.com\/ferrovial\/","https:\/\/www.linkedin.com\/company\/ferrovial","https:\/\/www.pinterest.es\/ferrovial\/","https:\/\/www.youtube.com\/ferrovial","https:\/\/en.wikipedia.org\/wiki\/Ferrovial"]}]}},"_links":{"self":[{"href":"https:\/\/www.ferrovial.com\/es\/wp-json\/wp\/v2\/pages\/196153","targetHints":{"allow":["GET"]}}],"collection":[{"href":"https:\/\/www.ferrovial.com\/es\/wp-json\/wp\/v2\/pages"}],"about":[{"href":"https:\/\/www.ferrovial.com\/es\/wp-json\/wp\/v2\/types\/page"}],"replies":[{"embeddable":true,"href":"https:\/\/www.ferrovial.com\/es\/wp-json\/wp\/v2\/comments?post=196153"}],"version-history":[{"count":2,"href":"https:\/\/www.ferrovial.com\/es\/wp-json\/wp\/v2\/pages\/196153\/revisions"}],"predecessor-version":[{"id":200770,"href":"https:\/\/www.ferrovial.com\/es\/wp-json\/wp\/v2\/pages\/196153\/revisions\/200770"}],"up":[{"embeddable":true,"href":"https:\/\/www.ferrovial.com\/es\/wp-json\/wp\/v2\/pages\/25267"}],"wp:attachment":[{"href":"https:\/\/www.ferrovial.com\/es\/wp-json\/wp\/v2\/media?parent=196153"}],"curies":[{"name":"wp","href":"https:\/\/api.w.org\/{rel}","templated":true}]}}