{"id":196312,"date":"2021-06-11T13:29:16","date_gmt":"2021-06-11T11:29:16","guid":{"rendered":"https:\/\/www.ferrovial.com\/?page_id=196312"},"modified":"2022-05-31T13:33:43","modified_gmt":"2022-05-31T11:33:43","slug":"trazado-por-mary-peters","status":"publish","type":"page","link":"https:\/\/www.ferrovial.com\/es\/jose-manuel-ballester\/trazado-por-mary-peters\/","title":{"rendered":"Trazado por Mary Peters &#8211; Jos\u00e9 Manuel Ballester"},"content":{"rendered":"    <m-hero type='single' :translations='{\n        &quot;play&quot;:&quot;Reproducir v\u00eddeo de fondo&quot;,\n        &quot;pause&quot;:&quot;Pausar v\u00eddeo de fondo&quot;,\n        &quot;prev&quot;:&quot;Anterior&quot;,\n        &quot;next&quot;:&quot;Siguiente&quot;,\n        &quot;paginationseparator&quot;:&quot;de&quot;,\n        &quot;goto&quot;:&quot;Ir al slide&quot;,\n        &quot;external&quot;:&quot;Abrir una nueva ventana&quot;\n    }'>\n            <c-breadcrumb label-text=\"Breadcrumb\" slot=\"breadcrumbs\" type='1' align='left left' wrap='wrapped wrapped' aria-label='Vienes de Jos\u00e9 Manuel Ballester'>\n                        <ol>\n\n                                                            <li><a href=\"https:\/\/www.ferrovial.com\/es\/\" title=\"Ferrovial\">Ferrovial<\/a><\/li>\n                                                                        <li><a href=\"https:\/\/www.ferrovial.com\/es\/jose-manuel-ballester\/\" title=\"Jos\u00e9 Manuel Ballester\">Jos\u00e9 Manuel Ballester<\/a><\/li>\n                                    \n                <\/ol>\n\n                <\/c-breadcrumb>\n    \n                        <div slot=\"carouselItem\">\n                            <c-background-image>\n                                <picture>\n                                                                            <source media=\"(max-width: 667px)\" srcset=\"https:\/\/static.ferrovial.com\/wp-content\/uploads\/2021\/06\/09124035\/31-nf-7888-2-600x800.png\">\n                                                                                                                <source media=\"(max-width: 1023px)\" srcset=\"https:\/\/static.ferrovial.com\/wp-content\/uploads\/2021\/06\/09124035\/31-nf-7888-2-800x720.png\">\n                                    \n                                    <img decoding=\"async\" src=\"https:\/\/static.ferrovial.com\/wp-content\/uploads\/2021\/06\/09124035\/31-nf-7888-2-800x1080.png\" alt=\"\" style=\"object-position: center center;\">\n                                <\/picture>\n                            <\/c-background-image>\n                        <\/div>        <section slot=\"hero\">\n            <article>\n                                        <h1>Trazado<\/h1>\n                                                <p>Descripci\u00f3n por defecto<\/p>\n                                    <\/article>\n        <\/section>\n    <\/m-hero>\n\n    \n\n\n<m-wysiwig negative id=\"wysiwyg\" class=\"wp-block-components-wysiwyg\"><div slot=\"maincontent\">\n<h2 class=\"wp-block-heading\">Infraestructuras innovadoras, soluciones para nuestros tiempos<\/h2>\n\n\n    <p class=\"intro\">Como alguien que admira y aprecia las infraestructuras innovadoras que mejoran la calidad\nde vida, tanto en Estados Unidos como en el resto del mundo, es un placer reconocer los esfuerzos de Ferrovial representados a trav\u00e9s de las im\u00e1genes de Jos\u00e9 Manuel Ballester.<\/p>\n    \n\n\n<p>Estados Unidos tuvo una vez el mejor sistema de carreteras y de transporte del mundo. En 2019, el Informe de Competitividad Global del Foro Econ\u00f3mico Mundial situaba a Estados Unidos en el puesto n\u00famero 13 en cuanto a la calidad general de sus infraestructuras. Actualmente, este pa\u00eds gasta un 2,3% del PIB en infraestructuras, mientras que China invierte un 9%. La inversi\u00f3n en infraestructuras como porcentaje del PIB disminuy\u00f3 casi un 5% entre 2003 y 2014. El gasto en nuevas o en su mejora disminuy\u00f3 casi un 25% durante ese mismo per\u00edodo frente a los gastos de mantenimiento y operaci\u00f3n, seg\u00fan la Oficina de Presupuestos del Congreso. M\u00e1s de 54.000 puentes del pa\u00eds, el 9% del total, se consideran estructuralmente deficientes, y 250 de los puentes da\u00f1ados m\u00e1s transitados se encuentran en carreteras interestatales urbanas. La edad promedio de los puentes estructuralmente deficientes es de 67 a\u00f1os.<\/p>\n\n\n\n<p><br>Sabemos que unas infraestructuras seguras y eficientes son necesarias para el crecimiento econ\u00f3mico, la creaci\u00f3n de empleo y para proteger vidas humanas. Para que Estados Unidos siga siendo viable, debemos invertir m\u00e1s para mejorar y expandir nuestras infraestructuras.<\/p>\n\n\n\n<p><br><strong>\u00bfQu\u00e9 ha causado entonces esta importante subinversi\u00f3n en infraestructuras?<br><\/strong>En t\u00e9rminos de transporte terrestre, el cambio comenz\u00f3 cuando el sistema de autopistas Interestatales se estaba ultimando, a finales de la d\u00e9cada de 1970. Cuando la Ley de Autopistas de Ayuda Federal de 1956 fue aprobada por el Congreso y promulgada por el presidente Eisenhower, la nueva legislaci\u00f3n aument\u00f3 el impuesto federal a la gasolina a 3 centavos por gal\u00f3n.<\/p>\n\n\n\n<p><br>Esto permiti\u00f3 establecer el Fondo de Autopistas dedicando los ingresos a la construcci\u00f3n del sistema interestatal. En los a\u00f1os siguientes, el Congreso aument\u00f3 el impuesto a la gasolina peri\u00f3dicamente para recaudar fondos suficientes para cubrir el coste de completar la red de autopistas. A medida que el sistema se fue rematando, a finales de los a\u00f1os setenta, muchos pensaron que el impuesto deb\u00eda transferirse a los estados para que estos financiaran el mantenimiento, operaci\u00f3n y mejora de estas v\u00edas. <\/p>\n\n\n\n<p><br>Estas discusiones llegaron a un punto cr\u00edtico a principios de los ochenta.<\/p>\n\n\n\n<p><br>El presidente Reagan se opuso a nuevos aumentos y apoy\u00f3 su transferencia a los estados. La mayor\u00eda en el Congreso no estuvo de acuerdo: anularon su veto y aumentaron el impuesto en 5 centavos por gal\u00f3n. En 1993 el impuesto era de 14 centavos por gal\u00f3n. El Congreso aument\u00f3 de nuevo el impuesto en 4,3 centavos por gal\u00f3n, pero en lugar de dedicarlo en su totalidad a las carreteras y el tr\u00e1nsito, asignaron los fondos adicionales a la reducci\u00f3n del d\u00e9ficit, m\u00e1s 1 centavo para reparar fugas en tanques de almacenamiento subterr\u00e1neos. Algunos dicen que esto rompi\u00f3 el car\u00e1cter finalista del fondo, siendo el \u00faltimo aumento en el impuesto al combustible hasta la fecha.<\/p>\n\n\n\n<p><br>En los a\u00f1os siguientes, los miembros m\u00e1s poderosos del Congreso y los presidentes de los comit\u00e9s han asignado fondos para proyectos espec\u00edficos en sus estados o distritos, en lugar de repartirlos en funci\u00f3n de las necesidades del conjunto del sistema. Despu\u00e9s de la aprobaci\u00f3n de la ley que reautorizaba el reparto de fondos en 2005, que conten\u00eda un n\u00famero r\u00e9cord de <em>earmarks<\/em>, incluido el conocido como \u00abpuente a ninguna parte\u00bb en Alaska, el Congreso rechaz\u00f3 este tipo de asignaciones en respuesta a las cr\u00edticas p\u00fablicas. Desde entonces, no han estado dispuestos a proponer un aumento en el impuesto al combustible y la opini\u00f3n p\u00fablica tampoco ha estado a favor de hacerlo.<\/p>\n\n\n\n<p><br>Algunos de nosotros en ese momento vimos que la dependencia casi completa de los fondos p\u00fablicos para satisfacer las necesidades de infraestructuras de Estados Unidos ya no era prudente ni posible. Mirando a pa\u00edses como Espa\u00f1a y Australia, descubrimos el \u00e9xito que estaban teniendo al atraer fondos privados. Afortunadamente, compa\u00f1\u00edas como Ferrovial estaban llegando Estados Unidos dispuestas a invertir, lo que nos ayud\u00f3 a comprender el valor de la inversi\u00f3n privada.<\/p>\n\n\n\n<p><br>Este conocimiento nos permiti\u00f3 trabajar con los estados y el Congreso para crear y expandir herramientas como la Ley de Financiaci\u00f3n e Innovaci\u00f3n de las Infraestructuras de Transporte (TIFIA) y los Bonos de Actividad Privada (PABs), que han contribuido a fomentar la inversi\u00f3n privada. Varios estados, incluidos Texas y Virginia, aprobaron una legislaci\u00f3n para la creaci\u00f3n de P3. Estas inversiones han pasado la prueba del tiempo, con proyectos muy exitosos que contin\u00faan operando en la actualidad en Dallas-Forth Worth (Texas) y las \u00e1reas del norte de Virginia y Washington DC.<\/p>\n\n\n\n<p><br>A lo largo de mi carrera, he visto la propuesta de valor en los esquemas P3, primero como jefa del Departamento de Transporte de Arizona, luego como administradora federal de Autopistas y m\u00e1s tarde como secretaria de Transporte. Las asociaciones P3 no solo han atra\u00eddo fondos adicionales, sino que nos han ayudado a establecer una disciplina en la inversi\u00f3n de activos para elegir los proyectos correctos: aquellos que satisfacen una gran demanda y generan ingresos para pagar la inversi\u00f3n privada. Adem\u00e1s, estos proyectos se han construido desde un enfoque de coste a lo largo de su ciclo de vida, y hemos descubierto que su coste de mantenimiento es significativamente menor que bajo el m\u00e9todo de dise\u00f1o, oferta, construcci\u00f3n.<\/p>\n\n\n\n<p><br>Reconocer el valor de la inversi\u00f3n privada al trabajar con Cintra y otros operadores ha sido importante, y ser\u00e1 a\u00fan m\u00e1s cr\u00edtico en el futuro. Con el impuesto sobre el combustible congelado, que genera menos ingresos en t\u00e9rminos reales una vez descontada la inflaci\u00f3n, junto con el menor consumo de carburante del nuevo parque automovil\u00edstico y la reducci\u00f3n en el n\u00famero de kil\u00f3metros recorridos por veh\u00edculo, el Fondo de Autopistas ya se enfrentaba a una situaci\u00f3n de insolvencia en el oto\u00f1o de 2008. Como secretaria de Transporte de Estados Unidos, en ese momento tuve que notificar al presidente, al Congreso y a los estados que recibir\u00edan menos fondos de lo que la legislaci\u00f3n hab\u00eda prometido.<\/p>\n\n\n\n<p><br>Hoy nos enfrentamos a la incertidumbre econ\u00f3mica, una incertidumbre que quiz\u00e1s tenga similares o incluso mayores impactos que los que experimentamos en 2008-2009. El presupuesto de Estados Unidos debe hacer frente a desaf\u00edos a\u00fan mayores en el gasto discrecional no relacionado con la defensa. Una pandemia mundial combinada con niveles r\u00e9cord de desempleo est\u00e1 afectando a nuestra econom\u00eda de una forma cuya profundidad a\u00fan no conocemos. Pero s\u00ed sabemos que unas infraestructuras seguras y eficientes son necesarias para salir de la recesi\u00f3n y volver a generar crecimiento econ\u00f3mico. Sabemos que expandir y mejorar nuestras infraestructuras crear\u00e1 empleos y salvar\u00e1 vidas. Sabemos que no podemos conseguirlo desde la trig\u00e9sima tercera posici\u00f3n en la clasificaci\u00f3n mundial.<\/p>\n\n\n\n<p><br>El 8 de junio de 2020, Forbes public\u00f3 un art\u00edculo del Foro Econ\u00f3mico Mundial titulado \u00abC\u00f3mo la innovaci\u00f3n en el transporte puede apoyar la recuperaci\u00f3n de la COVID-19\u00bb. El art\u00edculo afirmaba que \u00abmientras las comunidades de todo el mundo lidian con sus respuestas frente a la pandemia, nunca como ahora ha sido tan claro el valor de las asociaciones p\u00fablico-privadas y la integraci\u00f3n de la tecnolog\u00eda\u00bb. No podr\u00eda estar m\u00e1s de acuerdo.<\/p>\n\n\n\n<p><strong>Mary Peters, Exsecretaria de Transporte de Estados Unidos<\/strong><\/p>\n<\/div><\/m-wysiwig>\n","protected":false},"excerpt":{"rendered":"","protected":false},"featured_media":0,"parent":196211,"menu_order":0,"comment_status":"closed","ping_status":"closed","template":"template-ballester.php","meta":{"_acf_changed":false,"footnotes":""},"class_list":["post-196312","page","type-page","status-publish","hentry"],"acf":[],"yoast_head":"<!-- This site is optimized with the Yoast SEO plugin v27.2 - https:\/\/yoast.com\/product\/yoast-seo-wordpress\/ -->\n<title>Trazado por Mary Peters - Jos\u00e9 Manuel Ballester - Ferrovial<\/title>\n<meta name=\"description\" content=\"Welcome to the Ferrovial&#039;s website, global operator of sustainable infrastructure. Here you can find all the information about the company and subsidiaries.\" \/>\n<meta name=\"robots\" content=\"index, follow, max-snippet:-1, max-image-preview:large, max-video-preview:-1\" \/>\n<link rel=\"canonical\" href=\"https:\/\/www.ferrovial.com\/es\/jose-manuel-ballester\/trazado-por-mary-peters\/\" \/>\n<meta property=\"og:locale\" content=\"es_ES\" \/>\n<meta property=\"og:type\" content=\"article\" \/>\n<meta property=\"og:title\" content=\"Trazado por Mary Peters - Jos\u00e9 Manuel Ballester - Ferrovial\" \/>\n<meta property=\"og:description\" content=\"Welcome to the Ferrovial&#039;s website, global operator of sustainable infrastructure. Here you can find all the information about the company and subsidiaries.\" \/>\n<meta property=\"og:url\" content=\"https:\/\/www.ferrovial.com\/es\/jose-manuel-ballester\/trazado-por-mary-peters\/\" \/>\n<meta property=\"og:site_name\" content=\"Ferrovial\" \/>\n<meta property=\"article:publisher\" content=\"https:\/\/www.facebook.com\/ferrovial\" \/>\n<meta property=\"article:modified_time\" content=\"2022-05-31T11:33:43+00:00\" \/>\n<meta name=\"twitter:card\" content=\"summary_large_image\" \/>\n<meta name=\"twitter:site\" content=\"@ferrovial\" \/>\n<meta name=\"twitter:label1\" content=\"Est. reading time\" \/>\n\t<meta name=\"twitter:data1\" content=\"6 minutos\" \/>\n<!-- \/ Yoast SEO plugin. -->","yoast_head_json":{"title":"Trazado por Mary Peters - Jos\u00e9 Manuel Ballester - Ferrovial","description":"Welcome to the Ferrovial's website, global operator of sustainable infrastructure. Here you can find all the information about the company and subsidiaries.","robots":{"index":"index","follow":"follow","max-snippet":"max-snippet:-1","max-image-preview":"max-image-preview:large","max-video-preview":"max-video-preview:-1"},"canonical":"https:\/\/www.ferrovial.com\/es\/jose-manuel-ballester\/trazado-por-mary-peters\/","og_locale":"es_ES","og_type":"article","og_title":"Trazado por Mary Peters - Jos\u00e9 Manuel Ballester - Ferrovial","og_description":"Welcome to the Ferrovial's website, global operator of sustainable infrastructure. Here you can find all the information about the company and subsidiaries.","og_url":"https:\/\/www.ferrovial.com\/es\/jose-manuel-ballester\/trazado-por-mary-peters\/","og_site_name":"Ferrovial","article_publisher":"https:\/\/www.facebook.com\/ferrovial","article_modified_time":"2022-05-31T11:33:43+00:00","twitter_card":"summary_large_image","twitter_site":"@ferrovial","twitter_misc":{"Est. reading time":"6 minutos"},"schema":{"@context":"https:\/\/schema.org","@graph":[{"@type":"WebPage","@id":"https:\/\/www.ferrovial.com\/es\/jose-manuel-ballester\/trazado-por-mary-peters\/","url":"https:\/\/www.ferrovial.com\/es\/jose-manuel-ballester\/trazado-por-mary-peters\/","name":"Trazado por Mary Peters - Jos\u00e9 Manuel Ballester - Ferrovial","isPartOf":{"@id":"https:\/\/www.ferrovial.com\/es\/#website"},"datePublished":"2021-06-11T11:29:16+00:00","dateModified":"2022-05-31T11:33:43+00:00","description":"Welcome to the Ferrovial's website, global operator of sustainable infrastructure. Here you can find all the information about the company and subsidiaries.","breadcrumb":{"@id":"https:\/\/www.ferrovial.com\/es\/jose-manuel-ballester\/trazado-por-mary-peters\/#breadcrumb"},"inLanguage":"es","potentialAction":[{"@type":"ReadAction","target":["https:\/\/www.ferrovial.com\/es\/jose-manuel-ballester\/trazado-por-mary-peters\/"]}]},{"@type":"BreadcrumbList","@id":"https:\/\/www.ferrovial.com\/es\/jose-manuel-ballester\/trazado-por-mary-peters\/#breadcrumb","itemListElement":[{"@type":"ListItem","position":1,"name":"Portada","item":"https:\/\/www.ferrovial.com\/es\/"},{"@type":"ListItem","position":2,"name":"Jos\u00e9 Manuel Ballester","item":"https:\/\/www.ferrovial.com\/es\/jose-manuel-ballester\/"},{"@type":"ListItem","position":3,"name":"Trazado por Mary Peters &#8211; Jos\u00e9 Manuel Ballester"}]},{"@type":"WebSite","@id":"https:\/\/www.ferrovial.com\/es\/#website","url":"https:\/\/www.ferrovial.com\/es\/","name":"Ferrovial","description":"Welcome to the Ferrovial&#039;s website, global operator of sustainable infrastructure. Here you can find all the information about the company and subsidiaries.","publisher":{"@id":"https:\/\/www.ferrovial.com\/es\/#organization"},"potentialAction":[{"@type":"SearchAction","target":{"@type":"EntryPoint","urlTemplate":"https:\/\/www.ferrovial.com\/es\/?s={search_term_string}"},"query-input":{"@type":"PropertyValueSpecification","valueRequired":true,"valueName":"search_term_string"}}],"inLanguage":"es"},{"@type":"Organization","@id":"https:\/\/www.ferrovial.com\/es\/#organization","name":"Ferrovial S.A.","url":"https:\/\/www.ferrovial.com\/es\/","logo":{"@type":"ImageObject","inLanguage":"es","@id":"https:\/\/www.ferrovial.com\/es\/#\/schema\/logo\/image\/","url":"https:\/\/static.ferrovial.com\/wp-content\/uploads\/2020\/01\/13124948\/logo-ferrovial-cf7.png","contentUrl":"https:\/\/static.ferrovial.com\/wp-content\/uploads\/2020\/01\/13124948\/logo-ferrovial-cf7.png","width":144,"height":32,"caption":"Ferrovial S.A."},"image":{"@id":"https:\/\/www.ferrovial.com\/es\/#\/schema\/logo\/image\/"},"sameAs":["https:\/\/www.facebook.com\/ferrovial","https:\/\/x.com\/ferrovial","https:\/\/www.instagram.com\/ferrovial\/","https:\/\/www.linkedin.com\/company\/ferrovial","https:\/\/www.pinterest.es\/ferrovial\/","https:\/\/www.youtube.com\/ferrovial","https:\/\/en.wikipedia.org\/wiki\/Ferrovial"]}]}},"_links":{"self":[{"href":"https:\/\/www.ferrovial.com\/es\/wp-json\/wp\/v2\/pages\/196312","targetHints":{"allow":["GET"]}}],"collection":[{"href":"https:\/\/www.ferrovial.com\/es\/wp-json\/wp\/v2\/pages"}],"about":[{"href":"https:\/\/www.ferrovial.com\/es\/wp-json\/wp\/v2\/types\/page"}],"replies":[{"embeddable":true,"href":"https:\/\/www.ferrovial.com\/es\/wp-json\/wp\/v2\/comments?post=196312"}],"version-history":[{"count":2,"href":"https:\/\/www.ferrovial.com\/es\/wp-json\/wp\/v2\/pages\/196312\/revisions"}],"predecessor-version":[{"id":224204,"href":"https:\/\/www.ferrovial.com\/es\/wp-json\/wp\/v2\/pages\/196312\/revisions\/224204"}],"up":[{"embeddable":true,"href":"https:\/\/www.ferrovial.com\/es\/wp-json\/wp\/v2\/pages\/196211"}],"wp:attachment":[{"href":"https:\/\/www.ferrovial.com\/es\/wp-json\/wp\/v2\/media?parent=196312"}],"curies":[{"name":"wp","href":"https:\/\/api.w.org\/{rel}","templated":true}]}}