{"id":196424,"date":"2022-05-31T13:36:06","date_gmt":"2022-05-31T11:36:06","guid":{"rendered":"https:\/\/www.ferrovial.com\/?page_id=196424"},"modified":"2022-05-31T13:36:12","modified_gmt":"2022-05-31T11:36:12","slug":"resistencia-por-jose-luis-leal","status":"publish","type":"page","link":"https:\/\/www.ferrovial.com\/es\/jose-manuel-ballester\/resistencia-por-jose-luis-leal\/","title":{"rendered":"Resistencia por Jos\u00e9 Luis Leal &#8211; Jos\u00e9 Manuel Ballester"},"content":{"rendered":"    <m-hero type='single' :translations='{\n        &quot;play&quot;:&quot;Reproducir v\u00eddeo de fondo&quot;,\n        &quot;pause&quot;:&quot;Pausar v\u00eddeo de fondo&quot;,\n        &quot;prev&quot;:&quot;Anterior&quot;,\n        &quot;next&quot;:&quot;Siguiente&quot;,\n        &quot;paginationseparator&quot;:&quot;de&quot;,\n        &quot;goto&quot;:&quot;Ir al slide&quot;,\n        &quot;external&quot;:&quot;Abrir una nueva ventana&quot;\n    }'>\n            <c-breadcrumb label-text=\"Breadcrumb\" slot=\"breadcrumbs\" type='1' align='left left' wrap='wrapped wrapped' aria-label='Vienes de Jos\u00e9 Manuel Ballester'>\n                        <ol>\n\n                                                            <li><a href=\"https:\/\/www.ferrovial.com\/es\/\" title=\"Ferrovial\">Ferrovial<\/a><\/li>\n                                                                        <li><a href=\"https:\/\/www.ferrovial.com\/es\/jose-manuel-ballester\/\" title=\"Jos\u00e9 Manuel Ballester\">Jos\u00e9 Manuel Ballester<\/a><\/li>\n                                    \n                <\/ol>\n\n                <\/c-breadcrumb>\n    \n                        <div slot=\"carouselItem\">\n                            <c-background-image>\n                                <picture>\n                                                                            <source media=\"(max-width: 667px)\" srcset=\"https:\/\/static.ferrovial.com\/wp-content\/uploads\/2020\/11\/13122855\/107-peru-save-the-childrenphase-2019-102-1-600x800.png\">\n                                                                                                                <source media=\"(max-width: 1023px)\" srcset=\"https:\/\/static.ferrovial.com\/wp-content\/uploads\/2020\/11\/13122855\/107-peru-save-the-childrenphase-2019-102-1-1280x720.png\">\n                                    \n                                    <img decoding=\"async\" src=\"https:\/\/static.ferrovial.com\/wp-content\/uploads\/2020\/11\/13122855\/107-peru-save-the-childrenphase-2019-102-1-1920x1080.png\" alt=\"\" style=\"object-position: center center;\">\n                                <\/picture>\n                            <\/c-background-image>\n                        <\/div>        <section slot=\"hero\">\n            <article>\n                                        <h1>Resistencia<\/h1>\n                                                <p>Descripci\u00f3n por defecto<\/p>\n                                    <\/article>\n        <\/section>\n    <\/m-hero>\n\n    \n\n\n<m-wysiwig negative id=\"wysiwyg\" class=\"wp-block-components-wysiwyg\"><div slot=\"maincontent\">\n<h2 class=\"wp-block-heading\">Agua para saciar el hambre<\/h2>\n\n\n    <p class=\"intro\">Hay obras p\u00fablicas que pueden convertirse en una contribuci\u00f3n decisiva a la Agenda\n2030.<\/p>\n    \n\n\n<p>Entre las m\u00e1s efectivas se encuentran las destinadas a garantizar el acceso al agua segura. Impactan directamente en tres de los objetivos de desarrollo sostenible: poner fin al hambre y lograr la seguridad alimentaria; promover el bienestar para todos en todas las edades; y garantizar la disponibilidad de agua, su saneamiento y su gesti\u00f3n sostenible. <\/p>\n\n\n\n<p>Si, adem\u00e1s, estas obras son el resultado de la suma de esfuerzos entre el sector privado y las organizaciones humanitarias, todo se transforma en una sola acci\u00f3n fundamental: la contribuci\u00f3n a un mundo m\u00e1s justo y sostenible.<\/p>\n\n\n\n<p>Esta es la historia de Acci\u00f3n contra el Hambre y Ferrovial en Colombia, donde desde 2014 hemos caminado juntos para asegurar agua de calidad a m\u00e1s de 4.000 personas a trav\u00e9s de cinco proyectos en los departamentos de C\u00f3rdoba y Santander. Esta alianza nos ha permitido construir plantas compactas que permiten el tratamiento y la conservaci\u00f3n del agua de forma segura. Un agua que no solo sirve para saciar la sed o regar los campos; tambi\u00e9n previene y cura el hambre en una de las zonas m\u00e1s golpeadas por la desnutrici\u00f3n de Am\u00e9rica Latina. Porque sin agua limpia, un ni\u00f1o menor de cinco a\u00f1os no puede asimilar correctamente los nutrientes necesarios y queda completamente desprotegido ante enfermedades que pueden empeorar en muy poco tiempo y provocarle un estado de desnutrici\u00f3n. En estas regiones el agua sacia el hambre adem\u00e1s de la sed. <\/p>\n\n\n\n<p>Pero no se trata \u00fanicamente de la infraestructura f\u00edsica. En todos estos proyectos hemos fomentado una gesti\u00f3n comunitaria mediante la creaci\u00f3n de comit\u00e9s comunitarios de agua. El retorno de esta actividad no es solo la sostenibilidad del uso de la estructura para obtener agua limpia: hemos logrado un fortalecimiento social de las comunidades en una zona de dif\u00edcil acceso y muy castigada por d\u00e9cadas de conflicto y violencia. El agua es tambi\u00e9n un elemento de construcci\u00f3n de paz en numerosos lugares del mundo. <\/p>\n\n\n\n<p>Es muy dif\u00edcil recoger todo esto en una sola imagen. Solo un Premio Nacional de Fotograf\u00eda como Jos\u00e9 Manuel Ballester pod\u00eda atreverse a intentarlo. Ha conseguido reflejar en su objetivo no solo l\u00edneas, formas o luces, sino tambi\u00e9n el significado completo de una acci\u00f3n que para muchas personas supone tambi\u00e9n la vida, la dignidad, la creaci\u00f3n de oportunidades; en definitiva, el futuro. Todo eso encierran estas im\u00e1genes.<\/p>\n\n\n\n<p><strong>Jos\u00e9 Luis Leal,  Presidente de Acci\u00f3n contra el Hambre y exministro de Econom\u00eda de Espa\u00f1a<\/strong><\/p>\n<\/div><\/m-wysiwig>\n","protected":false},"excerpt":{"rendered":"","protected":false},"featured_media":0,"parent":196211,"menu_order":0,"comment_status":"closed","ping_status":"closed","template":"template-ballester.php","meta":{"_acf_changed":false,"footnotes":""},"class_list":["post-196424","page","type-page","status-publish","hentry"],"acf":[],"yoast_head":"<!-- This site is optimized with the Yoast SEO plugin v27.2 - https:\/\/yoast.com\/product\/yoast-seo-wordpress\/ -->\n<title>Resistencia por Jos\u00e9 Luis Leal - Jos\u00e9 Manuel Ballester - Ferrovial<\/title>\n<meta name=\"description\" content=\"Welcome to the Ferrovial&#039;s website, global operator of sustainable infrastructure. Here you can find all the information about the company and subsidiaries.\" \/>\n<meta name=\"robots\" content=\"index, follow, max-snippet:-1, max-image-preview:large, max-video-preview:-1\" \/>\n<link rel=\"canonical\" href=\"https:\/\/www.ferrovial.com\/es\/jose-manuel-ballester\/resistencia-por-jose-luis-leal\/\" \/>\n<meta property=\"og:locale\" content=\"es_ES\" \/>\n<meta property=\"og:type\" content=\"article\" \/>\n<meta property=\"og:title\" content=\"Resistencia por Jos\u00e9 Luis Leal - Jos\u00e9 Manuel Ballester - Ferrovial\" \/>\n<meta property=\"og:description\" content=\"Welcome to the Ferrovial&#039;s website, global operator of sustainable infrastructure. Here you can find all the information about the company and subsidiaries.\" \/>\n<meta property=\"og:url\" content=\"https:\/\/www.ferrovial.com\/es\/jose-manuel-ballester\/resistencia-por-jose-luis-leal\/\" \/>\n<meta property=\"og:site_name\" content=\"Ferrovial\" \/>\n<meta property=\"article:publisher\" content=\"https:\/\/www.facebook.com\/ferrovial\" \/>\n<meta property=\"article:modified_time\" content=\"2022-05-31T11:36:12+00:00\" \/>\n<meta name=\"twitter:card\" content=\"summary_large_image\" \/>\n<meta name=\"twitter:site\" content=\"@ferrovial\" \/>\n<meta name=\"twitter:label1\" content=\"Est. reading time\" \/>\n\t<meta name=\"twitter:data1\" content=\"2 minutos\" \/>\n<!-- \/ Yoast SEO plugin. -->","yoast_head_json":{"title":"Resistencia por Jos\u00e9 Luis Leal - Jos\u00e9 Manuel Ballester - Ferrovial","description":"Welcome to the Ferrovial's website, global operator of sustainable infrastructure. Here you can find all the information about the company and subsidiaries.","robots":{"index":"index","follow":"follow","max-snippet":"max-snippet:-1","max-image-preview":"max-image-preview:large","max-video-preview":"max-video-preview:-1"},"canonical":"https:\/\/www.ferrovial.com\/es\/jose-manuel-ballester\/resistencia-por-jose-luis-leal\/","og_locale":"es_ES","og_type":"article","og_title":"Resistencia por Jos\u00e9 Luis Leal - Jos\u00e9 Manuel Ballester - Ferrovial","og_description":"Welcome to the Ferrovial's website, global operator of sustainable infrastructure. Here you can find all the information about the company and subsidiaries.","og_url":"https:\/\/www.ferrovial.com\/es\/jose-manuel-ballester\/resistencia-por-jose-luis-leal\/","og_site_name":"Ferrovial","article_publisher":"https:\/\/www.facebook.com\/ferrovial","article_modified_time":"2022-05-31T11:36:12+00:00","twitter_card":"summary_large_image","twitter_site":"@ferrovial","twitter_misc":{"Est. reading time":"2 minutos"},"schema":{"@context":"https:\/\/schema.org","@graph":[{"@type":"WebPage","@id":"https:\/\/www.ferrovial.com\/es\/jose-manuel-ballester\/resistencia-por-jose-luis-leal\/","url":"https:\/\/www.ferrovial.com\/es\/jose-manuel-ballester\/resistencia-por-jose-luis-leal\/","name":"Resistencia por Jos\u00e9 Luis Leal - Jos\u00e9 Manuel Ballester - Ferrovial","isPartOf":{"@id":"https:\/\/www.ferrovial.com\/es\/#website"},"datePublished":"2022-05-31T11:36:06+00:00","dateModified":"2022-05-31T11:36:12+00:00","description":"Welcome to the Ferrovial's website, global operator of sustainable infrastructure. Here you can find all the information about the company and subsidiaries.","breadcrumb":{"@id":"https:\/\/www.ferrovial.com\/es\/jose-manuel-ballester\/resistencia-por-jose-luis-leal\/#breadcrumb"},"inLanguage":"es","potentialAction":[{"@type":"ReadAction","target":["https:\/\/www.ferrovial.com\/es\/jose-manuel-ballester\/resistencia-por-jose-luis-leal\/"]}]},{"@type":"BreadcrumbList","@id":"https:\/\/www.ferrovial.com\/es\/jose-manuel-ballester\/resistencia-por-jose-luis-leal\/#breadcrumb","itemListElement":[{"@type":"ListItem","position":1,"name":"Portada","item":"https:\/\/www.ferrovial.com\/es\/"},{"@type":"ListItem","position":2,"name":"Jos\u00e9 Manuel Ballester","item":"https:\/\/www.ferrovial.com\/es\/jose-manuel-ballester\/"},{"@type":"ListItem","position":3,"name":"Resistencia por Jos\u00e9 Luis Leal &#8211; Jos\u00e9 Manuel Ballester"}]},{"@type":"WebSite","@id":"https:\/\/www.ferrovial.com\/es\/#website","url":"https:\/\/www.ferrovial.com\/es\/","name":"Ferrovial","description":"Welcome to the Ferrovial&#039;s website, global operator of sustainable infrastructure. Here you can find all the information about the company and subsidiaries.","publisher":{"@id":"https:\/\/www.ferrovial.com\/es\/#organization"},"potentialAction":[{"@type":"SearchAction","target":{"@type":"EntryPoint","urlTemplate":"https:\/\/www.ferrovial.com\/es\/?s={search_term_string}"},"query-input":{"@type":"PropertyValueSpecification","valueRequired":true,"valueName":"search_term_string"}}],"inLanguage":"es"},{"@type":"Organization","@id":"https:\/\/www.ferrovial.com\/es\/#organization","name":"Ferrovial S.A.","url":"https:\/\/www.ferrovial.com\/es\/","logo":{"@type":"ImageObject","inLanguage":"es","@id":"https:\/\/www.ferrovial.com\/es\/#\/schema\/logo\/image\/","url":"https:\/\/static.ferrovial.com\/wp-content\/uploads\/2020\/01\/13124948\/logo-ferrovial-cf7.png","contentUrl":"https:\/\/static.ferrovial.com\/wp-content\/uploads\/2020\/01\/13124948\/logo-ferrovial-cf7.png","width":144,"height":32,"caption":"Ferrovial S.A."},"image":{"@id":"https:\/\/www.ferrovial.com\/es\/#\/schema\/logo\/image\/"},"sameAs":["https:\/\/www.facebook.com\/ferrovial","https:\/\/x.com\/ferrovial","https:\/\/www.instagram.com\/ferrovial\/","https:\/\/www.linkedin.com\/company\/ferrovial","https:\/\/www.pinterest.es\/ferrovial\/","https:\/\/www.youtube.com\/ferrovial","https:\/\/en.wikipedia.org\/wiki\/Ferrovial"]}]}},"_links":{"self":[{"href":"https:\/\/www.ferrovial.com\/es\/wp-json\/wp\/v2\/pages\/196424","targetHints":{"allow":["GET"]}}],"collection":[{"href":"https:\/\/www.ferrovial.com\/es\/wp-json\/wp\/v2\/pages"}],"about":[{"href":"https:\/\/www.ferrovial.com\/es\/wp-json\/wp\/v2\/types\/page"}],"replies":[{"embeddable":true,"href":"https:\/\/www.ferrovial.com\/es\/wp-json\/wp\/v2\/comments?post=196424"}],"version-history":[{"count":3,"href":"https:\/\/www.ferrovial.com\/es\/wp-json\/wp\/v2\/pages\/196424\/revisions"}],"predecessor-version":[{"id":224206,"href":"https:\/\/www.ferrovial.com\/es\/wp-json\/wp\/v2\/pages\/196424\/revisions\/224206"}],"up":[{"embeddable":true,"href":"https:\/\/www.ferrovial.com\/es\/wp-json\/wp\/v2\/pages\/196211"}],"wp:attachment":[{"href":"https:\/\/www.ferrovial.com\/es\/wp-json\/wp\/v2\/media?parent=196424"}],"curies":[{"name":"wp","href":"https:\/\/api.w.org\/{rel}","templated":true}]}}