{"id":196492,"date":"2021-06-14T16:00:51","date_gmt":"2021-06-14T14:00:51","guid":{"rendered":"https:\/\/www.ferrovial.com\/?page_id=196492"},"modified":"2025-04-04T17:24:20","modified_gmt":"2025-04-04T15:24:20","slug":"naciones-unidas","status":"publish","type":"page","link":"https:\/\/www.ferrovial.com\/es\/recursos\/naciones-unidas\/","title":{"rendered":"Naciones Unidas"},"content":{"rendered":"    <m-final-content-header >\n            <c-breadcrumb label-text=\"Breadcrumb\" slot=\"breadcrumbs\" type='2' align='left' wrap='wrapped wrapped' aria-label='Vienes de Recursos'>\n                        <ol>\n\n                                                            <li><a href=\"https:\/\/www.ferrovial.com\/es\/\" title=\"Ferrovial\">Ferrovial<\/a><\/li>\n                                                                        <li><a href=\"https:\/\/www.ferrovial.com\/es\/recursos\/\" title=\"Recursos\">Recursos<\/a><\/li>\n                                    \n                <\/ol>\n\n                <\/c-breadcrumb>\n    \n        <div slot=\"header\">\n            <h1>\n                Naciones Unidas            <\/h1>\n                    <\/div>\n    <\/m-final-content-header>\n\n    \n\n\n<p><script type=\"application\/ld+json\">\n{\n  \"@context\": \"https:\/\/schema.org\",\n  \"@type\": \"FAQPage\",\n  \"mainEntity\": [{\n    \"@type\": \"Question\",\n    \"name\": \"\u00bfQu\u00e9 son las Naciones Unidas?\",\n    \"acceptedAnswer\": {\n      \"@type\": \"Answer\",\n      \"text\": \"La Organizaci\u00f3n de Naciones Unidas (ONU) es la mayor organizaci\u00f3n internacional que existe. Fue fundada en 1945, tras la Segunda Guerra Mundial, por 51 pa\u00edses que se comprometieron a mantener la paz y la seguridad internacionales, fomentar entre las naciones relaciones de amistad y cooperaci\u00f3n, as\u00ed como el promover el progreso social, la mejora del nivel de vida y los derechos humanos.\"\n    }\n  },{\n    \"@type\": \"Question\",\n    \"name\": \"\u00bfCu\u00e1les son los miembros de las Naciones Unidas?\",\n    \"acceptedAnswer\": {\n      \"@type\": \"Answer\",\n      \"text\": \"Actualmente, hay 193 estados miembros de las Naciones Unidas, y solo cinco pa\u00edses del mundo no forman parte: Kosovo, Osetia del Sur, Rep\u00fablica del Norte de Chipre, y Rep\u00fablica \u00c1rabe Saharaui y Transnistria.\"\n    }\n  },{\n    \"@type\": \"Question\",\n    \"name\": \"\u00bfCu\u00e1l es la funci\u00f3n de la ONU?\",\n    \"acceptedAnswer\": {\n      \"@type\": \"Answer\",\n      \"text\": \"Los cinco pilares en los que se fundamenta la UN son:\n'<ol><li>'\n'<li>'El desarrollo sostenible.'<\/li>'\n'<li>'La prevenci\u00f3n.'<\/li>'\n'<li>'La construcci\u00f3n de un mundo m\u00e1s seguro y mejor protegido mediante la innovaci\u00f3n y el aprovechamiento de sus operaciones b\u00e1sicas.'<\/li>'\n'<li>'El apoyo a los pa\u00edses en transici\u00f3n.'<\/li>'\n'<li>'La colaboraci\u00f3n con las mujeres y los j\u00f3venes y en su favor. '<\/li>'\n'<\/ol>'\"\n    }\n  },{\n    \"@type\": \"Question\",\n    \"name\": \"\u00bfQu\u00e9 es el Pacto Global o el Pacto Mundial de Naciones Unidas?\",\n    \"acceptedAnswer\": {\n      \"@type\": \"Answer\",\n      \"text\": \"El Pacto Mundial es la mayor iniciativa voluntaria de responsabilidad social empresarial en el mundo. En la reuni\u00f3n anual del Foro Econ\u00f3mico Mundial de 1999, el entonces Secretario General de las Naciones Unidas, Kofi Annan, hizo un llamamiento a l\u00edderes empresariales para que se aliaran con la ONU para crear as\u00ed un \u00abimpacto global\u00bb en cuesti\u00f3n de valores y principios compartidos.\"\n    }\n  },{\n    \"@type\": \"Question\",\n    \"name\": \"\u00bfCu\u00e1les son los Principios Universales de las Naciones Unidas?\",\n    \"acceptedAnswer\": {\n      \"@type\": \"Answer\",\n      \"text\": \"Derechos Humanos\n'<ul><li>'\nPrincipio N.\u00ba 1. Apoyar y respetar la protecci\u00f3n de los derechos humanos.'<\/li>'\n'<li>'Principio N.\u00ba 2. No ser c\u00f3mplice de abusos de los derechos.'<\/li>'\n'<\/ul>'\nNormas Laborales\n'<ul><li>'\nPrincipio N.\u00ba 3. Apoyar los principios de la libertad de asociaci\u00f3n y sindical y el derecho a la negociaci\u00f3n colectiva.'<\/li>'\n'<li>'Principio N.\u00ba 4. Eliminar el trabajo forzoso y obligatorio.'<\/li>'\n'<li>'Principio N.\u00ba 5. Abolir cualquier forma de trabajo infantil.'<\/li>'\n'<li>'Principio N.\u00ba 6. Eliminar la discriminaci\u00f3n en materia de empleo y ocupaci\u00f3n.'<\/li>'\n'<\/ul>'\nMedio Ambiente\n'<ul><li>'\nPrincipio N.\u00ba 7. Las empresas deber\u00e1n mantener un enfoque preventivo que favorezca el medio ambiente.'<\/li>'\n'<li>'Principio N.\u00ba 8. Las empresas deben fomentar las iniciativas que promuevan una mayor responsabilidad ambiental.'<\/li>'\n'<li>'Principio N.\u00ba 9. Las empresas deben favorecer el desarrollo y la difusi\u00f3n de las tecnolog\u00edas respetuosas con el medio ambiente.'<\/li>'\n'<\/ul>'\nAnticorrupci\u00f3n\n'<ul><li>'\nPrincipio N.\u00ba 10. Las empresas e instituciones deber\u00e1n trabajar contra la corrupci\u00f3n en todas sus formas, incluidos extorsi\u00f3n y soborno.'<\/li>'\n'<\/ul>'\"\n    }\n  },{\n    \"@type\": \"Question\",\n    \"name\": \"\u00bfCu\u00e1les son Los Objetivos de Desarrollo Sostenible (ODS)?\",\n    \"acceptedAnswer\": {\n      \"@type\": \"Answer\",\n      \"text\": \"La Agenda es una llamada mundial para adoptar medidas que logren acabar con los grandes problemas del planeta: poner fin a la pobreza y a la desigualdad, alcanzar la igualdad de g\u00e9nero y el acceso para todos a un trabajo digno, facilitar el acceso a servicios de salud y a una educaci\u00f3n adecuada, proteger el medio ambiente y garantizar que todas las personas disfruten de paz y prosperidad.\"\n    }\n  },{\n    \"@type\": \"Question\",\n    \"name\": \"\u00bfCu\u00e1l es el Modelo de Gesti\u00f3n Empresarial?\",\n    \"acceptedAnswer\": {\n      \"@type\": \"Answer\",\n      \"text\": \"Las empresas, sindicatos y organizaciones de la sociedad civil que se unen a la iniciativa aceptan estos 10 Principios, comprometi\u00e9ndose a implementarlos a nivel interno y, por lo tanto, a respetar los derechos humanos y normas laborales, a preservar el medioambiente y a actuar con transparencia en sus actividades y operaciones.\"\n    }\n  },{\n    \"@type\": \"Question\",\n    \"name\": \"\u00bfQu\u00e9 es la Red Espa\u00f1ola del Pacto Mundial de Naciones Unidas?\",\n    \"acceptedAnswer\": {\n      \"@type\": \"Answer\",\n      \"text\": \"La Red Espa\u00f1ola del Pacto Mundial, tambi\u00e9n llamada Red Pacto Mundial Espa\u00f1a, agrupa a las entidades espa\u00f1olas adheridas al Pacto Mundial de las Naciones Unidas.\nEl Pacto Mundial inici\u00f3 su andadura en Espa\u00f1a en el a\u00f1o 2002 bajo la batuta de la Fundaci\u00f3n Rafael del Pino, con la adhesi\u00f3n inicial de 200 entidades.\"\n    }\n  },{\n    \"@type\": \"Question\",\n    \"name\": \"\u00bfCu\u00e1l fue el papel de la Fundaci\u00f3n Rafael del Pino en la Red Espa\u00f1ola del Pacto Mundial de Naciones Unidas?\",\n    \"acceptedAnswer\": {\n      \"@type\": \"Answer\",\n      \"text\": \"La Fundaci\u00f3n Rafael del Pino fue la instituci\u00f3n impulsora de la implantaci\u00f3n y difusi\u00f3n en Espa\u00f1a de los principios del Pacto Mundial de Naciones Unidas. No en vano, la Fundaci\u00f3n fue la encargada de organizar el encuentro celebrado en 2002 en el que se presentaron por primera vez en el pa\u00eds los diez Principios del Pacto Mundial.\"\n    }\n  }]\n}\n<\/script><\/p>\n\n\n\n<m-wysiwig class=\"wp-block-components-wysiwyg\"><div slot=\"maincontent\">\n<h2 class=\"wp-block-heading\">\u00bfQu\u00e9 son las Naciones Unidas?&nbsp;<\/h2>\n\n\n\n<p>La Organizaci\u00f3n de Naciones Unidas (ONU) es la mayor organizaci\u00f3n internacional que existe. Fue fundada en 1945, tras la Segunda Guerra Mundial, por 51 pa\u00edses que se comprometieron a mantener la paz y la seguridad internacionales, fomentar entre las naciones relaciones de amistad y cooperaci\u00f3n, as\u00ed como el promover el progreso social, la mejora del nivel de vida y los derechos humanos.<\/p>\n\n\n\n<h2 class=\"wp-block-heading\">\u00bfCu\u00e1les son los miembros de las Naciones Unidas?<\/h2>\n\n\n\n<p>Actualmente, hay 193 estados miembros de las Naciones Unidas, y solo cinco pa\u00edses del mundo no forman parte: Kosovo, Osetia del Sur, Rep\u00fablica del Norte de Chipre, y Rep\u00fablica \u00c1rabe Saharaui y Transnistria. La Santa Sede participa como entidad observadora, mas no como miembro, porque considera que las funciones de la ONU son incompatibles con sus principios de no beligerancia. Por su parte, el Estado de Palestina, pas\u00f3 de tener el mismo estatus que la Santa Sede a ser <em>estado observador no miembro<\/em> en 2012. Aunque esto no representa un cambio en su rol dentro de la ONU, es un progreso en su posici\u00f3n internacional.<\/p>\n\n\n\n<h2 class=\"wp-block-heading\">\u00bfCu\u00e1l es la funci\u00f3n de la ONU?<\/h2>\n\n\n\n<p>La UN es una asociaci\u00f3n de gobierno global que facilita la cooperaci\u00f3n en asuntos como el Derecho Internacional, la paz y la seguridad internacional, el desarrollo econ\u00f3mico y social, los asuntos humanitarios y los derechos humanos.<\/p>\n\n\n\n<p>Los cinco pilares en los que se fundamenta la UN son:<\/p>\n\n\n\n<ol class=\"wp-block-list\">\n<li>El desarrollo sostenible.<\/li>\n\n\n\n<li>La prevenci\u00f3n.<\/li>\n\n\n\n<li>La construcci\u00f3n de un mundo m\u00e1s seguro y mejor protegido mediante la innovaci\u00f3n y el aprovechamiento de sus operaciones b\u00e1sicas.<\/li>\n\n\n\n<li>El apoyo a los pa\u00edses en transici\u00f3n.<\/li>\n\n\n\n<li>La colaboraci\u00f3n con las mujeres y los j\u00f3venes y en su favor.\u00a0<\/li>\n<\/ol>\n\n\n\n<h2 class=\"wp-block-heading\">\u00bfQu\u00e9 es el Pacto Global o el Pacto Mundial de Naciones Unidas?&nbsp;<\/h2>\n\n\n\n<p>El Pacto Mundial es la mayor iniciativa voluntaria de responsabilidad social empresarial en el mundo. En la reuni\u00f3n anual del Foro Econ\u00f3mico Mundial de 1999, el entonces Secretario General de las Naciones Unidas, Kofi Annan, hizo un llamamiento a l\u00edderes empresariales para que se aliaran con la ONU para crear as\u00ed un \u00abimpacto global\u00bb en cuesti\u00f3n de valores y principios compartidos. As\u00ed naci\u00f3 el Pacto Mundial de Naciones Unidas.&nbsp;<\/p>\n\n\n\n<p>El Pacto Global, o Pacto Mundial, es un instrumento de la ONU que insta a las empresas a incorporar en sus estrategias y operaciones los diez principios universales relacionados con los derechos humanos, el trabajo, el medio ambiente y la lucha contra la corrupci\u00f3n. El objetivo es fomentar la actuaci\u00f3n en pro de la consecuci\u00f3n de los Objetivos de Desarrollo Sostenible (ODS).<\/p>\n\n\n\n<p>Los 17 Objetivos de Desarrollo Sostenible (ODS), contienen 169 metas que cada pa\u00eds debe cumplir antes del a\u00f1o 2030 para promover la prosperidad, sin descuidar la protecci\u00f3n del ambiente. La finalidad es poner \u00e9nfasis en la lucha contra la pobreza en todas sus formas, e implementar estrategias que promuevan el crecimiento.<\/p>\n\n\n\n<h2 class=\"wp-block-heading\">\u00bfCu\u00e1les son los Principios Universales de las Naciones Unidas?<\/h2>\n\n\n\n<p><strong>Derechos Humanos<\/strong><\/p>\n\n\n\n<p>Principio N.\u00ba 1. Apoyar y respetar la protecci\u00f3n de los derechos humanos.<\/p>\n\n\n\n<p>Principio N.\u00ba 2. No ser c\u00f3mplice de abusos de los derechos.<\/p>\n\n\n\n<p><strong>Normas Laborales<\/strong><\/p>\n\n\n\n<p>Principio N.\u00ba 3. Apoyar los principios de la libertad de asociaci\u00f3n y sindical y el derecho a la negociaci\u00f3n colectiva.<\/p>\n\n\n\n<p>Principio N.\u00ba 4. Eliminar el trabajo forzoso y obligatorio.<\/p>\n\n\n\n<p>Principio N.\u00ba 5. Abolir cualquier forma de trabajo infantil.<\/p>\n\n\n\n<p>Principio N.\u00ba 6. Eliminar la discriminaci\u00f3n en materia de empleo y ocupaci\u00f3n.<\/p>\n\n\n\n<p><strong>Medio Ambiente<\/strong><\/p>\n\n\n\n<p>Principio N.\u00ba 7. Las empresas deber\u00e1n mantener un enfoque preventivo que favorezca el medio ambiente.<\/p>\n\n\n\n<p>Principio N.\u00ba 8. Las empresas deben fomentar las iniciativas que promuevan una mayor responsabilidad ambiental.<\/p>\n\n\n\n<p>Principio N.\u00ba 9. Las empresas deben favorecer el desarrollo y la difusi\u00f3n de las tecnolog\u00edas respetuosas con el medio ambiente.<\/p>\n\n\n\n<p><strong>Anticorrupci\u00f3n<\/strong><\/p>\n\n\n\n<p>Principio N.\u00ba 10. Las empresas e instituciones deber\u00e1n trabajar contra la corrupci\u00f3n en todas sus formas, incluidos extorsi\u00f3n y soborno.<\/p>\n\n\n\n<h2 class=\"wp-block-heading\">\u00bfCu\u00e1les son Los Objetivos de Desarrollo Sostenible (ODS)?<\/h2>\n\n\n\n<p>En septiembre de 2015, la Asamblea General de Naciones Unidas aprob\u00f3 la Agenda 2030 para el Desarrollo Sostenible y, con ella, los Objetivos de Desarrollo Sostenible (ODS). <\/p>\n\n\n\n<p>Est\u00e1n compuestos por 17 Objetivos y 169 metas que deben cumplirse antes de 2030.<\/p>\n\n\n\n<p>Los 17 Objetivos de Desarrollo Sostenible son:<\/p>\n\n\n\n<p><strong>Objetivo 1.<\/strong> Poner fin a la pobreza en todas sus formas en todo el mundo.<\/p>\n\n\n\n<p><strong>Objetivo 2. <\/strong>Poner fin al hambre, lograr la seguridad alimentaria y la mejora de la nutrici\u00f3n y promover la agricultura sostenible.<\/p>\n\n\n\n<p><strong>Objetivo 3. <\/strong>Garantizar una vida sana y promover el bienestar para todos en todas las edades.<\/p>\n\n\n\n<p><strong>Objetivo 4.<\/strong> Garantizar una educaci\u00f3n inclusiva, equitativa y de calidad y promover oportunidades de aprendizaje durante toda la vida para todos.<\/p>\n\n\n\n<p><strong>Objetivo 5.<\/strong> Lograr la igualdad entre los g\u00e9neros y empoderar a todas las mujeres y las ni\u00f1as.<\/p>\n\n\n\n<p><strong>Objetivo 6.<\/strong> Garantizar la disponibilidad de agua, su gesti\u00f3n sostenible y el saneamiento para todos.<\/p>\n\n\n\n<p><strong>Objetivo 7. <\/strong>Garantizar el acceso a una energ\u00eda asequible, segura, sostenible y moderna para todos.<\/p>\n\n\n\n<p><strong>Objetivo 8.<\/strong> Promover el crecimiento econ\u00f3mico sostenido, inclusivo y sostenible; el empleo pleno y productivo; y el trabajo decente para todos.<\/p>\n\n\n\n<p><strong>Objetivo 9.<\/strong> Construir infraestructuras resilientes, promover la industrializaci\u00f3n inclusiva y sostenible y fomentar la innovaci\u00f3n.<\/p>\n\n\n\n<p><strong>Objetivo 10.<\/strong> Reducir la desigualdad en y entre los pa\u00edses.<\/p>\n\n\n\n<p><strong>Objetivo 11. <\/strong>Lograr que las ciudades y los asentamientos humanos sean inclusivos, seguros, resilientes y sostenibles.<\/p>\n\n\n\n<p><strong>Objetivo 12. <\/strong>Garantizar modalidades de consumo y producci\u00f3n sostenibles.<\/p>\n\n\n\n<p><strong>Objetivo 13.<\/strong> Adoptar medidas urgentes para combatir el cambio clim\u00e1tico y sus efectos.<\/p>\n\n\n\n<p><strong>Objetivo 14.<\/strong> Conservar y utilizar en forma sostenible los oc\u00e9anos, los mares y los recursos marinos para el desarrollo sostenible.<\/p>\n\n\n\n<p><strong>Objetivo 15. <\/strong>Proteger, restablecer y promover el uso sostenible de los ecosistemas terrestres; gestionar los bosques de forma sostenible; luchar contra la desertificaci\u00f3n; detener e invertir la degradaci\u00f3n de las tierras; y poner freno a la p\u00e9rdida de la diversidad biol\u00f3gica.<\/p>\n\n\n\n<p><strong>Objetivo 16.<\/strong> Promover sociedades pac\u00edficas e inclusivas para el desarrollo sostenible, facilitar el acceso a la justicia para todos y crear instituciones eficaces, responsables e inclusivas a todos los niveles.<\/p>\n\n\n\n<p><strong>Objetivo 17.<\/strong> Fortalecer los medios de ejecuci\u00f3n y revitalizar la Alianza Mundial para el Desarrollo Sostenible.<\/p>\n<\/div><\/m-wysiwig>\n\n\n    <m-projects-distributor2 :translations='{\n        &quot;prev&quot;:&quot;Anterior&quot;,\n        &quot;next&quot;:&quot;Siguiente&quot;,\n        &quot;paginationseparator&quot;:&quot;de&quot;\n    }'>\n                        <h2 slot=\"title\">\n                Nuestros proyectos destacados                <\/h2>\n                        <a slot='button' title='Conoce nuestros proyectos ' href='https:\/\/www.ferrovial.com\/es\/cintra\/proyectos\/'>\n            Conoce nuestros proyectos         <\/a>\n\n            <\/m-projects-distributor2>\n\n    ","protected":false},"excerpt":{"rendered":"","protected":false},"featured_media":0,"parent":25267,"menu_order":0,"comment_status":"closed","ping_status":"closed","template":"","meta":{"_acf_changed":false,"footnotes":""},"class_list":["post-196492","page","type-page","status-publish","hentry"],"acf":[],"yoast_head":"<!-- This site is optimized with the Yoast SEO plugin v27.2 - https:\/\/yoast.com\/product\/yoast-seo-wordpress\/ -->\n<title>\u00bfQu\u00e9 son las Naciones Unidas? Informaci\u00f3n completa sobre la ONU<\/title>\n<meta name=\"description\" content=\"La UN es una asociaci\u00f3n de gobierno global que facilita la cooperaci\u00f3n en asuntos como el Derecho Internacional, la paz y la seguridad internacional, el desarrollo econ\u00f3mico y social, los asuntos humanitarios y los derechos humanos.\" \/>\n<meta name=\"robots\" content=\"index, follow, max-snippet:-1, max-image-preview:large, max-video-preview:-1\" \/>\n<link rel=\"canonical\" href=\"https:\/\/www.ferrovial.com\/es\/recursos\/naciones-unidas\/\" \/>\n<meta property=\"og:locale\" content=\"es_ES\" \/>\n<meta property=\"og:type\" content=\"article\" \/>\n<meta property=\"og:title\" content=\"\u00bfQu\u00e9 son las Naciones Unidas? Informaci\u00f3n completa sobre la ONU\" \/>\n<meta property=\"og:description\" content=\"La UN es una asociaci\u00f3n de gobierno global que facilita la cooperaci\u00f3n en asuntos como el Derecho Internacional, la paz y la seguridad internacional, el desarrollo econ\u00f3mico y social, los asuntos humanitarios y los derechos humanos.\" \/>\n<meta property=\"og:url\" content=\"https:\/\/www.ferrovial.com\/es\/recursos\/naciones-unidas\/\" \/>\n<meta property=\"og:site_name\" content=\"Ferrovial\" \/>\n<meta property=\"article:publisher\" content=\"https:\/\/www.facebook.com\/ferrovial\" \/>\n<meta property=\"article:modified_time\" content=\"2025-04-04T15:24:20+00:00\" \/>\n<meta name=\"twitter:card\" content=\"summary_large_image\" \/>\n<meta name=\"twitter:site\" content=\"@ferrovial\" \/>\n<meta name=\"twitter:label1\" content=\"Est. reading time\" \/>\n\t<meta name=\"twitter:data1\" content=\"5 minutos\" \/>\n<!-- \/ Yoast SEO plugin. -->","yoast_head_json":{"title":"\u00bfQu\u00e9 son las Naciones Unidas? Informaci\u00f3n completa sobre la ONU","description":"La UN es una asociaci\u00f3n de gobierno global que facilita la cooperaci\u00f3n en asuntos como el Derecho Internacional, la paz y la seguridad internacional, el desarrollo econ\u00f3mico y social, los asuntos humanitarios y los derechos humanos.","robots":{"index":"index","follow":"follow","max-snippet":"max-snippet:-1","max-image-preview":"max-image-preview:large","max-video-preview":"max-video-preview:-1"},"canonical":"https:\/\/www.ferrovial.com\/es\/recursos\/naciones-unidas\/","og_locale":"es_ES","og_type":"article","og_title":"\u00bfQu\u00e9 son las Naciones Unidas? Informaci\u00f3n completa sobre la ONU","og_description":"La UN es una asociaci\u00f3n de gobierno global que facilita la cooperaci\u00f3n en asuntos como el Derecho Internacional, la paz y la seguridad internacional, el desarrollo econ\u00f3mico y social, los asuntos humanitarios y los derechos humanos.","og_url":"https:\/\/www.ferrovial.com\/es\/recursos\/naciones-unidas\/","og_site_name":"Ferrovial","article_publisher":"https:\/\/www.facebook.com\/ferrovial","article_modified_time":"2025-04-04T15:24:20+00:00","twitter_card":"summary_large_image","twitter_site":"@ferrovial","twitter_misc":{"Est. reading time":"5 minutos"},"schema":{"@context":"https:\/\/schema.org","@graph":[{"@type":"WebPage","@id":"https:\/\/www.ferrovial.com\/es\/recursos\/naciones-unidas\/","url":"https:\/\/www.ferrovial.com\/es\/recursos\/naciones-unidas\/","name":"\u00bfQu\u00e9 son las Naciones Unidas? Informaci\u00f3n completa sobre la ONU","isPartOf":{"@id":"https:\/\/www.ferrovial.com\/es\/#website"},"datePublished":"2021-06-14T14:00:51+00:00","dateModified":"2025-04-04T15:24:20+00:00","description":"La UN es una asociaci\u00f3n de gobierno global que facilita la cooperaci\u00f3n en asuntos como el Derecho Internacional, la paz y la seguridad internacional, el desarrollo econ\u00f3mico y social, los asuntos humanitarios y los derechos humanos.","breadcrumb":{"@id":"https:\/\/www.ferrovial.com\/es\/recursos\/naciones-unidas\/#breadcrumb"},"inLanguage":"es","potentialAction":[{"@type":"ReadAction","target":["https:\/\/www.ferrovial.com\/es\/recursos\/naciones-unidas\/"]}]},{"@type":"BreadcrumbList","@id":"https:\/\/www.ferrovial.com\/es\/recursos\/naciones-unidas\/#breadcrumb","itemListElement":[{"@type":"ListItem","position":1,"name":"Portada","item":"https:\/\/www.ferrovial.com\/es\/"},{"@type":"ListItem","position":2,"name":"Recursos","item":"https:\/\/www.ferrovial.com\/es\/recursos\/"},{"@type":"ListItem","position":3,"name":"Naciones Unidas"}]},{"@type":"WebSite","@id":"https:\/\/www.ferrovial.com\/es\/#website","url":"https:\/\/www.ferrovial.com\/es\/","name":"Ferrovial","description":"Welcome to the Ferrovial&#039;s website, global operator of sustainable infrastructure. Here you can find all the information about the company and subsidiaries.","publisher":{"@id":"https:\/\/www.ferrovial.com\/es\/#organization"},"potentialAction":[{"@type":"SearchAction","target":{"@type":"EntryPoint","urlTemplate":"https:\/\/www.ferrovial.com\/es\/?s={search_term_string}"},"query-input":{"@type":"PropertyValueSpecification","valueRequired":true,"valueName":"search_term_string"}}],"inLanguage":"es"},{"@type":"Organization","@id":"https:\/\/www.ferrovial.com\/es\/#organization","name":"Ferrovial S.A.","url":"https:\/\/www.ferrovial.com\/es\/","logo":{"@type":"ImageObject","inLanguage":"es","@id":"https:\/\/www.ferrovial.com\/es\/#\/schema\/logo\/image\/","url":"https:\/\/static.ferrovial.com\/wp-content\/uploads\/2020\/01\/13124948\/logo-ferrovial-cf7.png","contentUrl":"https:\/\/static.ferrovial.com\/wp-content\/uploads\/2020\/01\/13124948\/logo-ferrovial-cf7.png","width":144,"height":32,"caption":"Ferrovial S.A."},"image":{"@id":"https:\/\/www.ferrovial.com\/es\/#\/schema\/logo\/image\/"},"sameAs":["https:\/\/www.facebook.com\/ferrovial","https:\/\/x.com\/ferrovial","https:\/\/www.instagram.com\/ferrovial\/","https:\/\/www.linkedin.com\/company\/ferrovial","https:\/\/www.pinterest.es\/ferrovial\/","https:\/\/www.youtube.com\/ferrovial","https:\/\/en.wikipedia.org\/wiki\/Ferrovial"]}]}},"_links":{"self":[{"href":"https:\/\/www.ferrovial.com\/es\/wp-json\/wp\/v2\/pages\/196492","targetHints":{"allow":["GET"]}}],"collection":[{"href":"https:\/\/www.ferrovial.com\/es\/wp-json\/wp\/v2\/pages"}],"about":[{"href":"https:\/\/www.ferrovial.com\/es\/wp-json\/wp\/v2\/types\/page"}],"replies":[{"embeddable":true,"href":"https:\/\/www.ferrovial.com\/es\/wp-json\/wp\/v2\/comments?post=196492"}],"version-history":[{"count":2,"href":"https:\/\/www.ferrovial.com\/es\/wp-json\/wp\/v2\/pages\/196492\/revisions"}],"predecessor-version":[{"id":302976,"href":"https:\/\/www.ferrovial.com\/es\/wp-json\/wp\/v2\/pages\/196492\/revisions\/302976"}],"up":[{"embeddable":true,"href":"https:\/\/www.ferrovial.com\/es\/wp-json\/wp\/v2\/pages\/25267"}],"wp:attachment":[{"href":"https:\/\/www.ferrovial.com\/es\/wp-json\/wp\/v2\/media?parent=196492"}],"curies":[{"name":"wp","href":"https:\/\/api.w.org\/{rel}","templated":true}]}}