{"id":196499,"date":"2021-06-14T16:17:59","date_gmt":"2021-06-14T14:17:59","guid":{"rendered":"https:\/\/www.ferrovial.com\/?page_id=196499"},"modified":"2021-06-29T07:54:20","modified_gmt":"2021-06-29T05:54:20","slug":"materiales-construccion","status":"publish","type":"page","link":"https:\/\/www.ferrovial.com\/es\/recursos\/materiales-construccion\/","title":{"rendered":"Materiales de construcci\u00f3n"},"content":{"rendered":"    <m-final-content-header >\n            <c-breadcrumb label-text=\"Breadcrumb\" slot=\"breadcrumbs\" type='2' align='left' wrap='wrapped wrapped' aria-label='Vienes de Recursos'>\n                        <ol>\n\n                                                            <li><a href=\"https:\/\/www.ferrovial.com\/es\/\" title=\"Ferrovial\">Ferrovial<\/a><\/li>\n                                                                        <li><a href=\"https:\/\/www.ferrovial.com\/es\/recursos\/\" title=\"Recursos\">Recursos<\/a><\/li>\n                                    \n                <\/ol>\n\n                <\/c-breadcrumb>\n    \n        <div slot=\"header\">\n            <h1>\n                Materiales de Construcci\u00f3n            <\/h1>\n                    <\/div>\n    <\/m-final-content-header>\n\n    \n\n\n<p><script type=\"application\/ld+json\">\n{\n  \"@context\": \"https:\/\/schema.org\",\n  \"@type\": \"FAQPage\",\n  \"mainEntity\": [{\n    \"@type\": \"Question\",\n    \"name\": \"\u00bfQu\u00e9 son los materiales de construcci\u00f3n?\",\n    \"acceptedAnswer\": {\n      \"@type\": \"Answer\",\n      \"text\": \"El material de construcci\u00f3n es una materia prima o, con m\u00e1s frecuencia, un producto elaborado empleado en la construcci\u00f3n de edificios u obras de ingenier\u00eda civil.\"\n    }\n  },{\n    \"@type\": \"Question\",\n    \"name\": \"\u00bfCu\u00e1les son las caracter\u00edsticas y propiedades de los materiales de construcci\u00f3n?\",\n    \"acceptedAnswer\": {\n      \"@type\": \"Answer\",\n      \"text\": \"Entre las distintas propiedades de los materiales se encuentran las siguientes:\nDensidad: relaci\u00f3n entre la masa y el volumen.\nHigroscopicidad: capacidad para absorber el agua.\nCoeficiente de dilataci\u00f3n: variaci\u00f3n de tama\u00f1o en funci\u00f3n de la temperatura.\nConductividad t\u00e9rmica: facilidad con que un material permite el paso del calor.\nResistencia mec\u00e1nica: capacidad de los materiales para soportar esfuerzos.\nElasticidad: capacidad para recuperar la forma original al desaparecer el esfuerzo.\nPlasticidad: deformaci\u00f3n permanente del material ante una carga o esfuerzo.\nRigidez: la resistencia de un material a la deformaci\u00f3n.\"\n    }\n  },{\n    \"@type\": \"Question\",\n    \"name\": \"Regulaci\u00f3n de los materiales de construcci\u00f3n\",\n    \"acceptedAnswer\": {\n      \"@type\": \"Answer\",\n      \"text\": \"En los pa\u00edses europeos, los materiales de construcci\u00f3n est\u00e1n regulados por una serie de c\u00f3digos y normativas que definen las caracter\u00edsticas que deben cumplir, as\u00ed como su \u00e1mbito de aplicaci\u00f3n.\"\n    }\n  },{\n    \"@type\": \"Question\",\n    \"name\": \"\u00bfCu\u00e1les son los tipos de materiales de construcci\u00f3n?\",\n    \"acceptedAnswer\": {\n      \"@type\": \"Answer\",\n      \"text\": \"'<ul><li>'\nP\u00e9treos'<\/li>'\n'<li>'Cer\u00e1micos'<\/li>'\n'<li>'Met\u00e1licos'<\/li>'\n'<li>'Org\u00e1nicos'<\/li>'\n'<li>'Sint\u00e9ticos'<\/li>'\n'<\/ul>'\"\n    }\n  }]\n}\n<\/script><\/p>\n\n\n\n<m-wysiwig class=\"wp-block-components-wysiwyg\"><div slot=\"maincontent\">\n<h2 class=\"wp-block-heading\">\u00bfQu\u00e9 son los materiales de construcci\u00f3n?&nbsp;<\/h2>\n\n\n\n<p>El material de construcci\u00f3n es una materia prima o, con m\u00e1s frecuencia, un producto elaborado empleado en la construcci\u00f3n de edificios u obras de ingenier\u00eda civil.<\/p>\n\n\n\n<h2 class=\"wp-block-heading\">\u00bfCu\u00e1les son las caracter\u00edsticas y propiedades de los materiales de construcci\u00f3n?&nbsp;<\/h2>\n\n\n\n<p>Los materiales de construcci\u00f3n se emplean en grandes cantidades, por lo que deben provenir de materias primas abundantes y de bajo costo. Por ello, la mayor\u00eda de los materiales de construcci\u00f3n se elaboran a partir de materiales de gran disponibilidad como arena, arcilla o piedra.<\/p>\n\n\n\n<p>Adem\u00e1s, es conveniente que los procesos de manufactura requeridos consuman poca energ\u00eda y no sean excesivamente complicados. Esta es la raz\u00f3n por la que el vidrio es considerablemente m\u00e1s caro que el ladrillo, aun cuando ambos provienen de materias primas tan comunes y abundantes como la arena y la arcilla, respectivamente.<\/p>\n\n\n\n<p>Los materiales de construcci\u00f3n son muchos y muy variados, por lo que tambi\u00e9n lo son sus caracter\u00edsticas, pero hay entre ellos una constante: son duraderos. Dependiendo del uso que se les vaya a dar, adem\u00e1s, deber\u00e1n satisfacer otros requisitos, tales como la dureza, la resistencia mec\u00e1nica, la resistencia al fuego o la facilidad de limpieza.<\/p>\n\n\n\n<p>Por norma general, ning\u00fan material de construcci\u00f3n cumple simult\u00e1neamente todas las necesidades requeridas; la arquitectura, la ingenier\u00eda y las dem\u00e1s disciplinas relacionadas con la construcci\u00f3n son las encargadas de combinar los materiales para satisfacer adecuadamente las exigencias de cada obra.&nbsp;<\/p>\n\n\n\n<p>Para utilizar y combinar adecuadamente los materiales de construcci\u00f3n, los proyectistas deben conocer sus propiedades. Las caracter\u00edsticas de los materiales de construcci\u00f3n pueden variar de fabricante en fabricante, aunque siempre deben garantizar unos requisitos m\u00ednimos. Las hojas de especificaciones de cada producto, elaboradas por los fabricantes, deben tenerse presentes durante toda la fase de desarrollo de los proyectos.<\/p>\n\n\n\n<p>Entre las distintas propiedades de los materiales se encuentran las siguientes:<\/p>\n\n\n\n<p><strong>Densidad:<\/strong> relaci\u00f3n entre la masa y el volumen.<\/p>\n\n\n\n<p><strong>Higroscopicidad:<\/strong> capacidad para absorber el agua.<\/p>\n\n\n\n<p><strong>Coeficiente de dilataci\u00f3n:<\/strong> variaci\u00f3n de tama\u00f1o en funci\u00f3n de la temperatura.<\/p>\n\n\n\n<p><strong>Conductividad t\u00e9rmica:<\/strong> facilidad con que un material permite el paso del calor.<\/p>\n\n\n\n<p><strong>Resistencia mec\u00e1nica: <\/strong>capacidad de los materiales para soportar esfuerzos.<\/p>\n\n\n\n<p><strong>Elasticidad:<\/strong> capacidad para recuperar la forma original al desaparecer el esfuerzo.<\/p>\n\n\n\n<p><strong>Plasticidad:<\/strong> deformaci\u00f3n permanente del material ante una carga o esfuerzo.<\/p>\n\n\n\n<p><strong>Rigidez:<\/strong> la resistencia de un material a la deformaci\u00f3n.<\/p>\n\n\n\n<h2 class=\"wp-block-heading\">Regulaci\u00f3n de los materiales de construcci\u00f3n<\/h2>\n\n\n\n<p>En los pa\u00edses europeos, los materiales de construcci\u00f3n est\u00e1n regulados por una serie de c\u00f3digos y normativas que definen las caracter\u00edsticas que deben cumplir, as\u00ed como su \u00e1mbito de aplicaci\u00f3n.<\/p>\n\n\n\n<p>El prop\u00f3sito de esta regulaci\u00f3n es doble: por un lado, garantiza unos niveles de calidad m\u00ednimos en la construcci\u00f3n, y por otro permite a los arquitectos e ingenieros conocer de forma m\u00e1s precisa el comportamiento y las caracter\u00edsticas de los materiales empleados.<\/p>\n\n\n\n<p>Las normas internacionales m\u00e1s empleadas para regular los materiales de construcci\u00f3n son las normas ISO. En Espa\u00f1a existe la entidad certificadora AENOR con el prop\u00f3sito de velar por los materiales.<\/p>\n\n\n\n<h2 class=\"wp-block-heading\">\u00bfCu\u00e1les son los tipos de materiales de construcci\u00f3n?<\/h2>\n\n\n\n<p>Atendiendo a la materia prima utilizada para su fabricaci\u00f3n, los materiales de construcci\u00f3n se pueden clasificar en diversos grupos:<\/p>\n\n\n\n<p><strong>P\u00e9treos<\/strong><\/p>\n\n\n\n<p>Derivados de piedras que se obtienen de la naturaleza. La piedra se puede utilizar directamente sin tratar o como materia prima para crear otros materiales. Entre los tipos de piedra, y sus derivados, m\u00e1s empleados en construcci\u00f3n destacan: granito, m\u00e1rmol, caliza, pizarra, arenisca, grava, cal, yeso, cemento, mortero, hormig\u00f3n, arena, vidrio.&nbsp;<\/p>\n\n\n\n<p><strong>Cer\u00e1micos<\/strong><\/p>\n\n\n\n<p>La arcilla es qu\u00edmicamente similar a la arena: contiene, adem\u00e1s de di\u00f3xido de silicio, \u00f3xidos de aluminio y agua, pero su granulometr\u00eda es mucho m\u00e1s fina, y cuando est\u00e1 h\u00fameda es de consistencia pl\u00e1stica. La arcilla, mezclada con polvo y otros elementos del propio suelo, forma el barro, material que se utiliza de diversas formas. Cuando la arcilla se calienta a elevadas temperaturas (900 \u00b0C o m\u00e1s), esta se endurece, creando los materiales cer\u00e1micos como: ladrillo, teja, gres, azulejos, etc.<\/p>\n\n\n\n<p><strong>Met\u00e1licos<\/strong><\/p>\n\n\n\n<p>Los m\u00e1s utilizados son el hierro y el aluminio. El primero se alea con carbono para formar<\/p>\n\n\n\n<p>acero, que se emplea en estructuras por s\u00ed solo o con hormig\u00f3n, formando entonces el hormig\u00f3n armado. Otros metales empleados en construcci\u00f3n son: cobre, zinc y titanio.<\/p>\n\n\n\n<p><strong>Org\u00e1nicos<\/strong><\/p>\n\n\n\n<p>Fundamentalmente la madera y sus derivados, aunque tambi\u00e9n se utilizan (o se han utilizado en la historia de la construcci\u00f3n) otros elementos org\u00e1nicos vegetales, como paja, bamb\u00fa, corcho, lino, elementos textiles o incluso pieles animales.<\/p>\n\n\n\n<p><strong>Sint\u00e9ticos<\/strong><\/p>\n\n\n\n<p>Fundamentalmente pl\u00e1sticos derivados del petr\u00f3leo, aunque frecuentemente tambi\u00e9n se pueden sintetizar. Son muy empleados en la construcci\u00f3n debido a su inalterabilidad, lo que al mismo tiempo los convierte en materiales muy poco ecol\u00f3gicos por la dificultad a la hora de reciclarlos. Tambi\u00e9n se utilizan alquitranes y otros pol\u00edmeros y productos sint\u00e9ticos de diversa naturaleza. Los materiales sint\u00e9ticos se usan en una gama inmensa de productos, como: aglomerantes, sellantes, impermeabilizantes, aislantes, o tambi\u00e9n en forma de pinturas, esmaltes, barnices.<\/p>\n\n\n\n<h2 class=\"wp-block-heading\">Datos curiosos sobre la evoluci\u00f3n de los materiales de construcci\u00f3n<\/h2>\n\n\n\n<p>La gran pir\u00e1mide de Guiza (2560 a.C.) fue durante siglos la estructura m\u00e1s alta en el mundo, y en ella podemos ver una de las contribuciones m\u00e1s importantes para el dise\u00f1o de cualquier edificio: la modulaci\u00f3n. Las piedras se cortaron en medidas que permitieron su transporte y colocaci\u00f3n. Actualmente todos los materiales de construcci\u00f3n est\u00e1n modulados para facilitar su montaje y evitar desperdicios.<\/p>\n\n\n\n<p>En la antigua Mesopotamia se trabaj\u00f3 con otro material: el ladrillo, con el que se construyeron las primeras ciudades. Adem\u00e1s, al aplicar esmaltes al ladrillo, se tuvo uno de los primeros ejemplos de integraci\u00f3n pl\u00e1stica. En Mesoam\u00e9rica la evidencia de las pir\u00e1mides revela una obsesi\u00f3n por lograr una representaci\u00f3n de su universo simb\u00f3lico en tres dimensiones, utilizando piedra y ladrillos de barro.<\/p>\n\n\n\n<p>En Roma se logr\u00f3 un adelanto impresionante con otro material que parece casi milagroso: la puzolana, un polvo que, mezclado con agua, se convierte en piedra. Ese material permiti\u00f3 la construcci\u00f3n de los principales edificios y obras p\u00fablicas de los romanos, especialmente del Pante\u00f3n (125 d.C.), con una b\u00f3veda que a\u00fan asombra a los visitantes.<\/p>\n\n\n\n<p>En 1851 se celebr\u00f3 en Londres la primera<em> Gran Exposici\u00f3n de los Trabajos de la Industria de todas las Naciones<\/em> (mejor conocida como Gran Exposici\u00f3n). Para el evento, se construy\u00f3 el Palacio de Cristal, en cuya construcci\u00f3n se utiliz\u00f3 hierro para la estructura y vidrio para cubrir el edificio. El edificio cont\u00f3 con el primer proceso de prefabricaci\u00f3n, la modulaci\u00f3n de sus materiales y un ensamblado en tiempo r\u00e9cord.<\/p>\n\n\n\n<p>Las Grandes Exposiciones, o Exposiciones Universales, siguieron creando estructuras impresionantes con materiales novedosos para la \u00e9poca, que estaban destinadas a ser obras ef\u00edmeras, pero que en algunos casos perduraron en el tiempo y se convirtieron en \u00edconos de sus pa\u00edses. El ejemplo m\u00e1s famoso es la Torre Eiffel, construida para la Exposici\u00f3n Universal de 1889.<\/p>\n\n\n\n<p>En Espa\u00f1a, Ferrovial ha llevado a cabo extraordinarias obras de arquitectura e ingenier\u00eda utilizando, inicialmente, el hormig\u00f3n armado, pero manteni\u00e9ndose siempre a la vanguardia en materiales, t\u00e9cnica y capacidad de respuesta a las necesidades de infraestructura.<\/p>\n<\/div><\/m-wysiwig>\n\n\n    <m-projects-distributor2 :translations='{\n        &quot;prev&quot;:&quot;Anterior&quot;,\n        &quot;next&quot;:&quot;Siguiente&quot;,\n        &quot;paginationseparator&quot;:&quot;de&quot;\n    }'>\n                        <h2 slot=\"title\">\n                Nuestros proyectos destacados                <\/h2>\n                        <a slot='button' title='Conoce nuestros proyectos ' href='https:\/\/www.ferrovial.com\/es\/cintra\/proyectos\/'>\n            Conoce nuestros proyectos         <\/a>\n\n            <\/m-projects-distributor2>\n\n    ","protected":false},"excerpt":{"rendered":"","protected":false},"featured_media":0,"parent":25267,"menu_order":0,"comment_status":"closed","ping_status":"closed","template":"","meta":{"_acf_changed":false,"footnotes":""},"class_list":["post-196499","page","type-page","status-publish","hentry"],"acf":[],"yoast_head":"<!-- This site is optimized with the Yoast SEO plugin v27.2 - https:\/\/yoast.com\/product\/yoast-seo-wordpress\/ -->\n<title>Materiales de construcci\u00f3n: propiedades y tipos - Ferrovial<\/title>\n<meta name=\"description\" content=\"El material de construcci\u00f3n es una materia prima o, con m\u00e1s frecuencia, un producto elaborado empleado en la construcci\u00f3n de edificios u obras de ingenier\u00eda civil.\" \/>\n<meta name=\"robots\" content=\"index, follow, max-snippet:-1, max-image-preview:large, max-video-preview:-1\" \/>\n<link rel=\"canonical\" href=\"https:\/\/www.ferrovial.com\/es\/recursos\/materiales-construccion\/\" \/>\n<meta property=\"og:locale\" content=\"es_ES\" \/>\n<meta property=\"og:type\" content=\"article\" \/>\n<meta property=\"og:title\" content=\"Materiales de construcci\u00f3n: propiedades y tipos - Ferrovial\" \/>\n<meta property=\"og:description\" content=\"El material de construcci\u00f3n es una materia prima o, con m\u00e1s frecuencia, un producto elaborado empleado en la construcci\u00f3n de edificios u obras de ingenier\u00eda civil.\" \/>\n<meta property=\"og:url\" content=\"https:\/\/www.ferrovial.com\/es\/recursos\/materiales-construccion\/\" \/>\n<meta property=\"og:site_name\" content=\"Ferrovial\" \/>\n<meta property=\"article:publisher\" content=\"https:\/\/www.facebook.com\/ferrovial\" \/>\n<meta property=\"article:modified_time\" content=\"2021-06-29T05:54:20+00:00\" \/>\n<meta name=\"twitter:card\" content=\"summary_large_image\" \/>\n<meta name=\"twitter:site\" content=\"@ferrovial\" \/>\n<meta name=\"twitter:label1\" content=\"Est. reading time\" \/>\n\t<meta name=\"twitter:data1\" content=\"7 minutos\" \/>\n<!-- \/ Yoast SEO plugin. -->","yoast_head_json":{"title":"Materiales de construcci\u00f3n: propiedades y tipos - Ferrovial","description":"El material de construcci\u00f3n es una materia prima o, con m\u00e1s frecuencia, un producto elaborado empleado en la construcci\u00f3n de edificios u obras de ingenier\u00eda civil.","robots":{"index":"index","follow":"follow","max-snippet":"max-snippet:-1","max-image-preview":"max-image-preview:large","max-video-preview":"max-video-preview:-1"},"canonical":"https:\/\/www.ferrovial.com\/es\/recursos\/materiales-construccion\/","og_locale":"es_ES","og_type":"article","og_title":"Materiales de construcci\u00f3n: propiedades y tipos - Ferrovial","og_description":"El material de construcci\u00f3n es una materia prima o, con m\u00e1s frecuencia, un producto elaborado empleado en la construcci\u00f3n de edificios u obras de ingenier\u00eda civil.","og_url":"https:\/\/www.ferrovial.com\/es\/recursos\/materiales-construccion\/","og_site_name":"Ferrovial","article_publisher":"https:\/\/www.facebook.com\/ferrovial","article_modified_time":"2021-06-29T05:54:20+00:00","twitter_card":"summary_large_image","twitter_site":"@ferrovial","twitter_misc":{"Est. reading time":"7 minutos"},"schema":{"@context":"https:\/\/schema.org","@graph":[{"@type":"WebPage","@id":"https:\/\/www.ferrovial.com\/es\/recursos\/materiales-construccion\/","url":"https:\/\/www.ferrovial.com\/es\/recursos\/materiales-construccion\/","name":"Materiales de construcci\u00f3n: propiedades y tipos - Ferrovial","isPartOf":{"@id":"https:\/\/www.ferrovial.com\/es\/#website"},"datePublished":"2021-06-14T14:17:59+00:00","dateModified":"2021-06-29T05:54:20+00:00","description":"El material de construcci\u00f3n es una materia prima o, con m\u00e1s frecuencia, un producto elaborado empleado en la construcci\u00f3n de edificios u obras de ingenier\u00eda civil.","breadcrumb":{"@id":"https:\/\/www.ferrovial.com\/es\/recursos\/materiales-construccion\/#breadcrumb"},"inLanguage":"es","potentialAction":[{"@type":"ReadAction","target":["https:\/\/www.ferrovial.com\/es\/recursos\/materiales-construccion\/"]}]},{"@type":"BreadcrumbList","@id":"https:\/\/www.ferrovial.com\/es\/recursos\/materiales-construccion\/#breadcrumb","itemListElement":[{"@type":"ListItem","position":1,"name":"Portada","item":"https:\/\/www.ferrovial.com\/es\/"},{"@type":"ListItem","position":2,"name":"Recursos","item":"https:\/\/www.ferrovial.com\/es\/recursos\/"},{"@type":"ListItem","position":3,"name":"Materiales de construcci\u00f3n"}]},{"@type":"WebSite","@id":"https:\/\/www.ferrovial.com\/es\/#website","url":"https:\/\/www.ferrovial.com\/es\/","name":"Ferrovial","description":"Welcome to the Ferrovial&#039;s website, global operator of sustainable infrastructure. Here you can find all the information about the company and subsidiaries.","publisher":{"@id":"https:\/\/www.ferrovial.com\/es\/#organization"},"potentialAction":[{"@type":"SearchAction","target":{"@type":"EntryPoint","urlTemplate":"https:\/\/www.ferrovial.com\/es\/?s={search_term_string}"},"query-input":{"@type":"PropertyValueSpecification","valueRequired":true,"valueName":"search_term_string"}}],"inLanguage":"es"},{"@type":"Organization","@id":"https:\/\/www.ferrovial.com\/es\/#organization","name":"Ferrovial S.A.","url":"https:\/\/www.ferrovial.com\/es\/","logo":{"@type":"ImageObject","inLanguage":"es","@id":"https:\/\/www.ferrovial.com\/es\/#\/schema\/logo\/image\/","url":"https:\/\/static.ferrovial.com\/wp-content\/uploads\/2020\/01\/13124948\/logo-ferrovial-cf7.png","contentUrl":"https:\/\/static.ferrovial.com\/wp-content\/uploads\/2020\/01\/13124948\/logo-ferrovial-cf7.png","width":144,"height":32,"caption":"Ferrovial S.A."},"image":{"@id":"https:\/\/www.ferrovial.com\/es\/#\/schema\/logo\/image\/"},"sameAs":["https:\/\/www.facebook.com\/ferrovial","https:\/\/x.com\/ferrovial","https:\/\/www.instagram.com\/ferrovial\/","https:\/\/www.linkedin.com\/company\/ferrovial","https:\/\/www.pinterest.es\/ferrovial\/","https:\/\/www.youtube.com\/ferrovial","https:\/\/en.wikipedia.org\/wiki\/Ferrovial"]}]}},"_links":{"self":[{"href":"https:\/\/www.ferrovial.com\/es\/wp-json\/wp\/v2\/pages\/196499","targetHints":{"allow":["GET"]}}],"collection":[{"href":"https:\/\/www.ferrovial.com\/es\/wp-json\/wp\/v2\/pages"}],"about":[{"href":"https:\/\/www.ferrovial.com\/es\/wp-json\/wp\/v2\/types\/page"}],"replies":[{"embeddable":true,"href":"https:\/\/www.ferrovial.com\/es\/wp-json\/wp\/v2\/comments?post=196499"}],"version-history":[{"count":4,"href":"https:\/\/www.ferrovial.com\/es\/wp-json\/wp\/v2\/pages\/196499\/revisions"}],"predecessor-version":[{"id":200356,"href":"https:\/\/www.ferrovial.com\/es\/wp-json\/wp\/v2\/pages\/196499\/revisions\/200356"}],"up":[{"embeddable":true,"href":"https:\/\/www.ferrovial.com\/es\/wp-json\/wp\/v2\/pages\/25267"}],"wp:attachment":[{"href":"https:\/\/www.ferrovial.com\/es\/wp-json\/wp\/v2\/media?parent=196499"}],"curies":[{"name":"wp","href":"https:\/\/api.w.org\/{rel}","templated":true}]}}