{"id":196512,"date":"2021-06-14T16:30:14","date_gmt":"2021-06-14T14:30:14","guid":{"rendered":"https:\/\/www.ferrovial.com\/?page_id=196512"},"modified":"2025-11-12T14:17:44","modified_gmt":"2025-11-12T13:17:44","slug":"obras","status":"publish","type":"page","link":"https:\/\/www.ferrovial.com\/es\/recursos\/obras\/","title":{"rendered":"Obras"},"content":{"rendered":"    <m-final-content-header >\n            <c-breadcrumb label-text=\"Breadcrumb\" slot=\"breadcrumbs\" type='2' align='left' wrap='wrapped wrapped' aria-label='Vienes de Recursos'>\n                        <ol>\n\n                                                            <li><a href=\"https:\/\/www.ferrovial.com\/es\/\" title=\"Ferrovial\">Ferrovial<\/a><\/li>\n                                                                        <li><a href=\"https:\/\/www.ferrovial.com\/es\/recursos\/\" title=\"Recursos\">Recursos<\/a><\/li>\n                                    \n                <\/ol>\n\n                <\/c-breadcrumb>\n    \n        <div slot=\"header\">\n            <h1>\n                Obras            <\/h1>\n                    <\/div>\n    <\/m-final-content-header>\n\n    \n\n\n<p><script type=\"application\/ld+json\">\n{\n  \"@context\": \"https:\/\/schema.org\",\n  \"@type\": \"FAQPage\",\n  \"mainEntity\": [{\n    \"@type\": \"Question\",\n    \"name\": \"\u00bfQu\u00e9 es una obra?\",\n    \"acceptedAnswer\": {\n      \"@type\": \"Answer\",\n      \"text\": \"De acuerdo con el Diccionario de la Lengua Espa\u00f1ola de la RAE, la palabra puede referirse a muchas cosas: a un producto intelectual (en ciencias, letras o artes), y con particularidad el que es de alguna importancia; un edificio en construcci\u00f3n, el lugar donde se est\u00e1 construyendo algo o un trabajo de alba\u00f1iler\u00eda; medio, virtud o poder por el cual se realiza algo; trabajo que cuesta, o tiempo que requiere una ejecuci\u00f3n; acci\u00f3n moral, principalmente la que se encamina al provecho del alma o la que le hace da\u00f1o; parte estrecha y prism\u00e1tica de un horno alto situada inmediatamente encima del crisol.\"\n    }\n  },{\n    \"@type\": \"Question\",\n    \"name\": \"\u00bfQu\u00e9 son las obras p\u00fablicas?\",\n    \"acceptedAnswer\": {\n      \"@type\": \"Answer\",\n      \"text\": \"Se denomina obra p\u00fablica a todos los trabajos de construcci\u00f3n, ya sean infraestructuras o edificaciones, promovidos por una administraci\u00f3n de gobierno. Las obras p\u00fablicas tienen como objetivo beneficiar a la comunidad.\"\n    }\n  },{\n    \"@type\": \"Question\",\n    \"name\": \"\u00bfQu\u00e9 son las obras civiles?\",\n    \"acceptedAnswer\": {\n      \"@type\": \"Answer\",\n      \"text\": \"El t\u00e9rmino obra civil se utiliza para designar toda construcci\u00f3n permanente, separada e independiente (conjunto de activos) concebida para ser utilizada en la satisfacci\u00f3n de las necesidades de una naci\u00f3n, asociadas con la generaci\u00f3n y provisi\u00f3n de energ\u00eda, transporte, comunicaci\u00f3n, recreaci\u00f3n, vivienda, industria, comercio, prestaci\u00f3n de servicios o, en general, para el desarrollo de una actividad.\"\n    }\n  },{\n    \"@type\": \"Question\",\n    \"name\": \"\u00bfQu\u00e9 son las obras ferroviarias?\",\n    \"acceptedAnswer\": {\n      \"@type\": \"Answer\",\n      \"text\": \"Seg\u00fan la Agencia Estatal de Seguridad Ferroviaria, las obras ferroviarias son infraestructuras clave que act\u00faan como \u00absoporte f\u00edsico sobre el que discurre todo el sistema ferroviario\u00bb.\nAl igual que la movilidad por carretera, el transporte ferroviario requiere de una serie de elementos indispensables para garantizar la eficiencia y seguridad de los viajes. Con frecuencia esta incluye la obra civil. Adem\u00e1s de edificaciones singulares necesarias para la gesti\u00f3n de la red viaria, como las estaciones de tren o \u00e1reas de mantenimiento y log\u00edstica, las obras ferroviarias implican la construcci\u00f3n de grandes obras de ingenier\u00eda, como puentes, viaductos, t\u00faneles e, incluso, carreteras auxiliares que faciliten el intercambio de pasajeros o mercanc\u00eda a transportar de un punto a otro.\"\n    }\n  },{\n    \"@type\": \"Question\",\n    \"name\": \"\u00bfCu\u00e1l es la construcci\u00f3n m\u00e1s grande de Espa\u00f1a?\",\n    \"acceptedAnswer\": {\n      \"@type\": \"Answer\",\n      \"text\": \"La estructura m\u00e1s grande es el Aeropuerto Adolfo Su\u00e1rez Madrid-Barajas. El conjunto de todas las terminales llega a 1.000.000 m\u00b2.\"\n    }\n  },{\n    \"@type\": \"Question\",\n    \"name\": \"\u00bfCu\u00e1l es la construcci\u00f3n m\u00e1s antigua del mundo?\",\n    \"acceptedAnswer\": {\n      \"@type\": \"Answer\",\n      \"text\": \"Se llama Cairn de Barnenez, y est\u00e1 situada en Francia. Se presume que se construy\u00f3 en el a\u00f1o 4850 a.C. con el objetivo de albergar los restos de las civilizaciones precristianas y otras actividades sagradas.\"\n    }\n  },{\n    \"@type\": \"Question\",\n    \"name\": \"\u00bfQui\u00e9n inici\u00f3 la construcci\u00f3n del Coliseo Romano?\",\n    \"acceptedAnswer\": {\n      \"@type\": \"Answer\",\n      \"text\": \"Las obras empezaron en el 70 d.C. bajo el mandato del emperador Vespasiano y se completaron en el 80 d.C. con el emperador Tito. Sus asientos reflejan la jerarqu\u00eda de la sociedad romana, y durante las peleas de gladiadores que alberg\u00f3, llegaron a morir 400.000 personas y 1.000.000 de animales.\"\n    }\n  },{\n    \"@type\": \"Question\",\n    \"name\": \"\u00bfCu\u00e1l fue la primera l\u00ednea ferroviaria?\",\n    \"acceptedAnswer\": {\n      \"@type\": \"Answer\",\n      \"text\": \"Son muchos los historiadores que se\u00f1alan como primer ferrocarril de la historia al inaugurado en 1825 para cubrir la l\u00ednea inglesa entre Stockton y Darlintong.\"\n    }\n  },{\n    \"@type\": \"Question\",\n    \"name\": \"\u00bfCu\u00e1l es la l\u00ednea ferroviaria m\u00e1s alta del mundo?\",\n    \"acceptedAnswer\": {\n      \"@type\": \"Answer\",\n      \"text\": \"La ruta en tren m\u00e1s alta del mundo une China con el T\u00edbet y supera los 5.000 metros de altitud. El Lhasa Express est\u00e1 equipado con ox\u00edgeno para que los pasajeros no sufran mal de altura.\"\n    }\n  }]\n}\n<\/script><\/p>\n\n\n\n<m-wysiwig class=\"wp-block-components-wysiwyg\"><div slot=\"maincontent\">\n<h2 class=\"wp-block-heading\">\u00bfQu\u00e9 es una obra?&nbsp;<\/h2>\n\n\n\n<p>La palabra <em>obra<\/em> proviene del lat\u00edn <em>opera<\/em>, que quiere decir trabajo, cosa hecha o producida por uno o varios individuos.&nbsp;<\/p>\n\n\n\n<p>De acuerdo con el Diccionario de la Lengua Espa\u00f1ola de la RAE, la palabra puede referirse a muchas cosas: a un producto intelectual (en ciencias, letras o artes), y con particularidad el que es de alguna importancia; un edificio en construcci\u00f3n, el lugar donde se est\u00e1 construyendo algo o un trabajo de alba\u00f1iler\u00eda; medio, virtud o poder por el cual se realiza algo; trabajo que cuesta, o tiempo que requiere una ejecuci\u00f3n; acci\u00f3n moral, principalmente la que se encamina al provecho del alma o la que le hace da\u00f1o; parte estrecha y prism\u00e1tica de un horno alto situada inmediatamente encima del crisol.<\/p>\n\n\n\n<p>Como se puede apreciar, el vocablo es amplio y tiene varios usos seg\u00fan el contexto, pero los usos m\u00e1s habituales se refieren a productos intelectuales creados en el \u00e1mbito de las artes o las ciencias, y a las construcciones que son el resultado de la ingenier\u00eda.<\/p>\n\n\n\n<h2 class=\"wp-block-heading\">\u00bfQu\u00e9 son las obras p\u00fablicas?&nbsp;<\/h2>\n\n\n\n<p>Se denomina <em>obra p\u00fablica<\/em> a todos los trabajos de construcci\u00f3n, ya sean infraestructuras o edificaciones, promovidos por una administraci\u00f3n de gobierno. Las obras p\u00fablicas tienen como objetivo beneficiar a la comunidad. Existen dos tipos de contrataci\u00f3n para la obra p\u00fablica: contrataci\u00f3n directa o licitaci\u00f3n p\u00fablica.<\/p>\n\n\n\n<h2 class=\"wp-block-heading\">\u00bfQu\u00e9 son las obras civiles?&nbsp;<\/h2>\n\n\n\n<p>El t\u00e9rmino <em>obra civil <\/em>se utiliza para designar toda construcci\u00f3n permanente, separada e independiente (conjunto de activos) concebida para ser utilizada en la satisfacci\u00f3n de las necesidades de una naci\u00f3n, asociadas con la generaci\u00f3n y provisi\u00f3n de energ\u00eda, transporte, comunicaci\u00f3n, recreaci\u00f3n, vivienda, industria, comercio, prestaci\u00f3n de servicios o, en general, para el desarrollo de una actividad.<\/p>\n\n\n\n<p>Existen muchas grandes empresas a nivel global cuya actividad principal es el dise\u00f1o y la construcci\u00f3n de obra civil, edificaci\u00f3n y obra industrial, como es el caso de la Empresa Ferrovial, en Espa\u00f1a.<\/p>\n\n\n\n<p>La Empresa Ferrovial construye infraestructuras clave para el transporte de personas y mercanc\u00edas. Tambi\u00e9n ejecutan, construyen o desarrollan edificios singulares y proyectos industriales. Entre sus construcciones destacan autopistas con sistemas inteligentes de peaje, t\u00faneles, puentes y viaductos, ferrocarriles, metro y otras redes de transporte, instalaciones portuarias y aeroportuarias, edificios emblem\u00e1ticos, proyectos de rehabilitaci\u00f3n energ\u00e9tica e hist\u00f3rica, obras hidr\u00e1ulicas, plantas de tratamiento de agua y desaladoras.<\/p>\n\n\n\n<h2 class=\"wp-block-heading\">\u00bfQu\u00e9 son las obras ferroviarias?<\/h2>\n\n\n\n<p>Seg\u00fan la Agencia Estatal de Seguridad Ferroviaria, las obras ferroviarias son infraestructuras clave que act\u00faan como \u00absoporte f\u00edsico sobre el que discurre todo el sistema ferroviario\u00bb.<\/p>\n\n\n\n<p>Al igual que la movilidad por carretera, el transporte ferroviario requiere de una serie de elementos indispensables para garantizar la eficiencia y seguridad de los viajes. Con frecuencia esta incluye la obra civil. Adem\u00e1s de edificaciones singulares necesarias para la gesti\u00f3n de la red viaria, como las estaciones de tren o \u00e1reas de mantenimiento y log\u00edstica, las obras ferroviarias implican la construcci\u00f3n de grandes obras de ingenier\u00eda, como puentes, viaductos, t\u00faneles e, incluso, carreteras auxiliares que faciliten el intercambio de pasajeros o mercanc\u00eda a transportar de un punto a otro.<\/p>\n\n\n\n<p>Existen entidades p\u00fablicas dependientes de ministerios que se encargan de regular la infraestructura ferroviaria. No obstante, las empresas constructoras que llevan a cabo las obras, y las que mantienen y gestionan la red, suelen ser empresas privadas con experiencia en este tipo de trabajos, como es el caso de la Empresa Ferrovial.<\/p>\n\n\n\n<p>En Espa\u00f1a, la empresa Ferrovial ha desarrollado, desde 1952, m\u00e1s de 4.600 kil\u00f3metros de v\u00edas f\u00e9rreas, de las que 722 kil\u00f3metros guardan relaci\u00f3n con las l\u00edneas de Alta Velocidad. De estos, el 24% corresponde a l\u00edneas espa\u00f1olas de AVE (RENFE): Madrid-Andaluc\u00eda (160 km), Madrid-Barcelona (237 km), Madrid-Noroeste (128 km) y Madrid-Levante (197 km).<\/p>\n\n\n\n<p>A pesar de que las infraestructuras ferroviarias existen desde hace siglos, estas no dejan de actualizarse y mejorar. Ferrovial constantemente trabaja para aumentar la seguridad en todos los puntos del trazado y participando en proyectos como Safeway (2018-2020) para mejorar la fiabilidad de la infraestructura, su capacidad y la reducci\u00f3n de costes.<\/p>\n\n\n\n<p>El transporte ferroviario es uno de los m\u00e1s eficientes si lo comparamos con otros, como el a\u00e9reo, el transporte por carretera e incluso el mar\u00edtimo. Por este motivo, el desarrollo de infraestructuras ferroviarias resulta interesante, en materia de productividad y de reducci\u00f3n de emisiones.<\/p>\n\n\n\n<h2 class=\"wp-block-heading\">\u00bfQu\u00e9 empresas en proyectos de obras hay en Espa\u00f1a?<\/h2>\n\n\n\n<p>La empresa Ferrovial es especialista en proyectos de alta complejidad y valor a\u00f1adido, tanto en Espa\u00f1a como en otros pa\u00edses del mundo. Entre los grandes proyectos que ha llevado a cobo, se pueden destacar el Aeropuerto de Heathrow, en Reino Unido; el Hospital Universitario Marqu\u00e9s de Valdecilla, en Espa\u00f1a; la autopista LBJ, en EE. UU.; la autopista Toowoomba Second Range Crossing, en Australia; la Estaci\u00f3n de Farringdon para Crossrail, en Reino Unido; o la planta desaladora de Al Ghubrah, en Om\u00e1n, entre otros.<\/p>\n\n\n\n<p>Ferrovial debe buena parte de esta especializaci\u00f3n y capacidades a su Oficina T\u00e9cnica, un equipo cualificado de m\u00e1s de 100 t\u00e9cnicos dedicados a compartir su experiencia con los equipos de proyecto para optimizar e innovar los dise\u00f1os, asegurando que los clientes se beneficien de las mejores pr\u00e1cticas internacionales de toda su cartera global.<\/p>\n\n\n\n<p>Su actividad tambi\u00e9n destaca gracias a&nbsp; sus empresas especializadas: Tecpresa, en el postensado de estructuras; Ditecpesa, en el desarrollo, fabricaci\u00f3n y comercializaci\u00f3n de productos asf\u00e1lticos; Edytesa, en trabajos de encofrado deslizante y <em>heavy lifting<\/em>; y Ferconsa Instalaciones, especializada en dise\u00f1o, montaje y puesta en servicio de instalaciones en construcci\u00f3n de obra civil, edificaci\u00f3n y obra industrial.<\/p>\n\n\n\n<p>Ferrovial tambi\u00e9n cuenta con filiales internacionales, como Cadagua, l\u00edder en el mercado de la ingenier\u00eda y la construcci\u00f3n de plantas de tratamiento y depuraci\u00f3n de aguas; Webber, especializada en construcci\u00f3n de carreteras y con foco en Texas (EE. UU.); o Budimex, uno de los l\u00edderes del mercado polaco, especializada en el desarrollo integral de construcci\u00f3n en obra civil, edificaci\u00f3n, construcci\u00f3n industrial y promoci\u00f3n inmobiliaria.<\/p>\n\n\n\n<p>La diferente tipolog\u00eda en los proyectos que acometen, su dispersi\u00f3n geogr\u00e1fica, la multiculturalidad, lo multidisciplinario de sus equipos e incluso la idiosincrasia de cada uno de sus clientes, constituyen el entorno perfecto para fomentar la innovaci\u00f3n. Esta se plasma en sus proyectos con un esfuerzo constante en mejorar t\u00e9cnicas, procesos y materiales; en la b\u00fasqueda de la excelencia en t\u00e9rminos de seguridad y salud en sus obras; y en la calidad en las infraestructuras que dise\u00f1an y construyen.<\/p>\n\n\n\n<h2 class=\"wp-block-heading\">Datos curiosos<\/h2>\n\n\n\n<p><strong>\u00bfCu\u00e1l es la construcci\u00f3n m\u00e1s GRANDE de Espa\u00f1a?<\/strong><\/p>\n\n\n\n<p>Esta podr\u00eda ser la Universidad Laboral de Gij\u00f3n. Fue encargada por Francisco Franco para albergar a los hu\u00e9rfanos de los mineros fallecidos. Hoy en d\u00eda, el edificio de 270.000 m\u00b2 est\u00e1 en restauraci\u00f3n.<\/p>\n\n\n\n<p>Por otra parte, la estructura m\u00e1s grande es el Aeropuerto Adolfo Su\u00e1rez Madrid-Barajas. El conjunto de todas las terminales llega a 1.000.000 m\u00b2.<\/p>\n\n\n\n<p><strong>\u00bfCu\u00e1l es la construcci\u00f3n m\u00e1s ANTIGUA del mundo?<\/strong><\/p>\n\n\n\n<p>Se llama Cairn de Barnenez, y est\u00e1 situada en Francia. Se presume que se construy\u00f3 en el a\u00f1o 4850 a.C. con el objetivo de albergar los restos de las civilizaciones precristianas y otras actividades sagradas.<\/p>\n\n\n\n<p>Las estructuras internas se descubrieron accidentalmente: un contratista de caminos empez\u00f3 a excavarla para obtener grava, cuando descubri\u00f3 que en realidad era un gran t\u00famulo artificial.<\/p>\n\n\n\n<p><strong>\u00bfQui\u00e9n inici\u00f3 la construcci\u00f3n del Coliseo Romano?<\/strong><\/p>\n\n\n\n<p>Las obras empezaron en el 70 d.C. bajo el mandato del emperador Vespasiano y se completaron en el 80 d.C. con el emperador Tito. Sus asientos reflejan la jerarqu\u00eda de la sociedad romana, y durante las peleas de gladiadores que alberg\u00f3, llegaron a morir 400.000 personas y 1.000.000 de animales.<\/p>\n\n\n\n<p><strong>\u00bfCu\u00e1l fue la primera l\u00ednea ferroviaria?<\/strong><\/p>\n\n\n\n<p>Son muchos los historiadores que se\u00f1alan como primer ferrocarril de la historia al inaugurado en 1825 para cubrir la l\u00ednea inglesa entre Stockton y Darlington. Sin embargo, investigaciones arqueol\u00f3gicas realizadas en Malta, Italia, Grecia y Egipto encontraron restos de lo que podr\u00eda ser el primer medio de transporte guiado por ra\u00edles. Se trata de piedras sobre las que se realizaron surcos para que circulasen las carretas y carros tiradas por animales.<\/p>\n\n\n\n<p><strong>\u00bfCu\u00e1l es la l\u00ednea ferroviaria m\u00e1s alta del mundo?<\/strong><\/p>\n\n\n\n<p>La ruta en tren m\u00e1s alta del mundo une China con el T\u00edbet y supera los 5.000 metros de altitud. El Lhasa Express est\u00e1 equipado con ox\u00edgeno para que los pasajeros no sufran mal de altura.<\/p>\n\n\n\n<p><strong>Otras curiosidades:<\/strong><\/p>\n\n\n\n<ul class=\"wp-block-list\">\n<li>El Empire State Building de Nueva York, de estilo Art Dec\u00f3, fue el rascacielos m\u00e1s alto del mundo durante 42 a\u00f1os \u2014desde 1931 hasta 1973\u2014, hasta que se inauguraron las Torres Gemelas del World Trade Center.&nbsp;&nbsp;<\/li>\n\n\n\n<li>Uno de los primeros libros extensos sobre arquitectura fue: <em>De Architectura<\/em>, escrito por Vitruvius en Roma a mediados del a\u00f1o 15 a.C. Habla sobre los principales aspectos de la arquitectura, incluyendo durabilidad, utilidad y belleza.&nbsp;&nbsp;<\/li>\n<\/ul>\n\n\n\n<ul class=\"wp-block-list\">\n<li>El Banco de China de Hong Kong se considera el edificio \u00abm\u00e1s agresivo del mundo\u00bb en t\u00e9rminos del Feng Shui.&nbsp;&nbsp;<\/li>\n\n\n\n<li>El Edificio Seagram, de Nueva York \u2014dise\u00f1o de Mies Van der Rohe\u2014, fue el primer edificio en el mundo en utilizar paneles de vidrio de piso a techo.&nbsp;&nbsp;<\/li>\n<\/ul>\n<\/div><\/m-wysiwig>\n\n\n    <m-projects-distributor2 :translations='{\n        &quot;prev&quot;:&quot;Anterior&quot;,\n        &quot;next&quot;:&quot;Siguiente&quot;,\n        &quot;paginationseparator&quot;:&quot;de&quot;\n    }'>\n                        <h2 slot=\"title\">\n                Nuestros proyectos destacados                <\/h2>\n                        <a slot='button' title='Conoce nuestros proyectos ' href='https:\/\/www.ferrovial.com\/es\/cintra\/proyectos\/'>\n            Conoce nuestros proyectos         <\/a>\n\n            <\/m-projects-distributor2>\n\n    ","protected":false},"excerpt":{"rendered":"","protected":false},"featured_media":0,"parent":25267,"menu_order":0,"comment_status":"closed","ping_status":"closed","template":"","meta":{"_acf_changed":false,"footnotes":""},"class_list":["post-196512","page","type-page","status-publish","hentry"],"acf":[],"yoast_head":"<!-- This site is optimized with the Yoast SEO plugin v27.2 - https:\/\/yoast.com\/product\/yoast-seo-wordpress\/ -->\n<title>Obras: qu\u00e9 son y qu\u00e9 tipos de obras existen - Ferrovial<\/title>\n<meta name=\"description\" content=\"La palabra obra proviene del lat\u00edn opera, que quiere decir trabajo, cosa hecha o producida por uno o varios individuos.\" \/>\n<meta name=\"robots\" content=\"index, follow, max-snippet:-1, max-image-preview:large, max-video-preview:-1\" \/>\n<link rel=\"canonical\" href=\"https:\/\/www.ferrovial.com\/es\/recursos\/obras\/\" \/>\n<meta property=\"og:locale\" content=\"es_ES\" \/>\n<meta property=\"og:type\" content=\"article\" \/>\n<meta property=\"og:title\" content=\"Obras: qu\u00e9 son y qu\u00e9 tipos de obras existen - Ferrovial\" \/>\n<meta property=\"og:description\" content=\"La palabra obra proviene del lat\u00edn opera, que quiere decir trabajo, cosa hecha o producida por uno o varios individuos.\" \/>\n<meta property=\"og:url\" content=\"https:\/\/www.ferrovial.com\/es\/recursos\/obras\/\" \/>\n<meta property=\"og:site_name\" content=\"Ferrovial\" \/>\n<meta property=\"article:publisher\" content=\"https:\/\/www.facebook.com\/ferrovial\" \/>\n<meta property=\"article:modified_time\" content=\"2025-11-12T13:17:44+00:00\" \/>\n<meta name=\"twitter:card\" content=\"summary_large_image\" \/>\n<meta name=\"twitter:site\" content=\"@ferrovial\" \/>\n<meta name=\"twitter:label1\" content=\"Est. reading time\" \/>\n\t<meta name=\"twitter:data1\" content=\"7 minutos\" \/>\n<!-- \/ Yoast SEO plugin. -->","yoast_head_json":{"title":"Obras: qu\u00e9 son y qu\u00e9 tipos de obras existen - Ferrovial","description":"La palabra obra proviene del lat\u00edn opera, que quiere decir trabajo, cosa hecha o producida por uno o varios individuos.","robots":{"index":"index","follow":"follow","max-snippet":"max-snippet:-1","max-image-preview":"max-image-preview:large","max-video-preview":"max-video-preview:-1"},"canonical":"https:\/\/www.ferrovial.com\/es\/recursos\/obras\/","og_locale":"es_ES","og_type":"article","og_title":"Obras: qu\u00e9 son y qu\u00e9 tipos de obras existen - Ferrovial","og_description":"La palabra obra proviene del lat\u00edn opera, que quiere decir trabajo, cosa hecha o producida por uno o varios individuos.","og_url":"https:\/\/www.ferrovial.com\/es\/recursos\/obras\/","og_site_name":"Ferrovial","article_publisher":"https:\/\/www.facebook.com\/ferrovial","article_modified_time":"2025-11-12T13:17:44+00:00","twitter_card":"summary_large_image","twitter_site":"@ferrovial","twitter_misc":{"Est. reading time":"7 minutos"},"schema":{"@context":"https:\/\/schema.org","@graph":[{"@type":"WebPage","@id":"https:\/\/www.ferrovial.com\/es\/recursos\/obras\/","url":"https:\/\/www.ferrovial.com\/es\/recursos\/obras\/","name":"Obras: qu\u00e9 son y qu\u00e9 tipos de obras existen - Ferrovial","isPartOf":{"@id":"https:\/\/www.ferrovial.com\/es\/#website"},"datePublished":"2021-06-14T14:30:14+00:00","dateModified":"2025-11-12T13:17:44+00:00","description":"La palabra obra proviene del lat\u00edn opera, que quiere decir trabajo, cosa hecha o producida por uno o varios individuos.","breadcrumb":{"@id":"https:\/\/www.ferrovial.com\/es\/recursos\/obras\/#breadcrumb"},"inLanguage":"es","potentialAction":[{"@type":"ReadAction","target":["https:\/\/www.ferrovial.com\/es\/recursos\/obras\/"]}]},{"@type":"BreadcrumbList","@id":"https:\/\/www.ferrovial.com\/es\/recursos\/obras\/#breadcrumb","itemListElement":[{"@type":"ListItem","position":1,"name":"Portada","item":"https:\/\/www.ferrovial.com\/es\/"},{"@type":"ListItem","position":2,"name":"Recursos","item":"https:\/\/www.ferrovial.com\/es\/recursos\/"},{"@type":"ListItem","position":3,"name":"Obras"}]},{"@type":"WebSite","@id":"https:\/\/www.ferrovial.com\/es\/#website","url":"https:\/\/www.ferrovial.com\/es\/","name":"Ferrovial","description":"Welcome to the Ferrovial&#039;s website, global operator of sustainable infrastructure. Here you can find all the information about the company and subsidiaries.","publisher":{"@id":"https:\/\/www.ferrovial.com\/es\/#organization"},"potentialAction":[{"@type":"SearchAction","target":{"@type":"EntryPoint","urlTemplate":"https:\/\/www.ferrovial.com\/es\/?s={search_term_string}"},"query-input":{"@type":"PropertyValueSpecification","valueRequired":true,"valueName":"search_term_string"}}],"inLanguage":"es"},{"@type":"Organization","@id":"https:\/\/www.ferrovial.com\/es\/#organization","name":"Ferrovial S.A.","url":"https:\/\/www.ferrovial.com\/es\/","logo":{"@type":"ImageObject","inLanguage":"es","@id":"https:\/\/www.ferrovial.com\/es\/#\/schema\/logo\/image\/","url":"https:\/\/static.ferrovial.com\/wp-content\/uploads\/2020\/01\/13124948\/logo-ferrovial-cf7.png","contentUrl":"https:\/\/static.ferrovial.com\/wp-content\/uploads\/2020\/01\/13124948\/logo-ferrovial-cf7.png","width":144,"height":32,"caption":"Ferrovial S.A."},"image":{"@id":"https:\/\/www.ferrovial.com\/es\/#\/schema\/logo\/image\/"},"sameAs":["https:\/\/www.facebook.com\/ferrovial","https:\/\/x.com\/ferrovial","https:\/\/www.instagram.com\/ferrovial\/","https:\/\/www.linkedin.com\/company\/ferrovial","https:\/\/www.pinterest.es\/ferrovial\/","https:\/\/www.youtube.com\/ferrovial","https:\/\/en.wikipedia.org\/wiki\/Ferrovial"]}]}},"_links":{"self":[{"href":"https:\/\/www.ferrovial.com\/es\/wp-json\/wp\/v2\/pages\/196512","targetHints":{"allow":["GET"]}}],"collection":[{"href":"https:\/\/www.ferrovial.com\/es\/wp-json\/wp\/v2\/pages"}],"about":[{"href":"https:\/\/www.ferrovial.com\/es\/wp-json\/wp\/v2\/types\/page"}],"replies":[{"embeddable":true,"href":"https:\/\/www.ferrovial.com\/es\/wp-json\/wp\/v2\/comments?post=196512"}],"version-history":[{"count":3,"href":"https:\/\/www.ferrovial.com\/es\/wp-json\/wp\/v2\/pages\/196512\/revisions"}],"predecessor-version":[{"id":317489,"href":"https:\/\/www.ferrovial.com\/es\/wp-json\/wp\/v2\/pages\/196512\/revisions\/317489"}],"up":[{"embeddable":true,"href":"https:\/\/www.ferrovial.com\/es\/wp-json\/wp\/v2\/pages\/25267"}],"wp:attachment":[{"href":"https:\/\/www.ferrovial.com\/es\/wp-json\/wp\/v2\/media?parent=196512"}],"curies":[{"name":"wp","href":"https:\/\/api.w.org\/{rel}","templated":true}]}}