{"id":196530,"date":"2021-06-14T16:52:37","date_gmt":"2021-06-14T14:52:37","guid":{"rendered":"https:\/\/www.ferrovial.com\/?page_id=196530"},"modified":"2025-07-07T19:34:54","modified_gmt":"2025-07-07T17:34:54","slug":"residuos","status":"publish","type":"page","link":"https:\/\/www.ferrovial.com\/es\/recursos\/residuos\/","title":{"rendered":"Residuos"},"content":{"rendered":"    <m-final-content-header >\n            <c-breadcrumb label-text=\"Breadcrumb\" slot=\"breadcrumbs\" type='2' align='left' wrap='wrapped wrapped' aria-label='Vienes de Recursos'>\n                        <ol>\n\n                                                            <li><a href=\"https:\/\/www.ferrovial.com\/es\/\" title=\"Ferrovial\">Ferrovial<\/a><\/li>\n                                                                        <li><a href=\"https:\/\/www.ferrovial.com\/es\/recursos\/\" title=\"Recursos\">Recursos<\/a><\/li>\n                                    \n                <\/ol>\n\n                <\/c-breadcrumb>\n    \n        <div slot=\"header\">\n            <h1>\n                Residuos            <\/h1>\n                    <\/div>\n    <\/m-final-content-header>\n\n    \n\n\n<p><script type=\"application\/ld+json\">\n{\n  \"@context\": \"https:\/\/schema.org\",\n  \"@type\": \"FAQPage\",\n  \"mainEntity\": [{\n    \"@type\": \"Question\",\n    \"name\": \"\u00bfQu\u00e9 son los residuos?\",\n    \"acceptedAnswer\": {\n      \"@type\": \"Answer\",\n      \"text\": \"La palabra residuo describe el material que pierde utilidad tras haber cumplido con su misi\u00f3n o servido para realizar un determinado trabajo.\n\nUn residuo es cualquier material que se considera sin valor suficiente para ser conservado. Se diferencia de la basura, que son desechos producidos por los humanos y que no pueden ser reutilizados o reciclados.\"\n    }\n  },{\n    \"@type\": \"Question\",\n    \"name\": \"\u00bfQu\u00e9 es la gesti\u00f3n de residuos?\",\n    \"acceptedAnswer\": {\n      \"@type\": \"Answer\",\n      \"text\": \"La gesti\u00f3n de residuos es el conjunto de actividades necesarias para el tratamiento de los desechos, desde su generaci\u00f3n, hasta su eliminaci\u00f3n o reaprovechamiento.\"\n    }\n  },{\n    \"@type\": \"Question\",\n    \"name\": \"\u00bfCu\u00e1les son las fases de la gesti\u00f3n de residuos?\",\n    \"acceptedAnswer\": {\n      \"@type\": \"Answer\",\n      \"text\": \"Recogida en el punto de generaci\u00f3n, como puedan ser nuestros hogares.\nTransporte hasta los lugares adecuados para el procesamiento.\nProcesamiento en plantas preparadas para reaprovechar lo posible.\nDisposici\u00f3n final de los residuos que no han podido ser reaprovechados de ninguna manera.\"\n    }\n  },{\n    \"@type\": \"Question\",\n    \"name\": \"\u00bfCu\u00e1les son los objetivos de la gesti\u00f3n de residuos?\",\n    \"acceptedAnswer\": {\n      \"@type\": \"Answer\",\n      \"text\": \"Dentro de estos objetivos, los m\u00e1s importantes son los de prevenir la generaci\u00f3n de residuos y minimizarlos cuando se produzcan. A continuaci\u00f3n, encontrar\u00edamos los de reaprovechar y reciclar al m\u00e1ximo para ahorrar materiales, generar energ\u00eda y abono. Por \u00faltimo, estar\u00eda el de disponer de los residuos no reciclados de la forma menos da\u00f1ina posible. Estos objetivos conectan con el concepto de Econom\u00eda Circular y han sido sintetizados en el lema: reduce, reuse, recycle (reduce, re\u00fasa, recicla), que se ha convertido en estilo de vida para muchos.\"\n    }\n  }]\n}\n<\/script><\/p>\n\n\n\n<m-wysiwig class=\"wp-block-components-wysiwyg\"><div slot=\"maincontent\">\n<h2 class=\"wp-block-heading\">\u00bfQu\u00e9 son los residuos?&nbsp;<\/h2>\n\n\n\n<p>La palabra <em>residuo <\/em>describe el material que pierde utilidad tras haber cumplido con su misi\u00f3n o servido para realizar un determinado trabajo.<\/p>\n\n\n\n<p>Un residuo es cualquier material que se considera sin valor suficiente para ser conservado. Se diferencia de la basura, que son desechos producidos por los humanos y que no pueden ser reutilizados o reciclados.&nbsp;<\/p>\n\n\n\n<h2 class=\"wp-block-heading\">\u00bfQu\u00e9 es la gesti\u00f3n de residuos?&nbsp;<\/h2>\n\n\n\n<p>La gesti\u00f3n de residuos es el conjunto de actividades necesarias para el tratamiento de los desechos, desde su generaci\u00f3n, hasta su eliminaci\u00f3n o reaprovechamiento. Eso incluye la recogida de los residuos, su transporte, la gesti\u00f3n de los que son especialmente peligrosos y el reciclaje de los materiales aprovechables.<\/p>\n\n\n\n<p>Con el tiempo, la gesti\u00f3n de residuos ha cobrado una gran importancia por motivos ecol\u00f3gicos y econ\u00f3micos. Antes, la gesti\u00f3n de los residuos consist\u00eda en transportar los residuos a un lugar apartado y usar la incineraci\u00f3n como m\u00e9todo de destrucci\u00f3n. Hoy en d\u00eda, en cambio, se han desarrollado procesos de reciclaje. Adem\u00e1s, se ha mejorado la concienciaci\u00f3n sobre la generaci\u00f3n de residuos, lo que ha influido en el dise\u00f1o de los productos, y el consumo de estos.<\/p>\n\n\n\n<h2 class=\"wp-block-heading\">\u00bfCu\u00e1les son las fases de la gesti\u00f3n de residuos?<\/h2>\n\n\n\n<ol class=\"wp-block-list\">\n<li>Recogida en el punto de generaci\u00f3n, como puedan ser nuestros hogares.<\/li>\n\n\n\n<li>Transporte hasta los lugares adecuados para el procesamiento.<\/li>\n\n\n\n<li>Procesamiento en plantas preparadas para reaprovechar lo posible.<\/li>\n\n\n\n<li>Disposici\u00f3n final de los residuos que no han podido ser reaprovechados de ninguna manera.<\/li>\n<\/ol>\n\n\n\n<h2 class=\"wp-block-heading\">\u00bfCu\u00e1les son los objetivos de la gesti\u00f3n de residuos?<\/h2>\n\n\n\n<ul class=\"wp-block-list\">\n<li>Minimizar en lo posible la generaci\u00f3n de residuos.<\/li>\n\n\n\n<li>Reutilizar al m\u00e1ximo los materiales antes de transformarlos en residuos.<\/li>\n\n\n\n<li>Transformar los residuos para reciclarlos.<\/li>\n\n\n\n<li>Concienciar y educar sobre la gesti\u00f3n de residuos.<\/li>\n\n\n\n<li>Mejorar el alcance de una gesti\u00f3n integral de residuos para que llegue a todas partes.<\/li>\n\n\n\n<li>Usar m\u00e9todos de tratamiento y eliminaci\u00f3n que permitan la recuperaci\u00f3n de energ\u00eda y creaci\u00f3n de combustibles (dos ejemplos del cumplimiento de este objetivo son Suecia y Noruega, que llegan a ser importadores de basura para generar energ\u00eda).<\/li>\n\n\n\n<li>Maximizar el reaprovechamiento de los residuos para tareas de abono y fertilizaci\u00f3n.<\/li>\n\n\n\n<li>Fomentar nuevas tecnolog\u00edas de eliminaci\u00f3n, m\u00e1s ecol\u00f3gicas y menos da\u00f1inas que los m\u00e9todos tradicionales.<\/li>\n<\/ul>\n\n\n\n<p>Dentro de estos objetivos, los m\u00e1s importantes son los de prevenir la generaci\u00f3n de residuos y minimizarlos cuando se produzcan. A continuaci\u00f3n, encontrar\u00edamos los de reaprovechar y reciclar al m\u00e1ximo para ahorrar materiales, generar energ\u00eda y abono. Por \u00faltimo, estar\u00eda el de disponer de los residuos no reciclados de la forma menos da\u00f1ina posible. Estos objetivos conectan con el concepto de Econom\u00eda Circular y han sido sintetizados en el lema: <em>reduce, reuse, recycle<\/em> (reduce, re\u00fasa, recicla), que se ha convertido en estilo de vida para muchos.<\/p>\n\n\n\n<h2 class=\"wp-block-heading\">\u00bfDe qu\u00e9 forma se puede disponer de los residuos?<\/h2>\n\n\n\n<p>Tradicionalmente, ha habido dos formas principales de disponer de los residuos, que no contribu\u00edan a reaprovechar materiales o generar energ\u00eda.<\/p>\n\n\n\n<ol class=\"wp-block-list\">\n<li>Los <strong>vertederos<\/strong>: lugares alejados de los n\u00facleos de poblaci\u00f3n donde la basura simplemente se deposita. Esto implica un gran riesgo de contaminaci\u00f3n del suelo y las aguas; tampoco se controlan los efectos de residuos peligrosos que no se han tratado.<\/li>\n\n\n\n<li>La <strong>incineraci\u00f3n<\/strong>: consiste en quemar la basura. Es la forma m\u00e1s antigua de tratar residuos y produce emisiones contaminantes (y potencialmente t\u00f3xicas) que se liberan a la atm\u00f3sfera.<\/li>\n<\/ol>\n\n\n\n<p>Actualmente, se han desarrollado nuevas formas de disponer de los residuos:<\/p>\n\n\n\n<ol class=\"wp-block-list\">\n<li><strong>Pir\u00f3lisis<\/strong>: una incineraci\u00f3n en tanques sellados con poco ox\u00edgeno. Eso produce una quema menos contaminante y m\u00e1s eficiente en cuanto a generaci\u00f3n de energ\u00eda aprovechable. En el caso de ciertos residuos org\u00e1nicos o vegetales, se puede usar para obtener combustibles.<\/li>\n\n\n\n<li><strong>Reprocesamiento biol\u00f3gico<\/strong>: la materia org\u00e1nica (e incluso el papel) se descomponen para formar compostaje, que sirve de abono para la agricultura.<\/li>\n\n\n\n<li><strong>Reciclaje<\/strong>: el material aprovechable, como aluminio, pl\u00e1stico o papel, sirve para crear nuevo aluminio, pl\u00e1stico o papel.<\/li>\n\n\n\n<li><strong>Tratamiento de aguas residuales: <\/strong>debido al gran crecimiento de las ciudades, el agua residual ha aumentado mucho. Mediante su tratamiento, se extraen diversos tipos de lodos que pueden ser usados en la agricultura como fertilizante.<\/li>\n<\/ol>\n\n\n\n<h2 class=\"wp-block-heading\">\u00bfC\u00f3mo hacer un plan de gesti\u00f3n de residuos de construcci\u00f3n?&nbsp;<\/h2>\n\n\n\n<p>Un plan de gesti\u00f3n de Residuos de Construcci\u00f3n y Demolici\u00f3n (RCD) debe establecer acciones que potencien la reutilizaci\u00f3n, el reciclaje y la valorizaci\u00f3n de los RCD generados en todas las obras, bien sean de realizaci\u00f3n, rehabilitaci\u00f3n, mantenimiento o emergencia.<\/p>\n\n\n\n<p>Todo plan de gesti\u00f3n debe establecer las acciones adecuadas de manejo de los RCD de conformidad con lo dispuesto en la normativa vigente de gesti\u00f3n integral y cadena de valor de RCD. Los objetivos que debe prever son:<\/p>\n\n\n\n<ol class=\"wp-block-list\">\n<li>Determinar las acciones a ejecutar en los frentes de obra a fin de realizar una Gesti\u00f3n Integral de los RCD.<\/li>\n\n\n\n<li>Dar cumplimiento a la normativa ambiental vigente.<\/li>\n\n\n\n<li>Disminuir la disposici\u00f3n final de RCD a trav\u00e9s de la implementaci\u00f3n de acciones que permitan la reutilizaci\u00f3n, el reciclaje o la valorizaci\u00f3n de estos residuos.<\/li>\n<\/ol>\n\n\n\n<p>Para cumplir con la normativa vigente, en todos los frentes de obra se debe:<\/p>\n\n\n\n<ul class=\"wp-block-list\">\n<li>Prevenir o minimizar la generaci\u00f3n de residuos.<\/li>\n\n\n\n<li>Disponer de un acopio temporal de residuos.<\/li>\n\n\n\n<li>Clasificar los RCD generados.<\/li>\n\n\n\n<li>Separar los residuos.\u00a0<\/li>\n\n\n\n<li>Reutilizar.<\/li>\n\n\n\n<li>Reciclaje.<\/li>\n\n\n\n<li>Transportar para la disposici\u00f3n final.<\/li>\n<\/ul>\n\n\n\n<h2 class=\"wp-block-heading\">\u00bfQu\u00e9 referente de gesti\u00f3n de residuos existe en Espa\u00f1a?<\/h2>\n\n\n\n<p>La gesti\u00f3n de residuos es un tema crucial que preocupa cada vez m\u00e1s a las empresas de cara a reducir el impacto ambiental. La empresa Ferrovial cuenta entre sus prioridades ofrecer infraestructuras y servicios que respondan a retos globales, como el cambio clim\u00e1tico, la crisis energ\u00e9tica o la p\u00e9rdida de biodiversidad.<\/p>\n\n\n\n<p>La sostenibilidad ambiental ha tenido siempre un papel relevante para Ferrovial no s\u00f3lo desde la perspectiva de la responsabilidad o como un mecanismo para gestionar con m\u00e1s eficiencia cierto tipo de riesgos, sino tambi\u00e9n como una fuente de nuevas ideas y modelos de negocio (plantas de tratamiento de residuos, recuperaci\u00f3n de materiales, reutilizaci\u00f3n de materiales procedentes de la demolici\u00f3n en obras, entre otros).<\/p>\n\n\n\n<p>Ferrovial se ha comprometido con el desarrollo sostenible reportando cada a\u00f1o indicadores como emisiones de CO<sub>2<\/sub> (huella de carbono), consumo de agua, residuos o sanciones medioambientales. Adem\u00e1s, fija objetivos para la mejora de su comportamiento ambiental y fortalece su estrategia clim\u00e1tica mediante el desarrollo de infraestructuras y servicios para una econom\u00eda verde de bajas emisiones.<\/p>\n\n\n\n<p>Por ejemplo: los considerables vol\u00famenes de movimiento de tierras en los contratos de construcci\u00f3n los han llevado a establecer un objetivo de reutilizaci\u00f3n para minimizar los impactos. La reutilizaci\u00f3n de tierras en el emplazamiento de construcci\u00f3n evita las emisiones que se generar\u00edan en el transporte, adem\u00e1s de favorecer una mejor integraci\u00f3n paisaj\u00edstica in situ. El objetivo es reutilizar el 80% de las tierras en construcci\u00f3n para 2021, tomando como a\u00f1o de referencia 2016.<\/p>\n\n\n\n<h2 class=\"wp-block-heading\">Aspectos curiosos sobre residuos<\/h2>\n\n\n\n<ul class=\"wp-block-list\">\n<li>Por cada tonelada de papel que se recicla, se salvan 18 \u00e1rboles.<\/li>\n\n\n\n<li>Cada a\u00f1o aumenta la cantidad de residuos que se generan: en los \u00faltimos 40 a\u00f1os se ha producido m\u00e1s residuos en el mundo que desde el origen del hombre hasta 1970.<\/li>\n\n\n\n<li>Al reciclar el aluminio se ahorra el 95% de la energ\u00eda que es necesaria para producirlo.<\/li>\n\n\n\n<li>Seg\u00fan las estimaciones, para el a\u00f1o 2025, a nivel mundial, se producir\u00e1 casi el doble de los residuos actuales, es decir, cerca de 6 millones de toneladas.<\/li>\n\n\n\n<li>Los residuos provenientes del suelo, de concretos y de materiales con un proceso de fabricaci\u00f3n previo, alcanzan el 88% del total de residuos de la construcci\u00f3n.<\/li>\n<\/ul>\n<\/div><\/m-wysiwig>\n\n\n    <m-projects-distributor2 :translations='{\n        &quot;prev&quot;:&quot;Anterior&quot;,\n        &quot;next&quot;:&quot;Siguiente&quot;,\n        &quot;paginationseparator&quot;:&quot;de&quot;\n    }'>\n                        <h2 slot=\"title\">\n                Nuestros proyectos destacados                <\/h2>\n                        <a slot='button' title='Conoce nuestros proyectos ' href='https:\/\/www.ferrovial.com\/es\/cintra\/proyectos\/'>\n            Conoce nuestros proyectos         <\/a>\n\n            <\/m-projects-distributor2>\n\n    ","protected":false},"excerpt":{"rendered":"","protected":false},"featured_media":0,"parent":25267,"menu_order":0,"comment_status":"closed","ping_status":"closed","template":"","meta":{"_acf_changed":false,"footnotes":""},"class_list":["post-196530","page","type-page","status-publish","hentry"],"acf":[],"yoast_head":"<!-- This site is optimized with the Yoast SEO plugin v27.2 - https:\/\/yoast.com\/product\/yoast-seo-wordpress\/ -->\n<title>Residuos: qu\u00e9 son, c\u00f3mo se gestionan - Ferrovial<\/title>\n<meta name=\"description\" content=\"Un residuo es aquel material sin valor suficiente para ser conservado. Se diferencia de la basura, que son desechos producidos por los humanos y que no pueden ser reutilizados o reciclados.\" \/>\n<meta name=\"robots\" content=\"index, follow, max-snippet:-1, max-image-preview:large, max-video-preview:-1\" \/>\n<link rel=\"canonical\" href=\"https:\/\/www.ferrovial.com\/es\/recursos\/residuos\/\" \/>\n<meta property=\"og:locale\" content=\"es_ES\" \/>\n<meta property=\"og:type\" content=\"article\" \/>\n<meta property=\"og:title\" content=\"Residuos: qu\u00e9 son, c\u00f3mo se gestionan - Ferrovial\" \/>\n<meta property=\"og:description\" content=\"Un residuo es aquel material sin valor suficiente para ser conservado. Se diferencia de la basura, que son desechos producidos por los humanos y que no pueden ser reutilizados o reciclados.\" \/>\n<meta property=\"og:url\" content=\"https:\/\/www.ferrovial.com\/es\/recursos\/residuos\/\" \/>\n<meta property=\"og:site_name\" content=\"Ferrovial\" \/>\n<meta property=\"article:publisher\" content=\"https:\/\/www.facebook.com\/ferrovial\" \/>\n<meta property=\"article:modified_time\" content=\"2025-07-07T17:34:54+00:00\" \/>\n<meta name=\"twitter:card\" content=\"summary_large_image\" \/>\n<meta name=\"twitter:site\" content=\"@ferrovial\" \/>\n<meta name=\"twitter:label1\" content=\"Est. reading time\" \/>\n\t<meta name=\"twitter:data1\" content=\"6 minutos\" \/>\n<!-- \/ Yoast SEO plugin. -->","yoast_head_json":{"title":"Residuos: qu\u00e9 son, c\u00f3mo se gestionan - Ferrovial","description":"Un residuo es aquel material sin valor suficiente para ser conservado. Se diferencia de la basura, que son desechos producidos por los humanos y que no pueden ser reutilizados o reciclados.","robots":{"index":"index","follow":"follow","max-snippet":"max-snippet:-1","max-image-preview":"max-image-preview:large","max-video-preview":"max-video-preview:-1"},"canonical":"https:\/\/www.ferrovial.com\/es\/recursos\/residuos\/","og_locale":"es_ES","og_type":"article","og_title":"Residuos: qu\u00e9 son, c\u00f3mo se gestionan - Ferrovial","og_description":"Un residuo es aquel material sin valor suficiente para ser conservado. Se diferencia de la basura, que son desechos producidos por los humanos y que no pueden ser reutilizados o reciclados.","og_url":"https:\/\/www.ferrovial.com\/es\/recursos\/residuos\/","og_site_name":"Ferrovial","article_publisher":"https:\/\/www.facebook.com\/ferrovial","article_modified_time":"2025-07-07T17:34:54+00:00","twitter_card":"summary_large_image","twitter_site":"@ferrovial","twitter_misc":{"Est. reading time":"6 minutos"},"schema":{"@context":"https:\/\/schema.org","@graph":[{"@type":"WebPage","@id":"https:\/\/www.ferrovial.com\/es\/recursos\/residuos\/","url":"https:\/\/www.ferrovial.com\/es\/recursos\/residuos\/","name":"Residuos: qu\u00e9 son, c\u00f3mo se gestionan - Ferrovial","isPartOf":{"@id":"https:\/\/www.ferrovial.com\/es\/#website"},"datePublished":"2021-06-14T14:52:37+00:00","dateModified":"2025-07-07T17:34:54+00:00","description":"Un residuo es aquel material sin valor suficiente para ser conservado. Se diferencia de la basura, que son desechos producidos por los humanos y que no pueden ser reutilizados o reciclados.","breadcrumb":{"@id":"https:\/\/www.ferrovial.com\/es\/recursos\/residuos\/#breadcrumb"},"inLanguage":"es","potentialAction":[{"@type":"ReadAction","target":["https:\/\/www.ferrovial.com\/es\/recursos\/residuos\/"]}]},{"@type":"BreadcrumbList","@id":"https:\/\/www.ferrovial.com\/es\/recursos\/residuos\/#breadcrumb","itemListElement":[{"@type":"ListItem","position":1,"name":"Portada","item":"https:\/\/www.ferrovial.com\/es\/"},{"@type":"ListItem","position":2,"name":"Recursos","item":"https:\/\/www.ferrovial.com\/es\/recursos\/"},{"@type":"ListItem","position":3,"name":"Residuos"}]},{"@type":"WebSite","@id":"https:\/\/www.ferrovial.com\/es\/#website","url":"https:\/\/www.ferrovial.com\/es\/","name":"Ferrovial","description":"Welcome to the Ferrovial&#039;s website, global operator of sustainable infrastructure. Here you can find all the information about the company and subsidiaries.","publisher":{"@id":"https:\/\/www.ferrovial.com\/es\/#organization"},"potentialAction":[{"@type":"SearchAction","target":{"@type":"EntryPoint","urlTemplate":"https:\/\/www.ferrovial.com\/es\/?s={search_term_string}"},"query-input":{"@type":"PropertyValueSpecification","valueRequired":true,"valueName":"search_term_string"}}],"inLanguage":"es"},{"@type":"Organization","@id":"https:\/\/www.ferrovial.com\/es\/#organization","name":"Ferrovial S.A.","url":"https:\/\/www.ferrovial.com\/es\/","logo":{"@type":"ImageObject","inLanguage":"es","@id":"https:\/\/www.ferrovial.com\/es\/#\/schema\/logo\/image\/","url":"https:\/\/static.ferrovial.com\/wp-content\/uploads\/2020\/01\/13124948\/logo-ferrovial-cf7.png","contentUrl":"https:\/\/static.ferrovial.com\/wp-content\/uploads\/2020\/01\/13124948\/logo-ferrovial-cf7.png","width":144,"height":32,"caption":"Ferrovial S.A."},"image":{"@id":"https:\/\/www.ferrovial.com\/es\/#\/schema\/logo\/image\/"},"sameAs":["https:\/\/www.facebook.com\/ferrovial","https:\/\/x.com\/ferrovial","https:\/\/www.instagram.com\/ferrovial\/","https:\/\/www.linkedin.com\/company\/ferrovial","https:\/\/www.pinterest.es\/ferrovial\/","https:\/\/www.youtube.com\/ferrovial","https:\/\/en.wikipedia.org\/wiki\/Ferrovial"]}]}},"_links":{"self":[{"href":"https:\/\/www.ferrovial.com\/es\/wp-json\/wp\/v2\/pages\/196530","targetHints":{"allow":["GET"]}}],"collection":[{"href":"https:\/\/www.ferrovial.com\/es\/wp-json\/wp\/v2\/pages"}],"about":[{"href":"https:\/\/www.ferrovial.com\/es\/wp-json\/wp\/v2\/types\/page"}],"replies":[{"embeddable":true,"href":"https:\/\/www.ferrovial.com\/es\/wp-json\/wp\/v2\/comments?post=196530"}],"version-history":[{"count":3,"href":"https:\/\/www.ferrovial.com\/es\/wp-json\/wp\/v2\/pages\/196530\/revisions"}],"predecessor-version":[{"id":309003,"href":"https:\/\/www.ferrovial.com\/es\/wp-json\/wp\/v2\/pages\/196530\/revisions\/309003"}],"up":[{"embeddable":true,"href":"https:\/\/www.ferrovial.com\/es\/wp-json\/wp\/v2\/pages\/25267"}],"wp:attachment":[{"href":"https:\/\/www.ferrovial.com\/es\/wp-json\/wp\/v2\/media?parent=196530"}],"curies":[{"name":"wp","href":"https:\/\/api.w.org\/{rel}","templated":true}]}}