{"id":196555,"date":"2021-06-15T09:47:57","date_gmt":"2021-06-15T07:47:57","guid":{"rendered":"https:\/\/www.ferrovial.com\/?page_id=196555"},"modified":"2024-12-16T18:44:58","modified_gmt":"2024-12-16T17:44:58","slug":"emprendedores","status":"publish","type":"page","link":"https:\/\/www.ferrovial.com\/es\/recursos\/emprendedores\/","title":{"rendered":"Emprendedores"},"content":{"rendered":"    <m-final-content-header >\n            <c-breadcrumb label-text=\"Breadcrumb\" slot=\"breadcrumbs\" type='2' align='left' wrap='wrapped wrapped' aria-label='Vienes de Recursos'>\n                        <ol>\n\n                                                            <li><a href=\"https:\/\/www.ferrovial.com\/es\/\" title=\"Ferrovial\">Ferrovial<\/a><\/li>\n                                                                        <li><a href=\"https:\/\/www.ferrovial.com\/es\/recursos\/\" title=\"Recursos\">Recursos<\/a><\/li>\n                                    \n                <\/ol>\n\n                <\/c-breadcrumb>\n    \n        <div slot=\"header\">\n            <h1>\n                Emprendedores            <\/h1>\n                    <\/div>\n    <\/m-final-content-header>\n\n    \n\n\n<p><script type=\"application\/ld+json\">\n{\n  \"@context\": \"https:\/\/schema.org\",\n  \"@type\": \"FAQPage\",\n  \"mainEntity\": [{\n    \"@type\": \"Question\",\n    \"name\": \"\u00bfQui\u00e9nes son los emprendedores y qu\u00e9 hacen?\",\n    \"acceptedAnswer\": {\n      \"@type\": \"Answer\",\n      \"text\": \"Los emprendedores son personas que crean oportunidades de negocio levantando empresas o iniciando proyectos. Cuando las oportunidades soportan su actividad en la tecnolog\u00eda, estas reciben el nombre de start-ups. Para ellas hace falta que el emprendedor o la emprendedora invierta en innovaci\u00f3n.\nEn primera instancia, una persona emprendedora es capaz de descubrir o identificar oportunidades de negocio que otras no han sido capaces de ver.\"\n    }\n  },{\n    \"@type\": \"Question\",\n    \"name\": \"\u00bfQui\u00e9n puede ser emprendedor?\",\n    \"acceptedAnswer\": {\n      \"@type\": \"Answer\",\n      \"text\": \"El primer factor es contar con un ecosistema de emprendedur\u00eda, innovaci\u00f3n, medios econ\u00f3micos o contactos alrededor, sin los cuales resulta complicado dar pasos firmes. Es el motivo de que existan los business angels, los mentores, el networking o las lanzaderas.\n\nDesde el punto de vista personal, ayuda contar con elementos como visi\u00f3n, ser capaces de ver m\u00e1s all\u00e1 de la actualidad y adelantarse al futuro; iniciativa, dando el paso para construir una propuesta de valor desde una idea; o ser resolutivo, atajando los problemas cuando aparecen, e incluso antes.\"\n    }\n  },{\n    \"@type\": \"Question\",\n    \"name\": \"\u00bfExisten varios tipos de emprendedores?\",\n    \"acceptedAnswer\": {\n      \"@type\": \"Answer\",\n      \"text\": \"Los emprendedores digitales son los m\u00e1s conocidos debido a c\u00f3mo numerosas start-ups han innovado y se han hecho un hueco en el mundo. Sin embargo, existen tambi\u00e9n otros \u2018tipos de emprendedores\u2019 como puedan ser aquellos que inician proyectos humanistas como ONG\u2019s o sociedades sin \u00e1nimo de lucro (emprendimiento social). Ambas clases no son incompatibles.\"\n    }\n  }]\n}\n<\/script><\/p>\n\n\n\n<m-wysiwig class=\"wp-block-components-wysiwyg\"><div slot=\"maincontent\">\n<p>Los <strong>emprendedores<\/strong> son personas que crean oportunidades de negocio levantando empresas o iniciando proyectos. Cuando las oportunidades soportan su actividad en la tecnolog\u00eda, estas reciben el nombre de <em>start-ups<\/em>. Para ellas hace falta que el emprendedor o la emprendedora invierta en <strong>innovaci\u00f3n<\/strong>.<\/p>\n\n\n\n<h2 class=\"wp-block-heading\">\u00bfQui\u00e9nes son los emprendedores y qu\u00e9 hacen?<\/h2>\n\n\n\n<p>En primera instancia, una persona emprendedora es capaz de <strong>descubrir o identificar oportunidades<\/strong> de negocio que otras no han sido capaces de ver. Adem\u00e1s, ha de convertirla en una actividad laboral y, si tiene \u00e9xito, ser\u00e1 capaz de hacerla comercial. Esta \u00faltima fase, la \u2018monetizaci\u00f3n\u2019 del negocio, es clave para hacer viable la actividad, tanto en start-ups tecnol\u00f3gicas como ONGs.<\/p>\n\n\n\n<h2 class=\"wp-block-heading\">\u00bfQui\u00e9n puede ser emprendedor?<\/h2>\n\n\n\n<p>No existe el emprendedor o la emprendedora \u2018tipo\u2019, pero s\u00ed hay caracter\u00edsticas que ayudan a emprender con \u00e9xito. El primer factor es contar con un <strong>ecosistema de emprendedur\u00eda<\/strong>, innovaci\u00f3n, medios econ\u00f3micos o contactos alrededor, sin los cuales resulta complicado dar pasos firmes. Es el motivo de que existan los <em>business angels<\/em>, los mentores, el <em>networking <\/em>o las lanzaderas.<\/p>\n\n\n\n<p>Desde el punto de vista personal, ayuda contar con elementos como <strong>visi\u00f3n<\/strong>, ser capaces de ver m\u00e1s all\u00e1 de la actualidad y adelantarse al futuro; <strong>iniciativa<\/strong>, dando el paso para construir una propuesta de valor desde una idea; o <strong>ser resolutivo<\/strong>, atajando los problemas cuando aparecen, e incluso antes.<\/p>\n\n\n\n<h2 class=\"wp-block-heading\">\u00bfExisten varios tipos de emprendedores?<\/h2>\n\n\n\n<p>Los <strong>emprendedores digitales<\/strong> son los m\u00e1s conocidos debido a c\u00f3mo numerosas <em>start-ups <\/em>han innovado y se han hecho un hueco en el mundo. Sin embargo, existen tambi\u00e9n otros \u2018tipos de emprendedores\u2019 como puedan ser aquellos que inician proyectos humanistas como ONG o sociedades sin \u00e1nimo de lucro (<strong>emprendimiento social<\/strong>). Ambas clases no son incompatibles.<\/p>\n\n\n\n<p>Adem\u00e1s, en todas las sociedades cabe la posibilidad de encontrar talento interno que mejore las condiciones de sus compa\u00f1eros, de con nuevas l\u00edneas de negocio o innovar desde dentro. Son los llamados <strong>intraemprendedores<\/strong>, un tipo de emprendedur\u00eda que florece bajo determinadas culturas de trabajo y que aportan un enorme impulso a las organizaciones.<\/p>\n<\/div><\/m-wysiwig>\n\n\n    <m-projects-distributor2 :translations='{\n        &quot;prev&quot;:&quot;Anterior&quot;,\n        &quot;next&quot;:&quot;Siguiente&quot;,\n        &quot;paginationseparator&quot;:&quot;de&quot;\n    }'>\n                        <h2 slot=\"title\">\n                Nuestros proyectos destacados                <\/h2>\n                        <a slot='button' title='Conoce nuestros proyectos ' href='https:\/\/www.ferrovial.com\/es\/cintra\/proyectos\/'>\n            Conoce nuestros proyectos         <\/a>\n\n            <\/m-projects-distributor2>\n\n    ","protected":false},"excerpt":{"rendered":"","protected":false},"featured_media":0,"parent":25267,"menu_order":0,"comment_status":"closed","ping_status":"closed","template":"","meta":{"_acf_changed":false,"footnotes":""},"class_list":["post-196555","page","type-page","status-publish","hentry"],"acf":[],"yoast_head":"<!-- This site is optimized with the Yoast SEO plugin v27.2 - https:\/\/yoast.com\/product\/yoast-seo-wordpress\/ -->\n<title>Emprendedores: qui\u00e9nes son y qu\u00e9 hacen - Ferrovial<\/title>\n<meta name=\"description\" content=\"Los emprendedores son personas que crean oportunidades de negocio levantando empresas o iniciando proyectos.\" \/>\n<meta name=\"robots\" content=\"index, follow, max-snippet:-1, max-image-preview:large, max-video-preview:-1\" \/>\n<link rel=\"canonical\" href=\"https:\/\/www.ferrovial.com\/es\/recursos\/emprendedores\/\" \/>\n<meta property=\"og:locale\" content=\"es_ES\" \/>\n<meta property=\"og:type\" content=\"article\" \/>\n<meta property=\"og:title\" content=\"Emprendedores: qui\u00e9nes son y qu\u00e9 hacen - Ferrovial\" \/>\n<meta property=\"og:description\" content=\"Los emprendedores son personas que crean oportunidades de negocio levantando empresas o iniciando proyectos.\" \/>\n<meta property=\"og:url\" content=\"https:\/\/www.ferrovial.com\/es\/recursos\/emprendedores\/\" \/>\n<meta property=\"og:site_name\" content=\"Ferrovial\" \/>\n<meta property=\"article:publisher\" content=\"https:\/\/www.facebook.com\/ferrovial\" \/>\n<meta property=\"article:modified_time\" content=\"2024-12-16T17:44:58+00:00\" \/>\n<meta name=\"twitter:card\" content=\"summary_large_image\" \/>\n<meta name=\"twitter:site\" content=\"@ferrovial\" \/>\n<meta name=\"twitter:label1\" content=\"Est. reading time\" \/>\n\t<meta name=\"twitter:data1\" content=\"2 minutos\" \/>\n<!-- \/ Yoast SEO plugin. -->","yoast_head_json":{"title":"Emprendedores: qui\u00e9nes son y qu\u00e9 hacen - Ferrovial","description":"Los emprendedores son personas que crean oportunidades de negocio levantando empresas o iniciando proyectos.","robots":{"index":"index","follow":"follow","max-snippet":"max-snippet:-1","max-image-preview":"max-image-preview:large","max-video-preview":"max-video-preview:-1"},"canonical":"https:\/\/www.ferrovial.com\/es\/recursos\/emprendedores\/","og_locale":"es_ES","og_type":"article","og_title":"Emprendedores: qui\u00e9nes son y qu\u00e9 hacen - Ferrovial","og_description":"Los emprendedores son personas que crean oportunidades de negocio levantando empresas o iniciando proyectos.","og_url":"https:\/\/www.ferrovial.com\/es\/recursos\/emprendedores\/","og_site_name":"Ferrovial","article_publisher":"https:\/\/www.facebook.com\/ferrovial","article_modified_time":"2024-12-16T17:44:58+00:00","twitter_card":"summary_large_image","twitter_site":"@ferrovial","twitter_misc":{"Est. reading time":"2 minutos"},"schema":{"@context":"https:\/\/schema.org","@graph":[{"@type":"WebPage","@id":"https:\/\/www.ferrovial.com\/es\/recursos\/emprendedores\/","url":"https:\/\/www.ferrovial.com\/es\/recursos\/emprendedores\/","name":"Emprendedores: qui\u00e9nes son y qu\u00e9 hacen - Ferrovial","isPartOf":{"@id":"https:\/\/www.ferrovial.com\/es\/#website"},"datePublished":"2021-06-15T07:47:57+00:00","dateModified":"2024-12-16T17:44:58+00:00","description":"Los emprendedores son personas que crean oportunidades de negocio levantando empresas o iniciando proyectos.","breadcrumb":{"@id":"https:\/\/www.ferrovial.com\/es\/recursos\/emprendedores\/#breadcrumb"},"inLanguage":"es","potentialAction":[{"@type":"ReadAction","target":["https:\/\/www.ferrovial.com\/es\/recursos\/emprendedores\/"]}]},{"@type":"BreadcrumbList","@id":"https:\/\/www.ferrovial.com\/es\/recursos\/emprendedores\/#breadcrumb","itemListElement":[{"@type":"ListItem","position":1,"name":"Portada","item":"https:\/\/www.ferrovial.com\/es\/"},{"@type":"ListItem","position":2,"name":"Recursos","item":"https:\/\/www.ferrovial.com\/es\/recursos\/"},{"@type":"ListItem","position":3,"name":"Emprendedores"}]},{"@type":"WebSite","@id":"https:\/\/www.ferrovial.com\/es\/#website","url":"https:\/\/www.ferrovial.com\/es\/","name":"Ferrovial","description":"Welcome to the Ferrovial&#039;s website, global operator of sustainable infrastructure. Here you can find all the information about the company and subsidiaries.","publisher":{"@id":"https:\/\/www.ferrovial.com\/es\/#organization"},"potentialAction":[{"@type":"SearchAction","target":{"@type":"EntryPoint","urlTemplate":"https:\/\/www.ferrovial.com\/es\/?s={search_term_string}"},"query-input":{"@type":"PropertyValueSpecification","valueRequired":true,"valueName":"search_term_string"}}],"inLanguage":"es"},{"@type":"Organization","@id":"https:\/\/www.ferrovial.com\/es\/#organization","name":"Ferrovial S.A.","url":"https:\/\/www.ferrovial.com\/es\/","logo":{"@type":"ImageObject","inLanguage":"es","@id":"https:\/\/www.ferrovial.com\/es\/#\/schema\/logo\/image\/","url":"https:\/\/static.ferrovial.com\/wp-content\/uploads\/2020\/01\/13124948\/logo-ferrovial-cf7.png","contentUrl":"https:\/\/static.ferrovial.com\/wp-content\/uploads\/2020\/01\/13124948\/logo-ferrovial-cf7.png","width":144,"height":32,"caption":"Ferrovial S.A."},"image":{"@id":"https:\/\/www.ferrovial.com\/es\/#\/schema\/logo\/image\/"},"sameAs":["https:\/\/www.facebook.com\/ferrovial","https:\/\/x.com\/ferrovial","https:\/\/www.instagram.com\/ferrovial\/","https:\/\/www.linkedin.com\/company\/ferrovial","https:\/\/www.pinterest.es\/ferrovial\/","https:\/\/www.youtube.com\/ferrovial","https:\/\/en.wikipedia.org\/wiki\/Ferrovial"]}]}},"_links":{"self":[{"href":"https:\/\/www.ferrovial.com\/es\/wp-json\/wp\/v2\/pages\/196555","targetHints":{"allow":["GET"]}}],"collection":[{"href":"https:\/\/www.ferrovial.com\/es\/wp-json\/wp\/v2\/pages"}],"about":[{"href":"https:\/\/www.ferrovial.com\/es\/wp-json\/wp\/v2\/types\/page"}],"replies":[{"embeddable":true,"href":"https:\/\/www.ferrovial.com\/es\/wp-json\/wp\/v2\/comments?post=196555"}],"version-history":[{"count":3,"href":"https:\/\/www.ferrovial.com\/es\/wp-json\/wp\/v2\/pages\/196555\/revisions"}],"predecessor-version":[{"id":296159,"href":"https:\/\/www.ferrovial.com\/es\/wp-json\/wp\/v2\/pages\/196555\/revisions\/296159"}],"up":[{"embeddable":true,"href":"https:\/\/www.ferrovial.com\/es\/wp-json\/wp\/v2\/pages\/25267"}],"wp:attachment":[{"href":"https:\/\/www.ferrovial.com\/es\/wp-json\/wp\/v2\/media?parent=196555"}],"curies":[{"name":"wp","href":"https:\/\/api.w.org\/{rel}","templated":true}]}}