{"id":19719,"date":"2019-09-09T11:08:23","date_gmt":"2019-09-09T09:08:23","guid":{"rendered":"https:\/\/www.ferrovial.com\/?page_id=19719"},"modified":"2026-02-11T12:57:58","modified_gmt":"2026-02-11T11:57:58","slug":"negocio","status":"publish","type":"page","link":"https:\/\/www.ferrovial.com\/es\/negocio\/","title":{"rendered":"Negocios"},"content":{"rendered":"    <m-hero type='single' :translations='{\n        &quot;play&quot;:&quot;Reproducir v\u00eddeo de fondo&quot;,\n        &quot;pause&quot;:&quot;Pausar v\u00eddeo de fondo&quot;,\n        &quot;prev&quot;:&quot;Anterior&quot;,\n        &quot;next&quot;:&quot;Siguiente&quot;,\n        &quot;paginationseparator&quot;:&quot;de&quot;,\n        &quot;goto&quot;:&quot;Ir al slide&quot;,\n        &quot;external&quot;:&quot;Abrir una nueva ventana&quot;\n    }'>\n            <c-breadcrumb label-text=\"Breadcrumb\" slot=\"breadcrumbs\" type='1' align='left left' wrap='wrapped wrapped'>\n                        <ol>\n\n                                                            <li><a href=\"https:\/\/www.ferrovial.com\/es\/\" title=\"Ferrovial\">Ferrovial<\/a><\/li>\n                                    \n                <\/ol>\n\n                <\/c-breadcrumb>\n    \n                        <div slot=\"carouselItem\">\n                            <c-background-video :sources=\"['https:\/\/static.ferrovial.com\/wp-content\/uploads\/2025\/02\/07165925\/bucle-home-03-1-1.mp4']\" position=\"center center\" poster=\"https:\/\/static.ferrovial.com\/wp-content\/uploads\/2019\/11\/13131332\/the-ice-krakow-congress-centre-1-1920x1080.jpg\" :translations=\"{&quot;play&quot;:&quot;Reproducir v\u00eddeo de fondo&quot;,&quot;pause&quot;:&quot;Pausar v\u00eddeo de fondo&quot;}\"><\/c-background-video>\n                        <\/div>        <section slot=\"hero\">\n            <article>\n                                        <h1>Negocios y proyectos<\/h1>\n                                                <p>Descripci\u00f3n por defecto<\/p>\n                                    <\/article>\n        <\/section>\n    <\/m-hero>\n\n    \n\n    <m-introduction-subhome type='primary' pathfront='1' pathback='2' icon='brands'>\n        <img decoding=\"async\" class=\"dots hidden\" slot=\"bg\" src=\"https:\/\/www.ferrovial.com\/wp-content\/themes\/global\/front\/dist\/static\/img\/dots.svg\" alt=\"\" \/>\n                        <h3 slot=\"title\">\n                    Somos un operador global de infraestructuras, comprometido con soluciones sostenibles                <\/h3>\n                                <p slot=\"description\">\n                    Desde 1952 centramos nuestros esfuerzos en desarrollar grandes proyectos sostenibles de Autopistas, Aeropuertos, Energ\u00eda y Construcci\u00f3n                <\/p>\n                    <\/m-introduction-subhome>\n    \n\n    <m-distributor-activities>\n                        <h2 slot=\"label\">\n                    Unidades de negocio                <\/h2>\n                                <h3 slot=\"title\">\n                    Trabajamos en torno a estas actividades                <\/h3>\n                                    <p slot=\"bodycopy\">Descripci\u00f3n por defecto<\/p>\n                                    <a slot='cards' title='Autopistas' role='listitem' href='#' v-lazy:background-image='&quot;https:\/\/static.ferrovial.com\/wp-content\/uploads\/2019\/09\/13141709\/toll-roads-us-texas-lbj-express-1-180x320.jpg&quot;'>\n                        <span>\n                            Autopistas                        <\/span>\n                    <\/a>\n                                        <a slot='cards' title='Aeropuertos ' role='listitem' href='#' v-lazy:background-image='&quot;https:\/\/static.ferrovial.com\/wp-content\/uploads\/2019\/09\/13135439\/october-sunset_roof-of-t2a_heathrow-airport-br-180x320.jpg&quot;'>\n                        <span>\n                            Aeropuertos                         <\/span>\n                    <\/a>\n                                        <a slot='cards' title='Energ\u00eda' role='listitem' href='#' v-lazy:background-image='&quot;https:\/\/static.ferrovial.com\/wp-content\/uploads\/2022\/12\/13223829\/el-berrocal-solar-pv-planta-solar-fotovoltaica-ferrovial-180x320.jpg&quot;'>\n                        <span>\n                            Energ\u00eda                        <\/span>\n                    <\/a>\n                                        <a slot='cards' title='Construcci\u00f3n' role='listitem' href='#' v-lazy:background-image='&quot;https:\/\/static.ferrovial.com\/wp-content\/uploads\/2019\/11\/13131321\/crossrail-ferrovial-uk-180x320.jpg&quot;'>\n                        <span>\n                            Construcci\u00f3n                        <\/span>\n                    <\/a>\n                        <\/m-distributor-activities>\n\n    \n\n    <m-projects-distributor2 :translations='{\n        &quot;prev&quot;:&quot;Anterior&quot;,\n        &quot;next&quot;:&quot;Siguiente&quot;,\n        &quot;paginationseparator&quot;:&quot;de&quot;\n    }'>\n                        <h2 slot=\"label\">\n                    Proyectos destacados                 <\/h2>\n                                <h3 slot=\"title\">\n                Infraestructuras que marcan la diferencia                <\/h3>\n                        <a slot='button' title='Ver todos nuestros trabajos' href='https:\/\/www.ferrovial.com\/es\/negocio\/proyectos\/'>\n            Ver todos nuestros trabajos        <\/a>\n\n            <\/m-projects-distributor2>\n\n    \n\n    <m-distributor-news  >\n                        <h2 slot=\"title\">\u00daltimas noticias<\/h2>\n                                <c-link slot=\"link\" icon=\"external\" external=\"true\">\n                    <a href='https:\/\/newsroom.ferrovial.com\/es\/' title='Sala de prensa' target='_blank' sr-only='Open new window'>Sala de prensa<\/a>\n                <\/c-link>\n                                        <div slot=\"report\">\n                            <h3><a href=\"https:\/\/newsroom.ferrovial.com\/es\/notas-prensa\/ferrovial-y-budimex-construiran-un-tunel-ferroviario-en-polonia\/\" target='_blank' title=\"Ferrovial\u00a0y\u00a0Budimex\u00a0construir\u00e1n\u00a0un t\u00fanel ferroviario en Polonia\u00a0\">Ferrovial\u00a0y\u00a0Budimex\u00a0construir\u00e1n\u00a0un t\u00fanel ferroviario en Polonia\u00a0<\/a><\/h3>\n                                                                <span>06\/03\/2026<\/span>\n                                                                        <ul>\n                                        <li>Notas de prensa<\/li>\n                                    <\/ul>\n                                                            <\/div>\n                                                <div slot=\"report\">\n                            <h3><a href=\"https:\/\/newsroom.ferrovial.com\/es\/notas-prensa\/ferrovial-consigue-la-verificacion-residuo-cero-de-sgs-por-segundo-ano-consecutivo\/\" target='_blank' title=\"Ferrovial consigue la verificaci\u00f3n Residuo Cero de SGS por segundo a\u00f1o consecutivo\">Ferrovial consigue la verificaci\u00f3n Residuo Cero de SGS por segundo a\u00f1o consecutivo<\/a><\/h3>\n                                                                <span>20\/02\/2026<\/span>\n                                                                        <ul>\n                                        <li>Notas de prensa<\/li>\n                                    <\/ul>\n                                                            <\/div>\n                                                <div slot=\"report\">\n                            <h3><a href=\"https:\/\/newsroom.ferrovial.com\/es\/notas-prensa\/ferrovial-refuerza-su-cartera-de-infraestructuras-hidricas-en-reino-unido-con-un-nuevo-proyecto-para-thames-water\/\" target='_blank' title=\"Ferrovial refuerza su cartera de infraestructuras h\u00eddricas en Reino Unido con un nuevo proyecto para Thames Water\">Ferrovial refuerza su cartera de infraestructuras h\u00eddricas en Reino Unido con un nuevo proyecto para Thames Water<\/a><\/h3>\n                                                                <span>16\/02\/2026<\/span>\n                                                                        <ul>\n                                        <li>Notas de prensa<\/li>\n                                    <\/ul>\n                                                            <\/div>\n                                                <div slot=\"report\">\n                            <h3><a href=\"https:\/\/newsroom.ferrovial.com\/es\/notas-prensa\/ferrovial-construira-el-primer-centro-de-experimentacion-de-fusion-nuclear-en-espana\/\" target='_blank' title=\"Ferrovial construir\u00e1 el primer centro de experimentaci\u00f3n de fusi\u00f3n nuclear en Espa\u00f1a\">Ferrovial construir\u00e1 el primer centro de experimentaci\u00f3n de fusi\u00f3n nuclear en Espa\u00f1a<\/a><\/h3>\n                                                                <span>13\/01\/2026<\/span>\n                                                                        <ul>\n                                        <li>Notas de prensa<\/li>\n                                    <\/ul>\n                                                            <\/div>\n                            <\/m-distributor-news>\n    \n\n    <m-annual-report :whitetext='false' :gutenberg='true'>\n                        <p slot=\"cta\">\n                    Ver las cifras destacadas de Ferrovial en 2025                <\/p>\n                \n                        <c-button href='https:\/\/informeanualintegrado2025.ferrovial.com\/en\/' title='Accede al Informe Anual Integrado' slot='cta' disabled='false' type='ghost-positive-alt' target='_blank' rel='noopener' >\n                Accede al Informe Anual Integrado                <span class=\"sr-only\">Abrir en una nueva pesta\u00f1a<\/span>\n                                <\/c-button>\n                \n        \n            <ul slot=\"cypher\">\n\n                                            <li>\n                                \n                                <div>\n                                    <span><\/span><span >9627<\/span><span>M\u20ac<\/span>\n                                <\/div>\n\n                                                                        <span>\n                                            Ventas                                        <\/span>\n                                                                    <\/li>\n                                                    <li>\n                                \n                                <div>\n                                    <span><\/span><span >40606<\/span><span>M\u20ac<\/span>\n                                <\/div>\n\n                                                                        <span>\n                                            Capitalizaci\u00f3n                                         <\/span>\n                                                                    <\/li>\n                                                    <li>\n                                \n                                <div>\n                                    <span><\/span><span >5088<\/span><span>M\u20ac<\/span>\n                                <\/div>\n\n                                                                        <span>\n                                            Liquidez                                        <\/span>\n                                                                    <\/li>\n                                                    <li>\n                                \n                                <div>\n                                    <span><\/span><span >22609<\/span><span><\/span>\n                                <\/div>\n\n                                                                        <span>\n                                            Empleados                                        <\/span>\n                                                                    <\/li>\n                        \n            <\/ul>\n            <\/m-annual-report>\n\n    ","protected":false},"excerpt":{"rendered":"","protected":false},"featured_media":25277,"parent":0,"menu_order":0,"comment_status":"closed","ping_status":"closed","template":"","meta":{"_acf_changed":false,"footnotes":""},"class_list":["post-19719","page","type-page","status-publish","has-post-thumbnail","hentry"],"acf":[],"yoast_head":"<!-- This site is optimized with the Yoast SEO plugin v27.2 - https:\/\/yoast.com\/product\/yoast-seo-wordpress\/ -->\n<title>Servicios y proyectos de infraestructuras - Ferrovial<\/title>\n<meta name=\"description\" content=\"Desarrollamos nuestra actividad dentro del mundo de las infraestructuras y la movilidad: aeropuertos, autopistas, energ\u00eda y construcci\u00f3n, en los 5 continentes. Entra e inf\u00f3rmate.\" \/>\n<meta name=\"robots\" content=\"index, follow, max-snippet:-1, max-image-preview:large, max-video-preview:-1\" \/>\n<link rel=\"canonical\" href=\"https:\/\/www.ferrovial.com\/es\/negocio\/\" \/>\n<meta property=\"og:locale\" content=\"es_ES\" \/>\n<meta property=\"og:type\" content=\"article\" \/>\n<meta property=\"og:title\" content=\"Servicios y proyectos de infraestructuras - Ferrovial\" \/>\n<meta property=\"og:description\" content=\"Desarrollamos nuestra actividad dentro del mundo de las infraestructuras y la movilidad: aeropuertos, autopistas, energ\u00eda y construcci\u00f3n, en los 5 continentes. Entra e inf\u00f3rmate.\" \/>\n<meta property=\"og:url\" content=\"https:\/\/www.ferrovial.com\/es\/negocio\/\" \/>\n<meta property=\"og:site_name\" content=\"Ferrovial\" \/>\n<meta property=\"article:publisher\" content=\"https:\/\/www.facebook.com\/ferrovial\" \/>\n<meta property=\"article:modified_time\" content=\"2026-02-11T11:57:58+00:00\" \/>\n<meta property=\"og:image\" content=\"https:\/\/static.ferrovial.com\/wp-content\/uploads\/2019\/09\/13141316\/che17633d.jpg\" \/>\n\t<meta property=\"og:image:width\" content=\"1386\" \/>\n\t<meta property=\"og:image:height\" content=\"924\" \/>\n\t<meta property=\"og:image:type\" content=\"image\/jpeg\" \/>\n<meta name=\"twitter:card\" content=\"summary_large_image\" \/>\n<meta name=\"twitter:site\" content=\"@ferrovial\" \/>\n<meta name=\"twitter:label1\" content=\"Est. reading time\" \/>\n\t<meta name=\"twitter:data1\" content=\"1 minuto\" \/>\n<!-- \/ Yoast SEO plugin. -->","yoast_head_json":{"title":"Servicios y proyectos de infraestructuras - Ferrovial","description":"Desarrollamos nuestra actividad dentro del mundo de las infraestructuras y la movilidad: aeropuertos, autopistas, energ\u00eda y construcci\u00f3n, en los 5 continentes. Entra e inf\u00f3rmate.","robots":{"index":"index","follow":"follow","max-snippet":"max-snippet:-1","max-image-preview":"max-image-preview:large","max-video-preview":"max-video-preview:-1"},"canonical":"https:\/\/www.ferrovial.com\/es\/negocio\/","og_locale":"es_ES","og_type":"article","og_title":"Servicios y proyectos de infraestructuras - Ferrovial","og_description":"Desarrollamos nuestra actividad dentro del mundo de las infraestructuras y la movilidad: aeropuertos, autopistas, energ\u00eda y construcci\u00f3n, en los 5 continentes. Entra e inf\u00f3rmate.","og_url":"https:\/\/www.ferrovial.com\/es\/negocio\/","og_site_name":"Ferrovial","article_publisher":"https:\/\/www.facebook.com\/ferrovial","article_modified_time":"2026-02-11T11:57:58+00:00","og_image":[{"width":1386,"height":924,"url":"https:\/\/static.ferrovial.com\/wp-content\/uploads\/2019\/09\/13141316\/che17633d.jpg","type":"image\/jpeg"}],"twitter_card":"summary_large_image","twitter_site":"@ferrovial","twitter_misc":{"Est. reading time":"1 minuto"},"schema":{"@context":"https:\/\/schema.org","@graph":[{"@type":"WebPage","@id":"https:\/\/www.ferrovial.com\/es\/negocio\/","url":"https:\/\/www.ferrovial.com\/es\/negocio\/","name":"Servicios y proyectos de infraestructuras - Ferrovial","isPartOf":{"@id":"https:\/\/www.ferrovial.com\/es\/#website"},"primaryImageOfPage":{"@id":"https:\/\/www.ferrovial.com\/es\/negocio\/#primaryimage"},"image":{"@id":"https:\/\/www.ferrovial.com\/es\/negocio\/#primaryimage"},"thumbnailUrl":"https:\/\/static.ferrovial.com\/wp-content\/uploads\/2019\/09\/13141316\/che17633d.jpg","datePublished":"2019-09-09T09:08:23+00:00","dateModified":"2026-02-11T11:57:58+00:00","description":"Desarrollamos nuestra actividad dentro del mundo de las infraestructuras y la movilidad: aeropuertos, autopistas, energ\u00eda y construcci\u00f3n, en los 5 continentes. Entra e inf\u00f3rmate.","breadcrumb":{"@id":"https:\/\/www.ferrovial.com\/es\/negocio\/#breadcrumb"},"inLanguage":"es","potentialAction":[{"@type":"ReadAction","target":["https:\/\/www.ferrovial.com\/es\/negocio\/"]}]},{"@type":"ImageObject","inLanguage":"es","@id":"https:\/\/www.ferrovial.com\/es\/negocio\/#primaryimage","url":"https:\/\/static.ferrovial.com\/wp-content\/uploads\/2019\/09\/13141316\/che17633d.jpg","contentUrl":"https:\/\/static.ferrovial.com\/wp-content\/uploads\/2019\/09\/13141316\/che17633d.jpg","width":1386,"height":924,"caption":"Heathrow, Terminal 2, roof architecture, January 2014."},{"@type":"BreadcrumbList","@id":"https:\/\/www.ferrovial.com\/es\/negocio\/#breadcrumb","itemListElement":[{"@type":"ListItem","position":1,"name":"Portada","item":"https:\/\/www.ferrovial.com\/es\/"},{"@type":"ListItem","position":2,"name":"Negocios"}]},{"@type":"WebSite","@id":"https:\/\/www.ferrovial.com\/es\/#website","url":"https:\/\/www.ferrovial.com\/es\/","name":"Ferrovial","description":"Welcome to the Ferrovial&#039;s website, global operator of sustainable infrastructure. Here you can find all the information about the company and subsidiaries.","publisher":{"@id":"https:\/\/www.ferrovial.com\/es\/#organization"},"potentialAction":[{"@type":"SearchAction","target":{"@type":"EntryPoint","urlTemplate":"https:\/\/www.ferrovial.com\/es\/?s={search_term_string}"},"query-input":{"@type":"PropertyValueSpecification","valueRequired":true,"valueName":"search_term_string"}}],"inLanguage":"es"},{"@type":"Organization","@id":"https:\/\/www.ferrovial.com\/es\/#organization","name":"Ferrovial S.A.","url":"https:\/\/www.ferrovial.com\/es\/","logo":{"@type":"ImageObject","inLanguage":"es","@id":"https:\/\/www.ferrovial.com\/es\/#\/schema\/logo\/image\/","url":"https:\/\/static.ferrovial.com\/wp-content\/uploads\/2020\/01\/13124948\/logo-ferrovial-cf7.png","contentUrl":"https:\/\/static.ferrovial.com\/wp-content\/uploads\/2020\/01\/13124948\/logo-ferrovial-cf7.png","width":144,"height":32,"caption":"Ferrovial S.A."},"image":{"@id":"https:\/\/www.ferrovial.com\/es\/#\/schema\/logo\/image\/"},"sameAs":["https:\/\/www.facebook.com\/ferrovial","https:\/\/x.com\/ferrovial","https:\/\/www.instagram.com\/ferrovial\/","https:\/\/www.linkedin.com\/company\/ferrovial","https:\/\/www.pinterest.es\/ferrovial\/","https:\/\/www.youtube.com\/ferrovial","https:\/\/en.wikipedia.org\/wiki\/Ferrovial"]}]}},"_links":{"self":[{"href":"https:\/\/www.ferrovial.com\/es\/wp-json\/wp\/v2\/pages\/19719","targetHints":{"allow":["GET"]}}],"collection":[{"href":"https:\/\/www.ferrovial.com\/es\/wp-json\/wp\/v2\/pages"}],"about":[{"href":"https:\/\/www.ferrovial.com\/es\/wp-json\/wp\/v2\/types\/page"}],"replies":[{"embeddable":true,"href":"https:\/\/www.ferrovial.com\/es\/wp-json\/wp\/v2\/comments?post=19719"}],"version-history":[{"count":3,"href":"https:\/\/www.ferrovial.com\/es\/wp-json\/wp\/v2\/pages\/19719\/revisions"}],"predecessor-version":[{"id":324392,"href":"https:\/\/www.ferrovial.com\/es\/wp-json\/wp\/v2\/pages\/19719\/revisions\/324392"}],"wp:featuredmedia":[{"embeddable":true,"href":"https:\/\/www.ferrovial.com\/es\/wp-json\/wp\/v2\/media\/25277"}],"wp:attachment":[{"href":"https:\/\/www.ferrovial.com\/es\/wp-json\/wp\/v2\/media?parent=19719"}],"curies":[{"name":"wp","href":"https:\/\/api.w.org\/{rel}","templated":true}]}}