{"id":197527,"date":"2021-07-01T17:03:54","date_gmt":"2021-07-01T15:03:54","guid":{"rendered":"https:\/\/www.ferrovial.com\/?page_id=197527"},"modified":"2024-02-23T14:10:11","modified_gmt":"2024-02-23T13:10:11","slug":"cambio-climatico","status":"publish","type":"page","link":"https:\/\/www.ferrovial.com\/es\/recursos\/cambio-climatico\/","title":{"rendered":"Cambio clim\u00e1tico"},"content":{"rendered":"    <m-final-content-header >\n            <c-breadcrumb label-text=\"Breadcrumb\" slot=\"breadcrumbs\" type='2' align='left' wrap='wrapped wrapped' aria-label='Vienes de Recursos'>\n                        <ol>\n\n                                                            <li><a href=\"https:\/\/www.ferrovial.com\/es\/\" title=\"Ferrovial\">Ferrovial<\/a><\/li>\n                                                                        <li><a href=\"https:\/\/www.ferrovial.com\/es-la\/recursos\/\" title=\"Recursos\">Recursos<\/a><\/li>\n                                    \n                <\/ol>\n\n                <\/c-breadcrumb>\n    \n        <div slot=\"header\">\n            <h1>\n                Cambio clim\u00e1tico            <\/h1>\n                    <\/div>\n    <\/m-final-content-header>\n\n    \n\n\n<p><script type=\"application\/ld+json\">\n{\n  \"@context\": \"https:\/\/schema.org\",\n  \"@type\": \"FAQPage\",\n  \"mainEntity\": [{\n    \"@type\": \"Question\",\n    \"name\": \"\u00bfQu\u00e9 es el cambio clim\u00e1tico?\",\n    \"acceptedAnswer\": {\n      \"@type\": \"Answer\",\n      \"text\": \"Se define como la variaci\u00f3n en el estado del sistema clim\u00e1tico terrestre, formado por la atm\u00f3sfera, la hidrosfera, la criosfera, la litosfera y la biosfera, que perdura durante periodos de tiempo suficientemente largos hasta alcanzar un nuevo equilibrio.\"\n    }\n  },{\n    \"@type\": \"Question\",\n    \"name\": \"\u00bfCu\u00e1les son las consecuencias del cambio clim\u00e1tico?\",\n    \"acceptedAnswer\": {\n      \"@type\": \"Answer\",\n      \"text\": \"El cambio clim\u00e1tico afecta a todas las regiones del mundo de diferentes formas. Por ejemplo: los\ncasquetes polares se est\u00e1n fundiendo, y el nivel del mar est\u00e1 subiendo. En algunas regiones, los\nfen\u00f3menos meteorol\u00f3gicos extremos y las inundaciones son cada vez m\u00e1s frecuentes, y en otras se registran olas de calor y sequ\u00edas.\"\n    }\n  },{\n    \"@type\": \"Question\",\n    \"name\": \"\u00bfCausas del cambio clim\u00e1tico?\",\n    \"acceptedAnswer\": {\n      \"@type\": \"Answer\",\n      \"text\": \"Transporte. El 40% de las emisiones en Espa\u00f1a provienen de coches, camiones, furgonetas y autobuses, pero tambi\u00e9n de embarcaciones acu\u00e1ticas o a\u00e9reas.\nEdificios que necesitan rehabilitaci\u00f3n energ\u00e9tica. El 36% de los gases emitidos en Europa son causados por edificios que necesitan una rehabilitaci\u00f3n energ\u00e9tica; por ejemplo:\nAislamiento: un correcto aislamiento t\u00e9rmico reduce al 50% el consumo de energ\u00eda.\nEstanqueidad: evitar fugas de aire o sellar huecos entre ventanas y paredes puede reducir entre un 30% y un 50% el consumo.\nVentilaci\u00f3n: una ventilaci\u00f3n eficiente reduce en un 90% la demanda de calor.\nLa industria. Industrias como la qu\u00edmica y la petrolera son dos de las principales causas del cambio clim\u00e1tico, pero no est\u00e1n solas. La industria textil, por ejemplo, es de las m\u00e1s contaminantes, junto con la del PVC, el cloro y la metalurgia, ya que generan una gran cantidad de residuos, algunos de ellos altamente t\u00f3xicos.\nGeneraci\u00f3n excesiva de residuos. Cada persona que vive en Europa genera m\u00e1s de un kilo y medio de basura al d\u00eda. El 60% de esta basura consiste en envases y bolsas de pl\u00e1stico. Esto exige una buena gesti\u00f3n de residuos por parte de las administraciones, pero especialmente un esfuerzo individual para reducir residuos con peque\u00f1as acciones cotidianas.\nAgricultura y ganader\u00eda. El actual sistema alimentario es insostenible e incompatible con el cuidado del medio ambiente. La agricultura y la ganader\u00eda se encuentran entre las principales causas del cambio clim\u00e1tico y del calentamiento global. De hecho, si la poblaci\u00f3n europea consumiera la mitad de la carne que consume, disminuir\u00edamos entre un 25% y un 40% las emisiones de efecto invernadero.\nDerroche de energ\u00eda. Producto de sistemas poco eficientes o del descuido.\nDeforestaci\u00f3n. La deforestaci\u00f3n no tiene solamente un impacto directo en su entorno: el efecto se genera en todo el planeta. Los \u00e1rboles tienen la virtud de transformar el CO 2 en ox\u00edgeno, precisamente el gas que m\u00e1s producimos.\"\n    }\n  },{\n    \"@type\": \"Question\",\n    \"name\": \"\u00bfCu\u00e1l es la soluci\u00f3n al cambio clim\u00e1tico?\",\n    \"acceptedAnswer\": {\n      \"@type\": \"Answer\",\n      \"text\": \"Actualmente, gobiernos, empresas y ciudadanos de todo el mundo se esfuerzan por reducir su impacto negativo en el planeta a\ntrav\u00e9s de pol\u00edticas ambientales y peque\u00f1os cambios en el estilo de vida.\"\n    }\n  },{\n    \"@type\": \"Question\",\n    \"name\": \"\u00bfCu\u00e1l es la situaci\u00f3n espa\u00f1ola frente al cambio clim\u00e1tico?\",\n    \"acceptedAnswer\": {\n      \"@type\": \"Answer\",\n      \"text\": \"En Espa\u00f1a, seg\u00fan la AEMET (Agencia Estatal de Meteorolog\u00eda) los valores mostrados en los \u00faltimos a\u00f1os han sido alarmantes. Los niveles de lluvia del a\u00f1o hidrol\u00f3gico han descendido en promedio un 15% y se han registrado las temperaturas m\u00e1s calientes de todo el siglo XXI dando lugar a una sequ\u00eda. Sin embargo, no todo son malas noticias, en Espa\u00f1a existen empresas con un gran sentido de responsabilidad ambiental, como Ferrovial, que forman parte del Acuerdo de Par\u00eds \u2013primer acuerdo universal contra el cambio clim\u00e1tico\u2013 y trabajan en soluciones que respondan a retos como el cambio clim\u00e1tico, la gesti\u00f3n de la huella h\u00eddrica, la crisis energ\u00e9tica o la p\u00e9rdida de biodiversidad, con la finalidad de crear valor a largo plazo.\"\n    }\n  }]\n}\n<\/script><\/p>\n\n\n\n<m-wysiwig class=\"wp-block-components-wysiwyg\"><div slot=\"maincontent\">\n<h2 class=\"wp-block-heading\">\u00bfQu\u00e9 es el cambio clim\u00e1tico?<\/h2>\n\n\n\n<p>Se define\u200b\u200b como la variaci\u00f3n en el estado del sistema clim\u00e1tico terrestre, formado por la atm\u00f3sfera, la hidrosfera, la criosfera, la litosfera y la biosfera, que perdura durante periodos de tiempo suficientemente largos hasta alcanzar un nuevo equilibrio.<\/p>\n\n\n\n<h2 class=\"wp-block-heading\"><br>\u00bfCu\u00e1les son las consecuencias del cambio clim\u00e1tico?<\/h2>\n\n\n\n<p>El cambio clim\u00e1tico afecta a todas las regiones del mundo de diferentes formas. Por ejemplo: los<br>casquetes polares se est\u00e1n fundiendo, y el nivel del mar est\u00e1 subiendo. En algunas regiones, los<br>fen\u00f3menos meteorol\u00f3gicos extremos y las inundaciones son cada vez m\u00e1s frecuentes, y en otras se registran olas de calor y sequ\u00edas.<\/p>\n\n\n\n<h2 class=\"wp-block-heading\"><br>\u00bfCausas del cambio clim\u00e1tico?<\/h2>\n\n\n\n<p>El responsable del cambio clim\u00e1tico es el ser humano y sus emisiones de gases de efecto<br>invernadero que calientan el planeta. El gas m\u00e1s conocido es el CO 2 , causante del 63% del<br>calentamiento global, pero existen otros como el metano o el \u00f3xido nitroso. Los gases se acumulan en la atm\u00f3sfera (hoy hay m\u00e1s de un 40% de gas acumulado) y calientan la Tierra en exceso, provocando graves consecuencias, seg\u00fan informaciones del Parlamento Europeo y la Organizaci\u00f3n Meteorol\u00f3gica Mundial.<\/p>\n\n\n\n<p><br>Las principales causas del cambio clim\u00e1tico y del calentamiento global son las siguientes:<\/p>\n\n\n\n<ol class=\"wp-block-list\">\n<li><strong>Transporte<\/strong>. El 40% de las emisiones en Espa\u00f1a provienen de coches, camiones, furgonetas y autobuses, pero tambi\u00e9n de embarcaciones acu\u00e1ticas o a\u00e9reas.<\/li>\n\n\n\n<li><strong>Edificios que necesitan rehabilitaci\u00f3n energ\u00e9tica<\/strong>. El 36% de los gases emitidos en Europa son causados por edificios que necesitan una rehabilitaci\u00f3n energ\u00e9tica; por ejemplo:\n<ul class=\"wp-block-list\">\n<li>Aislamiento: un correcto aislamiento t\u00e9rmico reduce al 50% el consumo de energ\u00eda.<\/li>\n\n\n\n<li>Estanqueidad: evitar fugas de aire o sellar huecos entre ventanas y paredes puede reducir entre un 30% y un 50% el consumo.<\/li>\n\n\n\n<li>Ventilaci\u00f3n: una ventilaci\u00f3n eficiente reduce en un 90% la demanda de calor.<\/li>\n<\/ul>\n<\/li>\n\n\n\n<li><strong>La industria.<\/strong> Industrias como la qu\u00edmica y la petrolera son dos de las principales causas del cambio clim\u00e1tico, pero no est\u00e1n solas. La industria textil, por ejemplo, es de las m\u00e1s contaminantes, junto con la del PVC, el cloro y la metalurgia, ya que generan una gran cantidad de residuos, algunos de ellos altamente t\u00f3xicos.<\/li>\n\n\n\n<li><strong>Generaci\u00f3n excesiva de residuos.<\/strong> Cada persona que vive en Europa genera m\u00e1s de un kilo y medio de basura al d\u00eda. El 60% de esta basura consiste en envases y bolsas de pl\u00e1stico. Esto exige una buena gesti\u00f3n de residuos por parte de las administraciones, pero especialmente un esfuerzo individual para reducir residuos con peque\u00f1as acciones cotidianas.<\/li>\n\n\n\n<li><strong>Agricultura y ganader\u00eda.<\/strong> El actual sistema alimentario es insostenible e incompatible con el cuidado del medio ambiente. La agricultura y la ganader\u00eda se encuentran entre las principales causas del cambio clim\u00e1tico y del calentamiento global. De hecho, si la poblaci\u00f3n europea consumiera la mitad de la carne que consume, disminuir\u00edamos entre un 25% y un 40% las emisiones de efecto invernadero.<\/li>\n\n\n\n<li><strong>Derroche de energ\u00eda.<\/strong> Producto de sistemas poco eficientes o del descuido.<\/li>\n\n\n\n<li><strong>Deforestaci\u00f3n.<\/strong> La deforestaci\u00f3n no tiene solamente un impacto directo en su entorno: el efecto se genera en todo el planeta. Los \u00e1rboles tienen la virtud de transformar el CO 2 en ox\u00edgeno, precisamente el gas que m\u00e1s producimos.<\/li>\n<\/ol>\n\n\n\n<h2 class=\"wp-block-heading\"><br>\u00bfCu\u00e1l es la soluci\u00f3n al cambio clim\u00e1tico?<\/h2>\n\n\n\n<p>Llegados a este punto, \u00bfqu\u00e9 podemos hacer para luchar contra el cambio clim\u00e1tico? Muchas<br>peque\u00f1as acciones provocan un gran cambio. Actualmente, gobiernos, empresas y<br>ciudadanos de todo el mundo se esfuerzan por reducir su impacto negativo en el planeta a<br>trav\u00e9s de pol\u00edticas ambientales y peque\u00f1os cambios en el estilo de vida.<\/p>\n\n\n\n<p><br>Estas son tres simples acciones para iniciar a ser m\u00e1s eco-friendly:<\/p>\n\n\n\n<ul class=\"wp-block-list\">\n<li>Separa tus residuos para que puedan ser reutilizados o reciclados.<\/li>\n\n\n\n<li>Prefiere productos de proximidad, sostenibles y a granel.<\/li>\n\n\n\n<li>Lleva siempre contigo bolsas de tela y una botella de agua para reducir la producci\u00f3n de recipientes de un solo uso.<\/li>\n<\/ul>\n\n\n\n<p><\/p>\n\n\n\n<h2 class=\"wp-block-heading\">\u00bfCu\u00e1l es la situaci\u00f3n espa\u00f1ola frente al cambio clim\u00e1tico?<\/h2>\n\n\n\n<p>En Espa\u00f1a, seg\u00fan la AEMET (Agencia Estatal de Meteorolog\u00eda) los valores mostrados en los \u00faltimos a\u00f1os han sido alarmantes. Los niveles de lluvia del a\u00f1o hidrol\u00f3gico han descendido en promedio un 15% y se han registrado las temperaturas m\u00e1s calientes de todo el siglo XXI dando lugar a una sequ\u00eda. Sin embargo, no todo son malas noticias, en Espa\u00f1a existen empresas con un gran sentido de responsabilidad ambiental, como Ferrovial, que forman parte del Acuerdo de Par\u00eds \u2013primer acuerdo universal contra el cambio clim\u00e1tico\u2013 y trabajan en soluciones que respondan a retos como el cambio clim\u00e1tico, la gesti\u00f3n de la huella h\u00eddrica, la crisis energ\u00e9tica o la p\u00e9rdida de biodiversidad, con la finalidad de crear valor a largo plazo.<\/p>\n\n\n\n<p><br>Ferrovial, consciente de su responsabilidad en el proceso, ha asumido un firme compromiso con dos objetivos fundamentales:<\/p>\n\n\n\n<ul class=\"wp-block-list\">\n<li>La gesti\u00f3n responsable de los impactos ambientales que se producen en sus actividades, desde una perspectiva preventiva. <\/li>\n\n\n\n<li>Incluyendo el desarrollo de actuaciones para la reducci\u00f3n de emisiones de gases de efecto invernadero.<\/li>\n<\/ul>\n\n\n\n<p>El aprovechamiento de sus capacidades y conocimientos en el desarrollo de infraestructuras<br>para una econom\u00eda baja en emisiones.<\/p>\n\n\n\n<h2 class=\"wp-block-heading\"><br>Aspectos curiosos sobre el cambio clim\u00e1tico<\/h2>\n\n\n\n<ul class=\"wp-block-list\">\n<li> Desde la industrializaci\u00f3n llevada a cabo durante el siglo XX, la temperatura de nuestro planeta ha aumentado 0,6\u00b0C y el nivel del mar ha subido de 10 a 12 cent\u00edmetros.<\/li>\n\n\n\n<li>El sistema alimentario actual es injusto y no sostenible: 800 millones de personas sufren de hambre en todo el mundo, mientras que 2 000 millones de personas padecen sobrepeso.<\/li>\n\n\n\n<li>Seg\u00fan el Ministerio de Medio Ambiente, el 74% del suelo espa\u00f1ol est\u00e1 en proceso de desertizaci\u00f3n.<\/li>\n<\/ul>\n<\/div><\/m-wysiwig>\n\n\n    <m-projects-distributor2 :translations='{\n        &quot;prev&quot;:&quot;Anterior&quot;,\n        &quot;next&quot;:&quot;Siguiente&quot;,\n        &quot;paginationseparator&quot;:&quot;de&quot;\n    }'>\n                        <h2 slot=\"title\">\n                Nuestros proyectos destacados                <\/h2>\n                        <a slot='button' title='Conoce nuestros proyectos ' href='https:\/\/www.ferrovial.com\/es\/cintra\/proyectos\/'>\n            Conoce nuestros proyectos         <\/a>\n\n            <\/m-projects-distributor2>\n\n    ","protected":false},"excerpt":{"rendered":"","protected":false},"featured_media":0,"parent":133078,"menu_order":0,"comment_status":"closed","ping_status":"closed","template":"","meta":{"_acf_changed":false,"footnotes":""},"class_list":["post-197527","page","type-page","status-publish","hentry"],"acf":[],"yoast_head":"<!-- This site is optimized with the Yoast SEO plugin v27.2 - https:\/\/yoast.com\/product\/yoast-seo-wordpress\/ -->\n<title>Cambio clim\u00e1tico: qu\u00e9 es, causas y consecuencias - Ferrovial<\/title>\n<meta name=\"description\" content=\"\u00bfQu\u00e9 podemos hacer para luchar contra el cambio clim\u00e1tico? Muchas peque\u00f1as acciones provocan un gran cambio. Actualmente, gobiernos, empresas y ciudadanos se esfuerzan por...\" \/>\n<meta name=\"robots\" content=\"index, follow, max-snippet:-1, max-image-preview:large, max-video-preview:-1\" \/>\n<link rel=\"canonical\" href=\"https:\/\/www.ferrovial.com\/es\/recursos\/cambio-climatico\/\" \/>\n<meta property=\"og:locale\" content=\"es_ES\" \/>\n<meta property=\"og:type\" content=\"article\" \/>\n<meta property=\"og:title\" content=\"Cambio clim\u00e1tico: qu\u00e9 es, causas y consecuencias - Ferrovial\" \/>\n<meta property=\"og:description\" content=\"\u00bfQu\u00e9 podemos hacer para luchar contra el cambio clim\u00e1tico? Muchas peque\u00f1as acciones provocan un gran cambio. Actualmente, gobiernos, empresas y ciudadanos se esfuerzan por...\" \/>\n<meta property=\"og:url\" content=\"https:\/\/www.ferrovial.com\/es\/recursos\/cambio-climatico\/\" \/>\n<meta property=\"og:site_name\" content=\"Ferrovial\" \/>\n<meta property=\"article:publisher\" content=\"https:\/\/www.facebook.com\/ferrovial\" \/>\n<meta property=\"article:modified_time\" content=\"2024-02-23T13:10:11+00:00\" \/>\n<meta name=\"twitter:card\" content=\"summary_large_image\" \/>\n<meta name=\"twitter:site\" content=\"@ferrovial\" \/>\n<meta name=\"twitter:label1\" content=\"Est. reading time\" \/>\n\t<meta name=\"twitter:data1\" content=\"5 minutos\" \/>\n<!-- \/ Yoast SEO plugin. -->","yoast_head_json":{"title":"Cambio clim\u00e1tico: qu\u00e9 es, causas y consecuencias - Ferrovial","description":"\u00bfQu\u00e9 podemos hacer para luchar contra el cambio clim\u00e1tico? Muchas peque\u00f1as acciones provocan un gran cambio. Actualmente, gobiernos, empresas y ciudadanos se esfuerzan por...","robots":{"index":"index","follow":"follow","max-snippet":"max-snippet:-1","max-image-preview":"max-image-preview:large","max-video-preview":"max-video-preview:-1"},"canonical":"https:\/\/www.ferrovial.com\/es\/recursos\/cambio-climatico\/","og_locale":"es_ES","og_type":"article","og_title":"Cambio clim\u00e1tico: qu\u00e9 es, causas y consecuencias - Ferrovial","og_description":"\u00bfQu\u00e9 podemos hacer para luchar contra el cambio clim\u00e1tico? Muchas peque\u00f1as acciones provocan un gran cambio. Actualmente, gobiernos, empresas y ciudadanos se esfuerzan por...","og_url":"https:\/\/www.ferrovial.com\/es\/recursos\/cambio-climatico\/","og_site_name":"Ferrovial","article_publisher":"https:\/\/www.facebook.com\/ferrovial","article_modified_time":"2024-02-23T13:10:11+00:00","twitter_card":"summary_large_image","twitter_site":"@ferrovial","twitter_misc":{"Est. reading time":"5 minutos"},"schema":{"@context":"https:\/\/schema.org","@graph":[{"@type":"WebPage","@id":"https:\/\/www.ferrovial.com\/es\/recursos\/cambio-climatico\/","url":"https:\/\/www.ferrovial.com\/es\/recursos\/cambio-climatico\/","name":"Cambio clim\u00e1tico: qu\u00e9 es, causas y consecuencias - Ferrovial","isPartOf":{"@id":"https:\/\/www.ferrovial.com\/es\/#website"},"datePublished":"2021-07-01T15:03:54+00:00","dateModified":"2024-02-23T13:10:11+00:00","description":"\u00bfQu\u00e9 podemos hacer para luchar contra el cambio clim\u00e1tico? Muchas peque\u00f1as acciones provocan un gran cambio. Actualmente, gobiernos, empresas y ciudadanos se esfuerzan por...","breadcrumb":{"@id":"https:\/\/www.ferrovial.com\/es\/recursos\/cambio-climatico\/#breadcrumb"},"inLanguage":"es","potentialAction":[{"@type":"ReadAction","target":["https:\/\/www.ferrovial.com\/es\/recursos\/cambio-climatico\/"]}]},{"@type":"BreadcrumbList","@id":"https:\/\/www.ferrovial.com\/es\/recursos\/cambio-climatico\/#breadcrumb","itemListElement":[{"@type":"ListItem","position":1,"name":"Portada","item":"https:\/\/www.ferrovial.com\/es\/"},{"@type":"ListItem","position":2,"name":"Recursos","item":"https:\/\/www.ferrovial.com\/es\/recursos\/"},{"@type":"ListItem","position":3,"name":"Cambio clim\u00e1tico"}]},{"@type":"WebSite","@id":"https:\/\/www.ferrovial.com\/es\/#website","url":"https:\/\/www.ferrovial.com\/es\/","name":"Ferrovial","description":"Welcome to the Ferrovial&#039;s website, global operator of sustainable infrastructure. Here you can find all the information about the company and subsidiaries.","publisher":{"@id":"https:\/\/www.ferrovial.com\/es\/#organization"},"potentialAction":[{"@type":"SearchAction","target":{"@type":"EntryPoint","urlTemplate":"https:\/\/www.ferrovial.com\/es\/?s={search_term_string}"},"query-input":{"@type":"PropertyValueSpecification","valueRequired":true,"valueName":"search_term_string"}}],"inLanguage":"es"},{"@type":"Organization","@id":"https:\/\/www.ferrovial.com\/es\/#organization","name":"Ferrovial S.A.","url":"https:\/\/www.ferrovial.com\/es\/","logo":{"@type":"ImageObject","inLanguage":"es","@id":"https:\/\/www.ferrovial.com\/es\/#\/schema\/logo\/image\/","url":"https:\/\/static.ferrovial.com\/wp-content\/uploads\/2020\/01\/13124948\/logo-ferrovial-cf7.png","contentUrl":"https:\/\/static.ferrovial.com\/wp-content\/uploads\/2020\/01\/13124948\/logo-ferrovial-cf7.png","width":144,"height":32,"caption":"Ferrovial S.A."},"image":{"@id":"https:\/\/www.ferrovial.com\/es\/#\/schema\/logo\/image\/"},"sameAs":["https:\/\/www.facebook.com\/ferrovial","https:\/\/x.com\/ferrovial","https:\/\/www.instagram.com\/ferrovial\/","https:\/\/www.linkedin.com\/company\/ferrovial","https:\/\/www.pinterest.es\/ferrovial\/","https:\/\/www.youtube.com\/ferrovial","https:\/\/en.wikipedia.org\/wiki\/Ferrovial"]}]}},"_links":{"self":[{"href":"https:\/\/www.ferrovial.com\/es\/wp-json\/wp\/v2\/pages\/197527","targetHints":{"allow":["GET"]}}],"collection":[{"href":"https:\/\/www.ferrovial.com\/es\/wp-json\/wp\/v2\/pages"}],"about":[{"href":"https:\/\/www.ferrovial.com\/es\/wp-json\/wp\/v2\/types\/page"}],"replies":[{"embeddable":true,"href":"https:\/\/www.ferrovial.com\/es\/wp-json\/wp\/v2\/comments?post=197527"}],"version-history":[{"count":3,"href":"https:\/\/www.ferrovial.com\/es\/wp-json\/wp\/v2\/pages\/197527\/revisions"}],"predecessor-version":[{"id":276071,"href":"https:\/\/www.ferrovial.com\/es\/wp-json\/wp\/v2\/pages\/197527\/revisions\/276071"}],"up":[{"embeddable":true,"href":"https:\/\/www.ferrovial.com\/es\/wp-json\/wp\/v2\/pages\/133078"}],"wp:attachment":[{"href":"https:\/\/www.ferrovial.com\/es\/wp-json\/wp\/v2\/media?parent=197527"}],"curies":[{"name":"wp","href":"https:\/\/api.w.org\/{rel}","templated":true}]}}