{"id":197914,"date":"2021-07-12T13:51:31","date_gmt":"2021-07-12T11:51:31","guid":{"rendered":"https:\/\/www.ferrovial.com\/?page_id=197914"},"modified":"2022-09-22T18:57:52","modified_gmt":"2022-09-22T16:57:52","slug":"electricidad","status":"publish","type":"page","link":"https:\/\/www.ferrovial.com\/es\/recursos\/electricidad\/","title":{"rendered":"Electricidad"},"content":{"rendered":"    <m-final-content-header >\n            <c-breadcrumb label-text=\"Breadcrumb\" slot=\"breadcrumbs\" type='2' align='left' wrap='wrapped wrapped' aria-label='Vienes de Recursos'>\n                        <ol>\n\n                                                            <li><a href=\"https:\/\/www.ferrovial.com\/es\/\" title=\"Ferrovial\">Ferrovial<\/a><\/li>\n                                                                        <li><a href=\"https:\/\/www.ferrovial.com\/es\/recursos\/\" title=\"Recursos\">Recursos<\/a><\/li>\n                                    \n                <\/ol>\n\n                <\/c-breadcrumb>\n    \n        <div slot=\"header\">\n            <h1>\n                Electricidad            <\/h1>\n                    <\/div>\n    <\/m-final-content-header>\n\n    \n\n\n<p><script type=\"application\/ld+json\">\n{\n  \"@context\": \"https:\/\/schema.org\",\n  \"@type\": \"FAQPage\",\n  \"mainEntity\": [{\n    \"@type\": \"Question\",\n    \"name\": \"\u00bfQu\u00e9 es la electricidad?\",\n    \"acceptedAnswer\": {\n      \"@type\": \"Answer\",\n      \"text\": \"La electricidad es el conjunto de fen\u00f3menos f\u00edsicos relacionados con la presencia y flujo de cargas\nel\u00e9ctricas.\"\n    }\n  },{\n    \"@type\": \"Question\",\n    \"name\": \"\u00bfQui\u00e9n descubri\u00f3 la electricidad?\",\n    \"acceptedAnswer\": {\n      \"@type\": \"Answer\",\n      \"text\": \"Desde tiempos remotos, la humanidad ha intuido la presencia de la electricidad al observarla en la naturaleza. El fen\u00f3meno de la electricidad se ha estudiado desde la antig\u00fcedad, pero su estudio cient\u00edfico comenz\u00f3 en los siglos XVII y XVIII. A finales del siglo XIX, los ingenieros lograron\naprovecharla para uso dom\u00e9stico e industrial.\"\n    }\n  },{\n    \"@type\": \"Question\",\n    \"name\": \"\u00bfQu\u00e9 tipos de electricidad existen?\",\n    \"acceptedAnswer\": {\n      \"@type\": \"Answer\",\n      \"text\": \"'<ul>'\n   '<li>'Electricidad est\u00e1tica: Es aquella generada en torno a una carga en reposo o quietud, es decir, que no se desplaza ni fluye.'<\/li>'\n   '<li>'Electricidad din\u00e1mica: Es aquella generada en torno a una carga en movimiento, o sea, al flujo de una carga el\u00e9ctrica:\ncorriente el\u00e9ctrica. Esto requiere de una fuente de electricidad permanente que hace fluir los\nelectrones por el cuerpo de un material conductor.'<\/li>'\n'<\/ul>'\"\n    }\n  },{\n    \"@type\": \"Question\",\n    \"name\": \"\u00bfQu\u00e9 es la conductividad el\u00e9ctrica?\",\n    \"acceptedAnswer\": {\n      \"@type\": \"Answer\",\n      \"text\": \"La conductividad el\u00e9ctrica es la capacidad de la materia de permitir el paso de las cargas el\u00e9ctricas.\nEs una propiedad contraria a la resistividad.\"\n    }\n  },{\n    \"@type\": \"Question\",\n    \"name\": \"\u00bfCu\u00e1les son los materiales conductores de electricidad?\",\n    \"acceptedAnswer\": {\n      \"@type\": \"Answer\",\n      \"text\": \"'<ul>'\n   '<li>'Materiales conductores: permiten el tr\u00e1nsito de los electrones por su superficie una vez\nexpuestos a la electricidad.'<\/li>'\n   '<li>'Materiales diel\u00e9ctricos o aislantes: no permiten el paso de la electricidad, por eso se emplean\ncomo protectores y cubiertas de cables.'<\/li>'\n   '<li>'Materiales semiconductores: permiten el paso de la electricidad en ciertas condiciones (de\ntemperatura, presi\u00f3n, etc.), mientras que en otras act\u00faan como un aislante.'<\/li>'\n   '<li>'Materiales superconductores: permiten el paso de la electricidad sin incurrir en ning\u00fan desgaste ni p\u00e9rdida de carga, siempre y cuando se encuentren en determinadas condiciones de temperatura.'<\/li>'\n'<\/ul>'\"\n    }\n  },{\n    \"@type\": \"Question\",\n    \"name\": \"\u00bfQu\u00e9 referentes existen en el sector el\u00e9ctrico en Espa\u00f1a?\",\n    \"acceptedAnswer\": {\n      \"@type\": \"Answer\",\n      \"text\": \"la empresa Ferrovial cuenta con Power Infrastructure entre sus unidades de negocio. A trav\u00e9s de ella, proporcionan soluciones integrales para el desarrollo y la gesti\u00f3n de redes de\ntransmisi\u00f3n el\u00e9ctrica, a\u00f1adiendo valor a todo el ciclo de vida de la infraestructura y aprovechando las sinergias generadas con el resto de los negocios para dise\u00f1ar, construir, financiar, operar y mantener los activos.\"\n    }\n  }]\n}\n<\/script><\/p>\n\n\n\n<m-wysiwig class=\"wp-block-components-wysiwyg\"><div slot=\"maincontent\">\n<h2 class=\"wp-block-heading\">\u00bfQu\u00e9 es la electricidad?<\/h2>\n\n\n\n<p>La electricidad es el conjunto de fen\u00f3menos f\u00edsicos relacionados con la presencia y flujo de cargas <br>el\u00e9ctricas. Se manifiesta de muchas formas: los rayos, la est\u00e1tica, la inducci\u00f3n electromagn\u00e9tica o el flujo de corriente el\u00e9ctrica.<\/p>\n\n\n\n<h2 class=\"wp-block-heading\"><br>\u00bfQui\u00e9n descubri\u00f3 la electricidad?<\/h2>\n\n\n\n<p>Desde tiempos remotos, la humanidad ha intuido la presencia de la electricidad al observarla en la naturaleza. El fen\u00f3meno de la electricidad se ha estudiado desde la antig\u00fcedad, pero su estudio cient\u00edfico comenz\u00f3 en los siglos XVII y XVIII. A finales del siglo XIX, los ingenieros lograron<br>aprovecharla para uso dom\u00e9stico e industrial. La r\u00e1pida expansi\u00f3n de la tecnolog\u00eda el\u00e9ctrica la<br>convirti\u00f3 en la columna vertebral de la sociedad industrial moderna.<\/p>\n\n\n\n<h2 class=\"wp-block-heading\"><br>\u00bfQu\u00e9 tipos de electricidad existen?<\/h2>\n\n\n\n<p>Existen dos tipos fundamentales de electricidad.<br><strong>Electricidad est\u00e1tica:<\/strong><br>Es aquella generada en torno a una carga en reposo o quietud, es decir, que no se desplaza ni fluye.<br>Por ejemplo, cuando se frota un trozo de \u00e1mbar con una lana o un pa\u00f1o seco, se produce un<br>desbalance electr\u00f3nico en el \u00e1mbar que le confiere una carga el\u00e9ctrica. El roce hace que se<br>desplacen electrones del pa\u00f1o al \u00e1mbar; as\u00ed, el \u00e1mbar queda cargado negativamente y el pa\u00f1o<br>positivamente. Dicha carga reside en el \u00e1mbar hasta que se equilibra de alguna manera (con los<br>\u00e1tomos del aire o nuestro cuerpo, por ejemplo).<\/p>\n\n\n\n<p><br><strong>Electricidad din\u00e1mica:<\/strong><br>Es aquella generada en torno a una carga en movimiento, o sea, al flujo de una carga el\u00e9ctrica:<br>corriente el\u00e9ctrica. Esto requiere de una fuente de electricidad permanente que hace fluir los<br>electrones por el cuerpo de un material conductor.<\/p>\n\n\n\n<h2 class=\"wp-block-heading\"><br>\u00bfQu\u00e9 es la conductividad el\u00e9ctrica?<\/h2>\n\n\n\n<p>La conductividad el\u00e9ctrica es la capacidad de la materia de permitir el paso de las cargas el\u00e9ctricas.<br>Es una propiedad contraria a la resistividad.<\/p>\n\n\n\n<h2 class=\"wp-block-heading\">\u00bfCu\u00e1les son los materiales conductores de electricidad?<\/h2>\n\n\n\n<p> Dependiendo de su naturaleza, los materiales podr\u00e1n ser:<br><strong>Materiales conductores: <\/strong>permiten el tr\u00e1nsito de los electrones por su superficie una vez<br>expuestos a la electricidad. En este proceso se pierde parte de la carga el\u00e9ctrica y se genera calor. Los mejores conductores conocidos son los metales y algunas versiones del carbono, as\u00ed como<br>la mayor\u00eda de las sales.<\/p>\n\n\n\n<p><strong>Materiales diel\u00e9ctricos o aislantes: <\/strong>no permiten el paso de la electricidad, por eso se emplean<br>como protectores y cubiertas de cables. Ejemplos: vidrio, baquelita y pl\u00e1sticos.<\/p>\n\n\n\n<p><strong>Materiales semiconductores:<\/strong> permiten el paso de la electricidad en ciertas condiciones (de<br>temperatura, presi\u00f3n, etc.), mientras que en otras act\u00faan como un aislante. Ejemplos: silicio,<br>cadmio y germanio.<\/p>\n\n\n\n<p><strong>Materiales superconductores: <\/strong>permiten el paso de la electricidad sin incurrir en ning\u00fan desgaste ni p\u00e9rdida de carga, siempre y cuando se encuentren en determinadas condiciones de temperatura.<br>Ejemplo: esta\u00f1o y aluminio.<\/p>\n\n\n\n<h2 class=\"wp-block-heading\"><br>\u00bfQu\u00e9 referentes existen en el sector el\u00e9ctrico en Espa\u00f1a?<\/h2>\n\n\n\n<p>Varios informes de Eurostat (oficina estad\u00edstica europea) indican que Espa\u00f1a es uno de los pa\u00edses<br>europeos con la electricidad m\u00e1s cara.<br>La energ\u00eda el\u00e9ctrica media generada en Espa\u00f1a ha evolucionado en los \u00faltimos a\u00f1os. En 2001, un 56% de la energ\u00eda se generaba en centrales t\u00e9rmicas de combustibles f\u00f3siles (principalmente carb\u00f3n y fueloil). Ya en 2010 el 35% de las energ\u00edas eran renovables\u200b, y se crearon numerosas centrales de ciclo combinado (gas natural), que en 2009 cubrieron el 29% de la demanda.<br>Por su parte, la producci\u00f3n de energ\u00eda hidr\u00e1ulica es variable con los a\u00f1os (en funci\u00f3n de las<br>precipitaciones). Mientras tanto, la energ\u00eda e\u00f3lica en Espa\u00f1a cubr\u00eda el 7,7% de la demanda 2005, y en 2013 alcanz\u00f3 el 21,1%, convirti\u00e9ndose en la tecnolog\u00eda con mayor contribuci\u00f3n a la cobertura de la demanda, por encima incluso de la energ\u00eda nuclear. De hecho, las cinco centrales nucleares espa\u00f1olas han visto mermada progresivamente su participaci\u00f3n en la cobertura de la demanda.<br>Por su parte, la empresa Ferrovial cuenta con Power Infrastructure entre sus unidades de negocio. A trav\u00e9s de ella, proporcionan soluciones integrales para el desarrollo y la gesti\u00f3n de redes de<br>transmisi\u00f3n el\u00e9ctrica, a\u00f1adiendo valor a todo el ciclo de vida de la infraestructura y aprovechando las sinergias generadas con el resto de los negocios para dise\u00f1ar, construir, financiar, operar y mantener los activos.<\/p>\n\n\n\n<p><br>En la actualidad, los principales activos de transmisi\u00f3n el\u00e9ctrica de Power Infrastructure no se<br>encuentran en Europa. Son tres:<\/p>\n\n\n\n<ol class=\"wp-block-list\"><li>Transchile Charr\u00faa Transmisi\u00f3n: una l\u00ednea de doble circuito de 220kV de 204 kil\u00f3metros de<br>longitud y una capacidad de transmisi\u00f3n de 500 MVA por circuito. Pertenece al Sistema<br>Nacional de Transmisi\u00f3n de Chile, la columna vertebral del sistema el\u00e9ctrico. La l\u00ednea sirve a<br>m\u00e1s de 300.000 hogares en el sur del pa\u00eds.<\/li><li>Centella Transmisi\u00f3n: En julio de 2018, le fue adjudicada el 100% de una concesi\u00f3n para<br>construir y operar la l\u00ednea de transmisi\u00f3n Nueva Pan de Az\u00facar \u2013 Punta Sierra \u2013 Centella, de<br>aproximadamente 250 kil\u00f3metros (2 x 220 kV) situada al norte de Santiago de Chile, con una<br>capacidad nominal de 580 MVA por circuito.<\/li><li>Tap Mauro: en febrero de 2020, le fue adjudicada una concesi\u00f3n para la construcci\u00f3n,<br>operaci\u00f3n y mantenimiento de una l\u00ednea de transmisi\u00f3n de cuatro circuitos que tiene 3 km<br>por circuito. La fecha de operaci\u00f3n comercial est\u00e1 programada para 2023.<\/li><\/ol>\n\n\n\n<h2 class=\"wp-block-heading\">Aspectos curiosos sobre la electricidad<\/h2>\n\n\n\n<ul class=\"wp-block-list\"><li>Un rayo puede alcanzar hasta 10.000 millones de kilovatios (7.000 veces la potencia de una central nuclear). M\u00e1s del 75% de esta energ\u00eda se disipa en forma de calor, elevando la temperatura hasta 30.000 \u00b0C, seis veces la temperatura de la superficie solar.<\/li><li>La palabra electricidad viene del griego elektron, que significa \u00e1mbar.<\/li><li>La palabra voltio es un homenaje al f\u00edsico italiano Alessandro Volta (1745-1823), inventor de la pila el\u00e9ctrica (en 1800), entre otras cosas.<\/li><li>Hacia 1880 se produjo \u00abla guerra de las corrientes\u00bb, entre Nikola Tesla (propulsor de la corriente alterna) y Thomas Edison (propulsor de la corriente continua). La corriente alterna gan\u00f3 la guerra tecnol\u00f3gica y es la que hoy en d\u00eda utilizamos.<\/li><li>La ciudad inglesa de Godalming (Surrey) fue la primera en cambiar el alumbrado p\u00fablico de gas por uno alimentado por energ\u00eda el\u00e9ctrica en el a\u00f1o 1881.<\/li><li>La velocidad de la electricidad es muy parecida a la de la luz.<\/li><\/ul>\n<\/div><\/m-wysiwig>\n\n\n    <m-projects-distributor2 :translations='{\n        &quot;prev&quot;:&quot;Anterior&quot;,\n        &quot;next&quot;:&quot;Siguiente&quot;,\n        &quot;paginationseparator&quot;:&quot;de&quot;\n    }'>\n                        <h2 slot=\"title\">\n                Nuestros proyectos destacados                <\/h2>\n                        <a slot='button' title='Conoce nuestros proyectos ' href='https:\/\/www.ferrovial.com\/es\/cintra\/proyectos\/'>\n            Conoce nuestros proyectos         <\/a>\n\n            <\/m-projects-distributor2>\n\n    ","protected":false},"excerpt":{"rendered":"","protected":false},"featured_media":0,"parent":25267,"menu_order":0,"comment_status":"closed","ping_status":"closed","template":"","meta":{"_acf_changed":false,"footnotes":""},"class_list":["post-197914","page","type-page","status-publish","hentry"],"acf":[],"yoast_head":"<!-- This site is optimized with the Yoast SEO plugin v27.2 - https:\/\/yoast.com\/product\/yoast-seo-wordpress\/ -->\n<title>Electricidad: qu\u00e9 es, qui\u00e9n la descubri\u00f3, tipos y datos curiosos... - Ferrovial<\/title>\n<meta name=\"description\" content=\"La electricidad, conjunto de fen\u00f3menos f\u00edsicos relacionados con la presencia y flujo de cargas el\u00e9ctricas. Se manifiesta de muchas formas: los rayos, la est\u00e1tica...\" \/>\n<meta name=\"robots\" content=\"index, follow, max-snippet:-1, max-image-preview:large, max-video-preview:-1\" \/>\n<link rel=\"canonical\" href=\"https:\/\/www.ferrovial.com\/es\/recursos\/electricidad\/\" \/>\n<meta property=\"og:locale\" content=\"es_ES\" \/>\n<meta property=\"og:type\" content=\"article\" \/>\n<meta property=\"og:title\" content=\"Electricidad: qu\u00e9 es, qui\u00e9n la descubri\u00f3, tipos y datos curiosos... - Ferrovial\" \/>\n<meta property=\"og:description\" content=\"La electricidad, conjunto de fen\u00f3menos f\u00edsicos relacionados con la presencia y flujo de cargas el\u00e9ctricas. Se manifiesta de muchas formas: los rayos, la est\u00e1tica...\" \/>\n<meta property=\"og:url\" content=\"https:\/\/www.ferrovial.com\/es\/recursos\/electricidad\/\" \/>\n<meta property=\"og:site_name\" content=\"Ferrovial\" \/>\n<meta property=\"article:publisher\" content=\"https:\/\/www.facebook.com\/ferrovial\" \/>\n<meta property=\"article:modified_time\" content=\"2022-09-22T16:57:52+00:00\" \/>\n<meta name=\"twitter:card\" content=\"summary_large_image\" \/>\n<meta name=\"twitter:site\" content=\"@ferrovial\" \/>\n<meta name=\"twitter:label1\" content=\"Est. reading time\" \/>\n\t<meta name=\"twitter:data1\" content=\"7 minutos\" \/>\n<!-- \/ Yoast SEO plugin. -->","yoast_head_json":{"title":"Electricidad: qu\u00e9 es, qui\u00e9n la descubri\u00f3, tipos y datos curiosos... - Ferrovial","description":"La electricidad, conjunto de fen\u00f3menos f\u00edsicos relacionados con la presencia y flujo de cargas el\u00e9ctricas. Se manifiesta de muchas formas: los rayos, la est\u00e1tica...","robots":{"index":"index","follow":"follow","max-snippet":"max-snippet:-1","max-image-preview":"max-image-preview:large","max-video-preview":"max-video-preview:-1"},"canonical":"https:\/\/www.ferrovial.com\/es\/recursos\/electricidad\/","og_locale":"es_ES","og_type":"article","og_title":"Electricidad: qu\u00e9 es, qui\u00e9n la descubri\u00f3, tipos y datos curiosos... - Ferrovial","og_description":"La electricidad, conjunto de fen\u00f3menos f\u00edsicos relacionados con la presencia y flujo de cargas el\u00e9ctricas. Se manifiesta de muchas formas: los rayos, la est\u00e1tica...","og_url":"https:\/\/www.ferrovial.com\/es\/recursos\/electricidad\/","og_site_name":"Ferrovial","article_publisher":"https:\/\/www.facebook.com\/ferrovial","article_modified_time":"2022-09-22T16:57:52+00:00","twitter_card":"summary_large_image","twitter_site":"@ferrovial","twitter_misc":{"Est. reading time":"7 minutos"},"schema":{"@context":"https:\/\/schema.org","@graph":[{"@type":"WebPage","@id":"https:\/\/www.ferrovial.com\/es\/recursos\/electricidad\/","url":"https:\/\/www.ferrovial.com\/es\/recursos\/electricidad\/","name":"Electricidad: qu\u00e9 es, qui\u00e9n la descubri\u00f3, tipos y datos curiosos... - Ferrovial","isPartOf":{"@id":"https:\/\/www.ferrovial.com\/es\/#website"},"datePublished":"2021-07-12T11:51:31+00:00","dateModified":"2022-09-22T16:57:52+00:00","description":"La electricidad, conjunto de fen\u00f3menos f\u00edsicos relacionados con la presencia y flujo de cargas el\u00e9ctricas. Se manifiesta de muchas formas: los rayos, la est\u00e1tica...","breadcrumb":{"@id":"https:\/\/www.ferrovial.com\/es\/recursos\/electricidad\/#breadcrumb"},"inLanguage":"es","potentialAction":[{"@type":"ReadAction","target":["https:\/\/www.ferrovial.com\/es\/recursos\/electricidad\/"]}]},{"@type":"BreadcrumbList","@id":"https:\/\/www.ferrovial.com\/es\/recursos\/electricidad\/#breadcrumb","itemListElement":[{"@type":"ListItem","position":1,"name":"Portada","item":"https:\/\/www.ferrovial.com\/es\/"},{"@type":"ListItem","position":2,"name":"Recursos","item":"https:\/\/www.ferrovial.com\/es\/recursos\/"},{"@type":"ListItem","position":3,"name":"Electricidad"}]},{"@type":"WebSite","@id":"https:\/\/www.ferrovial.com\/es\/#website","url":"https:\/\/www.ferrovial.com\/es\/","name":"Ferrovial","description":"Welcome to the Ferrovial&#039;s website, global operator of sustainable infrastructure. Here you can find all the information about the company and subsidiaries.","publisher":{"@id":"https:\/\/www.ferrovial.com\/es\/#organization"},"potentialAction":[{"@type":"SearchAction","target":{"@type":"EntryPoint","urlTemplate":"https:\/\/www.ferrovial.com\/es\/?s={search_term_string}"},"query-input":{"@type":"PropertyValueSpecification","valueRequired":true,"valueName":"search_term_string"}}],"inLanguage":"es"},{"@type":"Organization","@id":"https:\/\/www.ferrovial.com\/es\/#organization","name":"Ferrovial S.A.","url":"https:\/\/www.ferrovial.com\/es\/","logo":{"@type":"ImageObject","inLanguage":"es","@id":"https:\/\/www.ferrovial.com\/es\/#\/schema\/logo\/image\/","url":"https:\/\/static.ferrovial.com\/wp-content\/uploads\/2020\/01\/13124948\/logo-ferrovial-cf7.png","contentUrl":"https:\/\/static.ferrovial.com\/wp-content\/uploads\/2020\/01\/13124948\/logo-ferrovial-cf7.png","width":144,"height":32,"caption":"Ferrovial S.A."},"image":{"@id":"https:\/\/www.ferrovial.com\/es\/#\/schema\/logo\/image\/"},"sameAs":["https:\/\/www.facebook.com\/ferrovial","https:\/\/x.com\/ferrovial","https:\/\/www.instagram.com\/ferrovial\/","https:\/\/www.linkedin.com\/company\/ferrovial","https:\/\/www.pinterest.es\/ferrovial\/","https:\/\/www.youtube.com\/ferrovial","https:\/\/en.wikipedia.org\/wiki\/Ferrovial"]}]}},"_links":{"self":[{"href":"https:\/\/www.ferrovial.com\/es\/wp-json\/wp\/v2\/pages\/197914","targetHints":{"allow":["GET"]}}],"collection":[{"href":"https:\/\/www.ferrovial.com\/es\/wp-json\/wp\/v2\/pages"}],"about":[{"href":"https:\/\/www.ferrovial.com\/es\/wp-json\/wp\/v2\/types\/page"}],"replies":[{"embeddable":true,"href":"https:\/\/www.ferrovial.com\/es\/wp-json\/wp\/v2\/comments?post=197914"}],"version-history":[{"count":2,"href":"https:\/\/www.ferrovial.com\/es\/wp-json\/wp\/v2\/pages\/197914\/revisions"}],"predecessor-version":[{"id":200747,"href":"https:\/\/www.ferrovial.com\/es\/wp-json\/wp\/v2\/pages\/197914\/revisions\/200747"}],"up":[{"embeddable":true,"href":"https:\/\/www.ferrovial.com\/es\/wp-json\/wp\/v2\/pages\/25267"}],"wp:attachment":[{"href":"https:\/\/www.ferrovial.com\/es\/wp-json\/wp\/v2\/media?parent=197914"}],"curies":[{"name":"wp","href":"https:\/\/api.w.org\/{rel}","templated":true}]}}