{"id":197943,"date":"2021-07-12T14:33:57","date_gmt":"2021-07-12T12:33:57","guid":{"rendered":"https:\/\/www.ferrovial.com\/?page_id=197943"},"modified":"2022-09-22T18:06:12","modified_gmt":"2022-09-22T16:06:12","slug":"energias-renovables","status":"publish","type":"page","link":"https:\/\/www.ferrovial.com\/es\/recursos\/energias-renovables\/","title":{"rendered":"Energ\u00edas renovables"},"content":{"rendered":"    <m-final-content-header >\n            <c-breadcrumb label-text=\"Breadcrumb\" slot=\"breadcrumbs\" type='2' align='left' wrap='wrapped wrapped' aria-label='Vienes de Recursos'>\n                        <ol>\n\n                                                            <li><a href=\"https:\/\/www.ferrovial.com\/es\/\" title=\"Ferrovial\">Ferrovial<\/a><\/li>\n                                                                        <li><a href=\"https:\/\/www.ferrovial.com\/es\/recursos\/\" title=\"Recursos\">Recursos<\/a><\/li>\n                                    \n                <\/ol>\n\n                <\/c-breadcrumb>\n    \n        <div slot=\"header\">\n            <h1>\n                Energ\u00edas Renovables            <\/h1>\n                    <\/div>\n    <\/m-final-content-header>\n\n    \n\n\n<p><script type=\"application\/ld+json\">\n{\n  \"@context\": \"https:\/\/schema.org\",\n  \"@type\": \"FAQPage\",\n  \"mainEntity\": [{\n    \"@type\": \"Question\",\n    \"name\": \"\u00bfQu\u00e9 son las energ\u00edas renovables?\",\n    \"acceptedAnswer\": {\n      \"@type\": \"Answer\",\n      \"text\": \"Se denomina energ\u00eda renovable a la energ\u00eda que se obtiene a partir de fuentes naturales y virtualmente inagotables, ya sea por la inmensa cantidad de energ\u00eda que contienen o porque son capaces de regenerarse de manera natural.\"\n    }\n  },{\n    \"@type\": \"Question\",\n    \"name\": \"\u00bfCu\u00e1les son los tipos de energ\u00edas renovables?\",\n    \"acceptedAnswer\": {\n      \"@type\": \"Answer\",\n      \"text\": \"Las fuentes renovables de energ\u00eda pueden ser no contaminantes (o limpias) o contaminantes. Entre las no contaminantes, o limpias, est\u00e1n:\n\nEnerg\u00eda azul: se produce con la llegada de masas de agua dulce a masas de agua salada.\nEnerg\u00eda e\u00f3lica: se consigue con el viento.\nEnerg\u00eda geot\u00e9rmica: producida con el calor de la Tierra.\nEnerg\u00eda hidr\u00e1ulica o hidroel\u00e9ctrica: aprovecha los r\u00edos y corrientes de agua dulce.\nEnerg\u00eda mareomotriz: generada por los mares y oc\u00e9anos.\nEnerg\u00eda solar: emana del sol.\nEnerg\u00eda undimotriz: se obtiene gracias a las olas.\"\n    }\n  },{\n    \"@type\": \"Question\",\n    \"name\": \"\u00bfCu\u00e1les son las ventajas de las energ\u00edas renovables?\",\n    \"acceptedAnswer\": {\n      \"@type\": \"Answer\",\n      \"text\": \"\u2022\tNo son contaminantes. \n\u2022\tNo generan residuos de larga duraci\u00f3n. \n\u2022\tPropician la estabilidad econ\u00f3mica. \n\u2022\tGeneran empleo. \n\u2022\tOfrecen seguridad. \n\u2022\tSon ilimitadas. \n\u2022\tCuentan con una opini\u00f3n p\u00fablica favorable.\"\n    }\n  },{\n    \"@type\": \"Question\",\n    \"name\": \"\u00bfTienen desventajas las energ\u00edas renovables?\",\n    \"acceptedAnswer\": {\n      \"@type\": \"Answer\",\n      \"text\": \"No pueden considerarse propiamente desventajas, pero las energ\u00edas renovables tienen algunos aspectos menos favorables, como estos:\n\u2022\tLa inversi\u00f3n inicial.\n\u2022\tLa disponibilidad inmediata. \n\u2022\tEl espacio necesario para la instalaci\u00f3n y desarrollo de los sistemas de generaci\u00f3n de energ\u00eda. \n\u2022\tSu naturaleza difusa.\"\n    }\n  },{\n    \"@type\": \"Question\",\n    \"name\": \"\u00bfCu\u00e1l es la situaci\u00f3n de energ\u00edas renovables en Espa\u00f1a?\",\n    \"acceptedAnswer\": {\n      \"@type\": \"Answer\",\n      \"text\": \"Analizando los datos por tecnolog\u00edas, Espa\u00f1a ocupa el quinto puesto en la energ\u00eda e\u00f3lica, mientras que est\u00e1 fuera de los primeros diez en energ\u00eda solar fotovoltaica. Gobierno y sector privado coinciden en desarrollar las energ\u00edas renovables sin excluir ninguna tecnolog\u00eda, y Ferrovial se mantiene firme en la empresa de aplicaci\u00f3n de las energ\u00edas renovables.\"\n    }\n  }]\n}\n<\/script><\/p>\n\n\n\n<m-wysiwig class=\"wp-block-components-wysiwyg\"><div slot=\"maincontent\">\n<h2 class=\"wp-block-heading\">\u00bfQu\u00e9 son las energ\u00edas renovables?&nbsp;<\/h2>\n\n\n\n<p>Se denomina energ\u00eda renovable a la energ\u00eda que se obtiene a partir de fuentes naturales y virtualmente inagotables, ya sea por la inmensa cantidad de energ\u00eda que contienen o porque son capaces de regenerarse de manera natural.<\/p>\n\n\n\n<h2 class=\"wp-block-heading\"><strong>\u00bfCu\u00e1les son los tipos de energ\u00edas renovables?<\/strong><\/h2>\n\n\n\n<p>Las fuentes renovables de energ\u00eda pueden ser no contaminantes (o limpias) o contaminantes. Entre las <strong>no contaminantes<\/strong>, o limpias, est\u00e1n:<\/p>\n\n\n\n<ul class=\"wp-block-list\"><li>Energ\u00eda azul: se produce con la llegada de masas de agua dulce a masas de agua salada.<\/li><li>Energ\u00eda e\u00f3lica: se consigue con el viento.<\/li><li>Energ\u00eda geot\u00e9rmica: producida con el calor de la Tierra.<\/li><li>Energ\u00eda hidr\u00e1ulica o hidroel\u00e9ctrica: aprovecha los r\u00edos y corrientes de agua dulce.<\/li><li>Energ\u00eda mareomotriz: generada por los mares y oc\u00e9anos.<\/li><li>Energ\u00eda solar: emana del sol.<\/li><li>Energ\u00eda undimotriz: se obtiene gracias a las olas.<\/li><\/ul>\n\n\n\n<p>Las <strong>contaminantes<\/strong> se obtienen a partir de la materia org\u00e1nica o biomasa (madera u otra materia vegetal s\u00f3lida). Se pueden convertir en combustible, como bioetanol o biog\u00e1s, mediante procesos de fermentaci\u00f3n org\u00e1nica, o en biodi\u00e9sel, mediante reacciones de transesterificaci\u00f3n.<\/p>\n\n\n\n<h2 class=\"wp-block-heading\">\u00bfCu\u00e1les son las ventajas de las energ\u00edas renovables?<\/h2>\n\n\n\n<ul class=\"wp-block-list\"><li>No son contaminantes. Son m\u00e1s respetuosas con el medio ambiente y representan la alternativa de energ\u00eda m\u00e1s limpia hasta el momento.<\/li><li>No generan residuos de larga duraci\u00f3n. Las energ\u00edas renovables son muy f\u00e1ciles de desmantelar y no requieren custodiar sus residuos durante millones de a\u00f1os, como ocurre con las energ\u00edas nucleares, por ejemplo.<\/li><li>Propician la estabilidad econ\u00f3mica. Las energ\u00edas renovables hacen que la zona en la que son instaladas sea m\u00e1s aut\u00f3noma, y esto es beneficioso tanto a nivel industrial como econ\u00f3mico.<\/li><li>Generan empleo. Teniendo en cuenta la proyecci\u00f3n de su demanda e implementaci\u00f3n, se prev\u00e9 que la generaci\u00f3n de empleo sea a\u00fan mayor en los pr\u00f3ximos a\u00f1os.<\/li><li>Ofrecen seguridad. Ni su generaci\u00f3n ni sus residuos contaminan o suponen un riesgo para la salud.<\/li><li>Son ilimitadas. Provienen de fuentes que son virtualmente inagotables, como el sol o el agua. Adem\u00e1s, sus distintos or\u00edgenes permiten su aplicaci\u00f3n en todo tipo de escenarios.<\/li><li>Cuentan con una opini\u00f3n p\u00fablica favorable. Puede parecer una ventaja menor, pero no es sencillo ni irrelevante tener a la ciudadan\u00eda a favor. En el caso de las energ\u00edas renovables, hay m\u00e1s voces a favor que en contra, lo que facilita que vayan llegando, poco a poco, a todo el mundo.&nbsp;<\/li><\/ul>\n\n\n\n<h2 class=\"wp-block-heading\">\u00bfTienen desventajas las energ\u00edas renovables?<\/h2>\n\n\n\n<p>No pueden considerarse propiamente desventajas, pero las energ\u00edas renovables tienen algunos aspectos menos favorables, como estos:<\/p>\n\n\n\n<ul class=\"wp-block-list\"><li>La inversi\u00f3n inicial. La rentabilidad econ\u00f3mica de las energ\u00edas renovables se ve a mediano y largo plazo, pero su implementaci\u00f3n requiere una inversi\u00f3n inicial considerable, por lo que resultan privativas para algunos sectores.<\/li><li>La disponibilidad inmediata. Debido al aumento de la demanda de energ\u00eda limpia y la a\u00fan escasa disponibilidad de oferta, a veces no se dispone de la energ\u00eda necesaria, y se debe esperar a que haya suficiente almacenamiento.<\/li><li>El espacio necesario para la instalaci\u00f3n y desarrollo de los sistemas de generaci\u00f3n de energ\u00eda. Dependiendo de la fuente que exploten, los sistemas necesitan de un gran espacio para poder generar y almacenar suficiente energ\u00eda. Es el caso, por ejemplo, de los paneles solares, de los que se necesita una cantidad).<\/li><li>Su naturaleza difusa. Precisamente por depender del paisaje, las energ\u00edas renovables son difusas y deben concentrarse para ser aprovechables. La excepci\u00f3n es la energ\u00eda geot\u00e9rmica, que ya se encuentra concentrada; sin embargo, solo es accesible donde la corteza terrestre es delgada, como en los g\u00e9iseres.<\/li><\/ul>\n\n\n\n<h2 class=\"wp-block-heading\">\u00bfCu\u00e1l es la situaci\u00f3n de energ\u00edas renovables en Espa\u00f1a?<\/h2>\n\n\n\n<p>En 2021, Espa\u00f1a se coloca como el octavo pa\u00eds del mundo con mayor capacidad renovable. Seg\u00fan los datos del anuario estad\u00edstico de la capacidad renovable que realiza la Agencia Internacional de Energ\u00eda Renovable (IRENA), Espa\u00f1a posee 59.108 MW de potencia instalada renovable.<\/p>\n\n\n\n<p>Analizando los datos por tecnolog\u00edas, Espa\u00f1a ocupa el quinto puesto en la energ\u00eda e\u00f3lica, mientras que est\u00e1 fuera de los primeros diez en energ\u00eda solar fotovoltaica. Gobierno y sector privado coinciden en desarrollar las energ\u00edas renovables sin excluir ninguna tecnolog\u00eda, y Ferrovial se mantiene firme en la empresa de aplicaci\u00f3n de las energ\u00edas renovables.<\/p>\n\n\n\n<p>El European Green New Deal, el programa Clean Energy Revolution o el retorno de EE. UU. al Acuerdo de Par\u00eds son solo algunos ejemplos del grado de compromiso pol\u00edtico a nivel mundial con la reducci\u00f3n de las emisiones de gases de efecto invernadero y la adopci\u00f3n de estrategias de energ\u00eda y clima.<\/p>\n\n\n\n<h2 class=\"wp-block-heading\">Aspectos curiosos sobre las energ\u00edas renovables<\/h2>\n\n\n\n<ul class=\"wp-block-list\"><li>Las fuentes renovables de energ\u00eda se emplean desde la antig\u00fcedad. En el 200 a. C., China y el Oriente Medio utilizaban molinos de viento para bombear agua y moler grano, y los antiguos romanos fueron los primeros en utilizar la energ\u00eda geot\u00e9rmica para calentar viviendas.&nbsp;<\/li><li>Hasta hace poco, las fuentes de energ\u00eda renovables eran las predominante, pero las escasas tecnolog\u00edas imped\u00edan su aprovechamiento optimal. Hace 150 a\u00f1os, la madera (una forma de biomasa), supl\u00eda aproximadamente el 90% de nuestras necesidades energ\u00e9ticas.<\/li><li>Albert Einstein es recordado por su trabajo sobre la relatividad y la gravedad, pero recibi\u00f3 el premio Nobel por su trabajo en el campo de las energ\u00edas renovables por el descubrimiento de la ley del efecto fotoel\u00e9ctrico.&nbsp;<\/li><li>Cada hora la superficie de la Tierra recibe suficiente energ\u00eda solar para satisfacer las necesidades mundiales de energ\u00eda durante todo un a\u00f1o.<\/li><\/ul>\n<\/div><\/m-wysiwig>\n\n\n    <m-projects-distributor2 :translations='{\n        &quot;prev&quot;:&quot;Anterior&quot;,\n        &quot;next&quot;:&quot;Siguiente&quot;,\n        &quot;paginationseparator&quot;:&quot;de&quot;\n    }'>\n                        <h2 slot=\"title\">\n                Nuestros proyectos destacados                <\/h2>\n                        <a slot='button' title='Conoce nuestros proyectos ' href='https:\/\/www.ferrovial.com\/es\/cintra\/proyectos\/'>\n            Conoce nuestros proyectos         <\/a>\n\n            <\/m-projects-distributor2>\n\n    ","protected":false},"excerpt":{"rendered":"","protected":false},"featured_media":0,"parent":25267,"menu_order":0,"comment_status":"closed","ping_status":"closed","template":"","meta":{"_acf_changed":false,"footnotes":""},"class_list":["post-197943","page","type-page","status-publish","hentry"],"acf":[],"yoast_head":"<!-- This site is optimized with the Yoast SEO plugin v27.2 - https:\/\/yoast.com\/product\/yoast-seo-wordpress\/ -->\n<title>Qu\u00e9 son las energ\u00edas renovables. Ventajas y Desventajas - Ferrovial<\/title>\n<meta name=\"description\" content=\"Energ\u00eda renovable es la que se obtiene a partir de fuentes naturales y virtualmente inagotables, por la inmensa cantidad de energ\u00eda que tienen o porque pueden regenerarse de manera natural.\" \/>\n<meta name=\"robots\" content=\"index, follow, max-snippet:-1, max-image-preview:large, max-video-preview:-1\" \/>\n<link rel=\"canonical\" href=\"https:\/\/www.ferrovial.com\/es\/recursos\/energias-renovables\/\" \/>\n<meta property=\"og:locale\" content=\"es_ES\" \/>\n<meta property=\"og:type\" content=\"article\" \/>\n<meta property=\"og:title\" content=\"Qu\u00e9 son las energ\u00edas renovables. Ventajas y Desventajas - Ferrovial\" \/>\n<meta property=\"og:description\" content=\"Energ\u00eda renovable es la que se obtiene a partir de fuentes naturales y virtualmente inagotables, por la inmensa cantidad de energ\u00eda que tienen o porque pueden regenerarse de manera natural.\" \/>\n<meta property=\"og:url\" content=\"https:\/\/www.ferrovial.com\/es\/recursos\/energias-renovables\/\" \/>\n<meta property=\"og:site_name\" content=\"Ferrovial\" \/>\n<meta property=\"article:publisher\" content=\"https:\/\/www.facebook.com\/ferrovial\" \/>\n<meta property=\"article:modified_time\" content=\"2022-09-22T16:06:12+00:00\" \/>\n<meta name=\"twitter:card\" content=\"summary_large_image\" \/>\n<meta name=\"twitter:site\" content=\"@ferrovial\" \/>\n<meta name=\"twitter:label1\" content=\"Est. reading time\" \/>\n\t<meta name=\"twitter:data1\" content=\"6 minutos\" \/>\n<!-- \/ Yoast SEO plugin. -->","yoast_head_json":{"title":"Qu\u00e9 son las energ\u00edas renovables. Ventajas y Desventajas - Ferrovial","description":"Energ\u00eda renovable es la que se obtiene a partir de fuentes naturales y virtualmente inagotables, por la inmensa cantidad de energ\u00eda que tienen o porque pueden regenerarse de manera natural.","robots":{"index":"index","follow":"follow","max-snippet":"max-snippet:-1","max-image-preview":"max-image-preview:large","max-video-preview":"max-video-preview:-1"},"canonical":"https:\/\/www.ferrovial.com\/es\/recursos\/energias-renovables\/","og_locale":"es_ES","og_type":"article","og_title":"Qu\u00e9 son las energ\u00edas renovables. Ventajas y Desventajas - Ferrovial","og_description":"Energ\u00eda renovable es la que se obtiene a partir de fuentes naturales y virtualmente inagotables, por la inmensa cantidad de energ\u00eda que tienen o porque pueden regenerarse de manera natural.","og_url":"https:\/\/www.ferrovial.com\/es\/recursos\/energias-renovables\/","og_site_name":"Ferrovial","article_publisher":"https:\/\/www.facebook.com\/ferrovial","article_modified_time":"2022-09-22T16:06:12+00:00","twitter_card":"summary_large_image","twitter_site":"@ferrovial","twitter_misc":{"Est. reading time":"6 minutos"},"schema":{"@context":"https:\/\/schema.org","@graph":[{"@type":"WebPage","@id":"https:\/\/www.ferrovial.com\/es\/recursos\/energias-renovables\/","url":"https:\/\/www.ferrovial.com\/es\/recursos\/energias-renovables\/","name":"Qu\u00e9 son las energ\u00edas renovables. Ventajas y Desventajas - Ferrovial","isPartOf":{"@id":"https:\/\/www.ferrovial.com\/es\/#website"},"datePublished":"2021-07-12T12:33:57+00:00","dateModified":"2022-09-22T16:06:12+00:00","description":"Energ\u00eda renovable es la que se obtiene a partir de fuentes naturales y virtualmente inagotables, por la inmensa cantidad de energ\u00eda que tienen o porque pueden regenerarse de manera natural.","breadcrumb":{"@id":"https:\/\/www.ferrovial.com\/es\/recursos\/energias-renovables\/#breadcrumb"},"inLanguage":"es","potentialAction":[{"@type":"ReadAction","target":["https:\/\/www.ferrovial.com\/es\/recursos\/energias-renovables\/"]}]},{"@type":"BreadcrumbList","@id":"https:\/\/www.ferrovial.com\/es\/recursos\/energias-renovables\/#breadcrumb","itemListElement":[{"@type":"ListItem","position":1,"name":"Portada","item":"https:\/\/www.ferrovial.com\/es\/"},{"@type":"ListItem","position":2,"name":"Recursos","item":"https:\/\/www.ferrovial.com\/es\/recursos\/"},{"@type":"ListItem","position":3,"name":"Energ\u00edas renovables"}]},{"@type":"WebSite","@id":"https:\/\/www.ferrovial.com\/es\/#website","url":"https:\/\/www.ferrovial.com\/es\/","name":"Ferrovial","description":"Welcome to the Ferrovial&#039;s website, global operator of sustainable infrastructure. Here you can find all the information about the company and subsidiaries.","publisher":{"@id":"https:\/\/www.ferrovial.com\/es\/#organization"},"potentialAction":[{"@type":"SearchAction","target":{"@type":"EntryPoint","urlTemplate":"https:\/\/www.ferrovial.com\/es\/?s={search_term_string}"},"query-input":{"@type":"PropertyValueSpecification","valueRequired":true,"valueName":"search_term_string"}}],"inLanguage":"es"},{"@type":"Organization","@id":"https:\/\/www.ferrovial.com\/es\/#organization","name":"Ferrovial S.A.","url":"https:\/\/www.ferrovial.com\/es\/","logo":{"@type":"ImageObject","inLanguage":"es","@id":"https:\/\/www.ferrovial.com\/es\/#\/schema\/logo\/image\/","url":"https:\/\/static.ferrovial.com\/wp-content\/uploads\/2020\/01\/13124948\/logo-ferrovial-cf7.png","contentUrl":"https:\/\/static.ferrovial.com\/wp-content\/uploads\/2020\/01\/13124948\/logo-ferrovial-cf7.png","width":144,"height":32,"caption":"Ferrovial S.A."},"image":{"@id":"https:\/\/www.ferrovial.com\/es\/#\/schema\/logo\/image\/"},"sameAs":["https:\/\/www.facebook.com\/ferrovial","https:\/\/x.com\/ferrovial","https:\/\/www.instagram.com\/ferrovial\/","https:\/\/www.linkedin.com\/company\/ferrovial","https:\/\/www.pinterest.es\/ferrovial\/","https:\/\/www.youtube.com\/ferrovial","https:\/\/en.wikipedia.org\/wiki\/Ferrovial"]}]}},"_links":{"self":[{"href":"https:\/\/www.ferrovial.com\/es\/wp-json\/wp\/v2\/pages\/197943","targetHints":{"allow":["GET"]}}],"collection":[{"href":"https:\/\/www.ferrovial.com\/es\/wp-json\/wp\/v2\/pages"}],"about":[{"href":"https:\/\/www.ferrovial.com\/es\/wp-json\/wp\/v2\/types\/page"}],"replies":[{"embeddable":true,"href":"https:\/\/www.ferrovial.com\/es\/wp-json\/wp\/v2\/comments?post=197943"}],"version-history":[{"count":3,"href":"https:\/\/www.ferrovial.com\/es\/wp-json\/wp\/v2\/pages\/197943\/revisions"}],"predecessor-version":[{"id":200235,"href":"https:\/\/www.ferrovial.com\/es\/wp-json\/wp\/v2\/pages\/197943\/revisions\/200235"}],"up":[{"embeddable":true,"href":"https:\/\/www.ferrovial.com\/es\/wp-json\/wp\/v2\/pages\/25267"}],"wp:attachment":[{"href":"https:\/\/www.ferrovial.com\/es\/wp-json\/wp\/v2\/media?parent=197943"}],"curies":[{"name":"wp","href":"https:\/\/api.w.org\/{rel}","templated":true}]}}