{"id":198009,"date":"2021-07-13T15:44:25","date_gmt":"2021-07-13T13:44:25","guid":{"rendered":"https:\/\/www.ferrovial.com\/?page_id=198009"},"modified":"2025-11-09T16:16:02","modified_gmt":"2025-11-09T15:16:02","slug":"movilidad","status":"publish","type":"page","link":"https:\/\/www.ferrovial.com\/es\/recursos\/movilidad\/","title":{"rendered":"Movilidad"},"content":{"rendered":"    <m-final-content-header >\n            <c-breadcrumb label-text=\"Breadcrumb\" slot=\"breadcrumbs\" type='2' align='left' wrap='wrapped wrapped' aria-label='Vienes de Recursos'>\n                        <ol>\n\n                                                            <li><a href=\"https:\/\/www.ferrovial.com\/es\/\" title=\"Ferrovial\">Ferrovial<\/a><\/li>\n                                                                        <li><a href=\"https:\/\/www.ferrovial.com\/es\/recursos\/\" title=\"Recursos\">Recursos<\/a><\/li>\n                                    \n                <\/ol>\n\n                <\/c-breadcrumb>\n    \n        <div slot=\"header\">\n            <h1>\n                Movilidad            <\/h1>\n                    <\/div>\n    <\/m-final-content-header>\n\n    \n\n\n<p><script type=\"application\/ld+json\">\n{\n  \"@context\": \"https:\/\/schema.org\",\n  \"@type\": \"FAQPage\",\n  \"mainEntity\": [{\n    \"@type\": \"Question\",\n    \"name\": \"\u00bfQu\u00e9 es la movilidad urbana?\",\n    \"acceptedAnswer\": {\n      \"@type\": \"Answer\",\n      \"text\": \"La movilidad urbana es el conjunto de desplazamientos, tanto de personas como de mercanc\u00edas, que se producen en una ciudad, bien sea en transporte p\u00fablico o privado.\"\n    }\n  },{\n    \"@type\": \"Question\",\n    \"name\": \"\u00bfCu\u00e1les son los tipos de movilidad urbana?\",\n    \"acceptedAnswer\": {\n      \"@type\": \"Answer\",\n      \"text\": \"Los movimientos que se realizan en las ciudades pueden ser no motorizados (como el peatonal, en bicicleta, patinete, patines, etc.) o motorizados (en moto, coche, furgoneta, tr\u00e1iler, autob\u00fas, tranv\u00eda, metro, etc.), y suelen componer un entramado complejo.\"\n    }\n  },{\n    \"@type\": \"Question\",\n    \"name\": \"\u00bfQu\u00e9 son los proyectos de movilidad urbana?\",\n    \"acceptedAnswer\": {\n      \"@type\": \"Answer\",\n      \"text\": \"Los planes de movilidad urbana buscan una movilidad m\u00e1s sostenible, centr\u00e1ndose en la protecci\u00f3n del medio ambiente y la calidad de vida. Las plataformas de gesti\u00f3n de tr\u00e1fico, las aplicaciones de movilidad, la introducci\u00f3n de nuevos veh\u00edculos inteligentes y sostenibles -el\u00e9ctricos, h\u00edbridos, conectados, aut\u00f3nomos, etc.- son algunos de los medios de una ciudad inteligente para elaborar un plan de movilidad urbana eficiente.\"\n    }\n  }]\n}\n<\/script><\/p>\n\n\n\n<m-wysiwig class=\"wp-block-components-wysiwyg\"><div slot=\"maincontent\">\n<h2 class=\"wp-block-heading\">\u00bfQu\u00e9 es la movilidad urbana?&nbsp;<\/h2>\n\n\n\n<p>La movilidad urbana es el conjunto de desplazamientos, tanto de personas como de mercanc\u00edas, que se producen en una ciudad, bien sea en transporte p\u00fablico o privado.<\/p>\n\n\n\n<h2 class=\"wp-block-heading\">\u00bfCu\u00e1les son los tipos de movilidad urbana?<\/h2>\n\n\n\n<p>Los movimientos que se realizan en las ciudades pueden ser no motorizados (como el peatonal, en bicicleta, patinete, patines, etc.) o motorizados (en moto, coche, furgoneta, tr\u00e1iler, autob\u00fas, tranv\u00eda, metro, etc.), y suelen componer un entramado complejo. Los modos de transporte m\u00e1s comunes son:<\/p>\n\n\n\n<p><strong>Peatonal: <\/strong>se utiliza principalmente para trayectos cortos y su popularidad est\u00e1 condicionada por el tama\u00f1o de la ciudad. En las \u00faltimas d\u00e9cadas, este modo de transporte se ha visto cada vez m\u00e1s desplazado por la p\u00e9rdida de espacio p\u00fablico en favor de las infraestructuras y la circulaci\u00f3n en coche, pero en los \u00faltimos a\u00f1os hay un regreso a la peatonalizaci\u00f3n urbana por razones ambientales y de calidad de vida.<\/p>\n\n\n\n<p><strong>Veh\u00edculo privado (coche o moto): <\/strong>desde su aparici\u00f3n, el coche ha sido un s\u00edmbolo de status, autonom\u00eda y comodidad, pero con el tiempo se ha ido convirtiendo en uno de los principales contaminantes sonoros y del aire, as\u00ed como en el responsable de los problemas de circulaci\u00f3n urbana.&nbsp;<\/p>\n\n\n\n<p>Este modo de transporte ha implicado importantes cambios a nivel social, econ\u00f3mico y morfol\u00f3gico en las ciudades.<\/p>\n\n\n\n<p><strong>El transporte colectivo<\/strong>: pueden ser p\u00fablicos o privados y su posibilidad de implementaci\u00f3n depende de las caracter\u00edsticas de la ciudad. Generalmente, son tres:<\/p>\n\n\n\n<ol class=\"wp-block-list\">\n<li><strong>Autob\u00fas<\/strong>: es el modo de transporte de menor capacidad y velocidad. Suele usarse para trayectos cortos, a menudo para acercarse a medios con mayor velocidad o de estos a zonas residenciales no tan concurridas.<\/li>\n\n\n\n<li><strong>Metro<\/strong>: se considera como el m\u00e1s eficiente porque no ocupa superficie terrestre (usualmente es subterr\u00e1neo), puede transportar a gran cantidad de gente a la vez, no depende del volumen de tr\u00e1fico de otros medios de transporte ni se ve afectado por las condiciones atmosf\u00e9ricas.<\/li>\n\n\n\n<li><strong>Ferrocarril<\/strong>: su desarrollo se debe a los fuertes procesos de suburbanizaci\u00f3n en las periferias metropolitanas.<\/li>\n<\/ol>\n\n\n\n<h2 class=\"wp-block-heading\">\u00bfQu\u00e9 son los proyectos de movilidad urbana?<\/h2>\n\n\n\n<p>Los planes de movilidad urbana pretenden fomentar un transporte m\u00e1s sostenible, seguro, competitivo y universal. Se han desarrollado para responder a las necesidades de desplazamiento en las grandes ciudades y sus principales retos son la contaminaci\u00f3n medioambiental y la optimizaci\u00f3n del tiempo que la ciudadan\u00eda en sus desplazamientos diarios.<\/p>\n\n\n\n<p>Los planes de movilidad urbana buscan una movilidad m\u00e1s sostenible, centr\u00e1ndose en la protecci\u00f3n del medio ambiente y la calidad de vida. Las plataformas de gesti\u00f3n de tr\u00e1fico, las aplicaciones de movilidad, la introducci\u00f3n de nuevos veh\u00edculos inteligentes y sostenibles -el\u00e9ctricos, h\u00edbridos, conectados, aut\u00f3nomos, etc.- son algunos de los medios de una ciudad inteligente para elaborar un plan de movilidad urbana eficiente.<\/p>\n\n\n\n<p>Un plan de movilidad urbana sostenible usualmente se desarrolla en cuatro fases diferenciadas: diagn\u00f3stico de la situaci\u00f3n actual, establecimiento de los objetivos, dise\u00f1o de medidas orientadas al logro de los objetivos y establecimiento de los indicadores para el seguimiento de las medidas.<\/p>\n\n\n\n<p>Algunas de las medidas frecuentes para mejorar la movilidad urbana son la desincentivaci\u00f3n del transporte privado, la potenciaci\u00f3n del transporte p\u00fablico, la gesti\u00f3n eficaz del tr\u00e1fico y la potenciaci\u00f3n de modos alternativos de transporte. Otras medidas pueden centrarse en el ahorro energ\u00e9tico promoviendo, por ejemplo, mejoras en los veh\u00edculos de transporte colectivo y privado o la conducci\u00f3n eficiente.\u00a0<\/p>\n\n\n\n<h2 class=\"wp-block-heading\">Aspectos curiosos sobre la movilidad urbana<\/h2>\n\n\n\n<ul class=\"wp-block-list\">\n<li>Blaise Pascal, el matem\u00e1tico inventor de la primera calculadora de la historia, cre\u00f3 el sistema precursor del transporte colectivo.&nbsp;<\/li>\n\n\n\n<li>El \u00cdndice de Movilidad Urbana evalu\u00f3 84 grandes ciudades del mundo seg\u00fan una escala del 0 al 100. La valoraci\u00f3n promedio fue de 43,9 puntos. La ciudad con mayor puntuaci\u00f3n fue Hong Kong, con 58,2 puntos (bastante lejos de los 100 puntos de buen desempe\u00f1o).<\/li>\n\n\n\n<li>En las principales ciudades de Espa\u00f1a, el tiempo medio de desplazamiento en d\u00eda laborable ronda entre los 70 y los 100 minutos.<\/li>\n<\/ul>\n<\/div><\/m-wysiwig>\n\n\n    <m-projects-distributor2 :translations='{\n        &quot;prev&quot;:&quot;Anterior&quot;,\n        &quot;next&quot;:&quot;Siguiente&quot;,\n        &quot;paginationseparator&quot;:&quot;de&quot;\n    }'>\n                        <h2 slot=\"title\">\n                Nuestros proyectos destacados                <\/h2>\n                        <a slot='button' title='Conoce nuestros proyectos ' href='https:\/\/www.ferrovial.com\/es\/cintra\/proyectos\/'>\n            Conoce nuestros proyectos         <\/a>\n\n            <\/m-projects-distributor2>\n\n    ","protected":false},"excerpt":{"rendered":"","protected":false},"featured_media":0,"parent":25267,"menu_order":0,"comment_status":"closed","ping_status":"closed","template":"","meta":{"_acf_changed":false,"footnotes":""},"class_list":["post-198009","page","type-page","status-publish","hentry"],"acf":[],"yoast_head":"<!-- This site is optimized with the Yoast SEO plugin v27.2 - https:\/\/yoast.com\/product\/yoast-seo-wordpress\/ -->\n<title>Movilidad urbana: qu\u00e9 es, tipos y proyectos - Ferrovial<\/title>\n<meta name=\"description\" content=\"Los proyectos de movilidad urbana buscan una movilidad m\u00e1s sostenible, centr\u00e1ndose en la protecci\u00f3n del medio ambiente y la calidad de vida. Saber m\u00e1s.\" \/>\n<meta name=\"robots\" content=\"index, follow, max-snippet:-1, max-image-preview:large, max-video-preview:-1\" \/>\n<link rel=\"canonical\" href=\"https:\/\/www.ferrovial.com\/es\/recursos\/movilidad\/\" \/>\n<meta property=\"og:locale\" content=\"es_ES\" \/>\n<meta property=\"og:type\" content=\"article\" \/>\n<meta property=\"og:title\" content=\"Movilidad urbana: qu\u00e9 es, tipos y proyectos - Ferrovial\" \/>\n<meta property=\"og:description\" content=\"Los proyectos de movilidad urbana buscan una movilidad m\u00e1s sostenible, centr\u00e1ndose en la protecci\u00f3n del medio ambiente y la calidad de vida. Saber m\u00e1s.\" \/>\n<meta property=\"og:url\" content=\"https:\/\/www.ferrovial.com\/es\/recursos\/movilidad\/\" \/>\n<meta property=\"og:site_name\" content=\"Ferrovial\" \/>\n<meta property=\"article:publisher\" content=\"https:\/\/www.facebook.com\/ferrovial\" \/>\n<meta property=\"article:modified_time\" content=\"2025-11-09T15:16:02+00:00\" \/>\n<meta name=\"twitter:card\" content=\"summary_large_image\" \/>\n<meta name=\"twitter:site\" content=\"@ferrovial\" \/>\n<meta name=\"twitter:label1\" content=\"Est. reading time\" \/>\n\t<meta name=\"twitter:data1\" content=\"3 minutos\" \/>\n<!-- \/ Yoast SEO plugin. -->","yoast_head_json":{"title":"Movilidad urbana: qu\u00e9 es, tipos y proyectos - Ferrovial","description":"Los proyectos de movilidad urbana buscan una movilidad m\u00e1s sostenible, centr\u00e1ndose en la protecci\u00f3n del medio ambiente y la calidad de vida. Saber m\u00e1s.","robots":{"index":"index","follow":"follow","max-snippet":"max-snippet:-1","max-image-preview":"max-image-preview:large","max-video-preview":"max-video-preview:-1"},"canonical":"https:\/\/www.ferrovial.com\/es\/recursos\/movilidad\/","og_locale":"es_ES","og_type":"article","og_title":"Movilidad urbana: qu\u00e9 es, tipos y proyectos - Ferrovial","og_description":"Los proyectos de movilidad urbana buscan una movilidad m\u00e1s sostenible, centr\u00e1ndose en la protecci\u00f3n del medio ambiente y la calidad de vida. Saber m\u00e1s.","og_url":"https:\/\/www.ferrovial.com\/es\/recursos\/movilidad\/","og_site_name":"Ferrovial","article_publisher":"https:\/\/www.facebook.com\/ferrovial","article_modified_time":"2025-11-09T15:16:02+00:00","twitter_card":"summary_large_image","twitter_site":"@ferrovial","twitter_misc":{"Est. reading time":"3 minutos"},"schema":{"@context":"https:\/\/schema.org","@graph":[{"@type":"WebPage","@id":"https:\/\/www.ferrovial.com\/es\/recursos\/movilidad\/","url":"https:\/\/www.ferrovial.com\/es\/recursos\/movilidad\/","name":"Movilidad urbana: qu\u00e9 es, tipos y proyectos - Ferrovial","isPartOf":{"@id":"https:\/\/www.ferrovial.com\/es\/#website"},"datePublished":"2021-07-13T13:44:25+00:00","dateModified":"2025-11-09T15:16:02+00:00","description":"Los proyectos de movilidad urbana buscan una movilidad m\u00e1s sostenible, centr\u00e1ndose en la protecci\u00f3n del medio ambiente y la calidad de vida. Saber m\u00e1s.","breadcrumb":{"@id":"https:\/\/www.ferrovial.com\/es\/recursos\/movilidad\/#breadcrumb"},"inLanguage":"es","potentialAction":[{"@type":"ReadAction","target":["https:\/\/www.ferrovial.com\/es\/recursos\/movilidad\/"]}]},{"@type":"BreadcrumbList","@id":"https:\/\/www.ferrovial.com\/es\/recursos\/movilidad\/#breadcrumb","itemListElement":[{"@type":"ListItem","position":1,"name":"Portada","item":"https:\/\/www.ferrovial.com\/es\/"},{"@type":"ListItem","position":2,"name":"Recursos","item":"https:\/\/www.ferrovial.com\/es\/recursos\/"},{"@type":"ListItem","position":3,"name":"Movilidad"}]},{"@type":"WebSite","@id":"https:\/\/www.ferrovial.com\/es\/#website","url":"https:\/\/www.ferrovial.com\/es\/","name":"Ferrovial","description":"Welcome to the Ferrovial&#039;s website, global operator of sustainable infrastructure. Here you can find all the information about the company and subsidiaries.","publisher":{"@id":"https:\/\/www.ferrovial.com\/es\/#organization"},"potentialAction":[{"@type":"SearchAction","target":{"@type":"EntryPoint","urlTemplate":"https:\/\/www.ferrovial.com\/es\/?s={search_term_string}"},"query-input":{"@type":"PropertyValueSpecification","valueRequired":true,"valueName":"search_term_string"}}],"inLanguage":"es"},{"@type":"Organization","@id":"https:\/\/www.ferrovial.com\/es\/#organization","name":"Ferrovial S.A.","url":"https:\/\/www.ferrovial.com\/es\/","logo":{"@type":"ImageObject","inLanguage":"es","@id":"https:\/\/www.ferrovial.com\/es\/#\/schema\/logo\/image\/","url":"https:\/\/static.ferrovial.com\/wp-content\/uploads\/2020\/01\/13124948\/logo-ferrovial-cf7.png","contentUrl":"https:\/\/static.ferrovial.com\/wp-content\/uploads\/2020\/01\/13124948\/logo-ferrovial-cf7.png","width":144,"height":32,"caption":"Ferrovial S.A."},"image":{"@id":"https:\/\/www.ferrovial.com\/es\/#\/schema\/logo\/image\/"},"sameAs":["https:\/\/www.facebook.com\/ferrovial","https:\/\/x.com\/ferrovial","https:\/\/www.instagram.com\/ferrovial\/","https:\/\/www.linkedin.com\/company\/ferrovial","https:\/\/www.pinterest.es\/ferrovial\/","https:\/\/www.youtube.com\/ferrovial","https:\/\/en.wikipedia.org\/wiki\/Ferrovial"]}]}},"_links":{"self":[{"href":"https:\/\/www.ferrovial.com\/es\/wp-json\/wp\/v2\/pages\/198009","targetHints":{"allow":["GET"]}}],"collection":[{"href":"https:\/\/www.ferrovial.com\/es\/wp-json\/wp\/v2\/pages"}],"about":[{"href":"https:\/\/www.ferrovial.com\/es\/wp-json\/wp\/v2\/types\/page"}],"replies":[{"embeddable":true,"href":"https:\/\/www.ferrovial.com\/es\/wp-json\/wp\/v2\/comments?post=198009"}],"version-history":[{"count":3,"href":"https:\/\/www.ferrovial.com\/es\/wp-json\/wp\/v2\/pages\/198009\/revisions"}],"predecessor-version":[{"id":317136,"href":"https:\/\/www.ferrovial.com\/es\/wp-json\/wp\/v2\/pages\/198009\/revisions\/317136"}],"up":[{"embeddable":true,"href":"https:\/\/www.ferrovial.com\/es\/wp-json\/wp\/v2\/pages\/25267"}],"wp:attachment":[{"href":"https:\/\/www.ferrovial.com\/es\/wp-json\/wp\/v2\/media?parent=198009"}],"curies":[{"name":"wp","href":"https:\/\/api.w.org\/{rel}","templated":true}]}}