{"id":198035,"date":"2021-07-13T16:51:36","date_gmt":"2021-07-13T14:51:36","guid":{"rendered":"https:\/\/www.ferrovial.com\/?page_id=198035"},"modified":"2022-09-23T07:57:52","modified_gmt":"2022-09-23T05:57:52","slug":"ong","status":"publish","type":"page","link":"https:\/\/www.ferrovial.com\/es\/recursos\/ong\/","title":{"rendered":"ONG"},"content":{"rendered":"    <m-final-content-header >\n            <c-breadcrumb label-text=\"Breadcrumb\" slot=\"breadcrumbs\" type='2' align='left' wrap='wrapped wrapped' aria-label='Vienes de Recursos'>\n                        <ol>\n\n                                                            <li><a href=\"https:\/\/www.ferrovial.com\/es\/\" title=\"Ferrovial\">Ferrovial<\/a><\/li>\n                                                                        <li><a href=\"https:\/\/www.ferrovial.com\/es\/recursos\/\" title=\"Recursos\">Recursos<\/a><\/li>\n                                    \n                <\/ol>\n\n                <\/c-breadcrumb>\n    \n        <div slot=\"header\">\n            <h1>\n                ONG            <\/h1>\n                    <\/div>\n    <\/m-final-content-header>\n\n    \n\n\n<m-wysiwig class=\"wp-block-components-wysiwyg\"><div slot=\"maincontent\">\n<h2 class=\"wp-block-heading\">\u00bfQu\u00e9 es una ONG?&nbsp;<\/h2>\n\n\n\n<p><script type=\"application\/ld+json\">\n{\n  \"@context\": \"https:\/\/schema.org\",\n  \"@type\": \"FAQPage\",\n  \"mainEntity\": [{\n    \"@type\": \"Question\",\n    \"name\": \"\u00bfQu\u00e9 es una ONG?\",\n    \"acceptedAnswer\": {\n      \"@type\": \"Answer\",\n      \"text\": \"El acr\u00f3nimo ONG significa Organizaci\u00f3n No Gubernamental.  Aunque,  en sentido estricto, cualquier organizaci\u00f3n privada es una organizaci\u00f3n no gubernamental, el t\u00e9rmino ONG,\u200b u oeneg\u00e9,\u200b se utiliza para identificar a organizaciones cuyo objetivo fundamental es social, pero no est\u00e1n asociadas a ning\u00fan gobierno.\"\n    }\n  },{\n    \"@type\": \"Question\",\n    \"name\": \"\u00bfCu\u00e1l es el origen del t\u00e9rmino ONG?\",\n    \"acceptedAnswer\": {\n      \"@type\": \"Answer\",\n      \"text\": \"Los primeros usos del t\u00e9rmino ONG datan de 1945, a\u00f1o en que se cre\u00f3 la Organizaci\u00f3n de las Naciones Unidas (ONU). La ONU \u2014que, por su parte, es una organizaci\u00f3n intergubernamental\u2014 incluy\u00f3 como observadoras en sus asambleas a ciertas agencias especializadas; es decir, a organizaciones no gubernamentales.\"\n    }\n  },{\n    \"@type\": \"Question\",\n    \"name\": \"\u00bfC\u00f3mo se clasifican las ONG?\",\n    \"acceptedAnswer\": {\n      \"@type\": \"Answer\",\n      \"text\": \"Las ONG son dif\u00edciles de definir y clasificar porque el t\u00e9rmino se usa de forma consecuente en todas las regiones y \u00e1mbitos. Por ejemplo, en algunos pa\u00edses, el t\u00e9rmino ONG se aplica a organizaciones que en otros pa\u00edses se llamar\u00edan ONL (organizaci\u00f3n sin \u00e1nimo de lucro), y viceversa. En consecuencia, las clasificaciones suelen referirse a sus \u00e1mbitos de operaciones, como: regional o internacional, ambiental, social, etc.\"\n    }\n  },{\n    \"@type\": \"Question\",\n    \"name\": \"\u00bfC\u00f3mo se conforma una ONG?\",\n    \"acceptedAnswer\": {\n      \"@type\": \"Answer\",\n      \"text\": \"Las ONG son una forma de asociaci\u00f3n civil. Por lo general, se conforman y encuentran a cargo de ciudadanos comunes que comparten una visi\u00f3n y misi\u00f3n. Las ONG pueden obtener financiamiento estatal, de otras ONG o de particulares y empresas. Con el fin de mantener su autonom\u00eda de gesti\u00f3n e imparcialidad, algunas ONG evitan la financiaci\u00f3n oficial y trabajan con donaciones y voluntarios.\"\n    }\n  },{\n    \"@type\": \"Question\",\n    \"name\": \"\u00bfC\u00f3mo crear una ONG en Espa\u00f1a?\",\n    \"acceptedAnswer\": {\n      \"@type\": \"Answer\",\n      \"text\": \"Para crear una ONG en Espa\u00f1a es necesario:\n\n<ol>\n<li>Definir un ideario.<\/li>\n<li>Redactar los estatutos<\/li>\n<li>Elegir un nombre<\/li>\n<li>Encontrar una sede<\/li>\n<li>Determinar su \u00e1mbito de actuaci\u00f3n<\/li>\n<li>Definir su finalidad<\/li>\n<li>Describir las actividades que va a llevar a cabo para lograr sus objetivos<\/li>\n<li>Establecer qui\u00e9nes son los miembros fundadores y cu\u00e1l es su rol<\/li>\n<li>Indicar c\u00f3mo se va a financiar<\/li>\n<li>Determinar c\u00f3mo se van a tomar las decisiones<\/li>\n<li>Elegir la forma jur\u00eddica de la ONG<\/li>\n<li>Redactar el acta fundacional<\/li>\n<li>Inscribir la ONG en el registro<\/li>\n<li>Solicitar un NIF<\/li>\n<li>Solicitar el alta en la Seguridad Social para contratar trabajadores<\/li>\n\n<\/ol>\"\n    }\n  },{\n    \"@type\": \"Question\",\n    \"name\": \"\u00bfCu\u00e1les son las ONG m\u00e1s grandes de Espa\u00f1a?\",\n    \"acceptedAnswer\": {\n      \"@type\": \"Answer\",\n      \"text\": \"<ul>\n<li>Unicef<\/li>\n<li>M\u00e9dicos sin fronteras<\/li>\n<li>Cruz Roja<\/li>\n<li>Acnur<\/li>\n<li>WWF Espa\u00f1a<\/li>\n<li>Save The Children<\/li>\n<li>Oxfam Espa\u00f1a<\/li>\n<li>Amnist\u00eda Espa\u00f1a<\/li>\n<li>Greenpeace Espa\u00f1a<\/li>\n<li>Adra<\/li>\n<\/ul>\"\n    }\n  }]\n}\n<\/script><p>El acr\u00f3nimo ONG significa Organizaci\u00f3n No Gubernamental.&nbsp; Aunque,&nbsp; en sentido estricto, cualquier organizaci\u00f3n privada es una organizaci\u00f3n no gubernamental, el t\u00e9rmino ONG,\u200b u <em>oeneg\u00e9<\/em>,\u200b se utiliza para identificar a organizaciones cuyo objetivo fundamental es social, pero no est\u00e1n asociadas a ning\u00fan gobierno.<\/p><\/p>\n\n\n\n<h2 class=\"wp-block-heading\">\u00bfCu\u00e1l es el origen del t\u00e9rmino ONG?&nbsp;<\/h2>\n\n\n\n<p>Los primeros usos del t\u00e9rmino ONG datan de 1945, a\u00f1o en que se cre\u00f3 la Organizaci\u00f3n de las Naciones Unidas (ONU). La ONU \u2014que, por su parte, es una organizaci\u00f3n intergubernamental\u2014 incluy\u00f3 como observadoras en sus asambleas a ciertas agencias especializadas; es decir, a organizaciones no gubernamentales.<\/p>\n\n\n\n<p>M\u00e1s tarde, el t\u00e9rmino se utiliz\u00f3 de forma m\u00e1s amplia. Hoy en d\u00eda, seg\u00fan la ONU, una ONG es cualquier organizaci\u00f3n privada independiente de la administraci\u00f3n del Gobierno, siempre y cuando no tenga fines de lucro, y no sea un grupo criminal o un partido pol\u00edtico.<\/p>\n\n\n\n<h2 class=\"wp-block-heading\">\u00bfC\u00f3mo se clasifican las ONG?<\/h2>\n\n\n\n<p>Las ONG son dif\u00edciles de definir y clasificar porque el t\u00e9rmino se usa de forma consecuente en todas las regiones y \u00e1mbitos. Por ejemplo, en algunos pa\u00edses, el t\u00e9rmino ONG se aplica a organizaciones que en otros pa\u00edses se llamar\u00edan ONL (organizaci\u00f3n sin \u00e1nimo de lucro), y viceversa. En consecuencia, las clasificaciones suelen referirse a sus \u00e1mbitos de operaciones, como: regional o internacional, ambiental, social, etc.<\/p>\n\n\n\n<h2 class=\"wp-block-heading\">\u00bfC\u00f3mo se conforma una ONG?&nbsp;<\/h2>\n\n\n\n<p>Las ONG son una forma de asociaci\u00f3n civil. Por lo general, se conforman y encuentran a cargo de ciudadanos comunes que comparten una visi\u00f3n y misi\u00f3n. Las ONG pueden obtener financiamiento estatal, de otras ONG o de particulares y empresas. Con el fin de mantener su autonom\u00eda de gesti\u00f3n e imparcialidad, algunas ONG evitan la financiaci\u00f3n oficial y trabajan con donaciones y voluntarios. Seg\u00fan el pa\u00eds en el que tengan sede, las ONG deber\u00e1n seguir distintos pasos para constituirse de manera oficial y ser reconocidas como tales.<\/p>\n\n\n\n<h2 class=\"wp-block-heading\">\u00bfC\u00f3mo crear una ONG en Espa\u00f1a?<\/h2>\n\n\n\n<p>Para crear una ONG en Espa\u00f1a es necesario:<\/p>\n\n\n\n<ol class=\"wp-block-list\"><li><strong>Definir un ideario<\/strong><strong><em>. <\/em><\/strong>Se deber\u00e1 definir el motivo por el cual se quiere crear una ONG, su finalidad, qu\u00e9 tipo de tareas va a realizar y c\u00f3mo.<\/li><li><strong>Redactar los estatutos,<\/strong> las normas internas que rijan la ONG y todos los aspectos relativos a su funcionamiento.<\/li><li><strong>Elegir un nombre,<\/strong> comprobando si est\u00e1 siendo utilizado por otra ONG en los registros de asociaciones, fundaciones, etc.<\/li><li><strong>Encontrar una sede.<\/strong><\/li><li><strong>Determinar su \u00e1mbito de actuaci\u00f3n, que <\/strong>puede ser local, estatal o internacional.<\/li><li><strong>Definir su finalidad.<\/strong><\/li><li><strong>Describir las actividades que va a llevar a cabo <\/strong>para lograr sus objetivos.<\/li><li><strong>Establecer qui\u00e9nes son los miembros <\/strong>fundadores y cu\u00e1l es su rol.<\/li><li><strong>Indicar c\u00f3mo se va a financiar.<\/strong> Como una ONG no tiene \u00e1nimo de lucro, deber\u00e1 financiarse mediante contribuciones voluntarias de personas, empresas o entidades, p\u00fablicas o privadas.<\/li><li><strong>Determinar c\u00f3mo se van a tomar las decisiones.<\/strong><\/li><li><strong>Elegir la forma jur\u00eddica de la ONG<\/strong>, que puede ser una asociaci\u00f3n, una fundaci\u00f3n, etc. Dependiendo de la forma, la ONG tendr\u00e1 que cumplir requisitos diferentes.<\/li><li><strong>Redactar el acta fundacional<\/strong>, el documento oficial que da vida a la ONG y que incluye los datos de los socios y sus cargos, la aceptaci\u00f3n de los estatutos, etc.<\/li><li><strong>Inscribir la ONG en el registro<\/strong>,<strong> <\/strong>dependiendo de la forma jur\u00eddica que se le haya otorgado.<\/li><li><strong>Solicitar un NIF<\/strong> Agencia Tributaria para poder hacer transacciones comerciales.<\/li><li><strong>Solicitar el alta en la Seguridad Social<\/strong> para contratar trabajadores.<\/li><\/ol>\n\n\n\n<h2 class=\"wp-block-heading\">\u00bfCu\u00e1les son las ONG m\u00e1s grandes de Espa\u00f1a?<\/h2>\n\n\n\n<p>Las diez organizaciones no gubernamentales m\u00e1s grandes de Espa\u00f1a son:<\/p>\n\n\n\n<ul class=\"wp-block-list\"><li>Unicef.<\/li><li>M\u00e9dicos sin fronteras.<\/li><li>Cruz Roja (dentro de la instituci\u00f3n internacional Red Cross o Red Crescent).<\/li><li>Acnur.<\/li><li>WWF Espa\u00f1a.<\/li><li>Save The Children<\/li><li>Oxfam Espa\u00f1a.<\/li><li>Amnist\u00eda Espa\u00f1a.<\/li><li>Greenpeace Espa\u00f1a.<\/li><li>Adra.<\/li><\/ul>\n\n\n\n<h2 class=\"wp-block-heading\">\u00bfQu\u00e9 referente de programas privados de apoyo a ONG existe en Espa\u00f1a?<\/h2>\n\n\n\n<p>Desde 2008, la Empresa Ferrovial cuenta con el Programa Infraestructuras Sociales, creado para la cooperaci\u00f3n en el desarrollo, y cuyo objetivo es la ampliaci\u00f3n de la cobertura y acceso al agua para consumo humano y el saneamiento b\u00e1sico entre colectivos vulnerables en \u00c1frica y Am\u00e9rica Latina. La convocatoria del programa est\u00e1 dirigida a todas las entidades privadas sin \u00e1nimo de lucro legalmente constituidas y registradas en Espa\u00f1a y declaradas de utilidad p\u00fablica.<\/p>\n\n\n\n<h2 class=\"wp-block-heading\">Aspectos curiosos sobre las ONG<\/h2>\n\n\n\n<ul class=\"wp-block-list\"><li>Si las ONG fueran un pa\u00eds, ser\u00edan la quinta econom\u00eda m\u00e1s grande del mundo.<\/li><li>Tres de cuatro colaboradores de las ONG son mujeres, pero la mayor\u00eda de las posiciones de liderazgo las ocupan hombres.<\/li><li>India tiene 3.3 millones de organizaciones sin fines de lucro, cerca de una ONG por cada 400 personas.<\/li><li>En Europa hay m\u00e1s de 129 mil ONG.<\/li><\/ul>\n<\/div><\/m-wysiwig>\n\n\n    <m-projects-distributor2 :translations='{\n        &quot;prev&quot;:&quot;Anterior&quot;,\n        &quot;next&quot;:&quot;Siguiente&quot;,\n        &quot;paginationseparator&quot;:&quot;de&quot;\n    }'>\n                        <h2 slot=\"title\">\n                Nuestros proyectos destacados                <\/h2>\n                        <a slot='button' title='Conoce nuestros proyectos ' href='https:\/\/www.ferrovial.com\/es\/cintra\/proyectos\/'>\n            Conoce nuestros proyectos         <\/a>\n\n            <\/m-projects-distributor2>\n\n    ","protected":false},"excerpt":{"rendered":"","protected":false},"featured_media":0,"parent":25267,"menu_order":0,"comment_status":"closed","ping_status":"closed","template":"","meta":{"_acf_changed":false,"footnotes":""},"class_list":["post-198035","page","type-page","status-publish","hentry"],"acf":[],"yoast_head":"<!-- This site is optimized with the Yoast SEO plugin v27.2 - https:\/\/yoast.com\/product\/yoast-seo-wordpress\/ -->\n<title>ONG: qu\u00e9 es, origen, c\u00f3mo se forman, clasificaci\u00f3n - Ferrovial<\/title>\n<meta name=\"description\" content=\"Seg\u00fan la ONU, una ONG es cualquier organizaci\u00f3n privada independiente de la administraci\u00f3n del Gobierno, siempre que no tenga fines de lucro, y no sea un grupo criminal o un partido pol\u00edtico.\" \/>\n<meta name=\"robots\" content=\"index, follow, max-snippet:-1, max-image-preview:large, max-video-preview:-1\" \/>\n<link rel=\"canonical\" href=\"https:\/\/www.ferrovial.com\/es\/recursos\/ong\/\" \/>\n<meta property=\"og:locale\" content=\"es_ES\" \/>\n<meta property=\"og:type\" content=\"article\" \/>\n<meta property=\"og:title\" content=\"ONG: qu\u00e9 es, origen, c\u00f3mo se forman, clasificaci\u00f3n - Ferrovial\" \/>\n<meta property=\"og:description\" content=\"Seg\u00fan la ONU, una ONG es cualquier organizaci\u00f3n privada independiente de la administraci\u00f3n del Gobierno, siempre que no tenga fines de lucro, y no sea un grupo criminal o un partido pol\u00edtico.\" \/>\n<meta property=\"og:url\" content=\"https:\/\/www.ferrovial.com\/es\/recursos\/ong\/\" \/>\n<meta property=\"og:site_name\" content=\"Ferrovial\" \/>\n<meta property=\"article:publisher\" content=\"https:\/\/www.facebook.com\/ferrovial\" \/>\n<meta property=\"article:modified_time\" content=\"2022-09-23T05:57:52+00:00\" \/>\n<meta name=\"twitter:card\" content=\"summary_large_image\" \/>\n<meta name=\"twitter:site\" content=\"@ferrovial\" \/>\n<meta name=\"twitter:label1\" content=\"Est. reading time\" \/>\n\t<meta name=\"twitter:data1\" content=\"6 minutos\" \/>\n<!-- \/ Yoast SEO plugin. -->","yoast_head_json":{"title":"ONG: qu\u00e9 es, origen, c\u00f3mo se forman, clasificaci\u00f3n - Ferrovial","description":"Seg\u00fan la ONU, una ONG es cualquier organizaci\u00f3n privada independiente de la administraci\u00f3n del Gobierno, siempre que no tenga fines de lucro, y no sea un grupo criminal o un partido pol\u00edtico.","robots":{"index":"index","follow":"follow","max-snippet":"max-snippet:-1","max-image-preview":"max-image-preview:large","max-video-preview":"max-video-preview:-1"},"canonical":"https:\/\/www.ferrovial.com\/es\/recursos\/ong\/","og_locale":"es_ES","og_type":"article","og_title":"ONG: qu\u00e9 es, origen, c\u00f3mo se forman, clasificaci\u00f3n - Ferrovial","og_description":"Seg\u00fan la ONU, una ONG es cualquier organizaci\u00f3n privada independiente de la administraci\u00f3n del Gobierno, siempre que no tenga fines de lucro, y no sea un grupo criminal o un partido pol\u00edtico.","og_url":"https:\/\/www.ferrovial.com\/es\/recursos\/ong\/","og_site_name":"Ferrovial","article_publisher":"https:\/\/www.facebook.com\/ferrovial","article_modified_time":"2022-09-23T05:57:52+00:00","twitter_card":"summary_large_image","twitter_site":"@ferrovial","twitter_misc":{"Est. reading time":"6 minutos"},"schema":{"@context":"https:\/\/schema.org","@graph":[{"@type":"WebPage","@id":"https:\/\/www.ferrovial.com\/es\/recursos\/ong\/","url":"https:\/\/www.ferrovial.com\/es\/recursos\/ong\/","name":"ONG: qu\u00e9 es, origen, c\u00f3mo se forman, clasificaci\u00f3n - Ferrovial","isPartOf":{"@id":"https:\/\/www.ferrovial.com\/es\/#website"},"datePublished":"2021-07-13T14:51:36+00:00","dateModified":"2022-09-23T05:57:52+00:00","description":"Seg\u00fan la ONU, una ONG es cualquier organizaci\u00f3n privada independiente de la administraci\u00f3n del Gobierno, siempre que no tenga fines de lucro, y no sea un grupo criminal o un partido pol\u00edtico.","breadcrumb":{"@id":"https:\/\/www.ferrovial.com\/es\/recursos\/ong\/#breadcrumb"},"inLanguage":"es","potentialAction":[{"@type":"ReadAction","target":["https:\/\/www.ferrovial.com\/es\/recursos\/ong\/"]}]},{"@type":"BreadcrumbList","@id":"https:\/\/www.ferrovial.com\/es\/recursos\/ong\/#breadcrumb","itemListElement":[{"@type":"ListItem","position":1,"name":"Portada","item":"https:\/\/www.ferrovial.com\/es\/"},{"@type":"ListItem","position":2,"name":"Recursos","item":"https:\/\/www.ferrovial.com\/es\/recursos\/"},{"@type":"ListItem","position":3,"name":"ONG"}]},{"@type":"WebSite","@id":"https:\/\/www.ferrovial.com\/es\/#website","url":"https:\/\/www.ferrovial.com\/es\/","name":"Ferrovial","description":"Welcome to the Ferrovial&#039;s website, global operator of sustainable infrastructure. Here you can find all the information about the company and subsidiaries.","publisher":{"@id":"https:\/\/www.ferrovial.com\/es\/#organization"},"potentialAction":[{"@type":"SearchAction","target":{"@type":"EntryPoint","urlTemplate":"https:\/\/www.ferrovial.com\/es\/?s={search_term_string}"},"query-input":{"@type":"PropertyValueSpecification","valueRequired":true,"valueName":"search_term_string"}}],"inLanguage":"es"},{"@type":"Organization","@id":"https:\/\/www.ferrovial.com\/es\/#organization","name":"Ferrovial S.A.","url":"https:\/\/www.ferrovial.com\/es\/","logo":{"@type":"ImageObject","inLanguage":"es","@id":"https:\/\/www.ferrovial.com\/es\/#\/schema\/logo\/image\/","url":"https:\/\/static.ferrovial.com\/wp-content\/uploads\/2020\/01\/13124948\/logo-ferrovial-cf7.png","contentUrl":"https:\/\/static.ferrovial.com\/wp-content\/uploads\/2020\/01\/13124948\/logo-ferrovial-cf7.png","width":144,"height":32,"caption":"Ferrovial S.A."},"image":{"@id":"https:\/\/www.ferrovial.com\/es\/#\/schema\/logo\/image\/"},"sameAs":["https:\/\/www.facebook.com\/ferrovial","https:\/\/x.com\/ferrovial","https:\/\/www.instagram.com\/ferrovial\/","https:\/\/www.linkedin.com\/company\/ferrovial","https:\/\/www.pinterest.es\/ferrovial\/","https:\/\/www.youtube.com\/ferrovial","https:\/\/en.wikipedia.org\/wiki\/Ferrovial"]}]}},"_links":{"self":[{"href":"https:\/\/www.ferrovial.com\/es\/wp-json\/wp\/v2\/pages\/198035","targetHints":{"allow":["GET"]}}],"collection":[{"href":"https:\/\/www.ferrovial.com\/es\/wp-json\/wp\/v2\/pages"}],"about":[{"href":"https:\/\/www.ferrovial.com\/es\/wp-json\/wp\/v2\/types\/page"}],"replies":[{"embeddable":true,"href":"https:\/\/www.ferrovial.com\/es\/wp-json\/wp\/v2\/comments?post=198035"}],"version-history":[{"count":3,"href":"https:\/\/www.ferrovial.com\/es\/wp-json\/wp\/v2\/pages\/198035\/revisions"}],"predecessor-version":[{"id":239616,"href":"https:\/\/www.ferrovial.com\/es\/wp-json\/wp\/v2\/pages\/198035\/revisions\/239616"}],"up":[{"embeddable":true,"href":"https:\/\/www.ferrovial.com\/es\/wp-json\/wp\/v2\/pages\/25267"}],"wp:attachment":[{"href":"https:\/\/www.ferrovial.com\/es\/wp-json\/wp\/v2\/media?parent=198035"}],"curies":[{"name":"wp","href":"https:\/\/api.w.org\/{rel}","templated":true}]}}