{"id":199150,"date":"2021-07-26T15:01:04","date_gmt":"2021-07-26T13:01:04","guid":{"rendered":"https:\/\/www.ferrovial.com\/?page_id=199150"},"modified":"2025-11-09T16:31:19","modified_gmt":"2025-11-09T15:31:19","slug":"aguas-residuales","status":"publish","type":"page","link":"https:\/\/www.ferrovial.com\/es\/recursos\/aguas-residuales\/","title":{"rendered":"Aguas residuales"},"content":{"rendered":"    <m-final-content-header >\n            <c-breadcrumb label-text=\"Breadcrumb\" slot=\"breadcrumbs\" type='2' align='left' wrap='wrapped wrapped' aria-label='Vienes de Recursos'>\n                        <ol>\n\n                                                            <li><a href=\"https:\/\/www.ferrovial.com\/es\/\" title=\"Ferrovial\">Ferrovial<\/a><\/li>\n                                                                        <li><a href=\"https:\/\/www.ferrovial.com\/es\/recursos\/\" title=\"Recursos\">Recursos<\/a><\/li>\n                                    \n                <\/ol>\n\n                <\/c-breadcrumb>\n    \n        <div slot=\"header\">\n            <h1>\n                Aguas Residuales            <\/h1>\n                    <\/div>\n    <\/m-final-content-header>\n\n    \n\n\n<p><script type=\"application\/ld+json\">\n{\n  \"@context\": \"https:\/\/schema.org\",\n  \"@type\": \"FAQPage\",\n  \"mainEntity\": [{\n    \"@type\": \"Question\",\n    \"name\": \"\u00bfQu\u00e9 son las aguas residuales?\",\n    \"acceptedAnswer\": {\n      \"@type\": \"Answer\",\n      \"text\": \"Las aguas residuales son las que han sido afectadas negativamente por la acci\u00f3n del ser humano y requieren tratamientos para ser purificadas y reaprovechables. No se incluyen en esta clasificaci\u00f3n las aguas no aptas para el uso debido a causas naturales, y tampoco las que hayan sido ya utilizadas por el hombre pero sigan siendo aprovechables.\"\n    }\n  },{\n    \"@type\": \"Question\",\n    \"name\": \"\u00bfDe d\u00f3nde provienen las aguas residuales?\",\n    \"acceptedAnswer\": {\n      \"@type\": \"Answer\",\n      \"text\": \"Las aguas residuales son las que han sido usadas en entornos dom\u00e9sticos y urbanos, o en las industrias y la ganader\u00eda. Tambi\u00e9n las aguas naturales que, por accidente o mala praxis, se hayan mezclado con las anteriores. \n\nSeg\u00fan su proveniencia, el agua residual puede contener diversos contaminantes, bien sean s\u00f3lidos o disueltos.\"\n    }\n  },{\n    \"@type\": \"Question\",\n    \"name\": \"\u00bfC\u00f3mo se clasifican las aguas residuales?\",\n    \"acceptedAnswer\": {\n      \"@type\": \"Answer\",\n      \"text\": \"\u2013Aguas residuales dom\u00e9sticas o urbanas: resultan del uso del agua en viviendas y n\u00facleos urbanos, donde tambi\u00e9n se concentra gran cantidad de comercios y lugares de trabajo. Se trata de un agua residual especialmente alta en contaminantes org\u00e1nicos y s\u00f3lidos sedimentables, as\u00ed como en bacterias.\n\n\u2013Aguas residuales industriales: resultan de los procesos del sector secundario de la econom\u00eda, es decir, en las actividades industriales. Aqu\u00ed se incluye el agua desechada por f\u00e1bricas, plantas de producci\u00f3n energ\u00e9tica o cualquier otra actividad destinada a la fabricaci\u00f3n de productos consumibles o productos manufacturados\n\u2013Aguas residuales de la agricultura y ganader\u00eda: provienen del sector primario de la econom\u00eda. En su mayor\u00eda, son producidas por la ganader\u00eda, especialmente por la intensiva. \n\u2013Aguas residuales derivadas de la lluvia: se produce cuando la lluvia arrastra los contaminantes presentes en la atm\u00f3sfera, especialmente en los n\u00facleos urbanos, que llegan al suelo y lo contaminan.\"\n    }\n  },{\n    \"@type\": \"Question\",\n    \"name\": \"\u00bfQu\u00e9 referente en el tratamiento de aguas residuales existe en Espa\u00f1a?\",\n    \"acceptedAnswer\": {\n      \"@type\": \"Answer\",\n      \"text\": \"La Empresa Ferrovial es experta en el dise\u00f1o, construcci\u00f3n, operaci\u00f3n y mantenimiento de plantas de tratamiento de agua potable, residual urbana, industrial y de desalaci\u00f3n. La actividad se desarrolla de forma sostenible y respetando el medio ambiente a trav\u00e9s de dos empresas: la multinacional Cadagua y la estadounidense PLW Waterworks.\"\n    }\n  }]\n}\n<\/script><\/p>\n\n\n\n<m-wysiwig class=\"wp-block-components-wysiwyg\"><div slot=\"maincontent\">\n<h2 class=\"wp-block-heading\">\u00bfQu\u00e9 son las aguas residuales?&nbsp;<\/h2>\n\n\n\n<p>Las aguas residuales son las que han sido afectadas negativamente por la acci\u00f3n del ser humano y <strong>requieren tratamientos para ser purificadas y reaprovechables<\/strong>. No se incluyen en esta clasificaci\u00f3n las aguas no aptas para el uso debido a causas naturales, y tampoco las que hayan sido ya utilizadas por el hombre pero sigan siendo aprovechables.<\/p>\n\n\n\n<h2 class=\"wp-block-heading\">\u00bfDe d\u00f3nde provienen las aguas residuales?&nbsp;<\/h2>\n\n\n\n<p>Las aguas residuales son las que han sido usadas en entornos dom\u00e9sticos y urbanos, o en las industrias y la ganader\u00eda. Tambi\u00e9n las aguas naturales que, por accidente o mala praxis, se hayan mezclado con las anteriores.&nbsp;<\/p>\n\n\n\n<p>Seg\u00fan su proveniencia, el agua residual <strong>puede contener diversos contaminantes<\/strong>, bien sean s\u00f3lidos o disueltos.<\/p>\n\n\n\n<h2 class=\"wp-block-heading\">\u00bfC\u00f3mo se clasifican las aguas residuales?&nbsp;<\/h2>\n\n\n\n<p>Las aguas residuales se pueden clasificar seg\u00fan su cantidad y el tipo de sustancias qu\u00edmicas que contienen; seg\u00fan sus caracter\u00edsticas bacteriol\u00f3gicas; seg\u00fan la relaci\u00f3n entre agua y materia en suspensi\u00f3n y materia disuelta; o seg\u00fan su procedencia.<\/p>\n\n\n\n<p>La procedencia es la forma de clasificaci\u00f3n m\u00e1s com\u00fan. Seg\u00fan ella, se distinguen<strong> cuatro tipos<\/strong> de aguas residuales (que, a su vez, pueden subdividirse en otras categor\u00edas).<\/p>\n\n\n\n<p>&#8211;<strong>Aguas residuales dom\u00e9sticas o urbanas<\/strong>: resultan del uso del agua en viviendas y n\u00facleos urbanos, donde tambi\u00e9n se concentra gran cantidad de comercios y lugares de trabajo. Se trata de un agua residual especialmente<strong> alta en contaminantes org\u00e1nicos y s\u00f3lidos<\/strong> sedimentables, as\u00ed como en bacterias.<\/p>\n\n\n\n<p>&#8211;<strong>Aguas residuales industriales<\/strong>: resultan de los procesos del sector secundario de la econom\u00eda, es decir, en las actividades industriales. Aqu\u00ed se incluye el agua desechada por f\u00e1bricas, plantas de producci\u00f3n energ\u00e9tica o cualquier otra actividad destinada a la fabricaci\u00f3n de productos consumibles o productos manufacturados.<\/p>\n\n\n\n<p>El agua residual industrial se caracteriza por contener un <strong>elevado nivel de qu\u00edmicos sintetizados y metales pesados <\/strong>(entre los que se encuentran plomo, n\u00edquel, cobre, mercurio o cadmio, entre muchos otros).<\/p>\n\n\n\n<p>&#8211;<strong>Aguas residuales de la agricultura y ganader\u00eda<\/strong>: provienen del sector primario de la econom\u00eda. En su mayor\u00eda, son producidas por la ganader\u00eda, especialmente por la intensiva. La agricultura casi no produce aguas residuales, porque utiliza la mayor parte para el riego; sin embargo, algunos cultivos y actividades destinadas al tratamiento de ciertos productos agr\u00edcolas, hacen uso de abundante agua que luego pasa a ser residual.<\/p>\n\n\n\n<p>Estas aguas contienen elevados niveles de contaminantes derivados de ciertos productos <strong>qu\u00edmicos<\/strong> utilizados para la cr\u00eda de ganado, as\u00ed como de<strong> heces fecales y orine<\/strong>s de los animales.<\/p>\n\n\n\n<p>&#8211;<strong>Aguas residuales derivadas de la lluvia<\/strong>: se produce cuando la lluvia arrastra los contaminantes presentes en la atm\u00f3sfera, especialmente en los n\u00facleos urbanos, que llegan al suelo y lo contaminan. La mayor parte de estas aguas terminan en el alcantarillado p\u00fablico, donde se unen con las aguas residuales dom\u00e9sticas o urbanas.&nbsp;<\/p>\n\n\n\n<h2 class=\"wp-block-heading\">\u00bfC\u00f3mo tratar las aguas residuales?&nbsp;<\/h2>\n\n\n\n<p>El tratamiento de aguas residuales, o depuraci\u00f3n de aguas residuales, consiste en una serie de <strong>procesos f\u00edsicos, qu\u00edmicos y biol\u00f3gicos<\/strong> que buscan eliminar los contaminantes presentes en el agua resultante del uso humano o de otros usos. La depuraci\u00f3n comienza recogiendo las aguas de los n\u00facleos urbanos y sectores industriales, y busca devolverla al ciclo del agua, ya sea verti\u00e9ndola en el mar o reutiliz\u00e1ndola.<\/p>\n\n\n\n<p>Entre los <strong>principales m\u00e9todos&nbsp; de tratamiento<\/strong> encontramos el decantador primario (sedimentaci\u00f3n gravitatoria), el flotador por aire disuelto (separaci\u00f3n de part\u00edculas en suspensi\u00f3n mediante burbujas) y los tratamientos qu\u00edmicos. Sin embargo, en todos los procesos de depuraci\u00f3n suele haber tres grandes fases: el tratamiento primario (decantaci\u00f3n), el tratamiento secundario (proceso biol\u00f3gico de eliminaci\u00f3n de materia org\u00e1nica y una decantaci\u00f3n secundaria) y un tratamiento de los fangos que se producen en las anteriores fases.&nbsp;<\/p>\n\n\n\n<h2 class=\"wp-block-heading\">\u00bfQu\u00e9 referente en el tratamiento de aguas residuales existe en Espa\u00f1a?<\/h2>\n\n\n\n<p>El sector del agua en Espa\u00f1a ha experimentado una fuerte transformaci\u00f3n durante las \u00faltimas d\u00e9cadas. A pesar de que se han logrado importantes avances, como la mejora del saneamiento de las aguas residuales o el desarrollo de la reutilizaci\u00f3n del agua, los avances son insuficientes para hacer frente a los importantes retos del sector.<\/p>\n\n\n\n<p>La <strong>Empresa Ferrovial <\/strong>es experta en el dise\u00f1o, construcci\u00f3n, operaci\u00f3n y mantenimiento de plantas de tratamiento de agua potable, residual urbana, industrial y de desalaci\u00f3n. La actividad se desarrolla de forma sostenible y respetando el medio ambiente a trav\u00e9s de la multinacional<strong> Cadagua<\/strong>. <\/p>\n\n\n\n<p>Aspectos curiosos sobre las aguas residuales:<\/p>\n\n\n\n<ul class=\"wp-block-list\">\n<li>Cada a\u00f1o 1.800 millones de personas est\u00e1n en riesgo de contraer enfermedades como diarrea, c\u00f3lera, disenter\u00eda o polio, por el consumo de aguas contaminadas por excrementos.<\/li>\n\n\n\n<li>Cada d\u00eda, mueren alrededor de mil ni\u00f1os a causa de enfermedades diarreicas prevenibles relacionadas con el agua y el saneamiento.<\/li>\n\n\n\n<li>M\u00e1s del 80% de las aguas residuales se vierten en r\u00edos o el mar sin que se eliminen los contaminantes.<\/li>\n\n\n\n<li>En Espa\u00f1a se depuran 5.000 hect\u00f3metros c\u00fabicos de agua cada a\u00f1o.<\/li>\n<\/ul>\n<\/div><\/m-wysiwig>\n\n\n    <m-projects-distributor2 :translations='{\n        &quot;prev&quot;:&quot;Anterior&quot;,\n        &quot;next&quot;:&quot;Siguiente&quot;,\n        &quot;paginationseparator&quot;:&quot;de&quot;\n    }'>\n                        <h2 slot=\"title\">\n                Nuestros proyectos destacados                <\/h2>\n                        <a slot='button' title='Conoce nuestros proyectos ' href='https:\/\/www.ferrovial.com\/es\/cintra\/proyectos\/'>\n            Conoce nuestros proyectos         <\/a>\n\n            <\/m-projects-distributor2>\n\n    ","protected":false},"excerpt":{"rendered":"","protected":false},"featured_media":0,"parent":25267,"menu_order":0,"comment_status":"closed","ping_status":"closed","template":"","meta":{"_acf_changed":false,"footnotes":""},"class_list":["post-199150","page","type-page","status-publish","hentry"],"acf":[],"yoast_head":"<!-- This site is optimized with the Yoast SEO plugin v27.2 - https:\/\/yoast.com\/product\/yoast-seo-wordpress\/ -->\n<title>Qu\u00e9 son las aguas residuales y c\u00f3mo tratarlas - Ferrovial<\/title>\n<meta name=\"description\" content=\"La depuraci\u00f3n de aguas residuales consiste en procesos f\u00edsicos, qu\u00edmicos y biol\u00f3gicos para eliminar los contaminantes presentes en el agua.\" \/>\n<meta name=\"robots\" content=\"index, follow, max-snippet:-1, max-image-preview:large, max-video-preview:-1\" \/>\n<link rel=\"canonical\" href=\"https:\/\/www.ferrovial.com\/es\/recursos\/aguas-residuales\/\" \/>\n<meta property=\"og:locale\" content=\"es_ES\" \/>\n<meta property=\"og:type\" content=\"article\" \/>\n<meta property=\"og:title\" content=\"Qu\u00e9 son las aguas residuales y c\u00f3mo tratarlas - Ferrovial\" \/>\n<meta property=\"og:description\" content=\"La depuraci\u00f3n de aguas residuales consiste en procesos f\u00edsicos, qu\u00edmicos y biol\u00f3gicos para eliminar los contaminantes presentes en el agua.\" \/>\n<meta property=\"og:url\" content=\"https:\/\/www.ferrovial.com\/es\/recursos\/aguas-residuales\/\" \/>\n<meta property=\"og:site_name\" content=\"Ferrovial\" \/>\n<meta property=\"article:publisher\" content=\"https:\/\/www.facebook.com\/ferrovial\" \/>\n<meta property=\"article:modified_time\" content=\"2025-11-09T15:31:19+00:00\" \/>\n<meta name=\"twitter:card\" content=\"summary_large_image\" \/>\n<meta name=\"twitter:site\" content=\"@ferrovial\" \/>\n<meta name=\"twitter:label1\" content=\"Est. reading time\" \/>\n\t<meta name=\"twitter:data1\" content=\"4 minutos\" \/>\n<!-- \/ Yoast SEO plugin. -->","yoast_head_json":{"title":"Qu\u00e9 son las aguas residuales y c\u00f3mo tratarlas - Ferrovial","description":"La depuraci\u00f3n de aguas residuales consiste en procesos f\u00edsicos, qu\u00edmicos y biol\u00f3gicos para eliminar los contaminantes presentes en el agua.","robots":{"index":"index","follow":"follow","max-snippet":"max-snippet:-1","max-image-preview":"max-image-preview:large","max-video-preview":"max-video-preview:-1"},"canonical":"https:\/\/www.ferrovial.com\/es\/recursos\/aguas-residuales\/","og_locale":"es_ES","og_type":"article","og_title":"Qu\u00e9 son las aguas residuales y c\u00f3mo tratarlas - Ferrovial","og_description":"La depuraci\u00f3n de aguas residuales consiste en procesos f\u00edsicos, qu\u00edmicos y biol\u00f3gicos para eliminar los contaminantes presentes en el agua.","og_url":"https:\/\/www.ferrovial.com\/es\/recursos\/aguas-residuales\/","og_site_name":"Ferrovial","article_publisher":"https:\/\/www.facebook.com\/ferrovial","article_modified_time":"2025-11-09T15:31:19+00:00","twitter_card":"summary_large_image","twitter_site":"@ferrovial","twitter_misc":{"Est. reading time":"4 minutos"},"schema":{"@context":"https:\/\/schema.org","@graph":[{"@type":"WebPage","@id":"https:\/\/www.ferrovial.com\/es\/recursos\/aguas-residuales\/","url":"https:\/\/www.ferrovial.com\/es\/recursos\/aguas-residuales\/","name":"Qu\u00e9 son las aguas residuales y c\u00f3mo tratarlas - Ferrovial","isPartOf":{"@id":"https:\/\/www.ferrovial.com\/es\/#website"},"datePublished":"2021-07-26T13:01:04+00:00","dateModified":"2025-11-09T15:31:19+00:00","description":"La depuraci\u00f3n de aguas residuales consiste en procesos f\u00edsicos, qu\u00edmicos y biol\u00f3gicos para eliminar los contaminantes presentes en el agua.","breadcrumb":{"@id":"https:\/\/www.ferrovial.com\/es\/recursos\/aguas-residuales\/#breadcrumb"},"inLanguage":"es","potentialAction":[{"@type":"ReadAction","target":["https:\/\/www.ferrovial.com\/es\/recursos\/aguas-residuales\/"]}]},{"@type":"BreadcrumbList","@id":"https:\/\/www.ferrovial.com\/es\/recursos\/aguas-residuales\/#breadcrumb","itemListElement":[{"@type":"ListItem","position":1,"name":"Portada","item":"https:\/\/www.ferrovial.com\/es\/"},{"@type":"ListItem","position":2,"name":"Recursos","item":"https:\/\/www.ferrovial.com\/es\/recursos\/"},{"@type":"ListItem","position":3,"name":"Aguas residuales"}]},{"@type":"WebSite","@id":"https:\/\/www.ferrovial.com\/es\/#website","url":"https:\/\/www.ferrovial.com\/es\/","name":"Ferrovial","description":"Welcome to the Ferrovial&#039;s website, global operator of sustainable infrastructure. Here you can find all the information about the company and subsidiaries.","publisher":{"@id":"https:\/\/www.ferrovial.com\/es\/#organization"},"potentialAction":[{"@type":"SearchAction","target":{"@type":"EntryPoint","urlTemplate":"https:\/\/www.ferrovial.com\/es\/?s={search_term_string}"},"query-input":{"@type":"PropertyValueSpecification","valueRequired":true,"valueName":"search_term_string"}}],"inLanguage":"es"},{"@type":"Organization","@id":"https:\/\/www.ferrovial.com\/es\/#organization","name":"Ferrovial S.A.","url":"https:\/\/www.ferrovial.com\/es\/","logo":{"@type":"ImageObject","inLanguage":"es","@id":"https:\/\/www.ferrovial.com\/es\/#\/schema\/logo\/image\/","url":"https:\/\/static.ferrovial.com\/wp-content\/uploads\/2020\/01\/13124948\/logo-ferrovial-cf7.png","contentUrl":"https:\/\/static.ferrovial.com\/wp-content\/uploads\/2020\/01\/13124948\/logo-ferrovial-cf7.png","width":144,"height":32,"caption":"Ferrovial S.A."},"image":{"@id":"https:\/\/www.ferrovial.com\/es\/#\/schema\/logo\/image\/"},"sameAs":["https:\/\/www.facebook.com\/ferrovial","https:\/\/x.com\/ferrovial","https:\/\/www.instagram.com\/ferrovial\/","https:\/\/www.linkedin.com\/company\/ferrovial","https:\/\/www.pinterest.es\/ferrovial\/","https:\/\/www.youtube.com\/ferrovial","https:\/\/en.wikipedia.org\/wiki\/Ferrovial"]}]}},"_links":{"self":[{"href":"https:\/\/www.ferrovial.com\/es\/wp-json\/wp\/v2\/pages\/199150","targetHints":{"allow":["GET"]}}],"collection":[{"href":"https:\/\/www.ferrovial.com\/es\/wp-json\/wp\/v2\/pages"}],"about":[{"href":"https:\/\/www.ferrovial.com\/es\/wp-json\/wp\/v2\/types\/page"}],"replies":[{"embeddable":true,"href":"https:\/\/www.ferrovial.com\/es\/wp-json\/wp\/v2\/comments?post=199150"}],"version-history":[{"count":3,"href":"https:\/\/www.ferrovial.com\/es\/wp-json\/wp\/v2\/pages\/199150\/revisions"}],"predecessor-version":[{"id":317153,"href":"https:\/\/www.ferrovial.com\/es\/wp-json\/wp\/v2\/pages\/199150\/revisions\/317153"}],"up":[{"embeddable":true,"href":"https:\/\/www.ferrovial.com\/es\/wp-json\/wp\/v2\/pages\/25267"}],"wp:attachment":[{"href":"https:\/\/www.ferrovial.com\/es\/wp-json\/wp\/v2\/media?parent=199150"}],"curies":[{"name":"wp","href":"https:\/\/api.w.org\/{rel}","templated":true}]}}