{"id":199246,"date":"2021-07-27T12:37:30","date_gmt":"2021-07-27T10:37:30","guid":{"rendered":"https:\/\/www.ferrovial.com\/?page_id=199246"},"modified":"2024-09-10T13:41:54","modified_gmt":"2024-09-10T11:41:54","slug":"oficinas","status":"publish","type":"page","link":"https:\/\/www.ferrovial.com\/es\/recursos\/oficinas\/","title":{"rendered":"Oficinas"},"content":{"rendered":"    <m-final-content-header >\n            <c-breadcrumb label-text=\"Breadcrumb\" slot=\"breadcrumbs\" type='2' align='left' wrap='wrapped wrapped' aria-label='Vienes de Recursos'>\n                        <ol>\n\n                                                            <li><a href=\"https:\/\/www.ferrovial.com\/es\/\" title=\"Ferrovial\">Ferrovial<\/a><\/li>\n                                                                        <li><a href=\"https:\/\/www.ferrovial.com\/es\/recursos\/\" title=\"Recursos\">Recursos<\/a><\/li>\n                                    \n                <\/ol>\n\n                <\/c-breadcrumb>\n    \n        <div slot=\"header\">\n            <h1>\n                Oficinas            <\/h1>\n                    <\/div>\n    <\/m-final-content-header>\n\n    \n\n\n<m-wysiwig class=\"wp-block-components-wysiwyg\"><div slot=\"maincontent\">\n<h2 class=\"wp-block-heading\">\u00bfQu\u00e9 es una oficina?&nbsp;<\/h2>\n\n\n\n<p>Una oficina es un lugar en el que se lleva a cabo un trabajo, que puede ser de muy diversa \u00edndole. En el contexto de esta publicaci\u00f3n se considerar\u00e1 como&nbsp;<em>oficina&nbsp;<\/em>el lugar, establecimiento o local destinado al desarrollo de alg\u00fan tipo de trabajo profesional de gesti\u00f3n, administraci\u00f3n u otro.<\/p>\n\n\n\n<p>La oficina es el lugar en el que se desarrolla gran parte de la<strong>&nbsp;actividad de una empresa&nbsp;<\/strong>o un profesional aut\u00f3nomo. Debe disponer de una serie de recursos materiales y su espacio debe distribuirse de manera&nbsp;<strong>c\u00f3moda y funcional<\/strong>&nbsp;seg\u00fan las actividades que ah\u00ed se realicen y la cantidad de personas que en ella trabajen.<\/p>\n\n\n\n<h2 class=\"wp-block-heading\">\u00bfCu\u00e1les son los usos comunes de una oficina?&nbsp;<\/h2>\n\n\n\n<p>Aunque, en principio, el t\u00e9rmino puede referirse a un espacio en el que se realicen muchos tipos de trabajos, con el tiempo se han ido definiendo como&nbsp; <em>trabajos de oficina<\/em> actividades de <strong>planificaci\u00f3n, gerencia, administraci\u00f3n e intelectuales<\/strong>, en contraposici\u00f3n con los trabajos f\u00edsicos. Mientras tanto, los espacios destinados a trabajos m\u00e1s pr\u00e1cticos y f\u00edsicos han ido decant\u00e1ndose por t\u00e9rminos como taller, estudio y laboratorio, por ejemplo.<\/p>\n\n\n\n<p>Teniendo esto en cuenta, las oficinas suelen estar dotadas de ordenadores, mobiliario de archivo, conexi\u00f3n a Internet, etc. Las oficinas pueden ser <strong>colectivas o individuales<\/strong>, y generalmente esto tiene que ver con el rango de los empleados dentro de la empresa.<\/p>\n\n\n\n<p>Las estaciones de trabajo, las salas de reuniones, el acceso, la recepci\u00f3n y los espacios de descanso son elementos esenciales a la hora de dise\u00f1ar y distribuir una oficina. Una de las misiones de la empresa es gestionar los espacios de la oficina de forma eficiente para generar un <strong>ambiente favorable, eficiente, sostenible y seguro<\/strong>, y lograr bienestar laboral.<\/p>\n\n\n\n<h2 class=\"wp-block-heading\">\u00bfCu\u00e1les son los principales tipos de oficina?&nbsp;<\/h2>\n\n\n\n<p>Podr\u00edamos asegurar que la oficina de una empresa es el reflejo de su personalidad, de su filosof\u00eda y, en definitiva, de su cultura organizacional. Los tipos de oficinas que existen son muchos, pero aqu\u00ed se resumen las caracter\u00edsticas de algunos de los principales de la actualidad.<\/p>\n\n\n\n<p><strong>1. Oficina virtual:<\/strong><\/p>\n\n\n\n<p>Una clase de oficina por la que muchos empresarios de \u00e9xito apostaron en sus inicios. Las oficinas virtuales son un <strong>espacio de trabajo digital<\/strong>. Permiten que un negocio se pueda llevar y gestionar desde casa u otros espacios sin que su imagen corporativa se vea afectada. Es una gran opci\u00f3n para dar una buena imagen sin incurrir en los gastos propios de alquiler o adquisici\u00f3n de un local f\u00edsico.<\/p>\n\n\n\n<p><strong>2. Oficina moderna:<\/strong><\/p>\n\n\n\n<p>Tambi\u00e9n conocida como<strong> Smart Office<\/strong>. Un tipo de oficina en la que, adem\u00e1s de pensar en la funcionalidad, se crean espacios destinados a realizar actividades <strong>recreativas o de bienestar<\/strong>. Este tipo de oficina es \u00fatil, sobre todo, en empresas cuyos empleados est\u00e1n sometidos a mucha presi\u00f3n y que necesitan altos niveles de <strong>concentraci\u00f3n y creatividad<\/strong>. Las oficinas de Google son un paradigma de este tipo de oficina.<\/p>\n\n\n\n<p><strong>3. Oficina compartida:<\/strong><\/p>\n\n\n\n<p>Tambi\u00e9n llamado espacio de <strong><em>coworking<\/em>.<\/strong> Se trata de un espacio dotado de todas las mayores comodidades de una oficina, pero que no le pertenece a ninguna empresa, sino que se alquila por partes y per\u00edodos de tiempo a peque\u00f1as <em>start-ups<\/em> o profesionales independientes. Estos espacios compartidos abaratan los costos y ofrecen la oportunidad de <strong>conectar <\/strong>con otros profesionales.<\/p>\n\n\n\n<p><strong>4. Oficinas ejecutivas:<\/strong><\/p>\n\n\n\n<p>Es el modelo m\u00e1s <strong>tradicional.<\/strong> Lo habitual es que una empresa compre o alquile un edificio o parte de \u00e9l y divida el espacio para crear oficinas privadas e individuales. La empresa dise\u00f1a, amuebla y equipa el espacio para el desarrollo de su actividad. Tambi\u00e9n se encarga de servicios y zonas comunes (aseos, cafeter\u00eda o salas de conferencia).<\/p>\n\n\n\n<h2 class=\"wp-block-heading\">\u00bfCu\u00e1l es la importancia del dise\u00f1o en las oficinas?<\/h2>\n\n\n\n<p>En los \u00faltimos a\u00f1os se ha hecho cada vez m\u00e1s evidente la necesidad de dise\u00f1ar espacios de trabajo que no solo presten atenci\u00f3n a las necesidades profesionales de quienes los ocupan, sino que tambi\u00e9n atiendan sus necesidades de seres humanos. Por eso, las empresas punteras han empezado a repensar la idea de oficina.<\/p>\n\n\n\n<p>Un elemento de dise\u00f1o de bajo costo es la <strong>pintura<\/strong>. Los <strong>colores claros<\/strong> y pasteles, adem\u00e1s del blanco, son una buena manera para crear una sensaci\u00f3n de mayor <strong>espacio y luminosidad<\/strong>, lo cual se traduce en un ambiente m\u00e1s <strong>feliz y productivo<\/strong>. Mientras tanto, los <strong>colores fuertes<\/strong> son ideales en lugares estrat\u00e9gicos para aumentar la <strong>energ\u00eda<\/strong> y estimular la<strong> confianza<\/strong> en lugares donde se toman decisiones.<\/p>\n\n\n\n<p>Las <strong>plantas<\/strong> tambi\u00e9n son un elemento clave, cada vez m\u00e1s en boga, en las oficinas. A\u00f1adir plantas al entorno de trabajo mejora la calidad del aire, <strong>reduce el estr\u00e9s<\/strong>, aumenta la concentraci\u00f3n y disminuye los trastornos psicol\u00f3gicos, como la depresi\u00f3n y el s\u00edndrome de d\u00e9ficit de naturaleza. Adem\u00e1s, se ha demostrado que la relaci\u00f3n con las plantas, verlas crecer, florecer, etc., motiva a los trabajadores a acudir a la oficina. Adem\u00e1s, el color verde relaja la vista, por lo que tener una planta para contemplar algunos minutos al d\u00eda ayuda a mitigar la fatiga ocular propia de los trabajos de oficina.<\/p>\n\n\n\n<p>Todo apunta a que las oficinas se volver\u00e1n ambientes cada vez m\u00e1s humanos y agradables. En los pa\u00edses m\u00e1s punteros en cuestiones de bienestar laboral, ya se empiezan a introducir oficinas <em><strong>pet friendly<\/strong><\/em> o mecanismos para que los padres y madres no tengan que separarse de sus hijos durante la mayor parte del d\u00eda para poder seguir perteneciendo a la fuerza laboral.<\/p>\n\n\n\n<p>Seg\u00fan el informe Wellness in the Workplace, de CBRE, el 79% de los trabajadores encuestados afirman que conciliar el trabajo con la vida familiar es una fuente de estr\u00e9s, mientras que el 80%, sostiene que disponer de programas de bienestar en sus trabajos ser\u00eda la clave para retenerlos y mantenerlos motivados durante los pr\u00f3ximos 10 a\u00f1os.<\/p>\n\n\n\n<p>El concepto de oficina, como muchas otras cosas, dio un vuelco en 2020, cuando la crisis sanitaria global llev\u00f3 a empleados y empresas a repensar y reinventar los espacios de trabajo, haciendo que el <em><strong>home office <\/strong><\/em>se impusiera como el modelo principal para los trabajos de oficina. Existe todav\u00eda mucha pol\u00e9mica sobre la sostenibilidad a largo plazo de este modelo, as\u00ed como sobre la relaci\u00f3n entre pros y contras, pero lo cierto es que se trata de una modalidad de trabajo que no desaparecer\u00e1 en el futuro pr\u00f3ximo.<\/p>\n\n\n\n<h2 class=\"wp-block-heading\">Datos curiosos sobre oficinas<\/h2>\n\n\n\n<ul class=\"wp-block-list\">\n<li>Una buena oficina no basta para crear un buen ambiente laboral. Las oficinas de Google en todo el mundo han servido como modelo de oficina ideal en los \u00faltimos a\u00f1os; sin embargo, por distintos factores, sus empleados no se cuentan entre los m\u00e1s satisfechos.<\/li>\n\n\n\n<li>Aproximadamente el 20% de los ocupados de Espa\u00f1a realiza trabajos de oficina.<\/li>\n\n\n\n<li>Seg\u00fan un estudio realizado por Ipsos, el 74% de los trabajadores espa\u00f1oles quisiera llevar a su mascota al trabajo, y un 36% considera este beneficio laboral m\u00e1s valioso que tener un coche de empresa o descuentos en comida.<\/li>\n\n\n\n<li>Durante la crisis sanitaria de 2020, el 69% de los empleados espa\u00f1oles manifest\u00f3 el deseo de teletrabajar, pero sus empresas no lo permitieron.<\/li>\n<\/ul>\n<\/div><\/m-wysiwig>\n\n\n    <m-projects-distributor2 :translations='{\n        &quot;prev&quot;:&quot;Anterior&quot;,\n        &quot;next&quot;:&quot;Siguiente&quot;,\n        &quot;paginationseparator&quot;:&quot;de&quot;\n    }'>\n                        <h2 slot=\"title\">\n                Nuestros proyectos destacados                <\/h2>\n                        <a slot='button' title='Conoce nuestros proyectos ' href='https:\/\/www.ferrovial.com\/es\/cintra\/proyectos\/'>\n            Conoce nuestros proyectos         <\/a>\n\n            <\/m-projects-distributor2>\n\n    ","protected":false},"excerpt":{"rendered":"","protected":false},"featured_media":0,"parent":25267,"menu_order":0,"comment_status":"closed","ping_status":"closed","template":"","meta":{"_acf_changed":false,"footnotes":""},"class_list":["post-199246","page","type-page","status-publish","hentry"],"acf":[],"yoast_head":"<!-- This site is optimized with the Yoast SEO plugin v27.2 - https:\/\/yoast.com\/product\/yoast-seo-wordpress\/ -->\n<title>Oficinas: qu\u00e9 son, usos comunes, principales tipos - Ferrovial<\/title>\n<meta name=\"description\" content=\"La oficina es el lugar donde desarrollan gran parte de la actividad de una empresa o un aut\u00f3nomo. Dispone de recursos materiales y su espacio se distribuye c\u00f3moda y funcionalmente.\" \/>\n<meta name=\"robots\" content=\"index, follow, max-snippet:-1, max-image-preview:large, max-video-preview:-1\" \/>\n<link rel=\"canonical\" href=\"https:\/\/www.ferrovial.com\/es\/recursos\/oficinas\/\" \/>\n<meta property=\"og:locale\" content=\"es_ES\" \/>\n<meta property=\"og:type\" content=\"article\" \/>\n<meta property=\"og:title\" content=\"Oficinas: qu\u00e9 son, usos comunes, principales tipos - Ferrovial\" \/>\n<meta property=\"og:description\" content=\"La oficina es el lugar donde desarrollan gran parte de la actividad de una empresa o un aut\u00f3nomo. Dispone de recursos materiales y su espacio se distribuye c\u00f3moda y funcionalmente.\" \/>\n<meta property=\"og:url\" content=\"https:\/\/www.ferrovial.com\/es\/recursos\/oficinas\/\" \/>\n<meta property=\"og:site_name\" content=\"Ferrovial\" \/>\n<meta property=\"article:publisher\" content=\"https:\/\/www.facebook.com\/ferrovial\" \/>\n<meta property=\"article:modified_time\" content=\"2024-09-10T11:41:54+00:00\" \/>\n<meta name=\"twitter:card\" content=\"summary_large_image\" \/>\n<meta name=\"twitter:site\" content=\"@ferrovial\" \/>\n<meta name=\"twitter:label1\" content=\"Est. reading time\" \/>\n\t<meta name=\"twitter:data1\" content=\"8 minutos\" \/>\n<!-- \/ Yoast SEO plugin. -->","yoast_head_json":{"title":"Oficinas: qu\u00e9 son, usos comunes, principales tipos - Ferrovial","description":"La oficina es el lugar donde desarrollan gran parte de la actividad de una empresa o un aut\u00f3nomo. Dispone de recursos materiales y su espacio se distribuye c\u00f3moda y funcionalmente.","robots":{"index":"index","follow":"follow","max-snippet":"max-snippet:-1","max-image-preview":"max-image-preview:large","max-video-preview":"max-video-preview:-1"},"canonical":"https:\/\/www.ferrovial.com\/es\/recursos\/oficinas\/","og_locale":"es_ES","og_type":"article","og_title":"Oficinas: qu\u00e9 son, usos comunes, principales tipos - Ferrovial","og_description":"La oficina es el lugar donde desarrollan gran parte de la actividad de una empresa o un aut\u00f3nomo. Dispone de recursos materiales y su espacio se distribuye c\u00f3moda y funcionalmente.","og_url":"https:\/\/www.ferrovial.com\/es\/recursos\/oficinas\/","og_site_name":"Ferrovial","article_publisher":"https:\/\/www.facebook.com\/ferrovial","article_modified_time":"2024-09-10T11:41:54+00:00","twitter_card":"summary_large_image","twitter_site":"@ferrovial","twitter_misc":{"Est. reading time":"8 minutos"},"schema":{"@context":"https:\/\/schema.org","@graph":[{"@type":"WebPage","@id":"https:\/\/www.ferrovial.com\/es\/recursos\/oficinas\/","url":"https:\/\/www.ferrovial.com\/es\/recursos\/oficinas\/","name":"Oficinas: qu\u00e9 son, usos comunes, principales tipos - Ferrovial","isPartOf":{"@id":"https:\/\/www.ferrovial.com\/es\/#website"},"datePublished":"2021-07-27T10:37:30+00:00","dateModified":"2024-09-10T11:41:54+00:00","description":"La oficina es el lugar donde desarrollan gran parte de la actividad de una empresa o un aut\u00f3nomo. Dispone de recursos materiales y su espacio se distribuye c\u00f3moda y funcionalmente.","breadcrumb":{"@id":"https:\/\/www.ferrovial.com\/es\/recursos\/oficinas\/#breadcrumb"},"inLanguage":"es","potentialAction":[{"@type":"ReadAction","target":["https:\/\/www.ferrovial.com\/es\/recursos\/oficinas\/"]}]},{"@type":"BreadcrumbList","@id":"https:\/\/www.ferrovial.com\/es\/recursos\/oficinas\/#breadcrumb","itemListElement":[{"@type":"ListItem","position":1,"name":"Portada","item":"https:\/\/www.ferrovial.com\/es\/"},{"@type":"ListItem","position":2,"name":"Recursos","item":"https:\/\/www.ferrovial.com\/es\/recursos\/"},{"@type":"ListItem","position":3,"name":"Oficinas"}]},{"@type":"WebSite","@id":"https:\/\/www.ferrovial.com\/es\/#website","url":"https:\/\/www.ferrovial.com\/es\/","name":"Ferrovial","description":"Welcome to the Ferrovial&#039;s website, global operator of sustainable infrastructure. Here you can find all the information about the company and subsidiaries.","publisher":{"@id":"https:\/\/www.ferrovial.com\/es\/#organization"},"potentialAction":[{"@type":"SearchAction","target":{"@type":"EntryPoint","urlTemplate":"https:\/\/www.ferrovial.com\/es\/?s={search_term_string}"},"query-input":{"@type":"PropertyValueSpecification","valueRequired":true,"valueName":"search_term_string"}}],"inLanguage":"es"},{"@type":"Organization","@id":"https:\/\/www.ferrovial.com\/es\/#organization","name":"Ferrovial S.A.","url":"https:\/\/www.ferrovial.com\/es\/","logo":{"@type":"ImageObject","inLanguage":"es","@id":"https:\/\/www.ferrovial.com\/es\/#\/schema\/logo\/image\/","url":"https:\/\/static.ferrovial.com\/wp-content\/uploads\/2020\/01\/13124948\/logo-ferrovial-cf7.png","contentUrl":"https:\/\/static.ferrovial.com\/wp-content\/uploads\/2020\/01\/13124948\/logo-ferrovial-cf7.png","width":144,"height":32,"caption":"Ferrovial S.A."},"image":{"@id":"https:\/\/www.ferrovial.com\/es\/#\/schema\/logo\/image\/"},"sameAs":["https:\/\/www.facebook.com\/ferrovial","https:\/\/x.com\/ferrovial","https:\/\/www.instagram.com\/ferrovial\/","https:\/\/www.linkedin.com\/company\/ferrovial","https:\/\/www.pinterest.es\/ferrovial\/","https:\/\/www.youtube.com\/ferrovial","https:\/\/en.wikipedia.org\/wiki\/Ferrovial"]}]}},"_links":{"self":[{"href":"https:\/\/www.ferrovial.com\/es\/wp-json\/wp\/v2\/pages\/199246","targetHints":{"allow":["GET"]}}],"collection":[{"href":"https:\/\/www.ferrovial.com\/es\/wp-json\/wp\/v2\/pages"}],"about":[{"href":"https:\/\/www.ferrovial.com\/es\/wp-json\/wp\/v2\/types\/page"}],"replies":[{"embeddable":true,"href":"https:\/\/www.ferrovial.com\/es\/wp-json\/wp\/v2\/comments?post=199246"}],"version-history":[{"count":3,"href":"https:\/\/www.ferrovial.com\/es\/wp-json\/wp\/v2\/pages\/199246\/revisions"}],"predecessor-version":[{"id":287909,"href":"https:\/\/www.ferrovial.com\/es\/wp-json\/wp\/v2\/pages\/199246\/revisions\/287909"}],"up":[{"embeddable":true,"href":"https:\/\/www.ferrovial.com\/es\/wp-json\/wp\/v2\/pages\/25267"}],"wp:attachment":[{"href":"https:\/\/www.ferrovial.com\/es\/wp-json\/wp\/v2\/media?parent=199246"}],"curies":[{"name":"wp","href":"https:\/\/api.w.org\/{rel}","templated":true}]}}