{"id":199279,"date":"2021-07-27T14:07:23","date_gmt":"2021-07-27T12:07:23","guid":{"rendered":"https:\/\/www.ferrovial.com\/?page_id=199279"},"modified":"2024-02-23T13:41:05","modified_gmt":"2024-02-23T12:41:05","slug":"smart-city","status":"publish","type":"page","link":"https:\/\/www.ferrovial.com\/es\/recursos\/smart-city\/","title":{"rendered":"Smart City"},"content":{"rendered":"    <m-final-content-header >\n            <c-breadcrumb label-text=\"Breadcrumb\" slot=\"breadcrumbs\" type='2' align='left' wrap='wrapped wrapped' aria-label='Vienes de Recursos'>\n                        <ol>\n\n                                                            <li><a href=\"https:\/\/www.ferrovial.com\/es\/\" title=\"Ferrovial\">Ferrovial<\/a><\/li>\n                                                                        <li><a href=\"https:\/\/www.ferrovial.com\/es\/recursos\/\" title=\"Recursos\">Recursos<\/a><\/li>\n                                    \n                <\/ol>\n\n                <\/c-breadcrumb>\n    \n        <div slot=\"header\">\n            <h1>\n                Smart City            <\/h1>\n                    <\/div>\n    <\/m-final-content-header>\n\n    \n\n\n<p><script type=\"application\/ld+json\">\n{\n  \"@context\": \"https:\/\/schema.org\",\n  \"@type\": \"FAQPage\",\n  \"mainEntity\": [{\n    \"@type\": \"Question\",\n    \"name\": \"\u00bfQu\u00e9 es una smart city?\",\n    \"acceptedAnswer\": {\n      \"@type\": \"Answer\",\n      \"text\": \"Una smart city es un sistema complejo e interconectado que aplica las nuevas tecnolog\u00edas para gestionar de forma m\u00e1s eficiente una gran variedad de servicios de las ciudades, como el sistema de transporte p\u00fablico y privado, los recursos energ\u00e9ticos e h\u00eddricos, los planes de protecci\u00f3n civil, la vitalidad de los espacios p\u00fablicos y comerciales, la comunicaci\u00f3n de incidencias, etc.\"\n    }\n  },{\n    \"@type\": \"Question\",\n    \"name\": \"\u00bfCu\u00e1les son las caracter\u00edsticas de una smart city?\",\n    \"acceptedAnswer\": {\n      \"@type\": \"Answer\",\n      \"text\": \"Com\u00fanmente las smart cities poseen:\n\u2022\tDispositivos que miden el tr\u00e1fico en tiempo real  \n\u2022\tocupaci\u00f3n de los parking p\u00fablicos y de los puntos de alquiler de coches y bicicletas\n\u2022\tGeolocalizaci\u00f3n en tiempo real de los veh\u00edculos de transporte colectivo.\n\u2022\tDispositivos que miden los niveles de llenado de los contenedores de basura para optimizar la recolecci\u00f3n.\n\u2022\tMedici\u00f3n en tiempo real de los niveles de poluci\u00f3n \n\u2022\tAlertas sobre peligros \n\u2022\tV\u00eddeovigilancia urbana.\"\n    }\n  },{\n    \"@type\": \"Question\",\n    \"name\": \"\u00bfQu\u00e9 referente en cuanto a smart city existe en Espa\u00f1a?\",\n    \"acceptedAnswer\": {\n      \"@type\": \"Answer\",\n      \"text\": \"Un territorio que se considere inteligente tiene un car\u00e1cter multidimensional y multifac\u00e9tico en el que intervienen muchos actores relacionados con la log\u00edstica, la energ\u00eda, las telecomunicaciones y la administraci\u00f3n. La empresa espa\u00f1ola Ferrovial, a trav\u00e9s de sus m\u00faltiples unidades de negocios de transporte y servicios, es un actor clave en muchos de los aspectos que conforman una ciudad inteligente.\"\n    }\n  }]\n}\n<\/script><\/p>\n\n\n\n<m-wysiwig class=\"wp-block-components-wysiwyg\"><div slot=\"maincontent\">\n<h2 class=\"wp-block-heading\">\u00bfQu\u00e9 es una <em>smart city<\/em>?&nbsp;<\/h2>\n\n\n\n<p>El t\u00e9rmino <em>smart city<\/em>, <em>ciudad inteligente <\/em>en espa\u00f1ol,<em> <\/em>surge a finales del siglo XX con la implementaci\u00f3n de nuevas tecnolog\u00edas y comunicaciones en el funcionamiento de las ciudades. Es un concepto emergente, por lo que su definici\u00f3n a\u00fan se encuentra en constante cambio y revisi\u00f3n.<\/p>\n\n\n\n<p>Una <em>smart city <\/em>es un sistema complejo e interconectado que aplica las nuevas tecnolog\u00edas para <strong>gestionar de forma m\u00e1s eficiente<\/strong> una gran variedad de servicios de las ciudades, como el sistema de transporte p\u00fablico y privado, los recursos energ\u00e9ticos e h\u00eddricos, los planes de protecci\u00f3n civil, la vitalidad de los espacios p\u00fablicos y comerciales, la comunicaci\u00f3n de incidencias, etc.<\/p>\n\n\n\n<p>El concepto de <em>smart city <\/em>se articula sobre cuatro ideas esenciales:<\/p>\n\n\n\n<ol class=\"wp-block-list\">\n<li>Cuestiones ambientales y energ\u00e9ticas.<\/li>\n\n\n\n<li>Comunicaci\u00f3n fluida entre los actores del tejido urbano: ciudadan\u00eda, empresas, instituciones.<\/li>\n\n\n\n<li>Uso compartido de bienes y servicios, con una activa participaci\u00f3n de los usuarios en su concepci\u00f3n y desarrollo.<\/li>\n\n\n\n<li>Integraci\u00f3n de las nuevas tecnolog\u00edas de la informaci\u00f3n y de la comunicaci\u00f3n, la rob\u00f3tica y los sistemas inteligentes de transporte, y el cambio de comportamiento y uso por parte de los ciudadanos.<\/li>\n<\/ol>\n\n\n\n<h2 class=\"wp-block-heading\">\u00bfCu\u00e1les son las caracter\u00edsticas de una <em>smart city<\/em>?<\/h2>\n\n\n\n<p>Com\u00fanmente las <em>smart cities <\/em>poseen:<\/p>\n\n\n\n<ul class=\"wp-block-list\">\n<li>Dispositivos que miden el <strong>tr\u00e1fico en tiempo real<\/strong> con el fin de informar a los conductores, para que puedan elegir mejor sus rutas, y para facilitar las decisiones de desarrollo urbano (pol\u00edticas de urbanizaci\u00f3n, trazado y ampliaci\u00f3n de v\u00edas de circulaci\u00f3n, etc.).<\/li>\n\n\n\n<li>Dispositivos que marcan en tiempo real la <strong>ocupaci\u00f3n de los <em>parking <\/em>p\u00fablicos<\/strong> y de los puntos de alquiler de coches y bicicletas, para optimizar la circulaci\u00f3n y el uso de los espacios y veh\u00edculos de transporte.<\/li>\n\n\n\n<li><strong>Geolocalizaci\u00f3n<\/strong> en tiempo real de los veh\u00edculos de transporte colectivo, para una precisa estimaci\u00f3n y control de los horarios e itinerarios.<\/li>\n\n\n\n<li>Dispositivos que miden los <strong>niveles de llenado<\/strong> de los contenedores de basura para optimizar la recolecci\u00f3n.<\/li>\n\n\n\n<li>Medici\u00f3n en tiempo real de los <strong>niveles de poluci\u00f3n<\/strong> (CO2, ozono, calidad del agua), para dar alertas a la poblaci\u00f3n y mejorar las pol\u00edticas p\u00fablicas en materia.<\/li>\n\n\n\n<li><strong>Alertas <\/strong>sobre peligros (inundaciones, incendios, tormentas, huracanes) para poner en marcha de forma pertinente los mecanismos de prevenci\u00f3n y respuesta (como evacuaciones preventivas, servicios de socorro, etc.).<\/li>\n\n\n\n<li>Videovigilancia urbana.<\/li>\n<\/ul>\n\n\n\n<h2 class=\"wp-block-heading\">\u00bfCu\u00e1l es el top 7 de <em>smart cities <\/em>del mundo?&nbsp;<\/h2>\n\n\n\n<p><strong>Nueva York<\/strong><\/p>\n\n\n\n<p>Est\u00e1 experimentando una transformaci\u00f3n digital mediante proyectos del sector p\u00fablico y privado para conseguir un gobierno m\u00e1s receptivo, ahorrar costes y aumentar la eficacia. Trabajan con tecnolog\u00eda punta para sacarle el m\u00e1ximo provecho al <strong>Internet de las cosas<\/strong> y los dispositivos personales.<\/p>\n\n\n\n<p><strong>Londres<\/strong><\/p>\n\n\n\n<p>Dispone de un plan de desarrollo que incluye<strong> estrategias de transporte<\/strong> (veh\u00edculos sin conductor), telecomunicaciones (puntos gratuitos de WiFi) y<strong> ecolog\u00eda<\/strong> (edificios ecol\u00f3gicos y verdes para reducir el impacto de las emisiones). Se espera que su poblaci\u00f3n, ya muy densa, crezca a\u00fan m\u00e1s en la pr\u00f3xima d\u00e9cada.<\/p>\n\n\n\n<p><strong>Singapur<\/strong><\/p>\n\n\n\n<p>Su programa <strong>Smart Nation<\/strong> naci\u00f3 en 2014, e instal\u00f3 gran cantidad de sensores alrededor de la ciudad para recopilar informaci\u00f3n sobre lo que hacen los ciudadanos habitualmente. Pueden medir desde el grado de limpieza de un \u00e1rea hasta la cantidad de personas que asisten a un evento.<\/p>\n\n\n\n<p><strong>Barcelona<\/strong><\/p>\n\n\n\n<p>La administraci\u00f3n local ha desarrollado una serie de apps para mantener a los ciudadanos informados e involucrados en los acontecimientos de la ciudad, y est\u00e1n trabajando en ofrecer red <strong>WiFi gratuita <\/strong>en toda la ciudad.<\/p>\n\n\n\n<p><strong>Oslo<\/strong><\/p>\n\n\n\n<p>Destaca entre las <em>smart cities <\/em>por inter\u00e9s en crear un entorno sostenible y ecol\u00f3gico. Cuenta con 650.000 bombillas LED conectadas a estaciones de procesamiento para <strong>ajustar la potencia<\/strong> de la luz de forma inteligente seg\u00fan la necesidad del momento. Oslo tambi\u00e9n utiliza lectores de matr\u00edcula para analizar el tr\u00e1fico y desarrollar una nueva red de transporte.<\/p>\n\n\n\n<p><strong>Toronto<\/strong><\/p>\n\n\n\n<p>Actualmente, es una especie de laboratorio de prueba para algunas de las tecnolog\u00edas de <em>smart cities <\/em>desarrolladas por Google a trav\u00e9s de su empresa matriz Alphabet, que opera Sidewalk Labs. El plan es conseguir una comunidad centrada en la tecnolog\u00eda y aborda problemas como la expansi\u00f3n urbana, el cambio clim\u00e1tico, la eficiencia y la asequibilidad.<\/p>\n\n\n\n<p><strong>Tokio<\/strong><\/p>\n\n\n\n<p>Centra gran parte de sus esfuerzos <em>smart <\/em>en ser energ\u00e9ticamente inteligente. Algunas de sus estrategias son almacenar energ\u00eda localmente y usar veh\u00edculos el\u00e9ctricos.<\/p>\n\n\n\n<h2 class=\"wp-block-heading\">\u00bfQu\u00e9 referente en cuanto a smart city existe en Espa\u00f1a?<\/h2>\n\n\n\n<p>En Espa\u00f1a, Madrid, Barcelona, Vitoria y Pamplona son ejemplo de ciudades sostenibles que ofrecen una buena calidad de vida a sus ciudadanos.<\/p>\n\n\n\n<p>Un territorio que se considere inteligente tiene un car\u00e1cter multidimensional y multifac\u00e9tico en el que intervienen muchos actores relacionados con la log\u00edstica, la energ\u00eda, las telecomunicaciones y la administraci\u00f3n. La empresa espa\u00f1ola <strong>Ferrovial<\/strong>, a trav\u00e9s de sus m\u00faltiples unidades de negocios de transporte y servicios, es un actor clave en muchos de los aspectos que conforman una ciudad inteligente.<\/p>\n\n\n\n<p>Aspectos curiosos sobre las Smart Cities<\/p>\n\n\n\n<ul class=\"wp-block-list\">\n<li>Se puede considerar que la primera <em>smart city<\/em> de la historia fue la antigua Roma. All\u00ed se desarroll\u00f3 el urbanismo e instrumentos al servicio de los ciudadanos.<\/li>\n\n\n\n<li>En Espa\u00f1a, el 80% de la poblaci\u00f3n vive en ciudades.<\/li>\n<\/ul>\n<\/div><\/m-wysiwig>\n\n\n    <m-projects-distributor2 :translations='{\n        &quot;prev&quot;:&quot;Anterior&quot;,\n        &quot;next&quot;:&quot;Siguiente&quot;,\n        &quot;paginationseparator&quot;:&quot;de&quot;\n    }'>\n                        <h2 slot=\"title\">\n                Nuestros proyectos destacados                <\/h2>\n                        <a slot='button' title='Conoce nuestros proyectos ' href='https:\/\/www.ferrovial.com\/es\/cintra\/proyectos\/'>\n            Conoce nuestros proyectos         <\/a>\n\n            <\/m-projects-distributor2>\n\n    ","protected":false},"excerpt":{"rendered":"","protected":false},"featured_media":0,"parent":25267,"menu_order":0,"comment_status":"closed","ping_status":"closed","template":"","meta":{"_acf_changed":false,"footnotes":""},"class_list":["post-199279","page","type-page","status-publish","hentry"],"acf":[],"yoast_head":"<!-- This site is optimized with the Yoast SEO plugin v27.2 - https:\/\/yoast.com\/product\/yoast-seo-wordpress\/ -->\n<title>Smart City: qu\u00e9 es, caracter\u00edsticas, conoce el top 7 del mundo - Ferrovial<\/title>\n<meta name=\"description\" content=\"El t\u00e9rmino smart city, ciudad inteligente en espa\u00f1ol,surge a finales del siglo XX con la implementaci\u00f3n de nuevas tecnolog\u00edas y comunicaciones en el funcionamiento de las ciudades.\" \/>\n<meta name=\"robots\" content=\"index, follow, max-snippet:-1, max-image-preview:large, max-video-preview:-1\" \/>\n<link rel=\"canonical\" href=\"https:\/\/www.ferrovial.com\/es\/recursos\/smart-city\/\" \/>\n<meta property=\"og:locale\" content=\"es_ES\" \/>\n<meta property=\"og:type\" content=\"article\" \/>\n<meta property=\"og:title\" content=\"Smart City: qu\u00e9 es, caracter\u00edsticas, conoce el top 7 del mundo - Ferrovial\" \/>\n<meta property=\"og:description\" content=\"El t\u00e9rmino smart city, ciudad inteligente en espa\u00f1ol,surge a finales del siglo XX con la implementaci\u00f3n de nuevas tecnolog\u00edas y comunicaciones en el funcionamiento de las ciudades.\" \/>\n<meta property=\"og:url\" content=\"https:\/\/www.ferrovial.com\/es\/recursos\/smart-city\/\" \/>\n<meta property=\"og:site_name\" content=\"Ferrovial\" \/>\n<meta property=\"article:publisher\" content=\"https:\/\/www.facebook.com\/ferrovial\" \/>\n<meta property=\"article:modified_time\" content=\"2024-02-23T12:41:05+00:00\" \/>\n<meta name=\"twitter:card\" content=\"summary_large_image\" \/>\n<meta name=\"twitter:site\" content=\"@ferrovial\" \/>\n<meta name=\"twitter:label1\" content=\"Est. reading time\" \/>\n\t<meta name=\"twitter:data1\" content=\"4 minutos\" \/>\n<!-- \/ Yoast SEO plugin. -->","yoast_head_json":{"title":"Smart City: qu\u00e9 es, caracter\u00edsticas, conoce el top 7 del mundo - Ferrovial","description":"El t\u00e9rmino smart city, ciudad inteligente en espa\u00f1ol,surge a finales del siglo XX con la implementaci\u00f3n de nuevas tecnolog\u00edas y comunicaciones en el funcionamiento de las ciudades.","robots":{"index":"index","follow":"follow","max-snippet":"max-snippet:-1","max-image-preview":"max-image-preview:large","max-video-preview":"max-video-preview:-1"},"canonical":"https:\/\/www.ferrovial.com\/es\/recursos\/smart-city\/","og_locale":"es_ES","og_type":"article","og_title":"Smart City: qu\u00e9 es, caracter\u00edsticas, conoce el top 7 del mundo - Ferrovial","og_description":"El t\u00e9rmino smart city, ciudad inteligente en espa\u00f1ol,surge a finales del siglo XX con la implementaci\u00f3n de nuevas tecnolog\u00edas y comunicaciones en el funcionamiento de las ciudades.","og_url":"https:\/\/www.ferrovial.com\/es\/recursos\/smart-city\/","og_site_name":"Ferrovial","article_publisher":"https:\/\/www.facebook.com\/ferrovial","article_modified_time":"2024-02-23T12:41:05+00:00","twitter_card":"summary_large_image","twitter_site":"@ferrovial","twitter_misc":{"Est. reading time":"4 minutos"},"schema":{"@context":"https:\/\/schema.org","@graph":[{"@type":"WebPage","@id":"https:\/\/www.ferrovial.com\/es\/recursos\/smart-city\/","url":"https:\/\/www.ferrovial.com\/es\/recursos\/smart-city\/","name":"Smart City: qu\u00e9 es, caracter\u00edsticas, conoce el top 7 del mundo - Ferrovial","isPartOf":{"@id":"https:\/\/www.ferrovial.com\/es\/#website"},"datePublished":"2021-07-27T12:07:23+00:00","dateModified":"2024-02-23T12:41:05+00:00","description":"El t\u00e9rmino smart city, ciudad inteligente en espa\u00f1ol,surge a finales del siglo XX con la implementaci\u00f3n de nuevas tecnolog\u00edas y comunicaciones en el funcionamiento de las ciudades.","breadcrumb":{"@id":"https:\/\/www.ferrovial.com\/es\/recursos\/smart-city\/#breadcrumb"},"inLanguage":"es","potentialAction":[{"@type":"ReadAction","target":["https:\/\/www.ferrovial.com\/es\/recursos\/smart-city\/"]}]},{"@type":"BreadcrumbList","@id":"https:\/\/www.ferrovial.com\/es\/recursos\/smart-city\/#breadcrumb","itemListElement":[{"@type":"ListItem","position":1,"name":"Portada","item":"https:\/\/www.ferrovial.com\/es\/"},{"@type":"ListItem","position":2,"name":"Recursos","item":"https:\/\/www.ferrovial.com\/es\/recursos\/"},{"@type":"ListItem","position":3,"name":"Smart City"}]},{"@type":"WebSite","@id":"https:\/\/www.ferrovial.com\/es\/#website","url":"https:\/\/www.ferrovial.com\/es\/","name":"Ferrovial","description":"Welcome to the Ferrovial&#039;s website, global operator of sustainable infrastructure. Here you can find all the information about the company and subsidiaries.","publisher":{"@id":"https:\/\/www.ferrovial.com\/es\/#organization"},"potentialAction":[{"@type":"SearchAction","target":{"@type":"EntryPoint","urlTemplate":"https:\/\/www.ferrovial.com\/es\/?s={search_term_string}"},"query-input":{"@type":"PropertyValueSpecification","valueRequired":true,"valueName":"search_term_string"}}],"inLanguage":"es"},{"@type":"Organization","@id":"https:\/\/www.ferrovial.com\/es\/#organization","name":"Ferrovial S.A.","url":"https:\/\/www.ferrovial.com\/es\/","logo":{"@type":"ImageObject","inLanguage":"es","@id":"https:\/\/www.ferrovial.com\/es\/#\/schema\/logo\/image\/","url":"https:\/\/static.ferrovial.com\/wp-content\/uploads\/2020\/01\/13124948\/logo-ferrovial-cf7.png","contentUrl":"https:\/\/static.ferrovial.com\/wp-content\/uploads\/2020\/01\/13124948\/logo-ferrovial-cf7.png","width":144,"height":32,"caption":"Ferrovial S.A."},"image":{"@id":"https:\/\/www.ferrovial.com\/es\/#\/schema\/logo\/image\/"},"sameAs":["https:\/\/www.facebook.com\/ferrovial","https:\/\/x.com\/ferrovial","https:\/\/www.instagram.com\/ferrovial\/","https:\/\/www.linkedin.com\/company\/ferrovial","https:\/\/www.pinterest.es\/ferrovial\/","https:\/\/www.youtube.com\/ferrovial","https:\/\/en.wikipedia.org\/wiki\/Ferrovial"]}]}},"_links":{"self":[{"href":"https:\/\/www.ferrovial.com\/es\/wp-json\/wp\/v2\/pages\/199279","targetHints":{"allow":["GET"]}}],"collection":[{"href":"https:\/\/www.ferrovial.com\/es\/wp-json\/wp\/v2\/pages"}],"about":[{"href":"https:\/\/www.ferrovial.com\/es\/wp-json\/wp\/v2\/types\/page"}],"replies":[{"embeddable":true,"href":"https:\/\/www.ferrovial.com\/es\/wp-json\/wp\/v2\/comments?post=199279"}],"version-history":[{"count":3,"href":"https:\/\/www.ferrovial.com\/es\/wp-json\/wp\/v2\/pages\/199279\/revisions"}],"predecessor-version":[{"id":276063,"href":"https:\/\/www.ferrovial.com\/es\/wp-json\/wp\/v2\/pages\/199279\/revisions\/276063"}],"up":[{"embeddable":true,"href":"https:\/\/www.ferrovial.com\/es\/wp-json\/wp\/v2\/pages\/25267"}],"wp:attachment":[{"href":"https:\/\/www.ferrovial.com\/es\/wp-json\/wp\/v2\/media?parent=199279"}],"curies":[{"name":"wp","href":"https:\/\/api.w.org\/{rel}","templated":true}]}}