{"id":199455,"date":"2021-07-28T09:34:47","date_gmt":"2021-07-28T07:34:47","guid":{"rendered":"https:\/\/www.ferrovial.com\/?page_id=199455"},"modified":"2024-12-16T19:12:00","modified_gmt":"2024-12-16T18:12:00","slug":"museos","status":"publish","type":"page","link":"https:\/\/www.ferrovial.com\/es\/recursos\/museos\/","title":{"rendered":"Museos"},"content":{"rendered":"    <m-final-content-header >\n            <c-breadcrumb label-text=\"Breadcrumb\" slot=\"breadcrumbs\" type='2' align='left' wrap='wrapped wrapped' aria-label='Vienes de Recursos'>\n                        <ol>\n\n                                                            <li><a href=\"https:\/\/www.ferrovial.com\/es\/\" title=\"Ferrovial\">Ferrovial<\/a><\/li>\n                                                                        <li><a href=\"https:\/\/www.ferrovial.com\/es\/recursos\/\" title=\"Recursos\">Recursos<\/a><\/li>\n                                    \n                <\/ol>\n\n                <\/c-breadcrumb>\n    \n        <div slot=\"header\">\n            <h1>\n                Museos            <\/h1>\n                    <\/div>\n    <\/m-final-content-header>\n\n    \n\n\n<p><script type=\"application\/ld+json\">\n{\n  \"@context\": \"https:\/\/schema.org\",\n  \"@type\": \"FAQPage\",\n  \"mainEntity\": [{\n    \"@type\": \"Question\",\n    \"name\": \"\u00bfQu\u00e9 es un museo?\",\n    \"acceptedAnswer\": {\n      \"@type\": \"Answer\",\n      \"text\": \"Un museo es una instituci\u00f3n p\u00fablica o privada, permanente, con o sin fines de lucro,  abierta al p\u00fablico y al servicio de la sociedad y de su desarrollo. Los museos adquieren, conservan, restauran, investigan, comunican y exhiben bienes de inter\u00e9s cultural.\"\n    }\n  },{\n    \"@type\": \"Question\",\n    \"name\": \"\u00bfCu\u00e1les son las caracter\u00edsticas de un museo?\",\n    \"acceptedAnswer\": {\n      \"@type\": \"Answer\",\n      \"text\": \"La arquitectura de un museo debe tomar en cuenta: iluminaci\u00f3n, accesibilidad, distribuci\u00f3n del espacio, preservaci\u00f3n del patrimonio cultural, seguridad, log\u00edstica, etc. Por su parte, las colecciones no son una simple acumulaci\u00f3n de objetos y documentos, sino que deben recopilarse, almacenarse y mostrarse de forma coherente y siguiendo hilos conceptuales.\"\n    }\n  },{\n    \"@type\": \"Question\",\n    \"name\": \"\u00bfC\u00f3mo se clasifican los museos?\",\n    \"acceptedAnswer\": {\n      \"@type\": \"Answer\",\n      \"text\": \"Arte\nHistoria Natural\nArqueol\u00f3gico\nMonogr\u00e1fico\nHist\u00f3rico\nCiencia y T\u00e9cnica\nAgricultura y productos del suelo\"\n    }\n  },{\n    \"@type\": \"Question\",\n    \"name\": \"\u00bfCu\u00e1les son los principales museos en el mundo?\",\n    \"acceptedAnswer\": {\n      \"@type\": \"Answer\",\n      \"text\": \"1. Smithsonian Institution, Washington, Estados Unidos\n2. Museo del Louvre, Par\u00eds, Francia\n3. Museo de la Acr\u00f3polis, Atenas, Grecia\n4. State Hermitage, San Petersburgo, Rusia\n5. British Museum, Londres, Inglaterra\n6. Museo del Prado, Madrid, Espa\u00f1a\n7. Metropolitan Museum of Art, Nueva York, Estados Unidos\n8. Museos Vaticanos, Ciudad del Vaticano, Italia\n9. Galer\u00eda de los Uffizi, Florencia, Italia\n10. Rijksmuseum, Amsterdam, Pa\u00edses Bajos\"\n    }\n  },{\n    \"@type\": \"Question\",\n    \"name\": \"\u00bfCu\u00e1les son los retos del futuro?\",\n    \"acceptedAnswer\": {\n      \"@type\": \"Answer\",\n      \"text\": \"Las nuevas tecnolog\u00edas suponen una revoluci\u00f3n cultural que tambi\u00e9n afecta la percepci\u00f3n de los museos. Actualmente, los muse\u00f3logos buscan incorporar la realidad virtual para lograr experiencias inmersivas y facilitar el acceso a la informaci\u00f3n, as\u00ed como potenciar el inter\u00e9s del p\u00fablico.\"\n    }\n  },{\n    \"@type\": \"Question\",\n    \"name\": \"\u00bfQu\u00e9 referente en cuanto a museos existe en Espa\u00f1a?\",\n    \"acceptedAnswer\": {\n      \"@type\": \"Answer\",\n      \"text\": \"Espa\u00f1a cuenta con m\u00e1s de 1500 museos y colecciones museogr\u00e1ficas. Posiblemente, el museo del Prado sea el m\u00e1s importante, con su colecci\u00f3n de entre los siglos XVI y XIX que incluye a Vel\u00e1zquez, Goya, El Greco y Murillo, pero tambi\u00e9n a Rubens, Tintoretto, Tiziano y El Bosco. En el arte contempor\u00e1neo, destacan el museo Reina Sof\u00eda, tambi\u00e9n en Madrid, y el Guggenheim, de Bilbao.\"\n    }\n  }]\n}\n<\/script><\/p>\n\n\n\n<m-wysiwig class=\"wp-block-components-wysiwyg\"><div slot=\"maincontent\">\n<h2 class=\"wp-block-heading\">\u00bfQu\u00e9 es un museo?<\/h2>\n\n\n\n<p>Un museo es una instituci\u00f3n p\u00fablica o privada, permanente, con o sin fines de lucro,&nbsp; abierta al p\u00fablico y al servicio de la sociedad y de su desarrollo. Los museos adquieren, conservan, restauran, investigan, comunican y <strong>exhiben bienes de inter\u00e9s cultural<\/strong>.<\/p>\n\n\n\n<p>El t\u00e9rmino <em>museo<\/em> proviene del lat\u00edn <em>mus\u0113um<\/em>; y este, a su vez, del griego <em>museion<\/em>, templo y lugar dedicado a las musas, inspiradoras de la m\u00fasica y el arte. Es por esto que la palabra <em>museo<\/em> evoca inmediatamente la palabra <em>arte<\/em>. Sin embargo, existen muchos tipos de museos, incluyendo los dedicados a aspectos m\u00e1s pragm\u00e1ticos de la vida.<\/p>\n\n\n\n<h2 class=\"wp-block-heading\">\u00bfCu\u00e1les son las caracter\u00edsticas de un museo?<\/h2>\n\n\n\n<p>La arquitectura de un museo debe tomar en cuenta: iluminaci\u00f3n, accesibilidad, distribuci\u00f3n del espacio, preservaci\u00f3n del patrimonio cultural, seguridad, log\u00edstica, etc. Por su parte, las colecciones no son una simple acumulaci\u00f3n de objetos y documentos, sino que deben recopilarse, almacenarse y mostrarse de forma coherente y siguiendo hilos conceptuales.<\/p>\n\n\n\n<p>Desde el punto de vista de la comunicaci\u00f3n, un museo tiene que desarrollar diversas estrategias para conseguir uno de sus objetivos primarios: la<strong> difusi\u00f3n.<\/strong> Para ellos, se sirve de herramientas como cat\u00e1logos, exposiciones temporales, conferencias, visitas comentadas, redes sociales, etc.<\/p>\n\n\n\n<p>Los museos tambi\u00e9n deben contar con un \u00e1rea de investigaci\u00f3n, y con comunicaci\u00f3n y colaboraci\u00f3n entre ellos para lograr el fin com\u00fan de <strong>preservaci\u00f3n y divulgaci\u00f3n<\/strong>.<\/p>\n\n\n\n<h2 class=\"wp-block-heading\">\u00bfC\u00f3mo se clasifican los museos?&nbsp;<\/h2>\n\n\n\n<p>Los museos se clasifican con fines organizativos y estad\u00edsticos seg\u00fan su titularidad, \u00e1mbito geogr\u00e1fico de cobertura de las colecciones y contenido tem\u00e1tico. El Consejo Internacional de Museos (ICOM) establece esta clasificaci\u00f3n seg\u00fan el contenido tem\u00e1tico de las colecciones:<\/p>\n\n\n\n<ol class=\"wp-block-list\">\n<li>Arte<\/li>\n\n\n\n<li>Historia Natural<\/li>\n\n\n\n<li>Arqueol\u00f3gico<\/li>\n\n\n\n<li>Monogr\u00e1fico<\/li>\n\n\n\n<li>Hist\u00f3rico<\/li>\n\n\n\n<li>Ciencia y T\u00e9cnica<\/li>\n\n\n\n<li>Agricultura y productos del suelo<\/li>\n<\/ol>\n\n\n\n<h2 class=\"wp-block-heading\">\u00bfCu\u00e1les son los principales museos en el mundo?&nbsp;<\/h2>\n\n\n\n<p>Seg\u00fan el libro <em>The 10 Best of Everything<\/em>, de National Geographic, 2021, los 10 mejores museos y galer\u00edas del mundo son:<\/p>\n\n\n\n<p><strong>1. Smithsonian Institution, Washington, Estados Unidos<\/strong><\/p>\n\n\n\n<p>Es el complejo muse\u00edstico m\u00e1s grande del mundo, con 19 museos y galer\u00edas, la National Zoological Park y varias instalaciones de investigaci\u00f3n. Cuenta con m\u00e1s de<strong> 137 millones de objetos.<\/strong><\/p>\n\n\n\n<p>Las principales atracciones son: la aeronave de los hermanos Wright, el m\u00f3dulo de comando del Apolo 11 y el original del himno de los Estados Unidos.<\/p>\n\n\n\n<p><strong>2. Museo del Louvre, Par\u00eds, Francia<\/strong><\/p>\n\n\n\n<p>Antes de ser museo, el edificio fue una <strong>fortaleza medieval<\/strong> y el palacio de los reyes de Francia. La famosa pir\u00e1mide de Ieoh Ming Pei se convirti\u00f3 en la entrada principal en 1989.<\/p>\n\n\n\n<p>Las colecciones abarcan desde la antig\u00fcedad hasta la primera mitad del siglo XIX, y las principales atracciones son la <strong><em>Venus <\/em>de Milo<\/strong>, la <em>Victoria de Samotracia<\/em> y la <strong><em>Mona Lisa<\/em>.<\/strong><\/p>\n\n\n\n<p><strong>3. Museo de la Acr\u00f3polis, Atenas, Grecia<\/strong><\/p>\n\n\n\n<p>Lo constituyen galer\u00edas, antiguos templos, excavaciones de asentamientos y un suelo de cristal para pasear por la historia y aproximarse a la que fue la vida ateniense.<\/p>\n\n\n\n<p>Su principal atracci\u00f3n es el friso del <strong>Parten\u00f3n,<\/strong> montado sobre una estructura con las dimensiones del original.<\/p>\n\n\n\n<p><strong>4. State Hermitage, San Petersburgo, Rusia<\/strong><\/p>\n\n\n\n<p>Ocupa seis edificios de estructura barroca. Fue fundado por <strong>Catalina la Grande<\/strong>, quien tambi\u00e9n compr\u00f3 255 pinturas de los mayores maestros mundiales. Actualmente, conserva m\u00e1s de tres millones de art\u00edculos desde la Edad de Piedra hasta principios del siglo XX.<\/p>\n\n\n\n<p>Las principales atracciones son: la galer\u00eda del tesoro de oro y la colecci\u00f3n privada de Nicol\u00e1s II (con pinturas, dibujos y medallas).<\/p>\n\n\n\n<p><strong>5. British Museum, Londres, Inglaterra<\/strong><\/p>\n\n\n\n<p>Cuenta con una colecci\u00f3n de <strong>arqueolog\u00eda y etnograf\u00eda<\/strong> de m\u00e1s de ocho millones de objetos, desde huesos prehist\u00f3ricos y trozos del Parten\u00f3n, hasta habitaciones de palacios asirios y joyas de oro.<\/p>\n\n\n\n<p>La principal atracci\u00f3n es la galer\u00eda egipcia, con la segunda mejor colecci\u00f3n del mundo, que incluye la <strong>Piedra Rosetta<\/strong> (196 a.C.).<\/p>\n\n\n\n<p><strong>6. Museo del Prado, Madrid, Espa\u00f1a<\/strong><\/p>\n\n\n\n<p>Recoge la colecci\u00f3n reunida por la familia real durante siglos. Fue abierta al p\u00fablico en <strong>1819<\/strong> por Fernando VII. Muestra a los mayores exponentes de la pintura espa\u00f1ola, pero tambi\u00e9n grandes colecciones de italianos y flamencos.&nbsp;<\/p>\n\n\n\n<p>Las principales atracciones son: <em>Las tres gracias<\/em>, de Rubens; <em><strong>Las meninas<\/strong><\/em>, de Vel\u00e1zquez; y <em>El jard\u00edn de las delicias<\/em>, de El Bosco.<\/p>\n\n\n\n<p><strong>7. Metropolitan Museum of Art, Nueva York, Estados Unidos<\/strong><\/p>\n\n\n\n<p>Su colecci\u00f3n de m\u00e1s de dos millones de art\u00edculos incluye, entre otros, pinturas europeas, antig\u00fcedades egipcias y arte y artesan\u00eda americanos, y abarca un amplio per\u00edodo y espacio geogr\u00e1fico.<\/p>\n\n\n\n<p>Las principales atracciones son: <em><strong>Ad\u00e1n y Eva<\/strong><\/em>, de Durero; la tumba de Perneb (circa 2440 a.C.) y el templo de Dendur (circa 23-10 a.C.), el trabajo de Frank Lloyd Wright.<\/p>\n\n\n\n<p><strong>8. Museos Vaticanos, Ciudad del Vaticano, Italia<\/strong><\/p>\n\n\n\n<p>Consta de <strong>veintid\u00f3s colecciones<\/strong> recopiladas por los sumos pont\u00edfices durante siglos. Cuenta con escultura cl\u00e1sica, pinacoteca con pinturas medievales y renacentistas, un ala egipcia y una etrusca, y hasta arte contempor\u00e1neo.<\/p>\n\n\n\n<p>Las principales atracciones son: la <strong>Capilla Sixtina<\/strong> y las estancias de<strong> Rafael<\/strong>.<\/p>\n\n\n\n<p><strong>9. Galer\u00eda de los Uffizi, Florencia, Italia<\/strong><\/p>\n\n\n\n<p>Posee la mejor colecci\u00f3n del mundo de maestros del<strong> renacimiento<\/strong>, pero tambi\u00e9n obras de los grandes pintores medievales, barrocos y manieristas.<\/p>\n\n\n\n<p>La atracci\u00f3n principal es <em><strong>El nacimiento de Venus<\/strong><\/em>, de Botticelli.<\/p>\n\n\n\n<p><strong>10. Rijksmuseum, Amsterdam, Pa\u00edses Bajos<\/strong><\/p>\n\n\n\n<p>Fue fundado en 1800 para exhibir las colecciones de los estadistas holandeses, compuestas por unas 900.000 piezas de arte e historia de los Pa\u00edses Bajos.<\/p>\n\n\n\n<p>Su principal atractivo son las pinturas de los maestros holandeses del siglo XVIII (Ruysdael, Frans Hals, Vermeer y Rembrandt); en particular, <em><strong>La ronda nocturna<\/strong><\/em>, de Rembrandt.<\/p>\n\n\n\n<h2 class=\"wp-block-heading\">\u00bfCu\u00e1les son los retos del futuro?<\/h2>\n\n\n\n<p>Las nuevas tecnolog\u00edas suponen una revoluci\u00f3n cultural que tambi\u00e9n afecta la percepci\u00f3n de los museos. Actualmente, los muse\u00f3logos buscan incorporar la<strong> realidad virtual <\/strong>para lograr experiencias inmersivas y facilitar el acceso a la informaci\u00f3n, as\u00ed como potenciar el inter\u00e9s del p\u00fablico.<\/p>\n\n\n\n<h2 class=\"wp-block-heading\">\u00bfQu\u00e9 referente en cuanto a museos existe en Espa\u00f1a?<\/h2>\n\n\n\n<p>Espa\u00f1a cuenta con m<strong>\u00e1s de 1500 museos y colecciones<\/strong> museogr\u00e1ficas. Posiblemente, el <strong>museo del Prado<\/strong> sea el m\u00e1s importante, con su colecci\u00f3n de entre los siglos XVI y XIX que incluye a Vel\u00e1zquez, Goya, El Greco y Murillo, pero tambi\u00e9n a Rubens, Tintoretto, Tiziano y El Bosco. En el arte contempor\u00e1neo, destacan el <strong>museo Reina Sof\u00eda<\/strong>, tambi\u00e9n en Madrid, y el<strong> Guggenheim<\/strong>, de Bilbao.<\/p>\n\n\n\n<p>El <a href=\"http:\/\/directoriomuseos.mcu.es\/dirmuseos\/mostrarBusquedaGeneral.do\" class=\"ek-link\"><strong>Directorio de Museos y Colecciones de Espa\u00f1a<\/strong><\/a> permite conocer la lista completa de museos de Espa\u00f1a.&nbsp;<\/p>\n\n\n\n<p>Aspectos curiosos sobre los museos<\/p>\n\n\n\n<ul class=\"wp-block-list\">\n<li>El t\u00e9rmino <em>museion<\/em> designaba un conjunto que serv\u00eda como santuario y centro de investigaci\u00f3n construido en Alejandr\u00eda hacia el 280 a. C. por Ptolomeo I S\u00f3ter. Desapareci\u00f3 en la quema de la biblioteca de Alejandr\u00eda.<\/li>\n\n\n\n<li>El museo de Ennigaldi-Nanna fue construido al final del Imperio neobabil\u00f3nico en el 530 a.C., aproximadamente. Conten\u00eda artefactos de civilizaciones mesopot\u00e1micas, incluyendo un tambor de arcilla con cartela escrita en tres idiomas.<\/li>\n\n\n\n<li>En 2018 el Louvre y el Museo Nacional de China recibieron m\u00e1s de 8 millones de turistas. El Prado se acerc\u00f3 a los 3 millones.<\/li>\n\n\n\n<li>En Espa\u00f1a, los visitantes atra\u00eddos por la cultura son un 10% del total. Los museos son visitados por m\u00e1s de 12 millones de turistas.<\/li>\n\n\n\n<li>En el Smithsonian hay tantas piezas que si se viera una obra por minuto, d\u00eda y noche, en diez a\u00f1os solo se habr\u00eda visto el 10% del total.\u00a0<\/li>\n<\/ul>\n<\/div><\/m-wysiwig>\n\n\n    <m-projects-distributor2 :translations='{\n        &quot;prev&quot;:&quot;Anterior&quot;,\n        &quot;next&quot;:&quot;Siguiente&quot;,\n        &quot;paginationseparator&quot;:&quot;de&quot;\n    }'>\n                        <h2 slot=\"title\">\n                Nuestros proyectos destacados                <\/h2>\n                        <a slot='button' title='Conoce nuestros proyectos ' href='https:\/\/www.ferrovial.com\/es\/cintra\/proyectos\/'>\n            Conoce nuestros proyectos         <\/a>\n\n            <\/m-projects-distributor2>\n\n    ","protected":false},"excerpt":{"rendered":"","protected":false},"featured_media":0,"parent":25267,"menu_order":0,"comment_status":"closed","ping_status":"closed","template":"","meta":{"_acf_changed":false,"footnotes":""},"class_list":["post-199455","page","type-page","status-publish","hentry"],"acf":[],"yoast_head":"<!-- This site is optimized with the Yoast SEO plugin v27.2 - https:\/\/yoast.com\/product\/yoast-seo-wordpress\/ -->\n<title>Museos: caracter\u00edsticas, clasificaci\u00f3n y principales museos del mundo<\/title>\n<meta name=\"description\" content=\"Los museos adquieren, conservan, restauran, investigan, comunican y exhiben bienes de inter\u00e9s cultural. Se clasifican seg\u00fan su titularidad, \u00e1mbito geogr\u00e1fico de cobertura de las colecciones y contenido tem\u00e1tico.\" \/>\n<meta name=\"robots\" content=\"index, follow, max-snippet:-1, max-image-preview:large, max-video-preview:-1\" \/>\n<link rel=\"canonical\" href=\"https:\/\/www.ferrovial.com\/es\/recursos\/museos\/\" \/>\n<meta property=\"og:locale\" content=\"es_ES\" \/>\n<meta property=\"og:type\" content=\"article\" \/>\n<meta property=\"og:title\" content=\"Museos: caracter\u00edsticas, clasificaci\u00f3n y principales museos del mundo\" \/>\n<meta property=\"og:description\" content=\"Los museos adquieren, conservan, restauran, investigan, comunican y exhiben bienes de inter\u00e9s cultural. Se clasifican seg\u00fan su titularidad, \u00e1mbito geogr\u00e1fico de cobertura de las colecciones y contenido tem\u00e1tico.\" \/>\n<meta property=\"og:url\" content=\"https:\/\/www.ferrovial.com\/es\/recursos\/museos\/\" \/>\n<meta property=\"og:site_name\" content=\"Ferrovial\" \/>\n<meta property=\"article:publisher\" content=\"https:\/\/www.facebook.com\/ferrovial\" \/>\n<meta property=\"article:modified_time\" content=\"2024-12-16T18:12:00+00:00\" \/>\n<meta name=\"twitter:card\" content=\"summary_large_image\" \/>\n<meta name=\"twitter:site\" content=\"@ferrovial\" \/>\n<meta name=\"twitter:label1\" content=\"Est. reading time\" \/>\n\t<meta name=\"twitter:data1\" content=\"6 minutos\" \/>\n<!-- \/ Yoast SEO plugin. -->","yoast_head_json":{"title":"Museos: caracter\u00edsticas, clasificaci\u00f3n y principales museos del mundo","description":"Los museos adquieren, conservan, restauran, investigan, comunican y exhiben bienes de inter\u00e9s cultural. Se clasifican seg\u00fan su titularidad, \u00e1mbito geogr\u00e1fico de cobertura de las colecciones y contenido tem\u00e1tico.","robots":{"index":"index","follow":"follow","max-snippet":"max-snippet:-1","max-image-preview":"max-image-preview:large","max-video-preview":"max-video-preview:-1"},"canonical":"https:\/\/www.ferrovial.com\/es\/recursos\/museos\/","og_locale":"es_ES","og_type":"article","og_title":"Museos: caracter\u00edsticas, clasificaci\u00f3n y principales museos del mundo","og_description":"Los museos adquieren, conservan, restauran, investigan, comunican y exhiben bienes de inter\u00e9s cultural. Se clasifican seg\u00fan su titularidad, \u00e1mbito geogr\u00e1fico de cobertura de las colecciones y contenido tem\u00e1tico.","og_url":"https:\/\/www.ferrovial.com\/es\/recursos\/museos\/","og_site_name":"Ferrovial","article_publisher":"https:\/\/www.facebook.com\/ferrovial","article_modified_time":"2024-12-16T18:12:00+00:00","twitter_card":"summary_large_image","twitter_site":"@ferrovial","twitter_misc":{"Est. reading time":"6 minutos"},"schema":{"@context":"https:\/\/schema.org","@graph":[{"@type":"WebPage","@id":"https:\/\/www.ferrovial.com\/es\/recursos\/museos\/","url":"https:\/\/www.ferrovial.com\/es\/recursos\/museos\/","name":"Museos: caracter\u00edsticas, clasificaci\u00f3n y principales museos del mundo","isPartOf":{"@id":"https:\/\/www.ferrovial.com\/es\/#website"},"datePublished":"2021-07-28T07:34:47+00:00","dateModified":"2024-12-16T18:12:00+00:00","description":"Los museos adquieren, conservan, restauran, investigan, comunican y exhiben bienes de inter\u00e9s cultural. Se clasifican seg\u00fan su titularidad, \u00e1mbito geogr\u00e1fico de cobertura de las colecciones y contenido tem\u00e1tico.","breadcrumb":{"@id":"https:\/\/www.ferrovial.com\/es\/recursos\/museos\/#breadcrumb"},"inLanguage":"es","potentialAction":[{"@type":"ReadAction","target":["https:\/\/www.ferrovial.com\/es\/recursos\/museos\/"]}]},{"@type":"BreadcrumbList","@id":"https:\/\/www.ferrovial.com\/es\/recursos\/museos\/#breadcrumb","itemListElement":[{"@type":"ListItem","position":1,"name":"Portada","item":"https:\/\/www.ferrovial.com\/es\/"},{"@type":"ListItem","position":2,"name":"Recursos","item":"https:\/\/www.ferrovial.com\/es\/recursos\/"},{"@type":"ListItem","position":3,"name":"Museos"}]},{"@type":"WebSite","@id":"https:\/\/www.ferrovial.com\/es\/#website","url":"https:\/\/www.ferrovial.com\/es\/","name":"Ferrovial","description":"Welcome to the Ferrovial&#039;s website, global operator of sustainable infrastructure. Here you can find all the information about the company and subsidiaries.","publisher":{"@id":"https:\/\/www.ferrovial.com\/es\/#organization"},"potentialAction":[{"@type":"SearchAction","target":{"@type":"EntryPoint","urlTemplate":"https:\/\/www.ferrovial.com\/es\/?s={search_term_string}"},"query-input":{"@type":"PropertyValueSpecification","valueRequired":true,"valueName":"search_term_string"}}],"inLanguage":"es"},{"@type":"Organization","@id":"https:\/\/www.ferrovial.com\/es\/#organization","name":"Ferrovial S.A.","url":"https:\/\/www.ferrovial.com\/es\/","logo":{"@type":"ImageObject","inLanguage":"es","@id":"https:\/\/www.ferrovial.com\/es\/#\/schema\/logo\/image\/","url":"https:\/\/static.ferrovial.com\/wp-content\/uploads\/2020\/01\/13124948\/logo-ferrovial-cf7.png","contentUrl":"https:\/\/static.ferrovial.com\/wp-content\/uploads\/2020\/01\/13124948\/logo-ferrovial-cf7.png","width":144,"height":32,"caption":"Ferrovial S.A."},"image":{"@id":"https:\/\/www.ferrovial.com\/es\/#\/schema\/logo\/image\/"},"sameAs":["https:\/\/www.facebook.com\/ferrovial","https:\/\/x.com\/ferrovial","https:\/\/www.instagram.com\/ferrovial\/","https:\/\/www.linkedin.com\/company\/ferrovial","https:\/\/www.pinterest.es\/ferrovial\/","https:\/\/www.youtube.com\/ferrovial","https:\/\/en.wikipedia.org\/wiki\/Ferrovial"]}]}},"_links":{"self":[{"href":"https:\/\/www.ferrovial.com\/es\/wp-json\/wp\/v2\/pages\/199455","targetHints":{"allow":["GET"]}}],"collection":[{"href":"https:\/\/www.ferrovial.com\/es\/wp-json\/wp\/v2\/pages"}],"about":[{"href":"https:\/\/www.ferrovial.com\/es\/wp-json\/wp\/v2\/types\/page"}],"replies":[{"embeddable":true,"href":"https:\/\/www.ferrovial.com\/es\/wp-json\/wp\/v2\/comments?post=199455"}],"version-history":[{"count":3,"href":"https:\/\/www.ferrovial.com\/es\/wp-json\/wp\/v2\/pages\/199455\/revisions"}],"predecessor-version":[{"id":296165,"href":"https:\/\/www.ferrovial.com\/es\/wp-json\/wp\/v2\/pages\/199455\/revisions\/296165"}],"up":[{"embeddable":true,"href":"https:\/\/www.ferrovial.com\/es\/wp-json\/wp\/v2\/pages\/25267"}],"wp:attachment":[{"href":"https:\/\/www.ferrovial.com\/es\/wp-json\/wp\/v2\/media?parent=199455"}],"curies":[{"name":"wp","href":"https:\/\/api.w.org\/{rel}","templated":true}]}}