{"id":199487,"date":"2021-07-28T10:43:14","date_gmt":"2021-07-28T08:43:14","guid":{"rendered":"https:\/\/www.ferrovial.com\/?page_id=199487"},"modified":"2024-09-16T22:01:29","modified_gmt":"2024-09-16T20:01:29","slug":"arquitectos","status":"publish","type":"page","link":"https:\/\/www.ferrovial.com\/es\/recursos\/arquitectos\/","title":{"rendered":"Arquitectos"},"content":{"rendered":"    <m-final-content-header >\n            <c-breadcrumb label-text=\"Breadcrumb\" slot=\"breadcrumbs\" type='2' align='left' wrap='wrapped wrapped' aria-label='Vienes de Recursos'>\n                        <ol>\n\n                                                            <li><a href=\"https:\/\/www.ferrovial.com\/es\/\" title=\"Ferrovial\">Ferrovial<\/a><\/li>\n                                                                        <li><a href=\"https:\/\/www.ferrovial.com\/es\/recursos\/\" title=\"Recursos\">Recursos<\/a><\/li>\n                                    \n                <\/ol>\n\n                <\/c-breadcrumb>\n    \n        <div slot=\"header\">\n            <h1>\n                Arquitectos            <\/h1>\n                    <\/div>\n    <\/m-final-content-header>\n\n    \n\n\n<p><script type=\"application\/ld+json\">\n{\n  \"@context\": \"https:\/\/schema.org\",\n  \"@type\": \"FAQPage\",\n  \"mainEntity\": [{\n    \"@type\": \"Question\",\n    \"name\": \"\u00bfQu\u00e9 es un arquitecto?\",\n    \"acceptedAnswer\": {\n      \"@type\": \"Answer\",\n      \"text\": \"Hoy en d\u00eda, un arquitecto es un profesional altamente especializado que se encarga de dise\u00f1ar, proyectar y supervisar construcciones de peque\u00f1a, mediana y gran escala.\"\n    }\n  },{\n    \"@type\": \"Question\",\n    \"name\": \"\u00bfQu\u00e9 v\u00ednculo existe entre arquitectura y desarrollo?\",\n    \"acceptedAnswer\": {\n      \"@type\": \"Answer\",\n      \"text\": \"Arquitectos e ingenieros desarrollan y construyen (o intervienen) infraestructuras innovadoras de calidad con originalidad y personalidad, para impactar en el desarrollo total de un n\u00facleo urbano, de una regi\u00f3n o de un pa\u00eds\"\n    }\n  },{\n    \"@type\": \"Question\",\n    \"name\": \"\u00bfCu\u00e1l ha sido la relaci\u00f3n entre Ferrovial y los arquitectos?\",\n    \"acceptedAnswer\": {\n      \"@type\": \"Answer\",\n      \"text\": \"La colaboraci\u00f3n con arquitectos destacados de talla mundial ha permitido que Ferrovial saque adelante algunos de los proyectos m\u00e1s vibrantes de los \u00faltimos tiempos:\n'<ul>'\n   '<li>'Museo Guggenheim de Bilbao: Uno de los edificios m\u00e1s representativos de la arquitectura deconstructivista dise\u00f1ado por Frank Gehry'<\/li>'\n   '<li>'T2 del Aeropuerto de Heathrow: la terminal del aeropuerto londinense implementa tecnolog\u00edas innovadoras que reducir\u00e1n la huella de carbono en un 40%. El dise\u00f1o fue comandado por Norman Foster, en colaboraci\u00f3n con el prestigioso arquitecto espa\u00f1ol Luis Vidal.'<\/li>'\n   '<li>'T4 del Aeropuerto de Barajas: La espectacular estructura de la terminal madrile\u00f1a fue dise\u00f1ada por el prestigioso arquitecto brit\u00e1nico Richard Rogers<\/li>'\n'<\/ul>'\"\n    }\n  }]\n}\n<\/script><\/p>\n\n\n\n<m-wysiwig class=\"wp-block-components-wysiwyg\"><div slot=\"maincontent\">\n<h2 class=\"wp-block-heading\">\u00bfQu\u00e9 es un arquitecto?<\/h2>\n\n\n\n<p>En su origen griego, la palabra <em>arquitecto<\/em> significaba, literalmente, <em>constructor en jefe<\/em>. Hoy en d\u00eda, un arquitecto es un profesional altamente especializado que se encarga de<strong> dise\u00f1ar, proyectar y supervisar construcciones<\/strong> de peque\u00f1a, mediana y gran escala. Para ejercer, un arquitecto debe poseer un t\u00edtulo universitario y estar colegiado en la zona del mundo en la que trabaje.<\/p>\n\n\n\n<p>En la ejecuci\u00f3n de su trabajo, los arquitectos deben tomar en cuenta un gran n\u00famero de aspectos; por ejemplo: funcionales, est\u00e9ticos, ambientales, culturales, t\u00e9cnicos, econ\u00f3micos, etc. En el desarrollo de un proyecto entero, los arquitectos trabajan estrechamente con un equipo de otros profesionales, como ingenieros, contratistas, etc.<\/p>\n\n\n\n<h2 class=\"wp-block-heading\">\u00bfQu\u00e9 v\u00ednculo existe entre arquitectura y desarrollo?&nbsp;<\/h2>\n\n\n\n<p>Un buen trabajo de dise\u00f1o arquitect\u00f3nico implica respetar la historia del lugar en el que se va a ejecutar el proyecto con miras al futuro. Arquitectos e ingenieros desarrollan y construyen (o intervienen) infraestructuras innovadoras de calidad con originalidad y personalidad, para <strong>impactar en el desarrollo total<\/strong> de un n\u00facleo urbano, de una regi\u00f3n o de un pa\u00eds. El resultado de este trabajo se convertir\u00e1 en referente y base de desarrollo para futuros proyectos arquitect\u00f3nicos y permanecer\u00e1 en el imaginario colectivo de miles de personas.<\/p>\n\n\n\n<h2 class=\"wp-block-heading\">\u00bfCu\u00e1l ha sido la relaci\u00f3n entre Ferrovial y los arquitectos?<\/h2>\n\n\n\n<p>La colaboraci\u00f3n con arquitectos destacados de talla mundial ha permitido que Ferrovial saque adelante algunos de los proyectos m\u00e1s vibrantes de los \u00faltimos tiempos; por ejemplo:<\/p>\n\n\n\n<p><strong>Museo Guggenheim de Bilbao:<\/strong><\/p>\n\n\n\n<p>Uno de los edificios m\u00e1s representativos de la<strong> arquitectura deconstructivista<\/strong>. Ha sido reconocido con diversos galardones y ha tenido un impacto contundente en la actividad tur\u00edstica de la ciudad, que se ha consolidado como una referencia cultural a nivel mundial.<\/p>\n\n\n\n<p>Fue dise\u00f1ado por el arquitecto canadiense <strong>Frank Gehry (1929)<\/strong>, quien se form\u00f3 en la Universidad del Sur de California, Harvard, la Graduate School of Design (tambi\u00e9n de Harvard) y la USC School of Architecture. Adem\u00e1s de arquitecto, es escultor y dise\u00f1ador. Entre sus obras notables tambi\u00e9n se encuentran: la 8 Spruce Street, la Fundaci\u00f3n Louis-Vuitton, la Walt Disney Concert Hall, el Centro Stata, el Biomuseo y el Museo de Arte Weisman. Gehry forma parte de la Academia Europea de Ciencias y Artes, de la Academia Estadounidense de las Artes y las Letras, de la Royal Academy of Arts y de la Academia Estadounidense de las Artes y las Ciencias.<\/p>\n\n\n\n<p><strong>T2 del Aeropuerto de Heathrow:<\/strong><\/p>\n\n\n\n<p>Destinada a convertirse en la m\u00e1s verde de toda Europa, la terminal del aeropuerto londinense implementa tecnolog\u00edas innovadoras que reducir\u00e1n la&nbsp;<strong>huella de carbono en un 40%<\/strong>. <strong>Luis Vidal + Architects<\/strong> es el arquitecto conceptual y principal de la Terminal 2 de Heathrow y colabora con <strong>Pascall + Watson <\/strong>durante la fase de equipamiento. <strong>Foster + Partners<\/strong> fueron los planificadores principales del aeropuerto de Heathrow y los arquitectos del concepto del edificio de la Terminal Este durante la fase inicial del proyecto.<\/p>\n\n\n\n<p><strong>Norman Foster (1935)&nbsp;<\/strong>naci\u00f3 en M\u00e1nchester, Inglaterra, y se form\u00f3 en la Burnage Academy for Boys, la Universidad de Yale, la de M\u00e1nchester y en la Yale School of Architecture. Es arquitecto, pol\u00edtico y dise\u00f1ador, y sus obras notables son el 30 St. Mary Axe y el edificio del Reichstag (Berl\u00edn). Foster es miembro de la Academia Europea de Ciencias y Artes, la Academia de las Artes de Berl\u00edn, la Royal Academy of Arts, la Real Academia Sueca de Bellas Artes, la Academia Estadounidense de las Artes y las Ciencias, la Academia Estadounidense de las Artes y las Letras y la Academia de Arquitectura.<\/p>\n\n\n\n<p>Por su parte,&nbsp;<strong>Luis Vidal (1969)<\/strong>, naci\u00f3 en Barcelona y estudi\u00f3 Arquitectura en la Universidad de Greenwich. Entre sus otras obras notables se encuentran el Aeropuerto de Zaragoza, el Hospital de Can Misses (Ibiza) y el Hospital \u00c1lvaro Cunqueiro (Vigo). Vidal forma parte del Royal Institute of British Architects (RIBA), el Colegio de Arquitectos de Madrid y el Instituto Americano de Arquitectos de Nueva York.<\/p>\n\n\n\n<p><strong>T4 del Aeropuerto de Barajas:<\/strong><\/p>\n\n\n\n<p>La espectacular estructura de la terminal madrile\u00f1a fue dise\u00f1ada por el prestigioso arquitecto brit\u00e1nico <strong>Richard Rogers (1933)<\/strong>. Rogers se form\u00f3 en la St. John&#8217;s School (Leatherhead), la Universidad Yale, la Kingswood House School, la Architectural Association School of Architecture y la Yale School of Architecture. Es arquitecto, pol\u00edtico y dise\u00f1ador, y entre sus obras notables se encuentran el Estadio Kleanthis Vikelidis, el Millennium Dome, el Centro Pompidou, el Edificio Lloyd&#8217;s y el Tribunal Europeo de Derechos Humanos. Rogers es miembro de la Royal Academy of Arts y de la Academia de Arquitectura.<\/p>\n\n\n\n<p><strong>Ciudad de la Justicia:<\/strong><\/p>\n\n\n\n<p>Se trata de un conjunto policrom\u00e1tico de edificios que unifican en una sola estructura los \u00f3rganos judiciales de la ciudad de Barcelona para potenciar la funcionalidad y la eficiencia, tanto para profesionales como para ciudadanos. Fue desarrollado por el arquitecto ingl\u00e9s <strong>David Chipperfield (1953)<\/strong>.<\/p>\n\n\n\n<p>Chipperfield es arquitecto, profesor universitario y dise\u00f1ador. Estudi\u00f3 en la Architectural Association School of Architecture de la Universidad de Kingston y es miembro de la Royal Academy of Arts. Sus otras obras notables son el Museo de Literatura Moderna y el Figge Art Museum.<\/p>\n\n\n\n<p>Otras obras importantes en las que ha participado Ferrovial son:<\/p>\n\n\n\n<ul class=\"wp-block-list\">\n<li>El Edificio CaixaForum (Madrid), dise\u00f1ado por el equipo suizo de Jacques Herzog y Pierre de Meuron.<\/li>\n\n\n\n<li>La ampliaci\u00f3n del Museo del Prado, por Rafael Moneo.<\/li>\n\n\n\n<li>El Aeropuerto de Bilbao, de Santiago Calatrava.<\/li>\n\n\n\n<li>La T1 del Aeropuerto de Barcelona, de Ricardo Bofill.<\/li>\n\n\n\n<li>El Edificio de la C\u00e1mara de Comercio de Madrid, de Rafael de la Hoz.<\/li>\n\n\n\n<li>La Estaci\u00f3n de las Delicias de Zaragoza, de Carlos Ferrater.<\/li>\n<\/ul>\n\n\n\n<p>Otros grandes arquitectos con los que Ferrovial ha colaborado son Richard Gluckman, Carlos Lamela, Rem Koolhaas y Jean Nouvel.\u00a0<\/p>\n<\/div><\/m-wysiwig>\n\n\n    <m-projects-distributor2 :translations='{\n        &quot;prev&quot;:&quot;Anterior&quot;,\n        &quot;next&quot;:&quot;Siguiente&quot;,\n        &quot;paginationseparator&quot;:&quot;de&quot;\n    }'>\n                        <h2 slot=\"title\">\n                Nuestros proyectos destacados                <\/h2>\n                        <a slot='button' title='Conoce nuestros proyectos ' href='https:\/\/www.ferrovial.com\/es\/cintra\/proyectos\/'>\n            Conoce nuestros proyectos         <\/a>\n\n            <\/m-projects-distributor2>\n\n    ","protected":false},"excerpt":{"rendered":"","protected":false},"featured_media":0,"parent":25267,"menu_order":0,"comment_status":"closed","ping_status":"closed","template":"","meta":{"_acf_changed":false,"footnotes":""},"class_list":["post-199487","page","type-page","status-publish","hentry"],"acf":[],"yoast_head":"<!-- This site is optimized with the Yoast SEO plugin v27.2 - https:\/\/yoast.com\/product\/yoast-seo-wordpress\/ -->\n<title>Qu\u00e9 es un arquitecto y cu\u00e1l ha sido la relaci\u00f3n con Ferrovial<\/title>\n<meta name=\"description\" content=\"La colaboraci\u00f3n con arquitectos destacados de talla mundial ha permitido que Ferrovial saque adelante algunos de los proyectos m\u00e1s vibrantes de los \u00faltimos tiempos.\" \/>\n<meta name=\"robots\" content=\"index, follow, max-snippet:-1, max-image-preview:large, max-video-preview:-1\" \/>\n<link rel=\"canonical\" href=\"https:\/\/www.ferrovial.com\/es\/recursos\/arquitectos\/\" \/>\n<meta property=\"og:locale\" content=\"es_ES\" \/>\n<meta property=\"og:type\" content=\"article\" \/>\n<meta property=\"og:title\" content=\"Qu\u00e9 es un arquitecto y cu\u00e1l ha sido la relaci\u00f3n con Ferrovial\" \/>\n<meta property=\"og:description\" content=\"La colaboraci\u00f3n con arquitectos destacados de talla mundial ha permitido que Ferrovial saque adelante algunos de los proyectos m\u00e1s vibrantes de los \u00faltimos tiempos.\" \/>\n<meta property=\"og:url\" content=\"https:\/\/www.ferrovial.com\/es\/recursos\/arquitectos\/\" \/>\n<meta property=\"og:site_name\" content=\"Ferrovial\" \/>\n<meta property=\"article:publisher\" content=\"https:\/\/www.facebook.com\/ferrovial\" \/>\n<meta property=\"article:modified_time\" content=\"2024-09-16T20:01:29+00:00\" \/>\n<meta name=\"twitter:card\" content=\"summary_large_image\" \/>\n<meta name=\"twitter:site\" content=\"@ferrovial\" \/>\n<meta name=\"twitter:label1\" content=\"Est. reading time\" \/>\n\t<meta name=\"twitter:data1\" content=\"5 minutos\" \/>\n<!-- \/ Yoast SEO plugin. -->","yoast_head_json":{"title":"Qu\u00e9 es un arquitecto y cu\u00e1l ha sido la relaci\u00f3n con Ferrovial","description":"La colaboraci\u00f3n con arquitectos destacados de talla mundial ha permitido que Ferrovial saque adelante algunos de los proyectos m\u00e1s vibrantes de los \u00faltimos tiempos.","robots":{"index":"index","follow":"follow","max-snippet":"max-snippet:-1","max-image-preview":"max-image-preview:large","max-video-preview":"max-video-preview:-1"},"canonical":"https:\/\/www.ferrovial.com\/es\/recursos\/arquitectos\/","og_locale":"es_ES","og_type":"article","og_title":"Qu\u00e9 es un arquitecto y cu\u00e1l ha sido la relaci\u00f3n con Ferrovial","og_description":"La colaboraci\u00f3n con arquitectos destacados de talla mundial ha permitido que Ferrovial saque adelante algunos de los proyectos m\u00e1s vibrantes de los \u00faltimos tiempos.","og_url":"https:\/\/www.ferrovial.com\/es\/recursos\/arquitectos\/","og_site_name":"Ferrovial","article_publisher":"https:\/\/www.facebook.com\/ferrovial","article_modified_time":"2024-09-16T20:01:29+00:00","twitter_card":"summary_large_image","twitter_site":"@ferrovial","twitter_misc":{"Est. reading time":"5 minutos"},"schema":{"@context":"https:\/\/schema.org","@graph":[{"@type":"WebPage","@id":"https:\/\/www.ferrovial.com\/es\/recursos\/arquitectos\/","url":"https:\/\/www.ferrovial.com\/es\/recursos\/arquitectos\/","name":"Qu\u00e9 es un arquitecto y cu\u00e1l ha sido la relaci\u00f3n con Ferrovial","isPartOf":{"@id":"https:\/\/www.ferrovial.com\/es\/#website"},"datePublished":"2021-07-28T08:43:14+00:00","dateModified":"2024-09-16T20:01:29+00:00","description":"La colaboraci\u00f3n con arquitectos destacados de talla mundial ha permitido que Ferrovial saque adelante algunos de los proyectos m\u00e1s vibrantes de los \u00faltimos tiempos.","breadcrumb":{"@id":"https:\/\/www.ferrovial.com\/es\/recursos\/arquitectos\/#breadcrumb"},"inLanguage":"es","potentialAction":[{"@type":"ReadAction","target":["https:\/\/www.ferrovial.com\/es\/recursos\/arquitectos\/"]}]},{"@type":"BreadcrumbList","@id":"https:\/\/www.ferrovial.com\/es\/recursos\/arquitectos\/#breadcrumb","itemListElement":[{"@type":"ListItem","position":1,"name":"Portada","item":"https:\/\/www.ferrovial.com\/es\/"},{"@type":"ListItem","position":2,"name":"Recursos","item":"https:\/\/www.ferrovial.com\/es\/recursos\/"},{"@type":"ListItem","position":3,"name":"Arquitectos"}]},{"@type":"WebSite","@id":"https:\/\/www.ferrovial.com\/es\/#website","url":"https:\/\/www.ferrovial.com\/es\/","name":"Ferrovial","description":"Welcome to the Ferrovial&#039;s website, global operator of sustainable infrastructure. Here you can find all the information about the company and subsidiaries.","publisher":{"@id":"https:\/\/www.ferrovial.com\/es\/#organization"},"potentialAction":[{"@type":"SearchAction","target":{"@type":"EntryPoint","urlTemplate":"https:\/\/www.ferrovial.com\/es\/?s={search_term_string}"},"query-input":{"@type":"PropertyValueSpecification","valueRequired":true,"valueName":"search_term_string"}}],"inLanguage":"es"},{"@type":"Organization","@id":"https:\/\/www.ferrovial.com\/es\/#organization","name":"Ferrovial S.A.","url":"https:\/\/www.ferrovial.com\/es\/","logo":{"@type":"ImageObject","inLanguage":"es","@id":"https:\/\/www.ferrovial.com\/es\/#\/schema\/logo\/image\/","url":"https:\/\/static.ferrovial.com\/wp-content\/uploads\/2020\/01\/13124948\/logo-ferrovial-cf7.png","contentUrl":"https:\/\/static.ferrovial.com\/wp-content\/uploads\/2020\/01\/13124948\/logo-ferrovial-cf7.png","width":144,"height":32,"caption":"Ferrovial S.A."},"image":{"@id":"https:\/\/www.ferrovial.com\/es\/#\/schema\/logo\/image\/"},"sameAs":["https:\/\/www.facebook.com\/ferrovial","https:\/\/x.com\/ferrovial","https:\/\/www.instagram.com\/ferrovial\/","https:\/\/www.linkedin.com\/company\/ferrovial","https:\/\/www.pinterest.es\/ferrovial\/","https:\/\/www.youtube.com\/ferrovial","https:\/\/en.wikipedia.org\/wiki\/Ferrovial"]}]}},"_links":{"self":[{"href":"https:\/\/www.ferrovial.com\/es\/wp-json\/wp\/v2\/pages\/199487","targetHints":{"allow":["GET"]}}],"collection":[{"href":"https:\/\/www.ferrovial.com\/es\/wp-json\/wp\/v2\/pages"}],"about":[{"href":"https:\/\/www.ferrovial.com\/es\/wp-json\/wp\/v2\/types\/page"}],"replies":[{"embeddable":true,"href":"https:\/\/www.ferrovial.com\/es\/wp-json\/wp\/v2\/comments?post=199487"}],"version-history":[{"count":3,"href":"https:\/\/www.ferrovial.com\/es\/wp-json\/wp\/v2\/pages\/199487\/revisions"}],"predecessor-version":[{"id":288264,"href":"https:\/\/www.ferrovial.com\/es\/wp-json\/wp\/v2\/pages\/199487\/revisions\/288264"}],"up":[{"embeddable":true,"href":"https:\/\/www.ferrovial.com\/es\/wp-json\/wp\/v2\/pages\/25267"}],"wp:attachment":[{"href":"https:\/\/www.ferrovial.com\/es\/wp-json\/wp\/v2\/media?parent=199487"}],"curies":[{"name":"wp","href":"https:\/\/api.w.org\/{rel}","templated":true}]}}