{"id":200918,"date":"2021-09-01T09:10:00","date_gmt":"2021-09-01T07:10:00","guid":{"rendered":"https:\/\/www.ferrovial.com\/?page_id=200918"},"modified":"2022-09-22T18:38:10","modified_gmt":"2022-09-22T16:38:10","slug":"emprendimiento","status":"publish","type":"page","link":"https:\/\/www.ferrovial.com\/es\/recursos\/emprendimiento\/","title":{"rendered":"Emprendimiento"},"content":{"rendered":"    <m-final-content-header >\n            <c-breadcrumb label-text=\"Breadcrumb\" slot=\"breadcrumbs\" type='2' align='left' wrap='wrapped wrapped' aria-label='Vienes de Recursos'>\n                        <ol>\n\n                                                            <li><a href=\"https:\/\/www.ferrovial.com\/es\/\" title=\"Ferrovial\">Ferrovial<\/a><\/li>\n                                                                        <li><a href=\"https:\/\/www.ferrovial.com\/es\/recursos\/\" title=\"Recursos\">Recursos<\/a><\/li>\n                                    \n                <\/ol>\n\n                <\/c-breadcrumb>\n    \n        <div slot=\"header\">\n            <h1>\n                Emprendimiento            <\/h1>\n                    <\/div>\n    <\/m-final-content-header>\n\n    \n\n\n<p> <script type=\"application\/ld+json\">\n{\n  \"@context\": \"https:\/\/schema.org\",\n  \"@type\": \"FAQPage\",\n  \"mainEntity\": [{\n    \"@type\": \"Question\",\n    \"name\": \"\u00bfQu\u00e9 es el emprendimiento?\",\n    \"acceptedAnswer\": {\n      \"@type\": \"Answer\",\n      \"text\": \"El emprendimiento es un proceso a trav\u00e9s del cual surge una nueva actividad. Estas actividades suelen surgir en entornos en desarrollo y orientadas a la rentabilidad futura a trav\u00e9s de un pronto posicionamiento. Se dice que abren mercado o que se orientan a early adopters.\"\n    }\n  },{\n    \"@type\": \"Question\",\n    \"name\": \"\u00bfPor qu\u00e9 es importante el emprendimiento?\",\n    \"acceptedAnswer\": {\n      \"@type\": \"Answer\",\n      \"text\": \"M\u00e1s que importante, emprender es imprescindible porque el inmovilismo empresarial rara vez da lugar a una historia de \u00e9xito.\"\n    }\n  }]\n}\n<\/script><\/p>\n\n\n\n<m-wysiwig class=\"wp-block-components-wysiwyg\"><div slot=\"maincontent\">\n<p>El <strong>emprendimiento<\/strong> es un aspecto fundamental del tejido social. Se observa en grandes empresas, pymes y <em>startups<\/em>, as\u00ed como tambi\u00e9n en ONGs, en la Administraci\u00f3n y en entornos como las escuelas u hospitales. El emprendimiento modela y transforma el mundo, aportando nuevas oportunidades.<\/p>\n\n\n\n<h2 class=\"wp-block-heading\">\u00bfQu\u00e9 es el emprendimiento?<\/h2>\n\n\n\n<p>El <strong>emprendimiento<\/strong> es un proceso a trav\u00e9s del cual surge una nueva actividad. Estas actividades suelen surgir en entornos en desarrollo y orientadas a la rentabilidad futura a trav\u00e9s de un pronto posicionamiento. Se dice que abren mercado o que se orientan a <em>early adopters<\/em>.<\/p>\n\n\n\n<h2 class=\"wp-block-heading\">\u00bfPor qu\u00e9 es importante el emprendimiento?<\/h2>\n\n\n\n<p>M\u00e1s que importante, <strong>emprender es imprescindible<\/strong> porque el inmovilismo empresarial rara vez da lugar a una historia de \u00e9xito. Seg\u00fan el \u2018efecto de la Reina Roja\u2019, solo las sociedades capaces de generar nuevas ideas, desarrollar nuevos negocios o ser capaces de cambiar, prosperan. Y en este proceso el emprendimiento es una pieza b\u00e1sica sin la cual nada tiene lugar.<\/p>\n\n\n\n<p>El emprendimiento es <strong>el mejor camino de cara al crecimiento econ\u00f3mico<\/strong>, y por tanto tambi\u00e9n para la estabilidad empresarial. Especialmente para aquellas firmas que emprendan para diversificar su actividad. \u00bfLa mayor barrera? La escalabilidad de los proyectos. Saltar del emprendimiento unipersonal a uno que involucre a dos o m\u00e1s personas es la parte m\u00e1s compleja de la innovaci\u00f3n.<\/p>\n\n\n\n<h2 class=\"wp-block-heading\">Nuevos negocios gracias al emprendimiento<\/h2>\n\n\n\n<p>Todo modelo de negocio existente hoy en d\u00eda fue en su momento emprendimiento empresarial. Y muchos de los emprendimientos actuales ser\u00e1n modelos viables en unos a\u00f1os. De ah\u00ed que sea aconsejable <strong>fomentar el intraemprendimiento<\/strong> en el seno de las organizaciones, ya sea a trav\u00e9s de proyectos internos o a la hora de presentar a la empresa a concursos abiertos.<\/p>\n\n\n\n<p>En Ferrovial contamos con <a href=\"https:\/\/www.ferrovial.com\/es\/buildup\/\" target=\"_blank\" rel=\"noreferrer noopener\">Build Up!<\/a>, un grupo de trabajo que busca <em>startups<\/em> de base tecnol\u00f3gica, grupos de investigaci\u00f3n en universidades, institutos o laboratorios, y emprendedores dispuestos a innovar en materia de infraestructura. Cada edici\u00f3n de Build Up! contar\u00e1 con un reto espec\u00edfico que resolver.<\/p>\n<\/div><\/m-wysiwig>\n\n\n    <m-projects-distributor2 :translations='{\n        &quot;prev&quot;:&quot;Anterior&quot;,\n        &quot;next&quot;:&quot;Siguiente&quot;,\n        &quot;paginationseparator&quot;:&quot;de&quot;\n    }'>\n                        <h2 slot=\"title\">\n                Nuestros proyectos destacados                <\/h2>\n                        <a slot='button' title='Conoce nuestros proyectos ' href='https:\/\/www.ferrovial.com\/es\/cintra\/proyectos\/'>\n            Conoce nuestros proyectos         <\/a>\n\n            <\/m-projects-distributor2>\n\n    ","protected":false},"excerpt":{"rendered":"","protected":false},"featured_media":0,"parent":25267,"menu_order":0,"comment_status":"closed","ping_status":"closed","template":"","meta":{"_acf_changed":false,"footnotes":""},"class_list":["post-200918","page","type-page","status-publish","hentry"],"acf":[],"yoast_head":"<!-- This site is optimized with the Yoast SEO plugin v27.2 - https:\/\/yoast.com\/product\/yoast-seo-wordpress\/ -->\n<title>Emprendimiento empresarial: definici\u00f3n e importancia - Ferrovial<\/title>\n<meta name=\"description\" content=\"El emprendimiento es un aspecto fundamental del tejido social. Se observa en grandes empresas, pymes y startups, as\u00ed como en ONGs, la Administraci\u00f3n y entornos como escuelas u hospitales.\" \/>\n<meta name=\"robots\" content=\"index, follow, max-snippet:-1, max-image-preview:large, max-video-preview:-1\" \/>\n<link rel=\"canonical\" href=\"https:\/\/www.ferrovial.com\/es\/recursos\/emprendimiento\/\" \/>\n<meta property=\"og:locale\" content=\"es_ES\" \/>\n<meta property=\"og:type\" content=\"article\" \/>\n<meta property=\"og:title\" content=\"Emprendimiento empresarial: definici\u00f3n e importancia - Ferrovial\" \/>\n<meta property=\"og:description\" content=\"El emprendimiento es un aspecto fundamental del tejido social. Se observa en grandes empresas, pymes y startups, as\u00ed como en ONGs, la Administraci\u00f3n y entornos como escuelas u hospitales.\" \/>\n<meta property=\"og:url\" content=\"https:\/\/www.ferrovial.com\/es\/recursos\/emprendimiento\/\" \/>\n<meta property=\"og:site_name\" content=\"Ferrovial\" \/>\n<meta property=\"article:publisher\" content=\"https:\/\/www.facebook.com\/ferrovial\" \/>\n<meta property=\"article:modified_time\" content=\"2022-09-22T16:38:10+00:00\" \/>\n<meta name=\"twitter:card\" content=\"summary_large_image\" \/>\n<meta name=\"twitter:site\" content=\"@ferrovial\" \/>\n<meta name=\"twitter:label1\" content=\"Est. reading time\" \/>\n\t<meta name=\"twitter:data1\" content=\"2 minutos\" \/>\n<!-- \/ Yoast SEO plugin. -->","yoast_head_json":{"title":"Emprendimiento empresarial: definici\u00f3n e importancia - Ferrovial","description":"El emprendimiento es un aspecto fundamental del tejido social. Se observa en grandes empresas, pymes y startups, as\u00ed como en ONGs, la Administraci\u00f3n y entornos como escuelas u hospitales.","robots":{"index":"index","follow":"follow","max-snippet":"max-snippet:-1","max-image-preview":"max-image-preview:large","max-video-preview":"max-video-preview:-1"},"canonical":"https:\/\/www.ferrovial.com\/es\/recursos\/emprendimiento\/","og_locale":"es_ES","og_type":"article","og_title":"Emprendimiento empresarial: definici\u00f3n e importancia - Ferrovial","og_description":"El emprendimiento es un aspecto fundamental del tejido social. Se observa en grandes empresas, pymes y startups, as\u00ed como en ONGs, la Administraci\u00f3n y entornos como escuelas u hospitales.","og_url":"https:\/\/www.ferrovial.com\/es\/recursos\/emprendimiento\/","og_site_name":"Ferrovial","article_publisher":"https:\/\/www.facebook.com\/ferrovial","article_modified_time":"2022-09-22T16:38:10+00:00","twitter_card":"summary_large_image","twitter_site":"@ferrovial","twitter_misc":{"Est. reading time":"2 minutos"},"schema":{"@context":"https:\/\/schema.org","@graph":[{"@type":"WebPage","@id":"https:\/\/www.ferrovial.com\/es\/recursos\/emprendimiento\/","url":"https:\/\/www.ferrovial.com\/es\/recursos\/emprendimiento\/","name":"Emprendimiento empresarial: definici\u00f3n e importancia - Ferrovial","isPartOf":{"@id":"https:\/\/www.ferrovial.com\/es\/#website"},"datePublished":"2021-09-01T07:10:00+00:00","dateModified":"2022-09-22T16:38:10+00:00","description":"El emprendimiento es un aspecto fundamental del tejido social. Se observa en grandes empresas, pymes y startups, as\u00ed como en ONGs, la Administraci\u00f3n y entornos como escuelas u hospitales.","breadcrumb":{"@id":"https:\/\/www.ferrovial.com\/es\/recursos\/emprendimiento\/#breadcrumb"},"inLanguage":"es","potentialAction":[{"@type":"ReadAction","target":["https:\/\/www.ferrovial.com\/es\/recursos\/emprendimiento\/"]}]},{"@type":"BreadcrumbList","@id":"https:\/\/www.ferrovial.com\/es\/recursos\/emprendimiento\/#breadcrumb","itemListElement":[{"@type":"ListItem","position":1,"name":"Portada","item":"https:\/\/www.ferrovial.com\/es\/"},{"@type":"ListItem","position":2,"name":"Recursos","item":"https:\/\/www.ferrovial.com\/es\/recursos\/"},{"@type":"ListItem","position":3,"name":"Emprendimiento"}]},{"@type":"WebSite","@id":"https:\/\/www.ferrovial.com\/es\/#website","url":"https:\/\/www.ferrovial.com\/es\/","name":"Ferrovial","description":"Welcome to the Ferrovial&#039;s website, global operator of sustainable infrastructure. Here you can find all the information about the company and subsidiaries.","publisher":{"@id":"https:\/\/www.ferrovial.com\/es\/#organization"},"potentialAction":[{"@type":"SearchAction","target":{"@type":"EntryPoint","urlTemplate":"https:\/\/www.ferrovial.com\/es\/?s={search_term_string}"},"query-input":{"@type":"PropertyValueSpecification","valueRequired":true,"valueName":"search_term_string"}}],"inLanguage":"es"},{"@type":"Organization","@id":"https:\/\/www.ferrovial.com\/es\/#organization","name":"Ferrovial S.A.","url":"https:\/\/www.ferrovial.com\/es\/","logo":{"@type":"ImageObject","inLanguage":"es","@id":"https:\/\/www.ferrovial.com\/es\/#\/schema\/logo\/image\/","url":"https:\/\/static.ferrovial.com\/wp-content\/uploads\/2020\/01\/13124948\/logo-ferrovial-cf7.png","contentUrl":"https:\/\/static.ferrovial.com\/wp-content\/uploads\/2020\/01\/13124948\/logo-ferrovial-cf7.png","width":144,"height":32,"caption":"Ferrovial S.A."},"image":{"@id":"https:\/\/www.ferrovial.com\/es\/#\/schema\/logo\/image\/"},"sameAs":["https:\/\/www.facebook.com\/ferrovial","https:\/\/x.com\/ferrovial","https:\/\/www.instagram.com\/ferrovial\/","https:\/\/www.linkedin.com\/company\/ferrovial","https:\/\/www.pinterest.es\/ferrovial\/","https:\/\/www.youtube.com\/ferrovial","https:\/\/en.wikipedia.org\/wiki\/Ferrovial"]}]}},"_links":{"self":[{"href":"https:\/\/www.ferrovial.com\/es\/wp-json\/wp\/v2\/pages\/200918","targetHints":{"allow":["GET"]}}],"collection":[{"href":"https:\/\/www.ferrovial.com\/es\/wp-json\/wp\/v2\/pages"}],"about":[{"href":"https:\/\/www.ferrovial.com\/es\/wp-json\/wp\/v2\/types\/page"}],"replies":[{"embeddable":true,"href":"https:\/\/www.ferrovial.com\/es\/wp-json\/wp\/v2\/comments?post=200918"}],"version-history":[{"count":2,"href":"https:\/\/www.ferrovial.com\/es\/wp-json\/wp\/v2\/pages\/200918\/revisions"}],"predecessor-version":[{"id":200927,"href":"https:\/\/www.ferrovial.com\/es\/wp-json\/wp\/v2\/pages\/200918\/revisions\/200927"}],"up":[{"embeddable":true,"href":"https:\/\/www.ferrovial.com\/es\/wp-json\/wp\/v2\/pages\/25267"}],"wp:attachment":[{"href":"https:\/\/www.ferrovial.com\/es\/wp-json\/wp\/v2\/media?parent=200918"}],"curies":[{"name":"wp","href":"https:\/\/api.w.org\/{rel}","templated":true}]}}