{"id":200967,"date":"2021-09-01T12:05:55","date_gmt":"2021-09-01T10:05:55","guid":{"rendered":"https:\/\/www.ferrovial.com\/?page_id=200967"},"modified":"2022-09-22T18:50:12","modified_gmt":"2022-09-22T16:50:12","slug":"hidrocarburos","status":"publish","type":"page","link":"https:\/\/www.ferrovial.com\/es\/recursos\/hidrocarburos\/","title":{"rendered":"Hidrocarburos"},"content":{"rendered":"    <m-final-content-header >\n            <c-breadcrumb label-text=\"Breadcrumb\" slot=\"breadcrumbs\" type='2' align='left' wrap='wrapped wrapped' aria-label='Vienes de Recursos'>\n                        <ol>\n\n                                                            <li><a href=\"https:\/\/www.ferrovial.com\/es\/\" title=\"Ferrovial\">Ferrovial<\/a><\/li>\n                                                                        <li><a href=\"https:\/\/www.ferrovial.com\/es\/recursos\/\" title=\"Recursos\">Recursos<\/a><\/li>\n                                    \n                <\/ol>\n\n                <\/c-breadcrumb>\n    \n        <div slot=\"header\">\n            <h1>\n                Hidrocarburos            <\/h1>\n                    <\/div>\n    <\/m-final-content-header>\n\n    \n\n\n<p><script type=\"application\/ld+json\">\n{\n  \"@context\": \"https:\/\/schema.org\",\n  \"@type\": \"FAQPage\",\n  \"mainEntity\": [{\n    \"@type\": \"Question\",\n    \"name\": \"\u00bfQu\u00e9 son los hidrocarburos?\",\n    \"acceptedAnswer\": {\n      \"@type\": \"Answer\",\n      \"text\": \"Los hidrocarburos son un grupo de compuestos org\u00e1nicos formados por carbono e hidr\u00f3geno. Aunque se pueden destilar de otros compuestos, generalmente se extraen del subsuelo en forma de petr\u00f3leo (l\u00edquido), condensados y l\u00edquidos del gas natural (l\u00edquido por condensaci\u00f3n), gas natural (gaseoso) e hidratos de metano (s\u00f3lidos).\"\n    }\n  },{\n    \"@type\": \"Question\",\n    \"name\": \"\u00bfPor qu\u00e9 los hidrocarburos son tan importantes?\",\n    \"acceptedAnswer\": {\n      \"@type\": \"Answer\",\n      \"text\": \"En forma de combustible, los hidrocarburos siguen siendo el principal motor de las actividades humanas. Por desgracia, su extracci\u00f3n y uso contamina el suelo, la atm\u00f3sfera y los oc\u00e9anos.\"\n    }\n  },{\n    \"@type\": \"Question\",\n    \"name\": \"\u00bfCu\u00e1ndo se dejar\u00e1n de usar los hidrocarburos?\",\n    \"acceptedAnswer\": {\n      \"@type\": \"Answer\",\n      \"text\": \"Se espera abandonar paulatinamente el uso de hidrocarburos tan pronto como vaya siendo posible.\"\n    }\n  }]\n}\n<\/script><\/p>\n\n\n\n<m-wysiwig class=\"wp-block-components-wysiwyg\"><div slot=\"maincontent\">\n<p>Los <strong>hidrocarburos<\/strong> juegan un papel clave en las actividades humanas. De este conjunto de compuestos org\u00e1nicos dependen grandes sectores como la movilidad por carretera, la a\u00e9rea y la naval, o la calefacci\u00f3n en buena parte del mundo.<\/p>\n\n\n\n<h2 class=\"wp-block-heading\">\u00bfQu\u00e9 son los hidrocarburos?<\/h2>\n\n\n\n<p>Los <strong>hidrocarburos<\/strong> son un grupo de compuestos org\u00e1nicos formados por carbono e hidr\u00f3geno. Aunque se pueden destilar de otros compuestos, generalmente se extraen del subsuelo en forma de petr\u00f3leo (l\u00edquido), condensados y l\u00edquidos del gas natural (l\u00edquido por condensaci\u00f3n), gas natural (gaseoso) e hidratos de metano (s\u00f3lidos).<\/p>\n\n\n\n<h2 class=\"wp-block-heading\">\u00bfPor qu\u00e9 los hidrocarburos son tan importantes?<\/h2>\n\n\n\n<p>Nuestra econom\u00eda <strong>se est\u00e1 descarbonizando<\/strong> lentamente. A\u00fan as\u00ed, sigue dependiendo principalmente de hidrocarburos y otros combustibles f\u00f3siles como el carb\u00f3n (que es un mineral). En forma de combustible, los hidrocarburos siguen siendo el principal motor de las actividades humanas. Por desgracia, su extracci\u00f3n y uso contamina el suelo, la atm\u00f3sfera y los oc\u00e9anos.<\/p>\n\n\n\n<p>En las \u00faltimas d\u00e9cadas se han logrado alternativas en materia de generaci\u00f3n energ\u00e9tica, como las renovables, e incluso en su uso como combustible, como es el caso de la aerotermia en calefacci\u00f3n y las bater\u00edas en el coche el\u00e9ctrico. Sin embargo, muchos sistemas siguen dependiendo de hidrocarburos, como el incre\u00edblemente eficiente transporte mar\u00edtimo de grandes buques portacontenedores.<\/p>\n\n\n\n<h2 class=\"wp-block-heading\">Manejar hidrocarburos con seguridad<\/h2>\n\n\n\n<p>Los hidrocarburos pueden ser <strong>especialmente inestables<\/strong>, especialmente en entornos secos y c\u00e1lidos pueden entrar en combusti\u00f3n espont\u00e1nea o arder con facilidad. Adem\u00e1s, muchos de ellos son t\u00f3xicos y otros carcin\u00f3genos. Es por ello que el manejo de hidrocarburos exige condiciones de seguridad elevadas. La infraestructura para su transporte y manejo se dise\u00f1a en base a estas particularidades.<\/p>\n\n\n\n<h2 class=\"wp-block-heading\">\u00bfCu\u00e1ndo se dejar\u00e1n de usar los hidrocarburos?<\/h2>\n\n\n\n<p>Se espera abandonar paulatinamente el uso de hidrocarburos tan pronto como vaya siendo posible. Existe una barrera f\u00edsica que, ignorando el calentamiento global, anima a ello. Se llama TRE, ERoRI o Energy Return on Energy Invested, y representa la energ\u00eda extra\u00edda dividida entre la usada. Si a principios de siglo XX el petr\u00f3leo estadounidense ten\u00eda una TRE de 100:1, en 1990 era de 35:1 y hoy es de 11:1. La energ\u00eda e\u00f3lica y solar fotovoltaica tienen TRE pico de 80:1 y 20:1.<\/p>\n<\/div><\/m-wysiwig>\n\n\n    <m-projects-distributor2 :translations='{\n        &quot;prev&quot;:&quot;Anterior&quot;,\n        &quot;next&quot;:&quot;Siguiente&quot;,\n        &quot;paginationseparator&quot;:&quot;de&quot;\n    }'>\n                        <h2 slot=\"title\">\n                Nuestros proyectos destacados                <\/h2>\n                        <a slot='button' title='Conoce nuestros proyectos ' href='https:\/\/www.ferrovial.com\/es\/cintra\/proyectos\/'>\n            Conoce nuestros proyectos         <\/a>\n\n            <\/m-projects-distributor2>\n\n    ","protected":false},"excerpt":{"rendered":"","protected":false},"featured_media":0,"parent":25267,"menu_order":0,"comment_status":"closed","ping_status":"closed","template":"","meta":{"_acf_changed":false,"footnotes":""},"class_list":["post-200967","page","type-page","status-publish","hentry"],"acf":[],"yoast_head":"<!-- This site is optimized with the Yoast SEO plugin v27.2 - https:\/\/yoast.com\/product\/yoast-seo-wordpress\/ -->\n<title>Qu\u00e9 son los hidrocarburos y por qu\u00e9 son importantes - Ferrovial<\/title>\n<meta name=\"description\" content=\"Los hidrocarburos generalmente se extraen del subsuelo en forma de petr\u00f3leo, condensados y l\u00edquidos del gas natural, gas natural (gaseoso) e hidratos de metano.\" \/>\n<meta name=\"robots\" content=\"index, follow, max-snippet:-1, max-image-preview:large, max-video-preview:-1\" \/>\n<link rel=\"canonical\" href=\"https:\/\/www.ferrovial.com\/es\/recursos\/hidrocarburos\/\" \/>\n<meta property=\"og:locale\" content=\"es_ES\" \/>\n<meta property=\"og:type\" content=\"article\" \/>\n<meta property=\"og:title\" content=\"Qu\u00e9 son los hidrocarburos y por qu\u00e9 son importantes - Ferrovial\" \/>\n<meta property=\"og:description\" content=\"Los hidrocarburos generalmente se extraen del subsuelo en forma de petr\u00f3leo, condensados y l\u00edquidos del gas natural, gas natural (gaseoso) e hidratos de metano.\" \/>\n<meta property=\"og:url\" content=\"https:\/\/www.ferrovial.com\/es\/recursos\/hidrocarburos\/\" \/>\n<meta property=\"og:site_name\" content=\"Ferrovial\" \/>\n<meta property=\"article:publisher\" content=\"https:\/\/www.facebook.com\/ferrovial\" \/>\n<meta property=\"article:modified_time\" content=\"2022-09-22T16:50:12+00:00\" \/>\n<meta name=\"twitter:card\" content=\"summary_large_image\" \/>\n<meta name=\"twitter:site\" content=\"@ferrovial\" \/>\n<meta name=\"twitter:label1\" content=\"Est. reading time\" \/>\n\t<meta name=\"twitter:data1\" content=\"3 minutos\" \/>\n<!-- \/ Yoast SEO plugin. -->","yoast_head_json":{"title":"Qu\u00e9 son los hidrocarburos y por qu\u00e9 son importantes - Ferrovial","description":"Los hidrocarburos generalmente se extraen del subsuelo en forma de petr\u00f3leo, condensados y l\u00edquidos del gas natural, gas natural (gaseoso) e hidratos de metano.","robots":{"index":"index","follow":"follow","max-snippet":"max-snippet:-1","max-image-preview":"max-image-preview:large","max-video-preview":"max-video-preview:-1"},"canonical":"https:\/\/www.ferrovial.com\/es\/recursos\/hidrocarburos\/","og_locale":"es_ES","og_type":"article","og_title":"Qu\u00e9 son los hidrocarburos y por qu\u00e9 son importantes - Ferrovial","og_description":"Los hidrocarburos generalmente se extraen del subsuelo en forma de petr\u00f3leo, condensados y l\u00edquidos del gas natural, gas natural (gaseoso) e hidratos de metano.","og_url":"https:\/\/www.ferrovial.com\/es\/recursos\/hidrocarburos\/","og_site_name":"Ferrovial","article_publisher":"https:\/\/www.facebook.com\/ferrovial","article_modified_time":"2022-09-22T16:50:12+00:00","twitter_card":"summary_large_image","twitter_site":"@ferrovial","twitter_misc":{"Est. reading time":"3 minutos"},"schema":{"@context":"https:\/\/schema.org","@graph":[{"@type":"WebPage","@id":"https:\/\/www.ferrovial.com\/es\/recursos\/hidrocarburos\/","url":"https:\/\/www.ferrovial.com\/es\/recursos\/hidrocarburos\/","name":"Qu\u00e9 son los hidrocarburos y por qu\u00e9 son importantes - Ferrovial","isPartOf":{"@id":"https:\/\/www.ferrovial.com\/es\/#website"},"datePublished":"2021-09-01T10:05:55+00:00","dateModified":"2022-09-22T16:50:12+00:00","description":"Los hidrocarburos generalmente se extraen del subsuelo en forma de petr\u00f3leo, condensados y l\u00edquidos del gas natural, gas natural (gaseoso) e hidratos de metano.","breadcrumb":{"@id":"https:\/\/www.ferrovial.com\/es\/recursos\/hidrocarburos\/#breadcrumb"},"inLanguage":"es","potentialAction":[{"@type":"ReadAction","target":["https:\/\/www.ferrovial.com\/es\/recursos\/hidrocarburos\/"]}]},{"@type":"BreadcrumbList","@id":"https:\/\/www.ferrovial.com\/es\/recursos\/hidrocarburos\/#breadcrumb","itemListElement":[{"@type":"ListItem","position":1,"name":"Portada","item":"https:\/\/www.ferrovial.com\/es\/"},{"@type":"ListItem","position":2,"name":"Recursos","item":"https:\/\/www.ferrovial.com\/es\/recursos\/"},{"@type":"ListItem","position":3,"name":"Hidrocarburos"}]},{"@type":"WebSite","@id":"https:\/\/www.ferrovial.com\/es\/#website","url":"https:\/\/www.ferrovial.com\/es\/","name":"Ferrovial","description":"Welcome to the Ferrovial&#039;s website, global operator of sustainable infrastructure. Here you can find all the information about the company and subsidiaries.","publisher":{"@id":"https:\/\/www.ferrovial.com\/es\/#organization"},"potentialAction":[{"@type":"SearchAction","target":{"@type":"EntryPoint","urlTemplate":"https:\/\/www.ferrovial.com\/es\/?s={search_term_string}"},"query-input":{"@type":"PropertyValueSpecification","valueRequired":true,"valueName":"search_term_string"}}],"inLanguage":"es"},{"@type":"Organization","@id":"https:\/\/www.ferrovial.com\/es\/#organization","name":"Ferrovial S.A.","url":"https:\/\/www.ferrovial.com\/es\/","logo":{"@type":"ImageObject","inLanguage":"es","@id":"https:\/\/www.ferrovial.com\/es\/#\/schema\/logo\/image\/","url":"https:\/\/static.ferrovial.com\/wp-content\/uploads\/2020\/01\/13124948\/logo-ferrovial-cf7.png","contentUrl":"https:\/\/static.ferrovial.com\/wp-content\/uploads\/2020\/01\/13124948\/logo-ferrovial-cf7.png","width":144,"height":32,"caption":"Ferrovial S.A."},"image":{"@id":"https:\/\/www.ferrovial.com\/es\/#\/schema\/logo\/image\/"},"sameAs":["https:\/\/www.facebook.com\/ferrovial","https:\/\/x.com\/ferrovial","https:\/\/www.instagram.com\/ferrovial\/","https:\/\/www.linkedin.com\/company\/ferrovial","https:\/\/www.pinterest.es\/ferrovial\/","https:\/\/www.youtube.com\/ferrovial","https:\/\/en.wikipedia.org\/wiki\/Ferrovial"]}]}},"_links":{"self":[{"href":"https:\/\/www.ferrovial.com\/es\/wp-json\/wp\/v2\/pages\/200967","targetHints":{"allow":["GET"]}}],"collection":[{"href":"https:\/\/www.ferrovial.com\/es\/wp-json\/wp\/v2\/pages"}],"about":[{"href":"https:\/\/www.ferrovial.com\/es\/wp-json\/wp\/v2\/types\/page"}],"replies":[{"embeddable":true,"href":"https:\/\/www.ferrovial.com\/es\/wp-json\/wp\/v2\/comments?post=200967"}],"version-history":[{"count":2,"href":"https:\/\/www.ferrovial.com\/es\/wp-json\/wp\/v2\/pages\/200967\/revisions"}],"predecessor-version":[{"id":200970,"href":"https:\/\/www.ferrovial.com\/es\/wp-json\/wp\/v2\/pages\/200967\/revisions\/200970"}],"up":[{"embeddable":true,"href":"https:\/\/www.ferrovial.com\/es\/wp-json\/wp\/v2\/pages\/25267"}],"wp:attachment":[{"href":"https:\/\/www.ferrovial.com\/es\/wp-json\/wp\/v2\/media?parent=200967"}],"curies":[{"name":"wp","href":"https:\/\/api.w.org\/{rel}","templated":true}]}}