{"id":201549,"date":"2021-09-06T13:21:17","date_gmt":"2021-09-06T11:21:17","guid":{"rendered":"https:\/\/www.ferrovial.com\/?page_id=201549"},"modified":"2022-09-22T18:01:27","modified_gmt":"2022-09-22T16:01:27","slug":"pista-aterrizaje","status":"publish","type":"page","link":"https:\/\/www.ferrovial.com\/es\/recursos\/pista-aterrizaje\/","title":{"rendered":"Pista de aterrizaje"},"content":{"rendered":"    <m-final-content-header bgimage='https:\/\/static.ferrovial.com\/wp-content\/uploads\/2019\/10\/13140827\/pista_aterrizaje_glasgow.jpeg'>\n            <c-breadcrumb label-text=\"Breadcrumb\" slot=\"breadcrumbs\" type='2' align='left' wrap='wrapped wrapped' aria-label='Vienes de Recursos'>\n                        <ol>\n\n                                                            <li><a href=\"https:\/\/www.ferrovial.com\/es\/\" title=\"Ferrovial\">Ferrovial<\/a><\/li>\n                                                                        <li><a href=\"https:\/\/www.ferrovial.com\/es\/recursos\/\" title=\"Recursos\">Recursos<\/a><\/li>\n                                    \n                <\/ol>\n\n                <\/c-breadcrumb>\n    \n        <div slot=\"header\">\n            <h1>\n                Pista de aterrizaje            <\/h1>\n                    <\/div>\n    <\/m-final-content-header>\n\n    \n\n\n<p><script type=\"application\/ld+json\">\n{\n  \"@context\": \"https:\/\/schema.org\",\n  \"@type\": \"FAQPage\",\n  \"mainEntity\": [{\n    \"@type\": \"Question\",\n    \"name\": \"\u00bfQu\u00e9 es una pista de aterrizaje?\",\n    \"acceptedAnswer\": {\n      \"@type\": \"Answer\",\n      \"text\": \"La pista de aterrizaje es el \u00fanico punto de contacto entre las aeronaves y el suelo, por tanto, es un elemento cr\u00edtico en la seguridad.\"\n    }\n  },{\n    \"@type\": \"Question\",\n    \"name\": \"\u00bfQu\u00e9 medida y espesor tiene una pista de aterrizaje?\",\n    \"acceptedAnswer\": {\n      \"@type\": \"Answer\",\n      \"text\": \"or ejemplo, la pista 14L\/32R del aeropuerto Adolfo Su\u00e1rez Madrid-Barajas tiene un ancho de 60 metros que equivale a 15 carriles de autopista y un largo, con \u201carcenes\u201d, de 3.500 metros.\"\n    }\n  }]\n}\n<\/script><\/p>\n\n\n\n<m-wysiwig class=\"wp-block-components-wysiwyg\"><div slot=\"maincontent\">\n<h2 class=\"wp-block-heading\">\u00bfQu\u00e9 es una pista de aterrizaje?<\/h2>\n\n\n\n<p>La pista de aterrizaje es el \u00fanico punto de contacto entre las aeronaves y el suelo, por tanto, es un elemento cr\u00edtico en la seguridad.<\/p>\n\n\n\n<p><strong>La pista de aterrizaje de los <a href=\"https:\/\/www.ferrovial.com\/es-es\/recursos\/aeropuertos\/\" target=\"_blank\" rel=\"noreferrer noopener\">aeropuertos<\/a> es un elemento f\u00edsico relacionado directamente con la seguridad del despegue y aterrizaje<\/strong> y, por tanto, con la seguridad aeroportuaria. Fabricada con un pavimento resistente a grandes cargas (no solo peso, tambi\u00e9n esfuerzos mec\u00e1nicos horizontales) sus propiedades han de soportar un uso mucho m\u00e1s intenso que el de una autopista.<\/p>\n\n\n\n<h2 class=\"wp-block-heading\">\u00bfQu\u00e9 medida y espesor tiene una pista de aterrizaje?<\/h2>\n\n\n\n<p>Por ejemplo, <strong>la pista 14L\/32R del aeropuerto Adolfo Su\u00e1rez Madrid-Barajas <a title=\"Pavimentos de aeropuertos. \u00bfLas pistas son autopistas? - Ferrovial Blog\" aria-label=\" (opens in a new tab)\" href=\"https:\/\/www.ferrovial.com\/blog\/es\/2019\/06\/pavimentos-de-aeropuertos-las-pistas-son-autopistas\/\" target=\"_blank\" rel=\"dofollow noopener noreferrer\">tiene un ancho de 60 metros<\/a> que equivale a 15 carriles de autopista <\/strong>y un largo, con \u201carcenes\u201d, de 3.500 metros. Soporta cargas como las del gigante A380 de 420 toneladas a velocidades de 250 km\/h, el equivalente a diez camiones de mercanc\u00edas. El pavimento de esta pista de aterrizaje, de 50 cm de espesor, ha de soportar tensiones est\u00e1ticas elevadas. <\/p>\n<\/div><\/m-wysiwig>\n\n\n    <m-video >\n                <a class='m-video__modal' slot='modal' href='https:\/\/www.youtube-nocookie.com\/embed\/RmQx-JO8CSM'>\n            <img slot=\"poster\" v-lazy=\"'https:\/\/static.ferrovial.com\/wp-content\/uploads\/2019\/12\/13131951\/imagen-renovacion-de-la-t4-en-el-aeropuerto-de-barajas.jpg'\" title=\"\" width=\"1280\" height=\"100%\" >\n        <\/a>\n                        <h3 slot=\"title\">\n                                     <\/h3>\n                    <\/m-video>\n    \n\n\n<m-wysiwig class=\"wp-block-components-wysiwyg\"><div slot=\"maincontent\">\n<h2 class=\"wp-block-heading\">Pavimento de las pistas de aterrizaje<\/h2>\n\n\n\n<p>Para que este pavimento soporte las cargas necesita m\u00e1s ligante (<a href=\"https:\/\/www.ferrovial.com\/es\/betun-asfaltico\/\">bet\u00fan asf\u00e1ltico<\/a>) que el de las carreteras. Es aqu\u00ed donde entra <strong>I+D y los desarrollos como el bet\u00fan h\u00edbrido modificado<\/strong> con pol\u00edmeros (SBS), como el que desarroll\u00f3 <a href=\"https:\/\/www.ferrovial.com\/es\/ditecpesa\/\">Ditecpesa<\/a> en sus laboratorios. <\/p>\n\n\n\n<p>La investigaci\u00f3n de nuevos materiales en materia de <strong>betunes asf\u00e1lticos y pavimentos para aeropuertos<\/strong>, es una ciencia con mucho futuro por delante. El firme est\u00e1 directamente relacionado con la seguridad de la tripulaci\u00f3n, el consumo de combustible o el impacto que tiene tanto la fabricaci\u00f3n de emulsiones para el medio ambiente, como el uso de la pista a lo largo del tiempo. <\/p>\n\n\n\n<p>Junto a esto, la ingenier\u00eda implicada en la construcci\u00f3n y renovaci\u00f3n de una pista de aterrizaje es compleja. Siguiendo con el caso del aeropuerto madrile\u00f1o, en 2017 se renov\u00f3 por completo <a rel=\"noreferrer noopener\" aria-label=\" (opens in a new tab)\" href=\"https:\/\/www.youtube.com\/watch?v=RmQx-JO8CSM\" title=\"Youtube\" target=\"_blank\">la pista 18L\/36R<\/a> en tiempo r\u00e9cord y en 2019 <a href=\"https:\/\/www.youtube.com\/watch?v=E5Mt6bCq__4\" title=\"Youtube\" target=\"_blank\" rel=\"nofollow noopener noreferrer\">la 14L\/32R<\/a>. La \u00faltima necesit\u00f3 desmontar 1.200 balizas, demoler 27.000 metros de canalizaciones y 1.700 arquetas, el fresado de 2.000.000 cm\u00b7m<sup>2<\/sup>, el extendido de 55.000 toneladas de mezclas bituminosas y el tendido de 250.000 metros de cable de balizamiento. <\/p>\n<\/div><\/m-wysiwig>\n","protected":false},"excerpt":{"rendered":"","protected":false},"featured_media":0,"parent":25267,"menu_order":0,"comment_status":"closed","ping_status":"closed","template":"","meta":{"_acf_changed":false,"footnotes":""},"class_list":["post-201549","page","type-page","status-publish","hentry"],"acf":[],"yoast_head":"<!-- This site is optimized with the Yoast SEO plugin v27.2 - https:\/\/yoast.com\/product\/yoast-seo-wordpress\/ -->\n<title>Pista de aterrizaje: medidas, espesor, pavimento - Ferrovial<\/title>\n<meta name=\"description\" content=\"La pista de aterrizaje de los aeropuertos es un elemento f\u00edsico relacionado directamente con la seguridad del despegue y aterrizaje y la seguridad aeroportuaria.\" \/>\n<meta name=\"robots\" content=\"index, follow, max-snippet:-1, max-image-preview:large, max-video-preview:-1\" \/>\n<link rel=\"canonical\" href=\"https:\/\/www.ferrovial.com\/es\/recursos\/pista-aterrizaje\/\" \/>\n<meta property=\"og:locale\" content=\"es_ES\" \/>\n<meta property=\"og:type\" content=\"article\" \/>\n<meta property=\"og:title\" content=\"Pista de aterrizaje: medidas, espesor, pavimento - Ferrovial\" \/>\n<meta property=\"og:description\" content=\"La pista de aterrizaje de los aeropuertos es un elemento f\u00edsico relacionado directamente con la seguridad del despegue y aterrizaje y la seguridad aeroportuaria.\" \/>\n<meta property=\"og:url\" content=\"https:\/\/www.ferrovial.com\/es\/recursos\/pista-aterrizaje\/\" \/>\n<meta property=\"og:site_name\" content=\"Ferrovial\" \/>\n<meta property=\"article:publisher\" content=\"https:\/\/www.facebook.com\/ferrovial\" \/>\n<meta property=\"article:modified_time\" content=\"2022-09-22T16:01:27+00:00\" \/>\n<meta name=\"twitter:card\" content=\"summary_large_image\" \/>\n<meta name=\"twitter:site\" content=\"@ferrovial\" \/>\n<meta name=\"twitter:label1\" content=\"Est. reading time\" \/>\n\t<meta name=\"twitter:data1\" content=\"3 minutos\" \/>\n<!-- \/ Yoast SEO plugin. -->","yoast_head_json":{"title":"Pista de aterrizaje: medidas, espesor, pavimento - Ferrovial","description":"La pista de aterrizaje de los aeropuertos es un elemento f\u00edsico relacionado directamente con la seguridad del despegue y aterrizaje y la seguridad aeroportuaria.","robots":{"index":"index","follow":"follow","max-snippet":"max-snippet:-1","max-image-preview":"max-image-preview:large","max-video-preview":"max-video-preview:-1"},"canonical":"https:\/\/www.ferrovial.com\/es\/recursos\/pista-aterrizaje\/","og_locale":"es_ES","og_type":"article","og_title":"Pista de aterrizaje: medidas, espesor, pavimento - Ferrovial","og_description":"La pista de aterrizaje de los aeropuertos es un elemento f\u00edsico relacionado directamente con la seguridad del despegue y aterrizaje y la seguridad aeroportuaria.","og_url":"https:\/\/www.ferrovial.com\/es\/recursos\/pista-aterrizaje\/","og_site_name":"Ferrovial","article_publisher":"https:\/\/www.facebook.com\/ferrovial","article_modified_time":"2022-09-22T16:01:27+00:00","twitter_card":"summary_large_image","twitter_site":"@ferrovial","twitter_misc":{"Est. reading time":"3 minutos"},"schema":{"@context":"https:\/\/schema.org","@graph":[{"@type":"WebPage","@id":"https:\/\/www.ferrovial.com\/es\/recursos\/pista-aterrizaje\/","url":"https:\/\/www.ferrovial.com\/es\/recursos\/pista-aterrizaje\/","name":"Pista de aterrizaje: medidas, espesor, pavimento - Ferrovial","isPartOf":{"@id":"https:\/\/www.ferrovial.com\/es\/#website"},"datePublished":"2021-09-06T11:21:17+00:00","dateModified":"2022-09-22T16:01:27+00:00","description":"La pista de aterrizaje de los aeropuertos es un elemento f\u00edsico relacionado directamente con la seguridad del despegue y aterrizaje y la seguridad aeroportuaria.","breadcrumb":{"@id":"https:\/\/www.ferrovial.com\/es\/recursos\/pista-aterrizaje\/#breadcrumb"},"inLanguage":"es","potentialAction":[{"@type":"ReadAction","target":["https:\/\/www.ferrovial.com\/es\/recursos\/pista-aterrizaje\/"]}]},{"@type":"BreadcrumbList","@id":"https:\/\/www.ferrovial.com\/es\/recursos\/pista-aterrizaje\/#breadcrumb","itemListElement":[{"@type":"ListItem","position":1,"name":"Portada","item":"https:\/\/www.ferrovial.com\/es\/"},{"@type":"ListItem","position":2,"name":"Recursos","item":"https:\/\/www.ferrovial.com\/es\/recursos\/"},{"@type":"ListItem","position":3,"name":"Pista de aterrizaje"}]},{"@type":"WebSite","@id":"https:\/\/www.ferrovial.com\/es\/#website","url":"https:\/\/www.ferrovial.com\/es\/","name":"Ferrovial","description":"Welcome to the Ferrovial&#039;s website, global operator of sustainable infrastructure. Here you can find all the information about the company and subsidiaries.","publisher":{"@id":"https:\/\/www.ferrovial.com\/es\/#organization"},"potentialAction":[{"@type":"SearchAction","target":{"@type":"EntryPoint","urlTemplate":"https:\/\/www.ferrovial.com\/es\/?s={search_term_string}"},"query-input":{"@type":"PropertyValueSpecification","valueRequired":true,"valueName":"search_term_string"}}],"inLanguage":"es"},{"@type":"Organization","@id":"https:\/\/www.ferrovial.com\/es\/#organization","name":"Ferrovial S.A.","url":"https:\/\/www.ferrovial.com\/es\/","logo":{"@type":"ImageObject","inLanguage":"es","@id":"https:\/\/www.ferrovial.com\/es\/#\/schema\/logo\/image\/","url":"https:\/\/static.ferrovial.com\/wp-content\/uploads\/2020\/01\/13124948\/logo-ferrovial-cf7.png","contentUrl":"https:\/\/static.ferrovial.com\/wp-content\/uploads\/2020\/01\/13124948\/logo-ferrovial-cf7.png","width":144,"height":32,"caption":"Ferrovial S.A."},"image":{"@id":"https:\/\/www.ferrovial.com\/es\/#\/schema\/logo\/image\/"},"sameAs":["https:\/\/www.facebook.com\/ferrovial","https:\/\/x.com\/ferrovial","https:\/\/www.instagram.com\/ferrovial\/","https:\/\/www.linkedin.com\/company\/ferrovial","https:\/\/www.pinterest.es\/ferrovial\/","https:\/\/www.youtube.com\/ferrovial","https:\/\/en.wikipedia.org\/wiki\/Ferrovial"]}]}},"_links":{"self":[{"href":"https:\/\/www.ferrovial.com\/es\/wp-json\/wp\/v2\/pages\/201549","targetHints":{"allow":["GET"]}}],"collection":[{"href":"https:\/\/www.ferrovial.com\/es\/wp-json\/wp\/v2\/pages"}],"about":[{"href":"https:\/\/www.ferrovial.com\/es\/wp-json\/wp\/v2\/types\/page"}],"replies":[{"embeddable":true,"href":"https:\/\/www.ferrovial.com\/es\/wp-json\/wp\/v2\/comments?post=201549"}],"version-history":[{"count":1,"href":"https:\/\/www.ferrovial.com\/es\/wp-json\/wp\/v2\/pages\/201549\/revisions"}],"predecessor-version":[{"id":201550,"href":"https:\/\/www.ferrovial.com\/es\/wp-json\/wp\/v2\/pages\/201549\/revisions\/201550"}],"up":[{"embeddable":true,"href":"https:\/\/www.ferrovial.com\/es\/wp-json\/wp\/v2\/pages\/25267"}],"wp:attachment":[{"href":"https:\/\/www.ferrovial.com\/es\/wp-json\/wp\/v2\/media?parent=201549"}],"curies":[{"name":"wp","href":"https:\/\/api.w.org\/{rel}","templated":true}]}}