{"id":202786,"date":"2021-09-27T11:26:25","date_gmt":"2021-09-27T09:26:25","guid":{"rendered":"https:\/\/www.ferrovial.com\/?page_id=202786"},"modified":"2022-09-22T18:23:55","modified_gmt":"2022-09-22T16:23:55","slug":"infraestructura","status":"publish","type":"page","link":"https:\/\/www.ferrovial.com\/es\/recursos\/infraestructura\/","title":{"rendered":"Infraestructuras"},"content":{"rendered":"    <m-final-content-header >\n            <c-breadcrumb label-text=\"Breadcrumb\" slot=\"breadcrumbs\" type='2' align='left' wrap='wrapped wrapped' aria-label='Vienes de Recursos'>\n                        <ol>\n\n                                                            <li><a href=\"https:\/\/www.ferrovial.com\/es\/\" title=\"Ferrovial\">Ferrovial<\/a><\/li>\n                                                                        <li><a href=\"https:\/\/www.ferrovial.com\/es\/recursos\/\" title=\"Recursos\">Recursos<\/a><\/li>\n                                    \n                <\/ol>\n\n                <\/c-breadcrumb>\n    \n        <div slot=\"header\">\n            <h1>\n                Infraestructuras            <\/h1>\n                    <\/div>\n    <\/m-final-content-header>\n\n    \n\n\n<p><script type=\"application\/ld+json\">\n{\n  \"@context\": \"https:\/\/schema.org\",\n  \"@type\": \"FAQPage\",\n  \"mainEntity\": [{\n    \"@type\": \"Question\",\n    \"name\": \"\u00bfQu\u00e9 es una infraestructura?\",\n    \"acceptedAnswer\": {\n      \"@type\": \"Answer\",\n      \"text\": \"Se suele usar el t\u00e9rmino para referirse a las obras p\u00fablicas, instituciones y sistemas con las que cuenta una ciudad y un pa\u00eds, pero tambi\u00e9n puede hablarse de la infraestructura de una empresa u otro tipo de organizaci\u00f3n.\"\n    }\n  },{\n    \"@type\": \"Question\",\n    \"name\": \"\u00bfCu\u00e1les son los tipos de infraestructuras?\",\n    \"acceptedAnswer\": {\n      \"@type\": \"Answer\",\n      \"text\": \"Dura: la constituyen los elementos materiales o f\u00edsicos, como las carreteras, edificios, aeropuertos, etc.\nBlanda: es el capital humano y las organizaciones sociales que dotan de vida la infraestructura dura.\nCr\u00edtica: son los elementos indispensables. Por ejemplo: los servicios de emergencia, las comunicaciones y los servicios financieros. \nUrbana: permite el funcionamiento de las ciudades. Incluye el transporte p\u00fablico, la gesti\u00f3n del espacio p\u00fablico, la gesti\u00f3n de desechos, los cuerpos de seguridad, las redes de alcantarillado, etc.\nEcon\u00f3mica: es el conjunto de instalaciones y servicios que permiten la actividad productiva de un pa\u00eds o de una regi\u00f3n\nMilitar o de defensa: conjuga infraestructuras duras, blandas y cr\u00edticas, y es la que permite las operaciones militares de un pa\u00eds o de seguridad de una empresa.\"\n    }\n  },{\n    \"@type\": \"Question\",\n    \"name\": \"\u00bfCu\u00e1l es la importancia de las infraestructuras?\",\n    \"acceptedAnswer\": {\n      \"@type\": \"Answer\",\n      \"text\": \"La infraestructura y el desarrollo de un pa\u00eds est\u00e1n estrechamente ligados, especialmente desde el punto de vista econ\u00f3mico\"\n    }\n  },{\n    \"@type\": \"Question\",\n    \"name\": \"\u00bfQu\u00e9 referente en cuanto a infraestructuras existe en Espa\u00f1a?\",\n    \"acceptedAnswer\": {\n      \"@type\": \"Answer\",\n      \"text\": \"La Empresa Ferrovial ejecuta infraestructuras ferroviarias de manera eficiente desde el a\u00f1o de 1952. Adem\u00e1s, Ferrovial ha construido edificaciones singulares necesarias para la gesti\u00f3n de la red viaria como las estaciones de tren o \u00e1reas de mantenimiento y log\u00edstica, que incluyen la construcci\u00f3n de grandes obras de ingenier\u00eda como puentes, viaductos, t\u00faneles e, incluso, carreteras auxiliares.\"\n    }\n  }]\n}\n<\/script><\/p>\n\n\n\n<m-wysiwig class=\"wp-block-components-wysiwyg\"><div slot=\"maincontent\">\n<h2 class=\"wp-block-heading\">\u00bfQu\u00e9 es una infraestructura?&nbsp;<\/h2>\n\n\n\n<p>Infraestructura es un conjunto de instalaciones, servicios y medios t\u00e9cnicos que soportan el desarrollo de actividades. Se suele usar el t\u00e9rmino para referirse a las obras p\u00fablicas, instituciones y sistemas con las que cuenta una ciudad y un pa\u00eds, pero tambi\u00e9n puede hablarse de la infraestructura de una empresa u otro tipo de organizaci\u00f3n.<\/p>\n\n\n\n<p>Las infraestructuras se crean a partir de la intersecci\u00f3n de muchas disciplinas profesionales. Algunos ejemplos de infraestructura son: la red vial, los sistemas de telecomunicaciones, los edificios p\u00fablicos, las redes de distribuci\u00f3n de servicios, los sistemas de gesti\u00f3n de desechos, etc.<\/p>\n\n\n\n<h2 class=\"wp-block-heading\">\u00bfCu\u00e1les son los tipos de infraestructuras?<\/h2>\n\n\n\n<p>Seg\u00fan sus caracter\u00edsticas, una infraestructura puede ser:<\/p>\n\n\n\n<ul class=\"wp-block-list\"><li><strong>Dura:<\/strong> la constituyen los elementos materiales o f\u00edsicos, como las carreteras, edificios, aeropuertos, etc.<\/li><li><strong>Blanda:<\/strong> es el capital humano y las organizaciones sociales que dotan de vida la infraestructura dura. Aporta la experticia, los m\u00e9todos y la normativa que permite el funcionamiento de la infraestructura dura.<\/li><li><strong>Cr\u00edtica:<\/strong> son los elementos indispensables. Su debilitamiento, sabotaje o destrucci\u00f3n amenazan la seguridad de un pa\u00eds o la supervivencia de una instituci\u00f3n. Por ejemplo: los servicios de emergencia, las comunicaciones y los servicios financieros.&nbsp;<\/li><\/ul>\n\n\n\n<p>Seg\u00fan su funci\u00f3n, una infraestructura puede ser:<\/p>\n\n\n\n<ul class=\"wp-block-list\"><li><strong>Urbana: <\/strong>permite el funcionamiento de las ciudades. La infraestructura urbana se caracteriza por su complejidad debido a que toda ciudad contempor\u00e1nea es, al mismo tiempo, lugar de habitaci\u00f3n, trabajo y esparcimiento de grandes cantidades de personas. Incluye el transporte p\u00fablico, la gesti\u00f3n del espacio p\u00fablico, la gesti\u00f3n de desechos, los cuerpos de seguridad, las redes de alcantarillado, etc.<\/li><\/ul>\n\n\n\n<ul class=\"wp-block-list\"><li><strong>Econ\u00f3mica: <\/strong>es el conjunto de instalaciones y servicios que permiten la actividad productiva de un pa\u00eds o de una regi\u00f3n; por ejemplo, los sistemas de producci\u00f3n y distribuci\u00f3n de energ\u00eda, las v\u00edas de transporte (terrestre, fluvial, mar\u00edtimo y a\u00e9reo), etc.<\/li><li><strong>Militar o de defensa:<\/strong> conjuga infraestructuras duras, blandas y cr\u00edticas, y es la que permite las operaciones militares de un pa\u00eds o de seguridad de una empresa.<\/li><\/ul>\n\n\n\n<h2 class=\"wp-block-heading\">\u00bfCu\u00e1l es la importancia de las infraestructuras?<\/h2>\n\n\n\n<p>La infraestructura y el desarrollo de un pa\u00eds est\u00e1n estrechamente ligados, especialmente desde el punto de vista econ\u00f3mico. Cada a\u00f1o, el Foro Econ\u00f3mico Mundial analiza el \u00cdndice de Competitividad por Calidad de Infraestructura,que eval\u00faa a m\u00e1s de 140 pa\u00edses del mundo.<\/p>\n\n\n\n<p>Aunque el an\u00e1lisis toma en cuenta varios aspectos, los asociados con infraestructuras para el transporte son indispensables para la econom\u00eda (sin importar que se trate de transporte terrestre, a\u00e9reo, mar\u00edtimo o f\u00e9rreo) para potenciar las cadenas de valor.<\/p>\n\n\n\n<p>Una infraestructura de transporte adecuada es fundamental para el desarrollo econ\u00f3mico de un pa\u00eds porque disminuye los costos de comercializaci\u00f3n, integra los mercados y promueve la movilidad. Adem\u00e1s, es indispensable para aspirar a tasas de crecimiento m\u00e1s elevadas y acceder a nuevos mercados, diversific\u00e1ndolos.<\/p>\n\n\n\n<h2 class=\"wp-block-heading\">\u00bfQu\u00e9 referente en cuanto a infraestructuras existe en Espa\u00f1a?<\/h2>\n\n\n\n<p>La Empresa Ferrovial ejecuta infraestructuras ferroviarias de manera eficiente desde el a\u00f1o de 1952. Adem\u00e1s, Ferrovial ha construido edificaciones singulares necesarias para la gesti\u00f3n de la red viaria como las estaciones de tren o \u00e1reas de mantenimiento y log\u00edstica, que incluyen la construcci\u00f3n de grandes obras de ingenier\u00eda como puentes, viaductos, t\u00faneles e, incluso, carreteras auxiliares.<\/p>\n\n\n\n<p>En Espa\u00f1a, Ferrovial ha desarrollado casi cinco kil\u00f3metros de v\u00edas f\u00e9rreas, de las que 722 kil\u00f3metros guardan relaci\u00f3n con las l\u00edneas de Alta Velocidad; el 24% corresponden a l\u00edneas espa\u00f1olas de AVE (RENFE): Madrid-Andaluc\u00eda (160), Madrid-Barcelona (237), Madrid-Noroeste (128) y Madrid-Levante (197).<\/p>\n\n\n\n<p>Ferrovial tambi\u00e9n ha incursionado de manera destacada en proyectos de construcci\u00f3n y gesti\u00f3n de aeropuertos, plantas de tratamiento de aguas, edificios, museos, teatros, dep\u00f3sitos, torres solares, entre otros, tanto para el sector p\u00fablico como para el privado.&nbsp;<\/p>\n\n\n\n<h2 class=\"wp-block-heading\">Aspectos curiosos sobre infraestructuras<\/h2>\n\n\n\n<ul class=\"wp-block-list\"><li>Despu\u00e9s de la fase aguda de la crisis de la COVID-19, los Gobiernos han tenido que invertir m\u00e1s que nunca en infraestructura para acelerar la recuperaci\u00f3n econ\u00f3mica, crear empleo, reducir la pobreza y estimular la inversi\u00f3n productiva.&nbsp;<\/li><li>La crisis de la COVID-19 ha puesto de manifiesto la necesidad urgente de infraestructuras resilientes, especialmente de cara al cambio clim\u00e1tico.<\/li><li>Se estima que en un futuro pr\u00f3ximo un 70% de la poblaci\u00f3n mundial vivir\u00e1 en ciudades. Este reto exige la creaci\u00f3n de ciudades inteligentes a trav\u00e9s de complejas infraestructuras urbanas.<\/li><\/ul>\n<\/div><\/m-wysiwig>\n\n\n    <m-projects-distributor2 :translations='{\n        &quot;prev&quot;:&quot;Anterior&quot;,\n        &quot;next&quot;:&quot;Siguiente&quot;,\n        &quot;paginationseparator&quot;:&quot;de&quot;\n    }'>\n                        <h2 slot=\"title\">\n                Nuestros proyectos destacados                <\/h2>\n                        <a slot='button' title='Conoce nuestros proyectos ' href='https:\/\/www.ferrovial.com\/es\/cintra\/proyectos\/'>\n            Conoce nuestros proyectos         <\/a>\n\n            <\/m-projects-distributor2>\n\n    ","protected":false},"excerpt":{"rendered":"","protected":false},"featured_media":0,"parent":25267,"menu_order":0,"comment_status":"closed","ping_status":"closed","template":"","meta":{"_acf_changed":false,"footnotes":""},"class_list":["post-202786","page","type-page","status-publish","hentry"],"acf":[],"yoast_head":"<!-- This site is optimized with the Yoast SEO plugin v27.2 - https:\/\/yoast.com\/product\/yoast-seo-wordpress\/ -->\n<title>Infraestructuras: tipos y su importancia hoy - Ferrovial<\/title>\n<meta name=\"description\" content=\"Obras p\u00fablicas, instituciones y sistemas con las que cuenta una ciudad y un pa\u00eds, pero tambi\u00e9n puede hablarse de la infraestructura de una empresa u otro tipo de organizaci\u00f3n.\" \/>\n<meta name=\"robots\" content=\"index, follow, max-snippet:-1, max-image-preview:large, max-video-preview:-1\" \/>\n<link rel=\"canonical\" href=\"https:\/\/www.ferrovial.com\/es\/recursos\/infraestructura\/\" \/>\n<meta property=\"og:locale\" content=\"es_ES\" \/>\n<meta property=\"og:type\" content=\"article\" \/>\n<meta property=\"og:title\" content=\"Infraestructuras: tipos y su importancia hoy - Ferrovial\" \/>\n<meta property=\"og:description\" content=\"Obras p\u00fablicas, instituciones y sistemas con las que cuenta una ciudad y un pa\u00eds, pero tambi\u00e9n puede hablarse de la infraestructura de una empresa u otro tipo de organizaci\u00f3n.\" \/>\n<meta property=\"og:url\" content=\"https:\/\/www.ferrovial.com\/es\/recursos\/infraestructura\/\" \/>\n<meta property=\"og:site_name\" content=\"Ferrovial\" \/>\n<meta property=\"article:publisher\" content=\"https:\/\/www.facebook.com\/ferrovial\" \/>\n<meta property=\"article:modified_time\" content=\"2022-09-22T16:23:55+00:00\" \/>\n<meta name=\"twitter:card\" content=\"summary_large_image\" \/>\n<meta name=\"twitter:site\" content=\"@ferrovial\" \/>\n<meta name=\"twitter:label1\" content=\"Est. reading time\" \/>\n\t<meta name=\"twitter:data1\" content=\"5 minutos\" \/>\n<!-- \/ Yoast SEO plugin. -->","yoast_head_json":{"title":"Infraestructuras: tipos y su importancia hoy - Ferrovial","description":"Obras p\u00fablicas, instituciones y sistemas con las que cuenta una ciudad y un pa\u00eds, pero tambi\u00e9n puede hablarse de la infraestructura de una empresa u otro tipo de organizaci\u00f3n.","robots":{"index":"index","follow":"follow","max-snippet":"max-snippet:-1","max-image-preview":"max-image-preview:large","max-video-preview":"max-video-preview:-1"},"canonical":"https:\/\/www.ferrovial.com\/es\/recursos\/infraestructura\/","og_locale":"es_ES","og_type":"article","og_title":"Infraestructuras: tipos y su importancia hoy - Ferrovial","og_description":"Obras p\u00fablicas, instituciones y sistemas con las que cuenta una ciudad y un pa\u00eds, pero tambi\u00e9n puede hablarse de la infraestructura de una empresa u otro tipo de organizaci\u00f3n.","og_url":"https:\/\/www.ferrovial.com\/es\/recursos\/infraestructura\/","og_site_name":"Ferrovial","article_publisher":"https:\/\/www.facebook.com\/ferrovial","article_modified_time":"2022-09-22T16:23:55+00:00","twitter_card":"summary_large_image","twitter_site":"@ferrovial","twitter_misc":{"Est. reading time":"5 minutos"},"schema":{"@context":"https:\/\/schema.org","@graph":[{"@type":"WebPage","@id":"https:\/\/www.ferrovial.com\/es\/recursos\/infraestructura\/","url":"https:\/\/www.ferrovial.com\/es\/recursos\/infraestructura\/","name":"Infraestructuras: tipos y su importancia hoy - Ferrovial","isPartOf":{"@id":"https:\/\/www.ferrovial.com\/es\/#website"},"datePublished":"2021-09-27T09:26:25+00:00","dateModified":"2022-09-22T16:23:55+00:00","description":"Obras p\u00fablicas, instituciones y sistemas con las que cuenta una ciudad y un pa\u00eds, pero tambi\u00e9n puede hablarse de la infraestructura de una empresa u otro tipo de organizaci\u00f3n.","breadcrumb":{"@id":"https:\/\/www.ferrovial.com\/es\/recursos\/infraestructura\/#breadcrumb"},"inLanguage":"es","potentialAction":[{"@type":"ReadAction","target":["https:\/\/www.ferrovial.com\/es\/recursos\/infraestructura\/"]}]},{"@type":"BreadcrumbList","@id":"https:\/\/www.ferrovial.com\/es\/recursos\/infraestructura\/#breadcrumb","itemListElement":[{"@type":"ListItem","position":1,"name":"Portada","item":"https:\/\/www.ferrovial.com\/es\/"},{"@type":"ListItem","position":2,"name":"Recursos","item":"https:\/\/www.ferrovial.com\/es\/recursos\/"},{"@type":"ListItem","position":3,"name":"Infraestructuras"}]},{"@type":"WebSite","@id":"https:\/\/www.ferrovial.com\/es\/#website","url":"https:\/\/www.ferrovial.com\/es\/","name":"Ferrovial","description":"Welcome to the Ferrovial&#039;s website, global operator of sustainable infrastructure. Here you can find all the information about the company and subsidiaries.","publisher":{"@id":"https:\/\/www.ferrovial.com\/es\/#organization"},"potentialAction":[{"@type":"SearchAction","target":{"@type":"EntryPoint","urlTemplate":"https:\/\/www.ferrovial.com\/es\/?s={search_term_string}"},"query-input":{"@type":"PropertyValueSpecification","valueRequired":true,"valueName":"search_term_string"}}],"inLanguage":"es"},{"@type":"Organization","@id":"https:\/\/www.ferrovial.com\/es\/#organization","name":"Ferrovial S.A.","url":"https:\/\/www.ferrovial.com\/es\/","logo":{"@type":"ImageObject","inLanguage":"es","@id":"https:\/\/www.ferrovial.com\/es\/#\/schema\/logo\/image\/","url":"https:\/\/static.ferrovial.com\/wp-content\/uploads\/2020\/01\/13124948\/logo-ferrovial-cf7.png","contentUrl":"https:\/\/static.ferrovial.com\/wp-content\/uploads\/2020\/01\/13124948\/logo-ferrovial-cf7.png","width":144,"height":32,"caption":"Ferrovial S.A."},"image":{"@id":"https:\/\/www.ferrovial.com\/es\/#\/schema\/logo\/image\/"},"sameAs":["https:\/\/www.facebook.com\/ferrovial","https:\/\/x.com\/ferrovial","https:\/\/www.instagram.com\/ferrovial\/","https:\/\/www.linkedin.com\/company\/ferrovial","https:\/\/www.pinterest.es\/ferrovial\/","https:\/\/www.youtube.com\/ferrovial","https:\/\/en.wikipedia.org\/wiki\/Ferrovial"]}]}},"_links":{"self":[{"href":"https:\/\/www.ferrovial.com\/es\/wp-json\/wp\/v2\/pages\/202786","targetHints":{"allow":["GET"]}}],"collection":[{"href":"https:\/\/www.ferrovial.com\/es\/wp-json\/wp\/v2\/pages"}],"about":[{"href":"https:\/\/www.ferrovial.com\/es\/wp-json\/wp\/v2\/types\/page"}],"replies":[{"embeddable":true,"href":"https:\/\/www.ferrovial.com\/es\/wp-json\/wp\/v2\/comments?post=202786"}],"version-history":[{"count":2,"href":"https:\/\/www.ferrovial.com\/es\/wp-json\/wp\/v2\/pages\/202786\/revisions"}],"predecessor-version":[{"id":204657,"href":"https:\/\/www.ferrovial.com\/es\/wp-json\/wp\/v2\/pages\/202786\/revisions\/204657"}],"up":[{"embeddable":true,"href":"https:\/\/www.ferrovial.com\/es\/wp-json\/wp\/v2\/pages\/25267"}],"wp:attachment":[{"href":"https:\/\/www.ferrovial.com\/es\/wp-json\/wp\/v2\/media?parent=202786"}],"curies":[{"name":"wp","href":"https:\/\/api.w.org\/{rel}","templated":true}]}}