{"id":202824,"date":"2021-09-27T13:57:06","date_gmt":"2021-09-27T11:57:06","guid":{"rendered":"https:\/\/www.ferrovial.com\/?page_id=202824"},"modified":"2024-02-23T13:35:46","modified_gmt":"2024-02-23T12:35:46","slug":"parque-eolico","status":"publish","type":"page","link":"https:\/\/www.ferrovial.com\/es\/recursos\/parque-eolico\/","title":{"rendered":"Parque E\u00f3lico"},"content":{"rendered":"    <m-final-content-header >\n            <c-breadcrumb label-text=\"Breadcrumb\" slot=\"breadcrumbs\" type='2' align='left' wrap='wrapped wrapped' aria-label='Vienes de Recursos'>\n                        <ol>\n\n                                                            <li><a href=\"https:\/\/www.ferrovial.com\/es\/\" title=\"Ferrovial\">Ferrovial<\/a><\/li>\n                                                                        <li><a href=\"https:\/\/www.ferrovial.com\/es\/recursos\/\" title=\"Recursos\">Recursos<\/a><\/li>\n                                    \n                <\/ol>\n\n                <\/c-breadcrumb>\n    \n        <div slot=\"header\">\n            <h1>\n                Parque E\u00f3lico            <\/h1>\n                    <\/div>\n    <\/m-final-content-header>\n\n    \n\n\n<p><script type=\"application\/ld+json\">\n{\n  \"@context\": \"https:\/\/schema.org\",\n  \"@type\": \"FAQPage\",\n  \"mainEntity\": [{\n    \"@type\": \"Question\",\n    \"name\": \"\u00bfQu\u00e9 es la energ\u00eda e\u00f3lica?\",\n    \"acceptedAnswer\": {\n      \"@type\": \"Answer\",\n      \"text\": \"La energ\u00eda e\u00f3lica es la que se obtiene del viento; es decir, es el aprovechamiento de la energ\u00eda cin\u00e9tica de las masas de aire. Se trata de una energ\u00eda limpia y renovable\"\n    }\n  },{\n    \"@type\": \"Question\",\n    \"name\": \"\u00bfCu\u00e1les son los usos de la energ\u00eda e\u00f3lica?\",\n    \"acceptedAnswer\": {\n      \"@type\": \"Answer\",\n      \"text\": \"En principio, la energ\u00eda e\u00f3lica podr\u00eda aplicarse a cualquier uso final, pero tradicionalmente se ha destinado a bombear agua, moler grano y generar electricidad.\"\n    }\n  },{\n    \"@type\": \"Question\",\n    \"name\": \"\u00bfCu\u00e1les son las ventajas de la energ\u00eda e\u00f3lica?\",\n    \"acceptedAnswer\": {\n      \"@type\": \"Answer\",\n      \"text\": \"No produce emisiones ni contaminantes\nEst\u00e1 disponible en casi todo el planeta\nEs aut\u00f3ctona, por lo que genera empleo localmente\nEs adaptable a muchos espacios no aptos para otros fines\nSe instala de forma r\u00e1pida\nTiene un bajo costo de producci\u00f3n\"\n    }\n  },{\n    \"@type\": \"Question\",\n    \"name\": \"\u00bfQu\u00e9 es la ingenier\u00eda de la energ\u00eda e\u00f3lica?\",\n    \"acceptedAnswer\": {\n      \"@type\": \"Answer\",\n      \"text\": \"La ingenier\u00eda e\u00f3lica crea modelos de los caminos del viento para optimizar el dise\u00f1o de los parques e\u00f3licos. Dise\u00f1a tambi\u00e9n el acceso a los parques, el sistemas de recogida, las subestaciones, las estaciones de conmutaci\u00f3n y las l\u00edneas de transmisi\u00f3n.\"\n    }\n  },{\n    \"@type\": \"Question\",\n    \"name\": \"\u00bfQu\u00e9 es un parque e\u00f3lico?\",\n    \"acceptedAnswer\": {\n      \"@type\": \"Answer\",\n      \"text\": \"Un parque e\u00f3lico es una agrupaci\u00f3n de aerogeneradores que transforman la energ\u00eda e\u00f3lica en energ\u00eda el\u00e9ctrica. Pueden estar situados en la tierra o en el mar.\"\n    }\n  },{\n    \"@type\": \"Question\",\n    \"name\": \"\u00bfC\u00f3mo funciona un parque e\u00f3lico?\",\n    \"acceptedAnswer\": {\n      \"@type\": \"Answer\",\n      \"text\": \"Los aerogeneradores que conforman un parque e\u00f3lico aprovechan la energ\u00eda cin\u00e9tica del aire y la transforman en energ\u00eda mec\u00e1nica de rotaci\u00f3n. Los aerogeneradores constan de una torre en cuya cima hay un rotor con m\u00faltiples palas orientadas en la direcci\u00f3n del viento.\"\n    }\n  },{\n    \"@type\": \"Question\",\n    \"name\": \"\u00bfCu\u00e1l es la situaci\u00f3n de la energ\u00eda e\u00f3lica en Espa\u00f1a?\",\n    \"acceptedAnswer\": {\n      \"@type\": \"Answer\",\n      \"text\": \"Espa\u00f1a es el segundo pa\u00eds europeo con potencia e\u00f3lica instalada, despu\u00e9s de Alemania. En 2020, se produjeron 27.446 MW de energ\u00eda e\u00f3lica, aportando el 21,9% de la electricidad consumida. De entre las energ\u00edas renovables, la e\u00f3lica produjo el 49,7% del total de la energ\u00eda, seguida por la hidr\u00e1ulica (27,7%) y la solar fotovoltaica (13,8%).\"\n    }\n  }]\n}\n<\/script><\/p>\n\n\n\n<m-wysiwig class=\"wp-block-components-wysiwyg\"><div slot=\"maincontent\">\n<h2 class=\"wp-block-heading\">\u00bfQu\u00e9 es la energ\u00eda e\u00f3lica?&nbsp;<\/h2>\n\n\n\n<p>La energ\u00eda e\u00f3lica es la que se obtiene del viento; es decir, es el aprovechamiento de la energ\u00eda cin\u00e9tica de las masas de aire. Se trata de una energ\u00eda limpia y renovable. El t\u00e9rmino \u00abe\u00f3lico\u00bb proviene del lat\u00edn <em>aeolicus<\/em>: perteneciente o relativo a Eolo, dios de los vientos en la mitolog\u00eda griega.\u200b&nbsp;&nbsp;&nbsp;<\/p>\n\n\n\n<h2 class=\"wp-block-heading\">\u00bfCu\u00e1les son los usos de la energ\u00eda e\u00f3lica?<\/h2>\n\n\n\n<p>En principio, la energ\u00eda e\u00f3lica podr\u00eda aplicarse a cualquier uso final, pero tradicionalmente se ha destinado a bombear agua, moler grano y generar electricidad.<\/p>\n\n\n\n<p>En cuanto a bombeo de agua, la energ\u00eda e\u00f3lica ha tenido una aplicaci\u00f3n dom\u00e9stica y aplicada a la ganader\u00eda extensiva. Por su parte, el bombeo e\u00f3lico de agua para irrigaci\u00f3n ha tenido una aplicaci\u00f3n limitada, incluso en los \u00faltimos a\u00f1os. La molienda de granos a trav\u00e9s de molinos de viento hoy en d\u00eda est\u00e1 obsoleta. El principal uso de la energ\u00eda e\u00f3lica hoy es la generaci\u00f3n de electricidad.<\/p>\n\n\n\n<p>La energ\u00eda e\u00f3lica se puede generar a peque\u00f1a o gran escala. Los parques e\u00f3licos generan grandes cantidades de electricidad, y son capaces de abastecer a una poblaci\u00f3n de cientos, miles o millones de personas.<\/p>\n\n\n\n<h2 class=\"wp-block-heading\">\u00bfCu\u00e1les son las ventajas de la energ\u00eda e\u00f3lica?<\/h2>\n\n\n\n<p>1. Es una energ\u00eda renovable y limpia porque se origina con fen\u00f3menos atmosf\u00e9ricos naturales y no produce emisiones ni contaminantes.<\/p>\n\n\n\n<p>2. Est\u00e1 disponible en casi todo el planeta.<\/p>\n\n\n\n<p>3. Es aut\u00f3ctona, por lo que genera empleo localmente.<\/p>\n\n\n\n<p>3. Es adaptable a muchos espacios no aptos para otros fines, como zonas des\u00e9rticas, pero tambi\u00e9n puede coexistir con otras formas de aprovechamiento del suelo, como el cultivo o la ganader\u00eda.\u200b<\/p>\n\n\n\n<p>4. Se instala de forma r\u00e1pida.<\/p>\n\n\n\n<p>5.<strong><em> <\/em><\/strong>Su utilizaci\u00f3n combinada con la energ\u00eda solar fotovoltaica permite la autoalimentaci\u00f3n de viviendas, evitando la necesidad de conectarlas a las redes de suministro.\u200b<\/p>\n\n\n\n<p>6. Tiene un bajo costo de producci\u00f3n y, con estrategias sencillas (como la instalaci\u00f3n a distintos niveles) es bastante estable, por lo que puede competir en rentabilidad con las fuentes energ\u00e9ticas tradicionales.<\/p>\n\n\n\n<p>La energ\u00eda e\u00f3lica es aut\u00f3ctona pudiendo darse en cualquier rinc\u00f3n del planeta.<\/p>\n\n\n\n<h2 class=\"wp-block-heading\">\u00bfQu\u00e9 es la ingenier\u00eda de la energ\u00eda e\u00f3lica?<\/h2>\n\n\n\n<p>Es la que se encarga de dise\u00f1ar los parques e\u00f3licos, as\u00ed como de recomendar cambios en los procesos o la infraestructura para mejorar el rendimiento, reducir los costos operativos o cumplir normativas.<\/p>\n\n\n\n<p>La ingenier\u00eda e\u00f3lica crea modelos de los caminos del viento para optimizar el dise\u00f1o de los parques e\u00f3licos. Dise\u00f1a tambi\u00e9n el acceso a los parques, el sistemas de recogida, las subestaciones, las estaciones de conmutaci\u00f3n y las l\u00edneas de transmisi\u00f3n.<\/p>\n\n\n\n<h2 class=\"wp-block-heading\">\u00bfQu\u00e9 es un parque e\u00f3lico?<\/h2>\n\n\n\n<p>Un parque e\u00f3lico es una agrupaci\u00f3n de aerogeneradores que transforman la energ\u00eda e\u00f3lica en energ\u00eda el\u00e9ctrica. Pueden estar situados en la tierra o en el mar. Hasta ahora, los parques de tierra han sido los m\u00e1s comunes, pero los parques <em>offshore<\/em>, o mar\u00edtimos, han experimentado un crecimiento importante en Europa durante los \u00faltimos a\u00f1os.<\/p>\n\n\n\n<h2 class=\"wp-block-heading\">\u00bfC\u00f3mo funciona un parque e\u00f3lico?<\/h2>\n\n\n\n<p>Los aerogeneradores que conforman un parque e\u00f3lico aprovechan la energ\u00eda cin\u00e9tica del aire y la transforman en energ\u00eda mec\u00e1nica de rotaci\u00f3n. Los aerogeneradores constan de una torre en cuya cima hay un rotor con m\u00faltiples palas orientadas en la direcci\u00f3n del viento. Hay muchos tipos de aerogeneradores, pero todos tienen algunos componentes b\u00e1sicos que funcionan as\u00ed:<\/p>\n\n\n\n<ol class=\"wp-block-list\">\n<li>Las <strong>aspas<\/strong> giran por acci\u00f3n del viento.<\/li>\n\n\n\n<li>El movimiento de las inmensas aspas hacen que gire el <strong>buje<\/strong>.<\/li>\n\n\n\n<li>El buje impulsa un <strong>eje de velocidad lenta<\/strong>, que da entre 10 y 20 vueltas por minuto.<\/li>\n\n\n\n<li>La energ\u00eda mec\u00e1nica del movimiento giratorio alcanza el <strong>multiplicador<\/strong>, una caja con engranajes que aumenta la velocidad de giro hasta alcanzar 1500 revoluciones por minuto (algunos aerogeneradores no poseen este componente).<\/li>\n\n\n\n<li>El movimiento, acelerado o no, se transmite al <strong>generador<\/strong>, donde se transforma la energ\u00eda mec\u00e1nica en el\u00e9ctrica.<\/li>\n\n\n\n<li>La electricidad baja a trav\u00e9s de la <strong>torre <\/strong>para transferirla a la <strong>red <\/strong>y ser distribuida a los diferentes <strong>puntos de abastecimiento <\/strong>el\u00e9ctrico.<\/li>\n<\/ol>\n\n\n\n<p>Generalmente, los aerogeneradores env\u00edan la energ\u00eda a una <strong>subestaci\u00f3n de transformaci\u00f3n <\/strong>antes de entrar a la red.<\/p>\n\n\n\n<h2 class=\"wp-block-heading\">\u00bfCu\u00e1l es la situaci\u00f3n de la energ\u00eda e\u00f3lica en Espa\u00f1a?<\/h2>\n\n\n\n<p>Espa\u00f1a es el segundo pa\u00eds europeo con potencia e\u00f3lica instalada, despu\u00e9s de Alemania. En 2020, se produjeron 27.446 MW de energ\u00eda e\u00f3lica, aportando el 21,9% de la electricidad consumida. De entre las energ\u00edas renovables, la e\u00f3lica produjo el 49,7% del total de la energ\u00eda, seguida por la hidr\u00e1ulica (27,7%) y la solar fotovoltaica (13,8%).<\/p>\n\n\n\n<p>La tecnolog\u00eda e\u00f3lica est\u00e1 presente en pr\u00e1cticamente todas las comunidades aut\u00f3nomas, exceptuando Madrid, Ceuta y Melilla. Las comunidades aut\u00f3nomas que m\u00e1s fuentes de energ\u00eda e\u00f3lica instalaron en 2020 son Arag\u00f3n (1.050,87 MW), Navarra (262,58 MW), Castilla y Le\u00f3n (216,30 MW), Castilla La Mancha (65 MW), Islas Canarias (28,80 MW), Andaluc\u00eda (23,63 MW) y Galicia (23,60 MW).&nbsp;<\/p>\n\n\n\n<p>En porcentaje de instalaci\u00f3n, las tres comunidades aut\u00f3nomas con mayor presencia de e\u00f3lica son Castilla Le\u00f3n (23%), Arag\u00f3n (15,2%) y Castilla La Mancha (14,2%).<\/p>\n\n\n\n<h2 class=\"wp-block-heading\">Aspectos curiosos sobre parque e\u00f3lico<\/h2>\n\n\n\n<ul class=\"wp-block-list\">\n<li>Los Pa\u00edses Bajos fueron de los primeros y principales impulsores de esta tecnolog\u00eda, tanto que los molinos de viento son representativos del pa\u00eds.<\/li>\n\n\n\n<li>El primer aerogenerador se construy\u00f3 en 1888. Med\u00eda 17 metros de di\u00e1metro y ten\u00eda 144 palas de madera de cedro. Su potencia era \u00fanicamente de 12kW.<\/li>\n\n\n\n<li>La primera turbina moderna se instal\u00f3 en Estados Unidos durante los a\u00f1os 40.<\/li>\n\n\n\n<li>Se cree que los aerogeneradores generan mucho ruido, pero, en realidad, cuando est\u00e1n actuando a su m\u00e1xima potencia, el ruido que generan es comparable al que hace un frigor\u00edfico ubicado a 50 metros de distancia.<\/li>\n\n\n\n<li>La energ\u00eda e\u00f3lica ahorra agua, y algunos estudios apuntan que, para 2030, su uso podr\u00eda ahorrar unos 1571 millones de metros c\u00fabicos de agua en Europa.<\/li>\n\n\n\n<li>Se estima que, en 2020, la energ\u00eda e\u00f3lica dio trabajo a 1,2 millones de personas (el doble que en 2012).<\/li>\n\n\n\n<li>Pese a la COVID-19, en 2020 se instalaron en Espa\u00f1a 1.720 MW e\u00f3licos (en 2019 fueron 2.243 y en 2018 apenas 393 MW).&nbsp;<\/li>\n<\/ul>\n<\/div><\/m-wysiwig>\n\n\n    <m-projects-distributor2 :translations='{\n        &quot;prev&quot;:&quot;Anterior&quot;,\n        &quot;next&quot;:&quot;Siguiente&quot;,\n        &quot;paginationseparator&quot;:&quot;de&quot;\n    }'>\n                        <h2 slot=\"title\">\n                Nuestros proyectos destacados                <\/h2>\n                        <a slot='button' title='Conoce nuestros proyectos ' href='https:\/\/www.ferrovial.com\/es\/cintra\/proyectos\/'>\n            Conoce nuestros proyectos         <\/a>\n\n            <\/m-projects-distributor2>\n\n    ","protected":false},"excerpt":{"rendered":"","protected":false},"featured_media":0,"parent":25267,"menu_order":0,"comment_status":"closed","ping_status":"closed","template":"","meta":{"_acf_changed":false,"footnotes":""},"class_list":["post-202824","page","type-page","status-publish","hentry"],"acf":[],"yoast_head":"<!-- This site is optimized with the Yoast SEO plugin v27.2 - https:\/\/yoast.com\/product\/yoast-seo-wordpress\/ -->\n<title>Energ\u00eda e\u00f3lica: definici\u00f3n, ventajas, parques e\u00f3licos... - Ferrovial<\/title>\n<meta name=\"description\" content=\"La energ\u00eda e\u00f3lica podr\u00eda aplicarse a cualquier uso final, pero tradicionalmente se ha destinado a bombear agua, moler grano y generar electricidad.\" \/>\n<meta name=\"robots\" content=\"index, follow, max-snippet:-1, max-image-preview:large, max-video-preview:-1\" \/>\n<link rel=\"canonical\" href=\"https:\/\/www.ferrovial.com\/es\/recursos\/parque-eolico\/\" \/>\n<meta property=\"og:locale\" content=\"es_ES\" \/>\n<meta property=\"og:type\" content=\"article\" \/>\n<meta property=\"og:title\" content=\"Energ\u00eda e\u00f3lica: definici\u00f3n, ventajas, parques e\u00f3licos... - Ferrovial\" \/>\n<meta property=\"og:description\" content=\"La energ\u00eda e\u00f3lica podr\u00eda aplicarse a cualquier uso final, pero tradicionalmente se ha destinado a bombear agua, moler grano y generar electricidad.\" \/>\n<meta property=\"og:url\" content=\"https:\/\/www.ferrovial.com\/es\/recursos\/parque-eolico\/\" \/>\n<meta property=\"og:site_name\" content=\"Ferrovial\" \/>\n<meta property=\"article:publisher\" content=\"https:\/\/www.facebook.com\/ferrovial\" \/>\n<meta property=\"article:modified_time\" content=\"2024-02-23T12:35:46+00:00\" \/>\n<meta name=\"twitter:card\" content=\"summary_large_image\" \/>\n<meta name=\"twitter:site\" content=\"@ferrovial\" \/>\n<meta name=\"twitter:label1\" content=\"Est. reading time\" \/>\n\t<meta name=\"twitter:data1\" content=\"5 minutos\" \/>\n<!-- \/ Yoast SEO plugin. -->","yoast_head_json":{"title":"Energ\u00eda e\u00f3lica: definici\u00f3n, ventajas, parques e\u00f3licos... - Ferrovial","description":"La energ\u00eda e\u00f3lica podr\u00eda aplicarse a cualquier uso final, pero tradicionalmente se ha destinado a bombear agua, moler grano y generar electricidad.","robots":{"index":"index","follow":"follow","max-snippet":"max-snippet:-1","max-image-preview":"max-image-preview:large","max-video-preview":"max-video-preview:-1"},"canonical":"https:\/\/www.ferrovial.com\/es\/recursos\/parque-eolico\/","og_locale":"es_ES","og_type":"article","og_title":"Energ\u00eda e\u00f3lica: definici\u00f3n, ventajas, parques e\u00f3licos... - Ferrovial","og_description":"La energ\u00eda e\u00f3lica podr\u00eda aplicarse a cualquier uso final, pero tradicionalmente se ha destinado a bombear agua, moler grano y generar electricidad.","og_url":"https:\/\/www.ferrovial.com\/es\/recursos\/parque-eolico\/","og_site_name":"Ferrovial","article_publisher":"https:\/\/www.facebook.com\/ferrovial","article_modified_time":"2024-02-23T12:35:46+00:00","twitter_card":"summary_large_image","twitter_site":"@ferrovial","twitter_misc":{"Est. reading time":"5 minutos"},"schema":{"@context":"https:\/\/schema.org","@graph":[{"@type":"WebPage","@id":"https:\/\/www.ferrovial.com\/es\/recursos\/parque-eolico\/","url":"https:\/\/www.ferrovial.com\/es\/recursos\/parque-eolico\/","name":"Energ\u00eda e\u00f3lica: definici\u00f3n, ventajas, parques e\u00f3licos... - Ferrovial","isPartOf":{"@id":"https:\/\/www.ferrovial.com\/es\/#website"},"datePublished":"2021-09-27T11:57:06+00:00","dateModified":"2024-02-23T12:35:46+00:00","description":"La energ\u00eda e\u00f3lica podr\u00eda aplicarse a cualquier uso final, pero tradicionalmente se ha destinado a bombear agua, moler grano y generar electricidad.","breadcrumb":{"@id":"https:\/\/www.ferrovial.com\/es\/recursos\/parque-eolico\/#breadcrumb"},"inLanguage":"es","potentialAction":[{"@type":"ReadAction","target":["https:\/\/www.ferrovial.com\/es\/recursos\/parque-eolico\/"]}]},{"@type":"BreadcrumbList","@id":"https:\/\/www.ferrovial.com\/es\/recursos\/parque-eolico\/#breadcrumb","itemListElement":[{"@type":"ListItem","position":1,"name":"Portada","item":"https:\/\/www.ferrovial.com\/es\/"},{"@type":"ListItem","position":2,"name":"Recursos","item":"https:\/\/www.ferrovial.com\/es\/recursos\/"},{"@type":"ListItem","position":3,"name":"Parque E\u00f3lico"}]},{"@type":"WebSite","@id":"https:\/\/www.ferrovial.com\/es\/#website","url":"https:\/\/www.ferrovial.com\/es\/","name":"Ferrovial","description":"Welcome to the Ferrovial&#039;s website, global operator of sustainable infrastructure. Here you can find all the information about the company and subsidiaries.","publisher":{"@id":"https:\/\/www.ferrovial.com\/es\/#organization"},"potentialAction":[{"@type":"SearchAction","target":{"@type":"EntryPoint","urlTemplate":"https:\/\/www.ferrovial.com\/es\/?s={search_term_string}"},"query-input":{"@type":"PropertyValueSpecification","valueRequired":true,"valueName":"search_term_string"}}],"inLanguage":"es"},{"@type":"Organization","@id":"https:\/\/www.ferrovial.com\/es\/#organization","name":"Ferrovial S.A.","url":"https:\/\/www.ferrovial.com\/es\/","logo":{"@type":"ImageObject","inLanguage":"es","@id":"https:\/\/www.ferrovial.com\/es\/#\/schema\/logo\/image\/","url":"https:\/\/static.ferrovial.com\/wp-content\/uploads\/2020\/01\/13124948\/logo-ferrovial-cf7.png","contentUrl":"https:\/\/static.ferrovial.com\/wp-content\/uploads\/2020\/01\/13124948\/logo-ferrovial-cf7.png","width":144,"height":32,"caption":"Ferrovial S.A."},"image":{"@id":"https:\/\/www.ferrovial.com\/es\/#\/schema\/logo\/image\/"},"sameAs":["https:\/\/www.facebook.com\/ferrovial","https:\/\/x.com\/ferrovial","https:\/\/www.instagram.com\/ferrovial\/","https:\/\/www.linkedin.com\/company\/ferrovial","https:\/\/www.pinterest.es\/ferrovial\/","https:\/\/www.youtube.com\/ferrovial","https:\/\/en.wikipedia.org\/wiki\/Ferrovial"]}]}},"_links":{"self":[{"href":"https:\/\/www.ferrovial.com\/es\/wp-json\/wp\/v2\/pages\/202824","targetHints":{"allow":["GET"]}}],"collection":[{"href":"https:\/\/www.ferrovial.com\/es\/wp-json\/wp\/v2\/pages"}],"about":[{"href":"https:\/\/www.ferrovial.com\/es\/wp-json\/wp\/v2\/types\/page"}],"replies":[{"embeddable":true,"href":"https:\/\/www.ferrovial.com\/es\/wp-json\/wp\/v2\/comments?post=202824"}],"version-history":[{"count":3,"href":"https:\/\/www.ferrovial.com\/es\/wp-json\/wp\/v2\/pages\/202824\/revisions"}],"predecessor-version":[{"id":276059,"href":"https:\/\/www.ferrovial.com\/es\/wp-json\/wp\/v2\/pages\/202824\/revisions\/276059"}],"up":[{"embeddable":true,"href":"https:\/\/www.ferrovial.com\/es\/wp-json\/wp\/v2\/pages\/25267"}],"wp:attachment":[{"href":"https:\/\/www.ferrovial.com\/es\/wp-json\/wp\/v2\/media?parent=202824"}],"curies":[{"name":"wp","href":"https:\/\/api.w.org\/{rel}","templated":true}]}}