{"id":202865,"date":"2021-09-27T16:02:56","date_gmt":"2021-09-27T14:02:56","guid":{"rendered":"https:\/\/www.ferrovial.com\/?page_id=202865"},"modified":"2025-11-09T13:58:37","modified_gmt":"2025-11-09T12:58:37","slug":"obra-civil","status":"publish","type":"page","link":"https:\/\/www.ferrovial.com\/es\/recursos\/obra-civil\/","title":{"rendered":"Obra Civil"},"content":{"rendered":"    <m-final-content-header >\n            <c-breadcrumb label-text=\"Breadcrumb\" slot=\"breadcrumbs\" type='2' align='left' wrap='wrapped wrapped' aria-label='Vienes de Recursos'>\n                        <ol>\n\n                                                            <li><a href=\"https:\/\/www.ferrovial.com\/es\/\" title=\"Ferrovial\">Ferrovial<\/a><\/li>\n                                                                        <li><a href=\"https:\/\/www.ferrovial.com\/es\/recursos\/\" title=\"Recursos\">Recursos<\/a><\/li>\n                                    \n                <\/ol>\n\n                <\/c-breadcrumb>\n    \n        <div slot=\"header\">\n            <h1>\n                Obra Civil            <\/h1>\n                    <\/div>\n    <\/m-final-content-header>\n\n    \n\n\n<p><script type=\"application\/ld+json\">\n{\n  \"@context\": \"https:\/\/schema.org\",\n  \"@type\": \"FAQPage\",\n  \"mainEntity\": [{\n    \"@type\": \"Question\",\n    \"name\": \"\u00bfQu\u00e9 se considera obra civil?\",\n    \"acceptedAnswer\": {\n      \"@type\": \"Answer\",\n      \"text\": \"Una obra civil es una construcci\u00f3n desarrollada por civiles (ingenieros, arquitectos, constructores, etc.) para ser utilizadas por con fines tambi\u00e9n civiles; es decir, por la poblaci\u00f3n de una ciudad, regi\u00f3n o pa\u00eds\"\n    }\n  },{\n    \"@type\": \"Question\",\n    \"name\": \"\u00bfQu\u00e9 es un proyecto de obra civil?\",\n    \"acceptedAnswer\": {\n      \"@type\": \"Answer\",\n      \"text\": \"Es el documento, o conjunto de documentos, que definen el dise\u00f1o de una obra civil, y sobre el cual se desarrolla el trabajo de los arquitectos, ingenieros y proyectistas de distintas especialidades.\"\n    }\n  },{\n    \"@type\": \"Question\",\n    \"name\": \"\u00bfC\u00f3mo se desarrolla un proyecto de obra civil?\",\n    \"acceptedAnswer\": {\n      \"@type\": \"Answer\",\n      \"text\": \"A grandes rasgos, las fases de un proyecto civil ser\u00edan: idea del proyecto, estudio previo de viabilidad, anteproyecto, proyecto informativo, proyecto de ejecuci\u00f3n, licitaci\u00f3n, direcci\u00f3n y ejecuci\u00f3n delas obras.\"\n    }\n  },{\n    \"@type\": \"Question\",\n    \"name\": \"\u00bfQu\u00e9 referente en cuanto a obra civil existe en Espa\u00f1a?\",\n    \"acceptedAnswer\": {\n      \"@type\": \"Answer\",\n      \"text\": \"Ferrovial es una empresa l\u00edden en construcci\u00f3n de obra civil en Espa\u00f1a, y tambi\u00e9n es un gran referente a nivel mundial. Se especializa en infraestructuras de movilidad y transporte, as\u00ed como en edificios singulares, instalaciones portuarias y aeroportuarias, edificios singulares y obras relacionadas con la producci\u00f3n y distribuci\u00f3n de energ\u00eda\"\n    }\n  }]\n}\n<\/script><\/p>\n\n\n\n<m-wysiwig class=\"wp-block-components-wysiwyg\"><div slot=\"maincontent\">\n<h2 class=\"wp-block-heading\">\u00bfQu\u00e9 se considera obra civil?&nbsp;<\/h2>\n\n\n\n<p>Una obra civil es una construcci\u00f3n desarrollada por civiles (ingenieros, arquitectos, constructores, etc.) para ser utilizadas por con fines tambi\u00e9n civiles; es decir, por la poblaci\u00f3n de una ciudad, regi\u00f3n o pa\u00eds. El t\u00e9rmino designa toda construcci\u00f3n permanente, separada e independiente (conjunto de activos) cuyo objetivo sea satisfacer las necesidades de una naci\u00f3n e incrementar la calidad de vida en ella.<\/p>\n\n\n\n<p>Las obras civiles conforman la infraestructura de energ\u00eda, transporte, vivienda, industria, comercio, esparcimiento, etc.<\/p>\n\n\n\n<h2 class=\"wp-block-heading\">\u00bfQu\u00e9 es un proyecto de obra civil?<\/h2>\n\n\n\n<p>Es el documento, o conjunto de documentos, que definen el dise\u00f1o de una obra civil, y sobre el cual se desarrolla el trabajo de los arquitectos, ingenieros y proyectistas de distintas especialidades.<\/p>\n\n\n\n<p>En un proyecto de obra civil se definen las especificaciones t\u00e9cnicas, los requerimientos espec\u00edficos, las normativas a seguir, los plazos de realizaci\u00f3n, el presupuesto, los materiales y tecnolog\u00edas a utilizar, la distribuci\u00f3n y el usos de los espacios, etc.<\/p>\n\n\n\n<h2 class=\"wp-block-heading\">\u00bfC\u00f3mo se desarrolla un proyecto de obra civil?<\/h2>\n\n\n\n<p>Hoy en d\u00eda, el proyecto de una obra civil es un documento claro, conciso y con una estructura m\u00e1s o menos fija, que sigue un proceso determinado. A grandes rasgos, las fases de un proyecto civil ser\u00edan: idea del proyecto, estudio previo de viabilidad, anteproyecto, proyecto informativo, proyecto de ejecuci\u00f3n, licitaci\u00f3n, direcci\u00f3n y ejecuci\u00f3n delas obras.<\/p>\n\n\n\n<ol class=\"wp-block-list\">\n<li><strong>Idea del proyecto:<\/strong> identifica la necesidad o problema que el proyecto debe satisfacer o resolver.<\/li>\n\n\n\n<li><strong>Estudio previo de viabilidad: <\/strong>comprueba que el proyecto sea realmente necesario, que sea t\u00e9cnica y econ\u00f3micamente viable, identifica posibles problemas de ejecuci\u00f3n, define posibles fuentes de financiaci\u00f3n.<\/li>\n\n\n\n<li><strong>Anteproyecto:<\/strong> es un estudio m\u00e1s completo que el anterior. Busca hacer la formulaci\u00f3n b\u00e1sica del proyecto y definir sus objetivos, analiza los condicionantes del proyecto, eval\u00faa distintas soluciones y alternativas t\u00e9cnicas, esboza un dise\u00f1o general (a\u00fan sin especificaciones t\u00e9cnicas precisas), estima de forma precisa los costes, estudia la viabilidad econ\u00f3mica, define la financiaci\u00f3n, propone la estructura organizativa, administrativa y de gesti\u00f3n.<\/li>\n\n\n\n<li><strong>Proyecto informativo o proyecto b\u00e1sico: <\/strong>profundiza los estudios de la fase anterior. Contienen el dise\u00f1o, en el que presenta las soluciones t\u00e9cnicas, planos de detalle, anexos t\u00e9cnicos, especificaciones, log\u00edstica, presupuesto detallado y firma del autor. Este documento est\u00e1 destinado a la exposici\u00f3n p\u00fablica; seg\u00fan las alegaciones recibidas, se modifica para dar lugar al proyecto definitivo de construcci\u00f3n.<\/li>\n\n\n\n<li><strong>Proyecto de construcci\u00f3n o proyecto de ejecuci\u00f3n:<\/strong> es el proyecto informativo o b\u00e1sico con los ajustes pertinentes. Adem\u00e1s, contiene el visado colegial, en caso de ser necesario.<\/li>\n\n\n\n<li><strong>Licitaci\u00f3n: <\/strong>el proyecto va a licitaci\u00f3n o concurso para determinar qui\u00e9n ejecuta la obra.<\/li>\n\n\n\n<li><strong>Direcci\u00f3n y ejecuci\u00f3n de las obras: <\/strong>es la fase de construcci\u00f3n efectiva de la obra, que concluye una vez que esta se entrega.<\/li>\n<\/ol>\n\n\n\n<h2 class=\"wp-block-heading\">\u00bfQu\u00e9 referente en cuanto a obra civil existe en Espa\u00f1a?<\/h2>\n\n\n\n<p>Ferrovial es una empresa l\u00edder en construcci\u00f3n de obra civil en Espa\u00f1a, y tambi\u00e9n es un gran referente a nivel mundial. Se especializa en infraestructuras de transporte, as\u00ed como en edificios singulares, instalaciones portuarias y aeroportuarias, edificios singulares y obras relacionadas con la producci\u00f3n y distribuci\u00f3n de energ\u00eda.<\/p>\n\n\n\n<p>Entre sus empresas especializadas, se encuentra Ferconsa Instalaciones. Ferconsa se encarga del dise\u00f1o, montaje y puesta en marcha de obra civil, as\u00ed como de edificaci\u00f3n y obra industrial. Entre las otras empresas especializadas de Ferrovial, tambi\u00e9n se encuentran otras cuya labor se relaciona con la obra civil, como Ditecpesa (productos asf\u00e1lticos), Tecpresa (postensado de estructuras) y Edytesa (encofrado deslizante y <em>heavy lifting<\/em>).<\/p>\n\n\n\n<h2 class=\"wp-block-heading\">Datos curiosos sobre obra civil<\/h2>\n\n\n\n<ul class=\"wp-block-list\">\n<li><strong>El canal de Panam\u00e1<\/strong> se considera la obra de ingenier\u00eda civil m\u00e1s grande e importante del siglo XX. Conecta el Oc\u00e9ano Atl\u00e1ntico con el Oc\u00e9ano Pac\u00edfico a trav\u00e9s del punto m\u00e1s estrecho del istmo de Panam\u00e1. Tiene un impacto mundial sobre la econom\u00eda y el transporte. Se empez\u00f3 a construir en 1881, pero se inaugur\u00f3 en 1914. En 2016 se inaugur\u00f3 una ampliaci\u00f3n. Sigue siendo tan importante como cuando se proyect\u00f3, en el siglo XIX.<\/li>\n\n\n\n<li>Las <strong>Pir\u00e1mides de Guiza <\/strong>son de las obras civiles m\u00e1s antiguas que se conservan a\u00fan hoy. Inicialmente fueron concebidas como cementerio, aunque hoy se las considera una de las maravillas del mundo.<\/li>\n\n\n\n<li>El <strong>Puente de la Constituci\u00f3n 1832 <\/strong>es una de las mega obras civiles m\u00e1s recientes de Espa\u00f1a. Conecta C\u00e1diz con Puerto Real, tiene una longitud de 3 Km, y se inaugur\u00f3 en 2015, despu\u00e9s de unos 7 a\u00f1os de obras.<\/li>\n\n\n\n<li>El <strong>Eurot\u00fanel <\/strong>y el <strong>t\u00fanel Seikan<\/strong> son las dos m\u00e1s grandes obras de ingenier\u00eda ferroviaria submarina. El Eurot\u00fanel conecta Francia e Inglaterra, tiene 50,5 kil\u00f3metros (39 km submarinos) a 40 metros de profundidad. El t\u00fanel Seikan se encuentra Jap\u00f3n, y conecta las islas de Honshu y Hokkaido; tiene 53 kil\u00f3metros (con 23,3 km bajo el lecho marino) a 240 metros bajo el nivel del mar y 100 metros bajo el fondo del mar. El t\u00fanel Seikan empez\u00f3 a funcionar en 1988, mientras que el Eurot\u00fanel se empez\u00f3 a construir ese a\u00f1o y se inaugur\u00f3 en 1994.<\/li>\n\n\n\n<li><strong>John Smeaton <\/strong>(1724-1792) se considera el <strong>primer ingeniero civil <\/strong>de la historia. Durante la Revoluci\u00f3n Industrial, dise\u00f1\u00f3 y ejecut\u00f3 en Inglaterra molinos de viento y ruedas hidr\u00e1ulicas. Tambi\u00e9n construy\u00f3 puertos, faros y canales.<\/li>\n<\/ul>\n\n\n\n<p>La <strong>Estaci\u00f3n Espacial Internacional <\/strong>(ISS, por sus siglas en ingl\u00e9s), es la obra civil m\u00e1s importante en el espacio. En su construcci\u00f3n y funcionamiento colaboran cinco agencias espaciales (la NASA, la Agencia Espacial Europea, la Agencia Japonesa de Exploraci\u00f3n Espacial, la Agencia Espacial Federal Rusa y la Agencia Espacial Canadiense). Se empez\u00f3 a construir en 1998, y en el 2000 llegaron los primeros astronautas. Orbita a 400 kil\u00f3metros de la Tierra y funciona como centro de investigaci\u00f3n.<\/p>\n<\/div><\/m-wysiwig>\n\n\n    <m-projects-distributor2 :translations='{\n        &quot;prev&quot;:&quot;Anterior&quot;,\n        &quot;next&quot;:&quot;Siguiente&quot;,\n        &quot;paginationseparator&quot;:&quot;de&quot;\n    }'>\n                        <h2 slot=\"title\">\n                Nuestros proyectos destacados                <\/h2>\n                        <a slot='button' title='Conoce nuestros proyectos ' href='https:\/\/www.ferrovial.com\/es\/cintra\/proyectos\/'>\n            Conoce nuestros proyectos         <\/a>\n\n            <\/m-projects-distributor2>\n\n    ","protected":false},"excerpt":{"rendered":"","protected":false},"featured_media":0,"parent":25267,"menu_order":0,"comment_status":"closed","ping_status":"closed","template":"","meta":{"_acf_changed":false,"footnotes":""},"class_list":["post-202865","page","type-page","status-publish","hentry"],"acf":[],"yoast_head":"<!-- This site is optimized with the Yoast SEO plugin v27.2 - https:\/\/yoast.com\/product\/yoast-seo-wordpress\/ -->\n<title>Qu\u00e9 es un proyecto de obra civil y c\u00f3mo se desarrolla - Ferrovial<\/title>\n<meta name=\"description\" content=\"Un proyecto de obra civil defina especificaciones t\u00e9cnicas, requerimientos, normativas a seguir, plazos, presupuesto, materiales y tecnolog\u00edas, distribuci\u00f3n de los espacios...\" \/>\n<meta name=\"robots\" content=\"index, follow, max-snippet:-1, max-image-preview:large, max-video-preview:-1\" \/>\n<link rel=\"canonical\" href=\"https:\/\/www.ferrovial.com\/es\/recursos\/obra-civil\/\" \/>\n<meta property=\"og:locale\" content=\"es_ES\" \/>\n<meta property=\"og:type\" content=\"article\" \/>\n<meta property=\"og:title\" content=\"Qu\u00e9 es un proyecto de obra civil y c\u00f3mo se desarrolla - Ferrovial\" \/>\n<meta property=\"og:description\" content=\"Un proyecto de obra civil defina especificaciones t\u00e9cnicas, requerimientos, normativas a seguir, plazos, presupuesto, materiales y tecnolog\u00edas, distribuci\u00f3n de los espacios...\" \/>\n<meta property=\"og:url\" content=\"https:\/\/www.ferrovial.com\/es\/recursos\/obra-civil\/\" \/>\n<meta property=\"og:site_name\" content=\"Ferrovial\" \/>\n<meta property=\"article:publisher\" content=\"https:\/\/www.facebook.com\/ferrovial\" \/>\n<meta property=\"article:modified_time\" content=\"2025-11-09T12:58:37+00:00\" \/>\n<meta name=\"twitter:card\" content=\"summary_large_image\" \/>\n<meta name=\"twitter:site\" content=\"@ferrovial\" \/>\n<meta name=\"twitter:label1\" content=\"Est. reading time\" \/>\n\t<meta name=\"twitter:data1\" content=\"5 minutos\" \/>\n<!-- \/ Yoast SEO plugin. -->","yoast_head_json":{"title":"Qu\u00e9 es un proyecto de obra civil y c\u00f3mo se desarrolla - Ferrovial","description":"Un proyecto de obra civil defina especificaciones t\u00e9cnicas, requerimientos, normativas a seguir, plazos, presupuesto, materiales y tecnolog\u00edas, distribuci\u00f3n de los espacios...","robots":{"index":"index","follow":"follow","max-snippet":"max-snippet:-1","max-image-preview":"max-image-preview:large","max-video-preview":"max-video-preview:-1"},"canonical":"https:\/\/www.ferrovial.com\/es\/recursos\/obra-civil\/","og_locale":"es_ES","og_type":"article","og_title":"Qu\u00e9 es un proyecto de obra civil y c\u00f3mo se desarrolla - Ferrovial","og_description":"Un proyecto de obra civil defina especificaciones t\u00e9cnicas, requerimientos, normativas a seguir, plazos, presupuesto, materiales y tecnolog\u00edas, distribuci\u00f3n de los espacios...","og_url":"https:\/\/www.ferrovial.com\/es\/recursos\/obra-civil\/","og_site_name":"Ferrovial","article_publisher":"https:\/\/www.facebook.com\/ferrovial","article_modified_time":"2025-11-09T12:58:37+00:00","twitter_card":"summary_large_image","twitter_site":"@ferrovial","twitter_misc":{"Est. reading time":"5 minutos"},"schema":{"@context":"https:\/\/schema.org","@graph":[{"@type":"WebPage","@id":"https:\/\/www.ferrovial.com\/es\/recursos\/obra-civil\/","url":"https:\/\/www.ferrovial.com\/es\/recursos\/obra-civil\/","name":"Qu\u00e9 es un proyecto de obra civil y c\u00f3mo se desarrolla - Ferrovial","isPartOf":{"@id":"https:\/\/www.ferrovial.com\/es\/#website"},"datePublished":"2021-09-27T14:02:56+00:00","dateModified":"2025-11-09T12:58:37+00:00","description":"Un proyecto de obra civil defina especificaciones t\u00e9cnicas, requerimientos, normativas a seguir, plazos, presupuesto, materiales y tecnolog\u00edas, distribuci\u00f3n de los espacios...","breadcrumb":{"@id":"https:\/\/www.ferrovial.com\/es\/recursos\/obra-civil\/#breadcrumb"},"inLanguage":"es","potentialAction":[{"@type":"ReadAction","target":["https:\/\/www.ferrovial.com\/es\/recursos\/obra-civil\/"]}]},{"@type":"BreadcrumbList","@id":"https:\/\/www.ferrovial.com\/es\/recursos\/obra-civil\/#breadcrumb","itemListElement":[{"@type":"ListItem","position":1,"name":"Portada","item":"https:\/\/www.ferrovial.com\/es\/"},{"@type":"ListItem","position":2,"name":"Recursos","item":"https:\/\/www.ferrovial.com\/es\/recursos\/"},{"@type":"ListItem","position":3,"name":"Obra Civil"}]},{"@type":"WebSite","@id":"https:\/\/www.ferrovial.com\/es\/#website","url":"https:\/\/www.ferrovial.com\/es\/","name":"Ferrovial","description":"Welcome to the Ferrovial&#039;s website, global operator of sustainable infrastructure. Here you can find all the information about the company and subsidiaries.","publisher":{"@id":"https:\/\/www.ferrovial.com\/es\/#organization"},"potentialAction":[{"@type":"SearchAction","target":{"@type":"EntryPoint","urlTemplate":"https:\/\/www.ferrovial.com\/es\/?s={search_term_string}"},"query-input":{"@type":"PropertyValueSpecification","valueRequired":true,"valueName":"search_term_string"}}],"inLanguage":"es"},{"@type":"Organization","@id":"https:\/\/www.ferrovial.com\/es\/#organization","name":"Ferrovial S.A.","url":"https:\/\/www.ferrovial.com\/es\/","logo":{"@type":"ImageObject","inLanguage":"es","@id":"https:\/\/www.ferrovial.com\/es\/#\/schema\/logo\/image\/","url":"https:\/\/static.ferrovial.com\/wp-content\/uploads\/2020\/01\/13124948\/logo-ferrovial-cf7.png","contentUrl":"https:\/\/static.ferrovial.com\/wp-content\/uploads\/2020\/01\/13124948\/logo-ferrovial-cf7.png","width":144,"height":32,"caption":"Ferrovial S.A."},"image":{"@id":"https:\/\/www.ferrovial.com\/es\/#\/schema\/logo\/image\/"},"sameAs":["https:\/\/www.facebook.com\/ferrovial","https:\/\/x.com\/ferrovial","https:\/\/www.instagram.com\/ferrovial\/","https:\/\/www.linkedin.com\/company\/ferrovial","https:\/\/www.pinterest.es\/ferrovial\/","https:\/\/www.youtube.com\/ferrovial","https:\/\/en.wikipedia.org\/wiki\/Ferrovial"]}]}},"_links":{"self":[{"href":"https:\/\/www.ferrovial.com\/es\/wp-json\/wp\/v2\/pages\/202865","targetHints":{"allow":["GET"]}}],"collection":[{"href":"https:\/\/www.ferrovial.com\/es\/wp-json\/wp\/v2\/pages"}],"about":[{"href":"https:\/\/www.ferrovial.com\/es\/wp-json\/wp\/v2\/types\/page"}],"replies":[{"embeddable":true,"href":"https:\/\/www.ferrovial.com\/es\/wp-json\/wp\/v2\/comments?post=202865"}],"version-history":[{"count":3,"href":"https:\/\/www.ferrovial.com\/es\/wp-json\/wp\/v2\/pages\/202865\/revisions"}],"predecessor-version":[{"id":317103,"href":"https:\/\/www.ferrovial.com\/es\/wp-json\/wp\/v2\/pages\/202865\/revisions\/317103"}],"up":[{"embeddable":true,"href":"https:\/\/www.ferrovial.com\/es\/wp-json\/wp\/v2\/pages\/25267"}],"wp:attachment":[{"href":"https:\/\/www.ferrovial.com\/es\/wp-json\/wp\/v2\/media?parent=202865"}],"curies":[{"name":"wp","href":"https:\/\/api.w.org\/{rel}","templated":true}]}}