{"id":202866,"date":"2021-09-27T16:06:42","date_gmt":"2021-09-27T14:06:42","guid":{"rendered":"https:\/\/www.ferrovial.com\/?page_id=202866"},"modified":"2025-02-13T12:56:36","modified_gmt":"2025-02-13T11:56:36","slug":"tuneladora","status":"publish","type":"page","link":"https:\/\/www.ferrovial.com\/es\/recursos\/tuneladora\/","title":{"rendered":"Tuneladora"},"content":{"rendered":"    <m-final-content-header >\n            <c-breadcrumb label-text=\"Breadcrumb\" slot=\"breadcrumbs\" type='2' align='left' wrap='wrapped wrapped' aria-label='Vienes de Recursos'>\n                        <ol>\n\n                                                            <li><a href=\"https:\/\/www.ferrovial.com\/es\/\" title=\"Ferrovial\">Ferrovial<\/a><\/li>\n                                                                        <li><a href=\"https:\/\/www.ferrovial.com\/es\/recursos\/\" title=\"Recursos\">Recursos<\/a><\/li>\n                                    \n                <\/ol>\n\n                <\/c-breadcrumb>\n    \n        <div slot=\"header\">\n            <h1>\n                Tuneladora            <\/h1>\n                    <\/div>\n    <\/m-final-content-header>\n\n    \n\n\n<p> <script type=\"application\/ld+json\">\n{\n  \"@context\": \"https:\/\/schema.org\",\n  \"@type\": \"FAQPage\",\n  \"mainEntity\": [{\n    \"@type\": \"Question\",\n    \"name\": \"\u00bfQu\u00e9 es una tuneladora?\",\n    \"acceptedAnswer\": {\n      \"@type\": \"Answer\",\n      \"text\": \"Una tuneladora es una m\u00e1quina capaz de excavar t\u00faneles a secci\u00f3n completa, es decir, en una sola operaci\u00f3n (m\u00e9todo tambi\u00e9n conocido como m\u00e9todo ingl\u00e9s)\"\n    }\n  },{\n    \"@type\": \"Question\",\n    \"name\": \"\u00bfQu\u00e9 tipo de tuneladoras existen?\",\n    \"acceptedAnswer\": {\n      \"@type\": \"Answer\",\n      \"text\": \"Escudos: son tuneladoras dise\u00f1adas para excavar en rocas blandas o en terrenos friables necesitan de la colocaci\u00f3n de un sost\u00e9n\nTopos: son tuneladoras dise\u00f1adas para excavar rocas de gran o media dureza.\"\n    }\n  },{\n    \"@type\": \"Question\",\n    \"name\": \"\u00bfCu\u00e1ndo se invent\u00f3 la tuneladora?\",\n    \"acceptedAnswer\": {\n      \"@type\": \"Answer\",\n      \"text\": \"La primera tuneladora exitosa se construy\u00f3 en 1863, y fue mejorada en 1875 por Frederick Beaumont.\"\n    }\n  },{\n    \"@type\": \"Question\",\n    \"name\": \"\u00bfQu\u00e9 referente en cuanto a tuneladora existe en Espa\u00f1a?\",\n    \"acceptedAnswer\": {\n      \"@type\": \"Answer\",\n      \"text\": \"En Espa\u00f1a, una de las m\u00e1s importantes es Ferrovial. Entre los proyectos llevados a cabo por Ferrovial durante las \u00faltimas d\u00e9cadas, destacan los t\u00faneles para el Metro de Lisboa, para el Aeropuerto de Heathrow y para la M-30 de Madrid.\"\n    }\n  }]\n}\n<\/script><\/p>\n\n\n\n<m-wysiwig class=\"wp-block-components-wysiwyg\"><div slot=\"maincontent\">\n<h2 class=\"wp-block-heading\">\u00bfQu\u00e9 es una tuneladora?&nbsp;<\/h2>\n\n\n\n<p>Una tuneladora es una m\u00e1quina capaz de excavar t\u00faneles a secci\u00f3n completa, es decir, en una sola operaci\u00f3n (m\u00e9todo tambi\u00e9n conocido como m\u00e9todo ingl\u00e9s). Cuenta con una cabeza giratoria con elementos de corte y trabaja con motores hidr\u00e1ulicos o el\u00e9ctricos, aunque su alimentaci\u00f3n es 100% el\u00e9ctrica.&nbsp;<\/p>\n\n\n\n<p>La tuneladora tambi\u00e9n se utiliza para colocar la entibaci\u00f3n. La entibaci\u00f3n (o entibado) es un sistema de contenci\u00f3n provisional utilizado en las construcciones y las obras de ingenier\u00eda civil para sustentar excavaciones o estructuras.<\/p>\n\n\n\n<h2 class=\"wp-block-heading\">\u00bfQu\u00e9 tipo de tuneladoras existen?&nbsp;<\/h2>\n\n\n\n<p>Destacan dos grandes grupos: los topos y los escudos.<\/p>\n\n\n\n<p><strong>Escudos: <\/strong>son tuneladoras dise\u00f1adas para excavar en rocas blandas o en terrenos friables necesitan de la colocaci\u00f3n de un sost\u00e9n. Cuentan con una carcasa met\u00e1lica exterior, que sujeta provisionalmente el terreno desde el frente, permitiendo colocar la entibaci\u00f3n definitiva para garantizar la estabilidad del t\u00fanel. Estas tuneladoras pueden ser: de frente abierto, de frente cerrado, con cierre mec\u00e1nico, presurizados con aire comprimido, de bentonita (o hidroescudos), de balance de presi\u00f3n de tierras o EPB.<\/p>\n\n\n\n<p><strong>Topos: <\/strong>son tuneladoras dise\u00f1adas para excavar rocas de gran o media dureza. La fuerza de empuje se transfiere a la cabeza de corte por los cilindros de empuje. A diferencia de los escudos, los topos no cuentan con un cilindro de acero tras la rueda de corte, por lo que no cumplen la funci\u00f3n de entibaci\u00f3n provisional.<\/p>\n\n\n\n<p>Tambi\u00e9n existen tuneladoras conocidas como <strong>doble escudo<\/strong>, una especie de modelo mixto capaz de funcionar como topo o como escudo, seg\u00fan el caso.<\/p>\n\n\n\n<h2 class=\"wp-block-heading\">\u00bfCu\u00e1ndo se invent\u00f3 la tuneladora?<\/h2>\n\n\n\n<p>La primera tuneladora exitosa se construy\u00f3 en 1863, y fue mejorada en 1875 por Frederick Beaumont. Posteriormente, fue actualizada por Thomas Thomas en 1880. En 1875 se autoriz\u00f3 a una tuneladora inglesa a realizar pruebas para construir un t\u00fanel bajo el Canal de La Mancha.&nbsp;<\/p>\n\n\n\n<h2 class=\"wp-block-heading\">\u00bfQu\u00e9 referente en cuanto a tuneladora existe en Espa\u00f1a?<\/h2>\n\n\n\n<p>Existen muchas grandes empresas a nivel global que se dedican a construir t\u00faneles para infraestructuras de transporte. En Espa\u00f1a, una de las m\u00e1s importantes es Ferrovial.<\/p>\n\n\n\n<p>Entre los proyectos llevados a cabo por Ferrovial durante las \u00faltimas d\u00e9cadas, destacan los t\u00faneles para el Metro de Lisboa, para el Aeropuerto de Heathrow y para la M-30 de Madrid. Ferrovial tambi\u00e9n form\u00f3 parte de un consorcio de empresas encargado de desarrollar el tramo m\u00e1s grande del Crossrail, un nuevo medio de transporte subterr\u00e1neo que cruzar\u00e1 la ciudad de Londres de Este a Oeste.<\/p>\n\n\n\n<p>La tuneladora Herrenknecht EPB S-120 (de 9,36 metros de di\u00e1metro) fue la primera utilizada por Ferrovial en Espa\u00f1a, en 1997. Para entonces, ya Ferrovial hab\u00eda utilizado un escudo Kawasaki (9,71 metros de di\u00e1metro) en la construcci\u00f3n del Metro de Lisboa. En 2005, llega Dulcinea (de 15,20 metros de di\u00e1metro), la tuneladora m\u00e1s grande con la que ha operado hasta la fecha. Dulcinea se utiliz\u00f3 para construir la circunvalaci\u00f3n de la M-30 de Madrid.<\/p>\n\n\n\n<h2 class=\"wp-block-heading\">Datos curiosos sobre tuneladoras<\/h2>\n\n\n\n<ul class=\"wp-block-list\">\n<li>Algunos modelos de tuneladoras pueden trabajar las 24 horas del d\u00eda, y se detienen solamente para que se les haga mantenimiento.<\/li>\n\n\n\n<li>En promedio, una tuneladora puede construir 40 metros de t\u00fanel durante una jornada de trabajo de 24 horas.<\/li>\n\n\n\n<li>La primera tuneladora con \u00e9xito fue inventada en 1863 y mejorada en 1875 por Frederick Beaumont, actualizada en 1880 por Thomas Thomas. En 1875 se aprob\u00f3 a una tuneladora inglesa realizar pruebas para construir un t\u00fanel bajo el Canal de La Mancha.<\/li>\n\n\n\n<li>La tuneladora m\u00e1s grande del mundo se llama Bertha. Fue dise\u00f1ada por Dragados y fabricada por la japonesa Hitachi Zosen en Sakai, Osaka.<\/li>\n<\/ul>\n<\/div><\/m-wysiwig>\n\n\n    <m-projects-distributor2 :translations='{\n        &quot;prev&quot;:&quot;Anterior&quot;,\n        &quot;next&quot;:&quot;Siguiente&quot;,\n        &quot;paginationseparator&quot;:&quot;de&quot;\n    }'>\n                        <h2 slot=\"title\">\n                Nuestros proyectos destacados                <\/h2>\n                        <a slot='button' title='Conoce nuestros proyectos ' href='https:\/\/www.ferrovial.com\/es\/cintra\/proyectos\/'>\n            Conoce nuestros proyectos         <\/a>\n\n            <\/m-projects-distributor2>\n\n    ","protected":false},"excerpt":{"rendered":"","protected":false},"featured_media":0,"parent":25267,"menu_order":0,"comment_status":"closed","ping_status":"closed","template":"","meta":{"_acf_changed":false,"footnotes":""},"class_list":["post-202866","page","type-page","status-publish","hentry"],"acf":[],"yoast_head":"<!-- This site is optimized with the Yoast SEO plugin v27.2 - https:\/\/yoast.com\/product\/yoast-seo-wordpress\/ -->\n<title>Tuneladora: qu\u00e9 es, qu\u00e9 tipos existen, datos curiosos - Ferrovial<\/title>\n<meta name=\"description\" content=\"Una tuneladora es una m\u00e1quina capaz de excavar t\u00faneles a secci\u00f3n completa, es decir, en una sola operaci\u00f3n (m\u00e9todo tambi\u00e9n conocido como m\u00e9todo ingl\u00e9s).\" \/>\n<meta name=\"robots\" content=\"index, follow, max-snippet:-1, max-image-preview:large, max-video-preview:-1\" \/>\n<link rel=\"canonical\" href=\"https:\/\/www.ferrovial.com\/es\/recursos\/tuneladora\/\" \/>\n<meta property=\"og:locale\" content=\"es_ES\" \/>\n<meta property=\"og:type\" content=\"article\" \/>\n<meta property=\"og:title\" content=\"Tuneladora: qu\u00e9 es, qu\u00e9 tipos existen, datos curiosos - Ferrovial\" \/>\n<meta property=\"og:description\" content=\"Una tuneladora es una m\u00e1quina capaz de excavar t\u00faneles a secci\u00f3n completa, es decir, en una sola operaci\u00f3n (m\u00e9todo tambi\u00e9n conocido como m\u00e9todo ingl\u00e9s).\" \/>\n<meta property=\"og:url\" content=\"https:\/\/www.ferrovial.com\/es\/recursos\/tuneladora\/\" \/>\n<meta property=\"og:site_name\" content=\"Ferrovial\" \/>\n<meta property=\"article:publisher\" content=\"https:\/\/www.facebook.com\/ferrovial\" \/>\n<meta property=\"article:modified_time\" content=\"2025-02-13T11:56:36+00:00\" \/>\n<meta name=\"twitter:card\" content=\"summary_large_image\" \/>\n<meta name=\"twitter:site\" content=\"@ferrovial\" \/>\n<meta name=\"twitter:label1\" content=\"Est. reading time\" \/>\n\t<meta name=\"twitter:data1\" content=\"3 minutos\" \/>\n<!-- \/ Yoast SEO plugin. -->","yoast_head_json":{"title":"Tuneladora: qu\u00e9 es, qu\u00e9 tipos existen, datos curiosos - Ferrovial","description":"Una tuneladora es una m\u00e1quina capaz de excavar t\u00faneles a secci\u00f3n completa, es decir, en una sola operaci\u00f3n (m\u00e9todo tambi\u00e9n conocido como m\u00e9todo ingl\u00e9s).","robots":{"index":"index","follow":"follow","max-snippet":"max-snippet:-1","max-image-preview":"max-image-preview:large","max-video-preview":"max-video-preview:-1"},"canonical":"https:\/\/www.ferrovial.com\/es\/recursos\/tuneladora\/","og_locale":"es_ES","og_type":"article","og_title":"Tuneladora: qu\u00e9 es, qu\u00e9 tipos existen, datos curiosos - Ferrovial","og_description":"Una tuneladora es una m\u00e1quina capaz de excavar t\u00faneles a secci\u00f3n completa, es decir, en una sola operaci\u00f3n (m\u00e9todo tambi\u00e9n conocido como m\u00e9todo ingl\u00e9s).","og_url":"https:\/\/www.ferrovial.com\/es\/recursos\/tuneladora\/","og_site_name":"Ferrovial","article_publisher":"https:\/\/www.facebook.com\/ferrovial","article_modified_time":"2025-02-13T11:56:36+00:00","twitter_card":"summary_large_image","twitter_site":"@ferrovial","twitter_misc":{"Est. reading time":"3 minutos"},"schema":{"@context":"https:\/\/schema.org","@graph":[{"@type":"WebPage","@id":"https:\/\/www.ferrovial.com\/es\/recursos\/tuneladora\/","url":"https:\/\/www.ferrovial.com\/es\/recursos\/tuneladora\/","name":"Tuneladora: qu\u00e9 es, qu\u00e9 tipos existen, datos curiosos - Ferrovial","isPartOf":{"@id":"https:\/\/www.ferrovial.com\/es\/#website"},"datePublished":"2021-09-27T14:06:42+00:00","dateModified":"2025-02-13T11:56:36+00:00","description":"Una tuneladora es una m\u00e1quina capaz de excavar t\u00faneles a secci\u00f3n completa, es decir, en una sola operaci\u00f3n (m\u00e9todo tambi\u00e9n conocido como m\u00e9todo ingl\u00e9s).","breadcrumb":{"@id":"https:\/\/www.ferrovial.com\/es\/recursos\/tuneladora\/#breadcrumb"},"inLanguage":"es","potentialAction":[{"@type":"ReadAction","target":["https:\/\/www.ferrovial.com\/es\/recursos\/tuneladora\/"]}]},{"@type":"BreadcrumbList","@id":"https:\/\/www.ferrovial.com\/es\/recursos\/tuneladora\/#breadcrumb","itemListElement":[{"@type":"ListItem","position":1,"name":"Portada","item":"https:\/\/www.ferrovial.com\/es\/"},{"@type":"ListItem","position":2,"name":"Recursos","item":"https:\/\/www.ferrovial.com\/es\/recursos\/"},{"@type":"ListItem","position":3,"name":"Tuneladora"}]},{"@type":"WebSite","@id":"https:\/\/www.ferrovial.com\/es\/#website","url":"https:\/\/www.ferrovial.com\/es\/","name":"Ferrovial","description":"Welcome to the Ferrovial&#039;s website, global operator of sustainable infrastructure. Here you can find all the information about the company and subsidiaries.","publisher":{"@id":"https:\/\/www.ferrovial.com\/es\/#organization"},"potentialAction":[{"@type":"SearchAction","target":{"@type":"EntryPoint","urlTemplate":"https:\/\/www.ferrovial.com\/es\/?s={search_term_string}"},"query-input":{"@type":"PropertyValueSpecification","valueRequired":true,"valueName":"search_term_string"}}],"inLanguage":"es"},{"@type":"Organization","@id":"https:\/\/www.ferrovial.com\/es\/#organization","name":"Ferrovial S.A.","url":"https:\/\/www.ferrovial.com\/es\/","logo":{"@type":"ImageObject","inLanguage":"es","@id":"https:\/\/www.ferrovial.com\/es\/#\/schema\/logo\/image\/","url":"https:\/\/static.ferrovial.com\/wp-content\/uploads\/2020\/01\/13124948\/logo-ferrovial-cf7.png","contentUrl":"https:\/\/static.ferrovial.com\/wp-content\/uploads\/2020\/01\/13124948\/logo-ferrovial-cf7.png","width":144,"height":32,"caption":"Ferrovial S.A."},"image":{"@id":"https:\/\/www.ferrovial.com\/es\/#\/schema\/logo\/image\/"},"sameAs":["https:\/\/www.facebook.com\/ferrovial","https:\/\/x.com\/ferrovial","https:\/\/www.instagram.com\/ferrovial\/","https:\/\/www.linkedin.com\/company\/ferrovial","https:\/\/www.pinterest.es\/ferrovial\/","https:\/\/www.youtube.com\/ferrovial","https:\/\/en.wikipedia.org\/wiki\/Ferrovial"]}]}},"_links":{"self":[{"href":"https:\/\/www.ferrovial.com\/es\/wp-json\/wp\/v2\/pages\/202866","targetHints":{"allow":["GET"]}}],"collection":[{"href":"https:\/\/www.ferrovial.com\/es\/wp-json\/wp\/v2\/pages"}],"about":[{"href":"https:\/\/www.ferrovial.com\/es\/wp-json\/wp\/v2\/types\/page"}],"replies":[{"embeddable":true,"href":"https:\/\/www.ferrovial.com\/es\/wp-json\/wp\/v2\/comments?post=202866"}],"version-history":[{"count":3,"href":"https:\/\/www.ferrovial.com\/es\/wp-json\/wp\/v2\/pages\/202866\/revisions"}],"predecessor-version":[{"id":299690,"href":"https:\/\/www.ferrovial.com\/es\/wp-json\/wp\/v2\/pages\/202866\/revisions\/299690"}],"up":[{"embeddable":true,"href":"https:\/\/www.ferrovial.com\/es\/wp-json\/wp\/v2\/pages\/25267"}],"wp:attachment":[{"href":"https:\/\/www.ferrovial.com\/es\/wp-json\/wp\/v2\/media?parent=202866"}],"curies":[{"name":"wp","href":"https:\/\/api.w.org\/{rel}","templated":true}]}}