{"id":203815,"date":"2021-10-13T17:21:49","date_gmt":"2021-10-13T15:21:49","guid":{"rendered":"https:\/\/www.ferrovial.com\/?page_id=203815"},"modified":"2022-09-23T07:33:17","modified_gmt":"2022-09-23T05:33:17","slug":"aviacion","status":"publish","type":"page","link":"https:\/\/www.ferrovial.com\/es\/recursos\/aviacion\/","title":{"rendered":"Aviaci\u00f3n"},"content":{"rendered":"    <m-final-content-header >\n            <c-breadcrumb label-text=\"Breadcrumb\" slot=\"breadcrumbs\" type='2' align='left' wrap='wrapped wrapped' aria-label='Vienes de Recursos'>\n                        <ol>\n\n                                                            <li><a href=\"https:\/\/www.ferrovial.com\/es\/\" title=\"Ferrovial\">Ferrovial<\/a><\/li>\n                                                                        <li><a href=\"https:\/\/www.ferrovial.com\/es\/recursos\/\" title=\"Recursos\">Recursos<\/a><\/li>\n                                    \n                <\/ol>\n\n                <\/c-breadcrumb>\n    \n        <div slot=\"header\">\n            <h1>\n                Aviaci\u00f3n            <\/h1>\n                    <\/div>\n    <\/m-final-content-header>\n\n    \n\n\n<p><script type=\"application\/ld+json\">\n{\n  \"@context\": \"https:\/\/schema.org\",\n  \"@type\": \"FAQPage\",\n  \"mainEntity\": [{\n    \"@type\": \"Question\",\n    \"name\": \"\u00bfQu\u00e9 es aviaci\u00f3n?\",\n    \"acceptedAnswer\": {\n      \"@type\": \"Answer\",\n      \"text\": \"l t\u00e9rmino aviaci\u00f3n puede referirse tanto a la locomoci\u00f3n a\u00e9rea por medio de aparatos m\u00e1s pesados que el aire como al cuerpo militar que utiliza la aviaci\u00f3n para la guerra.\"\n    }\n  },{\n    \"@type\": \"Question\",\n    \"name\": \"\u00bfCu\u00e1l fue el primer motor en aviaci\u00f3n?\",\n    \"acceptedAnswer\": {\n      \"@type\": \"Answer\",\n      \"text\": \"El 17 de diciembre de 1903, los hermanos Wright probaron un biplano de dos h\u00e9lices llamado Flyer\"\n    }\n  },{\n    \"@type\": \"Question\",\n    \"name\": \"\u00bfC\u00f3mo se mide la distancia en aviaci\u00f3n?\",\n    \"acceptedAnswer\": {\n      \"@type\": \"Answer\",\n      \"text\": \"La unidad de medida m\u00e1s empleada en aviaci\u00f3n para determinar la distancia es la milla n\u00e1utica (Nautical Mile NM) y su definici\u00f3n es la longitud equivalente a un minuto del arco sobre el Ecuador de la Tierra. Una milla n\u00e1utica equivale a 1852 metros.\"\n    }\n  },{\n    \"@type\": \"Question\",\n    \"name\": \"\u00bfQu\u00e9 es la aviaci\u00f3n civil?\",\n    \"acceptedAnswer\": {\n      \"@type\": \"Answer\",\n      \"text\": \"Es la denominaci\u00f3n gen\u00e9rica que reciben los servicios de transporte a\u00e9reo, sean de personas o mercanc\u00edas, destinados al p\u00fablico o de uso privado.\"\n    }\n  },{\n    \"@type\": \"Question\",\n    \"name\": \"\u00bfQu\u00e9 es Aviaci\u00f3n Digital?\",\n    \"acceptedAnswer\": {\n      \"@type\": \"Answer\",\n      \"text\": \"Se trata del primer medio de comunicaci\u00f3n especializado en aviaci\u00f3n escrito en espa\u00f1ol, en el que se puede consultar informaci\u00f3n actualizada sobre aeron\u00e1utica en todas sus facetas.\"\n    }\n  },{\n    \"@type\": \"Question\",\n    \"name\": \"\u00bfQu\u00e9 referente existe en el sector de la aviaci\u00f3n en Espa\u00f1a?\",\n    \"acceptedAnswer\": {\n      \"@type\": \"Answer\",\n      \"text\": \"Ferrovial Aeropuertos es uno de los principales operadores de infraestructuras de transporte del mundo, con capacidad para integrar todas las actividades de la gesti\u00f3n aeroportuaria, adem\u00e1s de ser uno de los principales inversores y operadores privados de aeropuertos de todo el mundo\"\n    }\n  },{\n    \"@type\": \"Question\",\n    \"name\": \"\u00bfCu\u00e1l es el panorama de la aviaci\u00f3n a nivel mundial?\",\n    \"acceptedAnswer\": {\n      \"@type\": \"Answer\",\n      \"text\": \"La aviaci\u00f3n civil no ha visto grandes cambios en las \u00faltimas d\u00e9cadas, pero en a\u00f1os recientes el espectro celeste se ha ampliado, y hoy en d\u00eda las aeronaves aspiran a salir de la atm\u00f3sfera terrestre. Blue Origin, de Jeff Bezos, y SpaceX, de Elon Musk, est\u00e1n a la cabeza del desarrollo de aeronaves con miras al espacio, en una competencia que parece tan t\u00e9cnica como personal.\"\n    }\n  }]\n}\n<\/script><\/p>\n\n\n\n<m-wysiwig class=\"wp-block-components-wysiwyg\"><div slot=\"maincontent\">\n<h2 class=\"wp-block-heading\">\u00bfQu\u00e9 es aviaci\u00f3n?<\/h2>\n\n\n\n<p>El t\u00e9rmino aviaci\u00f3n puede referirse tanto a la locomoci\u00f3n a\u00e9rea por medio de aparatos m\u00e1s pesados que el aire como al cuerpo militar que utiliza la aviaci\u00f3n para la guerra.<\/p>\n\n\n\n<h2 class=\"wp-block-heading\">\u00bfCu\u00e1l fue el primer motor en aviaci\u00f3n?<\/h2>\n\n\n\n<p>El 17 de diciembre de 1903, los hermanos Wright probaron un biplano de dos h\u00e9lices llamado Flyer. Estaba impulsado por un motor de combusti\u00f3n interna de 12 CV y noventa kilogramos de peso dise\u00f1ado y construido por ellos mismos. Este momento ha pasado a la historia como el primer vuelo propulsado a motor. En esa ocasi\u00f3n, solo se consigui\u00f3 mantener el vuelo una distancia de 260 metros durante 59 segundos, pero supuso el punto de partida de la conquista del aire y uno de los puntos clave de la historia de la aviaci\u00f3n.<\/p>\n\n\n\n<h2 class=\"wp-block-heading\">\u00bfC\u00f3mo se mide la distancia en aviaci\u00f3n?<\/h2>\n\n\n\n<p>La unidad de medida m\u00e1s empleada en aviaci\u00f3n para determinar la distancia es la milla n\u00e1utica (Nautical Mile NM) y su definici\u00f3n es la longitud equivalente a un minuto del arco sobre el Ecuador de la Tierra. Una milla n\u00e1utica equivale a 1852 metros.<\/p>\n\n\n\n<h2 class=\"wp-block-heading\">\u00bfQu\u00e9 es la aviaci\u00f3n civil?<\/h2>\n\n\n\n<p>Es la denominaci\u00f3n gen\u00e9rica que reciben los servicios de transporte a\u00e9reo, sean de personas o mercanc\u00edas, destinados al p\u00fablico o de uso privado.<\/p>\n\n\n\n<p>A nivel estatal, la Direcci\u00f3n General de Aviaci\u00f3n Civil (DGAC) es el \u00f3rgano mediante el cual el Ministerio de Transportes Movilidad y Agenda Urbana dise\u00f1a la estrategia y dirige la pol\u00edtica aeron\u00e1utica, y se encarga tambi\u00e9n de ejercer como regulador en el sector a\u00e9reo, dentro de las competencias de la Administraci\u00f3n General del Estado.<\/p>\n\n\n\n<h2 class=\"wp-block-heading\">\u00bfQu\u00e9 es la aviaci\u00f3n militar?<\/h2>\n\n\n\n<p>La aviaci\u00f3n militar comprende los medios \u2014tanto materiales como humanos\u2014 que conforman la fuerza a\u00e9rea de un pa\u00eds. El concepto implica el uso de aeronaves con fines b\u00e9licos, ya sea para atacar al enemigo como para brindar apoyo a las fuerzas propias. Abarca, adem\u00e1s, todo lo relacionado con vuelos de ataque y de defensa, de reconocimiento y vigilancia, de transporte, de rescate y similares.<\/p>\n\n\n\n<h2 class=\"wp-block-heading\">\u00bfQu\u00e9 es Aviaci\u00f3n Digital?<\/h2>\n\n\n\n<p>Se trata del primer medio de comunicaci\u00f3n especializado en aviaci\u00f3n escrito en espa\u00f1ol, en el que se puede consultar informaci\u00f3n actualizada sobre aeron\u00e1utica en todas sus facetas.<\/p>\n\n\n\n<p>Lleva desde el a\u00f1o 2000 informando sobre la actualidad del sector, y siendo el medio de comunicaci\u00f3n de referencia en Espa\u00f1a.<\/p>\n\n\n\n<h2 class=\"wp-block-heading\">\u00bfQu\u00e9 referente existe en el sector de la aviaci\u00f3n en Espa\u00f1a?<\/h2>\n\n\n\n<p>Ferrovial Aeropuertos es uno de los principales operadores de infraestructuras de transporte del mundo, con capacidad para integrar todas las actividades de la gesti\u00f3n aeroportuaria, adem\u00e1s de ser uno de los principales inversores y operadores privados de aeropuertos de todo el mundo. Forma parte de la industria de la aviaci\u00f3n desde 1998, lo que supone m\u00e1s de 20 a\u00f1os de experiencia en inversi\u00f3n, desarrollo y operaci\u00f3n en 33 aeropuertos en todo el mundo.<\/p>\n\n\n\n<p>En cuanto a sostenibilidad, el principal objetivo de su hoja de ruta, y parte de su compromiso en la lucha contra el cambio clim\u00e1tico, es conseguir la descarbonizaci\u00f3n total para el 2050. Tanto en Ferrovial como en sus aeropuertos, se est\u00e1n reduciendo las emisiones de carbono resultado de sus operaciones. El objetivo final es hacer que los viajes a\u00e9reos de ocio y de negocios sean cada vez m\u00e1s sostenibles.<\/p>\n\n\n\n<h2 class=\"wp-block-heading\">\u00bfCu\u00e1l es el panorama de la aviaci\u00f3n a nivel mundial?<\/h2>\n\n\n\n<p>La aviaci\u00f3n civil no ha visto grandes cambios en las \u00faltimas d\u00e9cadas, pero en a\u00f1os recientes el espectro celeste se ha ampliado, y hoy en d\u00eda las aeronaves aspiran a salir de la atm\u00f3sfera terrestre. Blue Origin, de Jeff Bezos, y SpaceX, de Elon Musk, est\u00e1n a la cabeza del desarrollo de aeronaves con miras al espacio, en una competencia que parece tan t\u00e9cnica como personal.<\/p>\n\n\n\n<p>Por otro lado, contin\u00faa el desarrollo de los aviones supers\u00f3nicos, que parec\u00eda haber entrado en un per\u00edodo de estancamiento debido a imposibilidades t\u00e9cnicas. Sin embargo, tal vez las evoluciones m\u00e1s interesantes de la aviaci\u00f3n tienen que ver con la investigaci\u00f3n y desarrollo de materiales m\u00e1s ligeros y combustibles menos contaminantes, con miras a reducir el impacto ambiental de los desplazamientos a\u00e9reos, que se ubican en los primeros lugares de las actividades m\u00e1s nocivas para el medio ambiente.<\/p>\n\n\n\n<h2 class=\"wp-block-heading\">Datos curiosos de la aviaci\u00f3n<\/h2>\n\n\n\n<ul class=\"wp-block-list\"><li>&nbsp;La primera guerra en la que se usaron aviones de manera extensiva en misiones de ataque, defensa y de reconocimiento fue en la Primera Guerra Mundial.<\/li><li>El uso del hidr\u00f3geno como combustible para aviones ofrece la posibilidad de eliminar completamente las emisiones de CO2 durante el vuelo. Se presenta como una de las principales alternativas para sustituir al tradicional keroseno de aviaci\u00f3n, junto con los motores el\u00e9ctricos alimentados por bater\u00edas y los combustibles de aviaci\u00f3n sostenibles, aunque a\u00fan tiene muchos retos que superar para ser una opci\u00f3n viable.<\/li><li>El sector de la aviaci\u00f3n en Europa ha lanzado un ambicioso plan para alcanzar cero emisiones netas de CO2 para 2050: Destination 2050 \u2013 A Route to Net Zero European Aviation.<\/li><\/ul>\n<\/div><\/m-wysiwig>\n\n\n    <m-projects-distributor2 :translations='{\n        &quot;prev&quot;:&quot;Anterior&quot;,\n        &quot;next&quot;:&quot;Siguiente&quot;,\n        &quot;paginationseparator&quot;:&quot;de&quot;\n    }'>\n                        <h2 slot=\"title\">\n                Nuestros proyectos destacados                <\/h2>\n                        <a slot='button' title='Conoce nuestros proyectos ' href='https:\/\/www.ferrovial.com\/es\/cintra\/proyectos\/'>\n            Conoce nuestros proyectos         <\/a>\n\n            <\/m-projects-distributor2>\n\n    ","protected":false},"excerpt":{"rendered":"","protected":false},"featured_media":0,"parent":25267,"menu_order":0,"comment_status":"closed","ping_status":"closed","template":"","meta":{"_acf_changed":false,"footnotes":""},"class_list":["post-203815","page","type-page","status-publish","hentry"],"acf":[],"yoast_head":"<!-- This site is optimized with the Yoast SEO plugin v27.2 - https:\/\/yoast.com\/product\/yoast-seo-wordpress\/ -->\n<title>Qu\u00e9 es la aviaci\u00f3n, todo lo que necesitas saber - Ferrovial<\/title>\n<meta name=\"description\" content=\"El t\u00e9rmino aviaci\u00f3n puede referirse tanto a la locomoci\u00f3n a\u00e9rea por medio de aparatos m\u00e1s pesados que el aire como al cuerpo militar que utiliza la aviaci\u00f3n para la guerra.\" \/>\n<meta name=\"robots\" content=\"index, follow, max-snippet:-1, max-image-preview:large, max-video-preview:-1\" \/>\n<link rel=\"canonical\" href=\"https:\/\/www.ferrovial.com\/es\/recursos\/aviacion\/\" \/>\n<meta property=\"og:locale\" content=\"es_ES\" \/>\n<meta property=\"og:type\" content=\"article\" \/>\n<meta property=\"og:title\" content=\"Qu\u00e9 es la aviaci\u00f3n, todo lo que necesitas saber - Ferrovial\" \/>\n<meta property=\"og:description\" content=\"El t\u00e9rmino aviaci\u00f3n puede referirse tanto a la locomoci\u00f3n a\u00e9rea por medio de aparatos m\u00e1s pesados que el aire como al cuerpo militar que utiliza la aviaci\u00f3n para la guerra.\" \/>\n<meta property=\"og:url\" content=\"https:\/\/www.ferrovial.com\/es\/recursos\/aviacion\/\" \/>\n<meta property=\"og:site_name\" content=\"Ferrovial\" \/>\n<meta property=\"article:publisher\" content=\"https:\/\/www.facebook.com\/ferrovial\" \/>\n<meta property=\"article:modified_time\" content=\"2022-09-23T05:33:17+00:00\" \/>\n<meta name=\"twitter:card\" content=\"summary_large_image\" \/>\n<meta name=\"twitter:site\" content=\"@ferrovial\" \/>\n<meta name=\"twitter:label1\" content=\"Est. reading time\" \/>\n\t<meta name=\"twitter:data1\" content=\"6 minutos\" \/>\n<!-- \/ Yoast SEO plugin. -->","yoast_head_json":{"title":"Qu\u00e9 es la aviaci\u00f3n, todo lo que necesitas saber - Ferrovial","description":"El t\u00e9rmino aviaci\u00f3n puede referirse tanto a la locomoci\u00f3n a\u00e9rea por medio de aparatos m\u00e1s pesados que el aire como al cuerpo militar que utiliza la aviaci\u00f3n para la guerra.","robots":{"index":"index","follow":"follow","max-snippet":"max-snippet:-1","max-image-preview":"max-image-preview:large","max-video-preview":"max-video-preview:-1"},"canonical":"https:\/\/www.ferrovial.com\/es\/recursos\/aviacion\/","og_locale":"es_ES","og_type":"article","og_title":"Qu\u00e9 es la aviaci\u00f3n, todo lo que necesitas saber - Ferrovial","og_description":"El t\u00e9rmino aviaci\u00f3n puede referirse tanto a la locomoci\u00f3n a\u00e9rea por medio de aparatos m\u00e1s pesados que el aire como al cuerpo militar que utiliza la aviaci\u00f3n para la guerra.","og_url":"https:\/\/www.ferrovial.com\/es\/recursos\/aviacion\/","og_site_name":"Ferrovial","article_publisher":"https:\/\/www.facebook.com\/ferrovial","article_modified_time":"2022-09-23T05:33:17+00:00","twitter_card":"summary_large_image","twitter_site":"@ferrovial","twitter_misc":{"Est. reading time":"6 minutos"},"schema":{"@context":"https:\/\/schema.org","@graph":[{"@type":"WebPage","@id":"https:\/\/www.ferrovial.com\/es\/recursos\/aviacion\/","url":"https:\/\/www.ferrovial.com\/es\/recursos\/aviacion\/","name":"Qu\u00e9 es la aviaci\u00f3n, todo lo que necesitas saber - Ferrovial","isPartOf":{"@id":"https:\/\/www.ferrovial.com\/es\/#website"},"datePublished":"2021-10-13T15:21:49+00:00","dateModified":"2022-09-23T05:33:17+00:00","description":"El t\u00e9rmino aviaci\u00f3n puede referirse tanto a la locomoci\u00f3n a\u00e9rea por medio de aparatos m\u00e1s pesados que el aire como al cuerpo militar que utiliza la aviaci\u00f3n para la guerra.","breadcrumb":{"@id":"https:\/\/www.ferrovial.com\/es\/recursos\/aviacion\/#breadcrumb"},"inLanguage":"es","potentialAction":[{"@type":"ReadAction","target":["https:\/\/www.ferrovial.com\/es\/recursos\/aviacion\/"]}]},{"@type":"BreadcrumbList","@id":"https:\/\/www.ferrovial.com\/es\/recursos\/aviacion\/#breadcrumb","itemListElement":[{"@type":"ListItem","position":1,"name":"Portada","item":"https:\/\/www.ferrovial.com\/es\/"},{"@type":"ListItem","position":2,"name":"Recursos","item":"https:\/\/www.ferrovial.com\/es\/recursos\/"},{"@type":"ListItem","position":3,"name":"Aviaci\u00f3n"}]},{"@type":"WebSite","@id":"https:\/\/www.ferrovial.com\/es\/#website","url":"https:\/\/www.ferrovial.com\/es\/","name":"Ferrovial","description":"Welcome to the Ferrovial&#039;s website, global operator of sustainable infrastructure. Here you can find all the information about the company and subsidiaries.","publisher":{"@id":"https:\/\/www.ferrovial.com\/es\/#organization"},"potentialAction":[{"@type":"SearchAction","target":{"@type":"EntryPoint","urlTemplate":"https:\/\/www.ferrovial.com\/es\/?s={search_term_string}"},"query-input":{"@type":"PropertyValueSpecification","valueRequired":true,"valueName":"search_term_string"}}],"inLanguage":"es"},{"@type":"Organization","@id":"https:\/\/www.ferrovial.com\/es\/#organization","name":"Ferrovial S.A.","url":"https:\/\/www.ferrovial.com\/es\/","logo":{"@type":"ImageObject","inLanguage":"es","@id":"https:\/\/www.ferrovial.com\/es\/#\/schema\/logo\/image\/","url":"https:\/\/static.ferrovial.com\/wp-content\/uploads\/2020\/01\/13124948\/logo-ferrovial-cf7.png","contentUrl":"https:\/\/static.ferrovial.com\/wp-content\/uploads\/2020\/01\/13124948\/logo-ferrovial-cf7.png","width":144,"height":32,"caption":"Ferrovial S.A."},"image":{"@id":"https:\/\/www.ferrovial.com\/es\/#\/schema\/logo\/image\/"},"sameAs":["https:\/\/www.facebook.com\/ferrovial","https:\/\/x.com\/ferrovial","https:\/\/www.instagram.com\/ferrovial\/","https:\/\/www.linkedin.com\/company\/ferrovial","https:\/\/www.pinterest.es\/ferrovial\/","https:\/\/www.youtube.com\/ferrovial","https:\/\/en.wikipedia.org\/wiki\/Ferrovial"]}]}},"_links":{"self":[{"href":"https:\/\/www.ferrovial.com\/es\/wp-json\/wp\/v2\/pages\/203815","targetHints":{"allow":["GET"]}}],"collection":[{"href":"https:\/\/www.ferrovial.com\/es\/wp-json\/wp\/v2\/pages"}],"about":[{"href":"https:\/\/www.ferrovial.com\/es\/wp-json\/wp\/v2\/types\/page"}],"replies":[{"embeddable":true,"href":"https:\/\/www.ferrovial.com\/es\/wp-json\/wp\/v2\/comments?post=203815"}],"version-history":[{"count":3,"href":"https:\/\/www.ferrovial.com\/es\/wp-json\/wp\/v2\/pages\/203815\/revisions"}],"predecessor-version":[{"id":203824,"href":"https:\/\/www.ferrovial.com\/es\/wp-json\/wp\/v2\/pages\/203815\/revisions\/203824"}],"up":[{"embeddable":true,"href":"https:\/\/www.ferrovial.com\/es\/wp-json\/wp\/v2\/pages\/25267"}],"wp:attachment":[{"href":"https:\/\/www.ferrovial.com\/es\/wp-json\/wp\/v2\/media?parent=203815"}],"curies":[{"name":"wp","href":"https:\/\/api.w.org\/{rel}","templated":true}]}}