{"id":203900,"date":"2021-10-14T17:09:52","date_gmt":"2021-10-14T15:09:52","guid":{"rendered":"https:\/\/www.ferrovial.com\/?page_id=203900"},"modified":"2022-09-22T18:21:49","modified_gmt":"2022-09-22T16:21:49","slug":"transporte-aereo","status":"publish","type":"page","link":"https:\/\/www.ferrovial.com\/es\/recursos\/transporte-aereo\/","title":{"rendered":"Transporte a\u00e9reo"},"content":{"rendered":"    <m-final-content-header >\n            <c-breadcrumb label-text=\"Breadcrumb\" slot=\"breadcrumbs\" type='2' align='left' wrap='wrapped wrapped' aria-label='Vienes de Recursos'>\n                        <ol>\n\n                                                            <li><a href=\"https:\/\/www.ferrovial.com\/es\/\" title=\"Ferrovial\">Ferrovial<\/a><\/li>\n                                                                        <li><a href=\"https:\/\/www.ferrovial.com\/es\/recursos\/\" title=\"Recursos\">Recursos<\/a><\/li>\n                                    \n                <\/ol>\n\n                <\/c-breadcrumb>\n    \n        <div slot=\"header\">\n            <h1>\n                Transporte A\u00e9reo            <\/h1>\n                    <\/div>\n    <\/m-final-content-header>\n\n    \n\n\n<p><script type=\"application\/ld+json\">\n{\n  \"@context\": \"https:\/\/schema.org\",\n  \"@type\": \"FAQPage\",\n  \"mainEntity\": [{\n    \"@type\": \"Question\",\n    \"name\": \"\u00bfQu\u00e9 es transporte a\u00e9reo?\",\n    \"acceptedAnswer\": {\n      \"@type\": \"Answer\",\n      \"text\": \"Actividad de desplazamiento de personas, mercanc\u00edas o correo por medios a\u00e9reos.\"\n    }\n  },{\n    \"@type\": \"Question\",\n    \"name\": \"\u00bfQu\u00e9 tipos de transporte a\u00e9reo existen?\",\n    \"acceptedAnswer\": {\n      \"@type\": \"Answer\",\n      \"text\": \"Aviones mixtos: trasladan pasajeros en cabina y mercanc\u00edas en bodega. Los m\u00e1s conocidos son los construidos por Airbus y Boeing.\nAviones de carga: transportan exclusivamente mercanc\u00edas.\nSupertransportes: aeronaves dise\u00f1adas para transportar mercanc\u00edas de grandes dimensiones.\"\n    }\n  },{\n    \"@type\": \"Question\",\n    \"name\": \"\u00bfCu\u00e1les son las caracter\u00edsticas del transporte a\u00e9reo?\",\n    \"acceptedAnswer\": {\n      \"@type\": \"Answer\",\n      \"text\": \"Las principales caracter\u00edsticas y ventajas del transporte a\u00e9reo de mercanc\u00edas son la rapidez, la fiabilidad en cuanto a la seguridad de la carga, la falta de limitaciones de acceso a lugares remotos.\"\n    }\n  },{\n    \"@type\": \"Question\",\n    \"name\": \"\u00bfQu\u00e9 es transporte a\u00e9reo militar?\",\n    \"acceptedAnswer\": {\n      \"@type\": \"Answer\",\n      \"text\": \"El transporte a\u00e9reo militar se lleva a cabo por el ej\u00e9rcito en aeronaves de carga, usadas generalmente para enviar tropas, armamento y otro equipamiento militar a cualquier lugar donde se realicen operaciones militares,\"\n    }\n  },{\n    \"@type\": \"Question\",\n    \"name\": \"\u00bfQu\u00e9 es transporte a\u00e9reo civil-comercial?\",\n    \"acceptedAnswer\": {\n      \"@type\": \"Answer\",\n      \"text\": \"Es el transporte comercial de pasajeros, correo o carga, con arreglo a tarifas, itinerarios y horarios fijos de conocimiento general. Se considera tr\u00e1fico a\u00e9reo regular el que presta este servicio.\"\n    }\n  },{\n    \"@type\": \"Question\",\n    \"name\": \"\u00bfQu\u00e9 referente hay en transporte a\u00e9reo en Espa\u00f1a?\",\n    \"acceptedAnswer\": {\n      \"@type\": \"Answer\",\n      \"text\": \"Ferrovial proporciona servicios y soluciones en el sector transporte al m\u00e1s alto nivel. A trav\u00e9s de FerroNATS, se constituye como un referente dentro del sector aeroportuario,\"\n    }\n  },{\n    \"@type\": \"Question\",\n    \"name\": \"\u00bfCu\u00e1l es el panorama del tr\u00e1fico a\u00e9reo a nivel mundial?\",\n    \"acceptedAnswer\": {\n      \"@type\": \"Answer\",\n      \"text\": \"La mayor novedad en el tr\u00e1fico a\u00e9reo es el advenimiento de los drones, que han cobrado auge en los tiempos de pandemia como alternativa de reparto sin contacto humano, generando as\u00ed la necesidad de ciertas regulaciones e infraestructura.\"\n    }\n  }]\n}\n<\/script><\/p>\n\n\n\n<m-wysiwig class=\"wp-block-components-wysiwyg\"><div slot=\"maincontent\">\n<h2 class=\"wp-block-heading\">\u00bfQu\u00e9 es transporte a\u00e9reo?<\/h2>\n\n\n\n<p>Actividad de desplazamiento de personas, mercanc\u00edas o correo por medios a\u00e9reos.<\/p>\n\n\n\n<p>Se define como transporte a\u00e9reo internacional el servicio a\u00e9reo cuyos puntos de partida y destino se sit\u00faan en estados diferentes; tambi\u00e9n el que hace escala en otro estado, aunque sus puntos de partida y destino se encuentren en un mismo pa\u00eds, o que utilice el espacio a\u00e9reo de otro estado en su recorrido.<\/p>\n\n\n\n<h2 class=\"wp-block-heading\">Historia del transporte a\u00e9reo<\/h2>\n\n\n\n<p>Durante la Segunda Guerra Mundial tuvo lugar un desarrollo t\u00e9cnico de los aviones sin precedentes. En 1944 se redact\u00f3 el Convenio sobre Aviaci\u00f3n Civil Internacional, m\u00e1s conocido como Convenio de Chicago. Los pa\u00edses participantes se propusieron poner en orden el conjunto de normas vigentes hasta el comienzo de la guerra. Este acuerdo hist\u00f3rico estableci\u00f3 las bases y los principios b\u00e1sicos que hacen posible el transporte internacional a\u00e9reo en tiempos de paz.<\/p>\n\n\n\n<p>Este convenio constituy\u00f3 el germen que llevar\u00eda a la creaci\u00f3n de un organismo especializado, la Organizaci\u00f3n de Aviaci\u00f3n Civil Internacional (OACI), para organizar y apoyar la intensa cooperaci\u00f3n internacional que requerir\u00eda la naciente red de transporte a\u00e9reo mundial. Uno de sus objetivos primordiales es ayudar a los distintos estados a alcanzar la mayor uniformidad posible en materia de reglamentaci\u00f3n, normas, procedimientos y organizaci\u00f3n de la aviaci\u00f3n civil.<\/p>\n\n\n\n<h2 class=\"wp-block-heading\">\u00bfQu\u00e9 tipos de transporte a\u00e9reo existen?<\/h2>\n\n\n\n<p>Se pueden establecer muchos tipos de clasificaciones en torno al transporte a\u00e9reo, desde las m\u00e1s generales que pueden distinguir por ejemplo los distintos medios de transporte a\u00e9reo (helic\u00f3ptero, avioneta, dirigible, globo aerost\u00e1tico, avi\u00f3n, etc.) hasta otras m\u00e1s espec\u00edficas, que clasifican los tipos de transporte a\u00e9reo seg\u00fan el tipo de carga trasladada. En este caso, se distinguen tres grandes grupos:<\/p>\n\n\n\n<p><strong>Aviones mixtos<\/strong>: trasladan pasajeros en cabina y mercanc\u00edas en bodega. Los m\u00e1s conocidos son los construidos por Airbus y Boeing.<\/p>\n\n\n\n<p><strong>Aviones de carga<\/strong>: transportan exclusivamente mercanc\u00edas.<\/p>\n\n\n\n<p>S<strong>upertransportes<\/strong>: aeronaves dise\u00f1adas para transportar mercanc\u00edas de grandes dimensiones.<\/p>\n\n\n\n<h2 class=\"wp-block-heading\">\u00bfCu\u00e1les son las caracter\u00edsticas del transporte a\u00e9reo?<\/h2>\n\n\n\n<p>Las principales caracter\u00edsticas y ventajas del transporte a\u00e9reo de mercanc\u00edas son la rapidez, la fiabilidad en cuanto a la seguridad de la carga, la falta de limitaciones de acceso a lugares remotos. Sin embargo, presenta inconvenientes o desventajas en lo referente al mayor coste, a posibles limitaciones burocr\u00e1ticas o legales y a limitaciones t\u00e9cnicas debido a las dimensiones y capacidad de las aeronaves.<\/p>\n\n\n\n<h2 class=\"wp-block-heading\">\u00bfQu\u00e9 es transporte a\u00e9reo militar?<\/h2>\n\n\n\n<p>El transporte a\u00e9reo militar se lleva a cabo por el ej\u00e9rcito en aeronaves de carga, usadas generalmente para enviar tropas, armamento y otro equipamiento militar a cualquier lugar donde se realicen operaciones militares, normalmente fuera de las rutas de vuelo comerciales en espacio a\u00e9reo no controlado. Originalmente derivados de bombarderos, los aviones de transporte militar fueron usados para desplegar fuerzas aerotransportadas durante la Segunda Guerra Mundial y remolcar planeadores militares. En la actualidad, tambi\u00e9n realizan labores de cooperaci\u00f3n a nivel internacional en situaciones graves o delicadas que as\u00ed lo requieran.<\/p>\n\n\n\n<h2 class=\"wp-block-heading\">\u00bfQu\u00e9 es transporte a\u00e9reo civil-comercial?<\/h2>\n\n\n\n<p>Es el transporte comercial de pasajeros, correo o carga, con arreglo a tarifas, itinerarios y horarios fijos de conocimiento general. Se considera tr\u00e1fico a\u00e9reo regular el que presta este servicio.<\/p>\n\n\n\n<p>En la regulaci\u00f3n espa\u00f1ola, se considera tr\u00e1fico a\u00e9reo interior el que se efect\u00faa sobre territorio de soberan\u00eda del estado nacional de la aeronave, y tr\u00e1fico a\u00e9reo exterior el que se realiza en todo o en parte sobre territorio de soberan\u00eda de otro estado. Este tr\u00e1fico se considera internacional cuando tenga escala en territorio extranjero. Un caso aparte es el llamado tr\u00e1fico de cabotaje, que se realiza entre lugares de soberan\u00eda espa\u00f1ola, aunque para ello sobrevuele territorio o aguas jurisdiccionales de otro estado. Para ser considerado como tal, solo podr\u00e1 llevarse a cabo por aeronaves espa\u00f1olas.<\/p>\n\n\n\n<h2 class=\"wp-block-heading\">\u00bfQu\u00e9 referente hay en transporte a\u00e9reo en Espa\u00f1a?<\/h2>\n\n\n\n<p>Ferrovial proporciona servicios y soluciones en el sector transporte al m\u00e1s alto nivel. A trav\u00e9s de FerroNATS, se constituye como un referente dentro del sector aeroportuario, ofreciendo servicios en tierra, aire y en navegaci\u00f3n a\u00e9rea, ayudando a los aeropuertos a funcionar eficazmente, con altos est\u00e1ndares de seguridad y promoviendo la sostenibilidad en el sector aeroportuario.<\/p>\n<\/div><\/m-wysiwig>\n\n\n<p><!-- wp:components\/project-distributor {\"txt_heading\":\"\",\"txt_title\":\"Nuestros proyectos destacados\",\"rel_link_obj\":[{\"label\":\"Proyectos [type: page - ID: 17882]\",\"value\":\"17882\",\"title\":\"Proyectos\",\"permalink\":\"https:\/\/www.ferrovial.com\/es\/cintra\/proyectos\/\",\"blog_id\":\"1\"}],\"rel_link_obj_s\":\"[{\\u0022label\\u0022:\\u0022Proyectos [type: page - ID: 17882]\\u0022,\\u0022value\\u0022:\\u002217882\\u0022,\\u0022title\\u0022:\\u0022Proyectos\\u0022,\\u0022permalink\\u0022:\\u0022https:\/\/www.ferrovial.com\/es\/cintra\/proyectos\/\\u0022,\\u0022blog_id\\u0022:\\u00221\\u0022}]\",\"txt_link_label\":\"Conoce nuestros proyectos \",\"rad_optMode\":\"manual\",\"rep_projects\":[{\"img_card_url\":\"\",\"img_card_id\":0,\"img_card_filename\":\"\",\"img_card_alt\":\"imagen\",\"p_obj\":[{\"label\":\"Autopista LBJ en Dallas, Texas, EEUU [type: project - ID: 4535]\",\"value\":\"4535\",\"title\":\"Autopista LBJ en Dallas, Texas, EEUU\",\"permalink\":\"https:\/\/www.ferrovial.com\/es\/project\/autopista-lbj-en-dallas-texas-eeuu\/\",\"blog_id\":\"1\",\"excerpt\":\"\"}],\"p_title\":\"Autopista LBJ en Dallas, Texas, EEUU\",\"p_excerpt\":\"\",\"p_country_terms\":\"\",\"p_business_line_terms\":\"\",\"link_label_item\":\"Lorem ipsum\"},{\"img_card_url\":\"\",\"img_card_id\":0,\"img_card_filename\":\"\",\"img_card_alt\":\"imagen\",\"p_obj\":[{\"label\":\"Autopista North Tarrant Express [type: project - ID: 4565]\",\"value\":\"4565\",\"title\":\"Autopista North Tarrant Express\",\"permalink\":\"https:\/\/www.ferrovial.com\/es\/negocio\/proyectos\/autopista-north-tarrant-express\/\",\"blog_id\":\"1\",\"excerpt\":\"\"}],\"p_title\":\"Autopista North Tarrant Express\",\"p_excerpt\":\"\",\"p_country_terms\":\"\",\"p_business_line_terms\":\"\",\"link_label_item\":\"Lorem ipsum\"}],\"rep_projects_s\":\"[{\\u0022img_card_url\\u0022:\\u0022\\u0022,\\u0022img_card_id\\u0022:0,\\u0022img_card_filename\\u0022:\\u0022\\u0022,\\u0022img_card_alt\\u0022:\\u0022imagen\\u0022,\\u0022p_obj\\u0022:[{\\u0022label\\u0022:\\u0022Autopista LBJ en Dallas, Texas, EEUU [type: project - ID: 4535]\\u0022,\\u0022value\\u0022:\\u00224535\\u0022,\\u0022title\\u0022:\\u0022Autopista LBJ en Dallas, Texas, EEUU\\u0022,\\u0022permalink\\u0022:\\u0022https:\/\/www.ferrovial.com\/es\/project\/autopista-lbj-en-dallas-texas-eeuu\/\\u0022,\\u0022blog_id\\u0022:\\u00221\\u0022,\\u0022excerpt\\u0022:\\u0022\\u0022}],\\u0022p_title\\u0022:\\u0022Autopista LBJ en Dallas, Texas, EEUU\\u0022,\\u0022p_excerpt\\u0022:\\u0022\\u0022,\\u0022p_country_terms\\u0022:\\u0022\\u0022,\\u0022p_business_line_terms\\u0022:\\u0022\\u0022,\\u0022link_label_item\\u0022:\\u0022Lorem ipsum\\u0022},{\\u0022img_card_url\\u0022:\\u0022\\u0022,\\u0022img_card_id\\u0022:0,\\u0022img_card_filename\\u0022:\\u0022\\u0022,\\u0022img_card_alt\\u0022:\\u0022imagen\\u0022,\\u0022p_obj\\u0022:[{\\u0022label\\u0022:\\u0022Autopista North Tarrant Express [type: project - ID: 4565]\\u0022,\\u0022value\\u0022:\\u00224565\\u0022,\\u0022title\\u0022:\\u0022Autopista North Tarrant Express\\u0022,\\u0022permalink\\u0022:\\u0022https:\/\/www.ferrovial.com\/es\/negocio\/proyectos\/autopista-north-tarrant-express\/\\u0022,\\u0022blog_id\\u0022:\\u00221\\u0022,\\u0022excerpt\\u0022:\\u0022\\u0022}],\\u0022p_title\\u0022:\\u0022Autopista North Tarrant Express\\u0022,\\u0022p_excerpt\\u0022:\\u0022\\u0022,\\u0022p_country_terms\\u0022:\\u0022\\u0022,\\u0022p_business_line_terms\\u0022:\\u0022\\u0022,\\u0022link_label_item\\u0022:\\u0022Lorem ipsum\\u0022}]\",\"rel_projects\":[{\"label\":\"Autopista LBJ en Dallas, Texas, EEUU [type: project - ID: 4535]\",\"value\":\"4535\",\"title\":\"Autopista LBJ en Dallas, Texas, EEUU\",\"permalink\":\"https:\/\/www.ferrovial.com\/es\/project\/autopista-lbj-en-dallas-texas-eeuu\/\",\"blog_id\":\"1\",\"excerpt\":\"\"}],\"rel_projects_s\":\"[{\\u0022label\\u0022:\\u0022Autopista LBJ en Dallas, Texas, EEUU [type: project - ID: 4535]\\u0022,\\u0022value\\u0022:\\u00224535\\u0022,\\u0022title\\u0022:\\u0022Autopista LBJ en Dallas, Texas, EEUU\\u0022,\\u0022permalink\\u0022:\\u0022https:\/\/www.ferrovial.com\/es\/project\/autopista-lbj-en-dallas-texas-eeuu\/\\u0022,\\u0022blog_id\\u0022:\\u00221\\u0022,\\u0022excerpt\\u0022:\\u0022\\u0022}]\",\"postsTotal\":\"3\",\"rel_terms_level1\":[{\"label\":\"Autopistas [ID: 33]\",\"value\":\"33\",\"title\":\"Autopistas\",\"permalink\":\"https:\/\/www.ferrovial.com\/es\/n1\/autopistas\/\"}],\"rel_terms_level1_s\":\"[{\\u0022label\\u0022:\\u0022Autopistas [ID: 33]\\u0022,\\u0022value\\u0022:\\u002233\\u0022,\\u0022title\\u0022:\\u0022Autopistas\\u0022,\\u0022permalink\\u0022:\\u0022https:\/\/www.ferrovial.com\/es\/n1\/autopistas\/\\u0022}]\",\"migrateRe\n<\/p>\n\n\n\n--><\/p>","protected":false},"excerpt":{"rendered":"","protected":false},"featured_media":0,"parent":25267,"menu_order":0,"comment_status":"closed","ping_status":"closed","template":"","meta":{"_acf_changed":false,"footnotes":""},"class_list":["post-203900","page","type-page","status-publish","hentry"],"acf":[],"yoast_head":"<!-- This site is optimized with the Yoast SEO plugin v27.2 - https:\/\/yoast.com\/product\/yoast-seo-wordpress\/ -->\n<title>Qu\u00e9 tipos de transporte a\u00e9reo existen - Ferrovial<\/title>\n<meta name=\"description\" content=\"Las clasificaciones en torno al transporte a\u00e9reo, van desde las que pueden distinguir los distintos medios de transporte a\u00e9reo hasta las que clasifican seg\u00fan el tipo de carga trasladada.\" \/>\n<meta name=\"robots\" content=\"index, follow, max-snippet:-1, max-image-preview:large, max-video-preview:-1\" \/>\n<link rel=\"canonical\" href=\"https:\/\/www.ferrovial.com\/es\/recursos\/transporte-aereo\/\" \/>\n<meta property=\"og:locale\" content=\"es_ES\" \/>\n<meta property=\"og:type\" content=\"article\" \/>\n<meta property=\"og:title\" content=\"Qu\u00e9 tipos de transporte a\u00e9reo existen - Ferrovial\" \/>\n<meta property=\"og:description\" content=\"Las clasificaciones en torno al transporte a\u00e9reo, van desde las que pueden distinguir los distintos medios de transporte a\u00e9reo hasta las que clasifican seg\u00fan el tipo de carga trasladada.\" \/>\n<meta property=\"og:url\" content=\"https:\/\/www.ferrovial.com\/es\/recursos\/transporte-aereo\/\" \/>\n<meta property=\"og:site_name\" content=\"Ferrovial\" \/>\n<meta property=\"article:publisher\" content=\"https:\/\/www.facebook.com\/ferrovial\" \/>\n<meta property=\"article:modified_time\" content=\"2022-09-22T16:21:49+00:00\" \/>\n<meta name=\"twitter:card\" content=\"summary_large_image\" \/>\n<meta name=\"twitter:site\" content=\"@ferrovial\" \/>\n<meta name=\"twitter:label1\" content=\"Est. reading time\" \/>\n\t<meta name=\"twitter:data1\" content=\"5 minutos\" \/>\n<!-- \/ Yoast SEO plugin. -->","yoast_head_json":{"title":"Qu\u00e9 tipos de transporte a\u00e9reo existen - Ferrovial","description":"Las clasificaciones en torno al transporte a\u00e9reo, van desde las que pueden distinguir los distintos medios de transporte a\u00e9reo hasta las que clasifican seg\u00fan el tipo de carga trasladada.","robots":{"index":"index","follow":"follow","max-snippet":"max-snippet:-1","max-image-preview":"max-image-preview:large","max-video-preview":"max-video-preview:-1"},"canonical":"https:\/\/www.ferrovial.com\/es\/recursos\/transporte-aereo\/","og_locale":"es_ES","og_type":"article","og_title":"Qu\u00e9 tipos de transporte a\u00e9reo existen - Ferrovial","og_description":"Las clasificaciones en torno al transporte a\u00e9reo, van desde las que pueden distinguir los distintos medios de transporte a\u00e9reo hasta las que clasifican seg\u00fan el tipo de carga trasladada.","og_url":"https:\/\/www.ferrovial.com\/es\/recursos\/transporte-aereo\/","og_site_name":"Ferrovial","article_publisher":"https:\/\/www.facebook.com\/ferrovial","article_modified_time":"2022-09-22T16:21:49+00:00","twitter_card":"summary_large_image","twitter_site":"@ferrovial","twitter_misc":{"Est. reading time":"5 minutos"},"schema":{"@context":"https:\/\/schema.org","@graph":[{"@type":"WebPage","@id":"https:\/\/www.ferrovial.com\/es\/recursos\/transporte-aereo\/","url":"https:\/\/www.ferrovial.com\/es\/recursos\/transporte-aereo\/","name":"Qu\u00e9 tipos de transporte a\u00e9reo existen - Ferrovial","isPartOf":{"@id":"https:\/\/www.ferrovial.com\/es\/#website"},"datePublished":"2021-10-14T15:09:52+00:00","dateModified":"2022-09-22T16:21:49+00:00","description":"Las clasificaciones en torno al transporte a\u00e9reo, van desde las que pueden distinguir los distintos medios de transporte a\u00e9reo hasta las que clasifican seg\u00fan el tipo de carga trasladada.","breadcrumb":{"@id":"https:\/\/www.ferrovial.com\/es\/recursos\/transporte-aereo\/#breadcrumb"},"inLanguage":"es","potentialAction":[{"@type":"ReadAction","target":["https:\/\/www.ferrovial.com\/es\/recursos\/transporte-aereo\/"]}]},{"@type":"BreadcrumbList","@id":"https:\/\/www.ferrovial.com\/es\/recursos\/transporte-aereo\/#breadcrumb","itemListElement":[{"@type":"ListItem","position":1,"name":"Portada","item":"https:\/\/www.ferrovial.com\/es\/"},{"@type":"ListItem","position":2,"name":"Recursos","item":"https:\/\/www.ferrovial.com\/es\/recursos\/"},{"@type":"ListItem","position":3,"name":"Transporte a\u00e9reo"}]},{"@type":"WebSite","@id":"https:\/\/www.ferrovial.com\/es\/#website","url":"https:\/\/www.ferrovial.com\/es\/","name":"Ferrovial","description":"Welcome to the Ferrovial&#039;s website, global operator of sustainable infrastructure. Here you can find all the information about the company and subsidiaries.","publisher":{"@id":"https:\/\/www.ferrovial.com\/es\/#organization"},"potentialAction":[{"@type":"SearchAction","target":{"@type":"EntryPoint","urlTemplate":"https:\/\/www.ferrovial.com\/es\/?s={search_term_string}"},"query-input":{"@type":"PropertyValueSpecification","valueRequired":true,"valueName":"search_term_string"}}],"inLanguage":"es"},{"@type":"Organization","@id":"https:\/\/www.ferrovial.com\/es\/#organization","name":"Ferrovial S.A.","url":"https:\/\/www.ferrovial.com\/es\/","logo":{"@type":"ImageObject","inLanguage":"es","@id":"https:\/\/www.ferrovial.com\/es\/#\/schema\/logo\/image\/","url":"https:\/\/static.ferrovial.com\/wp-content\/uploads\/2020\/01\/13124948\/logo-ferrovial-cf7.png","contentUrl":"https:\/\/static.ferrovial.com\/wp-content\/uploads\/2020\/01\/13124948\/logo-ferrovial-cf7.png","width":144,"height":32,"caption":"Ferrovial S.A."},"image":{"@id":"https:\/\/www.ferrovial.com\/es\/#\/schema\/logo\/image\/"},"sameAs":["https:\/\/www.facebook.com\/ferrovial","https:\/\/x.com\/ferrovial","https:\/\/www.instagram.com\/ferrovial\/","https:\/\/www.linkedin.com\/company\/ferrovial","https:\/\/www.pinterest.es\/ferrovial\/","https:\/\/www.youtube.com\/ferrovial","https:\/\/en.wikipedia.org\/wiki\/Ferrovial"]}]}},"_links":{"self":[{"href":"https:\/\/www.ferrovial.com\/es\/wp-json\/wp\/v2\/pages\/203900","targetHints":{"allow":["GET"]}}],"collection":[{"href":"https:\/\/www.ferrovial.com\/es\/wp-json\/wp\/v2\/pages"}],"about":[{"href":"https:\/\/www.ferrovial.com\/es\/wp-json\/wp\/v2\/types\/page"}],"replies":[{"embeddable":true,"href":"https:\/\/www.ferrovial.com\/es\/wp-json\/wp\/v2\/comments?post=203900"}],"version-history":[{"count":1,"href":"https:\/\/www.ferrovial.com\/es\/wp-json\/wp\/v2\/pages\/203900\/revisions"}],"predecessor-version":[{"id":203901,"href":"https:\/\/www.ferrovial.com\/es\/wp-json\/wp\/v2\/pages\/203900\/revisions\/203901"}],"up":[{"embeddable":true,"href":"https:\/\/www.ferrovial.com\/es\/wp-json\/wp\/v2\/pages\/25267"}],"wp:attachment":[{"href":"https:\/\/www.ferrovial.com\/es\/wp-json\/wp\/v2\/media?parent=203900"}],"curies":[{"name":"wp","href":"https:\/\/api.w.org\/{rel}","templated":true}]}}