{"id":204065,"date":"2021-10-18T13:36:51","date_gmt":"2021-10-18T11:36:51","guid":{"rendered":"https:\/\/www.ferrovial.com\/?page_id=204065"},"modified":"2022-09-22T18:59:36","modified_gmt":"2022-09-22T16:59:36","slug":"concesiones","status":"publish","type":"page","link":"https:\/\/www.ferrovial.com\/es\/recursos\/concesiones\/","title":{"rendered":"Concesiones"},"content":{"rendered":"    <m-final-content-header >\n            <c-breadcrumb label-text=\"Breadcrumb\" slot=\"breadcrumbs\" type='2' align='left' wrap='wrapped wrapped' aria-label='Vienes de Recursos'>\n                        <ol>\n\n                                                            <li><a href=\"https:\/\/www.ferrovial.com\/es\/\" title=\"Ferrovial\">Ferrovial<\/a><\/li>\n                                                                        <li><a href=\"https:\/\/www.ferrovial.com\/es\/recursos\/\" title=\"Recursos\">Recursos<\/a><\/li>\n                                    \n                <\/ol>\n\n                <\/c-breadcrumb>\n    \n        <div slot=\"header\">\n            <h1>\n                Concesiones            <\/h1>\n                    <\/div>\n    <\/m-final-content-header>\n\n    \n\n\n<p><script type=\"application\/ld+json\">\n{\n  \"@context\": \"https:\/\/schema.org\",\n  \"@type\": \"FAQPage\",\n  \"mainEntity\": [{\n    \"@type\": \"Question\",\n    \"name\": \"\u00bfQu\u00e9 es una concesi\u00f3n?\",\n    \"acceptedAnswer\": {\n      \"@type\": \"Answer\",\n      \"text\": \"Es la acci\u00f3n por la que una Administraci\u00f3n otorga a particulares o empresas el derecho para explotar alguno de sus bienes o servicios durante un tiempo determinado.\"\n    }\n  },{\n    \"@type\": \"Question\",\n    \"name\": \"\u00bfCu\u00e1l es la diferencia entre una concesi\u00f3n y un contrato p\u00fablico?\",\n    \"acceptedAnswer\": {\n      \"@type\": \"Answer\",\n      \"text\": \"En un contrato p\u00fablico, las empresas reciben una cantidad fija por realizar una obra o por prestar un servicio, mientras que, en una concesi\u00f3n, la remuneraci\u00f3n de las empresas consiste, principalmente, en la autorizaci\u00f3n de gestionar y explotar una obra o servicio, lo que implica una exposici\u00f3n a posibles p\u00e9rdidas en las inversiones realizadas.\"\n    }\n  },{\n    \"@type\": \"Question\",\n    \"name\": \"\u00bfQu\u00e9 es una concesi\u00f3n administrativa?\",\n    \"acceptedAnswer\": {\n      \"@type\": \"Answer\",\n      \"text\": \"Una concesi\u00f3n administrativa es la autorizaci\u00f3n que otorga un ente del sector p\u00fablico a otro de iniciativa privada con el objetivo de explotar un bien o servicio de dominio o titularidad p\u00fablica durante un tiempo determinado a cambio del pago de un canon\"\n    }\n  },{\n    \"@type\": \"Question\",\n    \"name\": \"\u00bfQu\u00e9 es una concesi\u00f3n en autopistas?\",\n    \"acceptedAnswer\": {\n      \"@type\": \"Answer\",\n      \"text\": \"Es un tipo de concesi\u00f3n por el que una empresa privada construye y gestiona una autopista por un precio previamente acordado\"\n    }\n  },{\n    \"@type\": \"Question\",\n    \"name\": \"\u00bfQu\u00e9 son las concesiones mineras?\",\n    \"acceptedAnswer\": {\n      \"@type\": \"Answer\",\n      \"text\": \"Es un tipo de concesi\u00f3n por el que se concede a su titular el derecho a la exploraci\u00f3n, investigaci\u00f3n o explotaci\u00f3n de un yacimiento o de los recursos minerales en el subsuelo de un \u00e1rea determinada durante un periodo de tiempo establecido.\"\n    }\n  },{\n    \"@type\": \"Question\",\n    \"name\": \"\u00bfC\u00f3mo funcionan las concesiones?\",\n    \"acceptedAnswer\": {\n      \"@type\": \"Answer\",\n      \"text\": \"Las concesiones son contratos administrativos y, sin bien para contratos menores \u2014de poca cuant\u00eda\u2014 la adjudicaci\u00f3n puede ser directa, en general se ha de seguir un procedimiento p\u00fablico de licitaci\u00f3n al que concurren distintas empresas en r\u00e9gimen de igualdad y libre competencia.\"\n    }\n  }]\n}\n<\/script><\/p>\n\n\n\n<m-wysiwig class=\"wp-block-components-wysiwyg\"><div slot=\"maincontent\">\n<h2 class=\"wp-block-heading\">\u00bfQu\u00e9 es una concesi\u00f3n?<\/h2>\n\n\n\n<p>Es la acci\u00f3n por la que una Administraci\u00f3n otorga a particulares o empresas el derecho para explotar alguno de sus bienes o servicios durante un tiempo determinado.<\/p>\n\n\n\n<p>El proceso de publicaci\u00f3n y resoluci\u00f3n de adjudicaci\u00f3n de las concesiones ha de seguir los principios fundamentales de igualdad de trato, transparencia y reconocimiento mutuo, y han de asegurar el hecho de que las autoridades p\u00fablicas obtengan la mejor relaci\u00f3n calidad\/precio al comprar productos o delegar en terceros la ejecuci\u00f3n de obras o la prestaci\u00f3n de servicios. En suma, todo el proceso debe reflejar la m\u00e1xima transparencia.<\/p>\n\n\n\n<h2 class=\"wp-block-heading\">\u00bfCu\u00e1l es la diferencia entre una concesi\u00f3n y un contrato p\u00fablico?<\/h2>\n\n\n\n<p>En un contrato p\u00fablico, las empresas reciben una cantidad fija por realizar una obra o por prestar un servicio, mientras que, en una concesi\u00f3n, la remuneraci\u00f3n de las empresas consiste, principalmente, en la autorizaci\u00f3n de gestionar y explotar una obra o servicio, lo que implica una exposici\u00f3n a posibles p\u00e9rdidas en las inversiones realizadas.<\/p>\n\n\n\n<p>La principal diferencia de una concesi\u00f3n con respecto a la contrataci\u00f3n p\u00fablica consiste en el riesgo inherente a la explotaci\u00f3n que tiene que soportar el concesionario, que suele financiar al menos una parte de los proyectos. Es esta inversi\u00f3n de capital privado la que se considera como uno de los incentivos primordiales de cara a que las autoridades p\u00fablicas participen en este tipo de colaboraciones p\u00fablico-privadas.<\/p>\n\n\n\n<h2 class=\"wp-block-heading\">\u00bfQu\u00e9 es una concesi\u00f3n administrativa?<\/h2>\n\n\n\n<p>Una concesi\u00f3n administrativa es la autorizaci\u00f3n que otorga un ente del sector p\u00fablico a otro de iniciativa privada con el objetivo de explotar un bien o servicio de dominio o titularidad p\u00fablica durante un tiempo determinado a cambio del pago de un canon. Por medio de este tipo de contratos, las Administraciones P\u00fablicas consiguen ingresos a la vez que mantienen el derecho sobre el bien o servicio ya que, en caso que la entidad concesionaria no cumpliera lo establecido en el contrato, podr\u00eda retirar la concesi\u00f3n.<\/p>\n\n\n\n<p>Ejemplos de concesi\u00f3n administrativa son tanto la cesi\u00f3n de parte de la v\u00eda p\u00fablica para la colocaci\u00f3n de la terraza de un restaurante, como la concesi\u00f3n de la explotaci\u00f3n del polideportivo de una localidad o la de una explotaci\u00f3n petrol\u00edfera.<\/p>\n\n\n\n<h2 class=\"wp-block-heading\">\u00bfQu\u00e9 es una concesi\u00f3n en autopistas?<\/h2>\n\n\n\n<p>Es un tipo de concesi\u00f3n por el que una empresa privada construye y gestiona una autopista por un precio previamente acordado; es decir, el suelo p\u00fablico es otorgado para la construcci\u00f3n de esa autopista y, una vez finalizadas las obras, la empresa gestiona la autopista y su remuneraci\u00f3n consiste en el cobro de los peajes. Existe el riesgo, asumido por la concesionaria, de que los ingresos generados no cubran las inversiones realizadas.<\/p>\n\n\n\n<h2 class=\"wp-block-heading\">\u00bfQu\u00e9 son las concesiones mineras?<\/h2>\n\n\n\n<p>Es un tipo de concesi\u00f3n por el que se concede a su titular el derecho a la exploraci\u00f3n, investigaci\u00f3n o explotaci\u00f3n de un yacimiento o de los recursos minerales en el subsuelo de un \u00e1rea determinada durante un periodo de tiempo establecido.<\/p>\n\n\n\n<h2 class=\"wp-block-heading\">\u00bfC\u00f3mo funcionan las concesiones?<\/h2>\n\n\n\n<p>Las concesiones son contratos administrativos y, sin bien para contratos menores \u2014de poca cuant\u00eda\u2014 la adjudicaci\u00f3n puede ser directa, en general se ha de seguir un procedimiento p\u00fablico de licitaci\u00f3n al que concurren distintas empresas en r\u00e9gimen de igualdad y libre competencia.<\/p>\n\n\n\n<p>Para llevar a buen t\u00e9rmino el proceso de solicitud y adjudicaci\u00f3n de una concesi\u00f3n es fundamental conocer la terminolog\u00eda propia&nbsp; de estos procedimientos.<\/p>\n\n\n\n<p>La compa\u00f1\u00eda espa\u00f1ola Ferrovial es referente a nivel nacional e internacional en la adjudicaci\u00f3n de concesiones de grandes proyectos de infraestructuras y servicios, como concesiones para la construcci\u00f3n y explotaci\u00f3n de autopistas o de mantenimiento y gesti\u00f3n de otro tipo de bienes p\u00fablicos como aeropuertos, por citar algunos ejemplos.<\/p>\n\n\n\n<h2 class=\"wp-block-heading\">Aspectos curiosos sobre las concesiones<\/h2>\n\n\n\n<ul class=\"wp-block-list\"><li>En comparaci\u00f3n con otros pa\u00edses europeos, en 2021 Espa\u00f1a<strong> acumula el 73,5% de la red de autov\u00edas libres europeas <\/strong>y con el menor \u00edndice de v\u00edas con peaje, con el 12,8%.<\/li><li>La llegada de la fecha final estipulada para muchas concesiones de autopistas en Espa\u00f1a desde 2018 ha supuesto la supresi\u00f3n de los peajes en muchas de ellas. Sin embargo, ha implicado tambi\u00e9n un incremento del gasto p\u00fablico, por la falta de recaudaci\u00f3n fiscal y los gastos de conservaci\u00f3n, que pasan a estar a cargo del Estado.<\/li><\/ul>\n<\/div><\/m-wysiwig>\n\n\n    <m-projects-distributor2 :translations='{\n        &quot;prev&quot;:&quot;Anterior&quot;,\n        &quot;next&quot;:&quot;Siguiente&quot;,\n        &quot;paginationseparator&quot;:&quot;de&quot;\n    }'>\n                        <h2 slot=\"title\">\n                Nuestros proyectos destacados                <\/h2>\n                        <a slot='button' title='Conoce nuestros proyectos ' href='https:\/\/www.ferrovial.com\/es\/cintra\/proyectos\/'>\n            Conoce nuestros proyectos         <\/a>\n\n            <\/m-projects-distributor2>\n\n    ","protected":false},"excerpt":{"rendered":"","protected":false},"featured_media":0,"parent":25267,"menu_order":0,"comment_status":"closed","ping_status":"closed","template":"","meta":{"_acf_changed":false,"footnotes":""},"class_list":["post-204065","page","type-page","status-publish","hentry"],"acf":[],"yoast_head":"<!-- This site is optimized with the Yoast SEO plugin v27.2 - https:\/\/yoast.com\/product\/yoast-seo-wordpress\/ -->\n<title>Concesi\u00f3n: qu\u00e9 es, tipos y diferencia con contrato p\u00fablico - Ferrovial<\/title>\n<meta name=\"description\" content=\"Concesi\u00f3n es la acci\u00f3n por la que una Administraci\u00f3n otorga a particulares o empresas el derecho para explotar alguno de sus bienes o servicios durante un tiempo determinado.\" \/>\n<meta name=\"robots\" content=\"index, follow, max-snippet:-1, max-image-preview:large, max-video-preview:-1\" \/>\n<link rel=\"canonical\" href=\"https:\/\/www.ferrovial.com\/es\/recursos\/concesiones\/\" \/>\n<meta property=\"og:locale\" content=\"es_ES\" \/>\n<meta property=\"og:type\" content=\"article\" \/>\n<meta property=\"og:title\" content=\"Concesi\u00f3n: qu\u00e9 es, tipos y diferencia con contrato p\u00fablico - Ferrovial\" \/>\n<meta property=\"og:description\" content=\"Concesi\u00f3n es la acci\u00f3n por la que una Administraci\u00f3n otorga a particulares o empresas el derecho para explotar alguno de sus bienes o servicios durante un tiempo determinado.\" \/>\n<meta property=\"og:url\" content=\"https:\/\/www.ferrovial.com\/es\/recursos\/concesiones\/\" \/>\n<meta property=\"og:site_name\" content=\"Ferrovial\" \/>\n<meta property=\"article:publisher\" content=\"https:\/\/www.facebook.com\/ferrovial\" \/>\n<meta property=\"article:modified_time\" content=\"2022-09-22T16:59:36+00:00\" \/>\n<meta name=\"twitter:card\" content=\"summary_large_image\" \/>\n<meta name=\"twitter:site\" content=\"@ferrovial\" \/>\n<meta name=\"twitter:label1\" content=\"Est. reading time\" \/>\n\t<meta name=\"twitter:data1\" content=\"5 minutos\" \/>\n<!-- \/ Yoast SEO plugin. -->","yoast_head_json":{"title":"Concesi\u00f3n: qu\u00e9 es, tipos y diferencia con contrato p\u00fablico - Ferrovial","description":"Concesi\u00f3n es la acci\u00f3n por la que una Administraci\u00f3n otorga a particulares o empresas el derecho para explotar alguno de sus bienes o servicios durante un tiempo determinado.","robots":{"index":"index","follow":"follow","max-snippet":"max-snippet:-1","max-image-preview":"max-image-preview:large","max-video-preview":"max-video-preview:-1"},"canonical":"https:\/\/www.ferrovial.com\/es\/recursos\/concesiones\/","og_locale":"es_ES","og_type":"article","og_title":"Concesi\u00f3n: qu\u00e9 es, tipos y diferencia con contrato p\u00fablico - Ferrovial","og_description":"Concesi\u00f3n es la acci\u00f3n por la que una Administraci\u00f3n otorga a particulares o empresas el derecho para explotar alguno de sus bienes o servicios durante un tiempo determinado.","og_url":"https:\/\/www.ferrovial.com\/es\/recursos\/concesiones\/","og_site_name":"Ferrovial","article_publisher":"https:\/\/www.facebook.com\/ferrovial","article_modified_time":"2022-09-22T16:59:36+00:00","twitter_card":"summary_large_image","twitter_site":"@ferrovial","twitter_misc":{"Est. reading time":"5 minutos"},"schema":{"@context":"https:\/\/schema.org","@graph":[{"@type":"WebPage","@id":"https:\/\/www.ferrovial.com\/es\/recursos\/concesiones\/","url":"https:\/\/www.ferrovial.com\/es\/recursos\/concesiones\/","name":"Concesi\u00f3n: qu\u00e9 es, tipos y diferencia con contrato p\u00fablico - Ferrovial","isPartOf":{"@id":"https:\/\/www.ferrovial.com\/es\/#website"},"datePublished":"2021-10-18T11:36:51+00:00","dateModified":"2022-09-22T16:59:36+00:00","description":"Concesi\u00f3n es la acci\u00f3n por la que una Administraci\u00f3n otorga a particulares o empresas el derecho para explotar alguno de sus bienes o servicios durante un tiempo determinado.","breadcrumb":{"@id":"https:\/\/www.ferrovial.com\/es\/recursos\/concesiones\/#breadcrumb"},"inLanguage":"es","potentialAction":[{"@type":"ReadAction","target":["https:\/\/www.ferrovial.com\/es\/recursos\/concesiones\/"]}]},{"@type":"BreadcrumbList","@id":"https:\/\/www.ferrovial.com\/es\/recursos\/concesiones\/#breadcrumb","itemListElement":[{"@type":"ListItem","position":1,"name":"Portada","item":"https:\/\/www.ferrovial.com\/es\/"},{"@type":"ListItem","position":2,"name":"Recursos","item":"https:\/\/www.ferrovial.com\/es\/recursos\/"},{"@type":"ListItem","position":3,"name":"Concesiones"}]},{"@type":"WebSite","@id":"https:\/\/www.ferrovial.com\/es\/#website","url":"https:\/\/www.ferrovial.com\/es\/","name":"Ferrovial","description":"Welcome to the Ferrovial&#039;s website, global operator of sustainable infrastructure. Here you can find all the information about the company and subsidiaries.","publisher":{"@id":"https:\/\/www.ferrovial.com\/es\/#organization"},"potentialAction":[{"@type":"SearchAction","target":{"@type":"EntryPoint","urlTemplate":"https:\/\/www.ferrovial.com\/es\/?s={search_term_string}"},"query-input":{"@type":"PropertyValueSpecification","valueRequired":true,"valueName":"search_term_string"}}],"inLanguage":"es"},{"@type":"Organization","@id":"https:\/\/www.ferrovial.com\/es\/#organization","name":"Ferrovial S.A.","url":"https:\/\/www.ferrovial.com\/es\/","logo":{"@type":"ImageObject","inLanguage":"es","@id":"https:\/\/www.ferrovial.com\/es\/#\/schema\/logo\/image\/","url":"https:\/\/static.ferrovial.com\/wp-content\/uploads\/2020\/01\/13124948\/logo-ferrovial-cf7.png","contentUrl":"https:\/\/static.ferrovial.com\/wp-content\/uploads\/2020\/01\/13124948\/logo-ferrovial-cf7.png","width":144,"height":32,"caption":"Ferrovial S.A."},"image":{"@id":"https:\/\/www.ferrovial.com\/es\/#\/schema\/logo\/image\/"},"sameAs":["https:\/\/www.facebook.com\/ferrovial","https:\/\/x.com\/ferrovial","https:\/\/www.instagram.com\/ferrovial\/","https:\/\/www.linkedin.com\/company\/ferrovial","https:\/\/www.pinterest.es\/ferrovial\/","https:\/\/www.youtube.com\/ferrovial","https:\/\/en.wikipedia.org\/wiki\/Ferrovial"]}]}},"_links":{"self":[{"href":"https:\/\/www.ferrovial.com\/es\/wp-json\/wp\/v2\/pages\/204065","targetHints":{"allow":["GET"]}}],"collection":[{"href":"https:\/\/www.ferrovial.com\/es\/wp-json\/wp\/v2\/pages"}],"about":[{"href":"https:\/\/www.ferrovial.com\/es\/wp-json\/wp\/v2\/types\/page"}],"replies":[{"embeddable":true,"href":"https:\/\/www.ferrovial.com\/es\/wp-json\/wp\/v2\/comments?post=204065"}],"version-history":[{"count":2,"href":"https:\/\/www.ferrovial.com\/es\/wp-json\/wp\/v2\/pages\/204065\/revisions"}],"predecessor-version":[{"id":204070,"href":"https:\/\/www.ferrovial.com\/es\/wp-json\/wp\/v2\/pages\/204065\/revisions\/204070"}],"up":[{"embeddable":true,"href":"https:\/\/www.ferrovial.com\/es\/wp-json\/wp\/v2\/pages\/25267"}],"wp:attachment":[{"href":"https:\/\/www.ferrovial.com\/es\/wp-json\/wp\/v2\/media?parent=204065"}],"curies":[{"name":"wp","href":"https:\/\/api.w.org\/{rel}","templated":true}]}}