{"id":204093,"date":"2021-10-18T16:07:45","date_gmt":"2021-10-18T14:07:45","guid":{"rendered":"https:\/\/www.ferrovial.com\/?page_id=204093"},"modified":"2025-04-07T16:52:36","modified_gmt":"2025-04-07T14:52:36","slug":"cooperacion-internacional","status":"publish","type":"page","link":"https:\/\/www.ferrovial.com\/es\/recursos\/cooperacion-internacional\/","title":{"rendered":"Cooperaci\u00f3n internacional"},"content":{"rendered":"    <m-final-content-header >\n            <c-breadcrumb label-text=\"Breadcrumb\" slot=\"breadcrumbs\" type='2' align='left' wrap='wrapped wrapped' aria-label='Vienes de Recursos'>\n                        <ol>\n\n                                                            <li><a href=\"https:\/\/www.ferrovial.com\/es\/\" title=\"Ferrovial\">Ferrovial<\/a><\/li>\n                                                                        <li><a href=\"https:\/\/www.ferrovial.com\/es\/recursos\/\" title=\"Recursos\">Recursos<\/a><\/li>\n                                    \n                <\/ol>\n\n                <\/c-breadcrumb>\n    \n        <div slot=\"header\">\n            <h1>\n                Cooperaci\u00f3n Internacional            <\/h1>\n                    <\/div>\n    <\/m-final-content-header>\n\n    \n\n\n<p><script type=\"application\/ld+json\">\n{\n  \"@context\": \"https:\/\/schema.org\",\n  \"@type\": \"FAQPage\",\n  \"mainEntity\": [{\n    \"@type\": \"Question\",\n    \"name\": \"\u00bfQu\u00e9 es cooperaci\u00f3n internacional?\",\n    \"acceptedAnswer\": {\n      \"@type\": \"Answer\",\n      \"text\": \"La cooperaci\u00f3n internacional enmarca actividades diversas, como el apoyo que se prestan dos o m\u00e1s agentes del contexto internacional con el objetivo de promover el desarrollo econ\u00f3mico o social. Estos agentes pueden ser los gobiernos de distintos pa\u00edses, empresas comprometidas con su entorno, ONG, etc.\"\n    }\n  },{\n    \"@type\": \"Question\",\n    \"name\": \"\u00bfQu\u00e9 es la cooperaci\u00f3n internacional para el desarrollo?\",\n    \"acceptedAnswer\": {\n      \"@type\": \"Answer\",\n      \"text\": \"La cooperaci\u00f3n internacional para el desarrollo es un conjunto de actividades que facilitan herramientas y oportunidades de crecimiento a personas y territorios en situaciones de vulnerabilidad.\"\n    }\n  },{\n    \"@type\": \"Question\",\n    \"name\": \"\u00bfEn qu\u00e9 consiste la Ley de cooperaci\u00f3n jur\u00eddica internacional?\",\n    \"acceptedAnswer\": {\n      \"@type\": \"Answer\",\n      \"text\": \"Dado el complejo marco de relaciones internacionales existente, con numerosos tratados y acuerdos internacionales en vigor, y gran cantidad de disposiciones de la Uni\u00f3n Europea, una Ley de cooperaci\u00f3n jur\u00eddica internacional interna debe tener un car\u00e1cter subsidiario.\"\n    }\n  },{\n    \"@type\": \"Question\",\n    \"name\": \"\u00bfQu\u00e9 es la AECID?\",\n    \"acceptedAnswer\": {\n      \"@type\": \"Answer\",\n      \"text\": \"La AECID o Agencia Espa\u00f1ola de Cooperaci\u00f3n Internacional para el Desarrollo es el \u00f3rgano principal de gesti\u00f3n de la Cooperaci\u00f3n Espa\u00f1ola, y est\u00e1 orientada a la lucha contra la pobreza y al desarrollo humano sostenible.\"\n    }\n  },{\n    \"@type\": \"Question\",\n    \"name\": \"\u00bfQu\u00e9 rol tienen las ONG en la cooperaci\u00f3n internacional?\",\n    \"acceptedAnswer\": {\n      \"@type\": \"Answer\",\n      \"text\": \"Se trata de instituciones que llevan a cabo un amplio espectro de ayuda tanto a nivel local como de cooperaci\u00f3n internacional, mediante la colaboraci\u00f3n de voluntarios exclusivamente o, tambi\u00e9n, a trav\u00e9s de la contrataci\u00f3n de profesionales y especialistas.\"\n    }\n  },{\n    \"@type\": \"Question\",\n    \"name\": \"\u00bfQu\u00e9 empresas e instituciones est\u00e1n comprometidas con la cooperaci\u00f3n internacional?\",\n    \"acceptedAnswer\": {\n      \"@type\": \"Answer\",\n      \"text\": \"A la labor de cooperaci\u00f3n internacional llevada a cabo por gobiernos, agencias estatales y ONG se suma la de empresas e instituciones comprometidas con el desarrollo sostenible, como el programa de cooperaci\u00f3n internacional de la Universidad de M\u00e1laga (UMA) y el programa Infraestructuras Sociales de Ferrovial.\"\n    }\n  }]\n}\n<\/script><\/p>\n\n\n\n<m-wysiwig class=\"wp-block-components-wysiwyg\"><div slot=\"maincontent\">\n<h2 class=\"wp-block-heading\">\u00bfQu\u00e9 es cooperaci\u00f3n internacional?<\/h2>\n\n\n\n<p>La cooperaci\u00f3n internacional enmarca actividades diversas, como el apoyo que se prestan dos o m\u00e1s agentes del contexto internacional con el objetivo de promover el desarrollo econ\u00f3mico o social. Estos agentes pueden ser los gobiernos de distintos pa\u00edses, empresas comprometidas con su entorno, ONG, etc.<\/p>\n\n\n\n<h2 class=\"wp-block-heading\">\u00bfQu\u00e9 es la cooperaci\u00f3n internacional para el desarrollo?<\/h2>\n\n\n\n<p>La cooperaci\u00f3n internacional para el desarrollo es un conjunto de actividades que facilitan herramientas y oportunidades de crecimiento a personas y territorios en situaciones de vulnerabilidad. Estas actividades se incluyen en programas y planes de cooperaci\u00f3n al desarrollo que se llevan a cabo por medio de las agencias de cooperaci\u00f3n de los distintos pa\u00edses, junto con diversas entidades como fundaciones y ONG.<\/p>\n\n\n\n<h2 class=\"wp-block-heading\">\u00bfEn qu\u00e9 consiste la Ley de cooperaci\u00f3n jur\u00eddica internacional?<\/h2>\n\n\n\n<p>Es la ley que regula la cooperaci\u00f3n jur\u00eddica internacional entre las autoridades espa\u00f1olas y extranjeras en materia civil y mercantil. Dado el complejo marco de relaciones internacionales existente, con numerosos tratados y acuerdos internacionales en vigor, y gran cantidad de disposiciones de la Uni\u00f3n Europea, una Ley de cooperaci\u00f3n jur\u00eddica internacional interna debe tener un car\u00e1cter subsidiario. Aun as\u00ed, el concepto de cooperaci\u00f3n jur\u00eddica internacional se utiliza de forma muy amplia en esta ley, lo que permite incluir materias que tradicionalmente se han regulado en otros cuerpos normativos.<\/p>\n\n\n\n<h2 class=\"wp-block-heading\">\u00bfQu\u00e9 es la AECID?<\/h2>\n\n\n\n<p>La AECID o Agencia Espa\u00f1ola de Cooperaci\u00f3n Internacional para el Desarrollo es el \u00f3rgano principal de gesti\u00f3n de la Cooperaci\u00f3n Espa\u00f1ola, y est\u00e1 orientada a la lucha contra la pobreza y al desarrollo humano sostenible. Est\u00e1 adscrita al Ministerio de Asuntos Exteriores, Uni\u00f3n Europea y Cooperaci\u00f3n a trav\u00e9s de la Secretar\u00eda de Estado de Cooperaci\u00f3n Internacional.<\/p>\n\n\n\n<p>Entre sus prioridades se encuentran el fomento del desarrollo y del equilibrio en las relaciones internacionales, la prevenci\u00f3n y atenci\u00f3n de situaciones de emergencia, la promoci\u00f3n de la democracia y el impulso de las relaciones con los pa\u00edses en los que coopera.<\/p>\n\n\n\n<h2 class=\"wp-block-heading\">\u00bfQu\u00e9 rol tienen las ONG en la cooperaci\u00f3n internacional?<\/h2>\n\n\n\n<p>Las siglas ONG corresponden a Organizaci\u00f3n No Gubernamental. Una ONG puede definirse como una entidad de iniciativa social y fines humanitarios, independiente de la administraci\u00f3n p\u00fablica y sin \u00e1nimo de lucro. Se trata de instituciones que llevan a cabo un amplio espectro de ayuda tanto a nivel local como de cooperaci\u00f3n internacional, mediante la colaboraci\u00f3n de voluntarios exclusivamente o, tambi\u00e9n, a trav\u00e9s de la contrataci\u00f3n de profesionales y especialistas.<\/p>\n\n\n\n<h2 class=\"wp-block-heading\">\u00bfQu\u00e9 empresas e instituciones est\u00e1n comprometidas con la cooperaci\u00f3n internacional?<\/h2>\n\n\n\n<p>A la labor de cooperaci\u00f3n internacional llevada a cabo por gobiernos, agencias estatales y ONG se suma la de empresas e instituciones comprometidas con el desarrollo sostenible, como el programa de cooperaci\u00f3n internacional de la Universidad de M\u00e1laga (UMA) y el programa Infraestructuras Sociales de Ferrovial.<\/p>\n\n\n\n<p>El programa de <strong>Cooperaci\u00f3n Internacional UMA<\/strong> permite al alumnado de esta universidad participar en proyectos de cooperaci\u00f3n mediante la oferta de bolsas de viaje y la organizaci\u00f3n de propuestas formativas de cara al voluntariado.<\/p>\n\n\n\n<p>Por otra parte, el programa <strong>Infraestructuras Sociales<\/strong> de Ferrovial \u2014activo desde 2008 y premiado en 2010 por la Comisi\u00f3n Europea\u2014 es un programa de cooperaci\u00f3n al desarrollo que tiene como objetivo la construcci\u00f3n, rehabilitaci\u00f3n o mejora de infraestructuras de agua y saneamiento en \u00c1frica y Am\u00e9rica Latina. Este programa no solo ofrece apoyo (a ONG colaboradoras) y financiaci\u00f3n, sino que tambi\u00e9n ofrece asistencia t\u00e9cnica, tecnolog\u00eda y la participaci\u00f3n de especialistas de la compa\u00f1\u00eda a trav\u00e9s de su voluntariado corporativo.<\/p>\n\n\n\n<h2 class=\"wp-block-heading\">Aspectos curiosos de la cooperaci\u00f3n internacional<\/h2>\n\n\n\n<ul class=\"wp-block-list\">\n<li>Uno de los hitos fundamentales en cooperaci\u00f3n internacional fue la fundaci\u00f3n de la <strong>Organizaci\u00f3n de las Naciones Unidas<\/strong> (ONU) al t\u00e9rmino de la II Guerra Mundial, creada con el objetivo principal de cooperaci\u00f3n mutua entre los pa\u00edses que la conforman a fin de buscar soluci\u00f3n a los problemas m\u00e1s relevantes de la humanidad.<\/li>\n\n\n\n<li>El 8 de septiembre se celebra el <strong>D\u00eda de las Personas Cooperantes<\/strong>.<\/li>\n\n\n\n<li>El perfil m\u00e1s habitual del voluntariado en cooperaci\u00f3n internacional en Espa\u00f1a es el de <strong>mujer mayor de 35 a\u00f1os.<\/strong><\/li>\n<\/ul>\n<\/div><\/m-wysiwig>\n\n\n    <m-projects-distributor2 :translations='{\n        &quot;prev&quot;:&quot;Anterior&quot;,\n        &quot;next&quot;:&quot;Siguiente&quot;,\n        &quot;paginationseparator&quot;:&quot;de&quot;\n    }'>\n                        <h2 slot=\"title\">\n                Nuestros proyectos destacados                <\/h2>\n                        <a slot='button' title='Conoce nuestros proyectos ' href='https:\/\/www.ferrovial.com\/es\/cintra\/proyectos\/'>\n            Conoce nuestros proyectos         <\/a>\n\n            <\/m-projects-distributor2>\n\n    ","protected":false},"excerpt":{"rendered":"","protected":false},"featured_media":0,"parent":25267,"menu_order":0,"comment_status":"closed","ping_status":"closed","template":"","meta":{"_acf_changed":false,"footnotes":""},"class_list":["post-204093","page","type-page","status-publish","hentry"],"acf":[],"yoast_head":"<!-- This site is optimized with the Yoast SEO plugin v27.2 - https:\/\/yoast.com\/product\/yoast-seo-wordpress\/ -->\n<title>Qu\u00e9 es la cooperaci\u00f3n internacional para el desarrollo - Ferrovial<\/title>\n<meta name=\"description\" content=\"La cooperaci\u00f3n internacional para el desarrollo son actividades que dan m\u00e9todos y oportunidades de crecimiento a personas y territorios en situaci\u00f3n de vulnerabilidad.\" \/>\n<meta name=\"robots\" content=\"index, follow, max-snippet:-1, max-image-preview:large, max-video-preview:-1\" \/>\n<link rel=\"canonical\" href=\"https:\/\/www.ferrovial.com\/es\/recursos\/cooperacion-internacional\/\" \/>\n<meta property=\"og:locale\" content=\"es_ES\" \/>\n<meta property=\"og:type\" content=\"article\" \/>\n<meta property=\"og:title\" content=\"Qu\u00e9 es la cooperaci\u00f3n internacional para el desarrollo - Ferrovial\" \/>\n<meta property=\"og:description\" content=\"La cooperaci\u00f3n internacional para el desarrollo son actividades que dan m\u00e9todos y oportunidades de crecimiento a personas y territorios en situaci\u00f3n de vulnerabilidad.\" \/>\n<meta property=\"og:url\" content=\"https:\/\/www.ferrovial.com\/es\/recursos\/cooperacion-internacional\/\" \/>\n<meta property=\"og:site_name\" content=\"Ferrovial\" \/>\n<meta property=\"article:publisher\" content=\"https:\/\/www.facebook.com\/ferrovial\" \/>\n<meta property=\"article:modified_time\" content=\"2025-04-07T14:52:36+00:00\" \/>\n<meta name=\"twitter:card\" content=\"summary_large_image\" \/>\n<meta name=\"twitter:site\" content=\"@ferrovial\" \/>\n<meta name=\"twitter:label1\" content=\"Est. reading time\" \/>\n\t<meta name=\"twitter:data1\" content=\"4 minutos\" \/>\n<!-- \/ Yoast SEO plugin. -->","yoast_head_json":{"title":"Qu\u00e9 es la cooperaci\u00f3n internacional para el desarrollo - Ferrovial","description":"La cooperaci\u00f3n internacional para el desarrollo son actividades que dan m\u00e9todos y oportunidades de crecimiento a personas y territorios en situaci\u00f3n de vulnerabilidad.","robots":{"index":"index","follow":"follow","max-snippet":"max-snippet:-1","max-image-preview":"max-image-preview:large","max-video-preview":"max-video-preview:-1"},"canonical":"https:\/\/www.ferrovial.com\/es\/recursos\/cooperacion-internacional\/","og_locale":"es_ES","og_type":"article","og_title":"Qu\u00e9 es la cooperaci\u00f3n internacional para el desarrollo - Ferrovial","og_description":"La cooperaci\u00f3n internacional para el desarrollo son actividades que dan m\u00e9todos y oportunidades de crecimiento a personas y territorios en situaci\u00f3n de vulnerabilidad.","og_url":"https:\/\/www.ferrovial.com\/es\/recursos\/cooperacion-internacional\/","og_site_name":"Ferrovial","article_publisher":"https:\/\/www.facebook.com\/ferrovial","article_modified_time":"2025-04-07T14:52:36+00:00","twitter_card":"summary_large_image","twitter_site":"@ferrovial","twitter_misc":{"Est. reading time":"4 minutos"},"schema":{"@context":"https:\/\/schema.org","@graph":[{"@type":"WebPage","@id":"https:\/\/www.ferrovial.com\/es\/recursos\/cooperacion-internacional\/","url":"https:\/\/www.ferrovial.com\/es\/recursos\/cooperacion-internacional\/","name":"Qu\u00e9 es la cooperaci\u00f3n internacional para el desarrollo - Ferrovial","isPartOf":{"@id":"https:\/\/www.ferrovial.com\/es\/#website"},"datePublished":"2021-10-18T14:07:45+00:00","dateModified":"2025-04-07T14:52:36+00:00","description":"La cooperaci\u00f3n internacional para el desarrollo son actividades que dan m\u00e9todos y oportunidades de crecimiento a personas y territorios en situaci\u00f3n de vulnerabilidad.","breadcrumb":{"@id":"https:\/\/www.ferrovial.com\/es\/recursos\/cooperacion-internacional\/#breadcrumb"},"inLanguage":"es","potentialAction":[{"@type":"ReadAction","target":["https:\/\/www.ferrovial.com\/es\/recursos\/cooperacion-internacional\/"]}]},{"@type":"BreadcrumbList","@id":"https:\/\/www.ferrovial.com\/es\/recursos\/cooperacion-internacional\/#breadcrumb","itemListElement":[{"@type":"ListItem","position":1,"name":"Portada","item":"https:\/\/www.ferrovial.com\/es\/"},{"@type":"ListItem","position":2,"name":"Recursos","item":"https:\/\/www.ferrovial.com\/es\/recursos\/"},{"@type":"ListItem","position":3,"name":"Cooperaci\u00f3n internacional"}]},{"@type":"WebSite","@id":"https:\/\/www.ferrovial.com\/es\/#website","url":"https:\/\/www.ferrovial.com\/es\/","name":"Ferrovial","description":"Welcome to the Ferrovial&#039;s website, global operator of sustainable infrastructure. Here you can find all the information about the company and subsidiaries.","publisher":{"@id":"https:\/\/www.ferrovial.com\/es\/#organization"},"potentialAction":[{"@type":"SearchAction","target":{"@type":"EntryPoint","urlTemplate":"https:\/\/www.ferrovial.com\/es\/?s={search_term_string}"},"query-input":{"@type":"PropertyValueSpecification","valueRequired":true,"valueName":"search_term_string"}}],"inLanguage":"es"},{"@type":"Organization","@id":"https:\/\/www.ferrovial.com\/es\/#organization","name":"Ferrovial S.A.","url":"https:\/\/www.ferrovial.com\/es\/","logo":{"@type":"ImageObject","inLanguage":"es","@id":"https:\/\/www.ferrovial.com\/es\/#\/schema\/logo\/image\/","url":"https:\/\/static.ferrovial.com\/wp-content\/uploads\/2020\/01\/13124948\/logo-ferrovial-cf7.png","contentUrl":"https:\/\/static.ferrovial.com\/wp-content\/uploads\/2020\/01\/13124948\/logo-ferrovial-cf7.png","width":144,"height":32,"caption":"Ferrovial S.A."},"image":{"@id":"https:\/\/www.ferrovial.com\/es\/#\/schema\/logo\/image\/"},"sameAs":["https:\/\/www.facebook.com\/ferrovial","https:\/\/x.com\/ferrovial","https:\/\/www.instagram.com\/ferrovial\/","https:\/\/www.linkedin.com\/company\/ferrovial","https:\/\/www.pinterest.es\/ferrovial\/","https:\/\/www.youtube.com\/ferrovial","https:\/\/en.wikipedia.org\/wiki\/Ferrovial"]}]}},"_links":{"self":[{"href":"https:\/\/www.ferrovial.com\/es\/wp-json\/wp\/v2\/pages\/204093","targetHints":{"allow":["GET"]}}],"collection":[{"href":"https:\/\/www.ferrovial.com\/es\/wp-json\/wp\/v2\/pages"}],"about":[{"href":"https:\/\/www.ferrovial.com\/es\/wp-json\/wp\/v2\/types\/page"}],"replies":[{"embeddable":true,"href":"https:\/\/www.ferrovial.com\/es\/wp-json\/wp\/v2\/comments?post=204093"}],"version-history":[{"count":2,"href":"https:\/\/www.ferrovial.com\/es\/wp-json\/wp\/v2\/pages\/204093\/revisions"}],"predecessor-version":[{"id":303094,"href":"https:\/\/www.ferrovial.com\/es\/wp-json\/wp\/v2\/pages\/204093\/revisions\/303094"}],"up":[{"embeddable":true,"href":"https:\/\/www.ferrovial.com\/es\/wp-json\/wp\/v2\/pages\/25267"}],"wp:attachment":[{"href":"https:\/\/www.ferrovial.com\/es\/wp-json\/wp\/v2\/media?parent=204093"}],"curies":[{"name":"wp","href":"https:\/\/api.w.org\/{rel}","templated":true}]}}