{"id":204157,"date":"2021-10-20T10:43:48","date_gmt":"2021-10-20T08:43:48","guid":{"rendered":"https:\/\/www.ferrovial.com\/?page_id=204157"},"modified":"2024-02-23T13:38:11","modified_gmt":"2024-02-23T12:38:11","slug":"que-es-equipaje","status":"publish","type":"page","link":"https:\/\/www.ferrovial.com\/es\/recursos\/que-es-equipaje\/","title":{"rendered":"Equipaje"},"content":{"rendered":"    <m-final-content-header >\n            <c-breadcrumb label-text=\"Breadcrumb\" slot=\"breadcrumbs\" type='2' align='left' wrap='wrapped wrapped' aria-label='Vienes de Recursos'>\n                        <ol>\n\n                                                            <li><a href=\"https:\/\/www.ferrovial.com\/es\/\" title=\"Ferrovial\">Ferrovial<\/a><\/li>\n                                                                        <li><a href=\"https:\/\/www.ferrovial.com\/es\/recursos\/\" title=\"Recursos\">Recursos<\/a><\/li>\n                                    \n                <\/ol>\n\n                <\/c-breadcrumb>\n    \n        <div slot=\"header\">\n            <h1>\n                Equipaje            <\/h1>\n                    <\/div>\n    <\/m-final-content-header>\n\n    \n\n\n<p><script type=\"application\/ld+json\">\n{\n  \"@context\": \"https:\/\/schema.org\",\n  \"@type\": \"FAQPage\",\n  \"mainEntity\": [{\n    \"@type\": \"Question\",\n    \"name\": \"\u00bfQu\u00e9 es equipaje?\",\n    \"acceptedAnswer\": {\n      \"@type\": \"Answer\",\n      \"text\": \"El equipaje es, en definici\u00f3n, algo tan amplio como \u00abel conjunto de cosas que se llevan en los viajes\u00bb. Se trata de un concepto \u2014como el de viaje, al que va asociado\u2014 que ha evolucionado a lo largo del tiempo.\"\n    }\n  },{\n    \"@type\": \"Question\",\n    \"name\": \"\u00bfCu\u00e1ndo se invent\u00f3 la maleta?\",\n    \"acceptedAnswer\": {\n      \"@type\": \"Answer\",\n      \"text\": \"Los primeros equipajes se trasladaban en ba\u00fales o arcas, y esto continu\u00f3 as\u00ed durante siglos. No fue hasta el siglo XIX que se produjo la invenci\u00f3n de la maleta como tal, cuando comenzaron a aparecer bolsas y maletas similares a las que conocemos hoy en d\u00eda.\"\n    }\n  },{\n    \"@type\": \"Question\",\n    \"name\": \"\u00bfQu\u00e9 es un sistema de organizaci\u00f3n de equipaje?\",\n    \"acceptedAnswer\": {\n      \"@type\": \"Answer\",\n      \"text\": \"Las terminales de aeropuerto actuales desarrollan sistemas de organizaci\u00f3n de equipaje para gestionar el proceso de traslado y control de la ingente cantidad de equipaje que pasa por sus instalaciones a diario.\"\n    }\n  },{\n    \"@type\": \"Question\",\n    \"name\": \"\u00bfQu\u00e9 referente existe a nivel mundial en sistemas de organizaci\u00f3n y tratamiento de equipaje?\",\n    \"acceptedAnswer\": {\n      \"@type\": \"Answer\",\n      \"text\": \"El sistema integrado de tratamiento de equipaje del aeropuerto de Heathrow es uno de los mayores referentes a nivel mundial en gesti\u00f3n de equipajes aeroportuarios.\"\n    }\n  }]\n}\n<\/script><\/p>\n\n\n\n<m-wysiwig class=\"wp-block-components-wysiwyg\"><div slot=\"maincontent\">\n<h2 class=\"wp-block-heading\">\u00bfQu\u00e9 es equipaje?<\/h2>\n\n\n\n<p>El equipaje es, en definici\u00f3n, algo tan amplio como \u00abel conjunto de cosas que se llevan en los viajes\u00bb. Se trata de un concepto \u2014como el de viaje, al que va asociado\u2014 que ha evolucionado a lo largo del tiempo. Desde la impedimenta que llevaban las tropas romanas en sus desplazamientos hasta el equipaje de mano que portamos en la actualidad, hay un amplio espectro que ha ido variando seg\u00fan la \u00e9poca, pero que mantiene su relaci\u00f3n directa con el concepto de viaje y las necesidades que surgen durante el mismo.<\/p>\n\n\n\n<h2 class=\"wp-block-heading\">Medios de transporte y equipaje<\/h2>\n\n\n\n<p>El desarrollo de los medios de transporte a lo largo de la historia ampli\u00f3 las posibilidades de viajar, tanto por necesidad como por placer. El desarrollo del transporte mar\u00edtimo hizo posible, por ejemplo, la emigraci\u00f3n de los muchos europeos que llegaron a EE. UU. en el siglo XVIII.<\/p>\n\n\n\n<p>En cuanto al transporte terrestre, desde las diligencias hasta el ferrocarril y, m\u00e1s adelante, el autom\u00f3vil, la evoluci\u00f3n de los primeros veh\u00edculos que permit\u00edan transportar equipaje supusieron un punto clave en el desarrollo del concepto de viaje y aumentaron las posibilidades respecto al equipaje que era posible trasladar.<\/p>\n\n\n\n<p>Por \u00faltimo, el desarrollo del transporte a\u00e9reo de masas ha supuesto la \u00faltima revoluci\u00f3n en el concepto de viaje, convirtiendo la posibilidad de viajar por placer en algo asequible y generalizado.<\/p>\n\n\n\n<h2 class=\"wp-block-heading\">\u00bfCu\u00e1ndo se invent\u00f3 la maleta?<\/h2>\n\n\n\n<p>Los primeros equipajes se trasladaban en ba\u00fales o arcas, y esto continu\u00f3 as\u00ed durante siglos. No fue hasta el siglo XIX que se produjo la invenci\u00f3n de la maleta como tal, cuando comenzaron a aparecer bolsas y maletas similares a las que conocemos hoy en d\u00eda. Inicialmente, se constru\u00edan con materiales como madera y cuero, que las convert\u00edan en objetos muy pesados. La mayor evoluci\u00f3n tuvo lugar entrado ya el siglo XX, cuando en 1970 el estadounidense Bernard Sadow patent\u00f3 la maleta con ruedas; aunque no ser\u00eda hasta a\u00f1os despu\u00e9s, en 1987, que el piloto Bob Plath cre\u00f3 la primera maleta con ruedas y asas extensibles, facilitando con ello el traslado del equipaje en aviones y otros medios de transporte.<\/p>\n\n\n\n<h2 class=\"wp-block-heading\">\u00bfQu\u00e9 es un sistema de organizaci\u00f3n de equipaje?<\/h2>\n\n\n\n<p>Las terminales de aeropuerto actuales desarrollan sistemas de organizaci\u00f3n de equipaje para gestionar el proceso de traslado y control de la ingente cantidad de equipaje que pasa por sus instalaciones a diario. Los mejores sistemas est\u00e1n dotados de un modelo de gesti\u00f3n integrada que acelera y agiliza los procesos de forma notable. El objetivo es minimizar el tiempo necesario para transportar las maletas de los pasajeros desde los puntos de facturaci\u00f3n hasta las bodegas de los aviones, manteniendo la trazabilidad y la seguridad en todo momento.<\/p>\n\n\n\n<h2 class=\"wp-block-heading\">\u00bfQu\u00e9 referente existe a nivel mundial en sistemas de organizaci\u00f3n y tratamiento de equipaje?<\/h2>\n\n\n\n<p>El sistema integrado de tratamiento de equipaje del aeropuerto de Heathrow es uno de los mayores referentes a nivel mundial en gesti\u00f3n de equipajes aeroportuarios. El proyecto fue llevado a cabo por Ferrovial Aeropuertos y dota a uno de los aeropuertos m\u00e1s activos del mundo de un sistema de gesti\u00f3n eficiente, \u00e1gil y seguro.<\/p>\n\n\n\n<figure class=\"wp-block-embed is-type-video is-provider-youtube wp-block-embed-youtube wp-embed-aspect-16-9 wp-has-aspect-ratio\"><div class=\"wp-block-embed__wrapper\">\n<iframe loading=\"lazy\" title=\"Ferrovial | Sistema de equipajes \/ Baggage system\" width=\"500\" height=\"281\" src=\"https:\/\/www.youtube.com\/embed\/b6OiSQ9iGa0?feature=oembed\" frameborder=\"0\" allow=\"accelerometer; autoplay; clipboard-write; encrypted-media; gyroscope; picture-in-picture; web-share\" referrerpolicy=\"strict-origin-when-cross-origin\" allowfullscreen><\/iframe>\n<\/div><\/figure>\n\n\n\n<p>La consecuci\u00f3n de este proyecto de vanguardia es el resultado del compromiso de Ferrovial con la innovaci\u00f3n que ha puesto el foco, adem\u00e1s, en garantizar la salud y la seguridad de los trabajadores y los usuarios de las infraestructuras que lo conforman. Se ha logrado mejorar la experiencia de miles de pasajeros que pasan por sus terminales a diario, sin que se registrara ni un solo incidente durante las m\u00e1s de un mill\u00f3n de horas requeridas para el desarrollo completo del proyecto.<\/p>\n\n\n\n<p>El proyecto ha recibido numerosos premios en el sector, incluido el<strong> <\/strong><a href=\"https:\/\/newsroom.ferrovial.com\/es\/noticias\/los-aeropuertos-de-londres-heathrow-y-glasgow-reconocidos-con-el-premio-al-mejor-aeropuerto-de-europa\/\">premio Eco-Innovation 2015<\/a>, presentado por ACI Europe, o los premios World&#8217;s Best Airport Terminal 2019 y Best Terminal in Western Europe 2019, presentados por <a href=\"https:\/\/newsroom.ferrovial.com\/es\/noticias\/los-aeropuertos-de-heathrow-y-denver-galardonados-en-los-skytrax-world-airport-awards\/\">Skytrax<\/a>.<\/p>\n\n\n\n<h2 class=\"wp-block-heading\">Aspectos curiosos sobre equipajes<\/h2>\n\n\n\n<ul class=\"wp-block-list\">\n<li>Los antepasados de las actuales maletas no solo serv\u00edan para trasladar ropa o enseres, sino que a menudo ten\u00edan tambi\u00e9n otras funciones m\u00e1s utilitarias, como la <strong>maleta-cama,<\/strong> encargada por Savorgnan de Brazza para un viaje a \u00c1frica, o la <strong>maleta-secreter,<\/strong> realizada para el director de orquesta Leopold Stokowski.<\/li>\n\n\n\n<li><strong>El sistema integrado de gesti\u00f3n de equipajes de Heathrow<\/strong> conforma una peque\u00f1a ciudad bajo tierra con t\u00faneles, calles e incluso se\u00f1ales de circulaci\u00f3n que garantiza que los equipajes que se gestionan lleguen eficientemente a su lugar de destino.<\/li>\n<\/ul>\n\n\n\n<p>En Heathrow, m\u00e1s de 48 kil\u00f3metros de cintas transportadoras procesan simult\u00e1neamente hasta<strong> 7.200 maletas por hora<\/strong> que se desplazan entre las terminales a velocidades de hasta <strong>700 metros por minuto<\/strong>. Este nuevo concepto de gesti\u00f3n de equipaje ha aumentado la eficiencia en el Aeropuerto de Heathrow,<strong> reduciendo en un 22% los incidentes de p\u00e9rdida o retraso de equipaje<\/strong>. Tambi\u00e9n ha mejorado las condiciones de trabajo de los empleados que ahora levantan <strong>12 millones menos de maletas al a\u00f1o<\/strong>.<\/p>\n<\/div><\/m-wysiwig>\n\n\n    <m-projects-distributor2 :translations='{\n        &quot;prev&quot;:&quot;Anterior&quot;,\n        &quot;next&quot;:&quot;Siguiente&quot;,\n        &quot;paginationseparator&quot;:&quot;de&quot;\n    }'>\n                        <h2 slot=\"title\">\n                Nuestros proyectos destacados                <\/h2>\n                        <a slot='button' title='Conoce nuestros proyectos ' href='https:\/\/www.ferrovial.com\/es\/cintra\/proyectos\/'>\n            Conoce nuestros proyectos         <\/a>\n\n            <\/m-projects-distributor2>\n\n    ","protected":false},"excerpt":{"rendered":"","protected":false},"featured_media":0,"parent":25267,"menu_order":0,"comment_status":"closed","ping_status":"closed","template":"","meta":{"_acf_changed":false,"footnotes":""},"class_list":["post-204157","page","type-page","status-publish","hentry"],"acf":[],"yoast_head":"<!-- This site is optimized with the Yoast SEO plugin v27.2 - https:\/\/yoast.com\/product\/yoast-seo-wordpress\/ -->\n<title>Equipaje, qu\u00e9 es y c\u00f3mo es un sistema de organizaci\u00f3n - Ferrovial<\/title>\n<meta name=\"description\" content=\"Los primeros equipajes se trasladaban en ba\u00fales o arcas, y esto continu\u00f3 as\u00ed durante siglos. No fue hasta el siglo XIX que se produjo la invenci\u00f3n de la maleta.\" \/>\n<meta name=\"robots\" content=\"index, follow, max-snippet:-1, max-image-preview:large, max-video-preview:-1\" \/>\n<link rel=\"canonical\" href=\"https:\/\/www.ferrovial.com\/es\/recursos\/que-es-equipaje\/\" \/>\n<meta property=\"og:locale\" content=\"es_ES\" \/>\n<meta property=\"og:type\" content=\"article\" \/>\n<meta property=\"og:title\" content=\"Equipaje, qu\u00e9 es y c\u00f3mo es un sistema de organizaci\u00f3n - Ferrovial\" \/>\n<meta property=\"og:description\" content=\"Los primeros equipajes se trasladaban en ba\u00fales o arcas, y esto continu\u00f3 as\u00ed durante siglos. No fue hasta el siglo XIX que se produjo la invenci\u00f3n de la maleta.\" \/>\n<meta property=\"og:url\" content=\"https:\/\/www.ferrovial.com\/es\/recursos\/que-es-equipaje\/\" \/>\n<meta property=\"og:site_name\" content=\"Ferrovial\" \/>\n<meta property=\"article:publisher\" content=\"https:\/\/www.facebook.com\/ferrovial\" \/>\n<meta property=\"article:modified_time\" content=\"2024-02-23T12:38:11+00:00\" \/>\n<meta name=\"twitter:card\" content=\"summary_large_image\" \/>\n<meta name=\"twitter:site\" content=\"@ferrovial\" \/>\n<meta name=\"twitter:label1\" content=\"Est. reading time\" \/>\n\t<meta name=\"twitter:data1\" content=\"4 minutos\" \/>\n<!-- \/ Yoast SEO plugin. -->","yoast_head_json":{"title":"Equipaje, qu\u00e9 es y c\u00f3mo es un sistema de organizaci\u00f3n - Ferrovial","description":"Los primeros equipajes se trasladaban en ba\u00fales o arcas, y esto continu\u00f3 as\u00ed durante siglos. No fue hasta el siglo XIX que se produjo la invenci\u00f3n de la maleta.","robots":{"index":"index","follow":"follow","max-snippet":"max-snippet:-1","max-image-preview":"max-image-preview:large","max-video-preview":"max-video-preview:-1"},"canonical":"https:\/\/www.ferrovial.com\/es\/recursos\/que-es-equipaje\/","og_locale":"es_ES","og_type":"article","og_title":"Equipaje, qu\u00e9 es y c\u00f3mo es un sistema de organizaci\u00f3n - Ferrovial","og_description":"Los primeros equipajes se trasladaban en ba\u00fales o arcas, y esto continu\u00f3 as\u00ed durante siglos. No fue hasta el siglo XIX que se produjo la invenci\u00f3n de la maleta.","og_url":"https:\/\/www.ferrovial.com\/es\/recursos\/que-es-equipaje\/","og_site_name":"Ferrovial","article_publisher":"https:\/\/www.facebook.com\/ferrovial","article_modified_time":"2024-02-23T12:38:11+00:00","twitter_card":"summary_large_image","twitter_site":"@ferrovial","twitter_misc":{"Est. reading time":"4 minutos"},"schema":{"@context":"https:\/\/schema.org","@graph":[{"@type":"WebPage","@id":"https:\/\/www.ferrovial.com\/es\/recursos\/que-es-equipaje\/","url":"https:\/\/www.ferrovial.com\/es\/recursos\/que-es-equipaje\/","name":"Equipaje, qu\u00e9 es y c\u00f3mo es un sistema de organizaci\u00f3n - Ferrovial","isPartOf":{"@id":"https:\/\/www.ferrovial.com\/es\/#website"},"datePublished":"2021-10-20T08:43:48+00:00","dateModified":"2024-02-23T12:38:11+00:00","description":"Los primeros equipajes se trasladaban en ba\u00fales o arcas, y esto continu\u00f3 as\u00ed durante siglos. No fue hasta el siglo XIX que se produjo la invenci\u00f3n de la maleta.","breadcrumb":{"@id":"https:\/\/www.ferrovial.com\/es\/recursos\/que-es-equipaje\/#breadcrumb"},"inLanguage":"es","potentialAction":[{"@type":"ReadAction","target":["https:\/\/www.ferrovial.com\/es\/recursos\/que-es-equipaje\/"]}]},{"@type":"BreadcrumbList","@id":"https:\/\/www.ferrovial.com\/es\/recursos\/que-es-equipaje\/#breadcrumb","itemListElement":[{"@type":"ListItem","position":1,"name":"Portada","item":"https:\/\/www.ferrovial.com\/es\/"},{"@type":"ListItem","position":2,"name":"Recursos","item":"https:\/\/www.ferrovial.com\/es\/recursos\/"},{"@type":"ListItem","position":3,"name":"Equipaje"}]},{"@type":"WebSite","@id":"https:\/\/www.ferrovial.com\/es\/#website","url":"https:\/\/www.ferrovial.com\/es\/","name":"Ferrovial","description":"Welcome to the Ferrovial&#039;s website, global operator of sustainable infrastructure. Here you can find all the information about the company and subsidiaries.","publisher":{"@id":"https:\/\/www.ferrovial.com\/es\/#organization"},"potentialAction":[{"@type":"SearchAction","target":{"@type":"EntryPoint","urlTemplate":"https:\/\/www.ferrovial.com\/es\/?s={search_term_string}"},"query-input":{"@type":"PropertyValueSpecification","valueRequired":true,"valueName":"search_term_string"}}],"inLanguage":"es"},{"@type":"Organization","@id":"https:\/\/www.ferrovial.com\/es\/#organization","name":"Ferrovial S.A.","url":"https:\/\/www.ferrovial.com\/es\/","logo":{"@type":"ImageObject","inLanguage":"es","@id":"https:\/\/www.ferrovial.com\/es\/#\/schema\/logo\/image\/","url":"https:\/\/static.ferrovial.com\/wp-content\/uploads\/2020\/01\/13124948\/logo-ferrovial-cf7.png","contentUrl":"https:\/\/static.ferrovial.com\/wp-content\/uploads\/2020\/01\/13124948\/logo-ferrovial-cf7.png","width":144,"height":32,"caption":"Ferrovial S.A."},"image":{"@id":"https:\/\/www.ferrovial.com\/es\/#\/schema\/logo\/image\/"},"sameAs":["https:\/\/www.facebook.com\/ferrovial","https:\/\/x.com\/ferrovial","https:\/\/www.instagram.com\/ferrovial\/","https:\/\/www.linkedin.com\/company\/ferrovial","https:\/\/www.pinterest.es\/ferrovial\/","https:\/\/www.youtube.com\/ferrovial","https:\/\/en.wikipedia.org\/wiki\/Ferrovial"]}]}},"_links":{"self":[{"href":"https:\/\/www.ferrovial.com\/es\/wp-json\/wp\/v2\/pages\/204157","targetHints":{"allow":["GET"]}}],"collection":[{"href":"https:\/\/www.ferrovial.com\/es\/wp-json\/wp\/v2\/pages"}],"about":[{"href":"https:\/\/www.ferrovial.com\/es\/wp-json\/wp\/v2\/types\/page"}],"replies":[{"embeddable":true,"href":"https:\/\/www.ferrovial.com\/es\/wp-json\/wp\/v2\/comments?post=204157"}],"version-history":[{"count":3,"href":"https:\/\/www.ferrovial.com\/es\/wp-json\/wp\/v2\/pages\/204157\/revisions"}],"predecessor-version":[{"id":276061,"href":"https:\/\/www.ferrovial.com\/es\/wp-json\/wp\/v2\/pages\/204157\/revisions\/276061"}],"up":[{"embeddable":true,"href":"https:\/\/www.ferrovial.com\/es\/wp-json\/wp\/v2\/pages\/25267"}],"wp:attachment":[{"href":"https:\/\/www.ferrovial.com\/es\/wp-json\/wp\/v2\/media?parent=204157"}],"curies":[{"name":"wp","href":"https:\/\/api.w.org\/{rel}","templated":true}]}}