{"id":204232,"date":"2021-10-20T13:10:09","date_gmt":"2021-10-20T11:10:09","guid":{"rendered":"https:\/\/www.ferrovial.com\/?page_id=204232"},"modified":"2024-09-16T21:51:41","modified_gmt":"2024-09-16T19:51:41","slug":"estacion-de-tren","status":"publish","type":"page","link":"https:\/\/www.ferrovial.com\/es\/recursos\/estacion-de-tren\/","title":{"rendered":"Estaci\u00f3n de tren"},"content":{"rendered":"    <m-final-content-header >\n            <c-breadcrumb label-text=\"Breadcrumb\" slot=\"breadcrumbs\" type='2' align='left' wrap='wrapped wrapped' aria-label='Vienes de Recursos'>\n                        <ol>\n\n                                                            <li><a href=\"https:\/\/www.ferrovial.com\/es\/\" title=\"Ferrovial\">Ferrovial<\/a><\/li>\n                                                                        <li><a href=\"https:\/\/www.ferrovial.com\/es\/recursos\/\" title=\"Recursos\">Recursos<\/a><\/li>\n                                    \n                <\/ol>\n\n                <\/c-breadcrumb>\n    \n        <div slot=\"header\">\n            <h1>\n                Estaci\u00f3n de Tren            <\/h1>\n                    <\/div>\n    <\/m-final-content-header>\n\n    \n\n\n<p><script type=\"application\/ld+json\">\n{\n  \"@context\": \"https:\/\/schema.org\",\n  \"@type\": \"FAQPage\",\n  \"mainEntity\": [{\n    \"@type\": \"Question\",\n    \"name\": \"\u00bfQu\u00e9 es una estaci\u00f3n de tren?\",\n    \"acceptedAnswer\": {\n      \"@type\": \"Answer\",\n      \"text\": \"Se conoce como estaci\u00f3n de tren el lugar al cual llegan los trenes y desde el cual embarcan o desembarcan de ellos los pasajeros para dirigirse a un lugar determinado.\"\n    }\n  },{\n    \"@type\": \"Question\",\n    \"name\": \"\u00bfC\u00f3mo es una estaci\u00f3n de tren?\",\n    \"acceptedAnswer\": {\n      \"@type\": \"Answer\",\n      \"text\": \"La mayor\u00eda de las estaciones de tren se encuentran ubicadas en edificios especiales de obra p\u00fablica que garantizan diversas facilidades a los viajeros, como andenes para abordar, m\u00e1quinas expendedoras de boletos y lugares de espera, en el caso de las m\u00e1s sencillas\"\n    }\n  },{\n    \"@type\": \"Question\",\n    \"name\": \"\u00bfCu\u00e1les son los referentes m\u00e1s destacados en cuanto a estaciones de tren en Espa\u00f1a?\",\n    \"acceptedAnswer\": {\n      \"@type\": \"Answer\",\n      \"text\": \"En cuanto a la construcci\u00f3n de v\u00edas de tren, una de las compa\u00f1\u00edas que m\u00e1s ha contribuido al desarrollo del parque ferroviario del pa\u00eds ha sido Ferrovial, con un total de 4.600 kil\u00f3metros de v\u00edas f\u00e9rreas desde 1952\"\n    }\n  },{\n    \"@type\": \"Question\",\n    \"name\": \"\u00bfCu\u00e1les son las mejores estaciones de tren de Europa?\",\n    \"acceptedAnswer\": {\n      \"@type\": \"Answer\",\n      \"text\": \"En 2020, El Consumer Choice Center observ\u00f3 las 50 estaciones m\u00e1s grandes de Europa para elaborar un ranking seg\u00fan un \u00edndice de la experiencia general de los pasajeros.\"\n    }\n  },{\n    \"@type\": \"Question\",\n    \"name\": \"\u00bfCu\u00e1les son las estaciones de tren contempor\u00e1neas m\u00e1s espectaculares del mundo?\",\n    \"acceptedAnswer\": {\n      \"@type\": \"Answer\",\n      \"text\": \"Existen estaciones de estilo cl\u00e1sico que son muy impresionantes, como la Union Station, de Washington; la Gare du Nord, de Par\u00eds; o la estaci\u00f3n de Kualalumpur, en Malasia;\"\n    }\n  }]\n}\n<\/script><\/p>\n\n\n\n<m-wysiwig class=\"wp-block-components-wysiwyg\"><div slot=\"maincontent\">\n<h2 class=\"wp-block-heading\">\u00bfQu\u00e9 es una estaci\u00f3n de tren?<\/h2>\n\n\n\n<p>Se conoce como estaci\u00f3n de tren el <strong>lugar al cual llegan los trenes y desde el cual embarcan o desembarcan de ellos los pasajeros para dirigirse a un lugar determinado.<\/strong> En este espacio, los viajeros pueden consultar diferentes mapas y rutas alternas para orientarse durante su viaje, as\u00ed como comprar billetes hacia su destino.<\/p>\n\n\n\n<p>Las estaciones de tren son fundamentales en la infraestructura de transporte, y han marcado un hito en su desarrollo a partir de la Revoluci\u00f3n Industrial. Las primeras estaciones se construyeron a inicios del siglo XIX en Reino Unido. Una de las m\u00e1s famosas fue la estaci\u00f3n Lime Street, perteneciente al ferrocarril Manchester-Liverpool, inaugurada el 15 de septiembre de 1830.<\/p>\n\n\n\n<h2 class=\"wp-block-heading\">\u00bfC\u00f3mo es una estaci\u00f3n de tren?<\/h2>\n\n\n\n<p><strong>La mayor\u00eda de las estaciones de tren se encuentran ubicadas en edificios especiales de obra p\u00fablica que garantizan diversas facilidades a los viajeros<\/strong>, como andenes para abordar, m\u00e1quinas expendedoras de boletos y lugares de espera, en el caso de las m\u00e1s sencillas<\/p>\n\n\n\n<p>En algunas ciudades es posible encontrar estaciones m\u00e1s grandes, que incluyen salas de espera, tiendas o restaurantes. Sin embargo, sin importar el tama\u00f1o de la estaci\u00f3n, debe encontrarse a una distancia m\u00ednima de un kil\u00f3metro de la siguiente a fin de evitar accidentes.<\/p>\n\n\n\n<p>Por lo general, el estilo arquitect\u00f3nico de las estaciones de tren var\u00eda seg\u00fan el periodo hist\u00f3rico en que se construye, el pa\u00eds en el cual se encuentra y el contexto urban\u00edstico y arquitect\u00f3nico que la rodean. Por ejemplo, la estaci\u00f3n St. Pancras, de Londres, se caracteriza por su fachada neog\u00f3tica, mientras que la emblem\u00e1tica Gare du Nord, en Par\u00eds, ostenta un estilo cl\u00e1sico con clara influencia romana.<\/p>\n\n\n\n<p>La distribuci\u00f3n del espacio y los servicios en sus instalaciones var\u00edan seg\u00fan las \u00e9pocas. Por ejemplo, en la Terminal Gran Central en Nueva York, se aprecia una estructura amplia y funcional, propia de las grandes ciudades del siglo XX. Sin embargo, otras estaciones famosas, como la estaci\u00f3n Hua Hin en Tailandia, que anteriormente perteneci\u00f3 al palacio real de Sanam Chan, son el resultado de un proceso de adaptaci\u00f3n a los nuevos tiempos.<\/p>\n\n\n\n<h2 class=\"wp-block-heading\">\u00bfCu\u00e1les son los referentes m\u00e1s destacados en cuanto a estaciones de tren en Espa\u00f1a?<\/h2>\n\n\n\n<p>Seg\u00fan la Red Ferroviaria de Inter\u00e9s General, Espa\u00f1a cuenta con una red ferroviaria de aproximadamente 15.519 kil\u00f3metros, adem\u00e1s de 1.415 kil\u00f3metros destinados a las estaciones de viajeros y 232 para instalaciones log\u00edsticas. Seg\u00fan el informe publicado en 2019 por el Observatorio del Ferrocarril en Espa\u00f1a, la circulaci\u00f3n anual de trenes hasta la fecha era de 1.825.000 trenes para viajeros anuales, con una media de m\u00e1s de 500 millones de usuarios al a\u00f1o.&nbsp;<\/p>\n\n\n\n<p>En cuanto a la construcci\u00f3n de v\u00edas de tren, una de las compa\u00f1\u00edas que m\u00e1s ha contribuido al desarrollo del parque ferroviario del pa\u00eds ha sido Ferrovial, con un total de 4.600 kil\u00f3metros de v\u00edas f\u00e9rreas desde 1952, as\u00ed como el acondicionamiento de diversas estaciones para mayor comodidad de los usuarios.<\/p>\n\n\n\n<p>Las principales estaciones espa\u00f1olas son:<\/p>\n\n\n\n<ul class=\"wp-block-list\">\n<li><strong>Madrid, Puerta de Atocha:<\/strong> recibe un aproximado de 88 millones de personas al a\u00f1o. Cuenta con centro comercial en sus instalaciones y es el lugar de salida hacia los destinos m\u00e1s importantes del pa\u00eds.<\/li>\n\n\n\n<li><strong>Sevilla, Santa Justa: <\/strong>es el punto de enlace hacia Barcelona y Valencia, y recibe aproximadamente a 8 millones de pasajeros. Fue la primera estaci\u00f3n con una l\u00ednea de alta velocidad.<\/li>\n\n\n\n<li><strong>Barcelona-Sants:<\/strong> despu\u00e9s de la estaci\u00f3n de Atocha, es la que recibe el mayor n\u00famero de usuarios. Tambi\u00e9n comparte una conexi\u00f3n ferroviaria con Francia y es un destino de paso para m\u00e1s de 30 millones de usuarios anuales.<\/li>\n\n\n\n<li><strong>M\u00e1laga-Mar\u00eda Zambrano:<\/strong> es la segunda estaci\u00f3n m\u00e1s transitada de Andaluc\u00eda y anualmente recibe hasta 5 millones de usuarios. Desde ella es posible tomar trenes de largo recorrido o utilizar la l\u00ednea de Media distancia de Renfe.\u00a0<\/li>\n\n\n\n<li><strong>Zaragoza-Delicias:<\/strong> adem\u00e1s de ser un punto de conexi\u00f3n importante hacia la zona de Huesca, Barcelona o Madrid, tambi\u00e9n se le considera un hito arquitect\u00f3nico e incluso ha recibido diversas distinciones en este \u00e1mbito.<\/li>\n\n\n\n<li><strong>Valencia-Estaci\u00f3n del Norte:<\/strong> ha sido catalogada como Bien de Inter\u00e9s Hist\u00f3rico, lo que a\u00f1ade un valor tur\u00edstico, adem\u00e1s de su funcionalidad.<\/li>\n<\/ul>\n\n\n\n<h2 class=\"wp-block-heading\">\u00bfCu\u00e1les son las mejores estaciones de tren de Europa?<\/h2>\n\n\n\n<p>En 2020, El Consumer Choice Center observ\u00f3 las 50 estaciones m\u00e1s grandes de Europa para elaborar un ranking seg\u00fan un \u00edndice de la experiencia general de los pasajeros. El puntaje m\u00e1ximo es de 139 puntos, y eval\u00faa aspectos como: cantidad de conexiones, accesibilidad, limpieza, conglomeraci\u00f3n en las plataformas, se\u00f1alizaci\u00f3n, n\u00famero de conexiones internacionales, promedio de d\u00edas de huelga, etc.).<\/p>\n\n\n\n<figure class=\"wp-block-image size-full is-resized\"><img v-lazy=\"'https:\/\/static.ferrovial.com\/wp-content\/uploads\/2021\/10\/20131416\/tabla-estaciones.png'\" alt=\"\" class=\"wp-image-204233\" style=\"width:622px;height:512px\"\/><\/figure>\n\n\n\n<h2 class=\"wp-block-heading\">\u00bfCu\u00e1les son las estaciones de tren contempor\u00e1neas m\u00e1s espectaculares del mundo?<\/h2>\n\n\n\n<p>Existen estaciones de estilo cl\u00e1sico que son muy impresionantes, como la Union Station, de Washington; la Gare du Nord, de Par\u00eds; o la estaci\u00f3n de Kualalumpur, en Malasia; pero entre las que han sido reformadas recientemente y tienen un aspecto m\u00e1s futurista, destacan:<\/p>\n\n\n\n<ul class=\"wp-block-list\">\n<li>World Trade Center Transportation Hub, en Nueva York, Estados Unidos, dise\u00f1ada por Calatrava, inaugurada en 2016.<\/li>\n\n\n\n<li>Kanazawa Station, en Ishikawa, Jap\u00f3n, construida en 1898, pero actualizada en 2005, conjugando tradici\u00f3n con innovaci\u00f3n.<\/li>\n\n\n\n<li>Li\u00e8ge-Guillemins, en Li\u00e9ge, B\u00e9lgica, tambi\u00e9n dise\u00f1ada por Calatrava, y completada en 2009.<\/li>\n\n\n\n<li>King\u2019s Cross, en Londres, inaugurada en 1852, y reestructurada para las olimpiadas de 2012.<\/li>\n\n\n\n<li>Hungerburg Station, en Innsbruck, Austria, alberga un h\u00edbrido entre tren y funicular.<\/li>\n<\/ul>\n\n\n\n<h2 class=\"wp-block-heading\">Aspectos curiosos sobre las estaciones de tren<\/h2>\n\n\n\n<ul class=\"wp-block-list\">\n<li>La estaci\u00f3n de tren m\u00e1s transitada de Espa\u00f1a es la Madrid Atocha, con un aproximado de 116.6 millones de usuarios en 2017. Es, a su vez, la novena estaci\u00f3n de tren m\u00e1s transitada de Europa.<\/li>\n\n\n\n<li>Adem\u00e1s de ser parte del escenario central de Harry Potter, la estaci\u00f3n Kings Cross, en Londres, es famosa por una leyenda urbana que la sit\u00faa como el escenario de la batalla final entre la reina celta Boudica y los romanos.<\/li>\n\n\n\n<li>La Estaci\u00f3n Central de Praga adopt\u00f3 el nombre de Estaci\u00f3n Wilson durante el periodo de 1918 a 1939 en honor al presidente norteamericano Woodrow Wilson.<\/li>\n\n\n\n<li>En total, se han contabilizado 20.000 azulejos decorativos en azul y blanco en la estaci\u00f3n Porto de Sao Bento, en Portugal.<\/li>\n\n\n\n<li>El jard\u00edn tropical de la estaci\u00f3n Atocha tiene 4000 metros cuadrados, y est\u00e1 compuesto por m\u00e1s de 7000 plantas de 260 especies diferentes, provenientes de Am\u00e9rica, Asia y Australia.<\/li>\n<\/ul>\n<\/div><\/m-wysiwig>\n\n\n    <m-projects-distributor2 :translations='{\n        &quot;prev&quot;:&quot;Anterior&quot;,\n        &quot;next&quot;:&quot;Siguiente&quot;,\n        &quot;paginationseparator&quot;:&quot;de&quot;\n    }'>\n                        <h2 slot=\"title\">\n                Nuestros proyectos destacados                <\/h2>\n                        <a slot='button' title='Conoce nuestros proyectos ' href='https:\/\/www.ferrovial.com\/es\/cintra\/proyectos\/'>\n            Conoce nuestros proyectos         <\/a>\n\n            <\/m-projects-distributor2>\n\n    ","protected":false},"excerpt":{"rendered":"","protected":false},"featured_media":0,"parent":25267,"menu_order":0,"comment_status":"closed","ping_status":"closed","template":"","meta":{"_acf_changed":false,"footnotes":""},"class_list":["post-204232","page","type-page","status-publish","hentry"],"acf":[],"yoast_head":"<!-- This site is optimized with the Yoast SEO plugin v27.2 - https:\/\/yoast.com\/product\/yoast-seo-wordpress\/ -->\n<title>Estaciones de tren en Espa\u00f1a, Europa y el mundo - Ferrovial<\/title>\n<meta name=\"description\" content=\"Las estaciones de tren son fundamentales en la infraestructura de transporte, y han marcado un hito en su desarrollo a partir de la Revoluci\u00f3n Industrial.\" \/>\n<meta name=\"robots\" content=\"index, follow, max-snippet:-1, max-image-preview:large, max-video-preview:-1\" \/>\n<link rel=\"canonical\" href=\"https:\/\/www.ferrovial.com\/es\/recursos\/estacion-de-tren\/\" \/>\n<meta property=\"og:locale\" content=\"es_ES\" \/>\n<meta property=\"og:type\" content=\"article\" \/>\n<meta property=\"og:title\" content=\"Estaciones de tren en Espa\u00f1a, Europa y el mundo - Ferrovial\" \/>\n<meta property=\"og:description\" content=\"Las estaciones de tren son fundamentales en la infraestructura de transporte, y han marcado un hito en su desarrollo a partir de la Revoluci\u00f3n Industrial.\" \/>\n<meta property=\"og:url\" content=\"https:\/\/www.ferrovial.com\/es\/recursos\/estacion-de-tren\/\" \/>\n<meta property=\"og:site_name\" content=\"Ferrovial\" \/>\n<meta property=\"article:publisher\" content=\"https:\/\/www.facebook.com\/ferrovial\" \/>\n<meta property=\"article:modified_time\" content=\"2024-09-16T19:51:41+00:00\" \/>\n<meta property=\"og:image\" content=\"https:\/\/www.ferrovial.com\/wp-content\/uploads\/2021\/10\/tabla-estaciones.png\" \/>\n<meta name=\"twitter:card\" content=\"summary_large_image\" \/>\n<meta name=\"twitter:site\" content=\"@ferrovial\" \/>\n<meta name=\"twitter:label1\" content=\"Est. reading time\" \/>\n\t<meta name=\"twitter:data1\" content=\"5 minutos\" \/>\n<!-- \/ Yoast SEO plugin. -->","yoast_head_json":{"title":"Estaciones de tren en Espa\u00f1a, Europa y el mundo - Ferrovial","description":"Las estaciones de tren son fundamentales en la infraestructura de transporte, y han marcado un hito en su desarrollo a partir de la Revoluci\u00f3n Industrial.","robots":{"index":"index","follow":"follow","max-snippet":"max-snippet:-1","max-image-preview":"max-image-preview:large","max-video-preview":"max-video-preview:-1"},"canonical":"https:\/\/www.ferrovial.com\/es\/recursos\/estacion-de-tren\/","og_locale":"es_ES","og_type":"article","og_title":"Estaciones de tren en Espa\u00f1a, Europa y el mundo - Ferrovial","og_description":"Las estaciones de tren son fundamentales en la infraestructura de transporte, y han marcado un hito en su desarrollo a partir de la Revoluci\u00f3n Industrial.","og_url":"https:\/\/www.ferrovial.com\/es\/recursos\/estacion-de-tren\/","og_site_name":"Ferrovial","article_publisher":"https:\/\/www.facebook.com\/ferrovial","article_modified_time":"2024-09-16T19:51:41+00:00","og_image":[{"url":"https:\/\/www.ferrovial.com\/wp-content\/uploads\/2021\/10\/tabla-estaciones.png","type":"","width":"","height":""}],"twitter_card":"summary_large_image","twitter_site":"@ferrovial","twitter_misc":{"Est. reading time":"5 minutos"},"schema":{"@context":"https:\/\/schema.org","@graph":[{"@type":"WebPage","@id":"https:\/\/www.ferrovial.com\/es\/recursos\/estacion-de-tren\/","url":"https:\/\/www.ferrovial.com\/es\/recursos\/estacion-de-tren\/","name":"Estaciones de tren en Espa\u00f1a, Europa y el mundo - Ferrovial","isPartOf":{"@id":"https:\/\/www.ferrovial.com\/es\/#website"},"primaryImageOfPage":{"@id":"https:\/\/www.ferrovial.com\/es\/recursos\/estacion-de-tren\/#primaryimage"},"image":{"@id":"https:\/\/www.ferrovial.com\/es\/recursos\/estacion-de-tren\/#primaryimage"},"thumbnailUrl":"https:\/\/www.ferrovial.com\/wp-content\/uploads\/2021\/10\/tabla-estaciones.png","datePublished":"2021-10-20T11:10:09+00:00","dateModified":"2024-09-16T19:51:41+00:00","description":"Las estaciones de tren son fundamentales en la infraestructura de transporte, y han marcado un hito en su desarrollo a partir de la Revoluci\u00f3n Industrial.","breadcrumb":{"@id":"https:\/\/www.ferrovial.com\/es\/recursos\/estacion-de-tren\/#breadcrumb"},"inLanguage":"es","potentialAction":[{"@type":"ReadAction","target":["https:\/\/www.ferrovial.com\/es\/recursos\/estacion-de-tren\/"]}]},{"@type":"ImageObject","inLanguage":"es","@id":"https:\/\/www.ferrovial.com\/es\/recursos\/estacion-de-tren\/#primaryimage","url":"https:\/\/www.ferrovial.com\/wp-content\/uploads\/2021\/10\/tabla-estaciones.png","contentUrl":"https:\/\/www.ferrovial.com\/wp-content\/uploads\/2021\/10\/tabla-estaciones.png"},{"@type":"BreadcrumbList","@id":"https:\/\/www.ferrovial.com\/es\/recursos\/estacion-de-tren\/#breadcrumb","itemListElement":[{"@type":"ListItem","position":1,"name":"Portada","item":"https:\/\/www.ferrovial.com\/es\/"},{"@type":"ListItem","position":2,"name":"Recursos","item":"https:\/\/www.ferrovial.com\/es\/recursos\/"},{"@type":"ListItem","position":3,"name":"Estaci\u00f3n de tren"}]},{"@type":"WebSite","@id":"https:\/\/www.ferrovial.com\/es\/#website","url":"https:\/\/www.ferrovial.com\/es\/","name":"Ferrovial","description":"Welcome to the Ferrovial&#039;s website, global operator of sustainable infrastructure. Here you can find all the information about the company and subsidiaries.","publisher":{"@id":"https:\/\/www.ferrovial.com\/es\/#organization"},"potentialAction":[{"@type":"SearchAction","target":{"@type":"EntryPoint","urlTemplate":"https:\/\/www.ferrovial.com\/es\/?s={search_term_string}"},"query-input":{"@type":"PropertyValueSpecification","valueRequired":true,"valueName":"search_term_string"}}],"inLanguage":"es"},{"@type":"Organization","@id":"https:\/\/www.ferrovial.com\/es\/#organization","name":"Ferrovial S.A.","url":"https:\/\/www.ferrovial.com\/es\/","logo":{"@type":"ImageObject","inLanguage":"es","@id":"https:\/\/www.ferrovial.com\/es\/#\/schema\/logo\/image\/","url":"https:\/\/static.ferrovial.com\/wp-content\/uploads\/2020\/01\/13124948\/logo-ferrovial-cf7.png","contentUrl":"https:\/\/static.ferrovial.com\/wp-content\/uploads\/2020\/01\/13124948\/logo-ferrovial-cf7.png","width":144,"height":32,"caption":"Ferrovial S.A."},"image":{"@id":"https:\/\/www.ferrovial.com\/es\/#\/schema\/logo\/image\/"},"sameAs":["https:\/\/www.facebook.com\/ferrovial","https:\/\/x.com\/ferrovial","https:\/\/www.instagram.com\/ferrovial\/","https:\/\/www.linkedin.com\/company\/ferrovial","https:\/\/www.pinterest.es\/ferrovial\/","https:\/\/www.youtube.com\/ferrovial","https:\/\/en.wikipedia.org\/wiki\/Ferrovial"]}]}},"_links":{"self":[{"href":"https:\/\/www.ferrovial.com\/es\/wp-json\/wp\/v2\/pages\/204232","targetHints":{"allow":["GET"]}}],"collection":[{"href":"https:\/\/www.ferrovial.com\/es\/wp-json\/wp\/v2\/pages"}],"about":[{"href":"https:\/\/www.ferrovial.com\/es\/wp-json\/wp\/v2\/types\/page"}],"replies":[{"embeddable":true,"href":"https:\/\/www.ferrovial.com\/es\/wp-json\/wp\/v2\/comments?post=204232"}],"version-history":[{"count":3,"href":"https:\/\/www.ferrovial.com\/es\/wp-json\/wp\/v2\/pages\/204232\/revisions"}],"predecessor-version":[{"id":288258,"href":"https:\/\/www.ferrovial.com\/es\/wp-json\/wp\/v2\/pages\/204232\/revisions\/288258"}],"up":[{"embeddable":true,"href":"https:\/\/www.ferrovial.com\/es\/wp-json\/wp\/v2\/pages\/25267"}],"wp:attachment":[{"href":"https:\/\/www.ferrovial.com\/es\/wp-json\/wp\/v2\/media?parent=204232"}],"curies":[{"name":"wp","href":"https:\/\/api.w.org\/{rel}","templated":true}]}}