{"id":205128,"date":"2021-10-28T13:44:06","date_gmt":"2021-10-28T11:44:06","guid":{"rendered":"https:\/\/www.ferrovial.com\/?page_id=205128"},"modified":"2024-01-12T14:07:42","modified_gmt":"2024-01-12T13:07:42","slug":"cd-infraestructuras-energeticas-movilidad","status":"publish","type":"page","link":"https:\/\/www.ferrovial.com\/es\/compania\/sobre-nosotros\/comite-direccion\/cd-infraestructuras-energeticas-movilidad\/","title":{"rendered":"Mar\u00eda Jos\u00e9 Esteruelas, Consejera Delegada de Ferrovial Energ\u00eda"},"content":{"rendered":"    <m-final-content-header >\n            <c-breadcrumb label-text=\"Breadcrumb\" slot=\"breadcrumbs\" type='2' align='left' wrap='wrapped wrapped' aria-label='Vienes de Comit\u00e9 de Direcci\u00f3n'>\n                        <ol>\n\n                                                            <li><a href=\"https:\/\/www.ferrovial.com\/es\/\" title=\"Ferrovial\">Ferrovial<\/a><\/li>\n                                                                        <li><a href=\"https:\/\/www.ferrovial.com\/es\/compania\/\" title=\"Sobre nosotros\">Sobre nosotros<\/a><\/li>\n                                                                        <li><a href=\"https:\/\/www.ferrovial.com\/es\/compania\/sobre-nosotros\/\" title=\"Nuestra compa\u00f1\u00eda\">Nuestra compa\u00f1\u00eda<\/a><\/li>\n                                                                        <li><a href=\"https:\/\/www.ferrovial.com\/es\/compania\/sobre-nosotros\/comite-direccion\/\" title=\"Comit\u00e9 de Direcci\u00f3n\">Comit\u00e9 de Direcci\u00f3n<\/a><\/li>\n                                    \n                <\/ol>\n\n                <\/c-breadcrumb>\n    \n        <div slot=\"header\">\n            <h1>\n                Consejera Delegada de Ferrovial Energ\u00eda            <\/h1>\n                    <\/div>\n    <\/m-final-content-header>\n\n    \n\n\n<m-wysiwig class=\"wp-block-components-wysiwyg\"><div slot=\"maincontent\">\n<h2 class=\"wp-block-heading\"><strong>Mar\u00eda Jos\u00e9\u00a0Esteruelas<\/strong><\/h2>\n\n\n\n<figure class=\"wp-block-image size-large\"><img v-lazy=\"'https:\/\/static.ferrovial.com\/wp-content\/uploads\/2024\/01\/12133106\/maria-jose-esteruelas-ceo-ferrovial-energia-1024x799.jpg'\" alt=\"Mar\u00eda Jos\u00e9 Esteruelas CEO Ferrovial Energ\u00eda\" class=\"wp-image-274088\"\/><\/figure>\n\n\n\n<p>Mar\u00eda Jos\u00e9\u00a0Esteruelas es ingeniera Industrial El\u00e9ctrica por ICAI, M\u00e1ster de Direcci\u00f3n de Operaciones por el Instituto de Empresa y PDG por el IESE.<\/p>\n\n\n\n<p>Se incorpor\u00f3 a Ferrovial &nbsp;en 2021 como directora general del \u00e1rea de Soluciones Energ\u00e9ticas dentro de Ferrovial Construcci\u00f3n.&nbsp;<\/p>\n\n\n\n<p>Anteriormente, &nbsp;desarroll\u00f3 su carrera en Abengoa, donde ocup\u00f3 diversos cargos en distintas sociedades, entre otros Directora de Concesiones, Directora de Latinoam\u00e9rica, Directora de la Divisi\u00f3n de Energ\u00eda, Directora de la Regi\u00f3n de Am\u00e9rica y miembro del Comit\u00e9 Ejecutivo. Desde febrero de 2019 fue miembro del Consejo de Administraci\u00f3n de Applus+.<\/p>\n\n\n\n<p><br><\/p>\n<\/div><\/m-wysiwig>\n","protected":false},"excerpt":{"rendered":"","protected":false},"featured_media":0,"parent":18205,"menu_order":0,"comment_status":"closed","ping_status":"closed","template":"","meta":{"_acf_changed":false,"footnotes":""},"class_list":["post-205128","page","type-page","status-publish","hentry"],"acf":[],"yoast_head":"<!-- This site is optimized with the Yoast SEO plugin v27.2 - https:\/\/yoast.com\/product\/yoast-seo-wordpress\/ -->\n<title>Mar\u00eda Jos\u00e9 Esteruelas, Consejera Delegada de Ferrovial Energ\u00eda - Ferrovial<\/title>\n<meta name=\"description\" content=\"Welcome to the Ferrovial&#039;s website, global operator of sustainable infrastructure. Here you can find all the information about the company and subsidiaries.\" \/>\n<meta name=\"robots\" content=\"index, follow, max-snippet:-1, max-image-preview:large, max-video-preview:-1\" \/>\n<link rel=\"canonical\" href=\"https:\/\/www.ferrovial.com\/es\/compania\/sobre-nosotros\/comite-direccion\/cd-infraestructuras-energeticas-movilidad\/\" \/>\n<meta property=\"og:locale\" content=\"es_ES\" \/>\n<meta property=\"og:type\" content=\"article\" \/>\n<meta property=\"og:title\" content=\"Mar\u00eda Jos\u00e9 Esteruelas, Consejera Delegada de Ferrovial Energ\u00eda - Ferrovial\" \/>\n<meta property=\"og:description\" content=\"Welcome to the Ferrovial&#039;s website, global operator of sustainable infrastructure. Here you can find all the information about the company and subsidiaries.\" \/>\n<meta property=\"og:url\" content=\"https:\/\/www.ferrovial.com\/es\/compania\/sobre-nosotros\/comite-direccion\/cd-infraestructuras-energeticas-movilidad\/\" \/>\n<meta property=\"og:site_name\" content=\"Ferrovial\" \/>\n<meta property=\"article:publisher\" content=\"https:\/\/www.facebook.com\/ferrovial\" \/>\n<meta property=\"article:modified_time\" content=\"2024-01-12T13:07:42+00:00\" \/>\n<meta property=\"og:image\" content=\"https:\/\/www.ferrovial.com\/wp-content\/uploads\/2024\/01\/maria-jose-esteruelas-ceo-ferrovial-energia-1024x799.jpg\" \/>\n<meta name=\"twitter:card\" content=\"summary_large_image\" \/>\n<meta name=\"twitter:site\" content=\"@ferrovial\" \/>\n<meta name=\"twitter:label1\" content=\"Est. reading time\" \/>\n\t<meta name=\"twitter:data1\" content=\"1 minuto\" \/>\n<!-- \/ Yoast SEO plugin. -->","yoast_head_json":{"title":"Mar\u00eda Jos\u00e9 Esteruelas, Consejera Delegada de Ferrovial Energ\u00eda - Ferrovial","description":"Welcome to the Ferrovial's website, global operator of sustainable infrastructure. Here you can find all the information about the company and subsidiaries.","robots":{"index":"index","follow":"follow","max-snippet":"max-snippet:-1","max-image-preview":"max-image-preview:large","max-video-preview":"max-video-preview:-1"},"canonical":"https:\/\/www.ferrovial.com\/es\/compania\/sobre-nosotros\/comite-direccion\/cd-infraestructuras-energeticas-movilidad\/","og_locale":"es_ES","og_type":"article","og_title":"Mar\u00eda Jos\u00e9 Esteruelas, Consejera Delegada de Ferrovial Energ\u00eda - Ferrovial","og_description":"Welcome to the Ferrovial's website, global operator of sustainable infrastructure. Here you can find all the information about the company and subsidiaries.","og_url":"https:\/\/www.ferrovial.com\/es\/compania\/sobre-nosotros\/comite-direccion\/cd-infraestructuras-energeticas-movilidad\/","og_site_name":"Ferrovial","article_publisher":"https:\/\/www.facebook.com\/ferrovial","article_modified_time":"2024-01-12T13:07:42+00:00","og_image":[{"url":"https:\/\/www.ferrovial.com\/wp-content\/uploads\/2024\/01\/maria-jose-esteruelas-ceo-ferrovial-energia-1024x799.jpg","type":"","width":"","height":""}],"twitter_card":"summary_large_image","twitter_site":"@ferrovial","twitter_misc":{"Est. reading time":"1 minuto"},"schema":{"@context":"https:\/\/schema.org","@graph":[{"@type":"WebPage","@id":"https:\/\/www.ferrovial.com\/es\/compania\/sobre-nosotros\/comite-direccion\/cd-infraestructuras-energeticas-movilidad\/","url":"https:\/\/www.ferrovial.com\/es\/compania\/sobre-nosotros\/comite-direccion\/cd-infraestructuras-energeticas-movilidad\/","name":"Mar\u00eda Jos\u00e9 Esteruelas, Consejera Delegada de Ferrovial Energ\u00eda - Ferrovial","isPartOf":{"@id":"https:\/\/www.ferrovial.com\/es\/#website"},"primaryImageOfPage":{"@id":"https:\/\/www.ferrovial.com\/es\/compania\/sobre-nosotros\/comite-direccion\/cd-infraestructuras-energeticas-movilidad\/#primaryimage"},"image":{"@id":"https:\/\/www.ferrovial.com\/es\/compania\/sobre-nosotros\/comite-direccion\/cd-infraestructuras-energeticas-movilidad\/#primaryimage"},"thumbnailUrl":"https:\/\/www.ferrovial.com\/wp-content\/uploads\/2024\/01\/maria-jose-esteruelas-ceo-ferrovial-energia-1024x799.jpg","datePublished":"2021-10-28T11:44:06+00:00","dateModified":"2024-01-12T13:07:42+00:00","description":"Welcome to the Ferrovial's website, global operator of sustainable infrastructure. Here you can find all the information about the company and subsidiaries.","breadcrumb":{"@id":"https:\/\/www.ferrovial.com\/es\/compania\/sobre-nosotros\/comite-direccion\/cd-infraestructuras-energeticas-movilidad\/#breadcrumb"},"inLanguage":"es","potentialAction":[{"@type":"ReadAction","target":["https:\/\/www.ferrovial.com\/es\/compania\/sobre-nosotros\/comite-direccion\/cd-infraestructuras-energeticas-movilidad\/"]}]},{"@type":"ImageObject","inLanguage":"es","@id":"https:\/\/www.ferrovial.com\/es\/compania\/sobre-nosotros\/comite-direccion\/cd-infraestructuras-energeticas-movilidad\/#primaryimage","url":"https:\/\/www.ferrovial.com\/wp-content\/uploads\/2024\/01\/maria-jose-esteruelas-ceo-ferrovial-energia-1024x799.jpg","contentUrl":"https:\/\/www.ferrovial.com\/wp-content\/uploads\/2024\/01\/maria-jose-esteruelas-ceo-ferrovial-energia-1024x799.jpg"},{"@type":"BreadcrumbList","@id":"https:\/\/www.ferrovial.com\/es\/compania\/sobre-nosotros\/comite-direccion\/cd-infraestructuras-energeticas-movilidad\/#breadcrumb","itemListElement":[{"@type":"ListItem","position":1,"name":"Portada","item":"https:\/\/www.ferrovial.com\/es\/"},{"@type":"ListItem","position":2,"name":"Sobre nosotros","item":"https:\/\/www.ferrovial.com\/es\/compania\/"},{"@type":"ListItem","position":3,"name":"Nuestra compa\u00f1\u00eda","item":"https:\/\/www.ferrovial.com\/es\/compania\/sobre-nosotros\/"},{"@type":"ListItem","position":4,"name":"Comit\u00e9 de Direcci\u00f3n","item":"https:\/\/www.ferrovial.com\/es\/compania\/sobre-nosotros\/comite-direccion\/"},{"@type":"ListItem","position":5,"name":"Mar\u00eda Jos\u00e9 Esteruelas, Consejera Delegada de Ferrovial Energ\u00eda"}]},{"@type":"WebSite","@id":"https:\/\/www.ferrovial.com\/es\/#website","url":"https:\/\/www.ferrovial.com\/es\/","name":"Ferrovial","description":"Welcome to the Ferrovial&#039;s website, global operator of sustainable infrastructure. Here you can find all the information about the company and subsidiaries.","publisher":{"@id":"https:\/\/www.ferrovial.com\/es\/#organization"},"potentialAction":[{"@type":"SearchAction","target":{"@type":"EntryPoint","urlTemplate":"https:\/\/www.ferrovial.com\/es\/?s={search_term_string}"},"query-input":{"@type":"PropertyValueSpecification","valueRequired":true,"valueName":"search_term_string"}}],"inLanguage":"es"},{"@type":"Organization","@id":"https:\/\/www.ferrovial.com\/es\/#organization","name":"Ferrovial S.A.","url":"https:\/\/www.ferrovial.com\/es\/","logo":{"@type":"ImageObject","inLanguage":"es","@id":"https:\/\/www.ferrovial.com\/es\/#\/schema\/logo\/image\/","url":"https:\/\/static.ferrovial.com\/wp-content\/uploads\/2020\/01\/13124948\/logo-ferrovial-cf7.png","contentUrl":"https:\/\/static.ferrovial.com\/wp-content\/uploads\/2020\/01\/13124948\/logo-ferrovial-cf7.png","width":144,"height":32,"caption":"Ferrovial S.A."},"image":{"@id":"https:\/\/www.ferrovial.com\/es\/#\/schema\/logo\/image\/"},"sameAs":["https:\/\/www.facebook.com\/ferrovial","https:\/\/x.com\/ferrovial","https:\/\/www.instagram.com\/ferrovial\/","https:\/\/www.linkedin.com\/company\/ferrovial","https:\/\/www.pinterest.es\/ferrovial\/","https:\/\/www.youtube.com\/ferrovial","https:\/\/en.wikipedia.org\/wiki\/Ferrovial"]}]}},"_links":{"self":[{"href":"https:\/\/www.ferrovial.com\/es\/wp-json\/wp\/v2\/pages\/205128","targetHints":{"allow":["GET"]}}],"collection":[{"href":"https:\/\/www.ferrovial.com\/es\/wp-json\/wp\/v2\/pages"}],"about":[{"href":"https:\/\/www.ferrovial.com\/es\/wp-json\/wp\/v2\/types\/page"}],"replies":[{"embeddable":true,"href":"https:\/\/www.ferrovial.com\/es\/wp-json\/wp\/v2\/comments?post=205128"}],"version-history":[{"count":4,"href":"https:\/\/www.ferrovial.com\/es\/wp-json\/wp\/v2\/pages\/205128\/revisions"}],"predecessor-version":[{"id":274097,"href":"https:\/\/www.ferrovial.com\/es\/wp-json\/wp\/v2\/pages\/205128\/revisions\/274097"}],"up":[{"embeddable":true,"href":"https:\/\/www.ferrovial.com\/es\/wp-json\/wp\/v2\/pages\/18205"}],"wp:attachment":[{"href":"https:\/\/www.ferrovial.com\/es\/wp-json\/wp\/v2\/media?parent=205128"}],"curies":[{"name":"wp","href":"https:\/\/api.w.org\/{rel}","templated":true}]}}