{"id":206291,"date":"2021-11-22T10:53:51","date_gmt":"2021-11-22T09:53:51","guid":{"rendered":"https:\/\/www.ferrovial.com\/?page_id=206291"},"modified":"2021-12-17T14:43:39","modified_gmt":"2021-12-17T13:43:39","slug":"concurso-fotografia-urbanpeek-2021","status":"publish","type":"page","link":"https:\/\/www.ferrovial.com\/es\/concurso-fotografia-urbanpeek-2021\/","title":{"rendered":"Concurso #UrbanPeek 2021"},"content":{"rendered":"    <m-hero type='single' :translations='{\n        &quot;play&quot;:&quot;Reproducir v\u00eddeo de fondo&quot;,\n        &quot;pause&quot;:&quot;Pausar v\u00eddeo de fondo&quot;,\n        &quot;prev&quot;:&quot;Anterior&quot;,\n        &quot;next&quot;:&quot;Siguiente&quot;,\n        &quot;paginationseparator&quot;:&quot;de&quot;,\n        &quot;goto&quot;:&quot;Ir al slide&quot;,\n        &quot;external&quot;:&quot;Abrir una nueva ventana&quot;\n    }'>\n            <c-breadcrumb label-text=\"Breadcrumb\" slot=\"breadcrumbs\" type='1' align='left left' wrap='wrapped wrapped'>\n                        <ol>\n\n                                                            <li><a href=\"https:\/\/www.ferrovial.com\/es\/\" title=\"Ferrovial\">Ferrovial<\/a><\/li>\n                                    \n                <\/ol>\n\n                <\/c-breadcrumb>\n    \n                        <div slot=\"carouselItem\">\n                            <c-background-image>\n                                <picture>\n                                                                            <source media=\"(max-width: 667px)\" srcset=\"https:\/\/static.ferrovial.com\/wp-content\/uploads\/2021\/11\/19083559\/portada-4-edicion-urbanpeek-600x666.jpeg\">\n                                                                                                                <source media=\"(max-width: 1023px)\" srcset=\"https:\/\/static.ferrovial.com\/wp-content\/uploads\/2021\/11\/19083559\/portada-4-edicion-urbanpeek.jpeg\">\n                                    \n                                    <img decoding=\"async\" src=\"https:\/\/static.ferrovial.com\/wp-content\/uploads\/2021\/11\/19083559\/portada-4-edicion-urbanpeek.jpeg\" alt=\"\" style=\"object-position: center center;\">\n                                <\/picture>\n                            <\/c-background-image>\n                        <\/div>        <section slot=\"hero\">\n            <article>\n                                        <h1>#UrbanPeek<\/h1>\n                                                <p>Descripci\u00f3n por defecto<\/p>\n                                    <\/article>\n        <\/section>\n    <\/m-hero>\n\n    \n\n\n<m-wysiwig class=\"wp-block-components-wysiwyg\"><div slot=\"maincontent\"><\/div><\/m-wysiwig>\n\n\n\n<m-wysiwig class=\"wp-block-components-wysiwyg\"><div slot=\"maincontent\">    <p class=\"intro\">\u00a1Llega la nueva edici\u00f3n de nuestro concurso de fotograf\u00eda en Instagram que organizamos con Instagramers!<\/p>\n    \n\n\n<p>Tras el \u00e9xito de las anteriores ediciones, que recibieron m\u00e1s de <strong>16.000 fotos<\/strong>, \u00a1volvemos con la cuarta edici\u00f3n del concurso de fotos de arquitectura urbana <strong>#Urbanpeek<\/strong>!  <\/p>\n\n\n\n<p> Este a\u00f1o volvemos a lo grande y para celebrarlo podr\u00e1s ganar una <a href=\"https:\/\/leica-camera.com\/es-ES\/fotografia\/camaras\/d-lux\/d-lux-7-negro\" target=\"_blank\" rel=\"noreferrer noopener\">c\u00e1mara Leica D-Lux 7<\/a> participando en nuestro nuevo concurso en Instagram. <\/p>\n\n\n\n<figure class=\"wp-block-embed is-type-video is-provider-youtube wp-block-embed-youtube wp-embed-aspect-16-9 wp-has-aspect-ratio\"><div class=\"wp-block-embed__wrapper\">\n<iframe loading=\"lazy\" title=\"Here are the 20 finalists of the #UrbanPeek | Ferrovial\" width=\"500\" height=\"281\" src=\"https:\/\/www.youtube.com\/embed\/a1HxzmIDlQY?feature=oembed\" frameborder=\"0\" allow=\"accelerometer; autoplay; clipboard-write; encrypted-media; gyroscope; picture-in-picture; web-share\" referrerpolicy=\"strict-origin-when-cross-origin\" allowfullscreen><\/iframe>\n<\/div><\/figure>\n<\/div><\/m-wysiwig>\n\n\n\n    <m-distributor-basic bgimg='https:\/\/static.ferrovial.com\/wp-content\/uploads\/2020\/04\/13125050\/mosaico-finalistas-urbanpeek.png'>\n                        <h2 slot=\"label\">\n                    #Urbanpeek                <\/h2>\n                                <h3 slot=\"title\">\n                    Galer\u00eda de los finalistas del concurso                <\/h3>\n                                <p slot=\"text\">\n                    Compartimos las 20 mejores fotos de la cuarta edici\u00f3n de #UrbanPeek                <\/p>\n                                    <c-button slot='cta' type='primary' disabled='false' href='https:\/\/newsroom.ferrovial.com\/en\/news\/finalists-urbanpeek-iv-edition-photo-contest-instagram\/' target='_blank' sr-only='Abrir en una nueva pesta\u00f1a' icon='true'>\n                        <span>Accede a la galer\u00eda aqu\u00ed<\/span>\n                                            <c-icon icon=\"external\" size=\"s\">\n                        <\/c-icon>\n                                        <\/c-button>\n                    \n        \n\n    <\/m-distributor-basic>\n    \n\n\n<m-wysiwig class=\"wp-block-components-wysiwyg\"><div slot=\"maincontent\">\n<h2 class=\"wp-block-heading\">\u00bfC\u00f3mo puedes participar? &#8211; Convocatoria cerrada <\/h2>\n\n\n\n<ul class=\"wp-block-list\"><li>Comparte tus mejores fotos de la ciudad, de tus edificios favoritos o de infraestructuras urbanas con el hashtag <strong>#UrbanPeek<\/strong> del<strong> 22 de noviembre al 5 de diciembre 2021<\/strong>.<\/li><li>Sigue la cuenta de <a href=\"https:\/\/www.instagram.com\/ferrovial\/?hl=es\" target=\"_blank\" rel=\"noreferrer noopener nofollow\"><strong>@ferrovial<\/strong> en Instagram<\/a>.<\/li><li>Tus fotos podr\u00edan ser una de las <strong>20 finalistas <\/strong>que ser\u00e1n presentadas en una <strong>exposici\u00f3n con las mejores im\u00e1genes.<\/strong> Entre todas ellas elegiremos la foto ganadora, cuyo autor se llevar\u00e1 una c\u00e1mara Leica. <\/li><li>La <strong>segunda y mejor foto tambi\u00e9n tendr\u00e1n premio<\/strong>, el libro exclusivo con la historia en fotograf\u00edas de Leica.<\/li><\/ul>\n\n\n\n<p>Estate muy atento porque a partir del <strong>6 de diciembre<\/strong>&nbsp;anunciaremos los finalistas en redes sociales, en nuestra p\u00e1gina web y nos pondremos en contacto con ellos v\u00eda mensaje directo en Instagram. <\/p>\n\n\n\n<p>El <strong>10 de diciembre anunciaremos los 20 finalistas, y el 15 de diciembre anunciaremos al ganador y las dos menciones honorables<\/strong> en un evento online que se retrasmitir\u00e1 en directo desde la tienda <a href=\"https:\/\/goo.gl\/maps\/vcWctmeLaiyL7icZA\" target=\"_blank\" rel=\"noreferrer noopener nofollow\">flagship de Leica en Madrid<\/a>.<\/p>\n\n\n\n<p><strong>\u00a1An\u00edmate a participar y llena el muro de Instagram de fotos urbanas!<\/strong><\/p>\n\n\n\n<p><a href=\"https:\/\/static.ferrovial.com\/wp-content\/uploads\/2021\/11\/18235550\/bases-legales-urbanpeek-2021.pdf\" target=\"_blank\" rel=\"noreferrer noopener\">Consulta las bases leg<\/a><a href=\"https:\/\/static.ferrovial.com\/wp-content\/uploads\/2021\/11\/18235547\/bases-legales-urbanpeek-2021-1.pdf\" target=\"_blank\" rel=\"noreferrer noopener\">ales aqu\u00ed<\/a><a href=\"https:\/\/static.ferrovial.com\/wp-content\/uploads\/2021\/11\/18235550\/bases-legales-urbanpeek-2021.pdf\" target=\"_blank\" rel=\"noreferrer noopener\">.<\/a><\/p>\n<\/div><\/m-wysiwig>\n\n\n    <m-gallery :translations='{\n        &quot;prev&quot;:&quot;Anterior&quot;,\n        &quot;next&quot;:&quot;Siguiente&quot;,\n        &quot;paginationseparator&quot;:&quot;de&quot;,\n        &quot;close&quot;:&quot;Cerrar&quot;\n    }' class='gutenberg'>\n\n    <div slot=\"header\">\n                    <h2>Ediciones anteriores<\/h2>\n                        <p>Descripci\u00f3n por defecto<\/p>\n                <\/div>\n\n                    <div slot=\"carouselItem\" v-lazy:background-image=\"'https:\/\/static.ferrovial.com\/wp-content\/uploads\/2020\/04\/13125108\/stopderoc-1280x720.jpg'\">\n                                            <p>1era edici\u00f3n (2016). Foto de Stopderoc<\/p>\n                                        <\/div>\n                                <div slot=\"carouselItem\" v-lazy:background-image=\"'https:\/\/static.ferrovial.com\/wp-content\/uploads\/2020\/04\/13125106\/jump_rrmontero-684x720.jpg'\">\n                                            <p>1era edici\u00f3n (2017). Foto de R.R. Montero<\/p>\n                                        <\/div>\n                                <div slot=\"carouselItem\" v-lazy:background-image=\"'https:\/\/static.ferrovial.com\/wp-content\/uploads\/2020\/05\/13124731\/winner-gipive-httpswww-instagram-compb_iq2nkk98l-1080x720.jpg'\">\n                                            <p>3era edici\u00f3n (2020). Foto de @Gipive<\/p>\n                                        <\/div>\n                                <div slot=\"carouselItem\" v-lazy:background-image=\"'https:\/\/static.ferrovial.com\/wp-content\/uploads\/2020\/04\/13125054\/ganador-urbanpeek-rrmontero-1280x720.jpg'\">\n                                    <\/div>\n                                <div slot=\"carouselItem\" v-lazy:background-image=\"'https:\/\/static.ferrovial.com\/wp-content\/uploads\/2020\/04\/13125101\/francisco-polo-ferrovial-urbanpeek-2.jpg'\">\n                                    <\/div>\n                                <div slot=\"carouselItem\" v-lazy:background-image=\"'https:\/\/static.ferrovial.com\/wp-content\/uploads\/2020\/04\/13125045\/foto-exposicion-urbanpeek-2016-1280x720.jpg'\">\n                                    <\/div>\n                                <div slot=\"carouselItem\" v-lazy:background-image=\"'https:\/\/static.ferrovial.com\/wp-content\/uploads\/2020\/04\/13125047\/finalistas-y-ganador-evento-urbanpeek-2016-2-1280x720.jpg'\">\n                                    <\/div>\n                                <div slot=\"carouselItem\" v-lazy:background-image=\"'https:\/\/static.ferrovial.com\/wp-content\/uploads\/2020\/04\/13125048\/urbanpeek-foto-1280x720.jpg'\">\n                                    <\/div>\n                                <div slot=\"modalItem\">\n                    <img v-lazy=\"'https:\/\/static.ferrovial.com\/wp-content\/uploads\/2020\/04\/13125108\/stopderoc-1280x720.jpg'\" alt=\"\" hidden\/>\n                <\/div>\n                                <div slot=\"modalItem\">\n                    <img v-lazy=\"'https:\/\/static.ferrovial.com\/wp-content\/uploads\/2020\/04\/13125106\/jump_rrmontero-684x720.jpg'\" alt=\"\" hidden\/>\n                <\/div>\n                                <div slot=\"modalItem\">\n                    <img v-lazy=\"'https:\/\/static.ferrovial.com\/wp-content\/uploads\/2020\/05\/13124731\/winner-gipive-httpswww-instagram-compb_iq2nkk98l-1080x720.jpg'\" alt=\"winner #UrbanPeekAtHome - gipive httpswww.instagram.compB_iq2nkK98l\" hidden\/>\n                <\/div>\n                                <div slot=\"modalItem\">\n                    <img v-lazy=\"'https:\/\/static.ferrovial.com\/wp-content\/uploads\/2020\/04\/13125054\/ganador-urbanpeek-rrmontero-1280x720.jpg'\" alt=\"\" hidden\/>\n                <\/div>\n                                <div slot=\"modalItem\">\n                    <img v-lazy=\"'https:\/\/static.ferrovial.com\/wp-content\/uploads\/2020\/04\/13125101\/francisco-polo-ferrovial-urbanpeek-2.jpg'\" alt=\"\" hidden\/>\n                <\/div>\n                                <div slot=\"modalItem\">\n                    <img v-lazy=\"'https:\/\/static.ferrovial.com\/wp-content\/uploads\/2020\/04\/13125045\/foto-exposicion-urbanpeek-2016-1280x720.jpg'\" alt=\"\" hidden\/>\n                <\/div>\n                                <div slot=\"modalItem\">\n                    <img v-lazy=\"'https:\/\/static.ferrovial.com\/wp-content\/uploads\/2020\/04\/13125047\/finalistas-y-ganador-evento-urbanpeek-2016-2-1280x720.jpg'\" alt=\"\" hidden\/>\n                <\/div>\n                                <div slot=\"modalItem\">\n                    <img v-lazy=\"'https:\/\/static.ferrovial.com\/wp-content\/uploads\/2020\/04\/13125048\/urbanpeek-foto-1280x720.jpg'\" alt=\"\" hidden\/>\n                <\/div>\n                    <\/m-gallery>\n\n    \n\n\n<m-wysiwig class=\"wp-block-components-wysiwyg\"><div slot=\"maincontent\">\n<h2 class=\"wp-block-heading\">\u00bfQu\u00e9 es #UrbanPeek?<\/h2>\n\n\n\n<p>#<a class=\"ek-link\" href=\"https:\/\/www.instagram.com\/explore\/tags\/urbanpeek\/\">UrbanPeek <\/a>es un concurso referencia de fotograf\u00eda urbana en Instagram que organizamos con Instagramers y que este a\u00f1o celebra su cuarta edici\u00f3n. En total ya hay m\u00e1s de 16.000 participaciones con el hashtag. <\/p>\n\n\n\n<p>Nuestro objetivo es motivar el talento de todos vosotros y llenar Instagram de aquellos rincones, puntos de vista y referencias favoritas de nuestras ciudades. \u00a1Llenemos Instagram de fotograf\u00edas urbanas, creativas y art\u00edsticas! <\/p>\n\n\n\n<p>Este a\u00f1o nos aliamos tambi\u00e9n con la compa\u00f1\u00eda de fotograf\u00eda <a href=\"https:\/\/leica-camera.com\/es-ES\" target=\"_blank\" rel=\"noreferrer noopener nofollow\">Leica<\/a> para regalar una de sus incre\u00edbles c\u00e1maras. Entre todos los participantes, elegiremos a 20 finalistas, cuyas fotos publicaremos en una galer\u00eda virtual. De todas ellas, saldr\u00e1 el ganador. \u00a1Gracias por participar y mucha suerte!<\/p>\n<\/div><\/m-wysiwig>\n\n\n    <m-video >\n                <a class='m-video__modal' slot='modal' href='https:\/\/www.youtube-nocookie.com\/embed\/3gWEKK_Ekwc'>\n            <img slot=\"poster\" v-lazy=\"'https:\/\/static.ferrovial.com\/wp-content\/uploads\/2020\/04\/13125052\/logo-urbanpeek.jpg'\" title=\"\" width=\"1000\" height=\"100%\" >\n        <\/a>\n            <\/m-video>\n    \n\n\n    <m-distributor-basic bgimg='https:\/\/static.ferrovial.com\/wp-content\/uploads\/2020\/05\/13124725\/ferrovial_urbanpeek_mosaico-1920x1080.jpg'>\n                        <h2 slot=\"label\">\n                    #UrbanPeekAtHome                <\/h2>\n                                <h3 slot=\"title\">\n                    As\u00ed fue la anterior edici\u00f3n                <\/h3>\n                                <p slot=\"text\">\n                    Compartimos las 50 mejores fotograf\u00edas de la 3\u00aa edici\u00f3n de #UrbanPeekAtHome                <\/p>\n                                    <c-button slot='cta' type='primary' disabled='false' href='https:\/\/newsroom.ferrovial.com\/es\/noticias\/los-50-finalistas-del-concurso-de-fotografia-en-instagram-urbanpeekathome\/' target='_blank' sr-only='Abrir en una nueva pesta\u00f1a' icon='true'>\n                        <span>Accede a la galer\u00eda aqu\u00ed<\/span>\n                                            <c-icon icon=\"external\" size=\"s\">\n                        <\/c-icon>\n                                        <\/c-button>\n                    \n        \n\n    <\/m-distributor-basic>\n    ","protected":false},"excerpt":{"rendered":"","protected":false},"featured_media":0,"parent":0,"menu_order":0,"comment_status":"closed","ping_status":"closed","template":"","meta":{"_acf_changed":false,"footnotes":""},"class_list":["post-206291","page","type-page","status-publish","hentry"],"acf":[],"yoast_head":"<!-- This site is optimized with the Yoast SEO plugin v27.2 - https:\/\/yoast.com\/product\/yoast-seo-wordpress\/ -->\n<title>Concurso #UrbanPeek 2021 - Ferrovial<\/title>\n<meta name=\"description\" content=\"Welcome to the Ferrovial&#039;s website, global operator of sustainable infrastructure. Here you can find all the information about the company and subsidiaries.\" \/>\n<meta name=\"robots\" content=\"index, follow, max-snippet:-1, max-image-preview:large, max-video-preview:-1\" \/>\n<link rel=\"canonical\" href=\"https:\/\/www.ferrovial.com\/es\/concurso-fotografia-urbanpeek-2021\/\" \/>\n<meta property=\"og:locale\" content=\"es_ES\" \/>\n<meta property=\"og:type\" content=\"article\" \/>\n<meta property=\"og:title\" content=\"Concurso #UrbanPeek 2021 - Ferrovial\" \/>\n<meta property=\"og:description\" content=\"Welcome to the Ferrovial&#039;s website, global operator of sustainable infrastructure. Here you can find all the information about the company and subsidiaries.\" \/>\n<meta property=\"og:url\" content=\"https:\/\/www.ferrovial.com\/es\/concurso-fotografia-urbanpeek-2021\/\" \/>\n<meta property=\"og:site_name\" content=\"Ferrovial\" \/>\n<meta property=\"article:publisher\" content=\"https:\/\/www.facebook.com\/ferrovial\" \/>\n<meta property=\"article:modified_time\" content=\"2021-12-17T13:43:39+00:00\" \/>\n<meta name=\"twitter:card\" content=\"summary_large_image\" \/>\n<meta name=\"twitter:site\" content=\"@ferrovial\" \/>\n<meta name=\"twitter:label1\" content=\"Est. reading time\" \/>\n\t<meta name=\"twitter:data1\" content=\"2 minutos\" \/>\n<!-- \/ Yoast SEO plugin. -->","yoast_head_json":{"title":"Concurso #UrbanPeek 2021 - Ferrovial","description":"Welcome to the Ferrovial's website, global operator of sustainable infrastructure. Here you can find all the information about the company and subsidiaries.","robots":{"index":"index","follow":"follow","max-snippet":"max-snippet:-1","max-image-preview":"max-image-preview:large","max-video-preview":"max-video-preview:-1"},"canonical":"https:\/\/www.ferrovial.com\/es\/concurso-fotografia-urbanpeek-2021\/","og_locale":"es_ES","og_type":"article","og_title":"Concurso #UrbanPeek 2021 - Ferrovial","og_description":"Welcome to the Ferrovial's website, global operator of sustainable infrastructure. Here you can find all the information about the company and subsidiaries.","og_url":"https:\/\/www.ferrovial.com\/es\/concurso-fotografia-urbanpeek-2021\/","og_site_name":"Ferrovial","article_publisher":"https:\/\/www.facebook.com\/ferrovial","article_modified_time":"2021-12-17T13:43:39+00:00","twitter_card":"summary_large_image","twitter_site":"@ferrovial","twitter_misc":{"Est. reading time":"2 minutos"},"schema":{"@context":"https:\/\/schema.org","@graph":[{"@type":"WebPage","@id":"https:\/\/www.ferrovial.com\/es\/concurso-fotografia-urbanpeek-2021\/","url":"https:\/\/www.ferrovial.com\/es\/concurso-fotografia-urbanpeek-2021\/","name":"Concurso #UrbanPeek 2021 - Ferrovial","isPartOf":{"@id":"https:\/\/www.ferrovial.com\/es\/#website"},"datePublished":"2021-11-22T09:53:51+00:00","dateModified":"2021-12-17T13:43:39+00:00","description":"Welcome to the Ferrovial's website, global operator of sustainable infrastructure. Here you can find all the information about the company and subsidiaries.","breadcrumb":{"@id":"https:\/\/www.ferrovial.com\/es\/concurso-fotografia-urbanpeek-2021\/#breadcrumb"},"inLanguage":"es","potentialAction":[{"@type":"ReadAction","target":["https:\/\/www.ferrovial.com\/es\/concurso-fotografia-urbanpeek-2021\/"]}]},{"@type":"BreadcrumbList","@id":"https:\/\/www.ferrovial.com\/es\/concurso-fotografia-urbanpeek-2021\/#breadcrumb","itemListElement":[{"@type":"ListItem","position":1,"name":"Portada","item":"https:\/\/www.ferrovial.com\/es\/"},{"@type":"ListItem","position":2,"name":"Concurso #UrbanPeek 2021"}]},{"@type":"WebSite","@id":"https:\/\/www.ferrovial.com\/es\/#website","url":"https:\/\/www.ferrovial.com\/es\/","name":"Ferrovial","description":"Welcome to the Ferrovial&#039;s website, global operator of sustainable infrastructure. Here you can find all the information about the company and subsidiaries.","publisher":{"@id":"https:\/\/www.ferrovial.com\/es\/#organization"},"potentialAction":[{"@type":"SearchAction","target":{"@type":"EntryPoint","urlTemplate":"https:\/\/www.ferrovial.com\/es\/?s={search_term_string}"},"query-input":{"@type":"PropertyValueSpecification","valueRequired":true,"valueName":"search_term_string"}}],"inLanguage":"es"},{"@type":"Organization","@id":"https:\/\/www.ferrovial.com\/es\/#organization","name":"Ferrovial S.A.","url":"https:\/\/www.ferrovial.com\/es\/","logo":{"@type":"ImageObject","inLanguage":"es","@id":"https:\/\/www.ferrovial.com\/es\/#\/schema\/logo\/image\/","url":"https:\/\/static.ferrovial.com\/wp-content\/uploads\/2020\/01\/13124948\/logo-ferrovial-cf7.png","contentUrl":"https:\/\/static.ferrovial.com\/wp-content\/uploads\/2020\/01\/13124948\/logo-ferrovial-cf7.png","width":144,"height":32,"caption":"Ferrovial S.A."},"image":{"@id":"https:\/\/www.ferrovial.com\/es\/#\/schema\/logo\/image\/"},"sameAs":["https:\/\/www.facebook.com\/ferrovial","https:\/\/x.com\/ferrovial","https:\/\/www.instagram.com\/ferrovial\/","https:\/\/www.linkedin.com\/company\/ferrovial","https:\/\/www.pinterest.es\/ferrovial\/","https:\/\/www.youtube.com\/ferrovial","https:\/\/en.wikipedia.org\/wiki\/Ferrovial"]}]}},"_links":{"self":[{"href":"https:\/\/www.ferrovial.com\/es\/wp-json\/wp\/v2\/pages\/206291","targetHints":{"allow":["GET"]}}],"collection":[{"href":"https:\/\/www.ferrovial.com\/es\/wp-json\/wp\/v2\/pages"}],"about":[{"href":"https:\/\/www.ferrovial.com\/es\/wp-json\/wp\/v2\/types\/page"}],"replies":[{"embeddable":true,"href":"https:\/\/www.ferrovial.com\/es\/wp-json\/wp\/v2\/comments?post=206291"}],"version-history":[{"count":3,"href":"https:\/\/www.ferrovial.com\/es\/wp-json\/wp\/v2\/pages\/206291\/revisions"}],"predecessor-version":[{"id":209285,"href":"https:\/\/www.ferrovial.com\/es\/wp-json\/wp\/v2\/pages\/206291\/revisions\/209285"}],"wp:attachment":[{"href":"https:\/\/www.ferrovial.com\/es\/wp-json\/wp\/v2\/media?parent=206291"}],"curies":[{"name":"wp","href":"https:\/\/api.w.org\/{rel}","templated":true}]}}