{"id":206535,"date":"2021-11-23T10:08:56","date_gmt":"2021-11-23T09:08:56","guid":{"rendered":"https:\/\/www.ferrovial.com\/?page_id=206535"},"modified":"2022-09-22T19:03:51","modified_gmt":"2022-09-22T17:03:51","slug":"blockchain","status":"publish","type":"page","link":"https:\/\/www.ferrovial.com\/es\/recursos\/blockchain\/","title":{"rendered":"Blockchain"},"content":{"rendered":"    <m-final-content-header >\n            <c-breadcrumb label-text=\"Breadcrumb\" slot=\"breadcrumbs\" type='2' align='left' wrap='wrapped wrapped' aria-label='Vienes de Recursos'>\n                        <ol>\n\n                                                            <li><a href=\"https:\/\/www.ferrovial.com\/es\/\" title=\"Ferrovial\">Ferrovial<\/a><\/li>\n                                                                        <li><a href=\"https:\/\/www.ferrovial.com\/es\/recursos\/\" title=\"Recursos\">Recursos<\/a><\/li>\n                                    \n                <\/ol>\n\n                <\/c-breadcrumb>\n    \n        <div slot=\"header\">\n            <h1>\n                Blockchain            <\/h1>\n                    <\/div>\n    <\/m-final-content-header>\n\n    \n\n\n<p><script type=\"application\/ld+json\">\n{\n  \"@context\": \"https:\/\/schema.org\",\n  \"@type\": \"FAQPage\",\n  \"mainEntity\": [{\n    \"@type\": \"Question\",\n    \"name\": \"\u00bfQu\u00e9 es blockchain?\",\n    \"acceptedAnswer\": {\n      \"@type\": \"Answer\",\n      \"text\": \"Blockchain, tambi\u00e9n llamada cadena de bloques en espa\u00f1ol, es un t\u00e9rmino que indica el registro \u00fanico y compartido de transacciones en una red empresarial. Con este libro de registro, es posible rastrear y comercializar cualquier elemento de valor, reduciendo el riesgo y los costes para todos los que participan en el proceso.\"\n    }\n  },{\n    \"@type\": \"Question\",\n    \"name\": \"\u00bfC\u00f3mo funciona la tecnolog\u00eda blockchain?\",\n    \"acceptedAnswer\": {\n      \"@type\": \"Answer\",\n      \"text\": \"A trav\u00e9s de tecnolog\u00edas y sistemas inform\u00e1ticos y automatizados, la informaci\u00f3n se organiza en una estructura de bloques:\n'<ol>'\n   '<li>'Informaci\u00f3n de transacci\u00f3n: donde se muestran los datos del movimiento de un activo, como: emisor, receptor, fecha, cantidad, estado, etc.'<\/li>'\n   '<li>'N\u00famero de identificaci\u00f3n o hash: se trata de un n\u00famero \u00fanico e irrepetible del bloque, y cada bloque dentro de la cadena tiene su propio n\u00famero de identificaci\u00f3n'<\/li>'\n   '<li>'Cadena de bloques: en la medida en que el activo se mueve de un punto a otro, ocurre una conexi\u00f3n entre bloques anteriores y posteriores, estableciendo una secuencia en la transacci\u00f3n, con el fin de evitar que ning\u00fan bloque sea modificado. Es decir, las transacciones se agrupan en una cadena irreversible o blockchain.'<\/li>'\n'<\/ol>'\"\n    }\n  },{\n    \"@type\": \"Question\",\n    \"name\": \"\u00bfBlockchain es seguro?\",\n    \"acceptedAnswer\": {\n      \"@type\": \"Answer\",\n      \"text\": \"la blockchain garantiza la autoprotecci\u00f3n a trav\u00e9s de su propia arquitectura de cadenas de bloques, por eso su garant\u00eda de seguridad. Adem\u00e1s, hay que tener en cuenta que se trata de un proceso descentralizado en el que intervienen muchos ordenadores, y cada uno de ellos tiene una copia de exclusiva y exacta de la base de datos.\"\n    }\n  },{\n    \"@type\": \"Question\",\n    \"name\": \"\u00bfPor qu\u00e9 surgi\u00f3 la tecnolog\u00eda blockchain?\",\n    \"acceptedAnswer\": {\n      \"@type\": \"Answer\",\n      \"text\": \"La tecnolog\u00eda blockchain est\u00e1 ligada a la aparici\u00f3n de criptomonedas y, poco a poco, ha ido extendi\u00e9ndose a otras \u00e1reas econ\u00f3micas por dos razones: p\u00e9rdida de confianza en grandes instituciones y falta de privacidad para los usuarios en la era digital\"\n    }\n  },{\n    \"@type\": \"Question\",\n    \"name\": \"\u00bfQu\u00e9 ventajas y desventajas presenta la blockchain?\",\n    \"acceptedAnswer\": {\n      \"@type\": \"Answer\",\n      \"text\": \"Ventaja: Con la tecnolog\u00eda blockchain los datos est\u00e1n almacenados en muchos dispositivos dentro de la red, y el sistema est\u00e1 fortalecido para resistir a fallos t\u00e9cnicos y ciberataques, a diferencia de las bases de datos convencionales que dependen de pocos servidores lo que las hace m\u00e1s vulnerables.\nDesventaja: El proceso de encriptado de datos se vale de claves p\u00fablicas y privadas para acceder a la informaci\u00f3n. Si un usuario pierde su clave privada, no hay forma de acceder a sus fondos.\"\n    }\n  },{\n    \"@type\": \"Question\",\n    \"name\": \"\u00bfCu\u00e1l es el futuro de la blockchain?\",\n    \"acceptedAnswer\": {\n      \"@type\": \"Answer\",\n      \"text\": \"Un estudio realizado por una gran consultora tecnol\u00f3gica asegura que para el a\u00f1o 2025 se prev\u00e9 un volumen de negocio que generar\u00e1 m\u00e1s de 170 mil millones de d\u00f3lares, y para el 2030 ascender\u00e1 a 3 billones de d\u00f3lares.\"\n    }\n  }]\n}\n<\/script><\/p>\n\n\n\n<m-wysiwig class=\"wp-block-components-wysiwyg\"><div slot=\"maincontent\">\n<h2 class=\"wp-block-heading\">\u00bfQu\u00e9 es blockchain?<\/h2>\n\n\n\n<p>Blockchain, tambi\u00e9n llamada cadena de bloques en espa\u00f1ol, es un t\u00e9rmino que indica el registro \u00fanico y compartido de transacciones en una red empresarial. Se trata de un libro de contabilidad de seguimiento de activos.<\/p>\n\n\n\n<p>En blockchain se entiende por activo un bien tangible \u2014ya sea una casa, un veh\u00edculo o dinero en efectivo\u2014 o intangible \u2014como los derechos de autor o la propiedad intelectual\u2014. Con este libro de registro, es posible rastrear y comercializar cualquier elemento de valor, reduciendo el riesgo y los costes para todos los que participan en el proceso.<\/p>\n\n\n\n<h2 class=\"wp-block-heading\">\u00bfC\u00f3mo funciona la tecnolog\u00eda blockchain?<\/h2>\n\n\n\n<p>Ante la necesidad moderna de producir, gestionar y almacenar informaci\u00f3n cifrada en tiempo real, la intervenci\u00f3n humana se ha visto limitada, por lo que la blockchain aparece como soluci\u00f3n para delegar esa funci\u00f3n de una manera veloz, fiable y eficiente. A trav\u00e9s de tecnolog\u00edas y sistemas inform\u00e1ticos y automatizados, la informaci\u00f3n se organiza en una estructura de bloques:<\/p>\n\n\n\n<ol class=\"wp-block-list\"><li><strong>Informaci\u00f3n de transacci\u00f3n<\/strong>: donde se muestran los datos del movimiento de un activo, como: emisor, receptor, fecha, cantidad, estado, etc.<\/li><li><strong>N\u00famero de identificaci\u00f3n o hash:<\/strong> se trata de un n\u00famero \u00fanico e irrepetible del bloque, y cada bloque dentro de la cadena tiene su propio n\u00famero de identificaci\u00f3n.<\/li><li><strong>Cadena de bloques:<\/strong> en la medida en que el activo se mueve de un punto a otro, ocurre una conexi\u00f3n entre bloques anteriores y posteriores, estableciendo una secuencia en la transacci\u00f3n, con el fin de evitar que ning\u00fan bloque sea modificado. Es decir, las transacciones se agrupan en una cadena irreversible o blockchain.<\/li><\/ol>\n\n\n\n<h2 class=\"wp-block-heading\">\u00bfBlockchain es seguro?<\/h2>\n\n\n\n<p>Frente a las constantes amenazas de manipulaci\u00f3n de datos en el entorno inform\u00e1tico, la blockchain garantiza la autoprotecci\u00f3n a trav\u00e9s de su propia arquitectura de cadenas de bloques, por eso su garant\u00eda de seguridad. Adem\u00e1s, hay que tener en cuenta que se trata de un proceso descentralizado en el que intervienen muchos ordenadores, y cada uno de ellos tiene una copia de exclusiva y exacta de la base de datos. Si se altera una de las copias, la comunidad de participantes lo sabe, y esta queda anulada y sin efecto.<\/p>\n\n\n\n<p>Por \u00faltimo, cada nodo de la red requiere de certificados y firmas digitales para verificar la informaci\u00f3n y validez de la transacci\u00f3n y datos almacenados, superando la barrera de un \u00fanico supervisor, para darle paso a la verificaci\u00f3n de todos los usuarios intervinientes.<\/p>\n\n\n\n<h2 class=\"wp-block-heading\">\u00bfPor qu\u00e9 surgi\u00f3 la tecnolog\u00eda blockchain?<\/h2>\n\n\n\n<p>La tecnolog\u00eda blockchain est\u00e1 ligada a la aparici\u00f3n de criptomonedas y, poco a poco, ha ido extendi\u00e9ndose a otras \u00e1reas econ\u00f3micas. Surge por dos razones principales:<\/p>\n\n\n\n<ul class=\"wp-block-list\"><li>La p\u00e9rdida de confianza en grandes instituciones como intermediarios, raz\u00f3n por la que en estos sistemas la certificaci\u00f3n y validaci\u00f3n la dan los mismos usuarios.<\/li><\/ul>\n\n\n\n<ul class=\"wp-block-list\"><li>La falta de privacidad para los usuarios en la era digital desencaden\u00f3 la necesidad de encriptar la informaci\u00f3n compartida en la red.<\/li><\/ul>\n\n\n\n<h2 class=\"wp-block-heading\">\u00bfQu\u00e9 ventajas y desventajas presenta la blockchain?<\/h2>\n\n\n\n<h3 class=\"wp-block-heading\">Ventajas:<\/h3>\n\n\n\n<p>Con la tecnolog\u00eda blockchain los datos est\u00e1n almacenados en muchos dispositivos dentro de la red, y el sistema est\u00e1 fortalecido para resistir a fallos t\u00e9cnicos y ciberataques, a diferencia de las bases de datos convencionales que dependen de pocos servidores lo que las hace m\u00e1s vulnerables.<\/p>\n\n\n\n<p>Con blockchain no hace falta la figura de un intermediario, porque la propia red de nodos comprueba las transacciones realizadas. Esto tambi\u00e9n se traduce en la reducci\u00f3n de costes por la contrataci\u00f3n de un tercero.<\/p>\n\n\n\n<p>La arquitectura por cadena de bloques permite un registro seguro y confiable para garantizar la estabilidad de las transacciones realizadas.<\/p>\n\n\n\n<h3 class=\"wp-block-heading\">Desventajas:<\/h3>\n\n\n\n<p>El proceso de encriptado de datos se vale de claves p\u00fablicas y privadas para acceder a la informaci\u00f3n. Si un usuario pierde su clave privada, no hay forma de acceder a sus fondos.<\/p>\n\n\n\n<p>Si bien la inmutabilidad de la informaci\u00f3n es un rasgo caracter\u00edstico de la blockchain, esto puede representar, al mismo tiempo, un riesgo, ya que, si existe un error en el registro de la informaci\u00f3n, \u00e9sta no se puede modificar.<\/p>\n\n\n\n<h2 class=\"wp-block-heading\">\u00bfCu\u00e1l es el futuro de la blockchain?<\/h2>\n\n\n\n<p>La implementaci\u00f3n de la tecnolog\u00eda blockchain en el mundo empresarial se traduce en avances e innovaci\u00f3n. Un estudio realizado por una gran consultora tecnol\u00f3gica asegura que para el a\u00f1o 2025 se prev\u00e9 un volumen de negocio que generar\u00e1 m\u00e1s de 170 mil millones de d\u00f3lares, y para el 2030 ascender\u00e1 a 3 billones de d\u00f3lares.<\/p>\n<\/div><\/m-wysiwig>\n\n\n\n<m-wysiwig class=\"wp-block-components-wysiwyg\"><div slot=\"maincontent\"><\/div><\/m-wysiwig>\n\n\n    <m-projects-distributor2 :translations='{\n        &quot;prev&quot;:&quot;Anterior&quot;,\n        &quot;next&quot;:&quot;Siguiente&quot;,\n        &quot;paginationseparator&quot;:&quot;de&quot;\n    }'>\n                        <h2 slot=\"title\">\n                Nuestros proyectos destacados                <\/h2>\n                        <a slot='button' title='Conoce nuestros proyectos ' href='https:\/\/www.ferrovial.com\/es\/cintra\/proyectos\/'>\n            Conoce nuestros proyectos         <\/a>\n\n            <\/m-projects-distributor2>\n\n    ","protected":false},"excerpt":{"rendered":"","protected":false},"featured_media":0,"parent":25267,"menu_order":0,"comment_status":"closed","ping_status":"closed","template":"","meta":{"_acf_changed":false,"footnotes":""},"class_list":["post-206535","page","type-page","status-publish","hentry"],"acf":[],"yoast_head":"<!-- This site is optimized with the Yoast SEO plugin v27.2 - https:\/\/yoast.com\/product\/yoast-seo-wordpress\/ -->\n<title>Tecnolog\u00eda Blockchain: qu\u00e9 es, c\u00f3mo funciona, es segura... - Ferrovial<\/title>\n<meta name=\"description\" content=\"Blockchain, tambi\u00e9n llamada cadena de bloques en espa\u00f1ol, es un t\u00e9rmino que indica el registro \u00fanico y compartido de transacciones en una red empresarial.\" \/>\n<meta name=\"robots\" content=\"index, follow, max-snippet:-1, max-image-preview:large, max-video-preview:-1\" \/>\n<link rel=\"canonical\" href=\"https:\/\/www.ferrovial.com\/es\/recursos\/blockchain\/\" \/>\n<meta property=\"og:locale\" content=\"es_ES\" \/>\n<meta property=\"og:type\" content=\"article\" \/>\n<meta property=\"og:title\" content=\"Tecnolog\u00eda Blockchain: qu\u00e9 es, c\u00f3mo funciona, es segura... - Ferrovial\" \/>\n<meta property=\"og:description\" content=\"Blockchain, tambi\u00e9n llamada cadena de bloques en espa\u00f1ol, es un t\u00e9rmino que indica el registro \u00fanico y compartido de transacciones en una red empresarial.\" \/>\n<meta property=\"og:url\" content=\"https:\/\/www.ferrovial.com\/es\/recursos\/blockchain\/\" \/>\n<meta property=\"og:site_name\" content=\"Ferrovial\" \/>\n<meta property=\"article:publisher\" content=\"https:\/\/www.facebook.com\/ferrovial\" \/>\n<meta property=\"article:modified_time\" content=\"2022-09-22T17:03:51+00:00\" \/>\n<meta name=\"twitter:card\" content=\"summary_large_image\" \/>\n<meta name=\"twitter:site\" content=\"@ferrovial\" \/>\n<meta name=\"twitter:label1\" content=\"Est. reading time\" \/>\n\t<meta name=\"twitter:data1\" content=\"6 minutos\" \/>\n<!-- \/ Yoast SEO plugin. -->","yoast_head_json":{"title":"Tecnolog\u00eda Blockchain: qu\u00e9 es, c\u00f3mo funciona, es segura... - Ferrovial","description":"Blockchain, tambi\u00e9n llamada cadena de bloques en espa\u00f1ol, es un t\u00e9rmino que indica el registro \u00fanico y compartido de transacciones en una red empresarial.","robots":{"index":"index","follow":"follow","max-snippet":"max-snippet:-1","max-image-preview":"max-image-preview:large","max-video-preview":"max-video-preview:-1"},"canonical":"https:\/\/www.ferrovial.com\/es\/recursos\/blockchain\/","og_locale":"es_ES","og_type":"article","og_title":"Tecnolog\u00eda Blockchain: qu\u00e9 es, c\u00f3mo funciona, es segura... - Ferrovial","og_description":"Blockchain, tambi\u00e9n llamada cadena de bloques en espa\u00f1ol, es un t\u00e9rmino que indica el registro \u00fanico y compartido de transacciones en una red empresarial.","og_url":"https:\/\/www.ferrovial.com\/es\/recursos\/blockchain\/","og_site_name":"Ferrovial","article_publisher":"https:\/\/www.facebook.com\/ferrovial","article_modified_time":"2022-09-22T17:03:51+00:00","twitter_card":"summary_large_image","twitter_site":"@ferrovial","twitter_misc":{"Est. reading time":"6 minutos"},"schema":{"@context":"https:\/\/schema.org","@graph":[{"@type":"WebPage","@id":"https:\/\/www.ferrovial.com\/es\/recursos\/blockchain\/","url":"https:\/\/www.ferrovial.com\/es\/recursos\/blockchain\/","name":"Tecnolog\u00eda Blockchain: qu\u00e9 es, c\u00f3mo funciona, es segura... - Ferrovial","isPartOf":{"@id":"https:\/\/www.ferrovial.com\/es\/#website"},"datePublished":"2021-11-23T09:08:56+00:00","dateModified":"2022-09-22T17:03:51+00:00","description":"Blockchain, tambi\u00e9n llamada cadena de bloques en espa\u00f1ol, es un t\u00e9rmino que indica el registro \u00fanico y compartido de transacciones en una red empresarial.","breadcrumb":{"@id":"https:\/\/www.ferrovial.com\/es\/recursos\/blockchain\/#breadcrumb"},"inLanguage":"es","potentialAction":[{"@type":"ReadAction","target":["https:\/\/www.ferrovial.com\/es\/recursos\/blockchain\/"]}]},{"@type":"BreadcrumbList","@id":"https:\/\/www.ferrovial.com\/es\/recursos\/blockchain\/#breadcrumb","itemListElement":[{"@type":"ListItem","position":1,"name":"Portada","item":"https:\/\/www.ferrovial.com\/es\/"},{"@type":"ListItem","position":2,"name":"Recursos","item":"https:\/\/www.ferrovial.com\/es\/recursos\/"},{"@type":"ListItem","position":3,"name":"Blockchain"}]},{"@type":"WebSite","@id":"https:\/\/www.ferrovial.com\/es\/#website","url":"https:\/\/www.ferrovial.com\/es\/","name":"Ferrovial","description":"Welcome to the Ferrovial&#039;s website, global operator of sustainable infrastructure. Here you can find all the information about the company and subsidiaries.","publisher":{"@id":"https:\/\/www.ferrovial.com\/es\/#organization"},"potentialAction":[{"@type":"SearchAction","target":{"@type":"EntryPoint","urlTemplate":"https:\/\/www.ferrovial.com\/es\/?s={search_term_string}"},"query-input":{"@type":"PropertyValueSpecification","valueRequired":true,"valueName":"search_term_string"}}],"inLanguage":"es"},{"@type":"Organization","@id":"https:\/\/www.ferrovial.com\/es\/#organization","name":"Ferrovial S.A.","url":"https:\/\/www.ferrovial.com\/es\/","logo":{"@type":"ImageObject","inLanguage":"es","@id":"https:\/\/www.ferrovial.com\/es\/#\/schema\/logo\/image\/","url":"https:\/\/static.ferrovial.com\/wp-content\/uploads\/2020\/01\/13124948\/logo-ferrovial-cf7.png","contentUrl":"https:\/\/static.ferrovial.com\/wp-content\/uploads\/2020\/01\/13124948\/logo-ferrovial-cf7.png","width":144,"height":32,"caption":"Ferrovial S.A."},"image":{"@id":"https:\/\/www.ferrovial.com\/es\/#\/schema\/logo\/image\/"},"sameAs":["https:\/\/www.facebook.com\/ferrovial","https:\/\/x.com\/ferrovial","https:\/\/www.instagram.com\/ferrovial\/","https:\/\/www.linkedin.com\/company\/ferrovial","https:\/\/www.pinterest.es\/ferrovial\/","https:\/\/www.youtube.com\/ferrovial","https:\/\/en.wikipedia.org\/wiki\/Ferrovial"]}]}},"_links":{"self":[{"href":"https:\/\/www.ferrovial.com\/es\/wp-json\/wp\/v2\/pages\/206535","targetHints":{"allow":["GET"]}}],"collection":[{"href":"https:\/\/www.ferrovial.com\/es\/wp-json\/wp\/v2\/pages"}],"about":[{"href":"https:\/\/www.ferrovial.com\/es\/wp-json\/wp\/v2\/types\/page"}],"replies":[{"embeddable":true,"href":"https:\/\/www.ferrovial.com\/es\/wp-json\/wp\/v2\/comments?post=206535"}],"version-history":[{"count":2,"href":"https:\/\/www.ferrovial.com\/es\/wp-json\/wp\/v2\/pages\/206535\/revisions"}],"predecessor-version":[{"id":209010,"href":"https:\/\/www.ferrovial.com\/es\/wp-json\/wp\/v2\/pages\/206535\/revisions\/209010"}],"up":[{"embeddable":true,"href":"https:\/\/www.ferrovial.com\/es\/wp-json\/wp\/v2\/pages\/25267"}],"wp:attachment":[{"href":"https:\/\/www.ferrovial.com\/es\/wp-json\/wp\/v2\/media?parent=206535"}],"curies":[{"name":"wp","href":"https:\/\/api.w.org\/{rel}","templated":true}]}}