{"id":206551,"date":"2021-11-23T10:18:29","date_gmt":"2021-11-23T09:18:29","guid":{"rendered":"https:\/\/www.ferrovial.com\/?page_id=206551"},"modified":"2022-09-22T19:29:40","modified_gmt":"2022-09-22T17:29:40","slug":"big-data","status":"publish","type":"page","link":"https:\/\/www.ferrovial.com\/es\/recursos\/big-data\/","title":{"rendered":"Big Data"},"content":{"rendered":"    <m-final-content-header >\n            <c-breadcrumb label-text=\"Breadcrumb\" slot=\"breadcrumbs\" type='2' align='left' wrap='wrapped wrapped' aria-label='Vienes de Recursos'>\n                        <ol>\n\n                                                            <li><a href=\"https:\/\/www.ferrovial.com\/es\/\" title=\"Ferrovial\">Ferrovial<\/a><\/li>\n                                                                        <li><a href=\"https:\/\/www.ferrovial.com\/es\/recursos\/\" title=\"Recursos\">Recursos<\/a><\/li>\n                                    \n                <\/ol>\n\n                <\/c-breadcrumb>\n    \n        <div slot=\"header\">\n            <h1>\n                Big Data            <\/h1>\n                    <\/div>\n    <\/m-final-content-header>\n\n    \n\n\n<p><script type=\"application\/ld+json\">\n{\n  \"@context\": \"https:\/\/schema.org\",\n  \"@type\": \"FAQPage\",\n  \"mainEntity\": [{\n    \"@type\": \"Question\",\n    \"name\": \"\u00bfQu\u00e9 es y para qu\u00e9 sirve el Big Data?\",\n    \"acceptedAnswer\": {\n      \"@type\": \"Answer\",\n      \"text\": \"El t\u00e9rmino Big Data hace referencia a un gran volumen de datos, ya sean estructurados o no estructurados, que se almacenan, procesan, estudian y analizan para transformarlos en acciones estrat\u00e9gicas desde el punto de vista de negocio.\"\n    }\n  },{\n    \"@type\": \"Question\",\n    \"name\": \"\u00bfCu\u00e1les son las caracter\u00edsticas principales del Big Data?\",\n    \"acceptedAnswer\": {\n      \"@type\": \"Answer\",\n      \"text\": \"'<ul>'\n   '<li>' Velocidad: hace referencia al ritmo en el que se generan los datos, as\u00ed como la rapidez en su almacenamiento y procesamiento, que sucede casi en tiempo real' <\/li>'\n   '<li>' Volumen: supone decenas de terabytes o, incluso, petabytes de datos que se generan y almacenan cada segundo y que deben ser procesados en grandes cantidades.'<\/li>'\n   '<li>' Variedad: indica los diversos tipos, formas y fuentes de datos que existen, ya sean estructurados \u2014que pueden organizarse a trav\u00e9s de una base de datos relacional\u2014 o no estructurados y semiestructurados \u2014que requieren un procesamiento adicional, a trav\u00e9s de herramientas cualificadas, para entender su significado\u2014.'<\/li>'\n  '<li>' Veracidad: hace referencia a cu\u00e1n fiables son los datos y la informaci\u00f3n recogida para determinar su calidad. El Big Data debe centrarse en obtener datos precisos para implementar acciones y soluciones que reduzcan el margen de imprevisibilidad. ' <\/li>'\n '<li>' Valor: en un universo tan amplio de informaci\u00f3n que debe ser procesada, hay que descubrir el valor y poner especial atenci\u00f3n a los datos que son realmente importantes para la toma de decisiones y futuras acciones estrat\u00e9gicas.' <\/li>'\n  '<\/ul>'\"\n    }\n  },{\n    \"@type\": \"Question\",\n    \"name\": \"\u00bfC\u00f3mo funciona el Big Data?\",\n    \"acceptedAnswer\": {\n      \"@type\": \"Answer\",\n      \"text\": \"El proceso de obtenci\u00f3n, an\u00e1lisis y entendimiento de datos responde a un proceso automatizado a trav\u00e9s de herramientas anal\u00edticas y de inteligencia artificial que registran, procesan y almacenan a tiempo real toda la informaci\u00f3n generada.\"\n    }\n  },{\n    \"@type\": \"Question\",\n    \"name\": \"\u00bfQu\u00e9 tiene que ver el Big Data con la sostenibilidad?\",\n    \"acceptedAnswer\": {\n      \"@type\": \"Answer\",\n      \"text\": \"El rastreo y procesamiento de datos tambi\u00e9n juega un papel fundamental en temas de sostenibilidad. Los llamados datos sostenibles son aquellos que, por colaboraci\u00f3n entre la empresa p\u00fablica y privada, re\u00fanen, cruzan y relacionan informaci\u00f3n proveniente de hechos f\u00edsicos \u2014como incendios, lluvias o terremotos\u2014 con datos de componentes sociales \u2014como la intensidad lum\u00ednica del hogar, llamadas telef\u00f3nicas, acciones en redes sociales, etc.\u2014\"\n    }\n  }]\n}\n<\/script><\/p>\n\n\n\n<m-wysiwig class=\"wp-block-components-wysiwyg\"><div slot=\"maincontent\">\n<h2 class=\"wp-block-heading\">\u00bfQu\u00e9 es y para qu\u00e9 sirve el Big Data?<\/h2>\n\n\n\n<p>El t\u00e9rmino Big Data hace referencia a un <strong>gran volumen de datos,<\/strong> ya sean estructurados o no estructurados, que se almacenan, procesan, estudian y analizan para transformarlos en acciones estrat\u00e9gicas desde el punto de vista de negocio.<\/p>\n\n\n\n<p>Dada su complejidad, variabilidad y velocidad de crecimiento, el almacenamiento y procesamiento de datos se lleva a cabo gracias a <strong>tecnolog\u00edas y aplicaciones de <\/strong><strong><em>software<\/em><\/strong><strong> capaces de ejecutarlo a gran velocidad<\/strong>; ser\u00eda imposible hacerlo por medio de herramientas convencionales, como las bases de datos o estad\u00edsticas.<\/p>\n\n\n\n<p>Los vol\u00famenes de datos se generan desde distintas fuentes de tecnolog\u00eda moderna, que van desde escribir un comentario en las redes sociales, hacer clic en un enlace web o rellenar un formulario de registro; hasta la identificaci\u00f3n de radiofrecuencia o la activaci\u00f3n del GPS de los veh\u00edculos y m\u00f3viles. El acceso a todos estos datos generados es informaci\u00f3n de valor para que las empresas identifiquen patrones y as\u00ed <strong>desarrollen propuestas, productos y soluciones basados en ellos.<\/strong><\/p>\n\n\n\n<h2 class=\"wp-block-heading\">\u00bfCu\u00e1les son las caracter\u00edsticas principales del Big Data?<\/h2>\n\n\n\n<p>Para entender mejor el t\u00e9rmino, suele hacerse un an\u00e1lisis de las \u00ab5 V del Big Data\u00bb:<\/p>\n\n\n\n<ol class=\"wp-block-list\"><li><strong>Velocidad: <\/strong>hace referencia al ritmo en el que se generan los datos, as\u00ed como la rapidez en su almacenamiento y procesamiento, que sucede casi en tiempo real.<\/li><li><strong>Volumen:<\/strong> supone decenas de<em> terabytes<\/em> o, incluso,<em> petabytes <\/em>de datos que se generan y almacenan cada segundo y que deben ser procesados en grandes cantidades.<\/li><li><strong>Variedad: <\/strong>indica los diversos tipos, formas y fuentes de datos que existen, ya sean estructurados \u2014que pueden organizarse a trav\u00e9s de una base de datos relacional\u2014 o no estructurados y semiestructurados \u2014que requieren un procesamiento adicional, a trav\u00e9s de herramientas cualificadas, para entender su significado\u2014.<\/li><li><strong>Veracidad: <\/strong>hace referencia a cu\u00e1n fiables son los datos y la informaci\u00f3n recogida para determinar su calidad. El Big Data debe centrarse en obtener datos precisos para implementar acciones y soluciones que reduzcan el margen de imprevisibilidad.&nbsp;<\/li><li><strong>Valor: <\/strong>en un universo tan amplio de informaci\u00f3n que debe ser procesada, hay que descubrir el valor y poner especial atenci\u00f3n a los datos que son realmente importantes para la toma de decisiones y futuras acciones estrat\u00e9gicas.<\/li><\/ol>\n\n\n\n<h2 class=\"wp-block-heading\">\u00bfC\u00f3mo funciona el Big Data?<\/h2>\n\n\n\n<p>El proceso de obtenci\u00f3n, an\u00e1lisis y entendimiento de datos responde a un <strong>proceso automatizado a trav\u00e9s de herramientas anal\u00edticas y de inteligencia artificial que registran, procesan y almacenan<\/strong> a tiempo real toda la informaci\u00f3n generada.&nbsp;<\/p>\n\n\n\n<p>Para su gesti\u00f3n es necesaria <strong>una infraestructura estable y segura<\/strong> que soporte los grandes vol\u00famenes de datos de manera r\u00e1pida y eficaz. Esto exige el uso de <strong>miles de servidores <\/strong>y se sustenta en tres acciones principales:<\/p>\n\n\n\n<ul class=\"wp-block-list\"><li><strong>Integraci\u00f3n<\/strong> de estrategias y tecnolog\u00edas en un sistema eficiente para recibir, procesar y formatear los datos para su posterior gesti\u00f3n.<\/li><li><strong>Gesti\u00f3n<\/strong> de almacenamiento de datos, ya sea en la nube o en la infraestructura inform\u00e1tica de una empresa y, preferiblemente, en tiempo real para tener acceso a ellos en cualquier momento.<\/li><li><strong>An\u00e1lisis<\/strong> tras recibir y almacenar los datos y tomar decisiones en funci\u00f3n a ellos para obtener una ventaja competitiva.&nbsp;&nbsp;<\/li><\/ul>\n\n\n\n<h2 class=\"wp-block-heading\">\u00bfQu\u00e9 tiene que ver el Big Data con la sostenibilidad?<\/h2>\n\n\n\n<p>El rastreo y procesamiento de datos tambi\u00e9n juega un papel fundamental en temas de <a href=\"https:\/\/www.ferrovial.com\/es-es\/innovacion\/tecnologias\/big-data\/\" target=\"_blank\" rel=\"noreferrer noopener\">sostenibilidad<\/a>. Los llamados <strong><em>datos sostenibles<\/em><\/strong> son aquellos que, por colaboraci\u00f3n entre la empresa p\u00fablica y privada, <strong>re\u00fanen, cruzan y relacionan informaci\u00f3n proveniente de hechos f\u00edsicos<\/strong> \u2014como incendios, lluvias o terremotos\u2014 <strong>con datos de componentes sociales<\/strong> \u2014como la intensidad lum\u00ednica del hogar, llamadas telef\u00f3nicas, acciones en redes sociales, etc.\u2014<\/p>\n\n\n\n<p>La extracci\u00f3n de estos datos ocurre a trav\u00e9s de fotos satelitales y bases de datos p\u00fablicas, que tienen como <strong>objetivo conocer el comportamiento humano ante situaciones naturales y humanitarias con intenci\u00f3n de implementar mejoras pol\u00edticas en las ciudades.<\/strong><\/p>\n\n\n\n<h2 class=\"wp-block-heading\">Ejemplos de Big Data<\/h2>\n\n\n\n<p>El impacto del Big Data ha permitido su implantaci\u00f3n en distintos campos y para m\u00faltiples tipos de negocios y empresas: <em>marketing <\/em>y ventas, salud, deporte, pol\u00edtica, telecomunicaciones y m\u00e1s, con el objetivo de desarrollar acciones a partir del an\u00e1lisis de esa informaci\u00f3n. Algunos ejemplos:<\/p>\n\n\n\n<ul class=\"wp-block-list\"><li><strong>India Night Lights: <\/strong>recolecci\u00f3n de datos para conocer el consumo energ\u00e9tico en la India, y as\u00ed medir la evoluci\u00f3n del acceso a la electricidad en zonas rurales del pa\u00eds.<\/li><li><strong>Slam Tracker:<\/strong> con esta herramienta de an\u00e1lisis predictivo es posible obtener informaci\u00f3n de los datos generados por sensores en el equipamiento deportivo de atletas, para identificar patrones y mejorar su rendimiento, monitorizando la preparaci\u00f3n f\u00edsica, nutrici\u00f3n y sue\u00f1o.<\/li><li><strong>Life Under Your Feet:<\/strong> estudio del cambio clim\u00e1tico a partir de una herramienta que recopila datos de los sat\u00e9lites sobre la variaci\u00f3n de la humedad y temperatura a nivel global. Este proyecto busca mejorar la toma de decisiones en cuanto a la construcci\u00f3n de infraestructura para sistemas de agricultura.&nbsp;<\/li><\/ul>\n<\/div><\/m-wysiwig>\n\n\n\n<m-wysiwig class=\"wp-block-components-wysiwyg\"><div slot=\"maincontent\"><\/div><\/m-wysiwig>\n\n\n    <m-projects-distributor2 :translations='{\n        &quot;prev&quot;:&quot;Anterior&quot;,\n        &quot;next&quot;:&quot;Siguiente&quot;,\n        &quot;paginationseparator&quot;:&quot;de&quot;\n    }'>\n                        <h2 slot=\"title\">\n                Nuestros proyectos destacados                <\/h2>\n                        <a slot='button' title='Conoce nuestros proyectos ' href='https:\/\/www.ferrovial.com\/es\/cintra\/proyectos\/'>\n            Conoce nuestros proyectos         <\/a>\n\n            <\/m-projects-distributor2>\n\n    ","protected":false},"excerpt":{"rendered":"","protected":false},"featured_media":0,"parent":25267,"menu_order":0,"comment_status":"closed","ping_status":"closed","template":"","meta":{"_acf_changed":false,"footnotes":""},"class_list":["post-206551","page","type-page","status-publish","hentry"],"acf":[],"yoast_head":"<!-- This site is optimized with the Yoast SEO plugin v27.2 - https:\/\/yoast.com\/product\/yoast-seo-wordpress\/ -->\n<title>Big Data: qu\u00e9 es, para qu\u00e9 sirve, principales caracter\u00edsticas - Ferrovial<\/title>\n<meta name=\"description\" content=\"Big Data se refiere a un gran volumen de datos, que se almacenan, procesan, estudian y analizan para transformarlos en acciones estrat\u00e9gicas desde el punto de vista de negocio.\" \/>\n<meta name=\"robots\" content=\"index, follow, max-snippet:-1, max-image-preview:large, max-video-preview:-1\" \/>\n<link rel=\"canonical\" href=\"https:\/\/www.ferrovial.com\/es\/recursos\/big-data\/\" \/>\n<meta property=\"og:locale\" content=\"es_ES\" \/>\n<meta property=\"og:type\" content=\"article\" \/>\n<meta property=\"og:title\" content=\"Big Data: qu\u00e9 es, para qu\u00e9 sirve, principales caracter\u00edsticas - Ferrovial\" \/>\n<meta property=\"og:description\" content=\"Big Data se refiere a un gran volumen de datos, que se almacenan, procesan, estudian y analizan para transformarlos en acciones estrat\u00e9gicas desde el punto de vista de negocio.\" \/>\n<meta property=\"og:url\" content=\"https:\/\/www.ferrovial.com\/es\/recursos\/big-data\/\" \/>\n<meta property=\"og:site_name\" content=\"Ferrovial\" \/>\n<meta property=\"article:publisher\" content=\"https:\/\/www.facebook.com\/ferrovial\" \/>\n<meta property=\"article:modified_time\" content=\"2022-09-22T17:29:40+00:00\" \/>\n<meta name=\"twitter:card\" content=\"summary_large_image\" \/>\n<meta name=\"twitter:site\" content=\"@ferrovial\" \/>\n<meta name=\"twitter:label1\" content=\"Est. reading time\" \/>\n\t<meta name=\"twitter:data1\" content=\"6 minutos\" \/>\n<!-- \/ Yoast SEO plugin. -->","yoast_head_json":{"title":"Big Data: qu\u00e9 es, para qu\u00e9 sirve, principales caracter\u00edsticas - Ferrovial","description":"Big Data se refiere a un gran volumen de datos, que se almacenan, procesan, estudian y analizan para transformarlos en acciones estrat\u00e9gicas desde el punto de vista de negocio.","robots":{"index":"index","follow":"follow","max-snippet":"max-snippet:-1","max-image-preview":"max-image-preview:large","max-video-preview":"max-video-preview:-1"},"canonical":"https:\/\/www.ferrovial.com\/es\/recursos\/big-data\/","og_locale":"es_ES","og_type":"article","og_title":"Big Data: qu\u00e9 es, para qu\u00e9 sirve, principales caracter\u00edsticas - Ferrovial","og_description":"Big Data se refiere a un gran volumen de datos, que se almacenan, procesan, estudian y analizan para transformarlos en acciones estrat\u00e9gicas desde el punto de vista de negocio.","og_url":"https:\/\/www.ferrovial.com\/es\/recursos\/big-data\/","og_site_name":"Ferrovial","article_publisher":"https:\/\/www.facebook.com\/ferrovial","article_modified_time":"2022-09-22T17:29:40+00:00","twitter_card":"summary_large_image","twitter_site":"@ferrovial","twitter_misc":{"Est. reading time":"6 minutos"},"schema":{"@context":"https:\/\/schema.org","@graph":[{"@type":"WebPage","@id":"https:\/\/www.ferrovial.com\/es\/recursos\/big-data\/","url":"https:\/\/www.ferrovial.com\/es\/recursos\/big-data\/","name":"Big Data: qu\u00e9 es, para qu\u00e9 sirve, principales caracter\u00edsticas - Ferrovial","isPartOf":{"@id":"https:\/\/www.ferrovial.com\/es\/#website"},"datePublished":"2021-11-23T09:18:29+00:00","dateModified":"2022-09-22T17:29:40+00:00","description":"Big Data se refiere a un gran volumen de datos, que se almacenan, procesan, estudian y analizan para transformarlos en acciones estrat\u00e9gicas desde el punto de vista de negocio.","breadcrumb":{"@id":"https:\/\/www.ferrovial.com\/es\/recursos\/big-data\/#breadcrumb"},"inLanguage":"es","potentialAction":[{"@type":"ReadAction","target":["https:\/\/www.ferrovial.com\/es\/recursos\/big-data\/"]}]},{"@type":"BreadcrumbList","@id":"https:\/\/www.ferrovial.com\/es\/recursos\/big-data\/#breadcrumb","itemListElement":[{"@type":"ListItem","position":1,"name":"Portada","item":"https:\/\/www.ferrovial.com\/es\/"},{"@type":"ListItem","position":2,"name":"Recursos","item":"https:\/\/www.ferrovial.com\/es\/recursos\/"},{"@type":"ListItem","position":3,"name":"Big Data"}]},{"@type":"WebSite","@id":"https:\/\/www.ferrovial.com\/es\/#website","url":"https:\/\/www.ferrovial.com\/es\/","name":"Ferrovial","description":"Welcome to the Ferrovial&#039;s website, global operator of sustainable infrastructure. Here you can find all the information about the company and subsidiaries.","publisher":{"@id":"https:\/\/www.ferrovial.com\/es\/#organization"},"potentialAction":[{"@type":"SearchAction","target":{"@type":"EntryPoint","urlTemplate":"https:\/\/www.ferrovial.com\/es\/?s={search_term_string}"},"query-input":{"@type":"PropertyValueSpecification","valueRequired":true,"valueName":"search_term_string"}}],"inLanguage":"es"},{"@type":"Organization","@id":"https:\/\/www.ferrovial.com\/es\/#organization","name":"Ferrovial S.A.","url":"https:\/\/www.ferrovial.com\/es\/","logo":{"@type":"ImageObject","inLanguage":"es","@id":"https:\/\/www.ferrovial.com\/es\/#\/schema\/logo\/image\/","url":"https:\/\/static.ferrovial.com\/wp-content\/uploads\/2020\/01\/13124948\/logo-ferrovial-cf7.png","contentUrl":"https:\/\/static.ferrovial.com\/wp-content\/uploads\/2020\/01\/13124948\/logo-ferrovial-cf7.png","width":144,"height":32,"caption":"Ferrovial S.A."},"image":{"@id":"https:\/\/www.ferrovial.com\/es\/#\/schema\/logo\/image\/"},"sameAs":["https:\/\/www.facebook.com\/ferrovial","https:\/\/x.com\/ferrovial","https:\/\/www.instagram.com\/ferrovial\/","https:\/\/www.linkedin.com\/company\/ferrovial","https:\/\/www.pinterest.es\/ferrovial\/","https:\/\/www.youtube.com\/ferrovial","https:\/\/en.wikipedia.org\/wiki\/Ferrovial"]}]}},"_links":{"self":[{"href":"https:\/\/www.ferrovial.com\/es\/wp-json\/wp\/v2\/pages\/206551","targetHints":{"allow":["GET"]}}],"collection":[{"href":"https:\/\/www.ferrovial.com\/es\/wp-json\/wp\/v2\/pages"}],"about":[{"href":"https:\/\/www.ferrovial.com\/es\/wp-json\/wp\/v2\/types\/page"}],"replies":[{"embeddable":true,"href":"https:\/\/www.ferrovial.com\/es\/wp-json\/wp\/v2\/comments?post=206551"}],"version-history":[{"count":2,"href":"https:\/\/www.ferrovial.com\/es\/wp-json\/wp\/v2\/pages\/206551\/revisions"}],"predecessor-version":[{"id":209014,"href":"https:\/\/www.ferrovial.com\/es\/wp-json\/wp\/v2\/pages\/206551\/revisions\/209014"}],"up":[{"embeddable":true,"href":"https:\/\/www.ferrovial.com\/es\/wp-json\/wp\/v2\/pages\/25267"}],"wp:attachment":[{"href":"https:\/\/www.ferrovial.com\/es\/wp-json\/wp\/v2\/media?parent=206551"}],"curies":[{"name":"wp","href":"https:\/\/api.w.org\/{rel}","templated":true}]}}